{"id":4104,"date":"2020-02-24T10:34:03","date_gmt":"2020-02-24T09:34:03","guid":{"rendered":"https:\/\/ahorn-camp.de\/?post_type=product&#038;p=4104"},"modified":"2024-12-04T10:23:14","modified_gmt":"2024-12-04T09:23:14","slug":"ac-taschenmesser-schluesselanhaenger","status":"publish","type":"product","link":"https:\/\/ahorn-camp.de\/it\/product\/ac-taschenmesser-schluesselanhaenger\/","title":{"rendered":"Portachiavi coltellino svizzero AC"},"content":{"rendered":"","protected":false},"excerpt":{"rendered":"<p>Portachiavi coltellino svizzero AC<br \/>\nArtikelnummer: AC-SA<\/p>","protected":false},"featured_media":7291,"template":"","meta":{"content-type":""},"product_brand":[],"product_cat":[115,112],"product_tag":[],"class_list":{"0":"post-4104","1":"product","2":"type-product","3":"status-publish","4":"has-post-thumbnail","6":"product_cat-merchandise","7":"product_cat-uncategorized","8":"product_shipping_class-paket","10":"first","11":"instock","12":"taxable","13":"shipping-taxable","14":"purchasable","15":"product-type-simple"},"yoast_head":"<!-- This site is optimized with the Yoast SEO plugin v27.5 - https:\/\/yoast.com\/product\/yoast-seo-wordpress\/ -->\n<title>AC Taschenmesser Schl\u00fcsselanh\u00e4nger - Ahorn Camp | Reisemobile und Kastenwagen<\/title>\n<meta name=\"description\" content=\"Entdecken Sie das praktische Ahorn Camp Taschenmesser als Schl\u00fcsselanh\u00e4nger! Kompakt und vielseitig, ideal f\u00fcr den Camper!\" \/>\n<meta name=\"robots\" content=\"index, follow, max-snippet:-1, max-image-preview:large, max-video-preview:-1\" \/>\n<link rel=\"canonical\" href=\"https:\/\/ahorn-camp.de\/it\/product\/ac-taschenmesser-schluesselanhaenger\/\" \/>\n<meta property=\"og:locale\" content=\"it_IT\" \/>\n<meta property=\"og:type\" content=\"article\" \/>\n<meta property=\"og:title\" content=\"AC Taschenmesser Schl\u00fcsselanh\u00e4nger - Ahorn Camp | Reisemobile und Kastenwagen\" \/>\n<meta property=\"og:description\" content=\"Entdecken Sie das praktische Ahorn Camp Taschenmesser als Schl\u00fcsselanh\u00e4nger! Kompakt und vielseitig, ideal f\u00fcr den Camper!\" \/>\n<meta property=\"og:url\" content=\"https:\/\/ahorn-camp.de\/it\/product\/ac-taschenmesser-schluesselanhaenger\/\" \/>\n<meta property=\"og:site_name\" content=\"Ahorn Camp | Reisemobile und Kastenwagen\" \/>\n<meta property=\"article:publisher\" content=\"https:\/\/www.facebook.com\/ahorn.wohnmobile\/\" \/>\n<meta property=\"article:modified_time\" content=\"2024-12-04T09:23:14+00:00\" \/>\n<meta property=\"og:image\" content=\"https:\/\/ahorn-camp.de\/wp-content\/uploads\/2020\/02\/Taschenmesser-Ahorn-Rent-Merchandise.jpg\" \/>\n\t<meta property=\"og:image:width\" content=\"2268\" \/>\n\t<meta property=\"og:image:height\" content=\"1980\" \/>\n\t<meta property=\"og:image:type\" content=\"image\/jpeg\" \/>\n<meta name=\"twitter:card\" content=\"summary_large_image\" \/>\n<meta name=\"twitter:label1\" content=\"Tempo di lettura stimato\" \/>\n\t<meta name=\"twitter:data1\" content=\"1 minuto\" \/>\n<script type=\"application\/ld+json\" class=\"yoast-schema-graph\">{\"@context\":\"https:\\\/\\\/schema.org\",\"@graph\":[{\"@type\":\"WebPage\",\"@id\":\"https:\\\/\\\/ahorn-camp.de\\\/product\\\/ac-taschenmesser-schluesselanhaenger\\\/\",\"url\":\"https:\\\/\\\/ahorn-camp.de\\\/product\\\/ac-taschenmesser-schluesselanhaenger\\\/\",\"name\":\"AC Taschenmesser Schl\u00fcsselanh\u00e4nger - Ahorn Camp | Reisemobile und Kastenwagen\",\"isPartOf\":{\"@id\":\"https:\\\/\\\/ahorn-camp.de\\\/#website\"},\"primaryImageOfPage\":{\"@id\":\"https:\\\/\\\/ahorn-camp.de\\\/product\\\/ac-taschenmesser-schluesselanhaenger\\\/#primaryimage\"},\"image\":{\"@id\":\"https:\\\/\\\/ahorn-camp.de\\\/product\\\/ac-taschenmesser-schluesselanhaenger\\\/#primaryimage\"},\"thumbnailUrl\":\"https:\\\/\\\/ahorn-camp.de\\\/wp-content\\\/uploads\\\/2020\\\/02\\\/Taschenmesser-Ahorn-Rent-Merchandise.jpg\",\"datePublished\":\"2020-02-24T09:34:03+00:00\",\"dateModified\":\"2024-12-04T09:23:14+00:00\",\"description\":\"Entdecken Sie das praktische Ahorn Camp Taschenmesser als Schl\u00fcsselanh\u00e4nger! Kompakt und vielseitig, ideal f\u00fcr den Camper!\",\"breadcrumb\":{\"@id\":\"https:\\\/\\\/ahorn-camp.de\\\/product\\\/ac-taschenmesser-schluesselanhaenger\\\/#breadcrumb\"},\"inLanguage\":\"it-IT\",\"potentialAction\":[{\"@type\":\"ReadAction\",\"target\":[\"https:\\\/\\\/ahorn-camp.de\\\/product\\\/ac-taschenmesser-schluesselanhaenger\\\/\"]}]},{\"@type\":\"ImageObject\",\"inLanguage\":\"it-IT\",\"@id\":\"https:\\\/\\\/ahorn-camp.de\\\/product\\\/ac-taschenmesser-schluesselanhaenger\\\/#primaryimage\",\"url\":\"https:\\\/\\\/ahorn-camp.de\\\/wp-content\\\/uploads\\\/2020\\\/02\\\/Taschenmesser-Ahorn-Rent-Merchandise.jpg\",\"contentUrl\":\"https:\\\/\\\/ahorn-camp.de\\\/wp-content\\\/uploads\\\/2020\\\/02\\\/Taschenmesser-Ahorn-Rent-Merchandise.jpg\",\"width\":2268,\"height\":1980,\"caption\":\"Taschenmesser\"},{\"@type\":\"BreadcrumbList\",\"@id\":\"https:\\\/\\\/ahorn-camp.de\\\/product\\\/ac-taschenmesser-schluesselanhaenger\\\/#breadcrumb\",\"itemListElement\":[{\"@type\":\"ListItem\",\"position\":1,\"name\":\"Startseite\",\"item\":\"https:\\\/\\\/ahorn-camp.de\\\/\"},{\"@type\":\"ListItem\",\"position\":2,\"name\":\"Merchandise-Shop\",\"item\":\"https:\\\/\\\/ahorn-camp.de\\\/merchandise-shop\\\/\"},{\"@type\":\"ListItem\",\"position\":3,\"name\":\"AC Taschenmesser Schl\u00fcsselanh\u00e4nger\"}]},{\"@type\":\"WebSite\",\"@id\":\"https:\\\/\\\/ahorn-camp.de\\\/#website\",\"url\":\"https:\\\/\\\/ahorn-camp.de\\\/\",\"name\":\"Ahorn Camp | Reisemobile und Kastenwagen\",\"description\":\"Seit \u00fcber 30 Jahren vermarktet das Familienunternehmen, Ahorn Camp in Speyer, erfolgreich Wohnmobile und Kastenwagen zum besten Preis-Leistungsverh\u00e4ltnis.\",\"publisher\":{\"@id\":\"https:\\\/\\\/ahorn-camp.de\\\/#organization\"},\"potentialAction\":[{\"@type\":\"SearchAction\",\"target\":{\"@type\":\"EntryPoint\",\"urlTemplate\":\"https:\\\/\\\/ahorn-camp.de\\\/?s={search_term_string}\"},\"query-input\":{\"@type\":\"PropertyValueSpecification\",\"valueRequired\":true,\"valueName\":\"search_term_string\"}}],\"inLanguage\":\"it-IT\"},{\"@type\":\"Organization\",\"@id\":\"https:\\\/\\\/ahorn-camp.de\\\/#organization\",\"name\":\"Ahorn Camp GmbH & Co. KG\",\"url\":\"https:\\\/\\\/ahorn-camp.de\\\/\",\"logo\":{\"@type\":\"ImageObject\",\"inLanguage\":\"it-IT\",\"@id\":\"https:\\\/\\\/ahorn-camp.de\\\/#\\\/schema\\\/logo\\\/image\\\/\",\"url\":\"https:\\\/\\\/ahorn-camp.de\\\/wp-content\\\/uploads\\\/2018\\\/12\\\/Ahorn_Logo.jpg\",\"contentUrl\":\"https:\\\/\\\/ahorn-camp.de\\\/wp-content\\\/uploads\\\/2018\\\/12\\\/Ahorn_Logo.jpg\",\"width\":1437,\"height\":1000,\"caption\":\"Ahorn Camp GmbH & Co. KG\"},\"image\":{\"@id\":\"https:\\\/\\\/ahorn-camp.de\\\/#\\\/schema\\\/logo\\\/image\\\/\"},\"sameAs\":[\"https:\\\/\\\/www.facebook.com\\\/ahorn.wohnmobile\\\/\",\"https:\\\/\\\/www.instagram.com\\\/ahorn.camp\\\/\",\"https:\\\/\\\/www.youtube.com\\\/channel\\\/UCPFbPCts1JJ_A1k9vyH0yOQ\"]}]}<\/script>\n<!-- \/ Yoast SEO plugin. -->","yoast_head_json":{"title":"AC Taschenmesser Schl\u00fcsselanh\u00e4nger - Ahorn Camp | Reisemobile und Kastenwagen","description":"Entdecken Sie das praktische Ahorn Camp Taschenmesser als Schl\u00fcsselanh\u00e4nger! Kompakt und vielseitig, ideal f\u00fcr den Camper!","robots":{"index":"index","follow":"follow","max-snippet":"max-snippet:-1","max-image-preview":"max-image-preview:large","max-video-preview":"max-video-preview:-1"},"canonical":"https:\/\/ahorn-camp.de\/it\/product\/ac-taschenmesser-schluesselanhaenger\/","og_locale":"it_IT","og_type":"article","og_title":"AC Taschenmesser Schl\u00fcsselanh\u00e4nger - Ahorn Camp | Reisemobile und Kastenwagen","og_description":"Entdecken Sie das praktische Ahorn Camp Taschenmesser als Schl\u00fcsselanh\u00e4nger! Kompakt und vielseitig, ideal f\u00fcr den Camper!","og_url":"https:\/\/ahorn-camp.de\/it\/product\/ac-taschenmesser-schluesselanhaenger\/","og_site_name":"Ahorn Camp | Reisemobile und Kastenwagen","article_publisher":"https:\/\/www.facebook.com\/ahorn.wohnmobile\/","article_modified_time":"2024-12-04T09:23:14+00:00","og_image":[{"width":2268,"height":1980,"url":"https:\/\/ahorn-camp.de\/wp-content\/uploads\/2020\/02\/Taschenmesser-Ahorn-Rent-Merchandise.jpg","type":"image\/jpeg"}],"twitter_card":"summary_large_image","twitter_misc":{"Tempo di lettura stimato":"1 minuto"},"schema":{"@context":"https:\/\/schema.org","@graph":[{"@type":"WebPage","@id":"https:\/\/ahorn-camp.de\/product\/ac-taschenmesser-schluesselanhaenger\/","url":"https:\/\/ahorn-camp.de\/product\/ac-taschenmesser-schluesselanhaenger\/","name":"AC Taschenmesser Schl\u00fcsselanh\u00e4nger - Ahorn Camp | Reisemobile und Kastenwagen","isPartOf":{"@id":"https:\/\/ahorn-camp.de\/#website"},"primaryImageOfPage":{"@id":"https:\/\/ahorn-camp.de\/product\/ac-taschenmesser-schluesselanhaenger\/#primaryimage"},"image":{"@id":"https:\/\/ahorn-camp.de\/product\/ac-taschenmesser-schluesselanhaenger\/#primaryimage"},"thumbnailUrl":"https:\/\/ahorn-camp.de\/wp-content\/uploads\/2020\/02\/Taschenmesser-Ahorn-Rent-Merchandise.jpg","datePublished":"2020-02-24T09:34:03+00:00","dateModified":"2024-12-04T09:23:14+00:00","description":"Entdecken Sie das praktische Ahorn Camp Taschenmesser als Schl\u00fcsselanh\u00e4nger! Kompakt und vielseitig, ideal f\u00fcr den Camper!","breadcrumb":{"@id":"https:\/\/ahorn-camp.de\/product\/ac-taschenmesser-schluesselanhaenger\/#breadcrumb"},"inLanguage":"it-IT","potentialAction":[{"@type":"ReadAction","target":["https:\/\/ahorn-camp.de\/product\/ac-taschenmesser-schluesselanhaenger\/"]}]},{"@type":"ImageObject","inLanguage":"it-IT","@id":"https:\/\/ahorn-camp.de\/product\/ac-taschenmesser-schluesselanhaenger\/#primaryimage","url":"https:\/\/ahorn-camp.de\/wp-content\/uploads\/2020\/02\/Taschenmesser-Ahorn-Rent-Merchandise.jpg","contentUrl":"https:\/\/ahorn-camp.de\/wp-content\/uploads\/2020\/02\/Taschenmesser-Ahorn-Rent-Merchandise.jpg","width":2268,"height":1980,"caption":"Taschenmesser"},{"@type":"BreadcrumbList","@id":"https:\/\/ahorn-camp.de\/product\/ac-taschenmesser-schluesselanhaenger\/#breadcrumb","itemListElement":[{"@type":"ListItem","position":1,"name":"Startseite","item":"https:\/\/ahorn-camp.de\/"},{"@type":"ListItem","position":2,"name":"Merchandise-Shop","item":"https:\/\/ahorn-camp.de\/merchandise-shop\/"},{"@type":"ListItem","position":3,"name":"AC Taschenmesser Schl\u00fcsselanh\u00e4nger"}]},{"@type":"WebSite","@id":"https:\/\/ahorn-camp.de\/#website","url":"https:\/\/ahorn-camp.de\/","name":"Ahorn Camp | Camper e furgonati","description":"Da oltre 30 anni l'azienda a conduzione familiare, Ahorn Camp a Speyer, commercializza con successo camper e furgoni al miglior rapporto qualit\u00e0-prezzo.","publisher":{"@id":"https:\/\/ahorn-camp.de\/#organization"},"potentialAction":[{"@type":"SearchAction","target":{"@type":"EntryPoint","urlTemplate":"https:\/\/ahorn-camp.de\/?s={search_term_string}"},"query-input":{"@type":"PropertyValueSpecification","valueRequired":true,"valueName":"search_term_string"}}],"inLanguage":"it-IT"},{"@type":"Organization","@id":"https:\/\/ahorn-camp.de\/#organization","name":"Ahorn Camp GmbH &amp; Co. KG","url":"https:\/\/ahorn-camp.de\/","logo":{"@type":"ImageObject","inLanguage":"it-IT","@id":"https:\/\/ahorn-camp.de\/#\/schema\/logo\/image\/","url":"https:\/\/ahorn-camp.de\/wp-content\/uploads\/2018\/12\/Ahorn_Logo.jpg","contentUrl":"https:\/\/ahorn-camp.de\/wp-content\/uploads\/2018\/12\/Ahorn_Logo.jpg","width":1437,"height":1000,"caption":"Ahorn Camp GmbH & Co. KG"},"image":{"@id":"https:\/\/ahorn-camp.de\/#\/schema\/logo\/image\/"},"sameAs":["https:\/\/www.facebook.com\/ahorn.wohnmobile\/","https:\/\/www.instagram.com\/ahorn.camp\/","https:\/\/www.youtube.com\/channel\/UCPFbPCts1JJ_A1k9vyH0yOQ"]}]}},"_links":{"self":[{"href":"https:\/\/ahorn-camp.de\/it\/wp-json\/wp\/v2\/product\/4104","targetHints":{"allow":["GET"]}}],"collection":[{"href":"https:\/\/ahorn-camp.de\/it\/wp-json\/wp\/v2\/product"}],"about":[{"href":"https:\/\/ahorn-camp.de\/it\/wp-json\/wp\/v2\/types\/product"}],"wp:featuredmedia":[{"embeddable":true,"href":"https:\/\/ahorn-camp.de\/it\/wp-json\/wp\/v2\/media\/7291"}],"wp:attachment":[{"href":"https:\/\/ahorn-camp.de\/it\/wp-json\/wp\/v2\/media?parent=4104"}],"wp:term":[{"taxonomy":"product_brand","embeddable":true,"href":"https:\/\/ahorn-camp.de\/it\/wp-json\/wp\/v2\/product_brand?post=4104"},{"taxonomy":"product_cat","embeddable":true,"href":"https:\/\/ahorn-camp.de\/it\/wp-json\/wp\/v2\/product_cat?post=4104"},{"taxonomy":"product_tag","embeddable":true,"href":"https:\/\/ahorn-camp.de\/it\/wp-json\/wp\/v2\/product_tag?post=4104"}],"curies":[{"name":"wp","href":"https:\/\/api.w.org\/{rel}","templated":true}]}}