{"id":30600,"date":"2025-04-24T16:27:37","date_gmt":"2025-04-24T14:27:37","guid":{"rendered":"https:\/\/ahorn-camp.de\/?post_type=product&#038;p=30600"},"modified":"2025-04-24T16:32:10","modified_gmt":"2025-04-24T14:32:10","slug":"spina-gaswarner","status":"publish","type":"product","link":"https:\/\/ahorn-camp.de\/it\/product\/gaswarner-plug\/","title":{"rendered":"G.A.S.- Plug12V mobiler Gaswarner"},"content":{"rendered":"<p class=\"\" data-start=\"289\" data-end=\"389\"><strong data-start=\"289\" data-end=\"389\">Sicherheit auf Knopfdruck \u2013 der mobile 12\u202fV Gaswarner sch\u00fctzt zuverl\u00e4ssig vor gef\u00e4hrlichen Gasen<\/strong><\/p>\n<p class=\"\" data-start=\"391\" data-end=\"705\">Ob im Wohnmobil, Caravan oder Boot \u2013 austretendes Gas kann lebensgef\u00e4hrlich sein. Mit dem <strong data-start=\"481\" data-end=\"507\">mobilen 12\u202fV Gaswarner<\/strong> f\u00fcr die Steckdose bist du auf der sicheren Seite. Das handliche Ger\u00e4t erkennt zuverl\u00e4ssig Propan, Butan und Methan in der Luft \u2013 und warnt dich fr\u00fchzeitig mit einem akustischen und optischen Alarm.<\/p>\n<p class=\"\" data-start=\"707\" data-end=\"919\"><strong data-start=\"710\" data-end=\"734\">Sofort einsatzbereit<\/strong><br data-start=\"734\" data-end=\"737\" \/>Einfach in eine 12\u202fV-Steckdose (z.\u202fB. Zigarettenanz\u00fcnder oder Bordstromsteckdose) stecken \u2013 fertig! Der Gaswarner ist sofort aktiv und sch\u00fctzt dich ab dem ersten Moment deiner Reise.<\/p>\n<p class=\"\" data-start=\"921\" data-end=\"1126\"><strong data-start=\"924\" data-end=\"958\">Ideal f\u00fcr Wohnmobile &amp; Vans<\/strong><br data-start=\"958\" data-end=\"961\" \/>Kompakt, leicht und mobil \u2013 perfekt f\u00fcr wechselnde Einsatzorte oder als Sicherheits-Backup. Auch f\u00fcr kleine Fahrzeuge mit beschr\u00e4nktem Platzangebot bestens geeignet.<\/p>\n<p class=\"\" data-start=\"1349\" data-end=\"1521\"><strong data-start=\"1353\" data-end=\"1380\">F\u00fcr viele Gase geeignet<\/strong><br data-start=\"1380\" data-end=\"1383\" \/>Erkennt Propan, Butan (LPG), Methan (Erdgas) sowie teils Bet\u00e4ubungsgase \u2013 ideal zum Schutz vor Gaslecks oder Einbruchversuchen mit KO-Gas.<\/p>\n<hr class=\"\" data-start=\"1523\" data-end=\"1526\" \/>\n<p class=\"\" data-start=\"1528\" data-end=\"1547\"><strong data-start=\"1528\" data-end=\"1547\">Dettagli del prodotto:<\/strong><\/p>\n<ul data-start=\"1549\" data-end=\"1842\">\n<li class=\"\" data-start=\"1549\" data-end=\"1588\">\n<p class=\"\" data-start=\"1551\" data-end=\"1588\">Mobiler Gaswarner f\u00fcr 12\u202fV-Bordnetz<\/p>\n<\/li>\n<li class=\"\" data-start=\"1589\" data-end=\"1647\">\n<p class=\"\" data-start=\"1591\" data-end=\"1647\">Erkennt LPG (Propan\/Butan), Erdgas &amp; teilweise KO-Gase<\/p>\n<\/li>\n<li class=\"\" data-start=\"1589\" data-end=\"1647\">\n<p class=\"\" data-start=\"1591\" data-end=\"1647\">Kompakte Ma\u00dfe &amp; geringes Gewicht<\/p>\n<\/li>\n<li class=\"\" data-start=\"1589\" data-end=\"1647\">\n<p class=\"\" data-start=\"1591\" data-end=\"1647\">Geringer Stromverbrauch<\/p>\n<\/li>\n<li data-start=\"1731\" data-end=\"1779\">Kein Einbau n\u00f6tig \u2013 Plug &amp; Play!<\/li>\n<\/ul>","protected":false},"excerpt":{"rendered":"<p class=\"\" data-start=\"289\" data-end=\"389\"><strong data-start=\"289\" data-end=\"389\">Sicherheit auf Knopfdruck \u2013 der mobile 12\u202fV Gaswarner sch\u00fctzt zuverl\u00e4ssig vor gef\u00e4hrlichen Gasen<\/strong><\/p>\n<p class=\"\" data-start=\"391\" data-end=\"705\">Ob im Wohnmobil, Caravan oder Boot \u2013 austretendes Gas kann lebensgef\u00e4hrlich sein. Mit dem <strong data-start=\"481\" data-end=\"507\">mobilen 12\u202fV Gaswarner<\/strong> f\u00fcr die Steckdose bist du auf der sicheren Seite. Das handliche Ger\u00e4t erkennt zuverl\u00e4ssig Propan, Butan und Methan in der Luft \u2013 und warnt dich fr\u00fchzeitig mit einem akustischen und optischen Alarm.<\/p>\n<p class=\"\" data-start=\"707\" data-end=\"919\"><strong data-start=\"710\" data-end=\"734\">Sofort einsatzbereit<\/strong><br data-start=\"734\" data-end=\"737\" \/>Einfach in eine 12\u202fV-Steckdose (z.\u202fB. Zigarettenanz\u00fcnder oder Bordstromsteckdose) stecken \u2013 fertig! Der Gaswarner ist sofort aktiv und sch\u00fctzt dich ab dem ersten Moment deiner Reise.<\/p>\n<p class=\"\" data-start=\"921\" data-end=\"1126\"><strong data-start=\"924\" data-end=\"958\">Ideal f\u00fcr Wohnmobile &amp; Vans<\/strong><br data-start=\"958\" data-end=\"961\" \/>Kompakt, leicht und mobil \u2013 perfekt f\u00fcr wechselnde Einsatzorte oder als Sicherheits-Backup. Auch f\u00fcr kleine Fahrzeuge mit beschr\u00e4nktem Platzangebot bestens geeignet.<\/p>\n<p class=\"\" data-start=\"1349\" data-end=\"1521\"><strong data-start=\"1353\" data-end=\"1380\">F\u00fcr viele Gase geeignet<\/strong><br data-start=\"1380\" data-end=\"1383\" \/>Erkennt Propan, Butan (LPG), Methan [&#8230;]<\/p>\n","protected":false},"featured_media":30601,"template":"","meta":{"content-type":""},"product_brand":[],"product_cat":[602,606,610,605,608,604,612],"product_tag":[],"class_list":{"0":"post-30600","1":"product","2":"type-product","3":"status-publish","4":"has-post-thumbnail","6":"product_cat-zubehoer","7":"product_cat-zuebhoer-van-city","8":"product_cat-zubehoer-van-city-teil","9":"product_cat-zubehoer-van","10":"product_cat-zubehoer-van-teil","11":"product_cat-zubehoer-womo","12":"product_cat-zubehoer-womo-teil","13":"product_shipping_class-paket","15":"first","16":"instock","17":"taxable","18":"shipping-taxable","19":"purchasable","20":"product-type-simple"},"yoast_head":"<!-- This site is optimized with the Yoast SEO plugin v27.4 - https:\/\/yoast.com\/product\/yoast-seo-wordpress\/ -->\n<title>G.A.S.- Plug12V mobiler Gaswarner - Ahorn Camp | Reisemobile und Kastenwagen<\/title>\n<meta name=\"description\" content=\"Mobiler 12\u202fV Gaswarner f\u00fcr die Steckdose \u2013 warnt vor Propan, Butan &amp; Methan. Ideal f\u00fcr Camper &amp; Boote. Jetzt online kaufen &amp; sicher reisen!\" \/>\n<meta name=\"robots\" content=\"index, follow, max-snippet:-1, max-image-preview:large, max-video-preview:-1\" \/>\n<link rel=\"canonical\" href=\"https:\/\/ahorn-camp.de\/it\/product\/spina-gaswarner\/\" \/>\n<meta property=\"og:locale\" content=\"it_IT\" \/>\n<meta property=\"og:type\" content=\"article\" \/>\n<meta property=\"og:title\" content=\"G.A.S.- Plug12V mobiler Gaswarner - Ahorn Camp | Reisemobile und Kastenwagen\" \/>\n<meta property=\"og:description\" content=\"Mobiler 12\u202fV Gaswarner f\u00fcr die Steckdose \u2013 warnt vor Propan, Butan &amp; Methan. Ideal f\u00fcr Camper &amp; Boote. Jetzt online kaufen &amp; sicher reisen!\" \/>\n<meta property=\"og:url\" content=\"https:\/\/ahorn-camp.de\/it\/product\/spina-gaswarner\/\" \/>\n<meta property=\"og:site_name\" content=\"Ahorn Camp | Reisemobile und Kastenwagen\" \/>\n<meta property=\"article:publisher\" content=\"https:\/\/www.facebook.com\/ahorn.wohnmobile\/\" \/>\n<meta property=\"article:modified_time\" content=\"2025-04-24T14:32:10+00:00\" \/>\n<meta property=\"og:image\" content=\"https:\/\/ahorn-camp.de\/wp-content\/uploads\/2025\/04\/GasWarnerPlug-scaled.jpg\" \/>\n\t<meta property=\"og:image:width\" content=\"2560\" \/>\n\t<meta property=\"og:image:height\" content=\"2560\" \/>\n\t<meta property=\"og:image:type\" content=\"image\/jpeg\" \/>\n<meta name=\"twitter:card\" content=\"summary_large_image\" \/>\n<meta name=\"twitter:label1\" content=\"Tempo di lettura stimato\" \/>\n\t<meta name=\"twitter:data1\" content=\"2 minuti\" \/>\n<script type=\"application\/ld+json\" class=\"yoast-schema-graph\">{\"@context\":\"https:\\\/\\\/schema.org\",\"@graph\":[{\"@type\":\"WebPage\",\"@id\":\"https:\\\/\\\/ahorn-camp.de\\\/product\\\/gaswarner-plug\\\/\",\"url\":\"https:\\\/\\\/ahorn-camp.de\\\/product\\\/gaswarner-plug\\\/\",\"name\":\"G.A.S.- Plug12V mobiler Gaswarner - Ahorn Camp | Reisemobile und Kastenwagen\",\"isPartOf\":{\"@id\":\"https:\\\/\\\/ahorn-camp.de\\\/#website\"},\"primaryImageOfPage\":{\"@id\":\"https:\\\/\\\/ahorn-camp.de\\\/product\\\/gaswarner-plug\\\/#primaryimage\"},\"image\":{\"@id\":\"https:\\\/\\\/ahorn-camp.de\\\/product\\\/gaswarner-plug\\\/#primaryimage\"},\"thumbnailUrl\":\"https:\\\/\\\/ahorn-camp.de\\\/wp-content\\\/uploads\\\/2025\\\/04\\\/GasWarnerPlug-scaled.jpg\",\"datePublished\":\"2025-04-24T14:27:37+00:00\",\"dateModified\":\"2025-04-24T14:32:10+00:00\",\"description\":\"Mobiler 12\u202fV Gaswarner f\u00fcr die Steckdose \u2013 warnt vor Propan, Butan & Methan. Ideal f\u00fcr Camper & Boote. Jetzt online kaufen & sicher reisen!\",\"breadcrumb\":{\"@id\":\"https:\\\/\\\/ahorn-camp.de\\\/product\\\/gaswarner-plug\\\/#breadcrumb\"},\"inLanguage\":\"it-IT\",\"potentialAction\":[{\"@type\":\"ReadAction\",\"target\":[\"https:\\\/\\\/ahorn-camp.de\\\/product\\\/gaswarner-plug\\\/\"]}]},{\"@type\":\"ImageObject\",\"inLanguage\":\"it-IT\",\"@id\":\"https:\\\/\\\/ahorn-camp.de\\\/product\\\/gaswarner-plug\\\/#primaryimage\",\"url\":\"https:\\\/\\\/ahorn-camp.de\\\/wp-content\\\/uploads\\\/2025\\\/04\\\/GasWarnerPlug-scaled.jpg\",\"contentUrl\":\"https:\\\/\\\/ahorn-camp.de\\\/wp-content\\\/uploads\\\/2025\\\/04\\\/GasWarnerPlug-scaled.jpg\",\"width\":2560,\"height\":2560,\"caption\":\"Gaswarner 12V Steckdose\"},{\"@type\":\"BreadcrumbList\",\"@id\":\"https:\\\/\\\/ahorn-camp.de\\\/product\\\/gaswarner-plug\\\/#breadcrumb\",\"itemListElement\":[{\"@type\":\"ListItem\",\"position\":1,\"name\":\"Startseite\",\"item\":\"https:\\\/\\\/ahorn-camp.de\\\/\"},{\"@type\":\"ListItem\",\"position\":2,\"name\":\"Merchandise-Shop\",\"item\":\"https:\\\/\\\/ahorn-camp.de\\\/merchandise-shop\\\/\"},{\"@type\":\"ListItem\",\"position\":3,\"name\":\"G.A.S.- Plug12V mobiler Gaswarner\"}]},{\"@type\":\"WebSite\",\"@id\":\"https:\\\/\\\/ahorn-camp.de\\\/#website\",\"url\":\"https:\\\/\\\/ahorn-camp.de\\\/\",\"name\":\"Ahorn Camp | Reisemobile und Kastenwagen\",\"description\":\"Seit \u00fcber 30 Jahren vermarktet das Familienunternehmen, Ahorn Camp in Speyer, erfolgreich Wohnmobile und Kastenwagen zum besten Preis-Leistungsverh\u00e4ltnis.\",\"publisher\":{\"@id\":\"https:\\\/\\\/ahorn-camp.de\\\/#organization\"},\"potentialAction\":[{\"@type\":\"SearchAction\",\"target\":{\"@type\":\"EntryPoint\",\"urlTemplate\":\"https:\\\/\\\/ahorn-camp.de\\\/?s={search_term_string}\"},\"query-input\":{\"@type\":\"PropertyValueSpecification\",\"valueRequired\":true,\"valueName\":\"search_term_string\"}}],\"inLanguage\":\"it-IT\"},{\"@type\":\"Organization\",\"@id\":\"https:\\\/\\\/ahorn-camp.de\\\/#organization\",\"name\":\"Ahorn Camp GmbH & Co. KG\",\"url\":\"https:\\\/\\\/ahorn-camp.de\\\/\",\"logo\":{\"@type\":\"ImageObject\",\"inLanguage\":\"it-IT\",\"@id\":\"https:\\\/\\\/ahorn-camp.de\\\/#\\\/schema\\\/logo\\\/image\\\/\",\"url\":\"https:\\\/\\\/ahorn-camp.de\\\/wp-content\\\/uploads\\\/2018\\\/12\\\/Ahorn_Logo.jpg\",\"contentUrl\":\"https:\\\/\\\/ahorn-camp.de\\\/wp-content\\\/uploads\\\/2018\\\/12\\\/Ahorn_Logo.jpg\",\"width\":1437,\"height\":1000,\"caption\":\"Ahorn Camp GmbH & Co. KG\"},\"image\":{\"@id\":\"https:\\\/\\\/ahorn-camp.de\\\/#\\\/schema\\\/logo\\\/image\\\/\"},\"sameAs\":[\"https:\\\/\\\/www.facebook.com\\\/ahorn.wohnmobile\\\/\",\"https:\\\/\\\/www.instagram.com\\\/ahorn.camp\\\/\",\"https:\\\/\\\/www.youtube.com\\\/channel\\\/UCPFbPCts1JJ_A1k9vyH0yOQ\"]}]}<\/script>\n<!-- \/ Yoast SEO plugin. -->","yoast_head_json":{"title":"G.A.S.- Plug12V mobiler Gaswarner - Ahorn Camp | Reisemobile und Kastenwagen","description":"Mobiler 12\u202fV Gaswarner f\u00fcr die Steckdose \u2013 warnt vor Propan, Butan & Methan. Ideal f\u00fcr Camper & Boote. Jetzt online kaufen & sicher reisen!","robots":{"index":"index","follow":"follow","max-snippet":"max-snippet:-1","max-image-preview":"max-image-preview:large","max-video-preview":"max-video-preview:-1"},"canonical":"https:\/\/ahorn-camp.de\/it\/product\/spina-gaswarner\/","og_locale":"it_IT","og_type":"article","og_title":"G.A.S.- Plug12V mobiler Gaswarner - Ahorn Camp | Reisemobile und Kastenwagen","og_description":"Mobiler 12\u202fV Gaswarner f\u00fcr die Steckdose \u2013 warnt vor Propan, Butan & Methan. Ideal f\u00fcr Camper & Boote. Jetzt online kaufen & sicher reisen!","og_url":"https:\/\/ahorn-camp.de\/it\/product\/spina-gaswarner\/","og_site_name":"Ahorn Camp | Reisemobile und Kastenwagen","article_publisher":"https:\/\/www.facebook.com\/ahorn.wohnmobile\/","article_modified_time":"2025-04-24T14:32:10+00:00","og_image":[{"width":2560,"height":2560,"url":"https:\/\/ahorn-camp.de\/wp-content\/uploads\/2025\/04\/GasWarnerPlug-scaled.jpg","type":"image\/jpeg"}],"twitter_card":"summary_large_image","twitter_misc":{"Tempo di lettura stimato":"2 minuti"},"schema":{"@context":"https:\/\/schema.org","@graph":[{"@type":"WebPage","@id":"https:\/\/ahorn-camp.de\/product\/gaswarner-plug\/","url":"https:\/\/ahorn-camp.de\/product\/gaswarner-plug\/","name":"G.A.S.- Plug12V mobiler Gaswarner - Ahorn Camp | Reisemobile und Kastenwagen","isPartOf":{"@id":"https:\/\/ahorn-camp.de\/#website"},"primaryImageOfPage":{"@id":"https:\/\/ahorn-camp.de\/product\/gaswarner-plug\/#primaryimage"},"image":{"@id":"https:\/\/ahorn-camp.de\/product\/gaswarner-plug\/#primaryimage"},"thumbnailUrl":"https:\/\/ahorn-camp.de\/wp-content\/uploads\/2025\/04\/GasWarnerPlug-scaled.jpg","datePublished":"2025-04-24T14:27:37+00:00","dateModified":"2025-04-24T14:32:10+00:00","description":"Mobiler 12\u202fV Gaswarner f\u00fcr die Steckdose \u2013 warnt vor Propan, Butan & Methan. Ideal f\u00fcr Camper & Boote. Jetzt online kaufen & sicher reisen!","breadcrumb":{"@id":"https:\/\/ahorn-camp.de\/product\/gaswarner-plug\/#breadcrumb"},"inLanguage":"it-IT","potentialAction":[{"@type":"ReadAction","target":["https:\/\/ahorn-camp.de\/product\/gaswarner-plug\/"]}]},{"@type":"ImageObject","inLanguage":"it-IT","@id":"https:\/\/ahorn-camp.de\/product\/gaswarner-plug\/#primaryimage","url":"https:\/\/ahorn-camp.de\/wp-content\/uploads\/2025\/04\/GasWarnerPlug-scaled.jpg","contentUrl":"https:\/\/ahorn-camp.de\/wp-content\/uploads\/2025\/04\/GasWarnerPlug-scaled.jpg","width":2560,"height":2560,"caption":"Gaswarner 12V Steckdose"},{"@type":"BreadcrumbList","@id":"https:\/\/ahorn-camp.de\/product\/gaswarner-plug\/#breadcrumb","itemListElement":[{"@type":"ListItem","position":1,"name":"Startseite","item":"https:\/\/ahorn-camp.de\/"},{"@type":"ListItem","position":2,"name":"Merchandise-Shop","item":"https:\/\/ahorn-camp.de\/merchandise-shop\/"},{"@type":"ListItem","position":3,"name":"G.A.S.- Plug12V mobiler Gaswarner"}]},{"@type":"WebSite","@id":"https:\/\/ahorn-camp.de\/#website","url":"https:\/\/ahorn-camp.de\/","name":"Ahorn Camp | Camper e furgonati","description":"Da oltre 30 anni l'azienda a conduzione familiare, Ahorn Camp a Speyer, commercializza con successo camper e furgoni al miglior rapporto qualit\u00e0-prezzo.","publisher":{"@id":"https:\/\/ahorn-camp.de\/#organization"},"potentialAction":[{"@type":"SearchAction","target":{"@type":"EntryPoint","urlTemplate":"https:\/\/ahorn-camp.de\/?s={search_term_string}"},"query-input":{"@type":"PropertyValueSpecification","valueRequired":true,"valueName":"search_term_string"}}],"inLanguage":"it-IT"},{"@type":"Organization","@id":"https:\/\/ahorn-camp.de\/#organization","name":"Ahorn Camp GmbH &amp; Co. KG","url":"https:\/\/ahorn-camp.de\/","logo":{"@type":"ImageObject","inLanguage":"it-IT","@id":"https:\/\/ahorn-camp.de\/#\/schema\/logo\/image\/","url":"https:\/\/ahorn-camp.de\/wp-content\/uploads\/2018\/12\/Ahorn_Logo.jpg","contentUrl":"https:\/\/ahorn-camp.de\/wp-content\/uploads\/2018\/12\/Ahorn_Logo.jpg","width":1437,"height":1000,"caption":"Ahorn Camp GmbH & Co. KG"},"image":{"@id":"https:\/\/ahorn-camp.de\/#\/schema\/logo\/image\/"},"sameAs":["https:\/\/www.facebook.com\/ahorn.wohnmobile\/","https:\/\/www.instagram.com\/ahorn.camp\/","https:\/\/www.youtube.com\/channel\/UCPFbPCts1JJ_A1k9vyH0yOQ"]}]}},"_links":{"self":[{"href":"https:\/\/ahorn-camp.de\/it\/wp-json\/wp\/v2\/product\/30600","targetHints":{"allow":["GET"]}}],"collection":[{"href":"https:\/\/ahorn-camp.de\/it\/wp-json\/wp\/v2\/product"}],"about":[{"href":"https:\/\/ahorn-camp.de\/it\/wp-json\/wp\/v2\/types\/product"}],"wp:featuredmedia":[{"embeddable":true,"href":"https:\/\/ahorn-camp.de\/it\/wp-json\/wp\/v2\/media\/30601"}],"wp:attachment":[{"href":"https:\/\/ahorn-camp.de\/it\/wp-json\/wp\/v2\/media?parent=30600"}],"wp:term":[{"taxonomy":"product_brand","embeddable":true,"href":"https:\/\/ahorn-camp.de\/it\/wp-json\/wp\/v2\/product_brand?post=30600"},{"taxonomy":"product_cat","embeddable":true,"href":"https:\/\/ahorn-camp.de\/it\/wp-json\/wp\/v2\/product_cat?post=30600"},{"taxonomy":"product_tag","embeddable":true,"href":"https:\/\/ahorn-camp.de\/it\/wp-json\/wp\/v2\/product_tag?post=30600"}],"curies":[{"name":"wp","href":"https:\/\/api.w.org\/{rel}","templated":true}]}}