{"id":30598,"date":"2025-04-24T16:18:35","date_gmt":"2025-04-24T14:18:35","guid":{"rendered":"https:\/\/ahorn-camp.de\/?post_type=product&#038;p=30598"},"modified":"2025-04-24T16:26:12","modified_gmt":"2025-04-24T14:26:12","slug":"controllo-del-livello","status":"publish","type":"product","link":"https:\/\/ahorn-camp.de\/it\/product\/level-control\/","title":{"rendered":"Controllo livello bombole del gas Truma"},"content":{"rendered":"<p class=\"\" data-start=\"295\" data-end=\"365\"><strong data-start=\"295\" data-end=\"365\">Controllo totale sulla tua bombola di gas \u2013 con Truma LevelControl<\/strong><\/p>\n<p class=\"\" data-start=\"367\" data-end=\"704\">Con il <strong data-start=\"375\" data-end=\"397\">Truma LevelControl<\/strong> sai sempre esattamente quanto gas \u00e8 rimasto nella tua bombola, comodamente tramite app, direttamente sullo smartphone o tablet. Il dispositivo di misurazione intelligente mostra il livello di riempimento della tua bombola del gas in chilogrammi e in percentuale. Perfetto per i campeggiatori che non vogliono mai pi\u00f9 rimanere improvvisamente senza gas.<\/p>\n<p class=\"\" data-start=\"706\" data-end=\"925\"><strong data-start=\"709\" data-end=\"744\">Misurazione precisa a ultrasuoni<\/strong><br data-start=\"744\" data-end=\"747\" \/>Il LevelControl misura il livello di riempimento del gas tramite tecnologia a ultrasuoni direttamente sul fondo della bombola, in modo affidabile, preciso e senza attrezzi. Basta infilarlo, accoppiarlo e il gioco \u00e8 fatto.<\/p>\n<p class=\"\" data-start=\"927\" data-end=\"1165\"><strong data-start=\"930\" data-end=\"981\">Controllo dell'app tramite Bluetooth o Truma iNet Box<\/strong><br data-start=\"981\" data-end=\"984\" \/>Usa il tuo smartphone per controllare il livello di riempimento in qualsiasi momento, tramite Bluetooth o, in combinazione con la Truma iNet Box, anche in viaggio tramite SMS o controllo APP.<\/p>\n<p class=\"\" data-start=\"1167\" data-end=\"1363\"><strong data-start=\"1170\" data-end=\"1191\">Mobile e durevole<\/strong><br data-start=\"1191\" data-end=\"1194\" \/>Alimentato a batteria, leggero e compatto, ideale per l'uso mobile. La batteria integrata dura fino a 1,5 anni con un uso normale ed \u00e8 facilmente sostituibile.<\/p>\n<p class=\"\" data-start=\"1167\" data-end=\"1363\"><strong data-start=\"1368\" data-end=\"1399\">Riutilizzabile e flessibile<\/strong><br data-start=\"1399\" data-end=\"1402\" \/>Adatto per comuni bombole del gas in acciaio e alluminio (da 5-33 kg) \u2013 il LevelControl si pu\u00f2 rimuovere facilmente e riutilizzare per altre bombole.<\/p>\n<hr class=\"\" data-start=\"1558\" data-end=\"1561\" \/>\n<p class=\"\" data-start=\"1563\" data-end=\"1582\"><strong data-start=\"1563\" data-end=\"1582\">Dettagli del prodotto:<\/strong><\/p>\n<ul data-start=\"1584\" data-end=\"1961\">\n<li class=\"\" data-start=\"1584\" data-end=\"1636\">\n<p class=\"\" data-start=\"1586\" data-end=\"1636\">Indicatore di livello gas a ultrasuoni per bombole di gas<\/p>\n<\/li>\n<li class=\"\" data-start=\"1637\" data-end=\"1678\">\n<p class=\"\" data-start=\"1639\" data-end=\"1678\">Annuncio in <strong data-start=\"1654\" data-end=\"1667\">App Truma<\/strong> (kg e %)<\/p>\n<\/li>\n<li class=\"\" data-start=\"1679\" data-end=\"1725\">\n<p class=\"\" data-start=\"1681\" data-end=\"1725\">Connessione Bluetooth (portata circa 10 m)<\/p>\n<\/li>\n<li class=\"\" data-start=\"1726\" data-end=\"1775\">\n<p class=\"\" data-start=\"1728\" data-end=\"1775\">Compatibile con Truma iNet Box per il controllo remoto<\/p>\n<\/li>\n<li class=\"\" data-start=\"1776\" data-end=\"1835\">\n<p class=\"\" data-start=\"1778\" data-end=\"1835\">Per bottiglie in acciaio e alluminio (non per bottiglie di plastica)<\/p>\n<\/li>\n<li class=\"\" data-start=\"1836\" data-end=\"1881\">\n<p class=\"\" data-start=\"1838\" data-end=\"1881\">Fissaggio magnetico sotto la bottiglia<\/p>\n<\/li>\n<li class=\"\" data-start=\"1882\" data-end=\"1930\">\n<p class=\"\" data-start=\"1884\" data-end=\"1930\">Alimentazione: 2 batterie AA (incluse)<\/p>\n<\/li>\n<\/ul>","protected":false},"excerpt":{"rendered":"<p class=\"\" data-start=\"295\" data-end=\"365\"><strong data-start=\"295\" data-end=\"365\">Volle Kontrolle \u00fcber deine Gasflasche \u2013 mit dem Truma LevelControl<\/strong><\/p>\n<p class=\"\" data-start=\"367\" data-end=\"704\">Mit dem <strong data-start=\"375\" data-end=\"397\">Truma LevelControl<\/strong> wei\u00dft du immer ganz genau, wie viel Gas sich noch in deiner Flasche befindet \u2013 bequem per App, direkt auf dem Smartphone oder Tablet. Das smarte Messger\u00e4t zeigt dir den F\u00fcllstand deiner Gasflasche in Kilogramm sowie als Prozentwert an. Perfekt f\u00fcr Camper, die nie wieder pl\u00f6tzlich ohne Gas dastehen wollen.<\/p>\n<p class=\"\" data-start=\"706\" data-end=\"925\"><strong data-start=\"709\" data-end=\"744\">Pr\u00e4zise Messung per Ultraschall<\/strong><br data-start=\"744\" data-end=\"747\" \/>Der LevelControl misst den Gasf\u00fcllstand mittels Ultraschall-Technologie direkt am Flaschenboden \u2013 zuverl\u00e4ssig, genau und ohne Werkzeug. Einfach anbringen, koppeln und los geht&#8217;s.<\/p>\n<p class=\"\" data-start=\"927\" data-end=\"1165\"><strong data-start=\"930\" data-end=\"981\">App-Steuerung via Bluetooth oder Truma iNet Box<\/strong><br data-start=\"981\" data-end=\"984\" \/>Nutze dein Smartphone, um den aktuellen F\u00fcllstand jederzeit abzurufen \u2013 entweder per Bluetooth oder in Kombination mit der Truma iNet Box sogar unterwegs per SMS oder App-Steuerung.<\/p>\n<p class=\"\" data-start=\"1167\" data-end=\"1363\"><strong data-start=\"1170\" data-end=\"1191\">Mobil &amp; [&#8230;]<\/strong><\/p>\n","protected":false},"featured_media":30599,"template":"","meta":{"content-type":""},"product_brand":[],"product_cat":[602,605,608,604,612],"product_tag":[],"class_list":{"0":"post-30598","1":"product","2":"type-product","3":"status-publish","4":"has-post-thumbnail","6":"product_cat-zubehoer","7":"product_cat-zubehoer-van","8":"product_cat-zubehoer-van-teil","9":"product_cat-zubehoer-womo","10":"product_cat-zubehoer-womo-teil","11":"product_shipping_class-paket","13":"first","14":"instock","15":"taxable","16":"shipping-taxable","17":"purchasable","18":"product-type-simple"},"yoast_head":"<!-- This site is optimized with the Yoast SEO plugin v27.4 - https:\/\/yoast.com\/product\/yoast-seo-wordpress\/ -->\n<title>Truma Level Control f\u00fcr Gasflaschen - Ahorn Camp | Reisemobile und Kastenwagen<\/title>\n<meta name=\"description\" content=\"Nie mehr ohne Gas: Truma LevelControl zeigt dir den F\u00fcllstand per App an. Einfach montieren &amp; jederzeit wissen, wie viel Gas du noch hast. Jetzt kaufen!\" \/>\n<meta name=\"robots\" content=\"index, follow, max-snippet:-1, max-image-preview:large, max-video-preview:-1\" \/>\n<link rel=\"canonical\" href=\"https:\/\/ahorn-camp.de\/it\/product\/controllo-del-livello\/\" \/>\n<meta property=\"og:locale\" content=\"it_IT\" \/>\n<meta property=\"og:type\" content=\"article\" \/>\n<meta property=\"og:title\" content=\"Truma Level Control f\u00fcr Gasflaschen - Ahorn Camp | Reisemobile und Kastenwagen\" \/>\n<meta property=\"og:description\" content=\"Nie mehr ohne Gas: Truma LevelControl zeigt dir den F\u00fcllstand per App an. Einfach montieren &amp; jederzeit wissen, wie viel Gas du noch hast. Jetzt kaufen!\" \/>\n<meta property=\"og:url\" content=\"https:\/\/ahorn-camp.de\/it\/product\/controllo-del-livello\/\" \/>\n<meta property=\"og:site_name\" content=\"Ahorn Camp | Reisemobile und Kastenwagen\" \/>\n<meta property=\"article:publisher\" content=\"https:\/\/www.facebook.com\/ahorn.wohnmobile\/\" \/>\n<meta property=\"article:modified_time\" content=\"2025-04-24T14:26:12+00:00\" \/>\n<meta property=\"og:image\" content=\"https:\/\/ahorn-camp.de\/wp-content\/uploads\/2025\/04\/Gaswaage-min-scaled.jpg\" \/>\n\t<meta property=\"og:image:width\" content=\"2560\" \/>\n\t<meta property=\"og:image:height\" content=\"2560\" \/>\n\t<meta property=\"og:image:type\" content=\"image\/jpeg\" \/>\n<meta name=\"twitter:card\" content=\"summary_large_image\" \/>\n<meta name=\"twitter:label1\" content=\"Tempo di lettura stimato\" \/>\n\t<meta name=\"twitter:data1\" content=\"2 minuti\" \/>\n<script type=\"application\/ld+json\" class=\"yoast-schema-graph\">{\"@context\":\"https:\\\/\\\/schema.org\",\"@graph\":[{\"@type\":\"WebPage\",\"@id\":\"https:\\\/\\\/ahorn-camp.de\\\/product\\\/level-control\\\/\",\"url\":\"https:\\\/\\\/ahorn-camp.de\\\/product\\\/level-control\\\/\",\"name\":\"Truma Level Control f\u00fcr Gasflaschen - Ahorn Camp | Reisemobile und Kastenwagen\",\"isPartOf\":{\"@id\":\"https:\\\/\\\/ahorn-camp.de\\\/#website\"},\"primaryImageOfPage\":{\"@id\":\"https:\\\/\\\/ahorn-camp.de\\\/product\\\/level-control\\\/#primaryimage\"},\"image\":{\"@id\":\"https:\\\/\\\/ahorn-camp.de\\\/product\\\/level-control\\\/#primaryimage\"},\"thumbnailUrl\":\"https:\\\/\\\/ahorn-camp.de\\\/wp-content\\\/uploads\\\/2025\\\/04\\\/Gaswaage-min-scaled.jpg\",\"datePublished\":\"2025-04-24T14:18:35+00:00\",\"dateModified\":\"2025-04-24T14:26:12+00:00\",\"description\":\"Nie mehr ohne Gas: Truma LevelControl zeigt dir den F\u00fcllstand per App an. Einfach montieren & jederzeit wissen, wie viel Gas du noch hast. Jetzt kaufen!\",\"breadcrumb\":{\"@id\":\"https:\\\/\\\/ahorn-camp.de\\\/product\\\/level-control\\\/#breadcrumb\"},\"inLanguage\":\"it-IT\",\"potentialAction\":[{\"@type\":\"ReadAction\",\"target\":[\"https:\\\/\\\/ahorn-camp.de\\\/product\\\/level-control\\\/\"]}]},{\"@type\":\"ImageObject\",\"inLanguage\":\"it-IT\",\"@id\":\"https:\\\/\\\/ahorn-camp.de\\\/product\\\/level-control\\\/#primaryimage\",\"url\":\"https:\\\/\\\/ahorn-camp.de\\\/wp-content\\\/uploads\\\/2025\\\/04\\\/Gaswaage-min-scaled.jpg\",\"contentUrl\":\"https:\\\/\\\/ahorn-camp.de\\\/wp-content\\\/uploads\\\/2025\\\/04\\\/Gaswaage-min-scaled.jpg\",\"width\":2560,\"height\":2560,\"caption\":\"Truma Level Control\"},{\"@type\":\"BreadcrumbList\",\"@id\":\"https:\\\/\\\/ahorn-camp.de\\\/product\\\/level-control\\\/#breadcrumb\",\"itemListElement\":[{\"@type\":\"ListItem\",\"position\":1,\"name\":\"Startseite\",\"item\":\"https:\\\/\\\/ahorn-camp.de\\\/\"},{\"@type\":\"ListItem\",\"position\":2,\"name\":\"Merchandise-Shop\",\"item\":\"https:\\\/\\\/ahorn-camp.de\\\/merchandise-shop\\\/\"},{\"@type\":\"ListItem\",\"position\":3,\"name\":\"Truma Level Control f\u00fcr Gasflaschen\"}]},{\"@type\":\"WebSite\",\"@id\":\"https:\\\/\\\/ahorn-camp.de\\\/#website\",\"url\":\"https:\\\/\\\/ahorn-camp.de\\\/\",\"name\":\"Ahorn Camp | Reisemobile und Kastenwagen\",\"description\":\"Seit \u00fcber 30 Jahren vermarktet das Familienunternehmen, Ahorn Camp in Speyer, erfolgreich Wohnmobile und Kastenwagen zum besten Preis-Leistungsverh\u00e4ltnis.\",\"publisher\":{\"@id\":\"https:\\\/\\\/ahorn-camp.de\\\/#organization\"},\"potentialAction\":[{\"@type\":\"SearchAction\",\"target\":{\"@type\":\"EntryPoint\",\"urlTemplate\":\"https:\\\/\\\/ahorn-camp.de\\\/?s={search_term_string}\"},\"query-input\":{\"@type\":\"PropertyValueSpecification\",\"valueRequired\":true,\"valueName\":\"search_term_string\"}}],\"inLanguage\":\"it-IT\"},{\"@type\":\"Organization\",\"@id\":\"https:\\\/\\\/ahorn-camp.de\\\/#organization\",\"name\":\"Ahorn Camp GmbH & Co. KG\",\"url\":\"https:\\\/\\\/ahorn-camp.de\\\/\",\"logo\":{\"@type\":\"ImageObject\",\"inLanguage\":\"it-IT\",\"@id\":\"https:\\\/\\\/ahorn-camp.de\\\/#\\\/schema\\\/logo\\\/image\\\/\",\"url\":\"https:\\\/\\\/ahorn-camp.de\\\/wp-content\\\/uploads\\\/2018\\\/12\\\/Ahorn_Logo.jpg\",\"contentUrl\":\"https:\\\/\\\/ahorn-camp.de\\\/wp-content\\\/uploads\\\/2018\\\/12\\\/Ahorn_Logo.jpg\",\"width\":1437,\"height\":1000,\"caption\":\"Ahorn Camp GmbH & Co. KG\"},\"image\":{\"@id\":\"https:\\\/\\\/ahorn-camp.de\\\/#\\\/schema\\\/logo\\\/image\\\/\"},\"sameAs\":[\"https:\\\/\\\/www.facebook.com\\\/ahorn.wohnmobile\\\/\",\"https:\\\/\\\/www.instagram.com\\\/ahorn.camp\\\/\",\"https:\\\/\\\/www.youtube.com\\\/channel\\\/UCPFbPCts1JJ_A1k9vyH0yOQ\"]}]}<\/script>\n<!-- \/ Yoast SEO plugin. -->","yoast_head_json":{"title":"Truma Level Control per bombole del gas - Ahorn Camp | Camper e furgonati","description":"Mai pi\u00f9 senza gas: Truma LevelControl ti mostra il livello di riempimento tramite app. Montaggio semplice e sapere sempre quanto gas ti rimane. Compra ora!","robots":{"index":"index","follow":"follow","max-snippet":"max-snippet:-1","max-image-preview":"max-image-preview:large","max-video-preview":"max-video-preview:-1"},"canonical":"https:\/\/ahorn-camp.de\/it\/product\/controllo-del-livello\/","og_locale":"it_IT","og_type":"article","og_title":"Truma Level Control f\u00fcr Gasflaschen - Ahorn Camp | Reisemobile und Kastenwagen","og_description":"Nie mehr ohne Gas: Truma LevelControl zeigt dir den F\u00fcllstand per App an. Einfach montieren & jederzeit wissen, wie viel Gas du noch hast. Jetzt kaufen!","og_url":"https:\/\/ahorn-camp.de\/it\/product\/controllo-del-livello\/","og_site_name":"Ahorn Camp | Reisemobile und Kastenwagen","article_publisher":"https:\/\/www.facebook.com\/ahorn.wohnmobile\/","article_modified_time":"2025-04-24T14:26:12+00:00","og_image":[{"width":2560,"height":2560,"url":"https:\/\/ahorn-camp.de\/wp-content\/uploads\/2025\/04\/Gaswaage-min-scaled.jpg","type":"image\/jpeg"}],"twitter_card":"summary_large_image","twitter_misc":{"Tempo di lettura stimato":"2 minuti"},"schema":{"@context":"https:\/\/schema.org","@graph":[{"@type":"WebPage","@id":"https:\/\/ahorn-camp.de\/product\/level-control\/","url":"https:\/\/ahorn-camp.de\/product\/level-control\/","name":"Truma Level Control per bombole del gas - Ahorn Camp | Camper e furgonati","isPartOf":{"@id":"https:\/\/ahorn-camp.de\/#website"},"primaryImageOfPage":{"@id":"https:\/\/ahorn-camp.de\/product\/level-control\/#primaryimage"},"image":{"@id":"https:\/\/ahorn-camp.de\/product\/level-control\/#primaryimage"},"thumbnailUrl":"https:\/\/ahorn-camp.de\/wp-content\/uploads\/2025\/04\/Gaswaage-min-scaled.jpg","datePublished":"2025-04-24T14:18:35+00:00","dateModified":"2025-04-24T14:26:12+00:00","description":"Mai pi\u00f9 senza gas: Truma LevelControl ti mostra il livello di riempimento tramite app. Montaggio semplice e sapere sempre quanto gas ti rimane. Compra ora!","breadcrumb":{"@id":"https:\/\/ahorn-camp.de\/product\/level-control\/#breadcrumb"},"inLanguage":"it-IT","potentialAction":[{"@type":"ReadAction","target":["https:\/\/ahorn-camp.de\/product\/level-control\/"]}]},{"@type":"ImageObject","inLanguage":"it-IT","@id":"https:\/\/ahorn-camp.de\/product\/level-control\/#primaryimage","url":"https:\/\/ahorn-camp.de\/wp-content\/uploads\/2025\/04\/Gaswaage-min-scaled.jpg","contentUrl":"https:\/\/ahorn-camp.de\/wp-content\/uploads\/2025\/04\/Gaswaage-min-scaled.jpg","width":2560,"height":2560,"caption":"Truma Level Control"},{"@type":"BreadcrumbList","@id":"https:\/\/ahorn-camp.de\/product\/level-control\/#breadcrumb","itemListElement":[{"@type":"ListItem","position":1,"name":"Startseite","item":"https:\/\/ahorn-camp.de\/"},{"@type":"ListItem","position":2,"name":"Merchandise-Shop","item":"https:\/\/ahorn-camp.de\/merchandise-shop\/"},{"@type":"ListItem","position":3,"name":"Truma Level Control f\u00fcr Gasflaschen"}]},{"@type":"WebSite","@id":"https:\/\/ahorn-camp.de\/#website","url":"https:\/\/ahorn-camp.de\/","name":"Ahorn Camp | Camper e furgonati","description":"Da oltre 30 anni l'azienda a conduzione familiare, Ahorn Camp a Speyer, commercializza con successo camper e furgoni al miglior rapporto qualit\u00e0-prezzo.","publisher":{"@id":"https:\/\/ahorn-camp.de\/#organization"},"potentialAction":[{"@type":"SearchAction","target":{"@type":"EntryPoint","urlTemplate":"https:\/\/ahorn-camp.de\/?s={search_term_string}"},"query-input":{"@type":"PropertyValueSpecification","valueRequired":true,"valueName":"search_term_string"}}],"inLanguage":"it-IT"},{"@type":"Organization","@id":"https:\/\/ahorn-camp.de\/#organization","name":"Ahorn Camp GmbH &amp; Co. KG","url":"https:\/\/ahorn-camp.de\/","logo":{"@type":"ImageObject","inLanguage":"it-IT","@id":"https:\/\/ahorn-camp.de\/#\/schema\/logo\/image\/","url":"https:\/\/ahorn-camp.de\/wp-content\/uploads\/2018\/12\/Ahorn_Logo.jpg","contentUrl":"https:\/\/ahorn-camp.de\/wp-content\/uploads\/2018\/12\/Ahorn_Logo.jpg","width":1437,"height":1000,"caption":"Ahorn Camp GmbH & Co. KG"},"image":{"@id":"https:\/\/ahorn-camp.de\/#\/schema\/logo\/image\/"},"sameAs":["https:\/\/www.facebook.com\/ahorn.wohnmobile\/","https:\/\/www.instagram.com\/ahorn.camp\/","https:\/\/www.youtube.com\/channel\/UCPFbPCts1JJ_A1k9vyH0yOQ"]}]}},"_links":{"self":[{"href":"https:\/\/ahorn-camp.de\/it\/wp-json\/wp\/v2\/product\/30598","targetHints":{"allow":["GET"]}}],"collection":[{"href":"https:\/\/ahorn-camp.de\/it\/wp-json\/wp\/v2\/product"}],"about":[{"href":"https:\/\/ahorn-camp.de\/it\/wp-json\/wp\/v2\/types\/product"}],"wp:featuredmedia":[{"embeddable":true,"href":"https:\/\/ahorn-camp.de\/it\/wp-json\/wp\/v2\/media\/30599"}],"wp:attachment":[{"href":"https:\/\/ahorn-camp.de\/it\/wp-json\/wp\/v2\/media?parent=30598"}],"wp:term":[{"taxonomy":"product_brand","embeddable":true,"href":"https:\/\/ahorn-camp.de\/it\/wp-json\/wp\/v2\/product_brand?post=30598"},{"taxonomy":"product_cat","embeddable":true,"href":"https:\/\/ahorn-camp.de\/it\/wp-json\/wp\/v2\/product_cat?post=30598"},{"taxonomy":"product_tag","embeddable":true,"href":"https:\/\/ahorn-camp.de\/it\/wp-json\/wp\/v2\/product_tag?post=30598"}],"curies":[{"name":"wp","href":"https:\/\/api.w.org\/{rel}","templated":true}]}}