{"id":30595,"date":"2025-04-24T15:25:05","date_gmt":"2025-04-24T13:25:05","guid":{"rendered":"https:\/\/ahorn-camp.de\/?post_type=product&#038;p=30595"},"modified":"2025-04-24T16:14:15","modified_gmt":"2025-04-24T14:14:15","slug":"filterpads","status":"publish","type":"product","link":"https:\/\/ahorn-camp.de\/it\/product\/filterpads\/","title":{"rendered":"Filterpads Truma f\u00fcr den Gasfilter"},"content":{"rendered":"<p class=\"\" data-start=\"382\" data-end=\"729\">Gasfiltereins\u00e4tze von <strong data-start=\"404\" data-end=\"413\">Truma<\/strong> sch\u00fctzen deine Gasanlage zuverl\u00e4ssig vor \u00d6l- und Schmutzpartikeln, die mit dem Fl\u00fcssiggas aus der Flasche in den Kreislauf gelangen k\u00f6nnen. Der Filter verhindert, dass diese R\u00fcckst\u00e4nde in die empfindlichen Teile deiner Heizung, Kocher oder K\u00fchlbox gelangen \u2013 und bewahrt so Regler, Leitungen und Ger\u00e4te vor Sch\u00e4den.<\/p>\n<p class=\"\" data-start=\"731\" data-end=\"981\"><strong data-start=\"735\" data-end=\"774\">Sch\u00fctzt deine Gasanlage langfristig<\/strong><br data-start=\"774\" data-end=\"777\" \/>Der Truma Gasfilter f\u00e4ngt \u00f6lige Aerosole und Partikel ab, bevor sie in den Gasdruckregler oder in Endger\u00e4te gelangen k\u00f6nnen \u2013 das senkt die Wartungskosten und verl\u00e4ngert die Lebensdauer deiner Ausr\u00fcstung.<\/p>\n<p class=\"\" data-start=\"983\" data-end=\"1249\"><strong data-start=\"986\" data-end=\"1033\">Einfacher Austausch \u2013 zuverl\u00e4ssige Funktion<\/strong><br data-start=\"1033\" data-end=\"1036\" \/>Der Filtereinsatz ist blitzschnell gewechselt und passt exakt in das Truma Gasfiltergeh\u00e4use. Ein Wechsel wird empfohlen, sobald sich die Filtermatte dunkel verf\u00e4rbt \u2013 je nach Nutzungsintensit\u00e4t.<\/p>\n<p class=\"\" data-start=\"1251\" data-end=\"1460\"><strong data-start=\"1254\" data-end=\"1297\">Passend f\u00fcr alle Truma-Gasfiltergeh\u00e4use<\/strong><br data-start=\"1297\" data-end=\"1300\" \/>Egal ob im Wohnmobil, Caravan oder auf dem Boot: Der Filtereinsatz ist kompatibel mit allen g\u00e4ngigen Truma-Gasfiltern und damit ideal f\u00fcr deine Reiseausr\u00fcstung.<\/p>","protected":false},"excerpt":{"rendered":"<p class=\"\" data-start=\"382\" data-end=\"729\">Gasfiltereins\u00e4tze von <strong data-start=\"404\" data-end=\"413\">Truma<\/strong> sch\u00fctzen deine Gasanlage zuverl\u00e4ssig vor \u00d6l- und Schmutzpartikeln, die mit dem Fl\u00fcssiggas aus der Flasche in den Kreislauf gelangen k\u00f6nnen. Der Filter verhindert, dass diese R\u00fcckst\u00e4nde in die empfindlichen Teile deiner Heizung, Kocher oder K\u00fchlbox gelangen \u2013 und bewahrt so Regler, Leitungen und Ger\u00e4te vor Sch\u00e4den.<\/p>\n<p class=\"\" data-start=\"731\" data-end=\"981\"><strong data-start=\"735\" data-end=\"774\">Sch\u00fctzt deine Gasanlage langfristig<\/strong><br data-start=\"774\" data-end=\"777\" \/>Der Truma Gasfilter f\u00e4ngt \u00f6lige Aerosole und Partikel ab, bevor sie in den Gasdruckregler oder in Endger\u00e4te gelangen k\u00f6nnen \u2013 das senkt die Wartungskosten und verl\u00e4ngert die Lebensdauer deiner Ausr\u00fcstung.<\/p>\n<p class=\"\" data-start=\"983\" data-end=\"1249\"><strong data-start=\"986\" data-end=\"1033\">Einfacher Austausch \u2013 zuverl\u00e4ssige Funktion<\/strong><br data-start=\"1033\" data-end=\"1036\" \/>Der Filtereinsatz ist blitzschnell gewechselt und passt exakt in das Truma Gasfiltergeh\u00e4use. Ein Wechsel wird empfohlen, sobald sich die Filtermatte dunkel verf\u00e4rbt \u2013 je nach Nutzungsintensit\u00e4t.<\/p>\n<p class=\"\" data-start=\"1251\" data-end=\"1460\"><strong data-start=\"1254\" data-end=\"1297\">Passend f\u00fcr alle Truma-Gasfiltergeh\u00e4use<\/strong><br data-start=\"1297\" data-end=\"1300\" \/>Egal ob im Wohnmobil, Caravan oder auf dem Boot: Der Filtereinsatz [&#8230;]<\/p>\n","protected":false},"featured_media":30597,"template":"","meta":{"content-type":""},"product_brand":[],"product_cat":[602,606,610,605,608,604,612],"product_tag":[],"class_list":{"0":"post-30595","1":"product","2":"type-product","3":"status-publish","4":"has-post-thumbnail","6":"product_cat-zubehoer","7":"product_cat-zuebhoer-van-city","8":"product_cat-zubehoer-van-city-teil","9":"product_cat-zubehoer-van","10":"product_cat-zubehoer-van-teil","11":"product_cat-zubehoer-womo","12":"product_cat-zubehoer-womo-teil","13":"product_shipping_class-paket","15":"first","16":"instock","17":"taxable","18":"shipping-taxable","19":"purchasable","20":"product-type-simple"},"yoast_head":"<!-- This site is optimized with the Yoast SEO plugin v27.4 - https:\/\/yoast.com\/product\/yoast-seo-wordpress\/ -->\n<title>Filterpads Truma f\u00fcr den Gasfilter - Ahorn Camp | Reisemobile und Kastenwagen<\/title>\n<meta name=\"description\" content=\"Truma Gasfiltereinsatz \u2013 sch\u00fctzt Regler &amp; Ger\u00e4te vor \u00f6ligen R\u00fcckst\u00e4nden. Passend f\u00fcr alle Truma-Gasfilter. Jetzt bestellen &amp; sicher kochen!\" \/>\n<meta name=\"robots\" content=\"index, follow, max-snippet:-1, max-image-preview:large, max-video-preview:-1\" \/>\n<link rel=\"canonical\" href=\"https:\/\/ahorn-camp.de\/it\/product\/filterpads\/\" \/>\n<meta property=\"og:locale\" content=\"it_IT\" \/>\n<meta property=\"og:type\" content=\"article\" \/>\n<meta property=\"og:title\" content=\"Filterpads Truma f\u00fcr den Gasfilter - Ahorn Camp | Reisemobile und Kastenwagen\" \/>\n<meta property=\"og:description\" content=\"Truma Gasfiltereinsatz \u2013 sch\u00fctzt Regler &amp; Ger\u00e4te vor \u00f6ligen R\u00fcckst\u00e4nden. Passend f\u00fcr alle Truma-Gasfilter. Jetzt bestellen &amp; sicher kochen!\" \/>\n<meta property=\"og:url\" content=\"https:\/\/ahorn-camp.de\/it\/product\/filterpads\/\" \/>\n<meta property=\"og:site_name\" content=\"Ahorn Camp | Reisemobile und Kastenwagen\" \/>\n<meta property=\"article:publisher\" content=\"https:\/\/www.facebook.com\/ahorn.wohnmobile\/\" \/>\n<meta property=\"article:modified_time\" content=\"2025-04-24T14:14:15+00:00\" \/>\n<meta property=\"og:image\" content=\"https:\/\/ahorn-camp.de\/wp-content\/uploads\/2025\/04\/Filterpads-scaled.jpg\" \/>\n\t<meta property=\"og:image:width\" content=\"2560\" \/>\n\t<meta property=\"og:image:height\" content=\"2560\" \/>\n\t<meta property=\"og:image:type\" content=\"image\/jpeg\" \/>\n<meta name=\"twitter:card\" content=\"summary_large_image\" \/>\n<meta name=\"twitter:label1\" content=\"Tempo di lettura stimato\" \/>\n\t<meta name=\"twitter:data1\" content=\"1 minuto\" \/>\n<script type=\"application\/ld+json\" class=\"yoast-schema-graph\">{\"@context\":\"https:\\\/\\\/schema.org\",\"@graph\":[{\"@type\":\"WebPage\",\"@id\":\"https:\\\/\\\/ahorn-camp.de\\\/product\\\/filterpads\\\/\",\"url\":\"https:\\\/\\\/ahorn-camp.de\\\/product\\\/filterpads\\\/\",\"name\":\"Filterpads Truma f\u00fcr den Gasfilter - Ahorn Camp | Reisemobile und Kastenwagen\",\"isPartOf\":{\"@id\":\"https:\\\/\\\/ahorn-camp.de\\\/#website\"},\"primaryImageOfPage\":{\"@id\":\"https:\\\/\\\/ahorn-camp.de\\\/product\\\/filterpads\\\/#primaryimage\"},\"image\":{\"@id\":\"https:\\\/\\\/ahorn-camp.de\\\/product\\\/filterpads\\\/#primaryimage\"},\"thumbnailUrl\":\"https:\\\/\\\/ahorn-camp.de\\\/wp-content\\\/uploads\\\/2025\\\/04\\\/Filterpads-scaled.jpg\",\"datePublished\":\"2025-04-24T13:25:05+00:00\",\"dateModified\":\"2025-04-24T14:14:15+00:00\",\"description\":\"Truma Gasfiltereinsatz \u2013 sch\u00fctzt Regler & Ger\u00e4te vor \u00f6ligen R\u00fcckst\u00e4nden. Passend f\u00fcr alle Truma-Gasfilter. Jetzt bestellen & sicher kochen!\",\"breadcrumb\":{\"@id\":\"https:\\\/\\\/ahorn-camp.de\\\/product\\\/filterpads\\\/#breadcrumb\"},\"inLanguage\":\"it-IT\",\"potentialAction\":[{\"@type\":\"ReadAction\",\"target\":[\"https:\\\/\\\/ahorn-camp.de\\\/product\\\/filterpads\\\/\"]}]},{\"@type\":\"ImageObject\",\"inLanguage\":\"it-IT\",\"@id\":\"https:\\\/\\\/ahorn-camp.de\\\/product\\\/filterpads\\\/#primaryimage\",\"url\":\"https:\\\/\\\/ahorn-camp.de\\\/wp-content\\\/uploads\\\/2025\\\/04\\\/Filterpads-scaled.jpg\",\"contentUrl\":\"https:\\\/\\\/ahorn-camp.de\\\/wp-content\\\/uploads\\\/2025\\\/04\\\/Filterpads-scaled.jpg\",\"width\":2560,\"height\":2560,\"caption\":\"Filterpads\"},{\"@type\":\"BreadcrumbList\",\"@id\":\"https:\\\/\\\/ahorn-camp.de\\\/product\\\/filterpads\\\/#breadcrumb\",\"itemListElement\":[{\"@type\":\"ListItem\",\"position\":1,\"name\":\"Startseite\",\"item\":\"https:\\\/\\\/ahorn-camp.de\\\/\"},{\"@type\":\"ListItem\",\"position\":2,\"name\":\"Merchandise-Shop\",\"item\":\"https:\\\/\\\/ahorn-camp.de\\\/merchandise-shop\\\/\"},{\"@type\":\"ListItem\",\"position\":3,\"name\":\"Filterpads Truma f\u00fcr den Gasfilter\"}]},{\"@type\":\"WebSite\",\"@id\":\"https:\\\/\\\/ahorn-camp.de\\\/#website\",\"url\":\"https:\\\/\\\/ahorn-camp.de\\\/\",\"name\":\"Ahorn Camp | Reisemobile und Kastenwagen\",\"description\":\"Seit \u00fcber 30 Jahren vermarktet das Familienunternehmen, Ahorn Camp in Speyer, erfolgreich Wohnmobile und Kastenwagen zum besten Preis-Leistungsverh\u00e4ltnis.\",\"publisher\":{\"@id\":\"https:\\\/\\\/ahorn-camp.de\\\/#organization\"},\"potentialAction\":[{\"@type\":\"SearchAction\",\"target\":{\"@type\":\"EntryPoint\",\"urlTemplate\":\"https:\\\/\\\/ahorn-camp.de\\\/?s={search_term_string}\"},\"query-input\":{\"@type\":\"PropertyValueSpecification\",\"valueRequired\":true,\"valueName\":\"search_term_string\"}}],\"inLanguage\":\"it-IT\"},{\"@type\":\"Organization\",\"@id\":\"https:\\\/\\\/ahorn-camp.de\\\/#organization\",\"name\":\"Ahorn Camp GmbH & Co. KG\",\"url\":\"https:\\\/\\\/ahorn-camp.de\\\/\",\"logo\":{\"@type\":\"ImageObject\",\"inLanguage\":\"it-IT\",\"@id\":\"https:\\\/\\\/ahorn-camp.de\\\/#\\\/schema\\\/logo\\\/image\\\/\",\"url\":\"https:\\\/\\\/ahorn-camp.de\\\/wp-content\\\/uploads\\\/2018\\\/12\\\/Ahorn_Logo.jpg\",\"contentUrl\":\"https:\\\/\\\/ahorn-camp.de\\\/wp-content\\\/uploads\\\/2018\\\/12\\\/Ahorn_Logo.jpg\",\"width\":1437,\"height\":1000,\"caption\":\"Ahorn Camp GmbH & Co. KG\"},\"image\":{\"@id\":\"https:\\\/\\\/ahorn-camp.de\\\/#\\\/schema\\\/logo\\\/image\\\/\"},\"sameAs\":[\"https:\\\/\\\/www.facebook.com\\\/ahorn.wohnmobile\\\/\",\"https:\\\/\\\/www.instagram.com\\\/ahorn.camp\\\/\",\"https:\\\/\\\/www.youtube.com\\\/channel\\\/UCPFbPCts1JJ_A1k9vyH0yOQ\"]}]}<\/script>\n<!-- \/ Yoast SEO plugin. -->","yoast_head_json":{"title":"Filterpads Truma f\u00fcr den Gasfilter - Ahorn Camp | Reisemobile und Kastenwagen","description":"Truma Gasfiltereinsatz \u2013 sch\u00fctzt Regler & Ger\u00e4te vor \u00f6ligen R\u00fcckst\u00e4nden. Passend f\u00fcr alle Truma-Gasfilter. Jetzt bestellen & sicher kochen!","robots":{"index":"index","follow":"follow","max-snippet":"max-snippet:-1","max-image-preview":"max-image-preview:large","max-video-preview":"max-video-preview:-1"},"canonical":"https:\/\/ahorn-camp.de\/it\/product\/filterpads\/","og_locale":"it_IT","og_type":"article","og_title":"Filterpads Truma f\u00fcr den Gasfilter - Ahorn Camp | Reisemobile und Kastenwagen","og_description":"Truma Gasfiltereinsatz \u2013 sch\u00fctzt Regler & Ger\u00e4te vor \u00f6ligen R\u00fcckst\u00e4nden. Passend f\u00fcr alle Truma-Gasfilter. Jetzt bestellen & sicher kochen!","og_url":"https:\/\/ahorn-camp.de\/it\/product\/filterpads\/","og_site_name":"Ahorn Camp | Reisemobile und Kastenwagen","article_publisher":"https:\/\/www.facebook.com\/ahorn.wohnmobile\/","article_modified_time":"2025-04-24T14:14:15+00:00","og_image":[{"width":2560,"height":2560,"url":"https:\/\/ahorn-camp.de\/wp-content\/uploads\/2025\/04\/Filterpads-scaled.jpg","type":"image\/jpeg"}],"twitter_card":"summary_large_image","twitter_misc":{"Tempo di lettura stimato":"1 minuto"},"schema":{"@context":"https:\/\/schema.org","@graph":[{"@type":"WebPage","@id":"https:\/\/ahorn-camp.de\/product\/filterpads\/","url":"https:\/\/ahorn-camp.de\/product\/filterpads\/","name":"Filterpads Truma f\u00fcr den Gasfilter - Ahorn Camp | Reisemobile und Kastenwagen","isPartOf":{"@id":"https:\/\/ahorn-camp.de\/#website"},"primaryImageOfPage":{"@id":"https:\/\/ahorn-camp.de\/product\/filterpads\/#primaryimage"},"image":{"@id":"https:\/\/ahorn-camp.de\/product\/filterpads\/#primaryimage"},"thumbnailUrl":"https:\/\/ahorn-camp.de\/wp-content\/uploads\/2025\/04\/Filterpads-scaled.jpg","datePublished":"2025-04-24T13:25:05+00:00","dateModified":"2025-04-24T14:14:15+00:00","description":"Truma Gasfiltereinsatz \u2013 sch\u00fctzt Regler & Ger\u00e4te vor \u00f6ligen R\u00fcckst\u00e4nden. Passend f\u00fcr alle Truma-Gasfilter. Jetzt bestellen & sicher kochen!","breadcrumb":{"@id":"https:\/\/ahorn-camp.de\/product\/filterpads\/#breadcrumb"},"inLanguage":"it-IT","potentialAction":[{"@type":"ReadAction","target":["https:\/\/ahorn-camp.de\/product\/filterpads\/"]}]},{"@type":"ImageObject","inLanguage":"it-IT","@id":"https:\/\/ahorn-camp.de\/product\/filterpads\/#primaryimage","url":"https:\/\/ahorn-camp.de\/wp-content\/uploads\/2025\/04\/Filterpads-scaled.jpg","contentUrl":"https:\/\/ahorn-camp.de\/wp-content\/uploads\/2025\/04\/Filterpads-scaled.jpg","width":2560,"height":2560,"caption":"Filterpads"},{"@type":"BreadcrumbList","@id":"https:\/\/ahorn-camp.de\/product\/filterpads\/#breadcrumb","itemListElement":[{"@type":"ListItem","position":1,"name":"Startseite","item":"https:\/\/ahorn-camp.de\/"},{"@type":"ListItem","position":2,"name":"Merchandise-Shop","item":"https:\/\/ahorn-camp.de\/merchandise-shop\/"},{"@type":"ListItem","position":3,"name":"Filterpads Truma f\u00fcr den Gasfilter"}]},{"@type":"WebSite","@id":"https:\/\/ahorn-camp.de\/#website","url":"https:\/\/ahorn-camp.de\/","name":"Ahorn Camp | Camper e furgonati","description":"Da oltre 30 anni l'azienda a conduzione familiare, Ahorn Camp a Speyer, commercializza con successo camper e furgoni al miglior rapporto qualit\u00e0-prezzo.","publisher":{"@id":"https:\/\/ahorn-camp.de\/#organization"},"potentialAction":[{"@type":"SearchAction","target":{"@type":"EntryPoint","urlTemplate":"https:\/\/ahorn-camp.de\/?s={search_term_string}"},"query-input":{"@type":"PropertyValueSpecification","valueRequired":true,"valueName":"search_term_string"}}],"inLanguage":"it-IT"},{"@type":"Organization","@id":"https:\/\/ahorn-camp.de\/#organization","name":"Ahorn Camp GmbH &amp; Co. KG","url":"https:\/\/ahorn-camp.de\/","logo":{"@type":"ImageObject","inLanguage":"it-IT","@id":"https:\/\/ahorn-camp.de\/#\/schema\/logo\/image\/","url":"https:\/\/ahorn-camp.de\/wp-content\/uploads\/2018\/12\/Ahorn_Logo.jpg","contentUrl":"https:\/\/ahorn-camp.de\/wp-content\/uploads\/2018\/12\/Ahorn_Logo.jpg","width":1437,"height":1000,"caption":"Ahorn Camp GmbH & Co. KG"},"image":{"@id":"https:\/\/ahorn-camp.de\/#\/schema\/logo\/image\/"},"sameAs":["https:\/\/www.facebook.com\/ahorn.wohnmobile\/","https:\/\/www.instagram.com\/ahorn.camp\/","https:\/\/www.youtube.com\/channel\/UCPFbPCts1JJ_A1k9vyH0yOQ"]}]}},"_links":{"self":[{"href":"https:\/\/ahorn-camp.de\/it\/wp-json\/wp\/v2\/product\/30595","targetHints":{"allow":["GET"]}}],"collection":[{"href":"https:\/\/ahorn-camp.de\/it\/wp-json\/wp\/v2\/product"}],"about":[{"href":"https:\/\/ahorn-camp.de\/it\/wp-json\/wp\/v2\/types\/product"}],"wp:featuredmedia":[{"embeddable":true,"href":"https:\/\/ahorn-camp.de\/it\/wp-json\/wp\/v2\/media\/30597"}],"wp:attachment":[{"href":"https:\/\/ahorn-camp.de\/it\/wp-json\/wp\/v2\/media?parent=30595"}],"wp:term":[{"taxonomy":"product_brand","embeddable":true,"href":"https:\/\/ahorn-camp.de\/it\/wp-json\/wp\/v2\/product_brand?post=30595"},{"taxonomy":"product_cat","embeddable":true,"href":"https:\/\/ahorn-camp.de\/it\/wp-json\/wp\/v2\/product_cat?post=30595"},{"taxonomy":"product_tag","embeddable":true,"href":"https:\/\/ahorn-camp.de\/it\/wp-json\/wp\/v2\/product_tag?post=30595"}],"curies":[{"name":"wp","href":"https:\/\/api.w.org\/{rel}","templated":true}]}}