{"id":30590,"date":"2025-04-24T13:56:52","date_gmt":"2025-04-24T11:56:52","guid":{"rendered":"https:\/\/ahorn-camp.de\/?post_type=product&#038;p=30590"},"modified":"2025-04-24T15:20:03","modified_gmt":"2025-04-24T13:20:03","slug":"feuerloescher","status":"publish","type":"product","link":"https:\/\/ahorn-camp.de\/it\/product\/feuerloescher\/","title":{"rendered":"Feuerl\u00f6scher 1 Kg"},"content":{"rendered":"<p class=\"\" data-start=\"362\" data-end=\"683\">Sicherheit geht vor \u2013 besonders in Fahrzeugen, auf Reisen oder beim Camping. Mit dem handlichen <strong data-start=\"458\" data-end=\"484\">1\u202fkg ABC-Pulverl\u00f6scher<\/strong> bist du f\u00fcr den Notfall bestens ger\u00fcstet. Klein genug f\u00fcr jedes Fahrzeug, aber effektiv genug, um Entstehungsbr\u00e4nde schnell zu bek\u00e4mpfen \u2013 ein Muss f\u00fcr Vanlifers, Autofahrer und Sicherheitsbewusste.<\/p>\n<p class=\"\" data-start=\"685\" data-end=\"872\"><strong data-start=\"688\" data-end=\"727\">F\u00fcr viele Brandarten geeignet (ABC)<\/strong><br data-start=\"727\" data-end=\"730\" \/>Bek\u00e4mpft wirksam Br\u00e4nde fester Stoffe (A), fl\u00fcssiger Stoffe (B) und Gase (C) \u2013 ideal f\u00fcr Fahrzeuge, Wohnmobile, Boote, Werkst\u00e4tten oder K\u00fcche.<\/p>\n<p class=\"\" data-start=\"874\" data-end=\"1105\"><strong data-start=\"1110\" data-end=\"1136\">Zuverl\u00e4ssig im Notfall<\/strong><br data-start=\"1136\" data-end=\"1139\" \/>Der Druckl\u00f6scher ist jederzeit einsatzbereit, einfach zu bedienen und mit einem gut sichtbaren Manometer ausgestattet \u2013 f\u00fcr schnelle Reaktion im Ernstfall.<\/p>\n<p class=\"\" data-start=\"1107\" data-end=\"1294\"><strong data-start=\"1299\" data-end=\"1325\">Pflicht und Empfehlung<\/strong><br data-start=\"1325\" data-end=\"1328\" \/>In vielen L\u00e4ndern bereits Pflicht im Auto oder Wohnmobil \u2013 mit diesem 1\u202fkg Feuerl\u00f6scher bist du auf der sicheren Seite.<\/p>","protected":false},"excerpt":{"rendered":"<p class=\"\" data-start=\"362\" data-end=\"683\">Sicherheit geht vor \u2013 besonders in Fahrzeugen, auf Reisen oder beim Camping. Mit dem handlichen <strong data-start=\"458\" data-end=\"484\">1\u202fkg ABC-Pulverl\u00f6scher<\/strong> bist du f\u00fcr den Notfall bestens ger\u00fcstet. Klein genug f\u00fcr jedes Fahrzeug, aber effektiv genug, um Entstehungsbr\u00e4nde schnell zu bek\u00e4mpfen \u2013 ein Muss f\u00fcr Vanlifers, Autofahrer und Sicherheitsbewusste.<\/p>\n<p class=\"\" data-start=\"685\" data-end=\"872\"><strong data-start=\"688\" data-end=\"727\">F\u00fcr viele Brandarten geeignet (ABC)<\/strong><br data-start=\"727\" data-end=\"730\" \/>Bek\u00e4mpft wirksam Br\u00e4nde fester Stoffe (A), fl\u00fcssiger Stoffe (B) und Gase (C) \u2013 ideal f\u00fcr Fahrzeuge, Wohnmobile, Boote, Werkst\u00e4tten oder K\u00fcche.<\/p>\n<p class=\"\" data-start=\"874\" data-end=\"1105\"><strong data-start=\"1110\" data-end=\"1136\">Zuverl\u00e4ssig im Notfall<\/strong><br data-start=\"1136\" data-end=\"1139\" \/>Der Druckl\u00f6scher ist jederzeit einsatzbereit, einfach zu bedienen und mit einem gut sichtbaren Manometer ausgestattet \u2013 f\u00fcr schnelle Reaktion im Ernstfall.<\/p>\n<p class=\"\" data-start=\"1107\" data-end=\"1294\"><strong data-start=\"1299\" data-end=\"1325\">Pflicht und Empfehlung<\/strong><br data-start=\"1325\" data-end=\"1328\" \/>In vielen L\u00e4ndern bereits Pflicht im Auto oder Wohnmobil \u2013 mit diesem 1\u202fkg Feuerl\u00f6scher bist du auf der sicheren Seite.<\/p>","protected":false},"featured_media":30591,"template":"","meta":{"content-type":""},"product_brand":[],"product_cat":[602,606,610,605,608,604,612],"product_tag":[],"class_list":{"0":"post-30590","1":"product","2":"type-product","3":"status-publish","4":"has-post-thumbnail","6":"product_cat-zubehoer","7":"product_cat-zuebhoer-van-city","8":"product_cat-zubehoer-van-city-teil","9":"product_cat-zubehoer-van","10":"product_cat-zubehoer-van-teil","11":"product_cat-zubehoer-womo","12":"product_cat-zubehoer-womo-teil","13":"product_shipping_class-paket","15":"first","16":"instock","17":"taxable","18":"shipping-taxable","19":"purchasable","20":"product-type-simple"},"yoast_head":"<!-- This site is optimized with the Yoast SEO plugin v27.4 - https:\/\/yoast.com\/product\/yoast-seo-wordpress\/ -->\n<title>Feuerl\u00f6scher 1 Kg - Ahorn Camp | Reisemobile und Kastenwagen<\/title>\n<meta name=\"description\" content=\"Sicherheit f\u00fcr unterwegs! Der 1 kg Feuerl\u00f6scher passt in jedes Fahrzeug &amp; l\u00f6scht Br\u00e4nde schnell und zuverl\u00e4ssig. Jetzt bestellen &amp; gesch\u00fctzt reisen!\" \/>\n<meta name=\"robots\" content=\"index, follow, max-snippet:-1, max-image-preview:large, max-video-preview:-1\" \/>\n<link rel=\"canonical\" href=\"https:\/\/ahorn-camp.de\/it\/product\/feuerloescher\/\" \/>\n<meta property=\"og:locale\" content=\"it_IT\" \/>\n<meta property=\"og:type\" content=\"article\" \/>\n<meta property=\"og:title\" content=\"Feuerl\u00f6scher 1 Kg - Ahorn Camp | Reisemobile und Kastenwagen\" \/>\n<meta property=\"og:description\" content=\"Sicherheit f\u00fcr unterwegs! Der 1 kg Feuerl\u00f6scher passt in jedes Fahrzeug &amp; l\u00f6scht Br\u00e4nde schnell und zuverl\u00e4ssig. Jetzt bestellen &amp; gesch\u00fctzt reisen!\" \/>\n<meta property=\"og:url\" content=\"https:\/\/ahorn-camp.de\/it\/product\/feuerloescher\/\" \/>\n<meta property=\"og:site_name\" content=\"Ahorn Camp | Reisemobile und Kastenwagen\" \/>\n<meta property=\"article:publisher\" content=\"https:\/\/www.facebook.com\/ahorn.wohnmobile\/\" \/>\n<meta property=\"article:modified_time\" content=\"2025-04-24T13:20:03+00:00\" \/>\n<meta property=\"og:image\" content=\"https:\/\/ahorn-camp.de\/wp-content\/uploads\/2025\/04\/Feuerloescher-scaled.jpg\" \/>\n\t<meta property=\"og:image:width\" content=\"2560\" \/>\n\t<meta property=\"og:image:height\" content=\"2560\" \/>\n\t<meta property=\"og:image:type\" content=\"image\/jpeg\" \/>\n<meta name=\"twitter:card\" content=\"summary_large_image\" \/>\n<meta name=\"twitter:label1\" content=\"Tempo di lettura stimato\" \/>\n\t<meta name=\"twitter:data1\" content=\"1 minuto\" \/>\n<script type=\"application\/ld+json\" class=\"yoast-schema-graph\">{\"@context\":\"https:\\\/\\\/schema.org\",\"@graph\":[{\"@type\":\"WebPage\",\"@id\":\"https:\\\/\\\/ahorn-camp.de\\\/product\\\/feuerloescher\\\/\",\"url\":\"https:\\\/\\\/ahorn-camp.de\\\/product\\\/feuerloescher\\\/\",\"name\":\"Feuerl\u00f6scher 1 Kg - Ahorn Camp | Reisemobile und Kastenwagen\",\"isPartOf\":{\"@id\":\"https:\\\/\\\/ahorn-camp.de\\\/#website\"},\"primaryImageOfPage\":{\"@id\":\"https:\\\/\\\/ahorn-camp.de\\\/product\\\/feuerloescher\\\/#primaryimage\"},\"image\":{\"@id\":\"https:\\\/\\\/ahorn-camp.de\\\/product\\\/feuerloescher\\\/#primaryimage\"},\"thumbnailUrl\":\"https:\\\/\\\/ahorn-camp.de\\\/wp-content\\\/uploads\\\/2025\\\/04\\\/Feuerloescher-scaled.jpg\",\"datePublished\":\"2025-04-24T11:56:52+00:00\",\"dateModified\":\"2025-04-24T13:20:03+00:00\",\"description\":\"Sicherheit f\u00fcr unterwegs! Der 1 kg Feuerl\u00f6scher passt in jedes Fahrzeug & l\u00f6scht Br\u00e4nde schnell und zuverl\u00e4ssig. Jetzt bestellen & gesch\u00fctzt reisen!\",\"breadcrumb\":{\"@id\":\"https:\\\/\\\/ahorn-camp.de\\\/product\\\/feuerloescher\\\/#breadcrumb\"},\"inLanguage\":\"it-IT\",\"potentialAction\":[{\"@type\":\"ReadAction\",\"target\":[\"https:\\\/\\\/ahorn-camp.de\\\/product\\\/feuerloescher\\\/\"]}]},{\"@type\":\"ImageObject\",\"inLanguage\":\"it-IT\",\"@id\":\"https:\\\/\\\/ahorn-camp.de\\\/product\\\/feuerloescher\\\/#primaryimage\",\"url\":\"https:\\\/\\\/ahorn-camp.de\\\/wp-content\\\/uploads\\\/2025\\\/04\\\/Feuerloescher-scaled.jpg\",\"contentUrl\":\"https:\\\/\\\/ahorn-camp.de\\\/wp-content\\\/uploads\\\/2025\\\/04\\\/Feuerloescher-scaled.jpg\",\"width\":2560,\"height\":2560,\"caption\":\"Feuerl\u00f6scher 1 Kg\"},{\"@type\":\"BreadcrumbList\",\"@id\":\"https:\\\/\\\/ahorn-camp.de\\\/product\\\/feuerloescher\\\/#breadcrumb\",\"itemListElement\":[{\"@type\":\"ListItem\",\"position\":1,\"name\":\"Startseite\",\"item\":\"https:\\\/\\\/ahorn-camp.de\\\/\"},{\"@type\":\"ListItem\",\"position\":2,\"name\":\"Merchandise-Shop\",\"item\":\"https:\\\/\\\/ahorn-camp.de\\\/merchandise-shop\\\/\"},{\"@type\":\"ListItem\",\"position\":3,\"name\":\"Feuerl\u00f6scher 1 Kg\"}]},{\"@type\":\"WebSite\",\"@id\":\"https:\\\/\\\/ahorn-camp.de\\\/#website\",\"url\":\"https:\\\/\\\/ahorn-camp.de\\\/\",\"name\":\"Ahorn Camp | Reisemobile und Kastenwagen\",\"description\":\"Seit \u00fcber 30 Jahren vermarktet das Familienunternehmen, Ahorn Camp in Speyer, erfolgreich Wohnmobile und Kastenwagen zum besten Preis-Leistungsverh\u00e4ltnis.\",\"publisher\":{\"@id\":\"https:\\\/\\\/ahorn-camp.de\\\/#organization\"},\"potentialAction\":[{\"@type\":\"SearchAction\",\"target\":{\"@type\":\"EntryPoint\",\"urlTemplate\":\"https:\\\/\\\/ahorn-camp.de\\\/?s={search_term_string}\"},\"query-input\":{\"@type\":\"PropertyValueSpecification\",\"valueRequired\":true,\"valueName\":\"search_term_string\"}}],\"inLanguage\":\"it-IT\"},{\"@type\":\"Organization\",\"@id\":\"https:\\\/\\\/ahorn-camp.de\\\/#organization\",\"name\":\"Ahorn Camp GmbH & Co. KG\",\"url\":\"https:\\\/\\\/ahorn-camp.de\\\/\",\"logo\":{\"@type\":\"ImageObject\",\"inLanguage\":\"it-IT\",\"@id\":\"https:\\\/\\\/ahorn-camp.de\\\/#\\\/schema\\\/logo\\\/image\\\/\",\"url\":\"https:\\\/\\\/ahorn-camp.de\\\/wp-content\\\/uploads\\\/2018\\\/12\\\/Ahorn_Logo.jpg\",\"contentUrl\":\"https:\\\/\\\/ahorn-camp.de\\\/wp-content\\\/uploads\\\/2018\\\/12\\\/Ahorn_Logo.jpg\",\"width\":1437,\"height\":1000,\"caption\":\"Ahorn Camp GmbH & Co. KG\"},\"image\":{\"@id\":\"https:\\\/\\\/ahorn-camp.de\\\/#\\\/schema\\\/logo\\\/image\\\/\"},\"sameAs\":[\"https:\\\/\\\/www.facebook.com\\\/ahorn.wohnmobile\\\/\",\"https:\\\/\\\/www.instagram.com\\\/ahorn.camp\\\/\",\"https:\\\/\\\/www.youtube.com\\\/channel\\\/UCPFbPCts1JJ_A1k9vyH0yOQ\"]}]}<\/script>\n<!-- \/ Yoast SEO plugin. -->","yoast_head_json":{"title":"Feuerl\u00f6scher 1 Kg - Ahorn Camp | Reisemobile und Kastenwagen","description":"Sicherheit f\u00fcr unterwegs! Der 1 kg Feuerl\u00f6scher passt in jedes Fahrzeug & l\u00f6scht Br\u00e4nde schnell und zuverl\u00e4ssig. Jetzt bestellen & gesch\u00fctzt reisen!","robots":{"index":"index","follow":"follow","max-snippet":"max-snippet:-1","max-image-preview":"max-image-preview:large","max-video-preview":"max-video-preview:-1"},"canonical":"https:\/\/ahorn-camp.de\/it\/product\/feuerloescher\/","og_locale":"it_IT","og_type":"article","og_title":"Feuerl\u00f6scher 1 Kg - Ahorn Camp | Reisemobile und Kastenwagen","og_description":"Sicherheit f\u00fcr unterwegs! Der 1 kg Feuerl\u00f6scher passt in jedes Fahrzeug & l\u00f6scht Br\u00e4nde schnell und zuverl\u00e4ssig. Jetzt bestellen & gesch\u00fctzt reisen!","og_url":"https:\/\/ahorn-camp.de\/it\/product\/feuerloescher\/","og_site_name":"Ahorn Camp | Reisemobile und Kastenwagen","article_publisher":"https:\/\/www.facebook.com\/ahorn.wohnmobile\/","article_modified_time":"2025-04-24T13:20:03+00:00","og_image":[{"width":2560,"height":2560,"url":"https:\/\/ahorn-camp.de\/wp-content\/uploads\/2025\/04\/Feuerloescher-scaled.jpg","type":"image\/jpeg"}],"twitter_card":"summary_large_image","twitter_misc":{"Tempo di lettura stimato":"1 minuto"},"schema":{"@context":"https:\/\/schema.org","@graph":[{"@type":"WebPage","@id":"https:\/\/ahorn-camp.de\/product\/feuerloescher\/","url":"https:\/\/ahorn-camp.de\/product\/feuerloescher\/","name":"Feuerl\u00f6scher 1 Kg - Ahorn Camp | Reisemobile und Kastenwagen","isPartOf":{"@id":"https:\/\/ahorn-camp.de\/#website"},"primaryImageOfPage":{"@id":"https:\/\/ahorn-camp.de\/product\/feuerloescher\/#primaryimage"},"image":{"@id":"https:\/\/ahorn-camp.de\/product\/feuerloescher\/#primaryimage"},"thumbnailUrl":"https:\/\/ahorn-camp.de\/wp-content\/uploads\/2025\/04\/Feuerloescher-scaled.jpg","datePublished":"2025-04-24T11:56:52+00:00","dateModified":"2025-04-24T13:20:03+00:00","description":"Sicherheit f\u00fcr unterwegs! Der 1 kg Feuerl\u00f6scher passt in jedes Fahrzeug & l\u00f6scht Br\u00e4nde schnell und zuverl\u00e4ssig. Jetzt bestellen & gesch\u00fctzt reisen!","breadcrumb":{"@id":"https:\/\/ahorn-camp.de\/product\/feuerloescher\/#breadcrumb"},"inLanguage":"it-IT","potentialAction":[{"@type":"ReadAction","target":["https:\/\/ahorn-camp.de\/product\/feuerloescher\/"]}]},{"@type":"ImageObject","inLanguage":"it-IT","@id":"https:\/\/ahorn-camp.de\/product\/feuerloescher\/#primaryimage","url":"https:\/\/ahorn-camp.de\/wp-content\/uploads\/2025\/04\/Feuerloescher-scaled.jpg","contentUrl":"https:\/\/ahorn-camp.de\/wp-content\/uploads\/2025\/04\/Feuerloescher-scaled.jpg","width":2560,"height":2560,"caption":"Feuerl\u00f6scher 1 Kg"},{"@type":"BreadcrumbList","@id":"https:\/\/ahorn-camp.de\/product\/feuerloescher\/#breadcrumb","itemListElement":[{"@type":"ListItem","position":1,"name":"Startseite","item":"https:\/\/ahorn-camp.de\/"},{"@type":"ListItem","position":2,"name":"Merchandise-Shop","item":"https:\/\/ahorn-camp.de\/merchandise-shop\/"},{"@type":"ListItem","position":3,"name":"Feuerl\u00f6scher 1 Kg"}]},{"@type":"WebSite","@id":"https:\/\/ahorn-camp.de\/#website","url":"https:\/\/ahorn-camp.de\/","name":"Ahorn Camp | Camper e furgonati","description":"Da oltre 30 anni l'azienda a conduzione familiare, Ahorn Camp a Speyer, commercializza con successo camper e furgoni al miglior rapporto qualit\u00e0-prezzo.","publisher":{"@id":"https:\/\/ahorn-camp.de\/#organization"},"potentialAction":[{"@type":"SearchAction","target":{"@type":"EntryPoint","urlTemplate":"https:\/\/ahorn-camp.de\/?s={search_term_string}"},"query-input":{"@type":"PropertyValueSpecification","valueRequired":true,"valueName":"search_term_string"}}],"inLanguage":"it-IT"},{"@type":"Organization","@id":"https:\/\/ahorn-camp.de\/#organization","name":"Ahorn Camp GmbH &amp; Co. KG","url":"https:\/\/ahorn-camp.de\/","logo":{"@type":"ImageObject","inLanguage":"it-IT","@id":"https:\/\/ahorn-camp.de\/#\/schema\/logo\/image\/","url":"https:\/\/ahorn-camp.de\/wp-content\/uploads\/2018\/12\/Ahorn_Logo.jpg","contentUrl":"https:\/\/ahorn-camp.de\/wp-content\/uploads\/2018\/12\/Ahorn_Logo.jpg","width":1437,"height":1000,"caption":"Ahorn Camp GmbH & Co. KG"},"image":{"@id":"https:\/\/ahorn-camp.de\/#\/schema\/logo\/image\/"},"sameAs":["https:\/\/www.facebook.com\/ahorn.wohnmobile\/","https:\/\/www.instagram.com\/ahorn.camp\/","https:\/\/www.youtube.com\/channel\/UCPFbPCts1JJ_A1k9vyH0yOQ"]}]}},"_links":{"self":[{"href":"https:\/\/ahorn-camp.de\/it\/wp-json\/wp\/v2\/product\/30590","targetHints":{"allow":["GET"]}}],"collection":[{"href":"https:\/\/ahorn-camp.de\/it\/wp-json\/wp\/v2\/product"}],"about":[{"href":"https:\/\/ahorn-camp.de\/it\/wp-json\/wp\/v2\/types\/product"}],"wp:featuredmedia":[{"embeddable":true,"href":"https:\/\/ahorn-camp.de\/it\/wp-json\/wp\/v2\/media\/30591"}],"wp:attachment":[{"href":"https:\/\/ahorn-camp.de\/it\/wp-json\/wp\/v2\/media?parent=30590"}],"wp:term":[{"taxonomy":"product_brand","embeddable":true,"href":"https:\/\/ahorn-camp.de\/it\/wp-json\/wp\/v2\/product_brand?post=30590"},{"taxonomy":"product_cat","embeddable":true,"href":"https:\/\/ahorn-camp.de\/it\/wp-json\/wp\/v2\/product_cat?post=30590"},{"taxonomy":"product_tag","embeddable":true,"href":"https:\/\/ahorn-camp.de\/it\/wp-json\/wp\/v2\/product_tag?post=30590"}],"curies":[{"name":"wp","href":"https:\/\/api.w.org\/{rel}","templated":true}]}}