{"id":22321,"date":"2024-02-23T10:15:20","date_gmt":"2024-02-23T09:15:20","guid":{"rendered":"https:\/\/ahorn-camp.de\/?post_type=product&#038;p=22321"},"modified":"2026-04-29T09:20:31","modified_gmt":"2026-04-29T07:20:31","slug":"ladebooster","status":"publish","type":"product","link":"https:\/\/ahorn-camp.de\/it\/product\/ladebooster\/","title":{"rendered":"Booster di carica"},"content":{"rendered":"<p>Entdecken Sie unseren Ladebooster zum Aufladen der Aufbaubatterie w\u00e4hrend der Fahrt. Der Ladebooster l\u00e4dt mit maximal 25 Ampere unabh\u00e4ngig von der Spannung der Lichtmaschine. Er ist f\u00fcr Lithiumbatterien, AGM und Bleibatterien geeignet. Der Batterietyp kann einfach per Mikroschalter eingestellt werden.<\/p>\n<ul>\n<li>Spannung: 12 V<\/li>\n<li>Nennstrom: 28 A<\/li>\n<li>Eingangsspannung: 12,0 \u2013 15,0 V<\/li>\n<li>Ladestrom: 25 A<\/li>\n<li>Ausgangsspannung: 14,7 V<\/li>\n<li>Ma\u00dfe (B x T x H): 130 \u00d7 90 \u00d7 47 mm<\/li>\n<\/ul>\n<p>&nbsp;<\/p>\n<p>Selezionando il prodotto comprensivo di montaggio, ti contatteremo dopo la conferma dell'ordine con una proposta di appuntamento presso la nostra filiale di Speyer.<\/p>","protected":false},"excerpt":{"rendered":"<p>Entdecken Sie unseren Ladebooster zum Aufladen der Aufbaubatterie w\u00e4hrend der Fahrt. Der Ladebooster l\u00e4dt mit maximal 25 Ampere unabh\u00e4ngig von der Spannung der Lichtmaschine. Er ist f\u00fcr Lithiumbatterien, AGM und Bleibatterien geeignet. Der Batterietyp kann einfach per Mikroschalter eingestellt werden.<\/p>\n<ul>\n<li>Spannung: 12 V<\/li>\n<li>Nennstrom: 28 A<\/li>\n<li>Eingangsspannung: 12,0 \u2013 15,0 V<\/li>\n<li>Ladestrom: 25 A<\/li>\n<li>Ausgangsspannung: 14,7 V<\/li>\n<li>Ma\u00dfe (B x T x H): 130 \u00d7 90 \u00d7 47 mm<\/li>\n<\/ul>\n<p>&nbsp;<\/p>\n<p>Selezionando il prodotto comprensivo di montaggio, ti contatteremo dopo la conferma dell'ordine con una proposta di appuntamento presso la nostra filiale di Speyer.<\/p>","protected":false},"featured_media":22508,"template":"","meta":{"content-type":""},"product_brand":[],"product_cat":[602,606,609,610,605,607,608,604,611,612],"product_tag":[],"class_list":{"0":"post-22321","1":"product","2":"type-product","3":"status-publish","4":"has-post-thumbnail","6":"product_cat-zubehoer","7":"product_cat-zuebhoer-van-city","8":"product_cat-zubehoer-van-city-mtg","9":"product_cat-zubehoer-van-city-teil","10":"product_cat-zubehoer-van","11":"product_cat-zubehoer-van-mtg","12":"product_cat-zubehoer-van-teil","13":"product_cat-zubehoer-womo","14":"product_cat-zubehoer-womo-mtg","15":"product_cat-zubehoer-womo-teil","16":"product_shipping_class-paket","18":"first","19":"instock","20":"taxable","21":"shipping-taxable","22":"purchasable","23":"product-type-simple"},"yoast_head":"<!-- This site is optimized with the Yoast SEO plugin v27.5 - https:\/\/yoast.com\/product\/yoast-seo-wordpress\/ -->\n<title>Ladebooster - Ahorn Camp | Reisemobile und Kastenwagen<\/title>\n<meta name=\"description\" content=\"Der praktische Ladebooster sorgt daf\u00fcr, dass die Aufbaubatterie w\u00e4hend der Fahrt mitgeladen wird. Lesen Sie mehr in unserem Shop!\" \/>\n<meta name=\"robots\" content=\"index, follow, max-snippet:-1, max-image-preview:large, max-video-preview:-1\" \/>\n<link rel=\"canonical\" href=\"https:\/\/ahorn-camp.de\/it\/product\/ladebooster\/\" \/>\n<meta property=\"og:locale\" content=\"it_IT\" \/>\n<meta property=\"og:type\" content=\"article\" \/>\n<meta property=\"og:title\" content=\"Ladebooster - Ahorn Camp | Reisemobile und Kastenwagen\" \/>\n<meta property=\"og:description\" content=\"Der praktische Ladebooster sorgt daf\u00fcr, dass die Aufbaubatterie w\u00e4hend der Fahrt mitgeladen wird. Lesen Sie mehr in unserem Shop!\" \/>\n<meta property=\"og:url\" content=\"https:\/\/ahorn-camp.de\/it\/product\/ladebooster\/\" \/>\n<meta property=\"og:site_name\" content=\"Ahorn Camp | Reisemobile und Kastenwagen\" \/>\n<meta property=\"article:publisher\" content=\"https:\/\/www.facebook.com\/ahorn.wohnmobile\/\" \/>\n<meta property=\"article:modified_time\" content=\"2026-04-29T07:20:31+00:00\" \/>\n<meta property=\"og:image\" content=\"https:\/\/ahorn-camp.de\/wp-content\/uploads\/2024\/02\/Ladebooster.jpg\" \/>\n\t<meta property=\"og:image:width\" content=\"1000\" \/>\n\t<meta property=\"og:image:height\" content=\"1000\" \/>\n\t<meta property=\"og:image:type\" content=\"image\/jpeg\" \/>\n<meta name=\"twitter:card\" content=\"summary_large_image\" \/>\n<meta name=\"twitter:label1\" content=\"Tempo di lettura stimato\" \/>\n\t<meta name=\"twitter:data1\" content=\"1 minuto\" \/>\n<script type=\"application\/ld+json\" class=\"yoast-schema-graph\">{\"@context\":\"https:\\\/\\\/schema.org\",\"@graph\":[{\"@type\":\"WebPage\",\"@id\":\"https:\\\/\\\/ahorn-camp.de\\\/product\\\/ladebooster\\\/\",\"url\":\"https:\\\/\\\/ahorn-camp.de\\\/product\\\/ladebooster\\\/\",\"name\":\"Ladebooster - Ahorn Camp | Reisemobile und Kastenwagen\",\"isPartOf\":{\"@id\":\"https:\\\/\\\/ahorn-camp.de\\\/#website\"},\"primaryImageOfPage\":{\"@id\":\"https:\\\/\\\/ahorn-camp.de\\\/product\\\/ladebooster\\\/#primaryimage\"},\"image\":{\"@id\":\"https:\\\/\\\/ahorn-camp.de\\\/product\\\/ladebooster\\\/#primaryimage\"},\"thumbnailUrl\":\"https:\\\/\\\/ahorn-camp.de\\\/wp-content\\\/uploads\\\/2024\\\/02\\\/Ladebooster.jpg\",\"datePublished\":\"2024-02-23T09:15:20+00:00\",\"dateModified\":\"2026-04-29T07:20:31+00:00\",\"description\":\"Der praktische Ladebooster sorgt daf\u00fcr, dass die Aufbaubatterie w\u00e4hend der Fahrt mitgeladen wird. Lesen Sie mehr in unserem Shop!\",\"breadcrumb\":{\"@id\":\"https:\\\/\\\/ahorn-camp.de\\\/product\\\/ladebooster\\\/#breadcrumb\"},\"inLanguage\":\"it-IT\",\"potentialAction\":[{\"@type\":\"ReadAction\",\"target\":[\"https:\\\/\\\/ahorn-camp.de\\\/product\\\/ladebooster\\\/\"]}]},{\"@type\":\"ImageObject\",\"inLanguage\":\"it-IT\",\"@id\":\"https:\\\/\\\/ahorn-camp.de\\\/product\\\/ladebooster\\\/#primaryimage\",\"url\":\"https:\\\/\\\/ahorn-camp.de\\\/wp-content\\\/uploads\\\/2024\\\/02\\\/Ladebooster.jpg\",\"contentUrl\":\"https:\\\/\\\/ahorn-camp.de\\\/wp-content\\\/uploads\\\/2024\\\/02\\\/Ladebooster.jpg\",\"width\":1000,\"height\":1000,\"caption\":\"Ladebooster f\u00fcr Wohnmobile 25 A\"},{\"@type\":\"BreadcrumbList\",\"@id\":\"https:\\\/\\\/ahorn-camp.de\\\/product\\\/ladebooster\\\/#breadcrumb\",\"itemListElement\":[{\"@type\":\"ListItem\",\"position\":1,\"name\":\"Startseite\",\"item\":\"https:\\\/\\\/ahorn-camp.de\\\/\"},{\"@type\":\"ListItem\",\"position\":2,\"name\":\"Merchandise-Shop\",\"item\":\"https:\\\/\\\/ahorn-camp.de\\\/merchandise-shop\\\/\"},{\"@type\":\"ListItem\",\"position\":3,\"name\":\"Ladebooster\"}]},{\"@type\":\"WebSite\",\"@id\":\"https:\\\/\\\/ahorn-camp.de\\\/#website\",\"url\":\"https:\\\/\\\/ahorn-camp.de\\\/\",\"name\":\"Ahorn Camp | Reisemobile und Kastenwagen\",\"description\":\"Seit \u00fcber 30 Jahren vermarktet das Familienunternehmen, Ahorn Camp in Speyer, erfolgreich Wohnmobile und Kastenwagen zum besten Preis-Leistungsverh\u00e4ltnis.\",\"publisher\":{\"@id\":\"https:\\\/\\\/ahorn-camp.de\\\/#organization\"},\"potentialAction\":[{\"@type\":\"SearchAction\",\"target\":{\"@type\":\"EntryPoint\",\"urlTemplate\":\"https:\\\/\\\/ahorn-camp.de\\\/?s={search_term_string}\"},\"query-input\":{\"@type\":\"PropertyValueSpecification\",\"valueRequired\":true,\"valueName\":\"search_term_string\"}}],\"inLanguage\":\"it-IT\"},{\"@type\":\"Organization\",\"@id\":\"https:\\\/\\\/ahorn-camp.de\\\/#organization\",\"name\":\"Ahorn Camp GmbH & Co. KG\",\"url\":\"https:\\\/\\\/ahorn-camp.de\\\/\",\"logo\":{\"@type\":\"ImageObject\",\"inLanguage\":\"it-IT\",\"@id\":\"https:\\\/\\\/ahorn-camp.de\\\/#\\\/schema\\\/logo\\\/image\\\/\",\"url\":\"https:\\\/\\\/ahorn-camp.de\\\/wp-content\\\/uploads\\\/2018\\\/12\\\/Ahorn_Logo.jpg\",\"contentUrl\":\"https:\\\/\\\/ahorn-camp.de\\\/wp-content\\\/uploads\\\/2018\\\/12\\\/Ahorn_Logo.jpg\",\"width\":1437,\"height\":1000,\"caption\":\"Ahorn Camp GmbH & Co. KG\"},\"image\":{\"@id\":\"https:\\\/\\\/ahorn-camp.de\\\/#\\\/schema\\\/logo\\\/image\\\/\"},\"sameAs\":[\"https:\\\/\\\/www.facebook.com\\\/ahorn.wohnmobile\\\/\",\"https:\\\/\\\/www.instagram.com\\\/ahorn.camp\\\/\",\"https:\\\/\\\/www.youtube.com\\\/channel\\\/UCPFbPCts1JJ_A1k9vyH0yOQ\"]}]}<\/script>\n<!-- \/ Yoast SEO plugin. -->","yoast_head_json":{"title":"Ladebooster - Ahorn Camp | Reisemobile und Kastenwagen","description":"Der praktische Ladebooster sorgt daf\u00fcr, dass die Aufbaubatterie w\u00e4hend der Fahrt mitgeladen wird. Lesen Sie mehr in unserem Shop!","robots":{"index":"index","follow":"follow","max-snippet":"max-snippet:-1","max-image-preview":"max-image-preview:large","max-video-preview":"max-video-preview:-1"},"canonical":"https:\/\/ahorn-camp.de\/it\/product\/ladebooster\/","og_locale":"it_IT","og_type":"article","og_title":"Ladebooster - Ahorn Camp | Reisemobile und Kastenwagen","og_description":"Der praktische Ladebooster sorgt daf\u00fcr, dass die Aufbaubatterie w\u00e4hend der Fahrt mitgeladen wird. Lesen Sie mehr in unserem Shop!","og_url":"https:\/\/ahorn-camp.de\/it\/product\/ladebooster\/","og_site_name":"Ahorn Camp | Reisemobile und Kastenwagen","article_publisher":"https:\/\/www.facebook.com\/ahorn.wohnmobile\/","article_modified_time":"2026-04-29T07:20:31+00:00","og_image":[{"width":1000,"height":1000,"url":"https:\/\/ahorn-camp.de\/wp-content\/uploads\/2024\/02\/Ladebooster.jpg","type":"image\/jpeg"}],"twitter_card":"summary_large_image","twitter_misc":{"Tempo di lettura stimato":"1 minuto"},"schema":{"@context":"https:\/\/schema.org","@graph":[{"@type":"WebPage","@id":"https:\/\/ahorn-camp.de\/product\/ladebooster\/","url":"https:\/\/ahorn-camp.de\/product\/ladebooster\/","name":"Ladebooster - Ahorn Camp | Reisemobile und Kastenwagen","isPartOf":{"@id":"https:\/\/ahorn-camp.de\/#website"},"primaryImageOfPage":{"@id":"https:\/\/ahorn-camp.de\/product\/ladebooster\/#primaryimage"},"image":{"@id":"https:\/\/ahorn-camp.de\/product\/ladebooster\/#primaryimage"},"thumbnailUrl":"https:\/\/ahorn-camp.de\/wp-content\/uploads\/2024\/02\/Ladebooster.jpg","datePublished":"2024-02-23T09:15:20+00:00","dateModified":"2026-04-29T07:20:31+00:00","description":"Der praktische Ladebooster sorgt daf\u00fcr, dass die Aufbaubatterie w\u00e4hend der Fahrt mitgeladen wird. Lesen Sie mehr in unserem Shop!","breadcrumb":{"@id":"https:\/\/ahorn-camp.de\/product\/ladebooster\/#breadcrumb"},"inLanguage":"it-IT","potentialAction":[{"@type":"ReadAction","target":["https:\/\/ahorn-camp.de\/product\/ladebooster\/"]}]},{"@type":"ImageObject","inLanguage":"it-IT","@id":"https:\/\/ahorn-camp.de\/product\/ladebooster\/#primaryimage","url":"https:\/\/ahorn-camp.de\/wp-content\/uploads\/2024\/02\/Ladebooster.jpg","contentUrl":"https:\/\/ahorn-camp.de\/wp-content\/uploads\/2024\/02\/Ladebooster.jpg","width":1000,"height":1000,"caption":"Ladebooster f\u00fcr Wohnmobile 25 A"},{"@type":"BreadcrumbList","@id":"https:\/\/ahorn-camp.de\/product\/ladebooster\/#breadcrumb","itemListElement":[{"@type":"ListItem","position":1,"name":"Startseite","item":"https:\/\/ahorn-camp.de\/"},{"@type":"ListItem","position":2,"name":"Merchandise-Shop","item":"https:\/\/ahorn-camp.de\/merchandise-shop\/"},{"@type":"ListItem","position":3,"name":"Ladebooster"}]},{"@type":"WebSite","@id":"https:\/\/ahorn-camp.de\/#website","url":"https:\/\/ahorn-camp.de\/","name":"Ahorn Camp | Camper e furgonati","description":"Da oltre 30 anni l'azienda a conduzione familiare, Ahorn Camp a Speyer, commercializza con successo camper e furgoni al miglior rapporto qualit\u00e0-prezzo.","publisher":{"@id":"https:\/\/ahorn-camp.de\/#organization"},"potentialAction":[{"@type":"SearchAction","target":{"@type":"EntryPoint","urlTemplate":"https:\/\/ahorn-camp.de\/?s={search_term_string}"},"query-input":{"@type":"PropertyValueSpecification","valueRequired":true,"valueName":"search_term_string"}}],"inLanguage":"it-IT"},{"@type":"Organization","@id":"https:\/\/ahorn-camp.de\/#organization","name":"Ahorn Camp GmbH &amp; Co. KG","url":"https:\/\/ahorn-camp.de\/","logo":{"@type":"ImageObject","inLanguage":"it-IT","@id":"https:\/\/ahorn-camp.de\/#\/schema\/logo\/image\/","url":"https:\/\/ahorn-camp.de\/wp-content\/uploads\/2018\/12\/Ahorn_Logo.jpg","contentUrl":"https:\/\/ahorn-camp.de\/wp-content\/uploads\/2018\/12\/Ahorn_Logo.jpg","width":1437,"height":1000,"caption":"Ahorn Camp GmbH & Co. KG"},"image":{"@id":"https:\/\/ahorn-camp.de\/#\/schema\/logo\/image\/"},"sameAs":["https:\/\/www.facebook.com\/ahorn.wohnmobile\/","https:\/\/www.instagram.com\/ahorn.camp\/","https:\/\/www.youtube.com\/channel\/UCPFbPCts1JJ_A1k9vyH0yOQ"]}]}},"_links":{"self":[{"href":"https:\/\/ahorn-camp.de\/it\/wp-json\/wp\/v2\/product\/22321","targetHints":{"allow":["GET"]}}],"collection":[{"href":"https:\/\/ahorn-camp.de\/it\/wp-json\/wp\/v2\/product"}],"about":[{"href":"https:\/\/ahorn-camp.de\/it\/wp-json\/wp\/v2\/types\/product"}],"wp:featuredmedia":[{"embeddable":true,"href":"https:\/\/ahorn-camp.de\/it\/wp-json\/wp\/v2\/media\/22508"}],"wp:attachment":[{"href":"https:\/\/ahorn-camp.de\/it\/wp-json\/wp\/v2\/media?parent=22321"}],"wp:term":[{"taxonomy":"product_brand","embeddable":true,"href":"https:\/\/ahorn-camp.de\/it\/wp-json\/wp\/v2\/product_brand?post=22321"},{"taxonomy":"product_cat","embeddable":true,"href":"https:\/\/ahorn-camp.de\/it\/wp-json\/wp\/v2\/product_cat?post=22321"},{"taxonomy":"product_tag","embeddable":true,"href":"https:\/\/ahorn-camp.de\/it\/wp-json\/wp\/v2\/product_tag?post=22321"}],"curies":[{"name":"wp","href":"https:\/\/api.w.org\/{rel}","templated":true}]}}