{"id":21393,"date":"2023-12-11T16:39:59","date_gmt":"2023-12-11T15:39:59","guid":{"rendered":"https:\/\/ahorn-camp.de\/?post_type=product&#038;p=21393"},"modified":"2024-11-18T13:45:47","modified_gmt":"2024-11-18T12:45:47","slug":"rent-gutschein","status":"publish","type":"product","link":"https:\/\/ahorn-camp.de\/it\/product\/rent-gutschein\/","title":{"rendered":"Buono regalo Ahorn Rent"},"content":{"rendered":"<p>M\u00f6chtest du deinen Liebsten etwas Gutes tun? Dann verschenke doch einen Teil einer Camperreise mit den Gutscheinen von Ahorn Rent!<\/p>\n<p>Dopo l'ordine, il buono verr\u00e0 inviato digitalmente e potr\u00e0 essere stampato comodamente a casa.<\/p>\n<p>Der Gutschein kann nicht gegen Bargeld eingel\u00f6st werden. G\u00fcltig f\u00fcr die Niederlassungen von Ahorn Rent in Speyer &amp; Dietzenbach.<\/p>\n<p>Nur ein Gutschein je Reise einl\u00f6sbar. Der Gutschein ist drei Jahre g\u00fcltig.<\/p>","protected":false},"excerpt":{"rendered":"<p>M\u00f6chtest du deinen Liebsten etwas Gutes tun? Dann verschenke doch einen Teil einer Camperreise mit den Gutscheinen von Ahorn Rent!<\/p>\n<p>Dopo l'ordine, il buono verr\u00e0 inviato digitalmente e potr\u00e0 essere stampato comodamente a casa.<\/p>\n<p>Der Gutschein kann nicht gegen Bargeld eingel\u00f6st werden. G\u00fcltig f\u00fcr die Niederlassungen von Ahorn Rent in Speyer &amp; Dietzenbach.<\/p>\n<p>Nur ein Gutschein je Reise einl\u00f6sbar. Der Gutschein ist drei Jahre g\u00fcltig.<\/p>","protected":false},"featured_media":21399,"template":"","meta":{"content-type":""},"product_brand":[],"product_cat":[115,112,618],"product_tag":[],"class_list":{"0":"post-21393","1":"product","2":"type-product","3":"status-publish","4":"has-post-thumbnail","6":"product_cat-merchandise","7":"product_cat-uncategorized","8":"product_cat-gutschein","9":"product_shipping_class-gutscheine","11":"first","12":"instock","13":"taxable","14":"shipping-taxable","15":"purchasable","16":"product-type-variable"},"yoast_head":"<!-- This site is optimized with the Yoast SEO plugin v27.3 - https:\/\/yoast.com\/product\/yoast-seo-wordpress\/ -->\n<title>Ahorn Rent Gutschein - Ahorn Camp | Reisemobile und Kastenwagen<\/title>\n<meta name=\"description\" content=\"Auf der Suche nach einem Geschenk? Verschenke einen Teil einer Camperreise bei Ahorn Rent f\u00fcr deine Liebsten! Das perfekte Erlebnisgeschenk.\" \/>\n<meta name=\"robots\" content=\"index, follow, max-snippet:-1, max-image-preview:large, max-video-preview:-1\" \/>\n<link rel=\"canonical\" href=\"https:\/\/ahorn-camp.de\/it\/product\/rent-gutschein\/\" \/>\n<meta property=\"og:locale\" content=\"it_IT\" \/>\n<meta property=\"og:type\" content=\"article\" \/>\n<meta property=\"og:title\" content=\"Ahorn Rent Gutschein - Ahorn Camp | Reisemobile und Kastenwagen\" \/>\n<meta property=\"og:description\" content=\"Auf der Suche nach einem Geschenk? Verschenke einen Teil einer Camperreise bei Ahorn Rent f\u00fcr deine Liebsten! Das perfekte Erlebnisgeschenk.\" \/>\n<meta property=\"og:url\" content=\"https:\/\/ahorn-camp.de\/it\/product\/rent-gutschein\/\" \/>\n<meta property=\"og:site_name\" content=\"Ahorn Camp | Reisemobile und Kastenwagen\" \/>\n<meta property=\"article:publisher\" content=\"https:\/\/www.facebook.com\/ahorn.wohnmobile\/\" \/>\n<meta property=\"article:modified_time\" content=\"2024-11-18T12:45:47+00:00\" \/>\n<meta property=\"og:image\" content=\"https:\/\/ahorn-camp.de\/wp-content\/uploads\/2023\/12\/20231211_LR_Gutschein-Aktuelles-e1702387621603.jpg\" \/>\n\t<meta property=\"og:image:width\" content=\"776\" \/>\n\t<meta property=\"og:image:height\" content=\"776\" \/>\n\t<meta property=\"og:image:type\" content=\"image\/jpeg\" \/>\n<meta name=\"twitter:card\" content=\"summary_large_image\" \/>\n<meta name=\"twitter:label1\" content=\"Tempo di lettura stimato\" \/>\n\t<meta name=\"twitter:data1\" content=\"1 minuto\" \/>\n<script type=\"application\/ld+json\" class=\"yoast-schema-graph\">{\"@context\":\"https:\\\/\\\/schema.org\",\"@graph\":[{\"@type\":\"WebPage\",\"@id\":\"https:\\\/\\\/ahorn-camp.de\\\/product\\\/rent-gutschein\\\/\",\"url\":\"https:\\\/\\\/ahorn-camp.de\\\/product\\\/rent-gutschein\\\/\",\"name\":\"Ahorn Rent Gutschein - Ahorn Camp | Reisemobile und Kastenwagen\",\"isPartOf\":{\"@id\":\"https:\\\/\\\/ahorn-camp.de\\\/#website\"},\"primaryImageOfPage\":{\"@id\":\"https:\\\/\\\/ahorn-camp.de\\\/product\\\/rent-gutschein\\\/#primaryimage\"},\"image\":{\"@id\":\"https:\\\/\\\/ahorn-camp.de\\\/product\\\/rent-gutschein\\\/#primaryimage\"},\"thumbnailUrl\":\"https:\\\/\\\/ahorn-camp.de\\\/wp-content\\\/uploads\\\/2023\\\/12\\\/20231211_LR_Gutschein-Aktuelles-e1702387621603.jpg\",\"datePublished\":\"2023-12-11T15:39:59+00:00\",\"dateModified\":\"2024-11-18T12:45:47+00:00\",\"description\":\"Auf der Suche nach einem Geschenk? Verschenke einen Teil einer Camperreise bei Ahorn Rent f\u00fcr deine Liebsten! Das perfekte Erlebnisgeschenk.\",\"breadcrumb\":{\"@id\":\"https:\\\/\\\/ahorn-camp.de\\\/product\\\/rent-gutschein\\\/#breadcrumb\"},\"inLanguage\":\"it-IT\",\"potentialAction\":[{\"@type\":\"ReadAction\",\"target\":[\"https:\\\/\\\/ahorn-camp.de\\\/product\\\/rent-gutschein\\\/\"]}]},{\"@type\":\"ImageObject\",\"inLanguage\":\"it-IT\",\"@id\":\"https:\\\/\\\/ahorn-camp.de\\\/product\\\/rent-gutschein\\\/#primaryimage\",\"url\":\"https:\\\/\\\/ahorn-camp.de\\\/wp-content\\\/uploads\\\/2023\\\/12\\\/20231211_LR_Gutschein-Aktuelles-e1702387621603.jpg\",\"contentUrl\":\"https:\\\/\\\/ahorn-camp.de\\\/wp-content\\\/uploads\\\/2023\\\/12\\\/20231211_LR_Gutschein-Aktuelles-e1702387621603.jpg\",\"width\":776,\"height\":776,\"caption\":\"Ahorn Rent Gutschein\"},{\"@type\":\"BreadcrumbList\",\"@id\":\"https:\\\/\\\/ahorn-camp.de\\\/product\\\/rent-gutschein\\\/#breadcrumb\",\"itemListElement\":[{\"@type\":\"ListItem\",\"position\":1,\"name\":\"Startseite\",\"item\":\"https:\\\/\\\/ahorn-camp.de\\\/\"},{\"@type\":\"ListItem\",\"position\":2,\"name\":\"Merchandise-Shop\",\"item\":\"https:\\\/\\\/ahorn-camp.de\\\/merchandise-shop\\\/\"},{\"@type\":\"ListItem\",\"position\":3,\"name\":\"Ahorn Rent Gutschein\"}]},{\"@type\":\"WebSite\",\"@id\":\"https:\\\/\\\/ahorn-camp.de\\\/#website\",\"url\":\"https:\\\/\\\/ahorn-camp.de\\\/\",\"name\":\"Ahorn Camp | Reisemobile und Kastenwagen\",\"description\":\"Seit \u00fcber 30 Jahren vermarktet das Familienunternehmen, Ahorn Camp in Speyer, erfolgreich Wohnmobile und Kastenwagen zum besten Preis-Leistungsverh\u00e4ltnis.\",\"publisher\":{\"@id\":\"https:\\\/\\\/ahorn-camp.de\\\/#organization\"},\"potentialAction\":[{\"@type\":\"SearchAction\",\"target\":{\"@type\":\"EntryPoint\",\"urlTemplate\":\"https:\\\/\\\/ahorn-camp.de\\\/?s={search_term_string}\"},\"query-input\":{\"@type\":\"PropertyValueSpecification\",\"valueRequired\":true,\"valueName\":\"search_term_string\"}}],\"inLanguage\":\"it-IT\"},{\"@type\":\"Organization\",\"@id\":\"https:\\\/\\\/ahorn-camp.de\\\/#organization\",\"name\":\"Ahorn Camp GmbH & Co. KG\",\"url\":\"https:\\\/\\\/ahorn-camp.de\\\/\",\"logo\":{\"@type\":\"ImageObject\",\"inLanguage\":\"it-IT\",\"@id\":\"https:\\\/\\\/ahorn-camp.de\\\/#\\\/schema\\\/logo\\\/image\\\/\",\"url\":\"https:\\\/\\\/ahorn-camp.de\\\/wp-content\\\/uploads\\\/2018\\\/12\\\/Ahorn_Logo.jpg\",\"contentUrl\":\"https:\\\/\\\/ahorn-camp.de\\\/wp-content\\\/uploads\\\/2018\\\/12\\\/Ahorn_Logo.jpg\",\"width\":1437,\"height\":1000,\"caption\":\"Ahorn Camp GmbH & Co. KG\"},\"image\":{\"@id\":\"https:\\\/\\\/ahorn-camp.de\\\/#\\\/schema\\\/logo\\\/image\\\/\"},\"sameAs\":[\"https:\\\/\\\/www.facebook.com\\\/ahorn.wohnmobile\\\/\",\"https:\\\/\\\/www.instagram.com\\\/ahorn.camp\\\/\",\"https:\\\/\\\/www.youtube.com\\\/channel\\\/UCPFbPCts1JJ_A1k9vyH0yOQ\"]}]}<\/script>\n<!-- \/ Yoast SEO plugin. -->","yoast_head_json":{"title":"Ahorn Rent Gutschein - Ahorn Camp | Reisemobile und Kastenwagen","description":"Auf der Suche nach einem Geschenk? Verschenke einen Teil einer Camperreise bei Ahorn Rent f\u00fcr deine Liebsten! Das perfekte Erlebnisgeschenk.","robots":{"index":"index","follow":"follow","max-snippet":"max-snippet:-1","max-image-preview":"max-image-preview:large","max-video-preview":"max-video-preview:-1"},"canonical":"https:\/\/ahorn-camp.de\/it\/product\/rent-gutschein\/","og_locale":"it_IT","og_type":"article","og_title":"Ahorn Rent Gutschein - Ahorn Camp | Reisemobile und Kastenwagen","og_description":"Auf der Suche nach einem Geschenk? Verschenke einen Teil einer Camperreise bei Ahorn Rent f\u00fcr deine Liebsten! Das perfekte Erlebnisgeschenk.","og_url":"https:\/\/ahorn-camp.de\/it\/product\/rent-gutschein\/","og_site_name":"Ahorn Camp | Reisemobile und Kastenwagen","article_publisher":"https:\/\/www.facebook.com\/ahorn.wohnmobile\/","article_modified_time":"2024-11-18T12:45:47+00:00","og_image":[{"width":776,"height":776,"url":"https:\/\/ahorn-camp.de\/wp-content\/uploads\/2023\/12\/20231211_LR_Gutschein-Aktuelles-e1702387621603.jpg","type":"image\/jpeg"}],"twitter_card":"summary_large_image","twitter_misc":{"Tempo di lettura stimato":"1 minuto"},"schema":{"@context":"https:\/\/schema.org","@graph":[{"@type":"WebPage","@id":"https:\/\/ahorn-camp.de\/product\/rent-gutschein\/","url":"https:\/\/ahorn-camp.de\/product\/rent-gutschein\/","name":"Ahorn Rent Gutschein - Ahorn Camp | Reisemobile und Kastenwagen","isPartOf":{"@id":"https:\/\/ahorn-camp.de\/#website"},"primaryImageOfPage":{"@id":"https:\/\/ahorn-camp.de\/product\/rent-gutschein\/#primaryimage"},"image":{"@id":"https:\/\/ahorn-camp.de\/product\/rent-gutschein\/#primaryimage"},"thumbnailUrl":"https:\/\/ahorn-camp.de\/wp-content\/uploads\/2023\/12\/20231211_LR_Gutschein-Aktuelles-e1702387621603.jpg","datePublished":"2023-12-11T15:39:59+00:00","dateModified":"2024-11-18T12:45:47+00:00","description":"Auf der Suche nach einem Geschenk? Verschenke einen Teil einer Camperreise bei Ahorn Rent f\u00fcr deine Liebsten! Das perfekte Erlebnisgeschenk.","breadcrumb":{"@id":"https:\/\/ahorn-camp.de\/product\/rent-gutschein\/#breadcrumb"},"inLanguage":"it-IT","potentialAction":[{"@type":"ReadAction","target":["https:\/\/ahorn-camp.de\/product\/rent-gutschein\/"]}]},{"@type":"ImageObject","inLanguage":"it-IT","@id":"https:\/\/ahorn-camp.de\/product\/rent-gutschein\/#primaryimage","url":"https:\/\/ahorn-camp.de\/wp-content\/uploads\/2023\/12\/20231211_LR_Gutschein-Aktuelles-e1702387621603.jpg","contentUrl":"https:\/\/ahorn-camp.de\/wp-content\/uploads\/2023\/12\/20231211_LR_Gutschein-Aktuelles-e1702387621603.jpg","width":776,"height":776,"caption":"Ahorn Rent Gutschein"},{"@type":"BreadcrumbList","@id":"https:\/\/ahorn-camp.de\/product\/rent-gutschein\/#breadcrumb","itemListElement":[{"@type":"ListItem","position":1,"name":"Startseite","item":"https:\/\/ahorn-camp.de\/"},{"@type":"ListItem","position":2,"name":"Merchandise-Shop","item":"https:\/\/ahorn-camp.de\/merchandise-shop\/"},{"@type":"ListItem","position":3,"name":"Ahorn Rent Gutschein"}]},{"@type":"WebSite","@id":"https:\/\/ahorn-camp.de\/#website","url":"https:\/\/ahorn-camp.de\/","name":"Ahorn Camp | Camper e furgonati","description":"Da oltre 30 anni l'azienda a conduzione familiare, Ahorn Camp a Speyer, commercializza con successo camper e furgoni al miglior rapporto qualit\u00e0-prezzo.","publisher":{"@id":"https:\/\/ahorn-camp.de\/#organization"},"potentialAction":[{"@type":"SearchAction","target":{"@type":"EntryPoint","urlTemplate":"https:\/\/ahorn-camp.de\/?s={search_term_string}"},"query-input":{"@type":"PropertyValueSpecification","valueRequired":true,"valueName":"search_term_string"}}],"inLanguage":"it-IT"},{"@type":"Organization","@id":"https:\/\/ahorn-camp.de\/#organization","name":"Ahorn Camp GmbH &amp; Co. KG","url":"https:\/\/ahorn-camp.de\/","logo":{"@type":"ImageObject","inLanguage":"it-IT","@id":"https:\/\/ahorn-camp.de\/#\/schema\/logo\/image\/","url":"https:\/\/ahorn-camp.de\/wp-content\/uploads\/2018\/12\/Ahorn_Logo.jpg","contentUrl":"https:\/\/ahorn-camp.de\/wp-content\/uploads\/2018\/12\/Ahorn_Logo.jpg","width":1437,"height":1000,"caption":"Ahorn Camp GmbH & Co. KG"},"image":{"@id":"https:\/\/ahorn-camp.de\/#\/schema\/logo\/image\/"},"sameAs":["https:\/\/www.facebook.com\/ahorn.wohnmobile\/","https:\/\/www.instagram.com\/ahorn.camp\/","https:\/\/www.youtube.com\/channel\/UCPFbPCts1JJ_A1k9vyH0yOQ"]}]}},"_links":{"self":[{"href":"https:\/\/ahorn-camp.de\/it\/wp-json\/wp\/v2\/product\/21393","targetHints":{"allow":["GET"]}}],"collection":[{"href":"https:\/\/ahorn-camp.de\/it\/wp-json\/wp\/v2\/product"}],"about":[{"href":"https:\/\/ahorn-camp.de\/it\/wp-json\/wp\/v2\/types\/product"}],"wp:featuredmedia":[{"embeddable":true,"href":"https:\/\/ahorn-camp.de\/it\/wp-json\/wp\/v2\/media\/21399"}],"wp:attachment":[{"href":"https:\/\/ahorn-camp.de\/it\/wp-json\/wp\/v2\/media?parent=21393"}],"wp:term":[{"taxonomy":"product_brand","embeddable":true,"href":"https:\/\/ahorn-camp.de\/it\/wp-json\/wp\/v2\/product_brand?post=21393"},{"taxonomy":"product_cat","embeddable":true,"href":"https:\/\/ahorn-camp.de\/it\/wp-json\/wp\/v2\/product_cat?post=21393"},{"taxonomy":"product_tag","embeddable":true,"href":"https:\/\/ahorn-camp.de\/it\/wp-json\/wp\/v2\/product_tag?post=21393"}],"curies":[{"name":"wp","href":"https:\/\/api.w.org\/{rel}","templated":true}]}}