{"id":20399,"date":"2023-11-03T16:00:22","date_gmt":"2023-11-03T15:00:22","guid":{"rendered":"https:\/\/ahorn-camp.de\/?post_type=product&#038;p=20399"},"modified":"2026-04-21T15:46:01","modified_gmt":"2026-04-21T13:46:01","slug":"navi","status":"publish","type":"product","link":"https:\/\/ahorn-camp.de\/it\/product\/navi\/","title":{"rendered":"ESX Navi Radio Sistema Completo"},"content":{"rendered":"<p>Preis ohne Montage.<\/p>\n<p>Der VNC940-RM-4G Naviceiver mit 9-Zoll Display ist ma\u00dfgeschneidert f\u00fcr den Einbau in einen Renault Master III ab Bj. 2019\/2020 und bietet perfektes Infotainment. Besten Bedienkomfort erm\u00f6glichen die gro\u00dfen\u00a0 Drehregler und die \u00fcbersichtlichen Bedienelemente unterhalb des Bildschirms. Dank installiertem Android\u00ae Betriebssystem und 4G\/ LTE Dongle* haben Sie jederzeit mobiles Internet. Dies erm\u00f6glicht den Zugriff auf Google Play\u2122 und alle kompatiblen Apps k\u00f6nnen unterwegs genutzt werden.<\/p>\n<p>Der ESX Naviceiver verf\u00fcgt \u00fcber einen schnellen Octa-Core Prozessor, 4 GB Arbeitsspeicher und eine 64 GB Flashfestplatte, womit eine fl\u00fcssige Bedienperformance garantiert ist. Der hochaufl\u00f6sende Touchscreen ist matt entspiegelt und sorgt jederzeit f\u00fcr optimale Sichtverh\u00e4ltnisse. Weitere Features**: iGo Primo Nextgen Navisoftware f\u00fcr Reisemobile (46 europ\u00e4ische L\u00e4nder inkl. T\u00fcrkei), Bluetooth\u00ae Freisprecheinrichtung inkl. Audio Streaming, Media Player, FM\/DAB+ Radio, Dateimanager, WLAN\/Hotspot-Funktion, Promobil Stellplatz-Radar App, Media Connect zum kabellosen Anbinden von Smartphones, Kamera-Direkt-Taste, Anschl\u00fcsse f\u00fcr Front- und R\u00fcckfahrkamera etc.<\/p>\n<p>&nbsp;<\/p>\n<p>Selezionando il prodotto comprensivo di montaggio, ti contatteremo dopo la conferma dell'ordine con una proposta di appuntamento presso la nostra filiale di Speyer.<\/p>\n<p>&nbsp;<\/p>\n<p>* optionale SIM-Karte mit Datenvolumen erforderlich<\/p>\n<p>** erfordert evtl. Aufpreis<\/p>","protected":false},"excerpt":{"rendered":"<p>Preis ohne Montage.<\/p>\n<p>Der VNC940-RM-4G Naviceiver mit 9-Zoll Display ist ma\u00dfgeschneidert f\u00fcr den Einbau in einen Renault Master III ab Bj. 2019\/2020 und bietet perfektes Infotainment. Besten Bedienkomfort erm\u00f6glichen die gro\u00dfen\u00a0 Drehregler und die \u00fcbersichtlichen Bedienelemente unterhalb des Bildschirms. Dank installiertem Android\u00ae Betriebssystem und 4G\/ LTE Dongle* haben Sie jederzeit mobiles Internet. Dies erm\u00f6glicht den Zugriff auf Google Play\u2122 und alle kompatiblen Apps k\u00f6nnen unterwegs genutzt werden.<\/p>\n<p>Der ESX Naviceiver verf\u00fcgt \u00fcber einen schnellen Octa-Core Prozessor, 4 GB Arbeitsspeicher und eine 64 GB Flashfestplatte, womit eine fl\u00fcssige Bedienperformance garantiert ist. Der hochaufl\u00f6sende Touchscreen ist matt entspiegelt und sorgt jederzeit f\u00fcr optimale Sichtverh\u00e4ltnisse. Weitere Features**: iGo Primo Nextgen Navisoftware f\u00fcr Reisemobile (46 europ\u00e4ische L\u00e4nder inkl. T\u00fcrkei), Bluetooth\u00ae Freisprecheinrichtung inkl. Audio Streaming, Media Player, FM\/DAB+ Radio, Dateimanager, WLAN\/Hotspot-Funktion, Promobil Stellplatz-Radar App, Media Connect zum kabellosen Anbinden von Smartphones, Kamera-Direkt-Taste, Anschl\u00fcsse f\u00fcr Front- und R\u00fcckfahrkamera etc.<\/p>\n<p>&nbsp;<\/p>\n<p>W\u00e4hlen Sie das Produkt inkl. Montage aus, kommen wir nach der [&#8230;]<\/p>\n","protected":false},"featured_media":20400,"template":"","meta":{"content-type":""},"product_brand":[],"product_cat":[602,606,610,605,608,604,612],"product_tag":[],"class_list":{"0":"post-20399","1":"product","2":"type-product","3":"status-publish","4":"has-post-thumbnail","6":"product_cat-zubehoer","7":"product_cat-zuebhoer-van-city","8":"product_cat-zubehoer-van-city-teil","9":"product_cat-zubehoer-van","10":"product_cat-zubehoer-van-teil","11":"product_cat-zubehoer-womo","12":"product_cat-zubehoer-womo-teil","13":"product_shipping_class-paket","15":"first","16":"instock","17":"taxable","18":"shipping-taxable","19":"purchasable","20":"product-type-simple"},"yoast_head":"<!-- This site is optimized with the Yoast SEO plugin v27.5 - https:\/\/yoast.com\/product\/yoast-seo-wordpress\/ -->\n<title>ESX Navi Radio Komplettsystem - Ahorn Camp | Reisemobile und Kastenwagen<\/title>\n<meta name=\"description\" content=\"Mit dem multifunktionalem ESX Naviradio Komplettsystem k\u00f6nnen Sie navigieren und Ihr Smartphone verbinden. Auch die R\u00fcckfahrkamera wird gezeigt!\" \/>\n<meta name=\"robots\" content=\"index, follow, max-snippet:-1, max-image-preview:large, max-video-preview:-1\" \/>\n<link rel=\"canonical\" href=\"https:\/\/ahorn-camp.de\/it\/product\/navi\/\" \/>\n<meta property=\"og:locale\" content=\"it_IT\" \/>\n<meta property=\"og:type\" content=\"article\" \/>\n<meta property=\"og:title\" content=\"ESX Navi Radio Komplettsystem - Ahorn Camp | Reisemobile und Kastenwagen\" \/>\n<meta property=\"og:description\" content=\"Mit dem multifunktionalem ESX Naviradio Komplettsystem k\u00f6nnen Sie navigieren und Ihr Smartphone verbinden. Auch die R\u00fcckfahrkamera wird gezeigt!\" \/>\n<meta property=\"og:url\" content=\"https:\/\/ahorn-camp.de\/it\/product\/navi\/\" \/>\n<meta property=\"og:site_name\" content=\"Ahorn Camp | Reisemobile und Kastenwagen\" \/>\n<meta property=\"article:publisher\" content=\"https:\/\/www.facebook.com\/ahorn.wohnmobile\/\" \/>\n<meta property=\"article:modified_time\" content=\"2026-04-21T13:46:01+00:00\" \/>\n<meta property=\"og:image\" content=\"https:\/\/ahorn-camp.de\/wp-content\/uploads\/2023\/11\/ESX-Navi-Radio-e1699024604178.jpg\" \/>\n\t<meta property=\"og:image:width\" content=\"1673\" \/>\n\t<meta property=\"og:image:height\" content=\"1673\" \/>\n\t<meta property=\"og:image:type\" content=\"image\/jpeg\" \/>\n<meta name=\"twitter:card\" content=\"summary_large_image\" \/>\n<meta name=\"twitter:label1\" content=\"Tempo di lettura stimato\" \/>\n\t<meta name=\"twitter:data1\" content=\"2 minuti\" \/>\n<script type=\"application\/ld+json\" class=\"yoast-schema-graph\">{\"@context\":\"https:\\\/\\\/schema.org\",\"@graph\":[{\"@type\":\"WebPage\",\"@id\":\"https:\\\/\\\/ahorn-camp.de\\\/product\\\/navi\\\/\",\"url\":\"https:\\\/\\\/ahorn-camp.de\\\/product\\\/navi\\\/\",\"name\":\"ESX Navi Radio Komplettsystem - Ahorn Camp | Reisemobile und Kastenwagen\",\"isPartOf\":{\"@id\":\"https:\\\/\\\/ahorn-camp.de\\\/#website\"},\"primaryImageOfPage\":{\"@id\":\"https:\\\/\\\/ahorn-camp.de\\\/product\\\/navi\\\/#primaryimage\"},\"image\":{\"@id\":\"https:\\\/\\\/ahorn-camp.de\\\/product\\\/navi\\\/#primaryimage\"},\"thumbnailUrl\":\"https:\\\/\\\/ahorn-camp.de\\\/wp-content\\\/uploads\\\/2023\\\/11\\\/ESX-Navi-Radio-e1699024604178.jpg\",\"datePublished\":\"2023-11-03T15:00:22+00:00\",\"dateModified\":\"2026-04-21T13:46:01+00:00\",\"description\":\"Mit dem multifunktionalem ESX Naviradio Komplettsystem k\u00f6nnen Sie navigieren und Ihr Smartphone verbinden. Auch die R\u00fcckfahrkamera wird gezeigt!\",\"breadcrumb\":{\"@id\":\"https:\\\/\\\/ahorn-camp.de\\\/product\\\/navi\\\/#breadcrumb\"},\"inLanguage\":\"it-IT\",\"potentialAction\":[{\"@type\":\"ReadAction\",\"target\":[\"https:\\\/\\\/ahorn-camp.de\\\/product\\\/navi\\\/\"]}]},{\"@type\":\"ImageObject\",\"inLanguage\":\"it-IT\",\"@id\":\"https:\\\/\\\/ahorn-camp.de\\\/product\\\/navi\\\/#primaryimage\",\"url\":\"https:\\\/\\\/ahorn-camp.de\\\/wp-content\\\/uploads\\\/2023\\\/11\\\/ESX-Navi-Radio-e1699024604178.jpg\",\"contentUrl\":\"https:\\\/\\\/ahorn-camp.de\\\/wp-content\\\/uploads\\\/2023\\\/11\\\/ESX-Navi-Radio-e1699024604178.jpg\",\"width\":1673,\"height\":1673},{\"@type\":\"BreadcrumbList\",\"@id\":\"https:\\\/\\\/ahorn-camp.de\\\/product\\\/navi\\\/#breadcrumb\",\"itemListElement\":[{\"@type\":\"ListItem\",\"position\":1,\"name\":\"Startseite\",\"item\":\"https:\\\/\\\/ahorn-camp.de\\\/\"},{\"@type\":\"ListItem\",\"position\":2,\"name\":\"Merchandise-Shop\",\"item\":\"https:\\\/\\\/ahorn-camp.de\\\/merchandise-shop\\\/\"},{\"@type\":\"ListItem\",\"position\":3,\"name\":\"ESX Navi Radio Komplettsystem\"}]},{\"@type\":\"WebSite\",\"@id\":\"https:\\\/\\\/ahorn-camp.de\\\/#website\",\"url\":\"https:\\\/\\\/ahorn-camp.de\\\/\",\"name\":\"Ahorn Camp | Reisemobile und Kastenwagen\",\"description\":\"Seit \u00fcber 30 Jahren vermarktet das Familienunternehmen, Ahorn Camp in Speyer, erfolgreich Wohnmobile und Kastenwagen zum besten Preis-Leistungsverh\u00e4ltnis.\",\"publisher\":{\"@id\":\"https:\\\/\\\/ahorn-camp.de\\\/#organization\"},\"potentialAction\":[{\"@type\":\"SearchAction\",\"target\":{\"@type\":\"EntryPoint\",\"urlTemplate\":\"https:\\\/\\\/ahorn-camp.de\\\/?s={search_term_string}\"},\"query-input\":{\"@type\":\"PropertyValueSpecification\",\"valueRequired\":true,\"valueName\":\"search_term_string\"}}],\"inLanguage\":\"it-IT\"},{\"@type\":\"Organization\",\"@id\":\"https:\\\/\\\/ahorn-camp.de\\\/#organization\",\"name\":\"Ahorn Camp GmbH & Co. KG\",\"url\":\"https:\\\/\\\/ahorn-camp.de\\\/\",\"logo\":{\"@type\":\"ImageObject\",\"inLanguage\":\"it-IT\",\"@id\":\"https:\\\/\\\/ahorn-camp.de\\\/#\\\/schema\\\/logo\\\/image\\\/\",\"url\":\"https:\\\/\\\/ahorn-camp.de\\\/wp-content\\\/uploads\\\/2018\\\/12\\\/Ahorn_Logo.jpg\",\"contentUrl\":\"https:\\\/\\\/ahorn-camp.de\\\/wp-content\\\/uploads\\\/2018\\\/12\\\/Ahorn_Logo.jpg\",\"width\":1437,\"height\":1000,\"caption\":\"Ahorn Camp GmbH & Co. KG\"},\"image\":{\"@id\":\"https:\\\/\\\/ahorn-camp.de\\\/#\\\/schema\\\/logo\\\/image\\\/\"},\"sameAs\":[\"https:\\\/\\\/www.facebook.com\\\/ahorn.wohnmobile\\\/\",\"https:\\\/\\\/www.instagram.com\\\/ahorn.camp\\\/\",\"https:\\\/\\\/www.youtube.com\\\/channel\\\/UCPFbPCts1JJ_A1k9vyH0yOQ\"]}]}<\/script>\n<!-- \/ Yoast SEO plugin. -->","yoast_head_json":{"title":"ESX Navi Radio Komplettsystem - Ahorn Camp | Reisemobile und Kastenwagen","description":"Mit dem multifunktionalem ESX Naviradio Komplettsystem k\u00f6nnen Sie navigieren und Ihr Smartphone verbinden. Auch die R\u00fcckfahrkamera wird gezeigt!","robots":{"index":"index","follow":"follow","max-snippet":"max-snippet:-1","max-image-preview":"max-image-preview:large","max-video-preview":"max-video-preview:-1"},"canonical":"https:\/\/ahorn-camp.de\/it\/product\/navi\/","og_locale":"it_IT","og_type":"article","og_title":"ESX Navi Radio Komplettsystem - Ahorn Camp | Reisemobile und Kastenwagen","og_description":"Mit dem multifunktionalem ESX Naviradio Komplettsystem k\u00f6nnen Sie navigieren und Ihr Smartphone verbinden. Auch die R\u00fcckfahrkamera wird gezeigt!","og_url":"https:\/\/ahorn-camp.de\/it\/product\/navi\/","og_site_name":"Ahorn Camp | Reisemobile und Kastenwagen","article_publisher":"https:\/\/www.facebook.com\/ahorn.wohnmobile\/","article_modified_time":"2026-04-21T13:46:01+00:00","og_image":[{"width":1673,"height":1673,"url":"https:\/\/ahorn-camp.de\/wp-content\/uploads\/2023\/11\/ESX-Navi-Radio-e1699024604178.jpg","type":"image\/jpeg"}],"twitter_card":"summary_large_image","twitter_misc":{"Tempo di lettura stimato":"2 minuti"},"schema":{"@context":"https:\/\/schema.org","@graph":[{"@type":"WebPage","@id":"https:\/\/ahorn-camp.de\/product\/navi\/","url":"https:\/\/ahorn-camp.de\/product\/navi\/","name":"ESX Navi Radio Komplettsystem - Ahorn Camp | Reisemobile und Kastenwagen","isPartOf":{"@id":"https:\/\/ahorn-camp.de\/#website"},"primaryImageOfPage":{"@id":"https:\/\/ahorn-camp.de\/product\/navi\/#primaryimage"},"image":{"@id":"https:\/\/ahorn-camp.de\/product\/navi\/#primaryimage"},"thumbnailUrl":"https:\/\/ahorn-camp.de\/wp-content\/uploads\/2023\/11\/ESX-Navi-Radio-e1699024604178.jpg","datePublished":"2023-11-03T15:00:22+00:00","dateModified":"2026-04-21T13:46:01+00:00","description":"Mit dem multifunktionalem ESX Naviradio Komplettsystem k\u00f6nnen Sie navigieren und Ihr Smartphone verbinden. Auch die R\u00fcckfahrkamera wird gezeigt!","breadcrumb":{"@id":"https:\/\/ahorn-camp.de\/product\/navi\/#breadcrumb"},"inLanguage":"it-IT","potentialAction":[{"@type":"ReadAction","target":["https:\/\/ahorn-camp.de\/product\/navi\/"]}]},{"@type":"ImageObject","inLanguage":"it-IT","@id":"https:\/\/ahorn-camp.de\/product\/navi\/#primaryimage","url":"https:\/\/ahorn-camp.de\/wp-content\/uploads\/2023\/11\/ESX-Navi-Radio-e1699024604178.jpg","contentUrl":"https:\/\/ahorn-camp.de\/wp-content\/uploads\/2023\/11\/ESX-Navi-Radio-e1699024604178.jpg","width":1673,"height":1673},{"@type":"BreadcrumbList","@id":"https:\/\/ahorn-camp.de\/product\/navi\/#breadcrumb","itemListElement":[{"@type":"ListItem","position":1,"name":"Startseite","item":"https:\/\/ahorn-camp.de\/"},{"@type":"ListItem","position":2,"name":"Merchandise-Shop","item":"https:\/\/ahorn-camp.de\/merchandise-shop\/"},{"@type":"ListItem","position":3,"name":"ESX Navi Radio Komplettsystem"}]},{"@type":"WebSite","@id":"https:\/\/ahorn-camp.de\/#website","url":"https:\/\/ahorn-camp.de\/","name":"Ahorn Camp | Camper e furgonati","description":"Da oltre 30 anni l'azienda a conduzione familiare, Ahorn Camp a Speyer, commercializza con successo camper e furgoni al miglior rapporto qualit\u00e0-prezzo.","publisher":{"@id":"https:\/\/ahorn-camp.de\/#organization"},"potentialAction":[{"@type":"SearchAction","target":{"@type":"EntryPoint","urlTemplate":"https:\/\/ahorn-camp.de\/?s={search_term_string}"},"query-input":{"@type":"PropertyValueSpecification","valueRequired":true,"valueName":"search_term_string"}}],"inLanguage":"it-IT"},{"@type":"Organization","@id":"https:\/\/ahorn-camp.de\/#organization","name":"Ahorn Camp GmbH &amp; Co. KG","url":"https:\/\/ahorn-camp.de\/","logo":{"@type":"ImageObject","inLanguage":"it-IT","@id":"https:\/\/ahorn-camp.de\/#\/schema\/logo\/image\/","url":"https:\/\/ahorn-camp.de\/wp-content\/uploads\/2018\/12\/Ahorn_Logo.jpg","contentUrl":"https:\/\/ahorn-camp.de\/wp-content\/uploads\/2018\/12\/Ahorn_Logo.jpg","width":1437,"height":1000,"caption":"Ahorn Camp GmbH & Co. KG"},"image":{"@id":"https:\/\/ahorn-camp.de\/#\/schema\/logo\/image\/"},"sameAs":["https:\/\/www.facebook.com\/ahorn.wohnmobile\/","https:\/\/www.instagram.com\/ahorn.camp\/","https:\/\/www.youtube.com\/channel\/UCPFbPCts1JJ_A1k9vyH0yOQ"]}]}},"_links":{"self":[{"href":"https:\/\/ahorn-camp.de\/it\/wp-json\/wp\/v2\/product\/20399","targetHints":{"allow":["GET"]}}],"collection":[{"href":"https:\/\/ahorn-camp.de\/it\/wp-json\/wp\/v2\/product"}],"about":[{"href":"https:\/\/ahorn-camp.de\/it\/wp-json\/wp\/v2\/types\/product"}],"wp:featuredmedia":[{"embeddable":true,"href":"https:\/\/ahorn-camp.de\/it\/wp-json\/wp\/v2\/media\/20400"}],"wp:attachment":[{"href":"https:\/\/ahorn-camp.de\/it\/wp-json\/wp\/v2\/media?parent=20399"}],"wp:term":[{"taxonomy":"product_brand","embeddable":true,"href":"https:\/\/ahorn-camp.de\/it\/wp-json\/wp\/v2\/product_brand?post=20399"},{"taxonomy":"product_cat","embeddable":true,"href":"https:\/\/ahorn-camp.de\/it\/wp-json\/wp\/v2\/product_cat?post=20399"},{"taxonomy":"product_tag","embeddable":true,"href":"https:\/\/ahorn-camp.de\/it\/wp-json\/wp\/v2\/product_tag?post=20399"}],"curies":[{"name":"wp","href":"https:\/\/api.w.org\/{rel}","templated":true}]}}