{"id":5318,"date":"2020-04-21T09:46:15","date_gmt":"2020-04-21T07:46:15","guid":{"rendered":"https:\/\/ahorn-camp.de\/?page_id=5318"},"modified":"2026-05-11T11:50:26","modified_gmt":"2026-05-11T09:50:26","slug":"partner-di-servizio","status":"publish","type":"page","link":"https:\/\/ahorn-camp.de\/it\/servicepartner\/","title":{"rendered":"Partner di Servizio"},"content":{"rendered":"<div data-elementor-type=\"wp-page\" data-elementor-id=\"5318\" class=\"elementor elementor-5318\" data-elementor-post-type=\"page\">\n\t\t\t\t\t\t<section class=\"elementor-section elementor-top-section elementor-element elementor-element-460b977 elementor-section-stretched elementor-section-boxed elementor-section-height-default elementor-section-height-default\" data-id=\"460b977\" data-element_type=\"section\" data-e-type=\"section\" data-settings=\"{&quot;stretch_section&quot;:&quot;section-stretched&quot;}\">\n\t\t\t\t\t\t<div class=\"elementor-container elementor-column-gap-default\">\n\t\t\t\t\t<div class=\"elementor-column elementor-col-100 elementor-top-column elementor-element elementor-element-511f459\" data-id=\"511f459\" data-element_type=\"column\" data-e-type=\"column\">\n\t\t\t<div class=\"elementor-widget-wrap elementor-element-populated\">\n\t\t\t\t\t\t<div class=\"elementor-element elementor-element-18d5e29 elementor-widget elementor-widget-shortcode\" data-id=\"18d5e29\" data-element_type=\"widget\" data-e-type=\"widget\" data-widget_type=\"shortcode.default\">\n\t\t\t\t<div class=\"elementor-widget-container\">\n\t\t\t\t\t\t\t<div class=\"elementor-shortcode\">\n<div class=\"ahorn-fahrzeugfinder ahorn-view-service\">\n    <div class=\"ahorn-finder-header\">\n        <div class=\"ahorn-finder-icon\">\n            <svg width=\"24\" height=\"24\" viewbox=\"0 0 24 24\" fill=\"none\" xmlns=\"http:\/\/www.w3.org\/2000\/svg\">\n                <path d=\"M12 2C8.13 2 5 5.13 5 9c0 5.25 7 13 7 13s7-7.75 7-13c0-3.87-3.13-7-7-7zm0 9.5c-1.38 0-2.5-1.12-2.5-2.5s1.12-2.5 2.5-2.5 2.5 1.12 2.5 2.5-1.12 2.5-2.5 2.5z\" fill=\"currentColor\"\/>\n            <\/svg>\n        <\/div>\n        <div class=\"ahorn-finder-title\">\n            <h2>Trova un partner di assistenza<\/h2>\n            <p style=\"font-size: 1.1rem; margin: 0.5rem 0 0.75rem 0; font-weight: 500;\">\n                Finden Sie eine offizielle Ahorn Camp Servicewerkstatt in Ihrer N\u00e4he            <\/p>\n        <\/div>\n    <\/div>\n\n    \n    <div class=\"ahorn-location-search-section\" id=\"ahorn-location-search-section\">\n        <div class=\"ahorn-location-search-controls\">\n            <div class=\"ahorn-location-field ahorn-location-field--input\">\n                <label for=\"ahorn-location-input\" class=\"ahorn-field-label\">Posizione<\/label>\n                <div class=\"ahorn-location-input-group\">\n                    <input type=\"text\"\n                           id=\"ahorn-location-input\"\n                           class=\"ahorn-location-input\"\n                           placeholder=\"PLZ oder Ort eingeben\"\n                           autocomplete=\"off\"\n                           inputmode=\"search\"\n                           spellcheck=\"false\">\n                <\/div>\n            <\/div>\n\n            <div class=\"ahorn-location-field ahorn-location-field--select\">\n                <label for=\"ahorn-radius-select\" class=\"ahorn-field-label\">Umkreis<\/label>\n                <div class=\"ahorn-select-shell\">\n                    <select id=\"ahorn-radius-select\" class=\"ahorn-radius-select\">\n                        <option value=\"10\">10 km<\/option>\n                        <option value=\"25\" selected>25 chilometri<\/option>\n                        <option value=\"50\">50 km<\/option>\n                        <option value=\"100\">100 km<\/option>\n                        <option value=\"200\">200 km<\/option>\n                        <option value=\"300\">300 km<\/option>\n                    <\/select>\n                <\/div>\n            <\/div>\n\n                        <div class=\"ahorn-location-field ahorn-location-field--select\">\n                <label for=\"ahorn-country-select\" class=\"ahorn-field-label\">Land<\/label>\n                <div class=\"ahorn-select-shell\">\n                    <select id=\"ahorn-country-select\" class=\"ahorn-radius-select\">\n                        <option value=\"\" selected>Alle<\/option>\n                                                    <option value=\"belgien\">\n                                Belgien                            <\/option>\n                                                    <option value=\"daenemark\">\n                                Danimarca                            <\/option>\n                                                    <option value=\"deutschland\">\n                                Germania                            <\/option>\n                                                    <option value=\"litauen\">\n                                Litauen                            <\/option>\n                                                    <option value=\"polen\">\n                                Polonia                            <\/option>\n                                                    <option value=\"schweiz\">\n                                Svizzera                            <\/option>\n                                                    <option value=\"slowakei\">\n                                Slowakei                            <\/option>\n                                                    <option value=\"slowenien\">\n                                Slowenien                            <\/option>\n                                                    <option value=\"spanien\">\n                                Spanien                            <\/option>\n                                                    <option value=\"tschechien\">\n                                Tschechien                            <\/option>\n                                            <\/select>\n                <\/div>\n            <\/div>\n            \n            <div class=\"ahorn-location-field ahorn-location-field--actions\">\n                <div class=\"ahorn-location-buttons\">\n                    <button type=\"button\" id=\"ahorn-search-location-btn\" class=\"ahorn-location-btn ahorn-location-btn-primary\">\n                        <svg width=\"16\" height=\"16\" viewbox=\"0 0 24 24\" fill=\"none\" xmlns=\"http:\/\/www.w3.org\/2000\/svg\" aria-hidden=\"true\">\n                            <path d=\"M21 21l-4.35-4.35M10.5 18a7.5 7.5 0 1 1 0-15 7.5 7.5 0 0 1 0 15z\" stroke=\"currentColor\" stroke-width=\"2\" stroke-linecap=\"round\" stroke-linejoin=\"round\"\/>\n                        <\/svg>\n                        <span>Cerca<\/span>\n                    <\/button>\n                    <button type=\"button\" id=\"ahorn-clear-location-btn\" class=\"ahorn-location-btn ahorn-location-btn-clear\" style=\"display: none;\" aria-label=\"Suche zur\u00fccksetzen\">\n                        <svg width=\"16\" height=\"16\" viewbox=\"0 0 24 24\" fill=\"none\" xmlns=\"http:\/\/www.w3.org\/2000\/svg\" aria-hidden=\"true\">\n                            <path d=\"M6 6l12 12M18 6L6 18\" stroke=\"currentColor\" stroke-width=\"2\" stroke-linecap=\"round\"\/>\n                        <\/svg>\n                        <span>Ripristina<\/span>\n                    <\/button>\n                <\/div>\n            <\/div>\n        <\/div>\n\n        <div class=\"ahorn-location-status\" id=\"ahorn-location-status\" style=\"display: none;\">\n            <div class=\"ahorn-location-status-content\">\n                <svg class=\"ahorn-location-status-icon\" width=\"16\" height=\"16\" viewbox=\"0 0 24 24\" fill=\"none\" xmlns=\"http:\/\/www.w3.org\/2000\/svg\" aria-hidden=\"true\">\n                    <path d=\"M12 2C8.13 2 5 5.13 5 9c0 5.25 7 13 7 13s7-7.75 7-13c0-3.87-3.13-7-7-7zm0 9.5a2.5 2.5 0 1 1 0-5 2.5 2.5 0 0 1 0 5z\" fill=\"currentColor\"\/>\n                <\/svg>\n                <span id=\"ahorn-location-status-text\"><\/span>\n            <\/div>\n        <\/div>\n    <\/div>\n\n    <div class=\"ahorn-map-section\">\n        <div class=\"ahorn-map-header\">\n            <div>\n                <h3>Servicepartner-Standorte<\/h3>\n                <p id=\"ahorn-dealer-count\">49 Servicepartner gefunden<\/p>\n            <\/div>\n        <\/div>\n        <div id=\"ahorn-map\" class=\"ahorn-map\"><\/div>\n    <\/div>\n\n    <div class=\"ahorn-dealers-section\">\n        <h3 class=\"ahorn-dealers-title\">Servicepartner\u00fcbersicht<\/h3>\n        <p class=\"ahorn-dealers-subtitle\">\n            <span id=\"ahorn-dealers-count-text\">49 Servicepartner<\/span>\n        <\/p>\n        <div id=\"ahorn-dealers-grid\" class=\"ahorn-dealers-grid\" data-view=\"service\" data-default-sort=\"zip\">\n            <!-- Wird via JavaScript gef\u00fcllt -->\n        <\/div>\n        <div id=\"ahorn-dealers-loading\" class=\"ahorn-loading\" style=\"display: none;\">\n            <div class=\"ahorn-spinner\"><\/div>\n            <p>Daten werden verarbeitet...<\/p>\n        <\/div>\n    <\/div>\n<\/div><\/div>\n\t\t\t\t\t\t<\/div>\n\t\t\t\t<\/div>\n\t\t\t\t\t<\/div>\n\t\t<\/div>\n\t\t\t\t\t<\/div>\n\t\t<\/section>\n\t\t\t\t<\/div>","protected":false},"excerpt":{"rendered":"Servicepartner finden Finden Sie eine offizielle Ahorn Camp Servicewerkstatt in Ihrer N\u00e4he Standort Umkreis 10 km 25 km 50 km 100 km 200 km 300 km Land Alle Belgien D\u00e4nemark Deutschland Litauen Polen Schweiz Slowakei Slowenien Spanien Tschechien Suchen Zur\u00fccksetzen Servicepartner-Standorte 49 Servicepartner gefunden Servicepartner\u00fcbersicht 49 Servicepartner Daten werden verarbeitet...","protected":false},"author":2,"featured_media":0,"parent":0,"menu_order":135,"comment_status":"closed","ping_status":"closed","template":"","meta":{"content-type":"","footnotes":""},"class_list":["post-5318","page","type-page","status-publish","hentry"],"yoast_head":"<!-- This site is optimized with the Yoast SEO plugin v27.5 - https:\/\/yoast.com\/product\/yoast-seo-wordpress\/ -->\n<title>Servicepartner - Ahorn Camp | Reisemobile und Kastenwagen<\/title>\n<meta name=\"description\" content=\"Hier finden Sie alle unsere Servicepartner europaweit verteilt. Alle Ansprechpartner f\u00fcr Garantie und Service in Ihrer N\u00e4he.\" \/>\n<meta name=\"robots\" content=\"index, follow, max-snippet:-1, max-image-preview:large, max-video-preview:-1\" \/>\n<link rel=\"canonical\" href=\"https:\/\/ahorn-camp.de\/it\/partner-di-servizio\/\" \/>\n<meta property=\"og:locale\" content=\"it_IT\" \/>\n<meta property=\"og:type\" content=\"article\" \/>\n<meta property=\"og:title\" content=\"Servicepartner - Ahorn Camp | Reisemobile und Kastenwagen\" \/>\n<meta property=\"og:description\" content=\"Hier finden Sie alle unsere Servicepartner europaweit verteilt. Alle Ansprechpartner f\u00fcr Garantie und Service in Ihrer N\u00e4he.\" \/>\n<meta property=\"og:url\" content=\"https:\/\/ahorn-camp.de\/it\/partner-di-servizio\/\" \/>\n<meta property=\"og:site_name\" content=\"Ahorn Camp | Reisemobile und Kastenwagen\" \/>\n<meta property=\"article:publisher\" content=\"https:\/\/www.facebook.com\/ahorn.wohnmobile\/\" \/>\n<meta property=\"article:modified_time\" content=\"2026-05-11T09:50:26+00:00\" \/>\n<meta name=\"twitter:card\" content=\"summary_large_image\" \/>\n<script type=\"application\/ld+json\" class=\"yoast-schema-graph\">{\"@context\":\"https:\\\/\\\/schema.org\",\"@graph\":[{\"@type\":\"WebPage\",\"@id\":\"https:\\\/\\\/ahorn-camp.de\\\/servicepartner\\\/\",\"url\":\"https:\\\/\\\/ahorn-camp.de\\\/servicepartner\\\/\",\"name\":\"Servicepartner - Ahorn Camp | Reisemobile und Kastenwagen\",\"isPartOf\":{\"@id\":\"https:\\\/\\\/ahorn-camp.de\\\/#website\"},\"datePublished\":\"2020-04-21T07:46:15+00:00\",\"dateModified\":\"2026-05-11T09:50:26+00:00\",\"description\":\"Hier finden Sie alle unsere Servicepartner europaweit verteilt. Alle Ansprechpartner f\u00fcr Garantie und Service in Ihrer N\u00e4he.\",\"breadcrumb\":{\"@id\":\"https:\\\/\\\/ahorn-camp.de\\\/servicepartner\\\/#breadcrumb\"},\"inLanguage\":\"it-IT\",\"potentialAction\":[{\"@type\":\"ReadAction\",\"target\":[\"https:\\\/\\\/ahorn-camp.de\\\/servicepartner\\\/\"]}]},{\"@type\":\"BreadcrumbList\",\"@id\":\"https:\\\/\\\/ahorn-camp.de\\\/servicepartner\\\/#breadcrumb\",\"itemListElement\":[{\"@type\":\"ListItem\",\"position\":1,\"name\":\"Startseite\",\"item\":\"https:\\\/\\\/ahorn-camp.de\\\/\"},{\"@type\":\"ListItem\",\"position\":2,\"name\":\"Servicepartner\"}]},{\"@type\":\"WebSite\",\"@id\":\"https:\\\/\\\/ahorn-camp.de\\\/#website\",\"url\":\"https:\\\/\\\/ahorn-camp.de\\\/\",\"name\":\"Ahorn Camp | Reisemobile und Kastenwagen\",\"description\":\"Seit \u00fcber 30 Jahren vermarktet das Familienunternehmen, Ahorn Camp in Speyer, erfolgreich Wohnmobile und Kastenwagen zum besten Preis-Leistungsverh\u00e4ltnis.\",\"publisher\":{\"@id\":\"https:\\\/\\\/ahorn-camp.de\\\/#organization\"},\"potentialAction\":[{\"@type\":\"SearchAction\",\"target\":{\"@type\":\"EntryPoint\",\"urlTemplate\":\"https:\\\/\\\/ahorn-camp.de\\\/?s={search_term_string}\"},\"query-input\":{\"@type\":\"PropertyValueSpecification\",\"valueRequired\":true,\"valueName\":\"search_term_string\"}}],\"inLanguage\":\"it-IT\"},{\"@type\":\"Organization\",\"@id\":\"https:\\\/\\\/ahorn-camp.de\\\/#organization\",\"name\":\"Ahorn Camp GmbH & Co. KG\",\"url\":\"https:\\\/\\\/ahorn-camp.de\\\/\",\"logo\":{\"@type\":\"ImageObject\",\"inLanguage\":\"it-IT\",\"@id\":\"https:\\\/\\\/ahorn-camp.de\\\/#\\\/schema\\\/logo\\\/image\\\/\",\"url\":\"https:\\\/\\\/ahorn-camp.de\\\/wp-content\\\/uploads\\\/2018\\\/12\\\/Ahorn_Logo.jpg\",\"contentUrl\":\"https:\\\/\\\/ahorn-camp.de\\\/wp-content\\\/uploads\\\/2018\\\/12\\\/Ahorn_Logo.jpg\",\"width\":1437,\"height\":1000,\"caption\":\"Ahorn Camp GmbH & Co. KG\"},\"image\":{\"@id\":\"https:\\\/\\\/ahorn-camp.de\\\/#\\\/schema\\\/logo\\\/image\\\/\"},\"sameAs\":[\"https:\\\/\\\/www.facebook.com\\\/ahorn.wohnmobile\\\/\",\"https:\\\/\\\/www.instagram.com\\\/ahorn.camp\\\/\",\"https:\\\/\\\/www.youtube.com\\\/channel\\\/UCPFbPCts1JJ_A1k9vyH0yOQ\"]}]}<\/script>\n<!-- \/ Yoast SEO plugin. -->","yoast_head_json":{"title":"Servicepartner - Ahorn Camp | Camper e furgonati","description":"Qui troverete tutti i nostri partner di assistenza distribuiti in tutta Europa. Tutti i contatti per la garanzia e l'assistenza nella vostra zona.","robots":{"index":"index","follow":"follow","max-snippet":"max-snippet:-1","max-image-preview":"max-image-preview:large","max-video-preview":"max-video-preview:-1"},"canonical":"https:\/\/ahorn-camp.de\/it\/partner-di-servizio\/","og_locale":"it_IT","og_type":"article","og_title":"Servicepartner - Ahorn Camp | Reisemobile und Kastenwagen","og_description":"Hier finden Sie alle unsere Servicepartner europaweit verteilt. Alle Ansprechpartner f\u00fcr Garantie und Service in Ihrer N\u00e4he.","og_url":"https:\/\/ahorn-camp.de\/it\/partner-di-servizio\/","og_site_name":"Ahorn Camp | Reisemobile und Kastenwagen","article_publisher":"https:\/\/www.facebook.com\/ahorn.wohnmobile\/","article_modified_time":"2026-05-11T09:50:26+00:00","twitter_card":"summary_large_image","schema":{"@context":"https:\/\/schema.org","@graph":[{"@type":"WebPage","@id":"https:\/\/ahorn-camp.de\/servicepartner\/","url":"https:\/\/ahorn-camp.de\/servicepartner\/","name":"Servicepartner - Ahorn Camp | Camper e furgonati","isPartOf":{"@id":"https:\/\/ahorn-camp.de\/#website"},"datePublished":"2020-04-21T07:46:15+00:00","dateModified":"2026-05-11T09:50:26+00:00","description":"Qui troverete tutti i nostri partner di assistenza distribuiti in tutta Europa. Tutti i contatti per la garanzia e l'assistenza nella vostra zona.","breadcrumb":{"@id":"https:\/\/ahorn-camp.de\/servicepartner\/#breadcrumb"},"inLanguage":"it-IT","potentialAction":[{"@type":"ReadAction","target":["https:\/\/ahorn-camp.de\/servicepartner\/"]}]},{"@type":"BreadcrumbList","@id":"https:\/\/ahorn-camp.de\/servicepartner\/#breadcrumb","itemListElement":[{"@type":"ListItem","position":1,"name":"Startseite","item":"https:\/\/ahorn-camp.de\/"},{"@type":"ListItem","position":2,"name":"Servicepartner"}]},{"@type":"WebSite","@id":"https:\/\/ahorn-camp.de\/#website","url":"https:\/\/ahorn-camp.de\/","name":"Ahorn Camp | Camper e furgonati","description":"Da oltre 30 anni l'azienda a conduzione familiare, Ahorn Camp a Speyer, commercializza con successo camper e furgoni al miglior rapporto qualit\u00e0-prezzo.","publisher":{"@id":"https:\/\/ahorn-camp.de\/#organization"},"potentialAction":[{"@type":"SearchAction","target":{"@type":"EntryPoint","urlTemplate":"https:\/\/ahorn-camp.de\/?s={search_term_string}"},"query-input":{"@type":"PropertyValueSpecification","valueRequired":true,"valueName":"search_term_string"}}],"inLanguage":"it-IT"},{"@type":"Organization","@id":"https:\/\/ahorn-camp.de\/#organization","name":"Ahorn Camp GmbH &amp; Co. KG","url":"https:\/\/ahorn-camp.de\/","logo":{"@type":"ImageObject","inLanguage":"it-IT","@id":"https:\/\/ahorn-camp.de\/#\/schema\/logo\/image\/","url":"https:\/\/ahorn-camp.de\/wp-content\/uploads\/2018\/12\/Ahorn_Logo.jpg","contentUrl":"https:\/\/ahorn-camp.de\/wp-content\/uploads\/2018\/12\/Ahorn_Logo.jpg","width":1437,"height":1000,"caption":"Ahorn Camp GmbH & Co. KG"},"image":{"@id":"https:\/\/ahorn-camp.de\/#\/schema\/logo\/image\/"},"sameAs":["https:\/\/www.facebook.com\/ahorn.wohnmobile\/","https:\/\/www.instagram.com\/ahorn.camp\/","https:\/\/www.youtube.com\/channel\/UCPFbPCts1JJ_A1k9vyH0yOQ"]}]}},"_links":{"self":[{"href":"https:\/\/ahorn-camp.de\/it\/wp-json\/wp\/v2\/pages\/5318","targetHints":{"allow":["GET"]}}],"collection":[{"href":"https:\/\/ahorn-camp.de\/it\/wp-json\/wp\/v2\/pages"}],"about":[{"href":"https:\/\/ahorn-camp.de\/it\/wp-json\/wp\/v2\/types\/page"}],"author":[{"embeddable":true,"href":"https:\/\/ahorn-camp.de\/it\/wp-json\/wp\/v2\/users\/2"}],"replies":[{"embeddable":true,"href":"https:\/\/ahorn-camp.de\/it\/wp-json\/wp\/v2\/comments?post=5318"}],"version-history":[{"count":3,"href":"https:\/\/ahorn-camp.de\/it\/wp-json\/wp\/v2\/pages\/5318\/revisions"}],"predecessor-version":[{"id":39069,"href":"https:\/\/ahorn-camp.de\/it\/wp-json\/wp\/v2\/pages\/5318\/revisions\/39069"}],"wp:attachment":[{"href":"https:\/\/ahorn-camp.de\/it\/wp-json\/wp\/v2\/media?parent=5318"}],"curies":[{"name":"wp","href":"https:\/\/api.w.org\/{rel}","templated":true}]}}