{"id":2350,"date":"2019-08-22T15:12:14","date_gmt":"2019-08-22T13:12:14","guid":{"rendered":"https:\/\/ahorn-camp.de\/?page_id=2350"},"modified":"2023-11-02T14:04:35","modified_gmt":"2023-11-02T13:04:35","slug":"impronta","status":"publish","type":"page","link":"https:\/\/ahorn-camp.de\/it\/impressum\/","title":{"rendered":"Impronta"},"content":{"rendered":"<div class=\"wpb-content-wrapper\"><div class=\"vc_row wpb_row vc_row-fluid\"><div class=\"wpb_column vc_column_container vc_col-sm-12\"><div class=\"vc_column-inner\"><div class=\"wpb_wrapper\"><div class=\"vc_row wpb_row vc_inner vc_row-fluid\"><div class=\"wpb_column vc_column_container vc_col-sm-12\"><div class=\"vc_column-inner\"><div class=\"wpb_wrapper\">\n\t<div class=\"wpb_text_column wpb_content_element\" >\n\t\t<div class=\"wpb_wrapper\">\n\t\t\t<h1>Impronta<\/h1>\n<h2>Informazioni generali ai sensi del \u00a7 5 della legge sui media telematici<\/h2>\n\n\t\t<\/div>\n\t<\/div>\n<\/div><\/div><\/div><\/div><\/div><\/div><\/div><\/div><div data-vc-full-width=\"true\" data-vc-full-width-temp=\"true\" data-vc-full-width-init=\"false\" class=\"vc_row wpb_row vc_row-fluid\"><div class=\"wpb_column vc_column_container vc_col-sm-12\"><div class=\"vc_column-inner\"><div class=\"wpb_wrapper\"><div class=\"vc_row wpb_row vc_inner vc_row-fluid\"><div class=\"wpb_column vc_column_container vc_col-sm-4\"><div class=\"vc_column-inner\"><div class=\"wpb_wrapper\">\n\t<div class=\"wpb_text_column wpb_content_element\" >\n\t\t<div class=\"wpb_wrapper\">\n\t\t\t<p><strong>Indirizzo<\/strong><\/p>\n<p>Ahorn Camp GmbH<br \/>\nVia Franz-Kirrmeier 8<br \/>\n67346 Speyer<\/p>\n<p>Amministratore delegato: Alexander Reichmann, Franziska Reichmann<br \/>\n\u200b<br \/>\nContatti: Ahorn Camp GmbH<br \/>\nTelefono: 06232 10028 0<br \/>\nE-Mail: info@ahorn-camp.de<br \/>\n\u200b<br \/>\nRegistrazione: Registrazione nel registro di commercio.<br \/>\nTribunale di registrazione: AG.Ludwigshafen\/Rhein<br \/>\nNumero di registro: HRB <span class=\"fontstyle0\">67928<\/span><br \/>\nNumero di Partita IVA<br \/>\ngem\u00e4\u00df \u00a727 a Umsatzsteuergesetz: DE 183263857<br \/>\n\u200b<br \/>\nRinvio alla conciliazione delle controversie dell'UE<br \/>\nLa Commissione europea mette a disposizione una piattaforma per la risoluzione delle controversie online (POS): <a href=\"http:\/\/ec.europa.eu\/consumers\/odr\">http:\/\/ec.europa.eu\/consumers\/odr<\/a><\/p>\n\n\t\t<\/div>\n\t<\/div>\n\n\t<div class=\"wpb_text_column wpb_content_element\" >\n\t\t<div class=\"wpb_wrapper\">\n\t\t\t<p><strong>Manutenzione tecnica e cura<\/strong><\/p>\n<p><a href=\"https:\/\/www.webdesign-helden.de\"><img decoding=\"async\" class=\"alignnone wp-image-304 size-medium\" src=\"https:\/\/ahorn-camp.de\/wp-content\/uploads\/2022\/11\/cropped-Logo-Webdesign-Helden-Neu.png\" alt=\"\" width=\"300\" height=\"68\" \/><\/a><\/p>\n<p>Eroi del Webdesign<br \/>\nChausseestr. 86<br \/>\n10115 Berlino<\/p>\n<p>Tel.: 030 286 961 30<br \/>\nE-Mail: service@webdesign-helden.de<br \/>\nInternet <a href=\"https:\/\/www.webdesign-helden.de\/wordpress-wartungsvertrag\/\" target=\"_blank\" rel=\"noopener noreferrer\">webdesign-helden.de<\/a><\/p>\n\n\t\t<\/div>\n\t<\/div>\n<\/div><\/div><\/div><div class=\"wpb_column vc_column_container vc_col-sm-8\"><div class=\"vc_column-inner\"><div class=\"wpb_wrapper\">\n\t<div class=\"wpb_text_column wpb_content_element\" >\n\t\t<div class=\"wpb_wrapper\">\n\t\t\t<p><strong>Note legali:<\/strong><\/p>\n<p><strong>1. Contenuto dell'offerta online<\/strong><\/p>\n<p>L'autore non si assume alcuna garanzia per l'attualit\u00e0, la correttezza, la completezza o la qualit\u00e0 delle informazioni fornite. Sono esclusi i diritti di responsabilit\u00e0 nei confronti dell'autore, relativi a danni materiali o immateriali, causati dall'uso o dal mancato uso delle informazioni offerte, o dall'uso di informazioni errate e incomplete, a condizione che non vi sia colpa intenzionale o gravemente negligente dimostrata da parte dell'autore. Tutte le offerte sono senza impegno e non vincolanti. L'autore si riserva espressamente il diritto di modificare, integrare, cancellare parti delle pagine o l'intera offerta senza preavviso, o di interrompere la pubblicazione temporaneamente o definitivamente.<\/p>\n<p><strong>2. Riferimenti e collegamenti<\/strong><\/p>\n<p>Nel caso di riferimenti diretti o indiretti a siti web esterni (\u201clink\u201d) che si trovano al di fuori dell'area di responsabilit\u00e0 dell'autore, l'obbligo di responsabilit\u00e0 entrerebbe in vigore solo se l'autore fosse a conoscenza dei contenuti e se fosse tecnicamente possibile e ragionevole per lui impedirne l'utilizzo in caso di contenuti illegali. L'autore dichiara pertanto espressamente che le pagine collegate erano prive di contenuti illegali al momento della creazione dei link. L'autore non ha alcuna influenza sulla struttura e sui contenuti attuali e futuri delle pagine collegate. L'autore prende quindi espressamente le distanze da tutti i contenuti di tutte le pagine collegate che sono stati modificati dopo la creazione del link. Questa dichiarazione vale per tutti i link e i riferimenti inseriti nel sito web dell'autore e per le voci di terzi nei libri degli ospiti, nei forum di discussione e nelle mailing list create dall'autore. La responsabilit\u00e0 per contenuti illegali, errati o incompleti e in particolare per i danni derivanti dall'uso o dal mancato uso di tali informazioni ricade esclusivamente sull'autore della pagina a cui si fa riferimento, non su chi si limita a rimandare alla rispettiva pubblicazione tramite link.<\/p>\n<p><strong>3. Diritto d'autore e marchi<\/strong><\/p>\n<p>L'autore si impegna a rispettare i diritti d'autore dei grafici, dei documenti sonori, delle sequenze video e dei testi utilizzati in tutte le pubblicazioni, a utilizzare grafici, documenti sonori, sequenze video e testi creati da lui stesso o a fare uso di grafici, documenti sonori, sequenze video e testi privi di licenza. Tutti i marchi e le marche citati sul sito web ed eventualmente protetti da terzi sono soggetti senza limitazioni alle disposizioni del diritto dei marchi in vigore e ai diritti di propriet\u00e0 dei rispettivi proprietari registrati. La semplice menzione di un marchio non implica che esso non sia protetto da diritti di terzi! Il diritto d'autore per gli oggetti pubblicati creati dall'autore stesso rimane esclusivamente all'autore delle pagine. La duplicazione o l'utilizzo di oggetti come diagrammi, suoni o testi in altre pubblicazioni elettroniche o stampate non \u00e8 consentita senza il consenso dell'autore.<\/p>\n<p><strong>4. Efficacia giuridica del presente esonero di responsabilit\u00e0<\/strong><\/p>\n<p>Questa esclusione di responsabilit\u00e0 deve essere considerata parte dell'offerta Internet da cui si \u00e8 fatto riferimento a questa pagina. Qualora parti o singole formulazioni di questo testo non corrispondano, non corrispondano pi\u00f9 o non corrispondano pienamente alla situazione giuridica attuale, le restanti parti del documento rimarranno inalterate nel loro contenuto e nella loro validit\u00e0.<\/p>\n\n\t\t<\/div>\n\t<\/div>\n<\/div><\/div><\/div><\/div><\/div><\/div><\/div><\/div><div class=\"vc_row-full-width vc_clearfix\"><\/div><div class=\"vc_row wpb_row vc_row-fluid\"><div class=\"wpb_column vc_column_container vc_col-sm-12\"><div class=\"vc_column-inner\"><div class=\"wpb_wrapper\">\n\t<div class=\"wpb_text_column wpb_content_element\" >\n\t\t<div class=\"wpb_wrapper\">\n\t\t\t<div class=\"woocommerce woocommerce-gzd woocommerce-gzd-complaints-shortcode\">\n\t\t\t<h3>Alternative Dispute Resolution in accordance with Art. 14 (1) ODR-VO and \u00a7 36 VSBG:<\/h3>\n\t\nNon siamo obbligati n\u00e9 disposti a partecipare a una procedura di risoluzione extragiudiziale delle controversie presso un organismo di conciliazione per i consumatori.<\/div>\n\n\t\t<\/div>\n\t<\/div>\n<\/div><\/div><\/div><\/div>\n<\/div>","protected":false},"excerpt":{"rendered":"Impressum Allgemeine Informationen nach \u00a7 5 Telemediengesetz Anschrift Ahorn Camp GmbH Franz-Kirrmeier-Stra\u00dfe 8 67346 Speyer Gesch\u00e4ftsf\u00fchrer: Alexander Reichmann, Franziska Reichmann \u200b Kontakt: Ahorn Camp GmbH Telefon: 06232 10028 0 E-Mail: info@ahorn-camp.de \u200b Registereintrag: Eintragung im Handelsregister. Registergericht: AG.Ludwigshafen\/Rhein Registernummer: HRB 67928 Umsatzsteuer-Identifikationsnummer gem\u00e4\u00df \u00a727 a Umsatzsteuergesetz: DE 183263857 \u200b Hinweis auf EU-Streitschlichtung Die Europ\u00e4ische Kommission [...]","protected":false},"author":2,"featured_media":0,"parent":0,"menu_order":70,"comment_status":"closed","ping_status":"closed","template":"","meta":{"content-type":"","footnotes":""},"class_list":["post-2350","page","type-page","status-publish","hentry"],"yoast_head":"<!-- This site is optimized with the Yoast SEO plugin v27.5 - https:\/\/yoast.com\/product\/yoast-seo-wordpress\/ -->\n<title>Impressum - Ahorn Camp | Reisemobile und Kastenwagen<\/title>\n<meta name=\"robots\" content=\"noindex, nofollow\" \/>\n<meta property=\"og:locale\" content=\"it_IT\" \/>\n<meta property=\"og:type\" content=\"article\" \/>\n<meta property=\"og:title\" content=\"Impressum - Ahorn Camp | Reisemobile und Kastenwagen\" \/>\n<meta property=\"og:url\" content=\"https:\/\/ahorn-camp.de\/it\/impronta\/\" \/>\n<meta property=\"og:site_name\" content=\"Ahorn Camp | Reisemobile und Kastenwagen\" \/>\n<meta property=\"article:publisher\" content=\"https:\/\/www.facebook.com\/ahorn.wohnmobile\/\" \/>\n<meta property=\"article:modified_time\" content=\"2023-11-02T13:04:35+00:00\" \/>\n<meta property=\"og:image\" content=\"https:\/\/ahorn-camp.de\/wp-content\/uploads\/2022\/11\/cropped-Logo-Webdesign-Helden-Neu.png\" \/>\n<meta name=\"twitter:card\" content=\"summary_large_image\" \/>\n<meta name=\"twitter:label1\" content=\"Tempo di lettura stimato\" \/>\n\t<meta name=\"twitter:data1\" content=\"4 minuti\" \/>\n<script type=\"application\/ld+json\" class=\"yoast-schema-graph\">{\"@context\":\"https:\\\/\\\/schema.org\",\"@graph\":[{\"@type\":\"WebPage\",\"@id\":\"https:\\\/\\\/ahorn-camp.de\\\/impressum\\\/\",\"url\":\"https:\\\/\\\/ahorn-camp.de\\\/impressum\\\/\",\"name\":\"Impressum - Ahorn Camp | Reisemobile und Kastenwagen\",\"isPartOf\":{\"@id\":\"https:\\\/\\\/ahorn-camp.de\\\/#website\"},\"primaryImageOfPage\":{\"@id\":\"https:\\\/\\\/ahorn-camp.de\\\/impressum\\\/#primaryimage\"},\"image\":{\"@id\":\"https:\\\/\\\/ahorn-camp.de\\\/impressum\\\/#primaryimage\"},\"thumbnailUrl\":\"https:\\\/\\\/ahorn-camp.de\\\/wp-content\\\/uploads\\\/2022\\\/11\\\/cropped-Logo-Webdesign-Helden-Neu.png\",\"datePublished\":\"2019-08-22T13:12:14+00:00\",\"dateModified\":\"2023-11-02T13:04:35+00:00\",\"breadcrumb\":{\"@id\":\"https:\\\/\\\/ahorn-camp.de\\\/impressum\\\/#breadcrumb\"},\"inLanguage\":\"it-IT\",\"potentialAction\":[{\"@type\":\"ReadAction\",\"target\":[\"https:\\\/\\\/ahorn-camp.de\\\/impressum\\\/\"]}]},{\"@type\":\"ImageObject\",\"inLanguage\":\"it-IT\",\"@id\":\"https:\\\/\\\/ahorn-camp.de\\\/impressum\\\/#primaryimage\",\"url\":\"https:\\\/\\\/ahorn-camp.de\\\/wp-content\\\/uploads\\\/2022\\\/11\\\/cropped-Logo-Webdesign-Helden-Neu.png\",\"contentUrl\":\"https:\\\/\\\/ahorn-camp.de\\\/wp-content\\\/uploads\\\/2022\\\/11\\\/cropped-Logo-Webdesign-Helden-Neu.png\"},{\"@type\":\"BreadcrumbList\",\"@id\":\"https:\\\/\\\/ahorn-camp.de\\\/impressum\\\/#breadcrumb\",\"itemListElement\":[{\"@type\":\"ListItem\",\"position\":1,\"name\":\"Startseite\",\"item\":\"https:\\\/\\\/ahorn-camp.de\\\/\"},{\"@type\":\"ListItem\",\"position\":2,\"name\":\"Impressum\"}]},{\"@type\":\"WebSite\",\"@id\":\"https:\\\/\\\/ahorn-camp.de\\\/#website\",\"url\":\"https:\\\/\\\/ahorn-camp.de\\\/\",\"name\":\"Ahorn Camp | Reisemobile und Kastenwagen\",\"description\":\"Seit \u00fcber 30 Jahren vermarktet das Familienunternehmen, Ahorn Camp in Speyer, erfolgreich Wohnmobile und Kastenwagen zum besten Preis-Leistungsverh\u00e4ltnis.\",\"publisher\":{\"@id\":\"https:\\\/\\\/ahorn-camp.de\\\/#organization\"},\"potentialAction\":[{\"@type\":\"SearchAction\",\"target\":{\"@type\":\"EntryPoint\",\"urlTemplate\":\"https:\\\/\\\/ahorn-camp.de\\\/?s={search_term_string}\"},\"query-input\":{\"@type\":\"PropertyValueSpecification\",\"valueRequired\":true,\"valueName\":\"search_term_string\"}}],\"inLanguage\":\"it-IT\"},{\"@type\":\"Organization\",\"@id\":\"https:\\\/\\\/ahorn-camp.de\\\/#organization\",\"name\":\"Ahorn Camp GmbH & Co. KG\",\"url\":\"https:\\\/\\\/ahorn-camp.de\\\/\",\"logo\":{\"@type\":\"ImageObject\",\"inLanguage\":\"it-IT\",\"@id\":\"https:\\\/\\\/ahorn-camp.de\\\/#\\\/schema\\\/logo\\\/image\\\/\",\"url\":\"https:\\\/\\\/ahorn-camp.de\\\/wp-content\\\/uploads\\\/2018\\\/12\\\/Ahorn_Logo.jpg\",\"contentUrl\":\"https:\\\/\\\/ahorn-camp.de\\\/wp-content\\\/uploads\\\/2018\\\/12\\\/Ahorn_Logo.jpg\",\"width\":1437,\"height\":1000,\"caption\":\"Ahorn Camp GmbH & Co. KG\"},\"image\":{\"@id\":\"https:\\\/\\\/ahorn-camp.de\\\/#\\\/schema\\\/logo\\\/image\\\/\"},\"sameAs\":[\"https:\\\/\\\/www.facebook.com\\\/ahorn.wohnmobile\\\/\",\"https:\\\/\\\/www.instagram.com\\\/ahorn.camp\\\/\",\"https:\\\/\\\/www.youtube.com\\\/channel\\\/UCPFbPCts1JJ_A1k9vyH0yOQ\"]}]}<\/script>\n<!-- \/ Yoast SEO plugin. -->","yoast_head_json":{"title":"Impressum - Ahorn Camp | Camper e furgoni camper","robots":{"index":"noindex","follow":"nofollow"},"og_locale":"it_IT","og_type":"article","og_title":"Impressum - Ahorn Camp | Reisemobile und Kastenwagen","og_url":"https:\/\/ahorn-camp.de\/it\/impronta\/","og_site_name":"Ahorn Camp | Reisemobile und Kastenwagen","article_publisher":"https:\/\/www.facebook.com\/ahorn.wohnmobile\/","article_modified_time":"2023-11-02T13:04:35+00:00","og_image":[{"url":"https:\/\/ahorn-camp.de\/wp-content\/uploads\/2022\/11\/cropped-Logo-Webdesign-Helden-Neu.png","type":"","width":"","height":""}],"twitter_card":"summary_large_image","twitter_misc":{"Tempo di lettura stimato":"4 minuti"},"schema":{"@context":"https:\/\/schema.org","@graph":[{"@type":"WebPage","@id":"https:\/\/ahorn-camp.de\/impressum\/","url":"https:\/\/ahorn-camp.de\/impressum\/","name":"Impressum - Ahorn Camp | Camper e furgoni camper","isPartOf":{"@id":"https:\/\/ahorn-camp.de\/#website"},"primaryImageOfPage":{"@id":"https:\/\/ahorn-camp.de\/impressum\/#primaryimage"},"image":{"@id":"https:\/\/ahorn-camp.de\/impressum\/#primaryimage"},"thumbnailUrl":"https:\/\/ahorn-camp.de\/wp-content\/uploads\/2022\/11\/cropped-Logo-Webdesign-Helden-Neu.png","datePublished":"2019-08-22T13:12:14+00:00","dateModified":"2023-11-02T13:04:35+00:00","breadcrumb":{"@id":"https:\/\/ahorn-camp.de\/impressum\/#breadcrumb"},"inLanguage":"it-IT","potentialAction":[{"@type":"ReadAction","target":["https:\/\/ahorn-camp.de\/impressum\/"]}]},{"@type":"ImageObject","inLanguage":"it-IT","@id":"https:\/\/ahorn-camp.de\/impressum\/#primaryimage","url":"https:\/\/ahorn-camp.de\/wp-content\/uploads\/2022\/11\/cropped-Logo-Webdesign-Helden-Neu.png","contentUrl":"https:\/\/ahorn-camp.de\/wp-content\/uploads\/2022\/11\/cropped-Logo-Webdesign-Helden-Neu.png"},{"@type":"BreadcrumbList","@id":"https:\/\/ahorn-camp.de\/impressum\/#breadcrumb","itemListElement":[{"@type":"ListItem","position":1,"name":"Startseite","item":"https:\/\/ahorn-camp.de\/"},{"@type":"ListItem","position":2,"name":"Impressum"}]},{"@type":"WebSite","@id":"https:\/\/ahorn-camp.de\/#website","url":"https:\/\/ahorn-camp.de\/","name":"Ahorn Camp | Camper e furgonati","description":"Da oltre 30 anni l'azienda a conduzione familiare, Ahorn Camp a Speyer, commercializza con successo camper e furgoni al miglior rapporto qualit\u00e0-prezzo.","publisher":{"@id":"https:\/\/ahorn-camp.de\/#organization"},"potentialAction":[{"@type":"SearchAction","target":{"@type":"EntryPoint","urlTemplate":"https:\/\/ahorn-camp.de\/?s={search_term_string}"},"query-input":{"@type":"PropertyValueSpecification","valueRequired":true,"valueName":"search_term_string"}}],"inLanguage":"it-IT"},{"@type":"Organization","@id":"https:\/\/ahorn-camp.de\/#organization","name":"Ahorn Camp GmbH &amp; Co. KG","url":"https:\/\/ahorn-camp.de\/","logo":{"@type":"ImageObject","inLanguage":"it-IT","@id":"https:\/\/ahorn-camp.de\/#\/schema\/logo\/image\/","url":"https:\/\/ahorn-camp.de\/wp-content\/uploads\/2018\/12\/Ahorn_Logo.jpg","contentUrl":"https:\/\/ahorn-camp.de\/wp-content\/uploads\/2018\/12\/Ahorn_Logo.jpg","width":1437,"height":1000,"caption":"Ahorn Camp GmbH & Co. KG"},"image":{"@id":"https:\/\/ahorn-camp.de\/#\/schema\/logo\/image\/"},"sameAs":["https:\/\/www.facebook.com\/ahorn.wohnmobile\/","https:\/\/www.instagram.com\/ahorn.camp\/","https:\/\/www.youtube.com\/channel\/UCPFbPCts1JJ_A1k9vyH0yOQ"]}]}},"_links":{"self":[{"href":"https:\/\/ahorn-camp.de\/it\/wp-json\/wp\/v2\/pages\/2350","targetHints":{"allow":["GET"]}}],"collection":[{"href":"https:\/\/ahorn-camp.de\/it\/wp-json\/wp\/v2\/pages"}],"about":[{"href":"https:\/\/ahorn-camp.de\/it\/wp-json\/wp\/v2\/types\/page"}],"author":[{"embeddable":true,"href":"https:\/\/ahorn-camp.de\/it\/wp-json\/wp\/v2\/users\/2"}],"replies":[{"embeddable":true,"href":"https:\/\/ahorn-camp.de\/it\/wp-json\/wp\/v2\/comments?post=2350"}],"version-history":[{"count":0,"href":"https:\/\/ahorn-camp.de\/it\/wp-json\/wp\/v2\/pages\/2350\/revisions"}],"wp:attachment":[{"href":"https:\/\/ahorn-camp.de\/it\/wp-json\/wp\/v2\/media?parent=2350"}],"curies":[{"name":"wp","href":"https:\/\/api.w.org\/{rel}","templated":true}]}}