{"id":4110,"date":"2020-02-24T11:00:57","date_gmt":"2020-02-24T10:00:57","guid":{"rendered":"https:\/\/ahorn-camp.de\/?post_type=product&#038;p=4110"},"modified":"2024-12-04T10:22:31","modified_gmt":"2024-12-04T09:22:31","slug":"stylo-bille-ac","status":"publish","type":"product","link":"https:\/\/ahorn-camp.de\/fr\/product\/ac-kugelschreiber\/","title":{"rendered":"Stylos bille AC. Quantit\u00e9 minimale 25 pi\u00e8ces"},"content":{"rendered":"","protected":false},"excerpt":{"rendered":"<p>Stylo bille AC<br \/>\nesprit. Pr\u00e9l\u00e8vement de 25 pi\u00e8ces<br \/>\nNum\u00e9ro d'article : AC-K-1800<\/p>","protected":false},"featured_media":9224,"template":"","meta":{"content-type":""},"product_brand":[],"product_cat":[112,276],"product_tag":[],"class_list":{"0":"post-4110","1":"product","2":"type-product","3":"status-publish","4":"has-post-thumbnail","6":"product_cat-uncategorized","7":"product_cat-messezubehoer","8":"product_shipping_class-paket","10":"first","11":"instock","12":"taxable","13":"shipping-taxable","14":"purchasable","15":"product-type-simple"},"yoast_head":"<!-- This site is optimized with the Yoast SEO plugin v27.3 - https:\/\/yoast.com\/product\/yoast-seo-wordpress\/ -->\n<title>AC Kugelschreiber mind. Abnahme 25 St\u00fcck - Ahorn Camp | Reisemobile und Kastenwagen<\/title>\n<meta name=\"description\" content=\"Sichern Sie sich jetzt unseren exklusiven Ahorn Camp Kugelschreiber! Perfekt f\u00fcr unterwegs, egal ob beruflich oder im Camper und im t\u00e4glichen Gebrauch.\" \/>\n<meta name=\"robots\" content=\"index, follow, max-snippet:-1, max-image-preview:large, max-video-preview:-1\" \/>\n<link rel=\"canonical\" href=\"https:\/\/ahorn-camp.de\/fr\/product\/stylo-bille-ac\/\" \/>\n<meta property=\"og:locale\" content=\"fr_FR\" \/>\n<meta property=\"og:type\" content=\"article\" \/>\n<meta property=\"og:title\" content=\"AC Kugelschreiber mind. Abnahme 25 St\u00fcck - Ahorn Camp | Reisemobile und Kastenwagen\" \/>\n<meta property=\"og:description\" content=\"Sichern Sie sich jetzt unseren exklusiven Ahorn Camp Kugelschreiber! Perfekt f\u00fcr unterwegs, egal ob beruflich oder im Camper und im t\u00e4glichen Gebrauch.\" \/>\n<meta property=\"og:url\" content=\"https:\/\/ahorn-camp.de\/fr\/product\/stylo-bille-ac\/\" \/>\n<meta property=\"og:site_name\" content=\"Ahorn Camp | Reisemobile und Kastenwagen\" \/>\n<meta property=\"article:publisher\" content=\"https:\/\/www.facebook.com\/ahorn.wohnmobile\/\" \/>\n<meta property=\"article:modified_time\" content=\"2024-12-04T09:22:31+00:00\" \/>\n<meta property=\"og:image\" content=\"https:\/\/ahorn-camp.de\/wp-content\/uploads\/2020\/02\/Ahorn_Camp_Kugelschreiber-weiss.jpg\" \/>\n\t<meta property=\"og:image:width\" content=\"800\" \/>\n\t<meta property=\"og:image:height\" content=\"1118\" \/>\n\t<meta property=\"og:image:type\" content=\"image\/jpeg\" \/>\n<meta name=\"twitter:card\" content=\"summary_large_image\" \/>\n<meta name=\"twitter:label1\" content=\"Dur\u00e9e de lecture estim\u00e9e\" \/>\n\t<meta name=\"twitter:data1\" content=\"1 minute\" \/>\n<script type=\"application\/ld+json\" class=\"yoast-schema-graph\">{\"@context\":\"https:\\\/\\\/schema.org\",\"@graph\":[{\"@type\":\"WebPage\",\"@id\":\"https:\\\/\\\/ahorn-camp.de\\\/product\\\/ac-kugelschreiber\\\/\",\"url\":\"https:\\\/\\\/ahorn-camp.de\\\/product\\\/ac-kugelschreiber\\\/\",\"name\":\"AC Kugelschreiber mind. Abnahme 25 St\u00fcck - Ahorn Camp | Reisemobile und Kastenwagen\",\"isPartOf\":{\"@id\":\"https:\\\/\\\/ahorn-camp.de\\\/#website\"},\"primaryImageOfPage\":{\"@id\":\"https:\\\/\\\/ahorn-camp.de\\\/product\\\/ac-kugelschreiber\\\/#primaryimage\"},\"image\":{\"@id\":\"https:\\\/\\\/ahorn-camp.de\\\/product\\\/ac-kugelschreiber\\\/#primaryimage\"},\"thumbnailUrl\":\"https:\\\/\\\/ahorn-camp.de\\\/wp-content\\\/uploads\\\/2020\\\/02\\\/Ahorn_Camp_Kugelschreiber-weiss.jpg\",\"datePublished\":\"2020-02-24T10:00:57+00:00\",\"dateModified\":\"2024-12-04T09:22:31+00:00\",\"description\":\"Sichern Sie sich jetzt unseren exklusiven Ahorn Camp Kugelschreiber! Perfekt f\u00fcr unterwegs, egal ob beruflich oder im Camper und im t\u00e4glichen Gebrauch.\",\"breadcrumb\":{\"@id\":\"https:\\\/\\\/ahorn-camp.de\\\/product\\\/ac-kugelschreiber\\\/#breadcrumb\"},\"inLanguage\":\"fr-FR\",\"potentialAction\":[{\"@type\":\"ReadAction\",\"target\":[\"https:\\\/\\\/ahorn-camp.de\\\/product\\\/ac-kugelschreiber\\\/\"]}]},{\"@type\":\"ImageObject\",\"inLanguage\":\"fr-FR\",\"@id\":\"https:\\\/\\\/ahorn-camp.de\\\/product\\\/ac-kugelschreiber\\\/#primaryimage\",\"url\":\"https:\\\/\\\/ahorn-camp.de\\\/wp-content\\\/uploads\\\/2020\\\/02\\\/Ahorn_Camp_Kugelschreiber-weiss.jpg\",\"contentUrl\":\"https:\\\/\\\/ahorn-camp.de\\\/wp-content\\\/uploads\\\/2020\\\/02\\\/Ahorn_Camp_Kugelschreiber-weiss.jpg\",\"width\":800,\"height\":1118},{\"@type\":\"BreadcrumbList\",\"@id\":\"https:\\\/\\\/ahorn-camp.de\\\/product\\\/ac-kugelschreiber\\\/#breadcrumb\",\"itemListElement\":[{\"@type\":\"ListItem\",\"position\":1,\"name\":\"Startseite\",\"item\":\"https:\\\/\\\/ahorn-camp.de\\\/\"},{\"@type\":\"ListItem\",\"position\":2,\"name\":\"Merchandise-Shop\",\"item\":\"https:\\\/\\\/ahorn-camp.de\\\/merchandise-shop\\\/\"},{\"@type\":\"ListItem\",\"position\":3,\"name\":\"AC Kugelschreiber mind. Abnahme 25 St\u00fcck\"}]},{\"@type\":\"WebSite\",\"@id\":\"https:\\\/\\\/ahorn-camp.de\\\/#website\",\"url\":\"https:\\\/\\\/ahorn-camp.de\\\/\",\"name\":\"Ahorn Camp | Reisemobile und Kastenwagen\",\"description\":\"Seit \u00fcber 30 Jahren vermarktet das Familienunternehmen, Ahorn Camp in Speyer, erfolgreich Wohnmobile und Kastenwagen zum besten Preis-Leistungsverh\u00e4ltnis.\",\"publisher\":{\"@id\":\"https:\\\/\\\/ahorn-camp.de\\\/#organization\"},\"potentialAction\":[{\"@type\":\"SearchAction\",\"target\":{\"@type\":\"EntryPoint\",\"urlTemplate\":\"https:\\\/\\\/ahorn-camp.de\\\/?s={search_term_string}\"},\"query-input\":{\"@type\":\"PropertyValueSpecification\",\"valueRequired\":true,\"valueName\":\"search_term_string\"}}],\"inLanguage\":\"fr-FR\"},{\"@type\":\"Organization\",\"@id\":\"https:\\\/\\\/ahorn-camp.de\\\/#organization\",\"name\":\"Ahorn Camp GmbH & Co. KG\",\"url\":\"https:\\\/\\\/ahorn-camp.de\\\/\",\"logo\":{\"@type\":\"ImageObject\",\"inLanguage\":\"fr-FR\",\"@id\":\"https:\\\/\\\/ahorn-camp.de\\\/#\\\/schema\\\/logo\\\/image\\\/\",\"url\":\"https:\\\/\\\/ahorn-camp.de\\\/wp-content\\\/uploads\\\/2018\\\/12\\\/Ahorn_Logo.jpg\",\"contentUrl\":\"https:\\\/\\\/ahorn-camp.de\\\/wp-content\\\/uploads\\\/2018\\\/12\\\/Ahorn_Logo.jpg\",\"width\":1437,\"height\":1000,\"caption\":\"Ahorn Camp GmbH & Co. KG\"},\"image\":{\"@id\":\"https:\\\/\\\/ahorn-camp.de\\\/#\\\/schema\\\/logo\\\/image\\\/\"},\"sameAs\":[\"https:\\\/\\\/www.facebook.com\\\/ahorn.wohnmobile\\\/\",\"https:\\\/\\\/www.instagram.com\\\/ahorn.camp\\\/\",\"https:\\\/\\\/www.youtube.com\\\/channel\\\/UCPFbPCts1JJ_A1k9vyH0yOQ\"]}]}<\/script>\n<!-- \/ Yoast SEO plugin. -->","yoast_head_json":{"title":"Stylo bille AC min. Achat 25 pi\u00e8ces - Ahorn Camp | Camping-cars et fourgons am\u00e9nag\u00e9s","description":"Procurez-vous d\u00e8s maintenant notre stylo \u00e0 bille exclusif Ahorn Camp ! Parfait pour les d\u00e9placements, que ce soit pour le travail, en camping-car ou pour un usage quotidien.","robots":{"index":"index","follow":"follow","max-snippet":"max-snippet:-1","max-image-preview":"max-image-preview:large","max-video-preview":"max-video-preview:-1"},"canonical":"https:\/\/ahorn-camp.de\/fr\/product\/stylo-bille-ac\/","og_locale":"fr_FR","og_type":"article","og_title":"AC Kugelschreiber mind. Abnahme 25 St\u00fcck - Ahorn Camp | Reisemobile und Kastenwagen","og_description":"Sichern Sie sich jetzt unseren exklusiven Ahorn Camp Kugelschreiber! Perfekt f\u00fcr unterwegs, egal ob beruflich oder im Camper und im t\u00e4glichen Gebrauch.","og_url":"https:\/\/ahorn-camp.de\/fr\/product\/stylo-bille-ac\/","og_site_name":"Ahorn Camp | Reisemobile und Kastenwagen","article_publisher":"https:\/\/www.facebook.com\/ahorn.wohnmobile\/","article_modified_time":"2024-12-04T09:22:31+00:00","og_image":[{"width":800,"height":1118,"url":"https:\/\/ahorn-camp.de\/wp-content\/uploads\/2020\/02\/Ahorn_Camp_Kugelschreiber-weiss.jpg","type":"image\/jpeg"}],"twitter_card":"summary_large_image","twitter_misc":{"Dur\u00e9e de lecture estim\u00e9e":"1 minute"},"schema":{"@context":"https:\/\/schema.org","@graph":[{"@type":"WebPage","@id":"https:\/\/ahorn-camp.de\/product\/ac-kugelschreiber\/","url":"https:\/\/ahorn-camp.de\/product\/ac-kugelschreiber\/","name":"Stylo bille AC min. Achat 25 pi\u00e8ces - Ahorn Camp | Camping-cars et fourgons am\u00e9nag\u00e9s","isPartOf":{"@id":"https:\/\/ahorn-camp.de\/#website"},"primaryImageOfPage":{"@id":"https:\/\/ahorn-camp.de\/product\/ac-kugelschreiber\/#primaryimage"},"image":{"@id":"https:\/\/ahorn-camp.de\/product\/ac-kugelschreiber\/#primaryimage"},"thumbnailUrl":"https:\/\/ahorn-camp.de\/wp-content\/uploads\/2020\/02\/Ahorn_Camp_Kugelschreiber-weiss.jpg","datePublished":"2020-02-24T10:00:57+00:00","dateModified":"2024-12-04T09:22:31+00:00","description":"Procurez-vous d\u00e8s maintenant notre stylo \u00e0 bille exclusif Ahorn Camp ! Parfait pour les d\u00e9placements, que ce soit pour le travail, en camping-car ou pour un usage quotidien.","breadcrumb":{"@id":"https:\/\/ahorn-camp.de\/product\/ac-kugelschreiber\/#breadcrumb"},"inLanguage":"fr-FR","potentialAction":[{"@type":"ReadAction","target":["https:\/\/ahorn-camp.de\/product\/ac-kugelschreiber\/"]}]},{"@type":"ImageObject","inLanguage":"fr-FR","@id":"https:\/\/ahorn-camp.de\/product\/ac-kugelschreiber\/#primaryimage","url":"https:\/\/ahorn-camp.de\/wp-content\/uploads\/2020\/02\/Ahorn_Camp_Kugelschreiber-weiss.jpg","contentUrl":"https:\/\/ahorn-camp.de\/wp-content\/uploads\/2020\/02\/Ahorn_Camp_Kugelschreiber-weiss.jpg","width":800,"height":1118},{"@type":"BreadcrumbList","@id":"https:\/\/ahorn-camp.de\/product\/ac-kugelschreiber\/#breadcrumb","itemListElement":[{"@type":"ListItem","position":1,"name":"Startseite","item":"https:\/\/ahorn-camp.de\/"},{"@type":"ListItem","position":2,"name":"Merchandise-Shop","item":"https:\/\/ahorn-camp.de\/merchandise-shop\/"},{"@type":"ListItem","position":3,"name":"AC Kugelschreiber mind. Abnahme 25 St\u00fcck"}]},{"@type":"WebSite","@id":"https:\/\/ahorn-camp.de\/#website","url":"https:\/\/ahorn-camp.de\/","name":"Ahorn Camp | Camping-cars et fourgons am\u00e9nag\u00e9s","description":"Depuis plus de 30 ans, l'entreprise familiale, Ahorn Camp \u00e0 Speyer, commercialise avec succ\u00e8s des camping-cars et des fourgons au meilleur rapport qualit\u00e9-prix.","publisher":{"@id":"https:\/\/ahorn-camp.de\/#organization"},"potentialAction":[{"@type":"SearchAction","target":{"@type":"EntryPoint","urlTemplate":"https:\/\/ahorn-camp.de\/?s={search_term_string}"},"query-input":{"@type":"PropertyValueSpecification","valueRequired":true,"valueName":"search_term_string"}}],"inLanguage":"fr-FR"},{"@type":"Organization","@id":"https:\/\/ahorn-camp.de\/#organization","name":"Ahorn Camp GmbH &amp; Co. KG","url":"https:\/\/ahorn-camp.de\/","logo":{"@type":"ImageObject","inLanguage":"fr-FR","@id":"https:\/\/ahorn-camp.de\/#\/schema\/logo\/image\/","url":"https:\/\/ahorn-camp.de\/wp-content\/uploads\/2018\/12\/Ahorn_Logo.jpg","contentUrl":"https:\/\/ahorn-camp.de\/wp-content\/uploads\/2018\/12\/Ahorn_Logo.jpg","width":1437,"height":1000,"caption":"Ahorn Camp GmbH & Co. KG"},"image":{"@id":"https:\/\/ahorn-camp.de\/#\/schema\/logo\/image\/"},"sameAs":["https:\/\/www.facebook.com\/ahorn.wohnmobile\/","https:\/\/www.instagram.com\/ahorn.camp\/","https:\/\/www.youtube.com\/channel\/UCPFbPCts1JJ_A1k9vyH0yOQ"]}]}},"_links":{"self":[{"href":"https:\/\/ahorn-camp.de\/fr\/wp-json\/wp\/v2\/product\/4110","targetHints":{"allow":["GET"]}}],"collection":[{"href":"https:\/\/ahorn-camp.de\/fr\/wp-json\/wp\/v2\/product"}],"about":[{"href":"https:\/\/ahorn-camp.de\/fr\/wp-json\/wp\/v2\/types\/product"}],"wp:featuredmedia":[{"embeddable":true,"href":"https:\/\/ahorn-camp.de\/fr\/wp-json\/wp\/v2\/media\/9224"}],"wp:attachment":[{"href":"https:\/\/ahorn-camp.de\/fr\/wp-json\/wp\/v2\/media?parent=4110"}],"wp:term":[{"taxonomy":"product_brand","embeddable":true,"href":"https:\/\/ahorn-camp.de\/fr\/wp-json\/wp\/v2\/product_brand?post=4110"},{"taxonomy":"product_cat","embeddable":true,"href":"https:\/\/ahorn-camp.de\/fr\/wp-json\/wp\/v2\/product_cat?post=4110"},{"taxonomy":"product_tag","embeddable":true,"href":"https:\/\/ahorn-camp.de\/fr\/wp-json\/wp\/v2\/product_tag?post=4110"}],"curies":[{"name":"wp","href":"https:\/\/api.w.org\/{rel}","templated":true}]}}