{"id":30865,"date":"2025-05-28T15:44:35","date_gmt":"2025-05-28T13:44:35","guid":{"rendered":"https:\/\/ahorn-camp.de\/?post_type=product&#038;p=30865"},"modified":"2025-06-18T09:30:09","modified_gmt":"2025-06-18T07:30:09","slug":"eintracht-van","status":"publish","type":"product","link":"https:\/\/ahorn-camp.de\/fr\/product\/eintracht-van\/","title":{"rendered":"Eintracht Van Versteigerung"},"content":{"rendered":"<p><strong>Ahorn Camp und Eintracht Frankfurt versteigern exklusiven Van \u2013 50 % des Erl\u00f6ses f\u00fcr den guten Zweck<\/strong><\/p>\n<p>&nbsp;<\/p>\n<p>Ein echtes Highlight f\u00fcr alle Eintracht-Fans und Vanlife-Enthusiasten kommt unter den Hammer: In Kooperation mit Eintracht Frankfurt versteigern wir ein exklusives Sammlerst\u00fcck\u2013 den im Rahmen der Partnerschaft realisierten, einzigartigen Eintracht Frankfurt Van.<\/p>\n<p>&nbsp;<\/p>\n<p>Jetzt haben Fans die Chance, dieses voll gebrandete Unikat ihr Eigen zu nennen: Vom 16. bis zum 1. Julii 2025 kann der kultige Van 620 \u2013 ausgestattet mit ikonischem Eintracht-Design und umfangreichem Fan-Merchandise \u2013 hier ersteigert werden. Der Startpreis liegt bei 30.000 Euro, der Neupreis des Vans betr\u00e4gt 74.298 Euro inkl. MwSt.<\/p>\n<p>&nbsp;<\/p>\n<p>Und das Beste: <strong>50 % des finalen Auktionsbetrags gehen an die Kinderhilfsorganisation MainKind e.V.<\/strong> <strong>\u2013 <\/strong>eine Frankfurter Initiative, die sich dem Kampf gegen Kinderarmut verschrieben hat. Sie vermittelt gezielt Hilfe dort, wo sie gebraucht wird \u2013 ob Musikunterricht, Sportvereinsbeitr\u00e4ge oder Nachhilfe. So erm\u00f6glicht MainKind benachteiligten Kindern und Jugendlichen gesellschaftliche Teilhabe, Bildung und faire Chancen.<\/p>\n<p>&nbsp;<\/p>\n<p>Unter dem Motto \u201e<strong>Eintracht im Herzen \u2013 Abenteuer im Blick<\/strong>\u201c vereint der Van Emotion, Komfort und Funktionalit\u00e4t auf h\u00f6chstem Niveau \u2013 ideal f\u00fcr Ausw\u00e4rtsfahrten, Wochenendtrips und den Urlaub mit Freunden oder der Familie. Jetzt mitbieten und Vereinsliebe auf vier R\u00e4dern erleben.<\/p>\n<h3><\/h3>\n<p>Bei Fragen oder Problemen melden Sie sich gerne bei uns unter: marketing@ahorn-camp.de<\/p>\n<p>&nbsp;<\/p>\n<h3>1. Veranstalter<\/h3>\n<p>Die Versteigerung wird durchgef\u00fchrt von:<br \/>\n<strong>Ahorn Camp GmbH\u00a0<\/strong><br \/>\nFranz-Kirrmeier Stra\u00dfe 8, 67346 Speyer<br \/>\n(im Folgenden \u201eVeranstalter\u201c)<\/p>\n<p>&nbsp;<\/p>\n<h3>2. Auktionsgegenstand<\/h3>\n<p>Versteigert wird ein gebrauchter Ahorn Camp Van &#8211; Modell<strong> Van 620<\/strong> &#8211; vollfoliert im <strong>Eintracht Francfort<\/strong> Design sowie ausgestattet mit Fan-Merchandise. Es handelt sich um ein Einzelst\u00fcck (Unikat), das im Rahmen einer offiziellen Kooperation zwischen Ahorn Camp und Eintracht Frankfurt umgesetzt wurde. Der Van ist <strong>gebraucht<\/strong>, jedoch in sehr gutem Zustand und mit einem Neupreis von <strong>74.298 \u20ac inkl. MwSt.<\/strong> und inkl. Beklebung versehen.<\/p>\n<p>&nbsp;<\/p>\n<p><strong>Startpreis der Auktion:<\/strong> 30.000 \u20ac (inkl. MwSt.)<\/p>\n<p>&nbsp;<\/p>\n<h3>3. Auktionszeitraum<\/h3>\n<p>Die Online-Versteigerung findet im Zeitraum vom <strong>16. Juni 2025, 10:00 Uhr<\/strong> bis zum 1<strong>. Juli 2025, 18:00 Uhr MESZ<\/strong> <a id=\"menur37n\" class=\"fui-Link ___1q1shib f2hkw1w f3rmtva f1ewtqcl fyind8e f1k6fduh f1w7gpdv fk6fouc fjoy568 figsok6 f1s184ao f1mk8lai fnbmjn9 f1o700av f13mvf36 f1cmlufx f9n3di6 f1ids18y f1tx3yz7 f1deo86v f1eh06m1 f1iescvh fhgqx19 f1olyrje f1p93eir f1nev41a f1h8hb77 f1lqvz6u f10aw75t fsle3fq f17ae5zn\" title=\"https:\/\/ahorn-camp.de\/eintracht-frankfurt\" href=\"https:\/\/ahorn-camp.de\/fr\/eintracht-frankfurt\/\" target=\"_blank\" rel=\"noreferrer noopener\" aria-label=\"Link https:\/\/ahorn-camp.de\/eintracht-frankfurt\"><\/a> statt.<\/p>\n<p>&nbsp;<\/p>\n<h3>4. Teilnahmeberechtigung<\/h3>\n<p>Teilnahmeberechtigt sind alle <strong>vollj\u00e4hrigen, unbeschr\u00e4nkt gesch\u00e4ftsf\u00e4higen nat\u00fcrlichen Personen<\/strong> sowie juristische Personen mit Wohnsitz bzw. Sitz in der <strong>Europ\u00e4ischen Union<\/strong>. Mitarbeiter:innen des Veranstalters oder deren Angeh\u00f6rige sind von der Teilnahme ausgeschlossen.<\/p>\n<p>&nbsp;<\/p>\n<h3>5. Ablauf der Auktion<\/h3>\n<ul>\n<li>Gebote k\u00f6nnen ausschlie\u00dflich \u00fcber das auf der Auktionsseite integrierte Online-Formular abgegeben werden.<\/li>\n<li>Jedes Gebot ist <strong>verbindlich<\/strong>.<\/li>\n<li>Die H\u00f6he des n\u00e4chsten Gebots richtet sich nach dem jeweils aktuellen H\u00f6chstgebot zuz\u00fcglich des vom System vorgegebenen Mindeststeigerungsbetrags.<\/li>\n<li>Der Bieter mit dem <strong>h\u00f6chsten Gebot zum Zeitpunkt des Auktionsendes<\/strong> erh\u00e4lt den Zuschlag.<\/li>\n<\/ul>\n<h3>6. Zustandekommen des Kaufvertrags<\/h3>\n<p>Mit Ablauf der Auktion kommt ein <strong>verbindlicher Kaufvertrag<\/strong> zwischen dem H\u00f6chstbietenden und dem Veranstalter zustande. Der Veranstalter wird den Gewinner innerhalb von 48 Stunden per E-Mail benachrichtigen.<\/p>\n<p>&nbsp;<\/p>\n<h3>7. Zahlung und Eigentums\u00fcbertragung<\/h3>\n<ul>\n<li>Der Auktionsgewinner verpflichtet sich, den gebotenen Betrag <strong>innerhalb von 7 Werktagen<\/strong> nach Erhalt der Zahlungsaufforderung auf das angegebene Konto des Veranstalters zu \u00fcberweisen.<\/li>\n<li>Der Betrag ist <strong>brutto inkl. gesetzlicher Umsatzsteuer<\/strong>.<\/li>\n<li>Nach Zahlungseingang erfolgt die <strong>\u00dcbergabe des Fahrzeugs<\/strong> nach individueller Absprache. Mit \u00dcbergabe wird auch das Eigentum \u00fcbertragen.<\/li>\n<\/ul>\n<h3>8. Verwendungszweck des Erl\u00f6ses<\/h3>\n<p><strong>50 % des erzielten Auktionsbetrags<\/strong> werden von Ahorn Camp an die Kinderhilfsorganisation <strong>MainKind e.V.<\/strong> mit Sitz in Frankfurt am Main gespendet.<\/p>\n<p>&nbsp;<\/p>\n<h3>9. Gew\u00e4hrleistung<\/h3>\n<p>Da es sich um eine <strong>Versteigerung gem\u00e4\u00df \u00a7 156 BGB<\/strong> handelt, erfolgt der Verkauf unter <strong>Ausschluss jeglicher Gew\u00e4hrleistung<\/strong>, es sei denn, es liegt ein gesetzlich zwingender Fall vor (z.\u202fB. Arglist oder Vorsatz).<\/p>\n<p>Der Van kann nach vorheriger Absprache besichtigt werden.<\/p>\n<p>&nbsp;<\/p>\n<h3>10. Datenschutz<\/h3>\n<p>Personenbezogene Daten der Teilnehmer:innen werden ausschlie\u00dflich zur Durchf\u00fchrung der Auktion verarbeitet. Es gelten die allgemeinen Datenschutzbestimmungen des Veranstalters.<\/p>\n<p>&nbsp;<\/p>\n<h3>11. Schlussbestimmungen<\/h3>\n<ul>\n<li>La voie de recours est exclue.<\/li>\n<li>Es gilt deutsches Recht.<\/li>\n<li>Sollten einzelne Bestimmungen dieser Teilnahmebedingungen ganz oder teilweise unwirksam sein oder werden, bleibt die G\u00fcltigkeit der \u00fcbrigen Bestimmungen unber\u00fchrt.<\/li>\n<\/ul>","protected":false},"excerpt":{"rendered":"<p><strong>Ahorn Camp und Eintracht Frankfurt versteigern exklusiven Van \u2013 50 % des Erl\u00f6ses f\u00fcr den guten Zweck<\/strong><\/p>\n<p>&nbsp;<\/p>\n<p>Ein echtes Highlight f\u00fcr alle Eintracht-Fans und Vanlife-Enthusiasten kommt unter den Hammer: In Kooperation mit Eintracht Frankfurt versteigern wir ein exklusives Sammlerst\u00fcck\u2013 den im Rahmen der Partnerschaft realisierten, einzigartigen Eintracht Frankfurt Van.<\/p>\n<p>&nbsp;<\/p>\n<p>Jetzt haben Fans die Chance, dieses voll gebrandete Unikat ihr Eigen zu nennen: Vom 16. bis zum 1. Julii 2025 kann der kultige Van 620 \u2013 ausgestattet mit ikonischem Eintracht-Design und umfangreichem Fan-Merchandise \u2013 hier ersteigert werden. Der Startpreis liegt bei 30.000 Euro, der Neupreis des Vans betr\u00e4gt 74.298 Euro inkl. MwSt.<\/p>\n<p>&nbsp;<\/p>\n<p>Und das Beste: <strong>50 % des finalen Auktionsbetrags gehen an die Kinderhilfsorganisation MainKind e.V.<\/strong> <strong>&#8211; <\/strong>eine Frankfurter Initiative, die sich dem Kampf gegen Kinderarmut verschrieben hat. Sie vermittelt gezielt Hilfe dort, wo sie gebraucht wird \u2013 ob Musikunterricht, Sportvereinsbeitr\u00e4ge oder Nachhilfe. So erm\u00f6glicht MainKind benachteiligten Kindern und Jugendlichen gesellschaftliche Teilhabe, Bildung [&#8230;]<\/p>\n","protected":false},"featured_media":30970,"template":"..\/public\/views\/revslider-page-template.php","meta":{"content-type":""},"product_brand":[],"product_cat":[112],"product_tag":[],"class_list":{"0":"post-30865","1":"product","2":"type-product","3":"status-publish","4":"has-post-thumbnail","6":"product_cat-uncategorized","8":"first","9":"instock","10":"taxable","11":"shipping-taxable","12":"purchasable","13":"product-type-simple"},"yoast_head":"<!-- This site is optimized with the Yoast SEO plugin v27.3 - https:\/\/yoast.com\/product\/yoast-seo-wordpress\/ -->\n<title>Eintracht Van Versteigerung - Ahorn Camp | Reisemobile und Kastenwagen<\/title>\n<meta name=\"robots\" content=\"index, follow, max-snippet:-1, max-image-preview:large, max-video-preview:-1\" \/>\n<link rel=\"canonical\" href=\"https:\/\/ahorn-camp.de\/fr\/product\/eintracht-van\/\" \/>\n<meta property=\"og:locale\" content=\"fr_FR\" \/>\n<meta property=\"og:type\" content=\"article\" \/>\n<meta property=\"og:title\" content=\"Eintracht Van Versteigerung - Ahorn Camp | Reisemobile und Kastenwagen\" \/>\n<meta property=\"og:description\" content=\"Ahorn Camp und Eintracht Frankfurt versteigern exklusiven Van \u2013 50 % des Erl\u00f6ses f\u00fcr den guten Zweck &nbsp; Ein echtes Highlight f\u00fcr alle Eintracht-Fans und Vanlife-Enthusiasten kommt unter den Hammer: In Kooperation mit Eintracht Frankfurt versteigern wir ein exklusives Sammlerst\u00fcck\u2013 den im Rahmen der Partnerschaft realisierten, einzigartigen Eintracht Frankfurt Van. &nbsp; Jetzt haben Fans die Chance, dieses voll gebrandete Unikat ihr Eigen zu nennen: Vom 16. bis zum 1. Julii 2025 kann der kultige Van 620 \u2013 ausgestattet mit ikonischem Eintracht-Design und umfangreichem Fan-Merchandise \u2013 hier ersteigert werden. Der Startpreis liegt bei 30.000 Euro, der Neupreis des Vans betr\u00e4gt 74.298 Euro inkl. MwSt. &nbsp; Und das Beste: 50 % des finalen Auktionsbetrags gehen an die Kinderhilfsorganisation MainKind e.V. &#8211; eine Frankfurter Initiative, die sich dem Kampf gegen Kinderarmut verschrieben hat. Sie vermittelt gezielt Hilfe dort, wo sie gebraucht wird \u2013 ob Musikunterricht, Sportvereinsbeitr\u00e4ge oder Nachhilfe. So erm\u00f6glicht MainKind benachteiligten Kindern und Jugendlichen gesellschaftliche Teilhabe, Bildung [...]\" \/>\n<meta property=\"og:url\" content=\"https:\/\/ahorn-camp.de\/fr\/product\/eintracht-van\/\" \/>\n<meta property=\"og:site_name\" content=\"Ahorn Camp | Reisemobile und Kastenwagen\" \/>\n<meta property=\"article:publisher\" content=\"https:\/\/www.facebook.com\/ahorn.wohnmobile\/\" \/>\n<meta property=\"article:modified_time\" content=\"2025-06-18T07:30:09+00:00\" \/>\n<meta property=\"og:image\" content=\"https:\/\/ahorn-camp.de\/wp-content\/uploads\/2025\/05\/JSK_5734-e1748328893648.jpg\" \/>\n\t<meta property=\"og:image:width\" content=\"580\" \/>\n\t<meta property=\"og:image:height\" content=\"580\" \/>\n\t<meta property=\"og:image:type\" content=\"image\/jpeg\" \/>\n<meta name=\"twitter:card\" content=\"summary_large_image\" \/>\n<meta name=\"twitter:label1\" content=\"Dur\u00e9e de lecture estim\u00e9e\" \/>\n\t<meta name=\"twitter:data1\" content=\"4 minutes\" \/>\n<script type=\"application\/ld+json\" class=\"yoast-schema-graph\">{\"@context\":\"https:\\\/\\\/schema.org\",\"@graph\":[{\"@type\":\"WebPage\",\"@id\":\"https:\\\/\\\/ahorn-camp.de\\\/product\\\/eintracht-van\\\/\",\"url\":\"https:\\\/\\\/ahorn-camp.de\\\/product\\\/eintracht-van\\\/\",\"name\":\"Eintracht Van Versteigerung - Ahorn Camp | Reisemobile und Kastenwagen\",\"isPartOf\":{\"@id\":\"https:\\\/\\\/ahorn-camp.de\\\/#website\"},\"primaryImageOfPage\":{\"@id\":\"https:\\\/\\\/ahorn-camp.de\\\/product\\\/eintracht-van\\\/#primaryimage\"},\"image\":{\"@id\":\"https:\\\/\\\/ahorn-camp.de\\\/product\\\/eintracht-van\\\/#primaryimage\"},\"thumbnailUrl\":\"https:\\\/\\\/ahorn-camp.de\\\/wp-content\\\/uploads\\\/2025\\\/05\\\/JSK_5734-e1748328893648.jpg\",\"datePublished\":\"2025-05-28T13:44:35+00:00\",\"dateModified\":\"2025-06-18T07:30:09+00:00\",\"breadcrumb\":{\"@id\":\"https:\\\/\\\/ahorn-camp.de\\\/product\\\/eintracht-van\\\/#breadcrumb\"},\"inLanguage\":\"fr-FR\",\"potentialAction\":[{\"@type\":\"ReadAction\",\"target\":[\"https:\\\/\\\/ahorn-camp.de\\\/product\\\/eintracht-van\\\/\"]}]},{\"@type\":\"ImageObject\",\"inLanguage\":\"fr-FR\",\"@id\":\"https:\\\/\\\/ahorn-camp.de\\\/product\\\/eintracht-van\\\/#primaryimage\",\"url\":\"https:\\\/\\\/ahorn-camp.de\\\/wp-content\\\/uploads\\\/2025\\\/05\\\/JSK_5734-e1748328893648.jpg\",\"contentUrl\":\"https:\\\/\\\/ahorn-camp.de\\\/wp-content\\\/uploads\\\/2025\\\/05\\\/JSK_5734-e1748328893648.jpg\",\"width\":580,\"height\":580,\"caption\":\"Eintracht Frankfurt Van\"},{\"@type\":\"BreadcrumbList\",\"@id\":\"https:\\\/\\\/ahorn-camp.de\\\/product\\\/eintracht-van\\\/#breadcrumb\",\"itemListElement\":[{\"@type\":\"ListItem\",\"position\":1,\"name\":\"Startseite\",\"item\":\"https:\\\/\\\/ahorn-camp.de\\\/\"},{\"@type\":\"ListItem\",\"position\":2,\"name\":\"Merchandise-Shop\",\"item\":\"https:\\\/\\\/ahorn-camp.de\\\/merchandise-shop\\\/\"},{\"@type\":\"ListItem\",\"position\":3,\"name\":\"Eintracht Van Versteigerung\"}]},{\"@type\":\"WebSite\",\"@id\":\"https:\\\/\\\/ahorn-camp.de\\\/#website\",\"url\":\"https:\\\/\\\/ahorn-camp.de\\\/\",\"name\":\"Ahorn Camp | Reisemobile und Kastenwagen\",\"description\":\"Seit \u00fcber 30 Jahren vermarktet das Familienunternehmen, Ahorn Camp in Speyer, erfolgreich Wohnmobile und Kastenwagen zum besten Preis-Leistungsverh\u00e4ltnis.\",\"publisher\":{\"@id\":\"https:\\\/\\\/ahorn-camp.de\\\/#organization\"},\"potentialAction\":[{\"@type\":\"SearchAction\",\"target\":{\"@type\":\"EntryPoint\",\"urlTemplate\":\"https:\\\/\\\/ahorn-camp.de\\\/?s={search_term_string}\"},\"query-input\":{\"@type\":\"PropertyValueSpecification\",\"valueRequired\":true,\"valueName\":\"search_term_string\"}}],\"inLanguage\":\"fr-FR\"},{\"@type\":\"Organization\",\"@id\":\"https:\\\/\\\/ahorn-camp.de\\\/#organization\",\"name\":\"Ahorn Camp GmbH & Co. KG\",\"url\":\"https:\\\/\\\/ahorn-camp.de\\\/\",\"logo\":{\"@type\":\"ImageObject\",\"inLanguage\":\"fr-FR\",\"@id\":\"https:\\\/\\\/ahorn-camp.de\\\/#\\\/schema\\\/logo\\\/image\\\/\",\"url\":\"https:\\\/\\\/ahorn-camp.de\\\/wp-content\\\/uploads\\\/2018\\\/12\\\/Ahorn_Logo.jpg\",\"contentUrl\":\"https:\\\/\\\/ahorn-camp.de\\\/wp-content\\\/uploads\\\/2018\\\/12\\\/Ahorn_Logo.jpg\",\"width\":1437,\"height\":1000,\"caption\":\"Ahorn Camp GmbH & Co. KG\"},\"image\":{\"@id\":\"https:\\\/\\\/ahorn-camp.de\\\/#\\\/schema\\\/logo\\\/image\\\/\"},\"sameAs\":[\"https:\\\/\\\/www.facebook.com\\\/ahorn.wohnmobile\\\/\",\"https:\\\/\\\/www.instagram.com\\\/ahorn.camp\\\/\",\"https:\\\/\\\/www.youtube.com\\\/channel\\\/UCPFbPCts1JJ_A1k9vyH0yOQ\"]}]}<\/script>\n<!-- \/ Yoast SEO plugin. -->","yoast_head_json":{"title":"Eintracht Van Versteigerung - Ahorn Camp | Reisemobile und Kastenwagen","robots":{"index":"index","follow":"follow","max-snippet":"max-snippet:-1","max-image-preview":"max-image-preview:large","max-video-preview":"max-video-preview:-1"},"canonical":"https:\/\/ahorn-camp.de\/fr\/product\/eintracht-van\/","og_locale":"fr_FR","og_type":"article","og_title":"Eintracht Van Versteigerung - Ahorn Camp | Reisemobile und Kastenwagen","og_description":"Ahorn Camp und Eintracht Frankfurt versteigern exklusiven Van \u2013 50 % des Erl\u00f6ses f\u00fcr den guten Zweck &nbsp; Ein echtes Highlight f\u00fcr alle Eintracht-Fans und Vanlife-Enthusiasten kommt unter den Hammer: In Kooperation mit Eintracht Frankfurt versteigern wir ein exklusives Sammlerst\u00fcck\u2013 den im Rahmen der Partnerschaft realisierten, einzigartigen Eintracht Frankfurt Van. &nbsp; Jetzt haben Fans die Chance, dieses voll gebrandete Unikat ihr Eigen zu nennen: Vom 16. bis zum 1. Julii 2025 kann der kultige Van 620 \u2013 ausgestattet mit ikonischem Eintracht-Design und umfangreichem Fan-Merchandise \u2013 hier ersteigert werden. Der Startpreis liegt bei 30.000 Euro, der Neupreis des Vans betr\u00e4gt 74.298 Euro inkl. MwSt. &nbsp; Und das Beste: 50 % des finalen Auktionsbetrags gehen an die Kinderhilfsorganisation MainKind e.V. &#8211; eine Frankfurter Initiative, die sich dem Kampf gegen Kinderarmut verschrieben hat. Sie vermittelt gezielt Hilfe dort, wo sie gebraucht wird \u2013 ob Musikunterricht, Sportvereinsbeitr\u00e4ge oder Nachhilfe. So erm\u00f6glicht MainKind benachteiligten Kindern und Jugendlichen gesellschaftliche Teilhabe, Bildung [...]","og_url":"https:\/\/ahorn-camp.de\/fr\/product\/eintracht-van\/","og_site_name":"Ahorn Camp | Reisemobile und Kastenwagen","article_publisher":"https:\/\/www.facebook.com\/ahorn.wohnmobile\/","article_modified_time":"2025-06-18T07:30:09+00:00","og_image":[{"width":580,"height":580,"url":"https:\/\/ahorn-camp.de\/wp-content\/uploads\/2025\/05\/JSK_5734-e1748328893648.jpg","type":"image\/jpeg"}],"twitter_card":"summary_large_image","twitter_misc":{"Dur\u00e9e de lecture estim\u00e9e":"4 minutes"},"schema":{"@context":"https:\/\/schema.org","@graph":[{"@type":"WebPage","@id":"https:\/\/ahorn-camp.de\/product\/eintracht-van\/","url":"https:\/\/ahorn-camp.de\/product\/eintracht-van\/","name":"Eintracht Van Versteigerung - Ahorn Camp | Reisemobile und Kastenwagen","isPartOf":{"@id":"https:\/\/ahorn-camp.de\/#website"},"primaryImageOfPage":{"@id":"https:\/\/ahorn-camp.de\/product\/eintracht-van\/#primaryimage"},"image":{"@id":"https:\/\/ahorn-camp.de\/product\/eintracht-van\/#primaryimage"},"thumbnailUrl":"https:\/\/ahorn-camp.de\/wp-content\/uploads\/2025\/05\/JSK_5734-e1748328893648.jpg","datePublished":"2025-05-28T13:44:35+00:00","dateModified":"2025-06-18T07:30:09+00:00","breadcrumb":{"@id":"https:\/\/ahorn-camp.de\/product\/eintracht-van\/#breadcrumb"},"inLanguage":"fr-FR","potentialAction":[{"@type":"ReadAction","target":["https:\/\/ahorn-camp.de\/product\/eintracht-van\/"]}]},{"@type":"ImageObject","inLanguage":"fr-FR","@id":"https:\/\/ahorn-camp.de\/product\/eintracht-van\/#primaryimage","url":"https:\/\/ahorn-camp.de\/wp-content\/uploads\/2025\/05\/JSK_5734-e1748328893648.jpg","contentUrl":"https:\/\/ahorn-camp.de\/wp-content\/uploads\/2025\/05\/JSK_5734-e1748328893648.jpg","width":580,"height":580,"caption":"Eintracht Frankfurt Van"},{"@type":"BreadcrumbList","@id":"https:\/\/ahorn-camp.de\/product\/eintracht-van\/#breadcrumb","itemListElement":[{"@type":"ListItem","position":1,"name":"Startseite","item":"https:\/\/ahorn-camp.de\/"},{"@type":"ListItem","position":2,"name":"Merchandise-Shop","item":"https:\/\/ahorn-camp.de\/merchandise-shop\/"},{"@type":"ListItem","position":3,"name":"Eintracht Van Versteigerung"}]},{"@type":"WebSite","@id":"https:\/\/ahorn-camp.de\/#website","url":"https:\/\/ahorn-camp.de\/","name":"Ahorn Camp | Camping-cars et fourgons am\u00e9nag\u00e9s","description":"Depuis plus de 30 ans, l'entreprise familiale, Ahorn Camp \u00e0 Speyer, commercialise avec succ\u00e8s des camping-cars et des fourgons au meilleur rapport qualit\u00e9-prix.","publisher":{"@id":"https:\/\/ahorn-camp.de\/#organization"},"potentialAction":[{"@type":"SearchAction","target":{"@type":"EntryPoint","urlTemplate":"https:\/\/ahorn-camp.de\/?s={search_term_string}"},"query-input":{"@type":"PropertyValueSpecification","valueRequired":true,"valueName":"search_term_string"}}],"inLanguage":"fr-FR"},{"@type":"Organization","@id":"https:\/\/ahorn-camp.de\/#organization","name":"Ahorn Camp GmbH &amp; Co. KG","url":"https:\/\/ahorn-camp.de\/","logo":{"@type":"ImageObject","inLanguage":"fr-FR","@id":"https:\/\/ahorn-camp.de\/#\/schema\/logo\/image\/","url":"https:\/\/ahorn-camp.de\/wp-content\/uploads\/2018\/12\/Ahorn_Logo.jpg","contentUrl":"https:\/\/ahorn-camp.de\/wp-content\/uploads\/2018\/12\/Ahorn_Logo.jpg","width":1437,"height":1000,"caption":"Ahorn Camp GmbH & Co. KG"},"image":{"@id":"https:\/\/ahorn-camp.de\/#\/schema\/logo\/image\/"},"sameAs":["https:\/\/www.facebook.com\/ahorn.wohnmobile\/","https:\/\/www.instagram.com\/ahorn.camp\/","https:\/\/www.youtube.com\/channel\/UCPFbPCts1JJ_A1k9vyH0yOQ"]}]}},"_links":{"self":[{"href":"https:\/\/ahorn-camp.de\/fr\/wp-json\/wp\/v2\/product\/30865","targetHints":{"allow":["GET"]}}],"collection":[{"href":"https:\/\/ahorn-camp.de\/fr\/wp-json\/wp\/v2\/product"}],"about":[{"href":"https:\/\/ahorn-camp.de\/fr\/wp-json\/wp\/v2\/types\/product"}],"wp:featuredmedia":[{"embeddable":true,"href":"https:\/\/ahorn-camp.de\/fr\/wp-json\/wp\/v2\/media\/30970"}],"wp:attachment":[{"href":"https:\/\/ahorn-camp.de\/fr\/wp-json\/wp\/v2\/media?parent=30865"}],"wp:term":[{"taxonomy":"product_brand","embeddable":true,"href":"https:\/\/ahorn-camp.de\/fr\/wp-json\/wp\/v2\/product_brand?post=30865"},{"taxonomy":"product_cat","embeddable":true,"href":"https:\/\/ahorn-camp.de\/fr\/wp-json\/wp\/v2\/product_cat?post=30865"},{"taxonomy":"product_tag","embeddable":true,"href":"https:\/\/ahorn-camp.de\/fr\/wp-json\/wp\/v2\/product_tag?post=30865"}],"curies":[{"name":"wp","href":"https:\/\/api.w.org\/{rel}","templated":true}]}}