{"id":30686,"date":"2025-04-28T16:10:26","date_gmt":"2025-04-28T14:10:26","guid":{"rendered":"https:\/\/ahorn-camp.de\/?post_type=product&#038;p=30686"},"modified":"2025-04-28T16:13:08","modified_gmt":"2025-04-28T14:13:08","slug":"panneau-davertissement-ue","status":"publish","type":"product","link":"https:\/\/ahorn-camp.de\/fr\/product\/warntafel-eu\/","title":{"rendered":"Panneau d'avertissement UE hors Italie\/Espagne"},"content":{"rendered":"<p class=\"\" data-start=\"308\" data-end=\"385\"><strong data-start=\"308\" data-end=\"385\">Conformit\u00e9 &amp; s\u00e9curit\u00e9 en d\u00e9placement \u2013 le panneau d'avertissement pour chargement d\u00e9bordant<\/strong><\/p>\n<p class=\"\" data-start=\"387\" data-end=\"635\">Avec la l\u00e9g\u00e8re <strong data-start=\"404\" data-end=\"428\">Panneau d'avertissement en plastique<\/strong> vous respectez les exigences l\u00e9gales dans de nombreux pays de l'UE (sauf l'Italie et l'Espagne) et \u00eates en s\u00e9curit\u00e9 en d\u00e9placement. Id\u00e9al pour les camping-cars, si les porte-v\u00e9los, les coffres \u00e0 bagages ou d'autres am\u00e9nagements d\u00e9passent.<\/p>\n<p class=\"\" data-start=\"637\" data-end=\"851\"><strong data-start=\"640\" data-end=\"676\">Obligation pour un chargement d\u00e9bordant<\/strong><br data-start=\"676\" data-end=\"679\" \/>Dans de nombreux pays europ\u00e9ens, le montage d'un panneau d'avertissement en cas de surcharge est obligatoire par la loi \u2013 ce panneau robuste en plastique assure la visibilit\u00e9 n\u00e9cessaire.<\/p>\n<p class=\"\" data-start=\"853\" data-end=\"1013\"><strong data-start=\"856\" data-end=\"875\">Pour les vacanciers de l'UE<\/strong><br data-start=\"875\" data-end=\"878\" \/>Autoris\u00e9 dans de nombreux \u00c9tats europ\u00e9ens, cependant <strong data-start=\"933\" data-end=\"966\">pas pour l'Italie et l'Espagne<\/strong> (n\u00e9cessite des panneaux r\u00e9flecteurs sp\u00e9ciaux).<\/p>\n<p class=\"\" data-start=\"1015\" data-end=\"1165\"><strong data-start=\"1018\" data-end=\"1041\">Robuste et r\u00e9sistant aux intemp\u00e9ries<\/strong><br data-start=\"1041\" data-end=\"1044\" \/>Fabriqu\u00e9 en plastique r\u00e9sistant \u2013 l\u00e9ger, flexible et id\u00e9al pour une utilisation continue sur camping-car ou remorque.<\/p>","protected":false},"excerpt":{"rendered":"<p class=\"\" data-start=\"308\" data-end=\"385\"><strong data-start=\"308\" data-end=\"385\">Conformit\u00e9 &amp; s\u00e9curit\u00e9 en d\u00e9placement \u2013 le panneau d'avertissement pour chargement d\u00e9bordant<\/strong><\/p>\n<p class=\"\" data-start=\"387\" data-end=\"635\">Avec la l\u00e9g\u00e8re <strong data-start=\"404\" data-end=\"428\">Panneau d'avertissement en plastique<\/strong> vous respectez les exigences l\u00e9gales dans de nombreux pays de l'UE (sauf l'Italie et l'Espagne) et \u00eates en s\u00e9curit\u00e9 en d\u00e9placement. Id\u00e9al pour les camping-cars, si les porte-v\u00e9los, les coffres \u00e0 bagages ou d'autres am\u00e9nagements d\u00e9passent.<\/p>\n<p class=\"\" data-start=\"637\" data-end=\"851\"><strong data-start=\"640\" data-end=\"676\">Obligation pour un chargement d\u00e9bordant<\/strong><br data-start=\"676\" data-end=\"679\" \/>Dans de nombreux pays europ\u00e9ens, le montage d'un panneau d'avertissement en cas de surcharge est obligatoire par la loi \u2013 ce panneau robuste en plastique assure la visibilit\u00e9 n\u00e9cessaire.<\/p>\n<p class=\"\" data-start=\"853\" data-end=\"1013\"><strong data-start=\"856\" data-end=\"875\">Pour les vacanciers de l'UE<\/strong><br data-start=\"875\" data-end=\"878\" \/>Autoris\u00e9 dans de nombreux \u00c9tats europ\u00e9ens, cependant <strong data-start=\"933\" data-end=\"966\">pas pour l'Italie et l'Espagne<\/strong> (n\u00e9cessite des panneaux r\u00e9flecteurs sp\u00e9ciaux).<\/p>\n<p class=\"\" data-start=\"1015\" data-end=\"1165\"><strong data-start=\"1018\" data-end=\"1041\">Robuste et r\u00e9sistant aux intemp\u00e9ries<\/strong><br data-start=\"1041\" data-end=\"1044\" \/>Fabriqu\u00e9 en plastique r\u00e9sistant \u2013 l\u00e9ger, flexible et id\u00e9al pour une utilisation continue sur camping-car ou remorque.<\/p>","protected":false},"featured_media":30687,"template":"","meta":{"content-type":""},"product_brand":[],"product_cat":[602,606,610,605,608,604,612],"product_tag":[],"class_list":{"0":"post-30686","1":"product","2":"type-product","3":"status-publish","4":"has-post-thumbnail","6":"product_cat-zubehoer","7":"product_cat-zuebhoer-van-city","8":"product_cat-zubehoer-van-city-teil","9":"product_cat-zubehoer-van","10":"product_cat-zubehoer-van-teil","11":"product_cat-zubehoer-womo","12":"product_cat-zubehoer-womo-teil","13":"product_shipping_class-paket","15":"first","16":"instock","17":"taxable","18":"shipping-taxable","19":"purchasable","20":"product-type-simple"},"yoast_head":"<!-- This site is optimized with the Yoast SEO plugin v27.5 - https:\/\/yoast.com\/product\/yoast-seo-wordpress\/ -->\n<title>Warntafel EU au\u00dfer Italien\/Spanien - Ahorn Camp | Reisemobile und Kastenwagen<\/title>\n<meta name=\"description\" content=\"Kunststoff-Warntafel f\u00fcr Wohnmobile: gesetzeskonform in vielen EU-L\u00e4ndern (au\u00dfer IT\/ES). Leicht &amp; robust. Jetzt entdecken!\" \/>\n<meta name=\"robots\" content=\"index, follow, max-snippet:-1, max-image-preview:large, max-video-preview:-1\" \/>\n<link rel=\"canonical\" href=\"https:\/\/ahorn-camp.de\/fr\/product\/panneau-davertissement-ue\/\" \/>\n<meta property=\"og:locale\" content=\"fr_FR\" \/>\n<meta property=\"og:type\" content=\"article\" \/>\n<meta property=\"og:title\" content=\"Warntafel EU au\u00dfer Italien\/Spanien - Ahorn Camp | Reisemobile und Kastenwagen\" \/>\n<meta property=\"og:description\" content=\"Kunststoff-Warntafel f\u00fcr Wohnmobile: gesetzeskonform in vielen EU-L\u00e4ndern (au\u00dfer IT\/ES). Leicht &amp; robust. Jetzt entdecken!\" \/>\n<meta property=\"og:url\" content=\"https:\/\/ahorn-camp.de\/fr\/product\/panneau-davertissement-ue\/\" \/>\n<meta property=\"og:site_name\" content=\"Ahorn Camp | Reisemobile und Kastenwagen\" \/>\n<meta property=\"article:publisher\" content=\"https:\/\/www.facebook.com\/ahorn.wohnmobile\/\" \/>\n<meta property=\"article:modified_time\" content=\"2025-04-28T14:13:08+00:00\" \/>\n<meta property=\"og:image\" content=\"https:\/\/ahorn-camp.de\/wp-content\/uploads\/2025\/04\/Warntafel.jpg\" \/>\n\t<meta property=\"og:image:width\" content=\"1000\" \/>\n\t<meta property=\"og:image:height\" content=\"1000\" \/>\n\t<meta property=\"og:image:type\" content=\"image\/jpeg\" \/>\n<meta name=\"twitter:card\" content=\"summary_large_image\" \/>\n<meta name=\"twitter:label1\" content=\"Dur\u00e9e de lecture estim\u00e9e\" \/>\n\t<meta name=\"twitter:data1\" content=\"1 minute\" \/>\n<script type=\"application\/ld+json\" class=\"yoast-schema-graph\">{\"@context\":\"https:\\\/\\\/schema.org\",\"@graph\":[{\"@type\":\"WebPage\",\"@id\":\"https:\\\/\\\/ahorn-camp.de\\\/product\\\/warntafel-eu\\\/\",\"url\":\"https:\\\/\\\/ahorn-camp.de\\\/product\\\/warntafel-eu\\\/\",\"name\":\"Warntafel EU au\u00dfer Italien\\\/Spanien - Ahorn Camp | Reisemobile und Kastenwagen\",\"isPartOf\":{\"@id\":\"https:\\\/\\\/ahorn-camp.de\\\/#website\"},\"primaryImageOfPage\":{\"@id\":\"https:\\\/\\\/ahorn-camp.de\\\/product\\\/warntafel-eu\\\/#primaryimage\"},\"image\":{\"@id\":\"https:\\\/\\\/ahorn-camp.de\\\/product\\\/warntafel-eu\\\/#primaryimage\"},\"thumbnailUrl\":\"https:\\\/\\\/ahorn-camp.de\\\/wp-content\\\/uploads\\\/2025\\\/04\\\/Warntafel.jpg\",\"datePublished\":\"2025-04-28T14:10:26+00:00\",\"dateModified\":\"2025-04-28T14:13:08+00:00\",\"description\":\"Kunststoff-Warntafel f\u00fcr Wohnmobile: gesetzeskonform in vielen EU-L\u00e4ndern (au\u00dfer IT\\\/ES). Leicht & robust. Jetzt entdecken!\",\"breadcrumb\":{\"@id\":\"https:\\\/\\\/ahorn-camp.de\\\/product\\\/warntafel-eu\\\/#breadcrumb\"},\"inLanguage\":\"fr-FR\",\"potentialAction\":[{\"@type\":\"ReadAction\",\"target\":[\"https:\\\/\\\/ahorn-camp.de\\\/product\\\/warntafel-eu\\\/\"]}]},{\"@type\":\"ImageObject\",\"inLanguage\":\"fr-FR\",\"@id\":\"https:\\\/\\\/ahorn-camp.de\\\/product\\\/warntafel-eu\\\/#primaryimage\",\"url\":\"https:\\\/\\\/ahorn-camp.de\\\/wp-content\\\/uploads\\\/2025\\\/04\\\/Warntafel.jpg\",\"contentUrl\":\"https:\\\/\\\/ahorn-camp.de\\\/wp-content\\\/uploads\\\/2025\\\/04\\\/Warntafel.jpg\",\"width\":1000,\"height\":1000,\"caption\":\"Warntafel EU\"},{\"@type\":\"BreadcrumbList\",\"@id\":\"https:\\\/\\\/ahorn-camp.de\\\/product\\\/warntafel-eu\\\/#breadcrumb\",\"itemListElement\":[{\"@type\":\"ListItem\",\"position\":1,\"name\":\"Startseite\",\"item\":\"https:\\\/\\\/ahorn-camp.de\\\/\"},{\"@type\":\"ListItem\",\"position\":2,\"name\":\"Merchandise-Shop\",\"item\":\"https:\\\/\\\/ahorn-camp.de\\\/merchandise-shop\\\/\"},{\"@type\":\"ListItem\",\"position\":3,\"name\":\"Warntafel EU au\u00dfer Italien\\\/Spanien\"}]},{\"@type\":\"WebSite\",\"@id\":\"https:\\\/\\\/ahorn-camp.de\\\/#website\",\"url\":\"https:\\\/\\\/ahorn-camp.de\\\/\",\"name\":\"Ahorn Camp | Reisemobile und Kastenwagen\",\"description\":\"Seit \u00fcber 30 Jahren vermarktet das Familienunternehmen, Ahorn Camp in Speyer, erfolgreich Wohnmobile und Kastenwagen zum besten Preis-Leistungsverh\u00e4ltnis.\",\"publisher\":{\"@id\":\"https:\\\/\\\/ahorn-camp.de\\\/#organization\"},\"potentialAction\":[{\"@type\":\"SearchAction\",\"target\":{\"@type\":\"EntryPoint\",\"urlTemplate\":\"https:\\\/\\\/ahorn-camp.de\\\/?s={search_term_string}\"},\"query-input\":{\"@type\":\"PropertyValueSpecification\",\"valueRequired\":true,\"valueName\":\"search_term_string\"}}],\"inLanguage\":\"fr-FR\"},{\"@type\":\"Organization\",\"@id\":\"https:\\\/\\\/ahorn-camp.de\\\/#organization\",\"name\":\"Ahorn Camp GmbH & Co. KG\",\"url\":\"https:\\\/\\\/ahorn-camp.de\\\/\",\"logo\":{\"@type\":\"ImageObject\",\"inLanguage\":\"fr-FR\",\"@id\":\"https:\\\/\\\/ahorn-camp.de\\\/#\\\/schema\\\/logo\\\/image\\\/\",\"url\":\"https:\\\/\\\/ahorn-camp.de\\\/wp-content\\\/uploads\\\/2018\\\/12\\\/Ahorn_Logo.jpg\",\"contentUrl\":\"https:\\\/\\\/ahorn-camp.de\\\/wp-content\\\/uploads\\\/2018\\\/12\\\/Ahorn_Logo.jpg\",\"width\":1437,\"height\":1000,\"caption\":\"Ahorn Camp GmbH & Co. KG\"},\"image\":{\"@id\":\"https:\\\/\\\/ahorn-camp.de\\\/#\\\/schema\\\/logo\\\/image\\\/\"},\"sameAs\":[\"https:\\\/\\\/www.facebook.com\\\/ahorn.wohnmobile\\\/\",\"https:\\\/\\\/www.instagram.com\\\/ahorn.camp\\\/\",\"https:\\\/\\\/www.youtube.com\\\/channel\\\/UCPFbPCts1JJ_A1k9vyH0yOQ\"]}]}<\/script>\n<!-- \/ Yoast SEO plugin. -->","yoast_head_json":{"title":"Panneau d'avertissement UE hors Italie\/Espagne - Ahorn Camp | Camping-cars et fourgons am\u00e9nag\u00e9s","description":"Panneau d'avertissement en plastique pour camping-cars : conforme \u00e0 la loi dans de nombreux pays de l'UE (sauf IT\/ES). L\u00e9ger et robuste. D\u00e9couvrez-le maintenant !","robots":{"index":"index","follow":"follow","max-snippet":"max-snippet:-1","max-image-preview":"max-image-preview:large","max-video-preview":"max-video-preview:-1"},"canonical":"https:\/\/ahorn-camp.de\/fr\/product\/panneau-davertissement-ue\/","og_locale":"fr_FR","og_type":"article","og_title":"Warntafel EU au\u00dfer Italien\/Spanien - Ahorn Camp | Reisemobile und Kastenwagen","og_description":"Kunststoff-Warntafel f\u00fcr Wohnmobile: gesetzeskonform in vielen EU-L\u00e4ndern (au\u00dfer IT\/ES). Leicht & robust. Jetzt entdecken!","og_url":"https:\/\/ahorn-camp.de\/fr\/product\/panneau-davertissement-ue\/","og_site_name":"Ahorn Camp | Reisemobile und Kastenwagen","article_publisher":"https:\/\/www.facebook.com\/ahorn.wohnmobile\/","article_modified_time":"2025-04-28T14:13:08+00:00","og_image":[{"width":1000,"height":1000,"url":"https:\/\/ahorn-camp.de\/wp-content\/uploads\/2025\/04\/Warntafel.jpg","type":"image\/jpeg"}],"twitter_card":"summary_large_image","twitter_misc":{"Dur\u00e9e de lecture estim\u00e9e":"1 minute"},"schema":{"@context":"https:\/\/schema.org","@graph":[{"@type":"WebPage","@id":"https:\/\/ahorn-camp.de\/product\/warntafel-eu\/","url":"https:\/\/ahorn-camp.de\/product\/warntafel-eu\/","name":"Panneau d'avertissement UE hors Italie\/Espagne - Ahorn Camp | Camping-cars et fourgons am\u00e9nag\u00e9s","isPartOf":{"@id":"https:\/\/ahorn-camp.de\/#website"},"primaryImageOfPage":{"@id":"https:\/\/ahorn-camp.de\/product\/warntafel-eu\/#primaryimage"},"image":{"@id":"https:\/\/ahorn-camp.de\/product\/warntafel-eu\/#primaryimage"},"thumbnailUrl":"https:\/\/ahorn-camp.de\/wp-content\/uploads\/2025\/04\/Warntafel.jpg","datePublished":"2025-04-28T14:10:26+00:00","dateModified":"2025-04-28T14:13:08+00:00","description":"Panneau d'avertissement en plastique pour camping-cars : conforme \u00e0 la loi dans de nombreux pays de l'UE (sauf IT\/ES). L\u00e9ger et robuste. D\u00e9couvrez-le maintenant !","breadcrumb":{"@id":"https:\/\/ahorn-camp.de\/product\/warntafel-eu\/#breadcrumb"},"inLanguage":"fr-FR","potentialAction":[{"@type":"ReadAction","target":["https:\/\/ahorn-camp.de\/product\/warntafel-eu\/"]}]},{"@type":"ImageObject","inLanguage":"fr-FR","@id":"https:\/\/ahorn-camp.de\/product\/warntafel-eu\/#primaryimage","url":"https:\/\/ahorn-camp.de\/wp-content\/uploads\/2025\/04\/Warntafel.jpg","contentUrl":"https:\/\/ahorn-camp.de\/wp-content\/uploads\/2025\/04\/Warntafel.jpg","width":1000,"height":1000,"caption":"Warntafel EU"},{"@type":"BreadcrumbList","@id":"https:\/\/ahorn-camp.de\/product\/warntafel-eu\/#breadcrumb","itemListElement":[{"@type":"ListItem","position":1,"name":"Startseite","item":"https:\/\/ahorn-camp.de\/"},{"@type":"ListItem","position":2,"name":"Merchandise-Shop","item":"https:\/\/ahorn-camp.de\/merchandise-shop\/"},{"@type":"ListItem","position":3,"name":"Warntafel EU au\u00dfer Italien\/Spanien"}]},{"@type":"WebSite","@id":"https:\/\/ahorn-camp.de\/#website","url":"https:\/\/ahorn-camp.de\/","name":"Ahorn Camp | Camping-cars et fourgons am\u00e9nag\u00e9s","description":"Depuis plus de 30 ans, l'entreprise familiale, Ahorn Camp \u00e0 Speyer, commercialise avec succ\u00e8s des camping-cars et des fourgons au meilleur rapport qualit\u00e9-prix.","publisher":{"@id":"https:\/\/ahorn-camp.de\/#organization"},"potentialAction":[{"@type":"SearchAction","target":{"@type":"EntryPoint","urlTemplate":"https:\/\/ahorn-camp.de\/?s={search_term_string}"},"query-input":{"@type":"PropertyValueSpecification","valueRequired":true,"valueName":"search_term_string"}}],"inLanguage":"fr-FR"},{"@type":"Organization","@id":"https:\/\/ahorn-camp.de\/#organization","name":"Ahorn Camp GmbH &amp; Co. KG","url":"https:\/\/ahorn-camp.de\/","logo":{"@type":"ImageObject","inLanguage":"fr-FR","@id":"https:\/\/ahorn-camp.de\/#\/schema\/logo\/image\/","url":"https:\/\/ahorn-camp.de\/wp-content\/uploads\/2018\/12\/Ahorn_Logo.jpg","contentUrl":"https:\/\/ahorn-camp.de\/wp-content\/uploads\/2018\/12\/Ahorn_Logo.jpg","width":1437,"height":1000,"caption":"Ahorn Camp GmbH & Co. KG"},"image":{"@id":"https:\/\/ahorn-camp.de\/#\/schema\/logo\/image\/"},"sameAs":["https:\/\/www.facebook.com\/ahorn.wohnmobile\/","https:\/\/www.instagram.com\/ahorn.camp\/","https:\/\/www.youtube.com\/channel\/UCPFbPCts1JJ_A1k9vyH0yOQ"]}]}},"_links":{"self":[{"href":"https:\/\/ahorn-camp.de\/fr\/wp-json\/wp\/v2\/product\/30686","targetHints":{"allow":["GET"]}}],"collection":[{"href":"https:\/\/ahorn-camp.de\/fr\/wp-json\/wp\/v2\/product"}],"about":[{"href":"https:\/\/ahorn-camp.de\/fr\/wp-json\/wp\/v2\/types\/product"}],"wp:featuredmedia":[{"embeddable":true,"href":"https:\/\/ahorn-camp.de\/fr\/wp-json\/wp\/v2\/media\/30687"}],"wp:attachment":[{"href":"https:\/\/ahorn-camp.de\/fr\/wp-json\/wp\/v2\/media?parent=30686"}],"wp:term":[{"taxonomy":"product_brand","embeddable":true,"href":"https:\/\/ahorn-camp.de\/fr\/wp-json\/wp\/v2\/product_brand?post=30686"},{"taxonomy":"product_cat","embeddable":true,"href":"https:\/\/ahorn-camp.de\/fr\/wp-json\/wp\/v2\/product_cat?post=30686"},{"taxonomy":"product_tag","embeddable":true,"href":"https:\/\/ahorn-camp.de\/fr\/wp-json\/wp\/v2\/product_tag?post=30686"}],"curies":[{"name":"wp","href":"https:\/\/api.w.org\/{rel}","templated":true}]}}