{"id":30684,"date":"2025-04-28T16:04:53","date_gmt":"2025-04-28T14:04:53","guid":{"rendered":"https:\/\/ahorn-camp.de\/?post_type=product&#038;p=30684"},"modified":"2025-04-28T16:08:04","modified_gmt":"2025-04-28T14:08:04","slug":"gasadapter","status":"publish","type":"product","link":"https:\/\/ahorn-camp.de\/fr\/product\/gasadapter\/","title":{"rendered":"Adaptateur de bouteille de gaz DE-EU"},"content":{"rendered":"<p class=\"\" data-start=\"259\" data-end=\"315\"><strong data-start=\"259\" data-end=\"315\">Sicher Gas anschlie\u00dfen \u2013 europaweit flexibel bleiben<\/strong><\/p>\n<p class=\"\" data-start=\"317\" data-end=\"605\">Avec le <strong data-start=\"325\" data-end=\"363\">Gasflaschen-Adapter-Set f\u00fcr die EU<\/strong> bist du perfekt ausger\u00fcstet, um dein Wohnmobil in ganz Europa sicher mit Gas zu versorgen. Egal ob Spanien, Frankreich oder Italien \u2013 dank verschiedener Adapteranschl\u00fcsse passt dein deutscher Gasregler zuverl\u00e4ssig auf die \u00f6rtlichen Flaschen.<\/p>\n<p class=\"\" data-start=\"607\" data-end=\"754\"><strong data-start=\"610\" data-end=\"640\">Ideal f\u00fcr Camper in Europa<\/strong><br data-start=\"640\" data-end=\"643\" \/>Das Set enth\u00e4lt die g\u00e4ngigen Adapter f\u00fcr viele europ\u00e4ische L\u00e4nder \u2013 perfekt f\u00fcr lange Touren und Urlaubsreisen.<\/p>\n<p class=\"\" data-start=\"756\" data-end=\"882\"><strong data-start=\"759\" data-end=\"794\">Schnell und einfach anschlie\u00dfen<\/strong><br data-start=\"794\" data-end=\"797\" \/>Adapteraufsatz aufschrauben, Regler anschlie\u00dfen, fertig \u2013 ohne Werkzeug, ohne Stress.<\/p>\n<p class=\"\" data-start=\"756\" data-end=\"882\"><strong data-start=\"888\" data-end=\"921\">Maximale Sicherheit unterwegs<\/strong><br data-start=\"921\" data-end=\"924\" \/>Alle Adapter sind hochwertig verarbeitet und sorgen f\u00fcr dichte, sichere Verbindungen zwischen Flasche und Regler.<\/p>","protected":false},"excerpt":{"rendered":"<p class=\"\" data-start=\"259\" data-end=\"315\"><strong data-start=\"259\" data-end=\"315\">Sicher Gas anschlie\u00dfen \u2013 europaweit flexibel bleiben<\/strong><\/p>\n<p class=\"\" data-start=\"317\" data-end=\"605\">Avec le <strong data-start=\"325\" data-end=\"363\">Gasflaschen-Adapter-Set f\u00fcr die EU<\/strong> bist du perfekt ausger\u00fcstet, um dein Wohnmobil in ganz Europa sicher mit Gas zu versorgen. Egal ob Spanien, Frankreich oder Italien \u2013 dank verschiedener Adapteranschl\u00fcsse passt dein deutscher Gasregler zuverl\u00e4ssig auf die \u00f6rtlichen Flaschen.<\/p>\n<p class=\"\" data-start=\"607\" data-end=\"754\"><strong data-start=\"610\" data-end=\"640\">Ideal f\u00fcr Camper in Europa<\/strong><br data-start=\"640\" data-end=\"643\" \/>Das Set enth\u00e4lt die g\u00e4ngigen Adapter f\u00fcr viele europ\u00e4ische L\u00e4nder \u2013 perfekt f\u00fcr lange Touren und Urlaubsreisen.<\/p>\n<p class=\"\" data-start=\"756\" data-end=\"882\"><strong data-start=\"759\" data-end=\"794\">Schnell und einfach anschlie\u00dfen<\/strong><br data-start=\"794\" data-end=\"797\" \/>Adapteraufsatz aufschrauben, Regler anschlie\u00dfen, fertig \u2013 ohne Werkzeug, ohne Stress.<\/p>\n<p class=\"\" data-start=\"756\" data-end=\"882\"><strong data-start=\"888\" data-end=\"921\">Maximale Sicherheit unterwegs<\/strong><br data-start=\"921\" data-end=\"924\" \/>Alle Adapter sind hochwertig verarbeitet und sorgen f\u00fcr dichte, sichere Verbindungen zwischen Flasche und Regler.<\/p>","protected":false},"featured_media":30685,"template":"","meta":{"content-type":""},"product_brand":[],"product_cat":[602,605,608,604,612],"product_tag":[],"class_list":{"0":"post-30684","1":"product","2":"type-product","3":"status-publish","4":"has-post-thumbnail","6":"product_cat-zubehoer","7":"product_cat-zubehoer-van","8":"product_cat-zubehoer-van-teil","9":"product_cat-zubehoer-womo","10":"product_cat-zubehoer-womo-teil","11":"product_shipping_class-paket","13":"first","14":"instock","15":"taxable","16":"shipping-taxable","17":"purchasable","18":"product-type-simple"},"yoast_head":"<!-- This site is optimized with the Yoast SEO plugin v27.4 - https:\/\/yoast.com\/product\/yoast-seo-wordpress\/ -->\n<title>Gasflaschenadapter DE-EU - Ahorn Camp | Reisemobile und Kastenwagen<\/title>\n<meta name=\"description\" content=\"EU-Gasflaschen-Adapter f\u00fcr Wohnmobile \u2013 passende Anschl\u00fcsse f\u00fcr Gasflaschen in ganz Europa. Jetzt kaufen &amp; immer gut versorgt sein!\" \/>\n<meta name=\"robots\" content=\"index, follow, max-snippet:-1, max-image-preview:large, max-video-preview:-1\" \/>\n<link rel=\"canonical\" href=\"https:\/\/ahorn-camp.de\/fr\/product\/gasadapter\/\" \/>\n<meta property=\"og:locale\" content=\"fr_FR\" \/>\n<meta property=\"og:type\" content=\"article\" \/>\n<meta property=\"og:title\" content=\"Gasflaschenadapter DE-EU - Ahorn Camp | Reisemobile und Kastenwagen\" \/>\n<meta property=\"og:description\" content=\"EU-Gasflaschen-Adapter f\u00fcr Wohnmobile \u2013 passende Anschl\u00fcsse f\u00fcr Gasflaschen in ganz Europa. Jetzt kaufen &amp; immer gut versorgt sein!\" \/>\n<meta property=\"og:url\" content=\"https:\/\/ahorn-camp.de\/fr\/product\/gasadapter\/\" \/>\n<meta property=\"og:site_name\" content=\"Ahorn Camp | Reisemobile und Kastenwagen\" \/>\n<meta property=\"article:publisher\" content=\"https:\/\/www.facebook.com\/ahorn.wohnmobile\/\" \/>\n<meta property=\"article:modified_time\" content=\"2025-04-28T14:08:04+00:00\" \/>\n<meta property=\"og:image\" content=\"https:\/\/ahorn-camp.de\/wp-content\/uploads\/2025\/04\/GasAdapter-min-scaled.jpg\" \/>\n\t<meta property=\"og:image:width\" content=\"2560\" \/>\n\t<meta property=\"og:image:height\" content=\"2560\" \/>\n\t<meta property=\"og:image:type\" content=\"image\/jpeg\" \/>\n<meta name=\"twitter:card\" content=\"summary_large_image\" \/>\n<meta name=\"twitter:label1\" content=\"Dur\u00e9e de lecture estim\u00e9e\" \/>\n\t<meta name=\"twitter:data1\" content=\"1 minute\" \/>\n<script type=\"application\/ld+json\" class=\"yoast-schema-graph\">{\"@context\":\"https:\\\/\\\/schema.org\",\"@graph\":[{\"@type\":\"WebPage\",\"@id\":\"https:\\\/\\\/ahorn-camp.de\\\/product\\\/gasadapter\\\/\",\"url\":\"https:\\\/\\\/ahorn-camp.de\\\/product\\\/gasadapter\\\/\",\"name\":\"Gasflaschenadapter DE-EU - Ahorn Camp | Reisemobile und Kastenwagen\",\"isPartOf\":{\"@id\":\"https:\\\/\\\/ahorn-camp.de\\\/#website\"},\"primaryImageOfPage\":{\"@id\":\"https:\\\/\\\/ahorn-camp.de\\\/product\\\/gasadapter\\\/#primaryimage\"},\"image\":{\"@id\":\"https:\\\/\\\/ahorn-camp.de\\\/product\\\/gasadapter\\\/#primaryimage\"},\"thumbnailUrl\":\"https:\\\/\\\/ahorn-camp.de\\\/wp-content\\\/uploads\\\/2025\\\/04\\\/GasAdapter-min-scaled.jpg\",\"datePublished\":\"2025-04-28T14:04:53+00:00\",\"dateModified\":\"2025-04-28T14:08:04+00:00\",\"description\":\"EU-Gasflaschen-Adapter f\u00fcr Wohnmobile \u2013 passende Anschl\u00fcsse f\u00fcr Gasflaschen in ganz Europa. Jetzt kaufen & immer gut versorgt sein!\",\"breadcrumb\":{\"@id\":\"https:\\\/\\\/ahorn-camp.de\\\/product\\\/gasadapter\\\/#breadcrumb\"},\"inLanguage\":\"fr-FR\",\"potentialAction\":[{\"@type\":\"ReadAction\",\"target\":[\"https:\\\/\\\/ahorn-camp.de\\\/product\\\/gasadapter\\\/\"]}]},{\"@type\":\"ImageObject\",\"inLanguage\":\"fr-FR\",\"@id\":\"https:\\\/\\\/ahorn-camp.de\\\/product\\\/gasadapter\\\/#primaryimage\",\"url\":\"https:\\\/\\\/ahorn-camp.de\\\/wp-content\\\/uploads\\\/2025\\\/04\\\/GasAdapter-min-scaled.jpg\",\"contentUrl\":\"https:\\\/\\\/ahorn-camp.de\\\/wp-content\\\/uploads\\\/2025\\\/04\\\/GasAdapter-min-scaled.jpg\",\"width\":2560,\"height\":2560,\"caption\":\"Gasflaschenadapter DE-EU\"},{\"@type\":\"BreadcrumbList\",\"@id\":\"https:\\\/\\\/ahorn-camp.de\\\/product\\\/gasadapter\\\/#breadcrumb\",\"itemListElement\":[{\"@type\":\"ListItem\",\"position\":1,\"name\":\"Startseite\",\"item\":\"https:\\\/\\\/ahorn-camp.de\\\/\"},{\"@type\":\"ListItem\",\"position\":2,\"name\":\"Merchandise-Shop\",\"item\":\"https:\\\/\\\/ahorn-camp.de\\\/merchandise-shop\\\/\"},{\"@type\":\"ListItem\",\"position\":3,\"name\":\"Gasflaschenadapter DE-EU\"}]},{\"@type\":\"WebSite\",\"@id\":\"https:\\\/\\\/ahorn-camp.de\\\/#website\",\"url\":\"https:\\\/\\\/ahorn-camp.de\\\/\",\"name\":\"Ahorn Camp | Reisemobile und Kastenwagen\",\"description\":\"Seit \u00fcber 30 Jahren vermarktet das Familienunternehmen, Ahorn Camp in Speyer, erfolgreich Wohnmobile und Kastenwagen zum besten Preis-Leistungsverh\u00e4ltnis.\",\"publisher\":{\"@id\":\"https:\\\/\\\/ahorn-camp.de\\\/#organization\"},\"potentialAction\":[{\"@type\":\"SearchAction\",\"target\":{\"@type\":\"EntryPoint\",\"urlTemplate\":\"https:\\\/\\\/ahorn-camp.de\\\/?s={search_term_string}\"},\"query-input\":{\"@type\":\"PropertyValueSpecification\",\"valueRequired\":true,\"valueName\":\"search_term_string\"}}],\"inLanguage\":\"fr-FR\"},{\"@type\":\"Organization\",\"@id\":\"https:\\\/\\\/ahorn-camp.de\\\/#organization\",\"name\":\"Ahorn Camp GmbH & Co. KG\",\"url\":\"https:\\\/\\\/ahorn-camp.de\\\/\",\"logo\":{\"@type\":\"ImageObject\",\"inLanguage\":\"fr-FR\",\"@id\":\"https:\\\/\\\/ahorn-camp.de\\\/#\\\/schema\\\/logo\\\/image\\\/\",\"url\":\"https:\\\/\\\/ahorn-camp.de\\\/wp-content\\\/uploads\\\/2018\\\/12\\\/Ahorn_Logo.jpg\",\"contentUrl\":\"https:\\\/\\\/ahorn-camp.de\\\/wp-content\\\/uploads\\\/2018\\\/12\\\/Ahorn_Logo.jpg\",\"width\":1437,\"height\":1000,\"caption\":\"Ahorn Camp GmbH & Co. KG\"},\"image\":{\"@id\":\"https:\\\/\\\/ahorn-camp.de\\\/#\\\/schema\\\/logo\\\/image\\\/\"},\"sameAs\":[\"https:\\\/\\\/www.facebook.com\\\/ahorn.wohnmobile\\\/\",\"https:\\\/\\\/www.instagram.com\\\/ahorn.camp\\\/\",\"https:\\\/\\\/www.youtube.com\\\/channel\\\/UCPFbPCts1JJ_A1k9vyH0yOQ\"]}]}<\/script>\n<!-- \/ Yoast SEO plugin. -->","yoast_head_json":{"title":"Gasflaschenadapter DE-EU - Ahorn Camp | Reisemobile und Kastenwagen","description":"EU-Gasflaschen-Adapter f\u00fcr Wohnmobile \u2013 passende Anschl\u00fcsse f\u00fcr Gasflaschen in ganz Europa. Jetzt kaufen & immer gut versorgt sein!","robots":{"index":"index","follow":"follow","max-snippet":"max-snippet:-1","max-image-preview":"max-image-preview:large","max-video-preview":"max-video-preview:-1"},"canonical":"https:\/\/ahorn-camp.de\/fr\/product\/gasadapter\/","og_locale":"fr_FR","og_type":"article","og_title":"Gasflaschenadapter DE-EU - Ahorn Camp | Reisemobile und Kastenwagen","og_description":"EU-Gasflaschen-Adapter f\u00fcr Wohnmobile \u2013 passende Anschl\u00fcsse f\u00fcr Gasflaschen in ganz Europa. Jetzt kaufen & immer gut versorgt sein!","og_url":"https:\/\/ahorn-camp.de\/fr\/product\/gasadapter\/","og_site_name":"Ahorn Camp | Reisemobile und Kastenwagen","article_publisher":"https:\/\/www.facebook.com\/ahorn.wohnmobile\/","article_modified_time":"2025-04-28T14:08:04+00:00","og_image":[{"width":2560,"height":2560,"url":"https:\/\/ahorn-camp.de\/wp-content\/uploads\/2025\/04\/GasAdapter-min-scaled.jpg","type":"image\/jpeg"}],"twitter_card":"summary_large_image","twitter_misc":{"Dur\u00e9e de lecture estim\u00e9e":"1 minute"},"schema":{"@context":"https:\/\/schema.org","@graph":[{"@type":"WebPage","@id":"https:\/\/ahorn-camp.de\/product\/gasadapter\/","url":"https:\/\/ahorn-camp.de\/product\/gasadapter\/","name":"Gasflaschenadapter DE-EU - Ahorn Camp | Reisemobile und Kastenwagen","isPartOf":{"@id":"https:\/\/ahorn-camp.de\/#website"},"primaryImageOfPage":{"@id":"https:\/\/ahorn-camp.de\/product\/gasadapter\/#primaryimage"},"image":{"@id":"https:\/\/ahorn-camp.de\/product\/gasadapter\/#primaryimage"},"thumbnailUrl":"https:\/\/ahorn-camp.de\/wp-content\/uploads\/2025\/04\/GasAdapter-min-scaled.jpg","datePublished":"2025-04-28T14:04:53+00:00","dateModified":"2025-04-28T14:08:04+00:00","description":"EU-Gasflaschen-Adapter f\u00fcr Wohnmobile \u2013 passende Anschl\u00fcsse f\u00fcr Gasflaschen in ganz Europa. Jetzt kaufen & immer gut versorgt sein!","breadcrumb":{"@id":"https:\/\/ahorn-camp.de\/product\/gasadapter\/#breadcrumb"},"inLanguage":"fr-FR","potentialAction":[{"@type":"ReadAction","target":["https:\/\/ahorn-camp.de\/product\/gasadapter\/"]}]},{"@type":"ImageObject","inLanguage":"fr-FR","@id":"https:\/\/ahorn-camp.de\/product\/gasadapter\/#primaryimage","url":"https:\/\/ahorn-camp.de\/wp-content\/uploads\/2025\/04\/GasAdapter-min-scaled.jpg","contentUrl":"https:\/\/ahorn-camp.de\/wp-content\/uploads\/2025\/04\/GasAdapter-min-scaled.jpg","width":2560,"height":2560,"caption":"Gasflaschenadapter DE-EU"},{"@type":"BreadcrumbList","@id":"https:\/\/ahorn-camp.de\/product\/gasadapter\/#breadcrumb","itemListElement":[{"@type":"ListItem","position":1,"name":"Startseite","item":"https:\/\/ahorn-camp.de\/"},{"@type":"ListItem","position":2,"name":"Merchandise-Shop","item":"https:\/\/ahorn-camp.de\/merchandise-shop\/"},{"@type":"ListItem","position":3,"name":"Gasflaschenadapter DE-EU"}]},{"@type":"WebSite","@id":"https:\/\/ahorn-camp.de\/#website","url":"https:\/\/ahorn-camp.de\/","name":"Ahorn Camp | Camping-cars et fourgons am\u00e9nag\u00e9s","description":"Depuis plus de 30 ans, l'entreprise familiale, Ahorn Camp \u00e0 Speyer, commercialise avec succ\u00e8s des camping-cars et des fourgons au meilleur rapport qualit\u00e9-prix.","publisher":{"@id":"https:\/\/ahorn-camp.de\/#organization"},"potentialAction":[{"@type":"SearchAction","target":{"@type":"EntryPoint","urlTemplate":"https:\/\/ahorn-camp.de\/?s={search_term_string}"},"query-input":{"@type":"PropertyValueSpecification","valueRequired":true,"valueName":"search_term_string"}}],"inLanguage":"fr-FR"},{"@type":"Organization","@id":"https:\/\/ahorn-camp.de\/#organization","name":"Ahorn Camp GmbH &amp; Co. KG","url":"https:\/\/ahorn-camp.de\/","logo":{"@type":"ImageObject","inLanguage":"fr-FR","@id":"https:\/\/ahorn-camp.de\/#\/schema\/logo\/image\/","url":"https:\/\/ahorn-camp.de\/wp-content\/uploads\/2018\/12\/Ahorn_Logo.jpg","contentUrl":"https:\/\/ahorn-camp.de\/wp-content\/uploads\/2018\/12\/Ahorn_Logo.jpg","width":1437,"height":1000,"caption":"Ahorn Camp GmbH & Co. KG"},"image":{"@id":"https:\/\/ahorn-camp.de\/#\/schema\/logo\/image\/"},"sameAs":["https:\/\/www.facebook.com\/ahorn.wohnmobile\/","https:\/\/www.instagram.com\/ahorn.camp\/","https:\/\/www.youtube.com\/channel\/UCPFbPCts1JJ_A1k9vyH0yOQ"]}]}},"_links":{"self":[{"href":"https:\/\/ahorn-camp.de\/fr\/wp-json\/wp\/v2\/product\/30684","targetHints":{"allow":["GET"]}}],"collection":[{"href":"https:\/\/ahorn-camp.de\/fr\/wp-json\/wp\/v2\/product"}],"about":[{"href":"https:\/\/ahorn-camp.de\/fr\/wp-json\/wp\/v2\/types\/product"}],"wp:featuredmedia":[{"embeddable":true,"href":"https:\/\/ahorn-camp.de\/fr\/wp-json\/wp\/v2\/media\/30685"}],"wp:attachment":[{"href":"https:\/\/ahorn-camp.de\/fr\/wp-json\/wp\/v2\/media?parent=30684"}],"wp:term":[{"taxonomy":"product_brand","embeddable":true,"href":"https:\/\/ahorn-camp.de\/fr\/wp-json\/wp\/v2\/product_brand?post=30684"},{"taxonomy":"product_cat","embeddable":true,"href":"https:\/\/ahorn-camp.de\/fr\/wp-json\/wp\/v2\/product_cat?post=30684"},{"taxonomy":"product_tag","embeddable":true,"href":"https:\/\/ahorn-camp.de\/fr\/wp-json\/wp\/v2\/product_tag?post=30684"}],"curies":[{"name":"wp","href":"https:\/\/api.w.org\/{rel}","templated":true}]}}