{"id":30682,"date":"2025-04-28T15:58:16","date_gmt":"2025-04-28T13:58:16","guid":{"rendered":"https:\/\/ahorn-camp.de\/?post_type=product&#038;p=30682"},"modified":"2025-04-28T16:04:00","modified_gmt":"2025-04-28T14:04:00","slug":"gasflaschenoeffner","status":"publish","type":"product","link":"https:\/\/ahorn-camp.de\/fr\/product\/gasflaschenoeffner\/","title":{"rendered":"Ouvre-bouteille de propane"},"content":{"rendered":"<p class=\"\" data-start=\"231\" data-end=\"287\"><strong data-start=\"231\" data-end=\"287\">Utiliser les bouteilles de gaz en camping-car en toute s\u00e9curit\u00e9 et sans effort<\/strong><\/p>\n<p class=\"\" data-start=\"289\" data-end=\"501\">Avec le compact <strong data-start=\"307\" data-end=\"328\">Ouvre-bouteille de propane<\/strong> vous ouvrez et fermez rapidement et sans effort les robinets de bouteilles de gaz dans le camping-car. Parfait pour les d\u00e9placements, quand la s\u00e9curit\u00e9 et la facilit\u00e9 d'utilisation sont primordiales.<\/p>\n<p class=\"\" data-start=\"503\" data-end=\"632\"><strong data-start=\"506\" data-end=\"528\">Utilisation simple<\/strong><br data-start=\"528\" data-end=\"531\" \/>Forme ergonomique et conception stable pour une prise en main optimale, m\u00eame avec des valves r\u00e9calcitrantes.<\/p>\n<p class=\"\" data-start=\"634\" data-end=\"763\"><strong data-start=\"637\" data-end=\"657\">Id\u00e9al pour les campeurs<\/strong><br data-start=\"657\" data-end=\"660\" \/>Sp\u00e9cialement con\u00e7u pour une utilisation en camping-car \u2013 l\u00e9ger, maniable et toujours \u00e0 port\u00e9e de main dans le coffre \u00e0 gaz.<\/p>\n<p class=\"\" data-start=\"765\" data-end=\"889\"><strong data-start=\"769\" data-end=\"798\">Plus de s\u00e9curit\u00e9 en d\u00e9placement<\/strong><br data-start=\"798\" data-end=\"801\" \/>Emp\u00eache le glissement et facilite la manipulation contr\u00f4l\u00e9e des valves de bouteilles de gaz.<\/p>","protected":false},"excerpt":{"rendered":"<p class=\"\" data-start=\"231\" data-end=\"287\"><strong data-start=\"231\" data-end=\"287\">Utiliser les bouteilles de gaz en camping-car en toute s\u00e9curit\u00e9 et sans effort<\/strong><\/p>\n<p class=\"\" data-start=\"289\" data-end=\"501\">Avec le compact <strong data-start=\"307\" data-end=\"328\">Ouvre-bouteille de propane<\/strong> vous ouvrez et fermez rapidement et sans effort les robinets de bouteilles de gaz dans le camping-car. Parfait pour les d\u00e9placements, quand la s\u00e9curit\u00e9 et la facilit\u00e9 d'utilisation sont primordiales.<\/p>\n<p class=\"\" data-start=\"503\" data-end=\"632\"><strong data-start=\"506\" data-end=\"528\">Utilisation simple<\/strong><br data-start=\"528\" data-end=\"531\" \/>Forme ergonomique et conception stable pour une prise en main optimale, m\u00eame avec des valves r\u00e9calcitrantes.<\/p>\n<p class=\"\" data-start=\"634\" data-end=\"763\"><strong data-start=\"637\" data-end=\"657\">Id\u00e9al pour les campeurs<\/strong><br data-start=\"657\" data-end=\"660\" \/>Sp\u00e9cialement con\u00e7u pour une utilisation en camping-car \u2013 l\u00e9ger, maniable et toujours \u00e0 port\u00e9e de main dans le coffre \u00e0 gaz.<\/p>\n<p class=\"\" data-start=\"765\" data-end=\"889\"><strong data-start=\"769\" data-end=\"798\">Plus de s\u00e9curit\u00e9 en d\u00e9placement<\/strong><br data-start=\"798\" data-end=\"801\" \/>Emp\u00eache le glissement et facilite la manipulation contr\u00f4l\u00e9e des valves de bouteilles de gaz.<\/p>","protected":false},"featured_media":30683,"template":"","meta":{"content-type":""},"product_brand":[],"product_cat":[602,605,608,604,612],"product_tag":[],"class_list":{"0":"post-30682","1":"product","2":"type-product","3":"status-publish","4":"has-post-thumbnail","6":"product_cat-zubehoer","7":"product_cat-zubehoer-van","8":"product_cat-zubehoer-van-teil","9":"product_cat-zubehoer-womo","10":"product_cat-zubehoer-womo-teil","11":"product_shipping_class-paket","13":"first","14":"instock","15":"taxable","16":"shipping-taxable","17":"purchasable","18":"product-type-simple"},"yoast_head":"<!-- This site is optimized with the Yoast SEO plugin v27.4 - https:\/\/yoast.com\/product\/yoast-seo-wordpress\/ -->\n<title>Gasflaschen\u00f6ffner - Ahorn Camp | Reisemobile und Kastenwagen<\/title>\n<meta name=\"description\" content=\"Gasflaschen\u00f6ffner f\u00fcrs Wohnmobil \u2013 Ventile sicher &amp; m\u00fchelos bedienen. Auch bei festsitzenden Ventilen! Jetzt bestellen &amp; Camping einfacher machen!\" \/>\n<meta name=\"robots\" content=\"index, follow, max-snippet:-1, max-image-preview:large, max-video-preview:-1\" \/>\n<link rel=\"canonical\" href=\"https:\/\/ahorn-camp.de\/fr\/product\/gasflaschenoeffner\/\" \/>\n<meta property=\"og:locale\" content=\"fr_FR\" \/>\n<meta property=\"og:type\" content=\"article\" \/>\n<meta property=\"og:title\" content=\"Gasflaschen\u00f6ffner - Ahorn Camp | Reisemobile und Kastenwagen\" \/>\n<meta property=\"og:description\" content=\"Gasflaschen\u00f6ffner f\u00fcrs Wohnmobil \u2013 Ventile sicher &amp; m\u00fchelos bedienen. Auch bei festsitzenden Ventilen! Jetzt bestellen &amp; Camping einfacher machen!\" \/>\n<meta property=\"og:url\" content=\"https:\/\/ahorn-camp.de\/fr\/product\/gasflaschenoeffner\/\" \/>\n<meta property=\"og:site_name\" content=\"Ahorn Camp | Reisemobile und Kastenwagen\" \/>\n<meta property=\"article:publisher\" content=\"https:\/\/www.facebook.com\/ahorn.wohnmobile\/\" \/>\n<meta property=\"article:modified_time\" content=\"2025-04-28T14:04:00+00:00\" \/>\n<meta property=\"og:image\" content=\"https:\/\/ahorn-camp.de\/wp-content\/uploads\/2025\/04\/Gasschluessel-scaled.jpg\" \/>\n\t<meta property=\"og:image:width\" content=\"2560\" \/>\n\t<meta property=\"og:image:height\" content=\"2560\" \/>\n\t<meta property=\"og:image:type\" content=\"image\/jpeg\" \/>\n<meta name=\"twitter:card\" content=\"summary_large_image\" \/>\n<meta name=\"twitter:label1\" content=\"Dur\u00e9e de lecture estim\u00e9e\" \/>\n\t<meta name=\"twitter:data1\" content=\"1 minute\" \/>\n<script type=\"application\/ld+json\" class=\"yoast-schema-graph\">{\"@context\":\"https:\\\/\\\/schema.org\",\"@graph\":[{\"@type\":\"WebPage\",\"@id\":\"https:\\\/\\\/ahorn-camp.de\\\/product\\\/gasflaschenoeffner\\\/\",\"url\":\"https:\\\/\\\/ahorn-camp.de\\\/product\\\/gasflaschenoeffner\\\/\",\"name\":\"Gasflaschen\u00f6ffner - Ahorn Camp | Reisemobile und Kastenwagen\",\"isPartOf\":{\"@id\":\"https:\\\/\\\/ahorn-camp.de\\\/#website\"},\"primaryImageOfPage\":{\"@id\":\"https:\\\/\\\/ahorn-camp.de\\\/product\\\/gasflaschenoeffner\\\/#primaryimage\"},\"image\":{\"@id\":\"https:\\\/\\\/ahorn-camp.de\\\/product\\\/gasflaschenoeffner\\\/#primaryimage\"},\"thumbnailUrl\":\"https:\\\/\\\/ahorn-camp.de\\\/wp-content\\\/uploads\\\/2025\\\/04\\\/Gasschluessel-scaled.jpg\",\"datePublished\":\"2025-04-28T13:58:16+00:00\",\"dateModified\":\"2025-04-28T14:04:00+00:00\",\"description\":\"Gasflaschen\u00f6ffner f\u00fcrs Wohnmobil \u2013 Ventile sicher & m\u00fchelos bedienen. Auch bei festsitzenden Ventilen! Jetzt bestellen & Camping einfacher machen!\",\"breadcrumb\":{\"@id\":\"https:\\\/\\\/ahorn-camp.de\\\/product\\\/gasflaschenoeffner\\\/#breadcrumb\"},\"inLanguage\":\"fr-FR\",\"potentialAction\":[{\"@type\":\"ReadAction\",\"target\":[\"https:\\\/\\\/ahorn-camp.de\\\/product\\\/gasflaschenoeffner\\\/\"]}]},{\"@type\":\"ImageObject\",\"inLanguage\":\"fr-FR\",\"@id\":\"https:\\\/\\\/ahorn-camp.de\\\/product\\\/gasflaschenoeffner\\\/#primaryimage\",\"url\":\"https:\\\/\\\/ahorn-camp.de\\\/wp-content\\\/uploads\\\/2025\\\/04\\\/Gasschluessel-scaled.jpg\",\"contentUrl\":\"https:\\\/\\\/ahorn-camp.de\\\/wp-content\\\/uploads\\\/2025\\\/04\\\/Gasschluessel-scaled.jpg\",\"width\":2560,\"height\":2560,\"caption\":\"Gasflaschen\u00f6ffner\"},{\"@type\":\"BreadcrumbList\",\"@id\":\"https:\\\/\\\/ahorn-camp.de\\\/product\\\/gasflaschenoeffner\\\/#breadcrumb\",\"itemListElement\":[{\"@type\":\"ListItem\",\"position\":1,\"name\":\"Startseite\",\"item\":\"https:\\\/\\\/ahorn-camp.de\\\/\"},{\"@type\":\"ListItem\",\"position\":2,\"name\":\"Merchandise-Shop\",\"item\":\"https:\\\/\\\/ahorn-camp.de\\\/merchandise-shop\\\/\"},{\"@type\":\"ListItem\",\"position\":3,\"name\":\"Gasflaschen\u00f6ffner\"}]},{\"@type\":\"WebSite\",\"@id\":\"https:\\\/\\\/ahorn-camp.de\\\/#website\",\"url\":\"https:\\\/\\\/ahorn-camp.de\\\/\",\"name\":\"Ahorn Camp | Reisemobile und Kastenwagen\",\"description\":\"Seit \u00fcber 30 Jahren vermarktet das Familienunternehmen, Ahorn Camp in Speyer, erfolgreich Wohnmobile und Kastenwagen zum besten Preis-Leistungsverh\u00e4ltnis.\",\"publisher\":{\"@id\":\"https:\\\/\\\/ahorn-camp.de\\\/#organization\"},\"potentialAction\":[{\"@type\":\"SearchAction\",\"target\":{\"@type\":\"EntryPoint\",\"urlTemplate\":\"https:\\\/\\\/ahorn-camp.de\\\/?s={search_term_string}\"},\"query-input\":{\"@type\":\"PropertyValueSpecification\",\"valueRequired\":true,\"valueName\":\"search_term_string\"}}],\"inLanguage\":\"fr-FR\"},{\"@type\":\"Organization\",\"@id\":\"https:\\\/\\\/ahorn-camp.de\\\/#organization\",\"name\":\"Ahorn Camp GmbH & Co. KG\",\"url\":\"https:\\\/\\\/ahorn-camp.de\\\/\",\"logo\":{\"@type\":\"ImageObject\",\"inLanguage\":\"fr-FR\",\"@id\":\"https:\\\/\\\/ahorn-camp.de\\\/#\\\/schema\\\/logo\\\/image\\\/\",\"url\":\"https:\\\/\\\/ahorn-camp.de\\\/wp-content\\\/uploads\\\/2018\\\/12\\\/Ahorn_Logo.jpg\",\"contentUrl\":\"https:\\\/\\\/ahorn-camp.de\\\/wp-content\\\/uploads\\\/2018\\\/12\\\/Ahorn_Logo.jpg\",\"width\":1437,\"height\":1000,\"caption\":\"Ahorn Camp GmbH & Co. KG\"},\"image\":{\"@id\":\"https:\\\/\\\/ahorn-camp.de\\\/#\\\/schema\\\/logo\\\/image\\\/\"},\"sameAs\":[\"https:\\\/\\\/www.facebook.com\\\/ahorn.wohnmobile\\\/\",\"https:\\\/\\\/www.instagram.com\\\/ahorn.camp\\\/\",\"https:\\\/\\\/www.youtube.com\\\/channel\\\/UCPFbPCts1JJ_A1k9vyH0yOQ\"]}]}<\/script>\n<!-- \/ Yoast SEO plugin. -->","yoast_head_json":{"title":"Gasflaschen\u00f6ffner - Ahorn Camp | Reisemobile und Kastenwagen","description":"Gasflaschen\u00f6ffner f\u00fcrs Wohnmobil \u2013 Ventile sicher & m\u00fchelos bedienen. Auch bei festsitzenden Ventilen! Jetzt bestellen & Camping einfacher machen!","robots":{"index":"index","follow":"follow","max-snippet":"max-snippet:-1","max-image-preview":"max-image-preview:large","max-video-preview":"max-video-preview:-1"},"canonical":"https:\/\/ahorn-camp.de\/fr\/product\/gasflaschenoeffner\/","og_locale":"fr_FR","og_type":"article","og_title":"Gasflaschen\u00f6ffner - Ahorn Camp | Reisemobile und Kastenwagen","og_description":"Gasflaschen\u00f6ffner f\u00fcrs Wohnmobil \u2013 Ventile sicher & m\u00fchelos bedienen. Auch bei festsitzenden Ventilen! Jetzt bestellen & Camping einfacher machen!","og_url":"https:\/\/ahorn-camp.de\/fr\/product\/gasflaschenoeffner\/","og_site_name":"Ahorn Camp | Reisemobile und Kastenwagen","article_publisher":"https:\/\/www.facebook.com\/ahorn.wohnmobile\/","article_modified_time":"2025-04-28T14:04:00+00:00","og_image":[{"width":2560,"height":2560,"url":"https:\/\/ahorn-camp.de\/wp-content\/uploads\/2025\/04\/Gasschluessel-scaled.jpg","type":"image\/jpeg"}],"twitter_card":"summary_large_image","twitter_misc":{"Dur\u00e9e de lecture estim\u00e9e":"1 minute"},"schema":{"@context":"https:\/\/schema.org","@graph":[{"@type":"WebPage","@id":"https:\/\/ahorn-camp.de\/product\/gasflaschenoeffner\/","url":"https:\/\/ahorn-camp.de\/product\/gasflaschenoeffner\/","name":"Gasflaschen\u00f6ffner - Ahorn Camp | Reisemobile und Kastenwagen","isPartOf":{"@id":"https:\/\/ahorn-camp.de\/#website"},"primaryImageOfPage":{"@id":"https:\/\/ahorn-camp.de\/product\/gasflaschenoeffner\/#primaryimage"},"image":{"@id":"https:\/\/ahorn-camp.de\/product\/gasflaschenoeffner\/#primaryimage"},"thumbnailUrl":"https:\/\/ahorn-camp.de\/wp-content\/uploads\/2025\/04\/Gasschluessel-scaled.jpg","datePublished":"2025-04-28T13:58:16+00:00","dateModified":"2025-04-28T14:04:00+00:00","description":"Gasflaschen\u00f6ffner f\u00fcrs Wohnmobil \u2013 Ventile sicher & m\u00fchelos bedienen. Auch bei festsitzenden Ventilen! Jetzt bestellen & Camping einfacher machen!","breadcrumb":{"@id":"https:\/\/ahorn-camp.de\/product\/gasflaschenoeffner\/#breadcrumb"},"inLanguage":"fr-FR","potentialAction":[{"@type":"ReadAction","target":["https:\/\/ahorn-camp.de\/product\/gasflaschenoeffner\/"]}]},{"@type":"ImageObject","inLanguage":"fr-FR","@id":"https:\/\/ahorn-camp.de\/product\/gasflaschenoeffner\/#primaryimage","url":"https:\/\/ahorn-camp.de\/wp-content\/uploads\/2025\/04\/Gasschluessel-scaled.jpg","contentUrl":"https:\/\/ahorn-camp.de\/wp-content\/uploads\/2025\/04\/Gasschluessel-scaled.jpg","width":2560,"height":2560,"caption":"Gasflaschen\u00f6ffner"},{"@type":"BreadcrumbList","@id":"https:\/\/ahorn-camp.de\/product\/gasflaschenoeffner\/#breadcrumb","itemListElement":[{"@type":"ListItem","position":1,"name":"Startseite","item":"https:\/\/ahorn-camp.de\/"},{"@type":"ListItem","position":2,"name":"Merchandise-Shop","item":"https:\/\/ahorn-camp.de\/merchandise-shop\/"},{"@type":"ListItem","position":3,"name":"Gasflaschen\u00f6ffner"}]},{"@type":"WebSite","@id":"https:\/\/ahorn-camp.de\/#website","url":"https:\/\/ahorn-camp.de\/","name":"Ahorn Camp | Camping-cars et fourgons am\u00e9nag\u00e9s","description":"Depuis plus de 30 ans, l'entreprise familiale, Ahorn Camp \u00e0 Speyer, commercialise avec succ\u00e8s des camping-cars et des fourgons au meilleur rapport qualit\u00e9-prix.","publisher":{"@id":"https:\/\/ahorn-camp.de\/#organization"},"potentialAction":[{"@type":"SearchAction","target":{"@type":"EntryPoint","urlTemplate":"https:\/\/ahorn-camp.de\/?s={search_term_string}"},"query-input":{"@type":"PropertyValueSpecification","valueRequired":true,"valueName":"search_term_string"}}],"inLanguage":"fr-FR"},{"@type":"Organization","@id":"https:\/\/ahorn-camp.de\/#organization","name":"Ahorn Camp GmbH &amp; Co. KG","url":"https:\/\/ahorn-camp.de\/","logo":{"@type":"ImageObject","inLanguage":"fr-FR","@id":"https:\/\/ahorn-camp.de\/#\/schema\/logo\/image\/","url":"https:\/\/ahorn-camp.de\/wp-content\/uploads\/2018\/12\/Ahorn_Logo.jpg","contentUrl":"https:\/\/ahorn-camp.de\/wp-content\/uploads\/2018\/12\/Ahorn_Logo.jpg","width":1437,"height":1000,"caption":"Ahorn Camp GmbH & Co. KG"},"image":{"@id":"https:\/\/ahorn-camp.de\/#\/schema\/logo\/image\/"},"sameAs":["https:\/\/www.facebook.com\/ahorn.wohnmobile\/","https:\/\/www.instagram.com\/ahorn.camp\/","https:\/\/www.youtube.com\/channel\/UCPFbPCts1JJ_A1k9vyH0yOQ"]}]}},"_links":{"self":[{"href":"https:\/\/ahorn-camp.de\/fr\/wp-json\/wp\/v2\/product\/30682","targetHints":{"allow":["GET"]}}],"collection":[{"href":"https:\/\/ahorn-camp.de\/fr\/wp-json\/wp\/v2\/product"}],"about":[{"href":"https:\/\/ahorn-camp.de\/fr\/wp-json\/wp\/v2\/types\/product"}],"wp:featuredmedia":[{"embeddable":true,"href":"https:\/\/ahorn-camp.de\/fr\/wp-json\/wp\/v2\/media\/30683"}],"wp:attachment":[{"href":"https:\/\/ahorn-camp.de\/fr\/wp-json\/wp\/v2\/media?parent=30682"}],"wp:term":[{"taxonomy":"product_brand","embeddable":true,"href":"https:\/\/ahorn-camp.de\/fr\/wp-json\/wp\/v2\/product_brand?post=30682"},{"taxonomy":"product_cat","embeddable":true,"href":"https:\/\/ahorn-camp.de\/fr\/wp-json\/wp\/v2\/product_cat?post=30682"},{"taxonomy":"product_tag","embeddable":true,"href":"https:\/\/ahorn-camp.de\/fr\/wp-json\/wp\/v2\/product_tag?post=30682"}],"curies":[{"name":"wp","href":"https:\/\/api.w.org\/{rel}","templated":true}]}}