{"id":30592,"date":"2025-04-24T14:08:57","date_gmt":"2025-04-24T12:08:57","guid":{"rendered":"https:\/\/ahorn-camp.de\/?post_type=product&#038;p=30592"},"modified":"2025-04-24T14:27:26","modified_gmt":"2025-04-24T12:27:26","slug":"fahrerhausteppich","status":"publish","type":"product","link":"https:\/\/ahorn-camp.de\/fr\/product\/fahrerhausteppich\/","title":{"rendered":"Tapis de cabine"},"content":{"rendered":"<p class=\"\" data-start=\"367\" data-end=\"625\">Ajoutez une touche d'\u00e9l\u00e9gance \u00e0 l'int\u00e9rieur de votre camping-car tout en prot\u00e9geant le sol : la haute qualit\u00e9 <strong data-start=\"481\" data-end=\"522\">Tapis de cabine avec logo Ahorn Camp<\/strong> assure un habitacle bien rang\u00e9 et accueillant et est fabriqu\u00e9 sur mesure pour votre mod\u00e8le de v\u00e9hicule.<\/p>\n<p class=\"\" data-start=\"627\" data-end=\"969\"><strong data-start=\"630\" data-end=\"658\">Finitions de haute qualit\u00e9<\/strong><br data-start=\"658\" data-end=\"661\" \/>Fabriqu\u00e9 dans un mat\u00e9riau r\u00e9sistant, le tapis offre une surface robuste et facile d'entretien, qui reste propre et soign\u00e9e m\u00eame en cas d'entr\u00e9e et de sortie fr\u00e9quentes. Le motif finement brod\u00e9 <strong data-start=\"858\" data-end=\"877\">Ahorn Camp Logo<\/strong> souligne le caract\u00e8re exclusif.<\/p>\n<p class=\"\" data-start=\"971\" data-end=\"1197\"><strong data-start=\"974\" data-end=\"1016\">Ajustement parfait et fixation s\u00fbre<\/strong><br data-start=\"1016\" data-end=\"1019\" \/>Le tapis est d\u00e9coup\u00e9 sur mesure pour le plancher de votre cabine de Renault Master III et peut \u00eatre plac\u00e9 en toute s\u00e9curit\u00e9 et sans glisser gr\u00e2ce \u00e0 son envers antid\u00e9rapant \u2013 sans ondulations, sans glissement.<\/p>\n<p class=\"\" data-start=\"1199\" data-end=\"1424\"><strong data-start=\"1202\" data-end=\"1236\">Sch\u00fctzt &amp; versch\u00f6nert zugleich<\/strong><br data-start=\"1236\" data-end=\"1239\" \/>Ob auf Reisen oder im Alltag \u2013 der Fahrerhausteppich sch\u00fctzt den Fahrzeugboden zuverl\u00e4ssig vor Schmutz, Feuchtigkeit und Abnutzung, w\u00e4hrend er den Raum zugleich wohnlicher wirken l\u00e4sst.<\/p>","protected":false},"excerpt":{"rendered":"<p class=\"\" data-start=\"367\" data-end=\"625\">Verleihe dem Innenraum deines Campers einen Hauch von Eleganz und sch\u00fctze gleichzeitig den Boden: Der hochwertige <strong data-start=\"481\" data-end=\"522\">Fahrerhausteppich mit Ahorn Camp Logo<\/strong> sorgt f\u00fcr ein aufger\u00e4umtes, wohnliches Fahrerhaus und ist passgenau f\u00fcr dein Fahrzeugmodell gefertigt.<\/p>\n<p class=\"\" data-start=\"627\" data-end=\"969\"><strong data-start=\"630\" data-end=\"658\">Hochwertige Verarbeitung<\/strong><br data-start=\"658\" data-end=\"661\" \/>Aus strapazierf\u00e4higem Material gefertigt, bietet der Teppich eine robuste und pflegeleichte Oberfl\u00e4che, die auch bei h\u00e4ufigem Ein- und Aussteigen sauber und gepflegt bleibt. Das fein eingestickte <strong data-start=\"858\" data-end=\"877\">Ahorn Camp Logo<\/strong> unterstreicht den exklusiven Charakter.<\/p>\n<p class=\"\" data-start=\"971\" data-end=\"1197\"><strong data-start=\"974\" data-end=\"1016\">Passgenauer Sitz &amp; sichere Befestigung<\/strong><br data-start=\"1016\" data-end=\"1019\" \/>Der Teppich ist exakt auf den Fu\u00dfraum deines Fahrerhauses im Renault Master III zugeschnitten und l\u00e4sst sich dank Anti-Rutsch-R\u00fccken sicher und verrutschsicher platzieren \u2013 ohne Wellen, ohne Rutschen.<\/p>\n<p class=\"\" data-start=\"1199\" data-end=\"1424\"><strong data-start=\"1202\" data-end=\"1236\">Sch\u00fctzt &amp; versch\u00f6nert zugleich<\/strong><br data-start=\"1236\" data-end=\"1239\" \/>Ob auf Reisen oder im Alltag \u2013 der Fahrerhausteppich sch\u00fctzt den Fahrzeugboden zuverl\u00e4ssig vor Schmutz, Feuchtigkeit und Abnutzung, w\u00e4hrend er den [&#8230;]<\/p>\n","protected":false},"featured_media":30594,"template":"","meta":{"content-type":""},"product_brand":[],"product_cat":[602,605,608,604,612],"product_tag":[],"class_list":{"0":"post-30592","1":"product","2":"type-product","3":"status-publish","4":"has-post-thumbnail","6":"product_cat-zubehoer","7":"product_cat-zubehoer-van","8":"product_cat-zubehoer-van-teil","9":"product_cat-zubehoer-womo","10":"product_cat-zubehoer-womo-teil","11":"product_shipping_class-paket","13":"first","14":"instock","15":"taxable","16":"shipping-taxable","17":"purchasable","18":"product-type-simple"},"yoast_head":"<!-- This site is optimized with the Yoast SEO plugin v27.5 - https:\/\/yoast.com\/product\/yoast-seo-wordpress\/ -->\n<title>Fahrerhausteppich - Ahorn Camp | Reisemobile und Kastenwagen<\/title>\n<meta name=\"description\" content=\"Fahrerhausteppich mit Ahorn Camp Logo \u2013 robust, passgenau &amp; rutschfest. Jetzt bestellen &amp; deinem Camper ein stilvolles Upgrade g\u00f6nnen!\" \/>\n<meta name=\"robots\" content=\"index, follow, max-snippet:-1, max-image-preview:large, max-video-preview:-1\" \/>\n<link rel=\"canonical\" href=\"https:\/\/ahorn-camp.de\/fr\/product\/fahrerhausteppich\/\" \/>\n<meta property=\"og:locale\" content=\"fr_FR\" \/>\n<meta property=\"og:type\" content=\"article\" \/>\n<meta property=\"og:title\" content=\"Fahrerhausteppich - Ahorn Camp | Reisemobile und Kastenwagen\" \/>\n<meta property=\"og:description\" content=\"Fahrerhausteppich mit Ahorn Camp Logo \u2013 robust, passgenau &amp; rutschfest. Jetzt bestellen &amp; deinem Camper ein stilvolles Upgrade g\u00f6nnen!\" \/>\n<meta property=\"og:url\" content=\"https:\/\/ahorn-camp.de\/fr\/product\/fahrerhausteppich\/\" \/>\n<meta property=\"og:site_name\" content=\"Ahorn Camp | Reisemobile und Kastenwagen\" \/>\n<meta property=\"article:publisher\" content=\"https:\/\/www.facebook.com\/ahorn.wohnmobile\/\" \/>\n<meta property=\"article:modified_time\" content=\"2025-04-24T12:27:26+00:00\" \/>\n<meta property=\"og:image\" content=\"https:\/\/ahorn-camp.de\/wp-content\/uploads\/2025\/04\/Fahrerhausteppich-min-scaled.jpg\" \/>\n\t<meta property=\"og:image:width\" content=\"2560\" \/>\n\t<meta property=\"og:image:height\" content=\"2560\" \/>\n\t<meta property=\"og:image:type\" content=\"image\/jpeg\" \/>\n<meta name=\"twitter:card\" content=\"summary_large_image\" \/>\n<meta name=\"twitter:label1\" content=\"Dur\u00e9e de lecture estim\u00e9e\" \/>\n\t<meta name=\"twitter:data1\" content=\"1 minute\" \/>\n<script type=\"application\/ld+json\" class=\"yoast-schema-graph\">{\"@context\":\"https:\\\/\\\/schema.org\",\"@graph\":[{\"@type\":\"WebPage\",\"@id\":\"https:\\\/\\\/ahorn-camp.de\\\/product\\\/fahrerhausteppich\\\/\",\"url\":\"https:\\\/\\\/ahorn-camp.de\\\/product\\\/fahrerhausteppich\\\/\",\"name\":\"Fahrerhausteppich - Ahorn Camp | Reisemobile und Kastenwagen\",\"isPartOf\":{\"@id\":\"https:\\\/\\\/ahorn-camp.de\\\/#website\"},\"primaryImageOfPage\":{\"@id\":\"https:\\\/\\\/ahorn-camp.de\\\/product\\\/fahrerhausteppich\\\/#primaryimage\"},\"image\":{\"@id\":\"https:\\\/\\\/ahorn-camp.de\\\/product\\\/fahrerhausteppich\\\/#primaryimage\"},\"thumbnailUrl\":\"https:\\\/\\\/ahorn-camp.de\\\/wp-content\\\/uploads\\\/2025\\\/04\\\/Fahrerhausteppich-min-scaled.jpg\",\"datePublished\":\"2025-04-24T12:08:57+00:00\",\"dateModified\":\"2025-04-24T12:27:26+00:00\",\"description\":\"Fahrerhausteppich mit Ahorn Camp Logo \u2013 robust, passgenau & rutschfest. Jetzt bestellen & deinem Camper ein stilvolles Upgrade g\u00f6nnen!\",\"breadcrumb\":{\"@id\":\"https:\\\/\\\/ahorn-camp.de\\\/product\\\/fahrerhausteppich\\\/#breadcrumb\"},\"inLanguage\":\"fr-FR\",\"potentialAction\":[{\"@type\":\"ReadAction\",\"target\":[\"https:\\\/\\\/ahorn-camp.de\\\/product\\\/fahrerhausteppich\\\/\"]}]},{\"@type\":\"ImageObject\",\"inLanguage\":\"fr-FR\",\"@id\":\"https:\\\/\\\/ahorn-camp.de\\\/product\\\/fahrerhausteppich\\\/#primaryimage\",\"url\":\"https:\\\/\\\/ahorn-camp.de\\\/wp-content\\\/uploads\\\/2025\\\/04\\\/Fahrerhausteppich-min-scaled.jpg\",\"contentUrl\":\"https:\\\/\\\/ahorn-camp.de\\\/wp-content\\\/uploads\\\/2025\\\/04\\\/Fahrerhausteppich-min-scaled.jpg\",\"width\":2560,\"height\":2560,\"caption\":\"Fahrerhausteppich\"},{\"@type\":\"BreadcrumbList\",\"@id\":\"https:\\\/\\\/ahorn-camp.de\\\/product\\\/fahrerhausteppich\\\/#breadcrumb\",\"itemListElement\":[{\"@type\":\"ListItem\",\"position\":1,\"name\":\"Startseite\",\"item\":\"https:\\\/\\\/ahorn-camp.de\\\/\"},{\"@type\":\"ListItem\",\"position\":2,\"name\":\"Merchandise-Shop\",\"item\":\"https:\\\/\\\/ahorn-camp.de\\\/merchandise-shop\\\/\"},{\"@type\":\"ListItem\",\"position\":3,\"name\":\"Fahrerhausteppich\"}]},{\"@type\":\"WebSite\",\"@id\":\"https:\\\/\\\/ahorn-camp.de\\\/#website\",\"url\":\"https:\\\/\\\/ahorn-camp.de\\\/\",\"name\":\"Ahorn Camp | Reisemobile und Kastenwagen\",\"description\":\"Seit \u00fcber 30 Jahren vermarktet das Familienunternehmen, Ahorn Camp in Speyer, erfolgreich Wohnmobile und Kastenwagen zum besten Preis-Leistungsverh\u00e4ltnis.\",\"publisher\":{\"@id\":\"https:\\\/\\\/ahorn-camp.de\\\/#organization\"},\"potentialAction\":[{\"@type\":\"SearchAction\",\"target\":{\"@type\":\"EntryPoint\",\"urlTemplate\":\"https:\\\/\\\/ahorn-camp.de\\\/?s={search_term_string}\"},\"query-input\":{\"@type\":\"PropertyValueSpecification\",\"valueRequired\":true,\"valueName\":\"search_term_string\"}}],\"inLanguage\":\"fr-FR\"},{\"@type\":\"Organization\",\"@id\":\"https:\\\/\\\/ahorn-camp.de\\\/#organization\",\"name\":\"Ahorn Camp GmbH & Co. KG\",\"url\":\"https:\\\/\\\/ahorn-camp.de\\\/\",\"logo\":{\"@type\":\"ImageObject\",\"inLanguage\":\"fr-FR\",\"@id\":\"https:\\\/\\\/ahorn-camp.de\\\/#\\\/schema\\\/logo\\\/image\\\/\",\"url\":\"https:\\\/\\\/ahorn-camp.de\\\/wp-content\\\/uploads\\\/2018\\\/12\\\/Ahorn_Logo.jpg\",\"contentUrl\":\"https:\\\/\\\/ahorn-camp.de\\\/wp-content\\\/uploads\\\/2018\\\/12\\\/Ahorn_Logo.jpg\",\"width\":1437,\"height\":1000,\"caption\":\"Ahorn Camp GmbH & Co. KG\"},\"image\":{\"@id\":\"https:\\\/\\\/ahorn-camp.de\\\/#\\\/schema\\\/logo\\\/image\\\/\"},\"sameAs\":[\"https:\\\/\\\/www.facebook.com\\\/ahorn.wohnmobile\\\/\",\"https:\\\/\\\/www.instagram.com\\\/ahorn.camp\\\/\",\"https:\\\/\\\/www.youtube.com\\\/channel\\\/UCPFbPCts1JJ_A1k9vyH0yOQ\"]}]}<\/script>\n<!-- \/ Yoast SEO plugin. -->","yoast_head_json":{"title":"Fahrerhausteppich - Ahorn Camp | Reisemobile und Kastenwagen","description":"Fahrerhausteppich mit Ahorn Camp Logo \u2013 robust, passgenau & rutschfest. Jetzt bestellen & deinem Camper ein stilvolles Upgrade g\u00f6nnen!","robots":{"index":"index","follow":"follow","max-snippet":"max-snippet:-1","max-image-preview":"max-image-preview:large","max-video-preview":"max-video-preview:-1"},"canonical":"https:\/\/ahorn-camp.de\/fr\/product\/fahrerhausteppich\/","og_locale":"fr_FR","og_type":"article","og_title":"Fahrerhausteppich - Ahorn Camp | Reisemobile und Kastenwagen","og_description":"Fahrerhausteppich mit Ahorn Camp Logo \u2013 robust, passgenau & rutschfest. Jetzt bestellen & deinem Camper ein stilvolles Upgrade g\u00f6nnen!","og_url":"https:\/\/ahorn-camp.de\/fr\/product\/fahrerhausteppich\/","og_site_name":"Ahorn Camp | Reisemobile und Kastenwagen","article_publisher":"https:\/\/www.facebook.com\/ahorn.wohnmobile\/","article_modified_time":"2025-04-24T12:27:26+00:00","og_image":[{"width":2560,"height":2560,"url":"https:\/\/ahorn-camp.de\/wp-content\/uploads\/2025\/04\/Fahrerhausteppich-min-scaled.jpg","type":"image\/jpeg"}],"twitter_card":"summary_large_image","twitter_misc":{"Dur\u00e9e de lecture estim\u00e9e":"1 minute"},"schema":{"@context":"https:\/\/schema.org","@graph":[{"@type":"WebPage","@id":"https:\/\/ahorn-camp.de\/product\/fahrerhausteppich\/","url":"https:\/\/ahorn-camp.de\/product\/fahrerhausteppich\/","name":"Fahrerhausteppich - Ahorn Camp | Reisemobile und Kastenwagen","isPartOf":{"@id":"https:\/\/ahorn-camp.de\/#website"},"primaryImageOfPage":{"@id":"https:\/\/ahorn-camp.de\/product\/fahrerhausteppich\/#primaryimage"},"image":{"@id":"https:\/\/ahorn-camp.de\/product\/fahrerhausteppich\/#primaryimage"},"thumbnailUrl":"https:\/\/ahorn-camp.de\/wp-content\/uploads\/2025\/04\/Fahrerhausteppich-min-scaled.jpg","datePublished":"2025-04-24T12:08:57+00:00","dateModified":"2025-04-24T12:27:26+00:00","description":"Fahrerhausteppich mit Ahorn Camp Logo \u2013 robust, passgenau & rutschfest. Jetzt bestellen & deinem Camper ein stilvolles Upgrade g\u00f6nnen!","breadcrumb":{"@id":"https:\/\/ahorn-camp.de\/product\/fahrerhausteppich\/#breadcrumb"},"inLanguage":"fr-FR","potentialAction":[{"@type":"ReadAction","target":["https:\/\/ahorn-camp.de\/product\/fahrerhausteppich\/"]}]},{"@type":"ImageObject","inLanguage":"fr-FR","@id":"https:\/\/ahorn-camp.de\/product\/fahrerhausteppich\/#primaryimage","url":"https:\/\/ahorn-camp.de\/wp-content\/uploads\/2025\/04\/Fahrerhausteppich-min-scaled.jpg","contentUrl":"https:\/\/ahorn-camp.de\/wp-content\/uploads\/2025\/04\/Fahrerhausteppich-min-scaled.jpg","width":2560,"height":2560,"caption":"Fahrerhausteppich"},{"@type":"BreadcrumbList","@id":"https:\/\/ahorn-camp.de\/product\/fahrerhausteppich\/#breadcrumb","itemListElement":[{"@type":"ListItem","position":1,"name":"Startseite","item":"https:\/\/ahorn-camp.de\/"},{"@type":"ListItem","position":2,"name":"Merchandise-Shop","item":"https:\/\/ahorn-camp.de\/merchandise-shop\/"},{"@type":"ListItem","position":3,"name":"Fahrerhausteppich"}]},{"@type":"WebSite","@id":"https:\/\/ahorn-camp.de\/#website","url":"https:\/\/ahorn-camp.de\/","name":"Ahorn Camp | Camping-cars et fourgons am\u00e9nag\u00e9s","description":"Depuis plus de 30 ans, l'entreprise familiale, Ahorn Camp \u00e0 Speyer, commercialise avec succ\u00e8s des camping-cars et des fourgons au meilleur rapport qualit\u00e9-prix.","publisher":{"@id":"https:\/\/ahorn-camp.de\/#organization"},"potentialAction":[{"@type":"SearchAction","target":{"@type":"EntryPoint","urlTemplate":"https:\/\/ahorn-camp.de\/?s={search_term_string}"},"query-input":{"@type":"PropertyValueSpecification","valueRequired":true,"valueName":"search_term_string"}}],"inLanguage":"fr-FR"},{"@type":"Organization","@id":"https:\/\/ahorn-camp.de\/#organization","name":"Ahorn Camp GmbH &amp; Co. KG","url":"https:\/\/ahorn-camp.de\/","logo":{"@type":"ImageObject","inLanguage":"fr-FR","@id":"https:\/\/ahorn-camp.de\/#\/schema\/logo\/image\/","url":"https:\/\/ahorn-camp.de\/wp-content\/uploads\/2018\/12\/Ahorn_Logo.jpg","contentUrl":"https:\/\/ahorn-camp.de\/wp-content\/uploads\/2018\/12\/Ahorn_Logo.jpg","width":1437,"height":1000,"caption":"Ahorn Camp GmbH & Co. KG"},"image":{"@id":"https:\/\/ahorn-camp.de\/#\/schema\/logo\/image\/"},"sameAs":["https:\/\/www.facebook.com\/ahorn.wohnmobile\/","https:\/\/www.instagram.com\/ahorn.camp\/","https:\/\/www.youtube.com\/channel\/UCPFbPCts1JJ_A1k9vyH0yOQ"]}]}},"_links":{"self":[{"href":"https:\/\/ahorn-camp.de\/fr\/wp-json\/wp\/v2\/product\/30592","targetHints":{"allow":["GET"]}}],"collection":[{"href":"https:\/\/ahorn-camp.de\/fr\/wp-json\/wp\/v2\/product"}],"about":[{"href":"https:\/\/ahorn-camp.de\/fr\/wp-json\/wp\/v2\/types\/product"}],"wp:featuredmedia":[{"embeddable":true,"href":"https:\/\/ahorn-camp.de\/fr\/wp-json\/wp\/v2\/media\/30594"}],"wp:attachment":[{"href":"https:\/\/ahorn-camp.de\/fr\/wp-json\/wp\/v2\/media?parent=30592"}],"wp:term":[{"taxonomy":"product_brand","embeddable":true,"href":"https:\/\/ahorn-camp.de\/fr\/wp-json\/wp\/v2\/product_brand?post=30592"},{"taxonomy":"product_cat","embeddable":true,"href":"https:\/\/ahorn-camp.de\/fr\/wp-json\/wp\/v2\/product_cat?post=30592"},{"taxonomy":"product_tag","embeddable":true,"href":"https:\/\/ahorn-camp.de\/fr\/wp-json\/wp\/v2\/product_tag?post=30592"}],"curies":[{"name":"wp","href":"https:\/\/api.w.org\/{rel}","templated":true}]}}