{"id":26375,"date":"2024-11-08T13:16:27","date_gmt":"2024-11-08T12:16:27","guid":{"rendered":"https:\/\/ahorn-camp.de\/?post_type=product&#038;p=26375"},"modified":"2024-11-18T13:45:35","modified_gmt":"2024-11-18T12:45:35","slug":"bon-dachat-ahorn-service","status":"publish","type":"product","link":"https:\/\/ahorn-camp.de\/fr\/product\/ahorn-service-gutschein\/","title":{"rendered":"Bon de service \/ accessoires Ahorn"},"content":{"rendered":"<p>M\u00f6chtest du deinen Liebsten etwas Gutes tun? Dann verschenke einen Service- oder Zubeh\u00f6rgutschein von Ahorn Camp.<\/p>\n<p>Nach Bestellung wird der Gutschein digital zugeschickt und kann problemlos Zuhause ausgedruckt werden.<\/p>\n<p>Der Gutschein kann nicht gegen Bargeld eingel\u00f6st werden. G\u00fcltig f\u00fcr die Niederlassungen von Ahorn Camp in Speyer, Dietzenbach und M\u00fclheim a.d.Ruhr.<\/p>\n<p>Der Gutschein ist drei Jahre g\u00fcltig.<\/p>","protected":false},"excerpt":{"rendered":"<p>M\u00f6chtest du deinen Liebsten etwas Gutes tun? Dann verschenke einen Service- oder Zubeh\u00f6rgutschein von Ahorn Camp.<\/p>\n<p>Nach Bestellung wird der Gutschein digital zugeschickt und kann problemlos Zuhause ausgedruckt werden.<\/p>\n<p>Der Gutschein kann nicht gegen Bargeld eingel\u00f6st werden. G\u00fcltig f\u00fcr die Niederlassungen von Ahorn Camp in Speyer, Dietzenbach und M\u00fclheim a.d.Ruhr.<\/p>\n<p>Der Gutschein ist drei Jahre g\u00fcltig.<\/p>","protected":false},"featured_media":26380,"template":"","meta":{"content-type":""},"product_brand":[],"product_cat":[115,112,618],"product_tag":[],"class_list":{"0":"post-26375","1":"product","2":"type-product","3":"status-publish","4":"has-post-thumbnail","6":"product_cat-merchandise","7":"product_cat-uncategorized","8":"product_cat-gutschein","9":"product_shipping_class-gutscheine","11":"first","12":"instock","13":"taxable","14":"shipping-taxable","15":"purchasable","16":"product-type-variable"},"yoast_head":"<!-- This site is optimized with the Yoast SEO plugin v27.5 - https:\/\/yoast.com\/product\/yoast-seo-wordpress\/ -->\n<title>Ahorn Service \/ Zubeh\u00f6r Gutschein - Ahorn Camp | Reisemobile und Kastenwagen<\/title>\n<meta name=\"description\" content=\"Sichere dir einen Service oder Zubeh\u00f6rgutschein von Ahorn Camp - das ideale Geschenk f\u00fcr alle, die bereits ein Ah\u00f6rnchen fahren.\" \/>\n<meta name=\"robots\" content=\"index, follow, max-snippet:-1, max-image-preview:large, max-video-preview:-1\" \/>\n<link rel=\"canonical\" href=\"https:\/\/ahorn-camp.de\/fr\/product\/bon-dachat-ahorn-service\/\" \/>\n<meta property=\"og:locale\" content=\"fr_FR\" \/>\n<meta property=\"og:type\" content=\"article\" \/>\n<meta property=\"og:title\" content=\"Ahorn Service \/ Zubeh\u00f6r Gutschein - Ahorn Camp | Reisemobile und Kastenwagen\" \/>\n<meta property=\"og:description\" content=\"Sichere dir einen Service oder Zubeh\u00f6rgutschein von Ahorn Camp - das ideale Geschenk f\u00fcr alle, die bereits ein Ah\u00f6rnchen fahren.\" \/>\n<meta property=\"og:url\" content=\"https:\/\/ahorn-camp.de\/fr\/product\/bon-dachat-ahorn-service\/\" \/>\n<meta property=\"og:site_name\" content=\"Ahorn Camp | Reisemobile und Kastenwagen\" \/>\n<meta property=\"article:publisher\" content=\"https:\/\/www.facebook.com\/ahorn.wohnmobile\/\" \/>\n<meta property=\"article:modified_time\" content=\"2024-11-18T12:45:35+00:00\" \/>\n<meta property=\"og:image\" content=\"https:\/\/ahorn-camp.de\/wp-content\/uploads\/2024\/11\/AhornService_Gutschein_Mockup-scaled.jpg\" \/>\n\t<meta property=\"og:image:width\" content=\"2560\" \/>\n\t<meta property=\"og:image:height\" content=\"2560\" \/>\n\t<meta property=\"og:image:type\" content=\"image\/jpeg\" \/>\n<meta name=\"twitter:card\" content=\"summary_large_image\" \/>\n<meta name=\"twitter:label1\" content=\"Dur\u00e9e de lecture estim\u00e9e\" \/>\n\t<meta name=\"twitter:data1\" content=\"1 minute\" \/>\n<script type=\"application\/ld+json\" class=\"yoast-schema-graph\">{\"@context\":\"https:\\\/\\\/schema.org\",\"@graph\":[{\"@type\":\"WebPage\",\"@id\":\"https:\\\/\\\/ahorn-camp.de\\\/product\\\/ahorn-service-gutschein\\\/\",\"url\":\"https:\\\/\\\/ahorn-camp.de\\\/product\\\/ahorn-service-gutschein\\\/\",\"name\":\"Ahorn Service \\\/ Zubeh\u00f6r Gutschein - Ahorn Camp | Reisemobile und Kastenwagen\",\"isPartOf\":{\"@id\":\"https:\\\/\\\/ahorn-camp.de\\\/#website\"},\"primaryImageOfPage\":{\"@id\":\"https:\\\/\\\/ahorn-camp.de\\\/product\\\/ahorn-service-gutschein\\\/#primaryimage\"},\"image\":{\"@id\":\"https:\\\/\\\/ahorn-camp.de\\\/product\\\/ahorn-service-gutschein\\\/#primaryimage\"},\"thumbnailUrl\":\"https:\\\/\\\/ahorn-camp.de\\\/wp-content\\\/uploads\\\/2024\\\/11\\\/AhornService_Gutschein_Mockup-scaled.jpg\",\"datePublished\":\"2024-11-08T12:16:27+00:00\",\"dateModified\":\"2024-11-18T12:45:35+00:00\",\"description\":\"Sichere dir einen Service oder Zubeh\u00f6rgutschein von Ahorn Camp - das ideale Geschenk f\u00fcr alle, die bereits ein Ah\u00f6rnchen fahren.\",\"breadcrumb\":{\"@id\":\"https:\\\/\\\/ahorn-camp.de\\\/product\\\/ahorn-service-gutschein\\\/#breadcrumb\"},\"inLanguage\":\"fr-FR\",\"potentialAction\":[{\"@type\":\"ReadAction\",\"target\":[\"https:\\\/\\\/ahorn-camp.de\\\/product\\\/ahorn-service-gutschein\\\/\"]}]},{\"@type\":\"ImageObject\",\"inLanguage\":\"fr-FR\",\"@id\":\"https:\\\/\\\/ahorn-camp.de\\\/product\\\/ahorn-service-gutschein\\\/#primaryimage\",\"url\":\"https:\\\/\\\/ahorn-camp.de\\\/wp-content\\\/uploads\\\/2024\\\/11\\\/AhornService_Gutschein_Mockup-scaled.jpg\",\"contentUrl\":\"https:\\\/\\\/ahorn-camp.de\\\/wp-content\\\/uploads\\\/2024\\\/11\\\/AhornService_Gutschein_Mockup-scaled.jpg\",\"width\":2560,\"height\":2560,\"caption\":\"Ahorn Camp Service Gutschein\"},{\"@type\":\"BreadcrumbList\",\"@id\":\"https:\\\/\\\/ahorn-camp.de\\\/product\\\/ahorn-service-gutschein\\\/#breadcrumb\",\"itemListElement\":[{\"@type\":\"ListItem\",\"position\":1,\"name\":\"Startseite\",\"item\":\"https:\\\/\\\/ahorn-camp.de\\\/\"},{\"@type\":\"ListItem\",\"position\":2,\"name\":\"Merchandise-Shop\",\"item\":\"https:\\\/\\\/ahorn-camp.de\\\/merchandise-shop\\\/\"},{\"@type\":\"ListItem\",\"position\":3,\"name\":\"Ahorn Service \\\/ Zubeh\u00f6r Gutschein\"}]},{\"@type\":\"WebSite\",\"@id\":\"https:\\\/\\\/ahorn-camp.de\\\/#website\",\"url\":\"https:\\\/\\\/ahorn-camp.de\\\/\",\"name\":\"Ahorn Camp | Reisemobile und Kastenwagen\",\"description\":\"Seit \u00fcber 30 Jahren vermarktet das Familienunternehmen, Ahorn Camp in Speyer, erfolgreich Wohnmobile und Kastenwagen zum besten Preis-Leistungsverh\u00e4ltnis.\",\"publisher\":{\"@id\":\"https:\\\/\\\/ahorn-camp.de\\\/#organization\"},\"potentialAction\":[{\"@type\":\"SearchAction\",\"target\":{\"@type\":\"EntryPoint\",\"urlTemplate\":\"https:\\\/\\\/ahorn-camp.de\\\/?s={search_term_string}\"},\"query-input\":{\"@type\":\"PropertyValueSpecification\",\"valueRequired\":true,\"valueName\":\"search_term_string\"}}],\"inLanguage\":\"fr-FR\"},{\"@type\":\"Organization\",\"@id\":\"https:\\\/\\\/ahorn-camp.de\\\/#organization\",\"name\":\"Ahorn Camp GmbH & Co. KG\",\"url\":\"https:\\\/\\\/ahorn-camp.de\\\/\",\"logo\":{\"@type\":\"ImageObject\",\"inLanguage\":\"fr-FR\",\"@id\":\"https:\\\/\\\/ahorn-camp.de\\\/#\\\/schema\\\/logo\\\/image\\\/\",\"url\":\"https:\\\/\\\/ahorn-camp.de\\\/wp-content\\\/uploads\\\/2018\\\/12\\\/Ahorn_Logo.jpg\",\"contentUrl\":\"https:\\\/\\\/ahorn-camp.de\\\/wp-content\\\/uploads\\\/2018\\\/12\\\/Ahorn_Logo.jpg\",\"width\":1437,\"height\":1000,\"caption\":\"Ahorn Camp GmbH & Co. KG\"},\"image\":{\"@id\":\"https:\\\/\\\/ahorn-camp.de\\\/#\\\/schema\\\/logo\\\/image\\\/\"},\"sameAs\":[\"https:\\\/\\\/www.facebook.com\\\/ahorn.wohnmobile\\\/\",\"https:\\\/\\\/www.instagram.com\\\/ahorn.camp\\\/\",\"https:\\\/\\\/www.youtube.com\\\/channel\\\/UCPFbPCts1JJ_A1k9vyH0yOQ\"]}]}<\/script>\n<!-- \/ Yoast SEO plugin. -->","yoast_head_json":{"title":"Ahorn Service \/ Bon pour accessoires - Ahorn Camp | Camping-cars et fourgonnettes","description":"Assure-toi un bon de service ou d'accessoires de Ahorn Camp - le cadeau id\u00e9al pour tous ceux qui conduisent d\u00e9j\u00e0 un Ah\u00f6rnchen.","robots":{"index":"index","follow":"follow","max-snippet":"max-snippet:-1","max-image-preview":"max-image-preview:large","max-video-preview":"max-video-preview:-1"},"canonical":"https:\/\/ahorn-camp.de\/fr\/product\/bon-dachat-ahorn-service\/","og_locale":"fr_FR","og_type":"article","og_title":"Ahorn Service \/ Zubeh\u00f6r Gutschein - Ahorn Camp | Reisemobile und Kastenwagen","og_description":"Sichere dir einen Service oder Zubeh\u00f6rgutschein von Ahorn Camp - das ideale Geschenk f\u00fcr alle, die bereits ein Ah\u00f6rnchen fahren.","og_url":"https:\/\/ahorn-camp.de\/fr\/product\/bon-dachat-ahorn-service\/","og_site_name":"Ahorn Camp | Reisemobile und Kastenwagen","article_publisher":"https:\/\/www.facebook.com\/ahorn.wohnmobile\/","article_modified_time":"2024-11-18T12:45:35+00:00","og_image":[{"width":2560,"height":2560,"url":"https:\/\/ahorn-camp.de\/wp-content\/uploads\/2024\/11\/AhornService_Gutschein_Mockup-scaled.jpg","type":"image\/jpeg"}],"twitter_card":"summary_large_image","twitter_misc":{"Dur\u00e9e de lecture estim\u00e9e":"1 minute"},"schema":{"@context":"https:\/\/schema.org","@graph":[{"@type":"WebPage","@id":"https:\/\/ahorn-camp.de\/product\/ahorn-service-gutschein\/","url":"https:\/\/ahorn-camp.de\/product\/ahorn-service-gutschein\/","name":"Ahorn Service \/ Bon pour accessoires - Ahorn Camp | Camping-cars et fourgonnettes","isPartOf":{"@id":"https:\/\/ahorn-camp.de\/#website"},"primaryImageOfPage":{"@id":"https:\/\/ahorn-camp.de\/product\/ahorn-service-gutschein\/#primaryimage"},"image":{"@id":"https:\/\/ahorn-camp.de\/product\/ahorn-service-gutschein\/#primaryimage"},"thumbnailUrl":"https:\/\/ahorn-camp.de\/wp-content\/uploads\/2024\/11\/AhornService_Gutschein_Mockup-scaled.jpg","datePublished":"2024-11-08T12:16:27+00:00","dateModified":"2024-11-18T12:45:35+00:00","description":"Assure-toi un bon de service ou d'accessoires de Ahorn Camp - le cadeau id\u00e9al pour tous ceux qui conduisent d\u00e9j\u00e0 un Ah\u00f6rnchen.","breadcrumb":{"@id":"https:\/\/ahorn-camp.de\/product\/ahorn-service-gutschein\/#breadcrumb"},"inLanguage":"fr-FR","potentialAction":[{"@type":"ReadAction","target":["https:\/\/ahorn-camp.de\/product\/ahorn-service-gutschein\/"]}]},{"@type":"ImageObject","inLanguage":"fr-FR","@id":"https:\/\/ahorn-camp.de\/product\/ahorn-service-gutschein\/#primaryimage","url":"https:\/\/ahorn-camp.de\/wp-content\/uploads\/2024\/11\/AhornService_Gutschein_Mockup-scaled.jpg","contentUrl":"https:\/\/ahorn-camp.de\/wp-content\/uploads\/2024\/11\/AhornService_Gutschein_Mockup-scaled.jpg","width":2560,"height":2560,"caption":"Ahorn Camp Service Gutschein"},{"@type":"BreadcrumbList","@id":"https:\/\/ahorn-camp.de\/product\/ahorn-service-gutschein\/#breadcrumb","itemListElement":[{"@type":"ListItem","position":1,"name":"Startseite","item":"https:\/\/ahorn-camp.de\/"},{"@type":"ListItem","position":2,"name":"Merchandise-Shop","item":"https:\/\/ahorn-camp.de\/merchandise-shop\/"},{"@type":"ListItem","position":3,"name":"Ahorn Service \/ Zubeh\u00f6r Gutschein"}]},{"@type":"WebSite","@id":"https:\/\/ahorn-camp.de\/#website","url":"https:\/\/ahorn-camp.de\/","name":"Ahorn Camp | Camping-cars et fourgons am\u00e9nag\u00e9s","description":"Depuis plus de 30 ans, l'entreprise familiale, Ahorn Camp \u00e0 Speyer, commercialise avec succ\u00e8s des camping-cars et des fourgons au meilleur rapport qualit\u00e9-prix.","publisher":{"@id":"https:\/\/ahorn-camp.de\/#organization"},"potentialAction":[{"@type":"SearchAction","target":{"@type":"EntryPoint","urlTemplate":"https:\/\/ahorn-camp.de\/?s={search_term_string}"},"query-input":{"@type":"PropertyValueSpecification","valueRequired":true,"valueName":"search_term_string"}}],"inLanguage":"fr-FR"},{"@type":"Organization","@id":"https:\/\/ahorn-camp.de\/#organization","name":"Ahorn Camp GmbH &amp; Co. KG","url":"https:\/\/ahorn-camp.de\/","logo":{"@type":"ImageObject","inLanguage":"fr-FR","@id":"https:\/\/ahorn-camp.de\/#\/schema\/logo\/image\/","url":"https:\/\/ahorn-camp.de\/wp-content\/uploads\/2018\/12\/Ahorn_Logo.jpg","contentUrl":"https:\/\/ahorn-camp.de\/wp-content\/uploads\/2018\/12\/Ahorn_Logo.jpg","width":1437,"height":1000,"caption":"Ahorn Camp GmbH & Co. KG"},"image":{"@id":"https:\/\/ahorn-camp.de\/#\/schema\/logo\/image\/"},"sameAs":["https:\/\/www.facebook.com\/ahorn.wohnmobile\/","https:\/\/www.instagram.com\/ahorn.camp\/","https:\/\/www.youtube.com\/channel\/UCPFbPCts1JJ_A1k9vyH0yOQ"]}]}},"_links":{"self":[{"href":"https:\/\/ahorn-camp.de\/fr\/wp-json\/wp\/v2\/product\/26375","targetHints":{"allow":["GET"]}}],"collection":[{"href":"https:\/\/ahorn-camp.de\/fr\/wp-json\/wp\/v2\/product"}],"about":[{"href":"https:\/\/ahorn-camp.de\/fr\/wp-json\/wp\/v2\/types\/product"}],"wp:featuredmedia":[{"embeddable":true,"href":"https:\/\/ahorn-camp.de\/fr\/wp-json\/wp\/v2\/media\/26380"}],"wp:attachment":[{"href":"https:\/\/ahorn-camp.de\/fr\/wp-json\/wp\/v2\/media?parent=26375"}],"wp:term":[{"taxonomy":"product_brand","embeddable":true,"href":"https:\/\/ahorn-camp.de\/fr\/wp-json\/wp\/v2\/product_brand?post=26375"},{"taxonomy":"product_cat","embeddable":true,"href":"https:\/\/ahorn-camp.de\/fr\/wp-json\/wp\/v2\/product_cat?post=26375"},{"taxonomy":"product_tag","embeddable":true,"href":"https:\/\/ahorn-camp.de\/fr\/wp-json\/wp\/v2\/product_tag?post=26375"}],"curies":[{"name":"wp","href":"https:\/\/api.w.org\/{rel}","templated":true}]}}