{"id":23939,"date":"2024-07-11T15:00:30","date_gmt":"2024-07-11T13:00:30","guid":{"rendered":"https:\/\/ahorn-camp.de\/?post_type=product&#038;p=23939"},"modified":"2025-04-24T14:21:31","modified_gmt":"2025-04-24T12:21:31","slug":"box-gross","status":"publish","type":"product","link":"https:\/\/ahorn-camp.de\/fr\/product\/box-gross\/","title":{"rendered":"Bo\u00eete de rangement pliable grande grise"},"content":{"rendered":"<p>Diese gro\u00dfe kompakte, faltbare Aufbewahrungsbox in elegantem Grau ist die ideale L\u00f6sung f\u00fcr eine platzsparende Organisation. Perfekt f\u00fcr die Organisation in der Heckgarage, l\u00e4sst sie sich bei Nichtgebrauch einfach zusammenfalten und verstauen. Durch die Praktischen Klapp\u00f6ffnungen kann man auch bei gestapelten Boxen jederzeit an den Inhalt zugreifen.<\/p>","protected":false},"excerpt":{"rendered":"<p>Diese gro\u00dfe kompakte, faltbare Aufbewahrungsbox in elegantem Grau ist die ideale L\u00f6sung f\u00fcr eine platzsparende Organisation. Perfekt f\u00fcr die Organisation in der Heckgarage, l\u00e4sst sie sich bei Nichtgebrauch einfach zusammenfalten und verstauen. Durch die Praktischen Klapp\u00f6ffnungen kann man auch bei gestapelten Boxen jederzeit an den Inhalt zugreifen.<\/p>","protected":false},"featured_media":30593,"template":"","meta":{"content-type":""},"product_brand":[],"product_cat":[602,606,610,605,608,604,612],"product_tag":[],"class_list":{"0":"post-23939","1":"product","2":"type-product","3":"status-publish","4":"has-post-thumbnail","6":"product_cat-zubehoer","7":"product_cat-zuebhoer-van-city","8":"product_cat-zubehoer-van-city-teil","9":"product_cat-zubehoer-van","10":"product_cat-zubehoer-van-teil","11":"product_cat-zubehoer-womo","12":"product_cat-zubehoer-womo-teil","13":"product_shipping_class-paket","15":"first","16":"instock","17":"taxable","18":"shipping-taxable","19":"purchasable","20":"product-type-simple"},"yoast_head":"<!-- This site is optimized with the Yoast SEO plugin v27.5 - https:\/\/yoast.com\/product\/yoast-seo-wordpress\/ -->\n<title>Aufbewahrungsbox faltbar gro\u00df grau - Ahorn Camp | Reisemobile und Kastenwagen<\/title>\n<meta name=\"description\" content=\"Um alle Dinge ideal zu sortieren und immer im Zugriff zu haben ist die gro\u00dfe Aufbewahrungsbox der perfekte Begleiter jeder Heckgarage!\" \/>\n<meta name=\"robots\" content=\"index, follow, max-snippet:-1, max-image-preview:large, max-video-preview:-1\" \/>\n<link rel=\"canonical\" href=\"https:\/\/ahorn-camp.de\/fr\/product\/box-gross\/\" \/>\n<meta property=\"og:locale\" content=\"fr_FR\" \/>\n<meta property=\"og:type\" content=\"article\" \/>\n<meta property=\"og:title\" content=\"Aufbewahrungsbox faltbar gro\u00df grau - Ahorn Camp | Reisemobile und Kastenwagen\" \/>\n<meta property=\"og:description\" content=\"Um alle Dinge ideal zu sortieren und immer im Zugriff zu haben ist die gro\u00dfe Aufbewahrungsbox der perfekte Begleiter jeder Heckgarage!\" \/>\n<meta property=\"og:url\" content=\"https:\/\/ahorn-camp.de\/fr\/product\/box-gross\/\" \/>\n<meta property=\"og:site_name\" content=\"Ahorn Camp | Reisemobile und Kastenwagen\" \/>\n<meta property=\"article:publisher\" content=\"https:\/\/www.facebook.com\/ahorn.wohnmobile\/\" \/>\n<meta property=\"article:modified_time\" content=\"2025-04-24T12:21:31+00:00\" \/>\n<meta property=\"og:image\" content=\"https:\/\/ahorn-camp.de\/wp-content\/uploads\/2025\/04\/Lagerbox-min-scaled.jpg\" \/>\n\t<meta property=\"og:image:width\" content=\"2560\" \/>\n\t<meta property=\"og:image:height\" content=\"2560\" \/>\n\t<meta property=\"og:image:type\" content=\"image\/jpeg\" \/>\n<meta name=\"twitter:card\" content=\"summary_large_image\" \/>\n<meta name=\"twitter:label1\" content=\"Dur\u00e9e de lecture estim\u00e9e\" \/>\n\t<meta name=\"twitter:data1\" content=\"1 minute\" \/>\n<script type=\"application\/ld+json\" class=\"yoast-schema-graph\">{\"@context\":\"https:\\\/\\\/schema.org\",\"@graph\":[{\"@type\":\"WebPage\",\"@id\":\"https:\\\/\\\/ahorn-camp.de\\\/product\\\/box-gross\\\/\",\"url\":\"https:\\\/\\\/ahorn-camp.de\\\/product\\\/box-gross\\\/\",\"name\":\"Aufbewahrungsbox faltbar gro\u00df grau - Ahorn Camp | Reisemobile und Kastenwagen\",\"isPartOf\":{\"@id\":\"https:\\\/\\\/ahorn-camp.de\\\/#website\"},\"primaryImageOfPage\":{\"@id\":\"https:\\\/\\\/ahorn-camp.de\\\/product\\\/box-gross\\\/#primaryimage\"},\"image\":{\"@id\":\"https:\\\/\\\/ahorn-camp.de\\\/product\\\/box-gross\\\/#primaryimage\"},\"thumbnailUrl\":\"https:\\\/\\\/ahorn-camp.de\\\/wp-content\\\/uploads\\\/2025\\\/04\\\/Lagerbox-min-scaled.jpg\",\"datePublished\":\"2024-07-11T13:00:30+00:00\",\"dateModified\":\"2025-04-24T12:21:31+00:00\",\"description\":\"Um alle Dinge ideal zu sortieren und immer im Zugriff zu haben ist die gro\u00dfe Aufbewahrungsbox der perfekte Begleiter jeder Heckgarage!\",\"breadcrumb\":{\"@id\":\"https:\\\/\\\/ahorn-camp.de\\\/product\\\/box-gross\\\/#breadcrumb\"},\"inLanguage\":\"fr-FR\",\"potentialAction\":[{\"@type\":\"ReadAction\",\"target\":[\"https:\\\/\\\/ahorn-camp.de\\\/product\\\/box-gross\\\/\"]}]},{\"@type\":\"ImageObject\",\"inLanguage\":\"fr-FR\",\"@id\":\"https:\\\/\\\/ahorn-camp.de\\\/product\\\/box-gross\\\/#primaryimage\",\"url\":\"https:\\\/\\\/ahorn-camp.de\\\/wp-content\\\/uploads\\\/2025\\\/04\\\/Lagerbox-min-scaled.jpg\",\"contentUrl\":\"https:\\\/\\\/ahorn-camp.de\\\/wp-content\\\/uploads\\\/2025\\\/04\\\/Lagerbox-min-scaled.jpg\",\"width\":2560,\"height\":2560,\"caption\":\"Aufbewahrungsbox grau faltbar\"},{\"@type\":\"BreadcrumbList\",\"@id\":\"https:\\\/\\\/ahorn-camp.de\\\/product\\\/box-gross\\\/#breadcrumb\",\"itemListElement\":[{\"@type\":\"ListItem\",\"position\":1,\"name\":\"Startseite\",\"item\":\"https:\\\/\\\/ahorn-camp.de\\\/\"},{\"@type\":\"ListItem\",\"position\":2,\"name\":\"Merchandise-Shop\",\"item\":\"https:\\\/\\\/ahorn-camp.de\\\/merchandise-shop\\\/\"},{\"@type\":\"ListItem\",\"position\":3,\"name\":\"Aufbewahrungsbox faltbar gro\u00df grau\"}]},{\"@type\":\"WebSite\",\"@id\":\"https:\\\/\\\/ahorn-camp.de\\\/#website\",\"url\":\"https:\\\/\\\/ahorn-camp.de\\\/\",\"name\":\"Ahorn Camp | Reisemobile und Kastenwagen\",\"description\":\"Seit \u00fcber 30 Jahren vermarktet das Familienunternehmen, Ahorn Camp in Speyer, erfolgreich Wohnmobile und Kastenwagen zum besten Preis-Leistungsverh\u00e4ltnis.\",\"publisher\":{\"@id\":\"https:\\\/\\\/ahorn-camp.de\\\/#organization\"},\"potentialAction\":[{\"@type\":\"SearchAction\",\"target\":{\"@type\":\"EntryPoint\",\"urlTemplate\":\"https:\\\/\\\/ahorn-camp.de\\\/?s={search_term_string}\"},\"query-input\":{\"@type\":\"PropertyValueSpecification\",\"valueRequired\":true,\"valueName\":\"search_term_string\"}}],\"inLanguage\":\"fr-FR\"},{\"@type\":\"Organization\",\"@id\":\"https:\\\/\\\/ahorn-camp.de\\\/#organization\",\"name\":\"Ahorn Camp GmbH & Co. KG\",\"url\":\"https:\\\/\\\/ahorn-camp.de\\\/\",\"logo\":{\"@type\":\"ImageObject\",\"inLanguage\":\"fr-FR\",\"@id\":\"https:\\\/\\\/ahorn-camp.de\\\/#\\\/schema\\\/logo\\\/image\\\/\",\"url\":\"https:\\\/\\\/ahorn-camp.de\\\/wp-content\\\/uploads\\\/2018\\\/12\\\/Ahorn_Logo.jpg\",\"contentUrl\":\"https:\\\/\\\/ahorn-camp.de\\\/wp-content\\\/uploads\\\/2018\\\/12\\\/Ahorn_Logo.jpg\",\"width\":1437,\"height\":1000,\"caption\":\"Ahorn Camp GmbH & Co. KG\"},\"image\":{\"@id\":\"https:\\\/\\\/ahorn-camp.de\\\/#\\\/schema\\\/logo\\\/image\\\/\"},\"sameAs\":[\"https:\\\/\\\/www.facebook.com\\\/ahorn.wohnmobile\\\/\",\"https:\\\/\\\/www.instagram.com\\\/ahorn.camp\\\/\",\"https:\\\/\\\/www.youtube.com\\\/channel\\\/UCPFbPCts1JJ_A1k9vyH0yOQ\"]}]}<\/script>\n<!-- \/ Yoast SEO plugin. -->","yoast_head_json":{"title":"Aufbewahrungsbox faltbar gro\u00df grau - Ahorn Camp | Reisemobile und Kastenwagen","description":"Um alle Dinge ideal zu sortieren und immer im Zugriff zu haben ist die gro\u00dfe Aufbewahrungsbox der perfekte Begleiter jeder Heckgarage!","robots":{"index":"index","follow":"follow","max-snippet":"max-snippet:-1","max-image-preview":"max-image-preview:large","max-video-preview":"max-video-preview:-1"},"canonical":"https:\/\/ahorn-camp.de\/fr\/product\/box-gross\/","og_locale":"fr_FR","og_type":"article","og_title":"Aufbewahrungsbox faltbar gro\u00df grau - Ahorn Camp | Reisemobile und Kastenwagen","og_description":"Um alle Dinge ideal zu sortieren und immer im Zugriff zu haben ist die gro\u00dfe Aufbewahrungsbox der perfekte Begleiter jeder Heckgarage!","og_url":"https:\/\/ahorn-camp.de\/fr\/product\/box-gross\/","og_site_name":"Ahorn Camp | Reisemobile und Kastenwagen","article_publisher":"https:\/\/www.facebook.com\/ahorn.wohnmobile\/","article_modified_time":"2025-04-24T12:21:31+00:00","og_image":[{"width":2560,"height":2560,"url":"https:\/\/ahorn-camp.de\/wp-content\/uploads\/2025\/04\/Lagerbox-min-scaled.jpg","type":"image\/jpeg"}],"twitter_card":"summary_large_image","twitter_misc":{"Dur\u00e9e de lecture estim\u00e9e":"1 minute"},"schema":{"@context":"https:\/\/schema.org","@graph":[{"@type":"WebPage","@id":"https:\/\/ahorn-camp.de\/product\/box-gross\/","url":"https:\/\/ahorn-camp.de\/product\/box-gross\/","name":"Aufbewahrungsbox faltbar gro\u00df grau - Ahorn Camp | Reisemobile und Kastenwagen","isPartOf":{"@id":"https:\/\/ahorn-camp.de\/#website"},"primaryImageOfPage":{"@id":"https:\/\/ahorn-camp.de\/product\/box-gross\/#primaryimage"},"image":{"@id":"https:\/\/ahorn-camp.de\/product\/box-gross\/#primaryimage"},"thumbnailUrl":"https:\/\/ahorn-camp.de\/wp-content\/uploads\/2025\/04\/Lagerbox-min-scaled.jpg","datePublished":"2024-07-11T13:00:30+00:00","dateModified":"2025-04-24T12:21:31+00:00","description":"Um alle Dinge ideal zu sortieren und immer im Zugriff zu haben ist die gro\u00dfe Aufbewahrungsbox der perfekte Begleiter jeder Heckgarage!","breadcrumb":{"@id":"https:\/\/ahorn-camp.de\/product\/box-gross\/#breadcrumb"},"inLanguage":"fr-FR","potentialAction":[{"@type":"ReadAction","target":["https:\/\/ahorn-camp.de\/product\/box-gross\/"]}]},{"@type":"ImageObject","inLanguage":"fr-FR","@id":"https:\/\/ahorn-camp.de\/product\/box-gross\/#primaryimage","url":"https:\/\/ahorn-camp.de\/wp-content\/uploads\/2025\/04\/Lagerbox-min-scaled.jpg","contentUrl":"https:\/\/ahorn-camp.de\/wp-content\/uploads\/2025\/04\/Lagerbox-min-scaled.jpg","width":2560,"height":2560,"caption":"Aufbewahrungsbox grau faltbar"},{"@type":"BreadcrumbList","@id":"https:\/\/ahorn-camp.de\/product\/box-gross\/#breadcrumb","itemListElement":[{"@type":"ListItem","position":1,"name":"Startseite","item":"https:\/\/ahorn-camp.de\/"},{"@type":"ListItem","position":2,"name":"Merchandise-Shop","item":"https:\/\/ahorn-camp.de\/merchandise-shop\/"},{"@type":"ListItem","position":3,"name":"Aufbewahrungsbox faltbar gro\u00df grau"}]},{"@type":"WebSite","@id":"https:\/\/ahorn-camp.de\/#website","url":"https:\/\/ahorn-camp.de\/","name":"Ahorn Camp | Camping-cars et fourgons am\u00e9nag\u00e9s","description":"Depuis plus de 30 ans, l'entreprise familiale, Ahorn Camp \u00e0 Speyer, commercialise avec succ\u00e8s des camping-cars et des fourgons au meilleur rapport qualit\u00e9-prix.","publisher":{"@id":"https:\/\/ahorn-camp.de\/#organization"},"potentialAction":[{"@type":"SearchAction","target":{"@type":"EntryPoint","urlTemplate":"https:\/\/ahorn-camp.de\/?s={search_term_string}"},"query-input":{"@type":"PropertyValueSpecification","valueRequired":true,"valueName":"search_term_string"}}],"inLanguage":"fr-FR"},{"@type":"Organization","@id":"https:\/\/ahorn-camp.de\/#organization","name":"Ahorn Camp GmbH &amp; Co. KG","url":"https:\/\/ahorn-camp.de\/","logo":{"@type":"ImageObject","inLanguage":"fr-FR","@id":"https:\/\/ahorn-camp.de\/#\/schema\/logo\/image\/","url":"https:\/\/ahorn-camp.de\/wp-content\/uploads\/2018\/12\/Ahorn_Logo.jpg","contentUrl":"https:\/\/ahorn-camp.de\/wp-content\/uploads\/2018\/12\/Ahorn_Logo.jpg","width":1437,"height":1000,"caption":"Ahorn Camp GmbH & Co. KG"},"image":{"@id":"https:\/\/ahorn-camp.de\/#\/schema\/logo\/image\/"},"sameAs":["https:\/\/www.facebook.com\/ahorn.wohnmobile\/","https:\/\/www.instagram.com\/ahorn.camp\/","https:\/\/www.youtube.com\/channel\/UCPFbPCts1JJ_A1k9vyH0yOQ"]}]}},"_links":{"self":[{"href":"https:\/\/ahorn-camp.de\/fr\/wp-json\/wp\/v2\/product\/23939","targetHints":{"allow":["GET"]}}],"collection":[{"href":"https:\/\/ahorn-camp.de\/fr\/wp-json\/wp\/v2\/product"}],"about":[{"href":"https:\/\/ahorn-camp.de\/fr\/wp-json\/wp\/v2\/types\/product"}],"wp:featuredmedia":[{"embeddable":true,"href":"https:\/\/ahorn-camp.de\/fr\/wp-json\/wp\/v2\/media\/30593"}],"wp:attachment":[{"href":"https:\/\/ahorn-camp.de\/fr\/wp-json\/wp\/v2\/media?parent=23939"}],"wp:term":[{"taxonomy":"product_brand","embeddable":true,"href":"https:\/\/ahorn-camp.de\/fr\/wp-json\/wp\/v2\/product_brand?post=23939"},{"taxonomy":"product_cat","embeddable":true,"href":"https:\/\/ahorn-camp.de\/fr\/wp-json\/wp\/v2\/product_cat?post=23939"},{"taxonomy":"product_tag","embeddable":true,"href":"https:\/\/ahorn-camp.de\/fr\/wp-json\/wp\/v2\/product_tag?post=23939"}],"curies":[{"name":"wp","href":"https:\/\/api.w.org\/{rel}","templated":true}]}}