{"id":22525,"date":"2024-03-11T15:21:58","date_gmt":"2024-03-11T14:21:58","guid":{"rendered":"https:\/\/ahorn-camp.de\/?post_type=product&#038;p=22525"},"modified":"2024-06-26T16:22:37","modified_gmt":"2024-06-26T14:22:37","slug":"ausgleichsgefaess","status":"publish","type":"product","link":"https:\/\/ahorn-camp.de\/fr\/product\/ausgleichsgefaess\/","title":{"rendered":"vase d'expansion"},"content":{"rendered":"<p>Das Druckausgleichsgef\u00e4\u00df von Fiamma sorgt f\u00fcr einen konstanten Wasserdruck im System und nimmt Druckspitzen der Wasserpumpe auf und minimiert diese. Das hat zur Folge, dass die Wasserpumpe leiser l\u00e4uft und sorgt f\u00fcr einen gleichm\u00e4\u00dfigen Druck am Wasserhahn. Dazu kommt, dass es den Boiler und alle Verbindungen schont, da keine Druckspitzen mehr vorhanden sind.<\/p>\n<p>Der Druck ist variable einstellbar und ist voreingestellt bereits passend f\u00fcr unsere serienm\u00e4\u00dfigen Druckpumpen in den Fahrzeugen.<\/p>","protected":false},"excerpt":{"rendered":"<p>Das Druckausgleichsgef\u00e4\u00df von Fiamma sorgt f\u00fcr einen konstanten Wasserdruck im System und nimmt Druckspitzen der Wasserpumpe auf und minimiert diese. Das hat zur Folge, dass die Wasserpumpe leiser l\u00e4uft und sorgt f\u00fcr einen gleichm\u00e4\u00dfigen Druck am Wasserhahn. Dazu kommt, dass es den Boiler und alle Verbindungen schont, da keine Druckspitzen mehr vorhanden sind.<\/p>\n<p>Der Druck ist variable einstellbar und ist voreingestellt bereits passend f\u00fcr unsere serienm\u00e4\u00dfigen Druckpumpen in den Fahrzeugen.<\/p>","protected":false},"featured_media":22526,"template":"","meta":{"content-type":""},"product_brand":[],"product_cat":[602,610,605,608,604,612],"product_tag":[],"class_list":{"0":"post-22525","1":"product","2":"type-product","3":"status-publish","4":"has-post-thumbnail","6":"product_cat-zubehoer","7":"product_cat-zubehoer-van-city-teil","8":"product_cat-zubehoer-van","9":"product_cat-zubehoer-van-teil","10":"product_cat-zubehoer-womo","11":"product_cat-zubehoer-womo-teil","12":"product_shipping_class-paket","14":"first","15":"instock","16":"taxable","17":"shipping-taxable","18":"purchasable","19":"product-type-simple"},"yoast_head":"<!-- This site is optimized with the Yoast SEO plugin v27.5 - https:\/\/yoast.com\/product\/yoast-seo-wordpress\/ -->\n<title>Druckausgleichsgef\u00e4\u00df - Ahorn Camp | Reisemobile und Kastenwagen<\/title>\n<meta name=\"description\" content=\"Entdecken Sie das Druckausgleichsgef\u00e4\u00df f\u00fcr Vans und Wohnmobile, was f\u00fcr einen gleichm\u00e4\u00dfigen Druck und leisere Pumpe sorgt!\" \/>\n<meta name=\"robots\" content=\"index, follow, max-snippet:-1, max-image-preview:large, max-video-preview:-1\" \/>\n<link rel=\"canonical\" href=\"https:\/\/ahorn-camp.de\/fr\/product\/ausgleichsgefaess\/\" \/>\n<meta property=\"og:locale\" content=\"fr_FR\" \/>\n<meta property=\"og:type\" content=\"article\" \/>\n<meta property=\"og:title\" content=\"Druckausgleichsgef\u00e4\u00df - Ahorn Camp | Reisemobile und Kastenwagen\" \/>\n<meta property=\"og:description\" content=\"Entdecken Sie das Druckausgleichsgef\u00e4\u00df f\u00fcr Vans und Wohnmobile, was f\u00fcr einen gleichm\u00e4\u00dfigen Druck und leisere Pumpe sorgt!\" \/>\n<meta property=\"og:url\" content=\"https:\/\/ahorn-camp.de\/fr\/product\/ausgleichsgefaess\/\" \/>\n<meta property=\"og:site_name\" content=\"Ahorn Camp | Reisemobile und Kastenwagen\" \/>\n<meta property=\"article:publisher\" content=\"https:\/\/www.facebook.com\/ahorn.wohnmobile\/\" \/>\n<meta property=\"article:modified_time\" content=\"2024-06-26T14:22:37+00:00\" \/>\n<meta property=\"og:image\" content=\"https:\/\/ahorn-camp.de\/wp-content\/uploads\/2024\/03\/Druckausgleichsbehaelter.jpg\" \/>\n\t<meta property=\"og:image:width\" content=\"1000\" \/>\n\t<meta property=\"og:image:height\" content=\"1000\" \/>\n\t<meta property=\"og:image:type\" content=\"image\/jpeg\" \/>\n<meta name=\"twitter:card\" content=\"summary_large_image\" \/>\n<meta name=\"twitter:label1\" content=\"Dur\u00e9e de lecture estim\u00e9e\" \/>\n\t<meta name=\"twitter:data1\" content=\"1 minute\" \/>\n<script type=\"application\/ld+json\" class=\"yoast-schema-graph\">{\"@context\":\"https:\\\/\\\/schema.org\",\"@graph\":[{\"@type\":\"WebPage\",\"@id\":\"https:\\\/\\\/ahorn-camp.de\\\/product\\\/ausgleichsgefaess\\\/\",\"url\":\"https:\\\/\\\/ahorn-camp.de\\\/product\\\/ausgleichsgefaess\\\/\",\"name\":\"Druckausgleichsgef\u00e4\u00df - Ahorn Camp | Reisemobile und Kastenwagen\",\"isPartOf\":{\"@id\":\"https:\\\/\\\/ahorn-camp.de\\\/#website\"},\"primaryImageOfPage\":{\"@id\":\"https:\\\/\\\/ahorn-camp.de\\\/product\\\/ausgleichsgefaess\\\/#primaryimage\"},\"image\":{\"@id\":\"https:\\\/\\\/ahorn-camp.de\\\/product\\\/ausgleichsgefaess\\\/#primaryimage\"},\"thumbnailUrl\":\"https:\\\/\\\/ahorn-camp.de\\\/wp-content\\\/uploads\\\/2024\\\/03\\\/Druckausgleichsbehaelter.jpg\",\"datePublished\":\"2024-03-11T14:21:58+00:00\",\"dateModified\":\"2024-06-26T14:22:37+00:00\",\"description\":\"Entdecken Sie das Druckausgleichsgef\u00e4\u00df f\u00fcr Vans und Wohnmobile, was f\u00fcr einen gleichm\u00e4\u00dfigen Druck und leisere Pumpe sorgt!\",\"breadcrumb\":{\"@id\":\"https:\\\/\\\/ahorn-camp.de\\\/product\\\/ausgleichsgefaess\\\/#breadcrumb\"},\"inLanguage\":\"fr-FR\",\"potentialAction\":[{\"@type\":\"ReadAction\",\"target\":[\"https:\\\/\\\/ahorn-camp.de\\\/product\\\/ausgleichsgefaess\\\/\"]}]},{\"@type\":\"ImageObject\",\"inLanguage\":\"fr-FR\",\"@id\":\"https:\\\/\\\/ahorn-camp.de\\\/product\\\/ausgleichsgefaess\\\/#primaryimage\",\"url\":\"https:\\\/\\\/ahorn-camp.de\\\/wp-content\\\/uploads\\\/2024\\\/03\\\/Druckausgleichsbehaelter.jpg\",\"contentUrl\":\"https:\\\/\\\/ahorn-camp.de\\\/wp-content\\\/uploads\\\/2024\\\/03\\\/Druckausgleichsbehaelter.jpg\",\"width\":1000,\"height\":1000,\"caption\":\"Druckausgleichsbeh\u00e4lter blau von Fiamma\"},{\"@type\":\"BreadcrumbList\",\"@id\":\"https:\\\/\\\/ahorn-camp.de\\\/product\\\/ausgleichsgefaess\\\/#breadcrumb\",\"itemListElement\":[{\"@type\":\"ListItem\",\"position\":1,\"name\":\"Startseite\",\"item\":\"https:\\\/\\\/ahorn-camp.de\\\/\"},{\"@type\":\"ListItem\",\"position\":2,\"name\":\"Merchandise-Shop\",\"item\":\"https:\\\/\\\/ahorn-camp.de\\\/merchandise-shop\\\/\"},{\"@type\":\"ListItem\",\"position\":3,\"name\":\"Druckausgleichsgef\u00e4\u00df\"}]},{\"@type\":\"WebSite\",\"@id\":\"https:\\\/\\\/ahorn-camp.de\\\/#website\",\"url\":\"https:\\\/\\\/ahorn-camp.de\\\/\",\"name\":\"Ahorn Camp | Reisemobile und Kastenwagen\",\"description\":\"Seit \u00fcber 30 Jahren vermarktet das Familienunternehmen, Ahorn Camp in Speyer, erfolgreich Wohnmobile und Kastenwagen zum besten Preis-Leistungsverh\u00e4ltnis.\",\"publisher\":{\"@id\":\"https:\\\/\\\/ahorn-camp.de\\\/#organization\"},\"potentialAction\":[{\"@type\":\"SearchAction\",\"target\":{\"@type\":\"EntryPoint\",\"urlTemplate\":\"https:\\\/\\\/ahorn-camp.de\\\/?s={search_term_string}\"},\"query-input\":{\"@type\":\"PropertyValueSpecification\",\"valueRequired\":true,\"valueName\":\"search_term_string\"}}],\"inLanguage\":\"fr-FR\"},{\"@type\":\"Organization\",\"@id\":\"https:\\\/\\\/ahorn-camp.de\\\/#organization\",\"name\":\"Ahorn Camp GmbH & Co. KG\",\"url\":\"https:\\\/\\\/ahorn-camp.de\\\/\",\"logo\":{\"@type\":\"ImageObject\",\"inLanguage\":\"fr-FR\",\"@id\":\"https:\\\/\\\/ahorn-camp.de\\\/#\\\/schema\\\/logo\\\/image\\\/\",\"url\":\"https:\\\/\\\/ahorn-camp.de\\\/wp-content\\\/uploads\\\/2018\\\/12\\\/Ahorn_Logo.jpg\",\"contentUrl\":\"https:\\\/\\\/ahorn-camp.de\\\/wp-content\\\/uploads\\\/2018\\\/12\\\/Ahorn_Logo.jpg\",\"width\":1437,\"height\":1000,\"caption\":\"Ahorn Camp GmbH & Co. KG\"},\"image\":{\"@id\":\"https:\\\/\\\/ahorn-camp.de\\\/#\\\/schema\\\/logo\\\/image\\\/\"},\"sameAs\":[\"https:\\\/\\\/www.facebook.com\\\/ahorn.wohnmobile\\\/\",\"https:\\\/\\\/www.instagram.com\\\/ahorn.camp\\\/\",\"https:\\\/\\\/www.youtube.com\\\/channel\\\/UCPFbPCts1JJ_A1k9vyH0yOQ\"]}]}<\/script>\n<!-- \/ Yoast SEO plugin. -->","yoast_head_json":{"title":"Druckausgleichsgef\u00e4\u00df - Ahorn Camp | Reisemobile und Kastenwagen","description":"Entdecken Sie das Druckausgleichsgef\u00e4\u00df f\u00fcr Vans und Wohnmobile, was f\u00fcr einen gleichm\u00e4\u00dfigen Druck und leisere Pumpe sorgt!","robots":{"index":"index","follow":"follow","max-snippet":"max-snippet:-1","max-image-preview":"max-image-preview:large","max-video-preview":"max-video-preview:-1"},"canonical":"https:\/\/ahorn-camp.de\/fr\/product\/ausgleichsgefaess\/","og_locale":"fr_FR","og_type":"article","og_title":"Druckausgleichsgef\u00e4\u00df - Ahorn Camp | Reisemobile und Kastenwagen","og_description":"Entdecken Sie das Druckausgleichsgef\u00e4\u00df f\u00fcr Vans und Wohnmobile, was f\u00fcr einen gleichm\u00e4\u00dfigen Druck und leisere Pumpe sorgt!","og_url":"https:\/\/ahorn-camp.de\/fr\/product\/ausgleichsgefaess\/","og_site_name":"Ahorn Camp | Reisemobile und Kastenwagen","article_publisher":"https:\/\/www.facebook.com\/ahorn.wohnmobile\/","article_modified_time":"2024-06-26T14:22:37+00:00","og_image":[{"width":1000,"height":1000,"url":"https:\/\/ahorn-camp.de\/wp-content\/uploads\/2024\/03\/Druckausgleichsbehaelter.jpg","type":"image\/jpeg"}],"twitter_card":"summary_large_image","twitter_misc":{"Dur\u00e9e de lecture estim\u00e9e":"1 minute"},"schema":{"@context":"https:\/\/schema.org","@graph":[{"@type":"WebPage","@id":"https:\/\/ahorn-camp.de\/product\/ausgleichsgefaess\/","url":"https:\/\/ahorn-camp.de\/product\/ausgleichsgefaess\/","name":"Druckausgleichsgef\u00e4\u00df - Ahorn Camp | Reisemobile und Kastenwagen","isPartOf":{"@id":"https:\/\/ahorn-camp.de\/#website"},"primaryImageOfPage":{"@id":"https:\/\/ahorn-camp.de\/product\/ausgleichsgefaess\/#primaryimage"},"image":{"@id":"https:\/\/ahorn-camp.de\/product\/ausgleichsgefaess\/#primaryimage"},"thumbnailUrl":"https:\/\/ahorn-camp.de\/wp-content\/uploads\/2024\/03\/Druckausgleichsbehaelter.jpg","datePublished":"2024-03-11T14:21:58+00:00","dateModified":"2024-06-26T14:22:37+00:00","description":"Entdecken Sie das Druckausgleichsgef\u00e4\u00df f\u00fcr Vans und Wohnmobile, was f\u00fcr einen gleichm\u00e4\u00dfigen Druck und leisere Pumpe sorgt!","breadcrumb":{"@id":"https:\/\/ahorn-camp.de\/product\/ausgleichsgefaess\/#breadcrumb"},"inLanguage":"fr-FR","potentialAction":[{"@type":"ReadAction","target":["https:\/\/ahorn-camp.de\/product\/ausgleichsgefaess\/"]}]},{"@type":"ImageObject","inLanguage":"fr-FR","@id":"https:\/\/ahorn-camp.de\/product\/ausgleichsgefaess\/#primaryimage","url":"https:\/\/ahorn-camp.de\/wp-content\/uploads\/2024\/03\/Druckausgleichsbehaelter.jpg","contentUrl":"https:\/\/ahorn-camp.de\/wp-content\/uploads\/2024\/03\/Druckausgleichsbehaelter.jpg","width":1000,"height":1000,"caption":"Druckausgleichsbeh\u00e4lter blau von Fiamma"},{"@type":"BreadcrumbList","@id":"https:\/\/ahorn-camp.de\/product\/ausgleichsgefaess\/#breadcrumb","itemListElement":[{"@type":"ListItem","position":1,"name":"Startseite","item":"https:\/\/ahorn-camp.de\/"},{"@type":"ListItem","position":2,"name":"Merchandise-Shop","item":"https:\/\/ahorn-camp.de\/merchandise-shop\/"},{"@type":"ListItem","position":3,"name":"Druckausgleichsgef\u00e4\u00df"}]},{"@type":"WebSite","@id":"https:\/\/ahorn-camp.de\/#website","url":"https:\/\/ahorn-camp.de\/","name":"Ahorn Camp | Camping-cars et fourgons am\u00e9nag\u00e9s","description":"Depuis plus de 30 ans, l'entreprise familiale, Ahorn Camp \u00e0 Speyer, commercialise avec succ\u00e8s des camping-cars et des fourgons au meilleur rapport qualit\u00e9-prix.","publisher":{"@id":"https:\/\/ahorn-camp.de\/#organization"},"potentialAction":[{"@type":"SearchAction","target":{"@type":"EntryPoint","urlTemplate":"https:\/\/ahorn-camp.de\/?s={search_term_string}"},"query-input":{"@type":"PropertyValueSpecification","valueRequired":true,"valueName":"search_term_string"}}],"inLanguage":"fr-FR"},{"@type":"Organization","@id":"https:\/\/ahorn-camp.de\/#organization","name":"Ahorn Camp GmbH &amp; Co. KG","url":"https:\/\/ahorn-camp.de\/","logo":{"@type":"ImageObject","inLanguage":"fr-FR","@id":"https:\/\/ahorn-camp.de\/#\/schema\/logo\/image\/","url":"https:\/\/ahorn-camp.de\/wp-content\/uploads\/2018\/12\/Ahorn_Logo.jpg","contentUrl":"https:\/\/ahorn-camp.de\/wp-content\/uploads\/2018\/12\/Ahorn_Logo.jpg","width":1437,"height":1000,"caption":"Ahorn Camp GmbH & Co. KG"},"image":{"@id":"https:\/\/ahorn-camp.de\/#\/schema\/logo\/image\/"},"sameAs":["https:\/\/www.facebook.com\/ahorn.wohnmobile\/","https:\/\/www.instagram.com\/ahorn.camp\/","https:\/\/www.youtube.com\/channel\/UCPFbPCts1JJ_A1k9vyH0yOQ"]}]}},"_links":{"self":[{"href":"https:\/\/ahorn-camp.de\/fr\/wp-json\/wp\/v2\/product\/22525","targetHints":{"allow":["GET"]}}],"collection":[{"href":"https:\/\/ahorn-camp.de\/fr\/wp-json\/wp\/v2\/product"}],"about":[{"href":"https:\/\/ahorn-camp.de\/fr\/wp-json\/wp\/v2\/types\/product"}],"wp:featuredmedia":[{"embeddable":true,"href":"https:\/\/ahorn-camp.de\/fr\/wp-json\/wp\/v2\/media\/22526"}],"wp:attachment":[{"href":"https:\/\/ahorn-camp.de\/fr\/wp-json\/wp\/v2\/media?parent=22525"}],"wp:term":[{"taxonomy":"product_brand","embeddable":true,"href":"https:\/\/ahorn-camp.de\/fr\/wp-json\/wp\/v2\/product_brand?post=22525"},{"taxonomy":"product_cat","embeddable":true,"href":"https:\/\/ahorn-camp.de\/fr\/wp-json\/wp\/v2\/product_cat?post=22525"},{"taxonomy":"product_tag","embeddable":true,"href":"https:\/\/ahorn-camp.de\/fr\/wp-json\/wp\/v2\/product_tag?post=22525"}],"curies":[{"name":"wp","href":"https:\/\/api.w.org\/{rel}","templated":true}]}}