{"id":22405,"date":"2024-03-01T16:01:33","date_gmt":"2024-03-01T15:01:33","guid":{"rendered":"https:\/\/ahorn-camp.de\/?post_type=product&#038;p=22405"},"modified":"2024-03-11T12:34:17","modified_gmt":"2024-03-11T11:34:17","slug":"elektrische-trittstufe-vans","status":"publish","type":"product","link":"https:\/\/ahorn-camp.de\/fr\/product\/elektrische-trittstufe-vans\/","title":{"rendered":"Marchepied \u00e9lectrique pour camping-cars"},"content":{"rendered":"<p>Die elektrische Trittstufe von Lippert (ehemals Projekt 2000) f\u00fcr Vans ist 70 cm breit und besteht zu 80% aus Kunststoffteilen und zu 20% aus Stahl und Aluminium. Dieses innovative System vereint diese drei Materialien und ist das Ergebnis eines umfangreichen Entwicklungs- und Testprozesses, um ein Produkt mit hoher Qualit\u00e4t, Haltbarkeit, Korrosionsbest\u00e4ndigkeit und extrem geringem Gewicht zu schaffen.<\/p>\n<p>Es verf\u00fcgt \u00fcber einen Hochleistungsmotor mit Thermoschutzschalter, um \u00dcberlastungen zu vermeiden. Die speziellen patentierten F\u00fchrungen erm\u00f6glichen eine reibungslose Bewegung, auch nach langer Nutzung. Die kompakte Bauweise und das patentierte manuelle Notfallsystem gew\u00e4hrleisten eine zuverl\u00e4ssige Funktionalit\u00e4t in verschiedenen Situationen.<\/p>\n<p>Zus\u00e4tzlich ist ein wasserdichter Sensor vorhanden, der bei einer &#8222;offenen Stufe&#8220; alarmiert. Das Trittbrett besteht aus Aluminium mit rutschfestem Gummi und hat keine Bereiche, in denen Wasser stehen bleiben kann. Das Produkt wird mit elektrischen Kabeln geliefer.<\/p>","protected":false},"excerpt":{"rendered":"<p>Die elektrische Trittstufe von Lippert (ehemals Projekt 2000) f\u00fcr Vans ist 70 cm breit und besteht zu 80% aus Kunststoffteilen und zu 20% aus Stahl und Aluminium. Dieses innovative System vereint diese drei Materialien und ist das Ergebnis eines umfangreichen Entwicklungs- und Testprozesses, um ein Produkt mit hoher Qualit\u00e4t, Haltbarkeit, Korrosionsbest\u00e4ndigkeit und extrem geringem Gewicht zu schaffen.<\/p>\n<p>Es verf\u00fcgt \u00fcber einen Hochleistungsmotor mit Thermoschutzschalter, um \u00dcberlastungen zu vermeiden. Die speziellen patentierten F\u00fchrungen erm\u00f6glichen eine reibungslose Bewegung, auch nach langer Nutzung. Die kompakte Bauweise und das patentierte manuelle Notfallsystem gew\u00e4hrleisten eine zuverl\u00e4ssige Funktionalit\u00e4t in verschiedenen Situationen.<\/p>\n<p>Zus\u00e4tzlich ist ein wasserdichter Sensor vorhanden, der bei einer &#8222;offenen Stufe&#8220; alarmiert. Das Trittbrett besteht aus Aluminium mit rutschfestem Gummi und hat keine Bereiche, in denen Wasser stehen bleiben kann. Das Produkt wird mit elektrischen Kabeln geliefer.<\/p>","protected":false},"featured_media":22480,"template":"","meta":{"content-type":""},"product_brand":[],"product_cat":[602,605,608],"product_tag":[],"class_list":{"0":"post-22405","1":"product","2":"type-product","3":"status-publish","4":"has-post-thumbnail","6":"product_cat-zubehoer","7":"product_cat-zubehoer-van","8":"product_cat-zubehoer-van-teil","9":"product_shipping_class-paket","11":"first","12":"instock","13":"taxable","14":"shipping-taxable","15":"purchasable","16":"product-type-simple"},"yoast_head":"<!-- This site is optimized with the Yoast SEO plugin v27.4 - https:\/\/yoast.com\/product\/yoast-seo-wordpress\/ -->\n<title>Elektrische Trittstufe f\u00fcr Vans - Ahorn Camp | Reisemobile und Kastenwagen<\/title>\n<meta name=\"description\" content=\"Finden Sie die elektrische Trittstufe f\u00fcr unsere Vans mit 70 cm Trittbreite. Jetzt online direkt von Ahorn im Shop kaufen!\" \/>\n<meta name=\"robots\" content=\"index, follow, max-snippet:-1, max-image-preview:large, max-video-preview:-1\" \/>\n<link rel=\"canonical\" href=\"https:\/\/ahorn-camp.de\/fr\/product\/elektrische-trittstufe-vans\/\" \/>\n<meta property=\"og:locale\" content=\"fr_FR\" \/>\n<meta property=\"og:type\" content=\"article\" \/>\n<meta property=\"og:title\" content=\"Elektrische Trittstufe f\u00fcr Vans - Ahorn Camp | Reisemobile und Kastenwagen\" \/>\n<meta property=\"og:description\" content=\"Finden Sie die elektrische Trittstufe f\u00fcr unsere Vans mit 70 cm Trittbreite. Jetzt online direkt von Ahorn im Shop kaufen!\" \/>\n<meta property=\"og:url\" content=\"https:\/\/ahorn-camp.de\/fr\/product\/elektrische-trittstufe-vans\/\" \/>\n<meta property=\"og:site_name\" content=\"Ahorn Camp | Reisemobile und Kastenwagen\" \/>\n<meta property=\"article:publisher\" content=\"https:\/\/www.facebook.com\/ahorn.wohnmobile\/\" \/>\n<meta property=\"article:modified_time\" content=\"2024-03-11T11:34:17+00:00\" \/>\n<meta property=\"og:image\" content=\"https:\/\/ahorn-camp.de\/wp-content\/uploads\/2024\/03\/Trittstufe-Van.jpg\" \/>\n\t<meta property=\"og:image:width\" content=\"1000\" \/>\n\t<meta property=\"og:image:height\" content=\"1000\" \/>\n\t<meta property=\"og:image:type\" content=\"image\/jpeg\" \/>\n<meta name=\"twitter:card\" content=\"summary_large_image\" \/>\n<meta name=\"twitter:label1\" content=\"Dur\u00e9e de lecture estim\u00e9e\" \/>\n\t<meta name=\"twitter:data1\" content=\"1 minute\" \/>\n<script type=\"application\/ld+json\" class=\"yoast-schema-graph\">{\"@context\":\"https:\\\/\\\/schema.org\",\"@graph\":[{\"@type\":\"WebPage\",\"@id\":\"https:\\\/\\\/ahorn-camp.de\\\/product\\\/elektrische-trittstufe-vans\\\/\",\"url\":\"https:\\\/\\\/ahorn-camp.de\\\/product\\\/elektrische-trittstufe-vans\\\/\",\"name\":\"Elektrische Trittstufe f\u00fcr Vans - Ahorn Camp | Reisemobile und Kastenwagen\",\"isPartOf\":{\"@id\":\"https:\\\/\\\/ahorn-camp.de\\\/#website\"},\"primaryImageOfPage\":{\"@id\":\"https:\\\/\\\/ahorn-camp.de\\\/product\\\/elektrische-trittstufe-vans\\\/#primaryimage\"},\"image\":{\"@id\":\"https:\\\/\\\/ahorn-camp.de\\\/product\\\/elektrische-trittstufe-vans\\\/#primaryimage\"},\"thumbnailUrl\":\"https:\\\/\\\/ahorn-camp.de\\\/wp-content\\\/uploads\\\/2024\\\/03\\\/Trittstufe-Van.jpg\",\"datePublished\":\"2024-03-01T15:01:33+00:00\",\"dateModified\":\"2024-03-11T11:34:17+00:00\",\"description\":\"Finden Sie die elektrische Trittstufe f\u00fcr unsere Vans mit 70 cm Trittbreite. Jetzt online direkt von Ahorn im Shop kaufen!\",\"breadcrumb\":{\"@id\":\"https:\\\/\\\/ahorn-camp.de\\\/product\\\/elektrische-trittstufe-vans\\\/#breadcrumb\"},\"inLanguage\":\"fr-FR\",\"potentialAction\":[{\"@type\":\"ReadAction\",\"target\":[\"https:\\\/\\\/ahorn-camp.de\\\/product\\\/elektrische-trittstufe-vans\\\/\"]}]},{\"@type\":\"ImageObject\",\"inLanguage\":\"fr-FR\",\"@id\":\"https:\\\/\\\/ahorn-camp.de\\\/product\\\/elektrische-trittstufe-vans\\\/#primaryimage\",\"url\":\"https:\\\/\\\/ahorn-camp.de\\\/wp-content\\\/uploads\\\/2024\\\/03\\\/Trittstufe-Van.jpg\",\"contentUrl\":\"https:\\\/\\\/ahorn-camp.de\\\/wp-content\\\/uploads\\\/2024\\\/03\\\/Trittstufe-Van.jpg\",\"width\":1000,\"height\":1000,\"caption\":\"Trittstufe f\u00fcr unsere Vans\"},{\"@type\":\"BreadcrumbList\",\"@id\":\"https:\\\/\\\/ahorn-camp.de\\\/product\\\/elektrische-trittstufe-vans\\\/#breadcrumb\",\"itemListElement\":[{\"@type\":\"ListItem\",\"position\":1,\"name\":\"Startseite\",\"item\":\"https:\\\/\\\/ahorn-camp.de\\\/\"},{\"@type\":\"ListItem\",\"position\":2,\"name\":\"Merchandise-Shop\",\"item\":\"https:\\\/\\\/ahorn-camp.de\\\/merchandise-shop\\\/\"},{\"@type\":\"ListItem\",\"position\":3,\"name\":\"Elektrische Trittstufe f\u00fcr Vans\"}]},{\"@type\":\"WebSite\",\"@id\":\"https:\\\/\\\/ahorn-camp.de\\\/#website\",\"url\":\"https:\\\/\\\/ahorn-camp.de\\\/\",\"name\":\"Ahorn Camp | Reisemobile und Kastenwagen\",\"description\":\"Seit \u00fcber 30 Jahren vermarktet das Familienunternehmen, Ahorn Camp in Speyer, erfolgreich Wohnmobile und Kastenwagen zum besten Preis-Leistungsverh\u00e4ltnis.\",\"publisher\":{\"@id\":\"https:\\\/\\\/ahorn-camp.de\\\/#organization\"},\"potentialAction\":[{\"@type\":\"SearchAction\",\"target\":{\"@type\":\"EntryPoint\",\"urlTemplate\":\"https:\\\/\\\/ahorn-camp.de\\\/?s={search_term_string}\"},\"query-input\":{\"@type\":\"PropertyValueSpecification\",\"valueRequired\":true,\"valueName\":\"search_term_string\"}}],\"inLanguage\":\"fr-FR\"},{\"@type\":\"Organization\",\"@id\":\"https:\\\/\\\/ahorn-camp.de\\\/#organization\",\"name\":\"Ahorn Camp GmbH & Co. KG\",\"url\":\"https:\\\/\\\/ahorn-camp.de\\\/\",\"logo\":{\"@type\":\"ImageObject\",\"inLanguage\":\"fr-FR\",\"@id\":\"https:\\\/\\\/ahorn-camp.de\\\/#\\\/schema\\\/logo\\\/image\\\/\",\"url\":\"https:\\\/\\\/ahorn-camp.de\\\/wp-content\\\/uploads\\\/2018\\\/12\\\/Ahorn_Logo.jpg\",\"contentUrl\":\"https:\\\/\\\/ahorn-camp.de\\\/wp-content\\\/uploads\\\/2018\\\/12\\\/Ahorn_Logo.jpg\",\"width\":1437,\"height\":1000,\"caption\":\"Ahorn Camp GmbH & Co. KG\"},\"image\":{\"@id\":\"https:\\\/\\\/ahorn-camp.de\\\/#\\\/schema\\\/logo\\\/image\\\/\"},\"sameAs\":[\"https:\\\/\\\/www.facebook.com\\\/ahorn.wohnmobile\\\/\",\"https:\\\/\\\/www.instagram.com\\\/ahorn.camp\\\/\",\"https:\\\/\\\/www.youtube.com\\\/channel\\\/UCPFbPCts1JJ_A1k9vyH0yOQ\"]}]}<\/script>\n<!-- \/ Yoast SEO plugin. -->","yoast_head_json":{"title":"Elektrische Trittstufe f\u00fcr Vans - Ahorn Camp | Reisemobile und Kastenwagen","description":"Finden Sie die elektrische Trittstufe f\u00fcr unsere Vans mit 70 cm Trittbreite. Jetzt online direkt von Ahorn im Shop kaufen!","robots":{"index":"index","follow":"follow","max-snippet":"max-snippet:-1","max-image-preview":"max-image-preview:large","max-video-preview":"max-video-preview:-1"},"canonical":"https:\/\/ahorn-camp.de\/fr\/product\/elektrische-trittstufe-vans\/","og_locale":"fr_FR","og_type":"article","og_title":"Elektrische Trittstufe f\u00fcr Vans - Ahorn Camp | Reisemobile und Kastenwagen","og_description":"Finden Sie die elektrische Trittstufe f\u00fcr unsere Vans mit 70 cm Trittbreite. Jetzt online direkt von Ahorn im Shop kaufen!","og_url":"https:\/\/ahorn-camp.de\/fr\/product\/elektrische-trittstufe-vans\/","og_site_name":"Ahorn Camp | Reisemobile und Kastenwagen","article_publisher":"https:\/\/www.facebook.com\/ahorn.wohnmobile\/","article_modified_time":"2024-03-11T11:34:17+00:00","og_image":[{"width":1000,"height":1000,"url":"https:\/\/ahorn-camp.de\/wp-content\/uploads\/2024\/03\/Trittstufe-Van.jpg","type":"image\/jpeg"}],"twitter_card":"summary_large_image","twitter_misc":{"Dur\u00e9e de lecture estim\u00e9e":"1 minute"},"schema":{"@context":"https:\/\/schema.org","@graph":[{"@type":"WebPage","@id":"https:\/\/ahorn-camp.de\/product\/elektrische-trittstufe-vans\/","url":"https:\/\/ahorn-camp.de\/product\/elektrische-trittstufe-vans\/","name":"Elektrische Trittstufe f\u00fcr Vans - Ahorn Camp | Reisemobile und Kastenwagen","isPartOf":{"@id":"https:\/\/ahorn-camp.de\/#website"},"primaryImageOfPage":{"@id":"https:\/\/ahorn-camp.de\/product\/elektrische-trittstufe-vans\/#primaryimage"},"image":{"@id":"https:\/\/ahorn-camp.de\/product\/elektrische-trittstufe-vans\/#primaryimage"},"thumbnailUrl":"https:\/\/ahorn-camp.de\/wp-content\/uploads\/2024\/03\/Trittstufe-Van.jpg","datePublished":"2024-03-01T15:01:33+00:00","dateModified":"2024-03-11T11:34:17+00:00","description":"Finden Sie die elektrische Trittstufe f\u00fcr unsere Vans mit 70 cm Trittbreite. Jetzt online direkt von Ahorn im Shop kaufen!","breadcrumb":{"@id":"https:\/\/ahorn-camp.de\/product\/elektrische-trittstufe-vans\/#breadcrumb"},"inLanguage":"fr-FR","potentialAction":[{"@type":"ReadAction","target":["https:\/\/ahorn-camp.de\/product\/elektrische-trittstufe-vans\/"]}]},{"@type":"ImageObject","inLanguage":"fr-FR","@id":"https:\/\/ahorn-camp.de\/product\/elektrische-trittstufe-vans\/#primaryimage","url":"https:\/\/ahorn-camp.de\/wp-content\/uploads\/2024\/03\/Trittstufe-Van.jpg","contentUrl":"https:\/\/ahorn-camp.de\/wp-content\/uploads\/2024\/03\/Trittstufe-Van.jpg","width":1000,"height":1000,"caption":"Trittstufe f\u00fcr unsere Vans"},{"@type":"BreadcrumbList","@id":"https:\/\/ahorn-camp.de\/product\/elektrische-trittstufe-vans\/#breadcrumb","itemListElement":[{"@type":"ListItem","position":1,"name":"Startseite","item":"https:\/\/ahorn-camp.de\/"},{"@type":"ListItem","position":2,"name":"Merchandise-Shop","item":"https:\/\/ahorn-camp.de\/merchandise-shop\/"},{"@type":"ListItem","position":3,"name":"Elektrische Trittstufe f\u00fcr Vans"}]},{"@type":"WebSite","@id":"https:\/\/ahorn-camp.de\/#website","url":"https:\/\/ahorn-camp.de\/","name":"Ahorn Camp | Camping-cars et fourgons am\u00e9nag\u00e9s","description":"Depuis plus de 30 ans, l'entreprise familiale, Ahorn Camp \u00e0 Speyer, commercialise avec succ\u00e8s des camping-cars et des fourgons au meilleur rapport qualit\u00e9-prix.","publisher":{"@id":"https:\/\/ahorn-camp.de\/#organization"},"potentialAction":[{"@type":"SearchAction","target":{"@type":"EntryPoint","urlTemplate":"https:\/\/ahorn-camp.de\/?s={search_term_string}"},"query-input":{"@type":"PropertyValueSpecification","valueRequired":true,"valueName":"search_term_string"}}],"inLanguage":"fr-FR"},{"@type":"Organization","@id":"https:\/\/ahorn-camp.de\/#organization","name":"Ahorn Camp GmbH &amp; Co. KG","url":"https:\/\/ahorn-camp.de\/","logo":{"@type":"ImageObject","inLanguage":"fr-FR","@id":"https:\/\/ahorn-camp.de\/#\/schema\/logo\/image\/","url":"https:\/\/ahorn-camp.de\/wp-content\/uploads\/2018\/12\/Ahorn_Logo.jpg","contentUrl":"https:\/\/ahorn-camp.de\/wp-content\/uploads\/2018\/12\/Ahorn_Logo.jpg","width":1437,"height":1000,"caption":"Ahorn Camp GmbH & Co. KG"},"image":{"@id":"https:\/\/ahorn-camp.de\/#\/schema\/logo\/image\/"},"sameAs":["https:\/\/www.facebook.com\/ahorn.wohnmobile\/","https:\/\/www.instagram.com\/ahorn.camp\/","https:\/\/www.youtube.com\/channel\/UCPFbPCts1JJ_A1k9vyH0yOQ"]}]}},"_links":{"self":[{"href":"https:\/\/ahorn-camp.de\/fr\/wp-json\/wp\/v2\/product\/22405","targetHints":{"allow":["GET"]}}],"collection":[{"href":"https:\/\/ahorn-camp.de\/fr\/wp-json\/wp\/v2\/product"}],"about":[{"href":"https:\/\/ahorn-camp.de\/fr\/wp-json\/wp\/v2\/types\/product"}],"wp:featuredmedia":[{"embeddable":true,"href":"https:\/\/ahorn-camp.de\/fr\/wp-json\/wp\/v2\/media\/22480"}],"wp:attachment":[{"href":"https:\/\/ahorn-camp.de\/fr\/wp-json\/wp\/v2\/media?parent=22405"}],"wp:term":[{"taxonomy":"product_brand","embeddable":true,"href":"https:\/\/ahorn-camp.de\/fr\/wp-json\/wp\/v2\/product_brand?post=22405"},{"taxonomy":"product_cat","embeddable":true,"href":"https:\/\/ahorn-camp.de\/fr\/wp-json\/wp\/v2\/product_cat?post=22405"},{"taxonomy":"product_tag","embeddable":true,"href":"https:\/\/ahorn-camp.de\/fr\/wp-json\/wp\/v2\/product_tag?post=22405"}],"curies":[{"name":"wp","href":"https:\/\/api.w.org\/{rel}","templated":true}]}}