{"id":22361,"date":"2024-02-27T16:51:17","date_gmt":"2024-02-27T15:51:17","guid":{"rendered":"https:\/\/ahorn-camp.de\/?post_type=product&#038;p=22361"},"modified":"2024-04-03T16:17:00","modified_gmt":"2024-04-03T14:17:00","slug":"tuyau-de-gaz","status":"publish","type":"product","link":"https:\/\/ahorn-camp.de\/fr\/product\/gasschlauch\/","title":{"rendered":"Tuyau de gaz"},"content":{"rendered":"<p>Tuyau de gaz pour camping-cars \u2013 S\u00e9curit\u00e9 de haute qualit\u00e9 pour votre alimentation en gaz<\/p>\n<p>Notre tuyau de gaz pour camping-cars est votre connexion fiable entre le r\u00e9servoir de gaz et les appareils \u00e0 gaz. Con\u00e7u selon les normes de s\u00e9curit\u00e9 les plus \u00e9lev\u00e9es et fabriqu\u00e9 \u00e0 partir de mat\u00e9riaux robustes, il vous offre une alimentation en gaz s\u00fbre et stable, afin que vous puissiez profiter de vos voyages l'esprit tranquille.<\/p>\n<p>Propri\u00e9t\u00e9s<\/p>\n<ul>\n<li>Construction fiable : Fabriqu\u00e9 \u00e0 partir de mat\u00e9riaux de haute qualit\u00e9 et d'une construction robuste pour une longue dur\u00e9e d'utilisation (utilisable pendant 10 ans maximum).<\/li>\n<li>Connexion s\u00e9curis\u00e9e : assure une connexion s\u00e9curis\u00e9e entre le r\u00e9servoir de gaz et l'appareil \u00e0 gaz, vous \u00e9vitant ainsi de vous soucier des fuites.<\/li>\n<li>Installation simple : Gr\u00e2ce \u00e0 sa conception flexible, le tuyau de gaz se visse facilement et est pr\u00eat \u00e0 l'emploi.<\/li>\n<li>Longueur optimale : La longueur id\u00e9ale de 45 cm permet un positionnement confortable de votre bouteille de gaz dans le compartiment \u00e0 gaz.<\/li>\n<\/ul>\n<p>&nbsp;<\/p>","protected":false},"excerpt":{"rendered":"<p>Tuyau de gaz pour camping-cars \u2013 S\u00e9curit\u00e9 de haute qualit\u00e9 pour votre alimentation en gaz<\/p>\n<p>Notre tuyau de gaz pour camping-cars est votre connexion fiable entre le r\u00e9servoir de gaz et les appareils \u00e0 gaz. Con\u00e7u selon les normes de s\u00e9curit\u00e9 les plus \u00e9lev\u00e9es et fabriqu\u00e9 \u00e0 partir de mat\u00e9riaux robustes, il vous offre une alimentation en gaz s\u00fbre et stable, afin que vous puissiez profiter de vos voyages l'esprit tranquille.<\/p>\n<p>Propri\u00e9t\u00e9s<\/p>\n<ul>\n<li>Construction fiable : Fabriqu\u00e9 \u00e0 partir de mat\u00e9riaux de haute qualit\u00e9 et d'une construction robuste pour une longue dur\u00e9e d'utilisation (utilisable pendant 10 ans maximum).<\/li>\n<li>Connexion s\u00e9curis\u00e9e : assure une connexion s\u00e9curis\u00e9e entre le r\u00e9servoir de gaz et l'appareil \u00e0 gaz, vous \u00e9vitant ainsi de vous soucier des fuites.<\/li>\n<li>Installation simple : Gr\u00e2ce \u00e0 sa conception flexible, le tuyau de gaz se visse facilement et est pr\u00eat \u00e0 l'emploi.<\/li>\n<li>Longueur optimale : La longueur id\u00e9ale de 45 cm permet un positionnement confortable de votre bouteille de gaz dans le compartiment \u00e0 gaz.<\/li>\n<\/ul>\n<p>&nbsp;<\/p>","protected":false},"featured_media":22502,"template":"","meta":{"content-type":""},"product_brand":[],"product_cat":[602,605,608,604,612],"product_tag":[],"class_list":{"0":"post-22361","1":"product","2":"type-product","3":"status-publish","4":"has-post-thumbnail","6":"product_cat-zubehoer","7":"product_cat-zubehoer-van","8":"product_cat-zubehoer-van-teil","9":"product_cat-zubehoer-womo","10":"product_cat-zubehoer-womo-teil","11":"product_shipping_class-paket","13":"first","14":"instock","15":"taxable","16":"shipping-taxable","17":"purchasable","18":"product-type-simple"},"yoast_head":"<!-- This site is optimized with the Yoast SEO plugin v27.4 - https:\/\/yoast.com\/product\/yoast-seo-wordpress\/ -->\n<title>Gasschlauch - Ahorn Camp | Reisemobile und Kastenwagen<\/title>\n<meta name=\"description\" content=\"Entdecken Sie den Gasschlauch f\u00fcr Wohnmobile - Hochwertige Sicherheit f\u00fcr Ihre Gasversorgung. Jetzt in unserem Online-Shop erh\u00e4ltlich!\" \/>\n<meta name=\"robots\" content=\"index, follow, max-snippet:-1, max-image-preview:large, max-video-preview:-1\" \/>\n<link rel=\"canonical\" href=\"https:\/\/ahorn-camp.de\/fr\/product\/tuyau-de-gaz\/\" \/>\n<meta property=\"og:locale\" content=\"fr_FR\" \/>\n<meta property=\"og:type\" content=\"article\" \/>\n<meta property=\"og:title\" content=\"Gasschlauch - Ahorn Camp | Reisemobile und Kastenwagen\" \/>\n<meta property=\"og:description\" content=\"Entdecken Sie den Gasschlauch f\u00fcr Wohnmobile - Hochwertige Sicherheit f\u00fcr Ihre Gasversorgung. Jetzt in unserem Online-Shop erh\u00e4ltlich!\" \/>\n<meta property=\"og:url\" content=\"https:\/\/ahorn-camp.de\/fr\/product\/tuyau-de-gaz\/\" \/>\n<meta property=\"og:site_name\" content=\"Ahorn Camp | Reisemobile und Kastenwagen\" \/>\n<meta property=\"article:publisher\" content=\"https:\/\/www.facebook.com\/ahorn.wohnmobile\/\" \/>\n<meta property=\"article:modified_time\" content=\"2024-04-03T14:17:00+00:00\" \/>\n<meta property=\"og:image\" content=\"https:\/\/ahorn-camp.de\/wp-content\/uploads\/2024\/02\/Gasschlauch.jpg\" \/>\n\t<meta property=\"og:image:width\" content=\"1000\" \/>\n\t<meta property=\"og:image:height\" content=\"1000\" \/>\n\t<meta property=\"og:image:type\" content=\"image\/jpeg\" \/>\n<meta name=\"twitter:card\" content=\"summary_large_image\" \/>\n<meta name=\"twitter:label1\" content=\"Dur\u00e9e de lecture estim\u00e9e\" \/>\n\t<meta name=\"twitter:data1\" content=\"1 minute\" \/>\n<script type=\"application\/ld+json\" class=\"yoast-schema-graph\">{\"@context\":\"https:\\\/\\\/schema.org\",\"@graph\":[{\"@type\":\"WebPage\",\"@id\":\"https:\\\/\\\/ahorn-camp.de\\\/product\\\/gasschlauch\\\/\",\"url\":\"https:\\\/\\\/ahorn-camp.de\\\/product\\\/gasschlauch\\\/\",\"name\":\"Gasschlauch - Ahorn Camp | Reisemobile und Kastenwagen\",\"isPartOf\":{\"@id\":\"https:\\\/\\\/ahorn-camp.de\\\/#website\"},\"primaryImageOfPage\":{\"@id\":\"https:\\\/\\\/ahorn-camp.de\\\/product\\\/gasschlauch\\\/#primaryimage\"},\"image\":{\"@id\":\"https:\\\/\\\/ahorn-camp.de\\\/product\\\/gasschlauch\\\/#primaryimage\"},\"thumbnailUrl\":\"https:\\\/\\\/ahorn-camp.de\\\/wp-content\\\/uploads\\\/2024\\\/02\\\/Gasschlauch.jpg\",\"datePublished\":\"2024-02-27T15:51:17+00:00\",\"dateModified\":\"2024-04-03T14:17:00+00:00\",\"description\":\"Entdecken Sie den Gasschlauch f\u00fcr Wohnmobile - Hochwertige Sicherheit f\u00fcr Ihre Gasversorgung. Jetzt in unserem Online-Shop erh\u00e4ltlich!\",\"breadcrumb\":{\"@id\":\"https:\\\/\\\/ahorn-camp.de\\\/product\\\/gasschlauch\\\/#breadcrumb\"},\"inLanguage\":\"fr-FR\",\"potentialAction\":[{\"@type\":\"ReadAction\",\"target\":[\"https:\\\/\\\/ahorn-camp.de\\\/product\\\/gasschlauch\\\/\"]}]},{\"@type\":\"ImageObject\",\"inLanguage\":\"fr-FR\",\"@id\":\"https:\\\/\\\/ahorn-camp.de\\\/product\\\/gasschlauch\\\/#primaryimage\",\"url\":\"https:\\\/\\\/ahorn-camp.de\\\/wp-content\\\/uploads\\\/2024\\\/02\\\/Gasschlauch.jpg\",\"contentUrl\":\"https:\\\/\\\/ahorn-camp.de\\\/wp-content\\\/uploads\\\/2024\\\/02\\\/Gasschlauch.jpg\",\"width\":1000,\"height\":1000,\"caption\":\"Ersatzteil Gasschlauch mit Schlauchbruchsicherung\"},{\"@type\":\"BreadcrumbList\",\"@id\":\"https:\\\/\\\/ahorn-camp.de\\\/product\\\/gasschlauch\\\/#breadcrumb\",\"itemListElement\":[{\"@type\":\"ListItem\",\"position\":1,\"name\":\"Startseite\",\"item\":\"https:\\\/\\\/ahorn-camp.de\\\/\"},{\"@type\":\"ListItem\",\"position\":2,\"name\":\"Merchandise-Shop\",\"item\":\"https:\\\/\\\/ahorn-camp.de\\\/merchandise-shop\\\/\"},{\"@type\":\"ListItem\",\"position\":3,\"name\":\"Gasschlauch\"}]},{\"@type\":\"WebSite\",\"@id\":\"https:\\\/\\\/ahorn-camp.de\\\/#website\",\"url\":\"https:\\\/\\\/ahorn-camp.de\\\/\",\"name\":\"Ahorn Camp | Reisemobile und Kastenwagen\",\"description\":\"Seit \u00fcber 30 Jahren vermarktet das Familienunternehmen, Ahorn Camp in Speyer, erfolgreich Wohnmobile und Kastenwagen zum besten Preis-Leistungsverh\u00e4ltnis.\",\"publisher\":{\"@id\":\"https:\\\/\\\/ahorn-camp.de\\\/#organization\"},\"potentialAction\":[{\"@type\":\"SearchAction\",\"target\":{\"@type\":\"EntryPoint\",\"urlTemplate\":\"https:\\\/\\\/ahorn-camp.de\\\/?s={search_term_string}\"},\"query-input\":{\"@type\":\"PropertyValueSpecification\",\"valueRequired\":true,\"valueName\":\"search_term_string\"}}],\"inLanguage\":\"fr-FR\"},{\"@type\":\"Organization\",\"@id\":\"https:\\\/\\\/ahorn-camp.de\\\/#organization\",\"name\":\"Ahorn Camp GmbH & Co. KG\",\"url\":\"https:\\\/\\\/ahorn-camp.de\\\/\",\"logo\":{\"@type\":\"ImageObject\",\"inLanguage\":\"fr-FR\",\"@id\":\"https:\\\/\\\/ahorn-camp.de\\\/#\\\/schema\\\/logo\\\/image\\\/\",\"url\":\"https:\\\/\\\/ahorn-camp.de\\\/wp-content\\\/uploads\\\/2018\\\/12\\\/Ahorn_Logo.jpg\",\"contentUrl\":\"https:\\\/\\\/ahorn-camp.de\\\/wp-content\\\/uploads\\\/2018\\\/12\\\/Ahorn_Logo.jpg\",\"width\":1437,\"height\":1000,\"caption\":\"Ahorn Camp GmbH & Co. KG\"},\"image\":{\"@id\":\"https:\\\/\\\/ahorn-camp.de\\\/#\\\/schema\\\/logo\\\/image\\\/\"},\"sameAs\":[\"https:\\\/\\\/www.facebook.com\\\/ahorn.wohnmobile\\\/\",\"https:\\\/\\\/www.instagram.com\\\/ahorn.camp\\\/\",\"https:\\\/\\\/www.youtube.com\\\/channel\\\/UCPFbPCts1JJ_A1k9vyH0yOQ\"]}]}<\/script>\n<!-- \/ Yoast SEO plugin. -->","yoast_head_json":{"title":"Tuyau de gaz - Ahorn Camp | Camping-cars et fourgons am\u00e9nag\u00e9s","description":"D\u00e9couvrez le tuyau de gaz pour camping-car - une s\u00e9curit\u00e9 de haute qualit\u00e9 pour votre alimentation en gaz. Disponible d\u00e8s maintenant dans notre boutique en ligne !","robots":{"index":"index","follow":"follow","max-snippet":"max-snippet:-1","max-image-preview":"max-image-preview:large","max-video-preview":"max-video-preview:-1"},"canonical":"https:\/\/ahorn-camp.de\/fr\/product\/tuyau-de-gaz\/","og_locale":"fr_FR","og_type":"article","og_title":"Gasschlauch - Ahorn Camp | Reisemobile und Kastenwagen","og_description":"Entdecken Sie den Gasschlauch f\u00fcr Wohnmobile - Hochwertige Sicherheit f\u00fcr Ihre Gasversorgung. Jetzt in unserem Online-Shop erh\u00e4ltlich!","og_url":"https:\/\/ahorn-camp.de\/fr\/product\/tuyau-de-gaz\/","og_site_name":"Ahorn Camp | Reisemobile und Kastenwagen","article_publisher":"https:\/\/www.facebook.com\/ahorn.wohnmobile\/","article_modified_time":"2024-04-03T14:17:00+00:00","og_image":[{"width":1000,"height":1000,"url":"https:\/\/ahorn-camp.de\/wp-content\/uploads\/2024\/02\/Gasschlauch.jpg","type":"image\/jpeg"}],"twitter_card":"summary_large_image","twitter_misc":{"Dur\u00e9e de lecture estim\u00e9e":"1 minute"},"schema":{"@context":"https:\/\/schema.org","@graph":[{"@type":"WebPage","@id":"https:\/\/ahorn-camp.de\/product\/gasschlauch\/","url":"https:\/\/ahorn-camp.de\/product\/gasschlauch\/","name":"Tuyau de gaz - Ahorn Camp | Camping-cars et fourgons am\u00e9nag\u00e9s","isPartOf":{"@id":"https:\/\/ahorn-camp.de\/#website"},"primaryImageOfPage":{"@id":"https:\/\/ahorn-camp.de\/product\/gasschlauch\/#primaryimage"},"image":{"@id":"https:\/\/ahorn-camp.de\/product\/gasschlauch\/#primaryimage"},"thumbnailUrl":"https:\/\/ahorn-camp.de\/wp-content\/uploads\/2024\/02\/Gasschlauch.jpg","datePublished":"2024-02-27T15:51:17+00:00","dateModified":"2024-04-03T14:17:00+00:00","description":"D\u00e9couvrez le tuyau de gaz pour camping-car - une s\u00e9curit\u00e9 de haute qualit\u00e9 pour votre alimentation en gaz. Disponible d\u00e8s maintenant dans notre boutique en ligne !","breadcrumb":{"@id":"https:\/\/ahorn-camp.de\/product\/gasschlauch\/#breadcrumb"},"inLanguage":"fr-FR","potentialAction":[{"@type":"ReadAction","target":["https:\/\/ahorn-camp.de\/product\/gasschlauch\/"]}]},{"@type":"ImageObject","inLanguage":"fr-FR","@id":"https:\/\/ahorn-camp.de\/product\/gasschlauch\/#primaryimage","url":"https:\/\/ahorn-camp.de\/wp-content\/uploads\/2024\/02\/Gasschlauch.jpg","contentUrl":"https:\/\/ahorn-camp.de\/wp-content\/uploads\/2024\/02\/Gasschlauch.jpg","width":1000,"height":1000,"caption":"Ersatzteil Gasschlauch mit Schlauchbruchsicherung"},{"@type":"BreadcrumbList","@id":"https:\/\/ahorn-camp.de\/product\/gasschlauch\/#breadcrumb","itemListElement":[{"@type":"ListItem","position":1,"name":"Startseite","item":"https:\/\/ahorn-camp.de\/"},{"@type":"ListItem","position":2,"name":"Merchandise-Shop","item":"https:\/\/ahorn-camp.de\/merchandise-shop\/"},{"@type":"ListItem","position":3,"name":"Gasschlauch"}]},{"@type":"WebSite","@id":"https:\/\/ahorn-camp.de\/#website","url":"https:\/\/ahorn-camp.de\/","name":"Ahorn Camp | Camping-cars et fourgons am\u00e9nag\u00e9s","description":"Depuis plus de 30 ans, l'entreprise familiale, Ahorn Camp \u00e0 Speyer, commercialise avec succ\u00e8s des camping-cars et des fourgons au meilleur rapport qualit\u00e9-prix.","publisher":{"@id":"https:\/\/ahorn-camp.de\/#organization"},"potentialAction":[{"@type":"SearchAction","target":{"@type":"EntryPoint","urlTemplate":"https:\/\/ahorn-camp.de\/?s={search_term_string}"},"query-input":{"@type":"PropertyValueSpecification","valueRequired":true,"valueName":"search_term_string"}}],"inLanguage":"fr-FR"},{"@type":"Organization","@id":"https:\/\/ahorn-camp.de\/#organization","name":"Ahorn Camp GmbH &amp; Co. KG","url":"https:\/\/ahorn-camp.de\/","logo":{"@type":"ImageObject","inLanguage":"fr-FR","@id":"https:\/\/ahorn-camp.de\/#\/schema\/logo\/image\/","url":"https:\/\/ahorn-camp.de\/wp-content\/uploads\/2018\/12\/Ahorn_Logo.jpg","contentUrl":"https:\/\/ahorn-camp.de\/wp-content\/uploads\/2018\/12\/Ahorn_Logo.jpg","width":1437,"height":1000,"caption":"Ahorn Camp GmbH & Co. KG"},"image":{"@id":"https:\/\/ahorn-camp.de\/#\/schema\/logo\/image\/"},"sameAs":["https:\/\/www.facebook.com\/ahorn.wohnmobile\/","https:\/\/www.instagram.com\/ahorn.camp\/","https:\/\/www.youtube.com\/channel\/UCPFbPCts1JJ_A1k9vyH0yOQ"]}]}},"_links":{"self":[{"href":"https:\/\/ahorn-camp.de\/fr\/wp-json\/wp\/v2\/product\/22361","targetHints":{"allow":["GET"]}}],"collection":[{"href":"https:\/\/ahorn-camp.de\/fr\/wp-json\/wp\/v2\/product"}],"about":[{"href":"https:\/\/ahorn-camp.de\/fr\/wp-json\/wp\/v2\/types\/product"}],"wp:featuredmedia":[{"embeddable":true,"href":"https:\/\/ahorn-camp.de\/fr\/wp-json\/wp\/v2\/media\/22502"}],"wp:attachment":[{"href":"https:\/\/ahorn-camp.de\/fr\/wp-json\/wp\/v2\/media?parent=22361"}],"wp:term":[{"taxonomy":"product_brand","embeddable":true,"href":"https:\/\/ahorn-camp.de\/fr\/wp-json\/wp\/v2\/product_brand?post=22361"},{"taxonomy":"product_cat","embeddable":true,"href":"https:\/\/ahorn-camp.de\/fr\/wp-json\/wp\/v2\/product_cat?post=22361"},{"taxonomy":"product_tag","embeddable":true,"href":"https:\/\/ahorn-camp.de\/fr\/wp-json\/wp\/v2\/product_tag?post=22361"}],"curies":[{"name":"wp","href":"https:\/\/api.w.org\/{rel}","templated":true}]}}