{"id":22342,"date":"2024-02-23T14:14:37","date_gmt":"2024-02-23T13:14:37","guid":{"rendered":"https:\/\/ahorn-camp.de\/?post_type=product&#038;p=22342"},"modified":"2024-11-05T09:32:42","modified_gmt":"2024-11-05T08:32:42","slug":"manuelle-heckstuetzen-lang","status":"publish","type":"product","link":"https:\/\/ahorn-camp.de\/fr\/product\/manuelle-heckstuetzen-lang\/","title":{"rendered":"Support d'essieu manuel long (mod\u00e8les Alaska)"},"content":{"rendered":"<p>Mit unseren manuellen Heckst\u00fctzen k\u00f6nnen Sie Ihr Reisemobil im Stand stabilisieren. Mit der mitgelieferten Stange kann das Heck um ein paar Zentimer angehoben und somit auch gegen Einfedern beim Benutzen gesichert werden.<\/p>\n<p>Die kurzen Heckst\u00fctzen sind passend f\u00fcr die meisten Modelle der Alaska Reihe.<\/p>\n<p>&nbsp;<\/p>\n<p>Si vous choisissez le produit avec montage, nous vous contacterons apr\u00e8s la confirmation de votre commande avec une proposition de rendez-vous dans notre succursale \u00e0 Spire.<\/p>","protected":false},"excerpt":{"rendered":"<p>Mit unseren manuellen Heckst\u00fctzen k\u00f6nnen Sie Ihr Reisemobil im Stand stabilisieren. Mit der mitgelieferten Stange kann das Heck um ein paar Zentimer angehoben und somit auch gegen Einfedern beim Benutzen gesichert werden.<\/p>\n<p>Die kurzen Heckst\u00fctzen sind passend f\u00fcr die meisten Modelle der Alaska Reihe.<\/p>\n<p>&nbsp;<\/p>\n<p>Si vous choisissez le produit avec montage, nous vous contacterons apr\u00e8s la confirmation de votre commande avec une proposition de rendez-vous dans notre succursale \u00e0 Spire.<\/p>","protected":false},"featured_media":22611,"template":"","meta":{"content-type":""},"product_brand":[],"product_cat":[602,604,611,612],"product_tag":[],"class_list":{"0":"post-22342","1":"product","2":"type-product","3":"status-publish","4":"has-post-thumbnail","6":"product_cat-zubehoer","7":"product_cat-zubehoer-womo","8":"product_cat-zubehoer-womo-mtg","9":"product_cat-zubehoer-womo-teil","10":"product_shipping_class-paket","12":"first","13":"instock","14":"taxable","15":"shipping-taxable","16":"purchasable","17":"product-type-variable"},"yoast_head":"<!-- This site is optimized with the Yoast SEO plugin v27.3 - https:\/\/yoast.com\/product\/yoast-seo-wordpress\/ -->\n<title>Manuelle Heckst\u00fctzen lang (Modelle Alaska) - Ahorn Camp | Reisemobile und Kastenwagen<\/title>\n<meta name=\"description\" content=\"Entdecken Sie unsere praktischen manuellen Heckst\u00fctzen, die ihr Fahrzeug stabilisieren. Schauen Sie im Online-Shop vorbei!\" \/>\n<meta name=\"robots\" content=\"index, follow, max-snippet:-1, max-image-preview:large, max-video-preview:-1\" \/>\n<link rel=\"canonical\" href=\"https:\/\/ahorn-camp.de\/fr\/product\/manuelle-heckstuetzen-lang\/\" \/>\n<meta property=\"og:locale\" content=\"fr_FR\" \/>\n<meta property=\"og:type\" content=\"article\" \/>\n<meta property=\"og:title\" content=\"Manuelle Heckst\u00fctzen lang (Modelle Alaska) - Ahorn Camp | Reisemobile und Kastenwagen\" \/>\n<meta property=\"og:description\" content=\"Entdecken Sie unsere praktischen manuellen Heckst\u00fctzen, die ihr Fahrzeug stabilisieren. Schauen Sie im Online-Shop vorbei!\" \/>\n<meta property=\"og:url\" content=\"https:\/\/ahorn-camp.de\/fr\/product\/manuelle-heckstuetzen-lang\/\" \/>\n<meta property=\"og:site_name\" content=\"Ahorn Camp | Reisemobile und Kastenwagen\" \/>\n<meta property=\"article:publisher\" content=\"https:\/\/www.facebook.com\/ahorn.wohnmobile\/\" \/>\n<meta property=\"article:modified_time\" content=\"2024-11-05T08:32:42+00:00\" \/>\n<meta property=\"og:image\" content=\"https:\/\/ahorn-camp.de\/wp-content\/uploads\/2024\/02\/Heckstuetzen-1.jpg\" \/>\n\t<meta property=\"og:image:width\" content=\"1000\" \/>\n\t<meta property=\"og:image:height\" content=\"1000\" \/>\n\t<meta property=\"og:image:type\" content=\"image\/jpeg\" \/>\n<meta name=\"twitter:card\" content=\"summary_large_image\" \/>\n<meta name=\"twitter:label1\" content=\"Dur\u00e9e de lecture estim\u00e9e\" \/>\n\t<meta name=\"twitter:data1\" content=\"1 minute\" \/>\n<script type=\"application\/ld+json\" class=\"yoast-schema-graph\">{\"@context\":\"https:\\\/\\\/schema.org\",\"@graph\":[{\"@type\":\"WebPage\",\"@id\":\"https:\\\/\\\/ahorn-camp.de\\\/product\\\/manuelle-heckstuetzen-lang\\\/\",\"url\":\"https:\\\/\\\/ahorn-camp.de\\\/product\\\/manuelle-heckstuetzen-lang\\\/\",\"name\":\"Manuelle Heckst\u00fctzen lang (Modelle Alaska) - Ahorn Camp | Reisemobile und Kastenwagen\",\"isPartOf\":{\"@id\":\"https:\\\/\\\/ahorn-camp.de\\\/#website\"},\"primaryImageOfPage\":{\"@id\":\"https:\\\/\\\/ahorn-camp.de\\\/product\\\/manuelle-heckstuetzen-lang\\\/#primaryimage\"},\"image\":{\"@id\":\"https:\\\/\\\/ahorn-camp.de\\\/product\\\/manuelle-heckstuetzen-lang\\\/#primaryimage\"},\"thumbnailUrl\":\"https:\\\/\\\/ahorn-camp.de\\\/wp-content\\\/uploads\\\/2024\\\/02\\\/Heckstuetzen-1.jpg\",\"datePublished\":\"2024-02-23T13:14:37+00:00\",\"dateModified\":\"2024-11-05T08:32:42+00:00\",\"description\":\"Entdecken Sie unsere praktischen manuellen Heckst\u00fctzen, die ihr Fahrzeug stabilisieren. Schauen Sie im Online-Shop vorbei!\",\"breadcrumb\":{\"@id\":\"https:\\\/\\\/ahorn-camp.de\\\/product\\\/manuelle-heckstuetzen-lang\\\/#breadcrumb\"},\"inLanguage\":\"fr-FR\",\"potentialAction\":[{\"@type\":\"ReadAction\",\"target\":[\"https:\\\/\\\/ahorn-camp.de\\\/product\\\/manuelle-heckstuetzen-lang\\\/\"]}]},{\"@type\":\"ImageObject\",\"inLanguage\":\"fr-FR\",\"@id\":\"https:\\\/\\\/ahorn-camp.de\\\/product\\\/manuelle-heckstuetzen-lang\\\/#primaryimage\",\"url\":\"https:\\\/\\\/ahorn-camp.de\\\/wp-content\\\/uploads\\\/2024\\\/02\\\/Heckstuetzen-1.jpg\",\"contentUrl\":\"https:\\\/\\\/ahorn-camp.de\\\/wp-content\\\/uploads\\\/2024\\\/02\\\/Heckstuetzen-1.jpg\",\"width\":1000,\"height\":1000,\"caption\":\"manuelle Heckst\u00fctzen Metall\"},{\"@type\":\"BreadcrumbList\",\"@id\":\"https:\\\/\\\/ahorn-camp.de\\\/product\\\/manuelle-heckstuetzen-lang\\\/#breadcrumb\",\"itemListElement\":[{\"@type\":\"ListItem\",\"position\":1,\"name\":\"Startseite\",\"item\":\"https:\\\/\\\/ahorn-camp.de\\\/\"},{\"@type\":\"ListItem\",\"position\":2,\"name\":\"Merchandise-Shop\",\"item\":\"https:\\\/\\\/ahorn-camp.de\\\/merchandise-shop\\\/\"},{\"@type\":\"ListItem\",\"position\":3,\"name\":\"Manuelle Heckst\u00fctzen lang (Modelle Alaska)\"}]},{\"@type\":\"WebSite\",\"@id\":\"https:\\\/\\\/ahorn-camp.de\\\/#website\",\"url\":\"https:\\\/\\\/ahorn-camp.de\\\/\",\"name\":\"Ahorn Camp | Reisemobile und Kastenwagen\",\"description\":\"Seit \u00fcber 30 Jahren vermarktet das Familienunternehmen, Ahorn Camp in Speyer, erfolgreich Wohnmobile und Kastenwagen zum besten Preis-Leistungsverh\u00e4ltnis.\",\"publisher\":{\"@id\":\"https:\\\/\\\/ahorn-camp.de\\\/#organization\"},\"potentialAction\":[{\"@type\":\"SearchAction\",\"target\":{\"@type\":\"EntryPoint\",\"urlTemplate\":\"https:\\\/\\\/ahorn-camp.de\\\/?s={search_term_string}\"},\"query-input\":{\"@type\":\"PropertyValueSpecification\",\"valueRequired\":true,\"valueName\":\"search_term_string\"}}],\"inLanguage\":\"fr-FR\"},{\"@type\":\"Organization\",\"@id\":\"https:\\\/\\\/ahorn-camp.de\\\/#organization\",\"name\":\"Ahorn Camp GmbH & Co. KG\",\"url\":\"https:\\\/\\\/ahorn-camp.de\\\/\",\"logo\":{\"@type\":\"ImageObject\",\"inLanguage\":\"fr-FR\",\"@id\":\"https:\\\/\\\/ahorn-camp.de\\\/#\\\/schema\\\/logo\\\/image\\\/\",\"url\":\"https:\\\/\\\/ahorn-camp.de\\\/wp-content\\\/uploads\\\/2018\\\/12\\\/Ahorn_Logo.jpg\",\"contentUrl\":\"https:\\\/\\\/ahorn-camp.de\\\/wp-content\\\/uploads\\\/2018\\\/12\\\/Ahorn_Logo.jpg\",\"width\":1437,\"height\":1000,\"caption\":\"Ahorn Camp GmbH & Co. KG\"},\"image\":{\"@id\":\"https:\\\/\\\/ahorn-camp.de\\\/#\\\/schema\\\/logo\\\/image\\\/\"},\"sameAs\":[\"https:\\\/\\\/www.facebook.com\\\/ahorn.wohnmobile\\\/\",\"https:\\\/\\\/www.instagram.com\\\/ahorn.camp\\\/\",\"https:\\\/\\\/www.youtube.com\\\/channel\\\/UCPFbPCts1JJ_A1k9vyH0yOQ\"]}]}<\/script>\n<!-- \/ Yoast SEO plugin. -->","yoast_head_json":{"title":"Manuelle Heckst\u00fctzen lang (Modelle Alaska) - Ahorn Camp | Reisemobile und Kastenwagen","description":"Entdecken Sie unsere praktischen manuellen Heckst\u00fctzen, die ihr Fahrzeug stabilisieren. Schauen Sie im Online-Shop vorbei!","robots":{"index":"index","follow":"follow","max-snippet":"max-snippet:-1","max-image-preview":"max-image-preview:large","max-video-preview":"max-video-preview:-1"},"canonical":"https:\/\/ahorn-camp.de\/fr\/product\/manuelle-heckstuetzen-lang\/","og_locale":"fr_FR","og_type":"article","og_title":"Manuelle Heckst\u00fctzen lang (Modelle Alaska) - Ahorn Camp | Reisemobile und Kastenwagen","og_description":"Entdecken Sie unsere praktischen manuellen Heckst\u00fctzen, die ihr Fahrzeug stabilisieren. Schauen Sie im Online-Shop vorbei!","og_url":"https:\/\/ahorn-camp.de\/fr\/product\/manuelle-heckstuetzen-lang\/","og_site_name":"Ahorn Camp | Reisemobile und Kastenwagen","article_publisher":"https:\/\/www.facebook.com\/ahorn.wohnmobile\/","article_modified_time":"2024-11-05T08:32:42+00:00","og_image":[{"width":1000,"height":1000,"url":"https:\/\/ahorn-camp.de\/wp-content\/uploads\/2024\/02\/Heckstuetzen-1.jpg","type":"image\/jpeg"}],"twitter_card":"summary_large_image","twitter_misc":{"Dur\u00e9e de lecture estim\u00e9e":"1 minute"},"schema":{"@context":"https:\/\/schema.org","@graph":[{"@type":"WebPage","@id":"https:\/\/ahorn-camp.de\/product\/manuelle-heckstuetzen-lang\/","url":"https:\/\/ahorn-camp.de\/product\/manuelle-heckstuetzen-lang\/","name":"Manuelle Heckst\u00fctzen lang (Modelle Alaska) - Ahorn Camp | Reisemobile und Kastenwagen","isPartOf":{"@id":"https:\/\/ahorn-camp.de\/#website"},"primaryImageOfPage":{"@id":"https:\/\/ahorn-camp.de\/product\/manuelle-heckstuetzen-lang\/#primaryimage"},"image":{"@id":"https:\/\/ahorn-camp.de\/product\/manuelle-heckstuetzen-lang\/#primaryimage"},"thumbnailUrl":"https:\/\/ahorn-camp.de\/wp-content\/uploads\/2024\/02\/Heckstuetzen-1.jpg","datePublished":"2024-02-23T13:14:37+00:00","dateModified":"2024-11-05T08:32:42+00:00","description":"Entdecken Sie unsere praktischen manuellen Heckst\u00fctzen, die ihr Fahrzeug stabilisieren. Schauen Sie im Online-Shop vorbei!","breadcrumb":{"@id":"https:\/\/ahorn-camp.de\/product\/manuelle-heckstuetzen-lang\/#breadcrumb"},"inLanguage":"fr-FR","potentialAction":[{"@type":"ReadAction","target":["https:\/\/ahorn-camp.de\/product\/manuelle-heckstuetzen-lang\/"]}]},{"@type":"ImageObject","inLanguage":"fr-FR","@id":"https:\/\/ahorn-camp.de\/product\/manuelle-heckstuetzen-lang\/#primaryimage","url":"https:\/\/ahorn-camp.de\/wp-content\/uploads\/2024\/02\/Heckstuetzen-1.jpg","contentUrl":"https:\/\/ahorn-camp.de\/wp-content\/uploads\/2024\/02\/Heckstuetzen-1.jpg","width":1000,"height":1000,"caption":"manuelle Heckst\u00fctzen Metall"},{"@type":"BreadcrumbList","@id":"https:\/\/ahorn-camp.de\/product\/manuelle-heckstuetzen-lang\/#breadcrumb","itemListElement":[{"@type":"ListItem","position":1,"name":"Startseite","item":"https:\/\/ahorn-camp.de\/"},{"@type":"ListItem","position":2,"name":"Merchandise-Shop","item":"https:\/\/ahorn-camp.de\/merchandise-shop\/"},{"@type":"ListItem","position":3,"name":"Manuelle Heckst\u00fctzen lang (Modelle Alaska)"}]},{"@type":"WebSite","@id":"https:\/\/ahorn-camp.de\/#website","url":"https:\/\/ahorn-camp.de\/","name":"Ahorn Camp | Camping-cars et fourgons am\u00e9nag\u00e9s","description":"Depuis plus de 30 ans, l'entreprise familiale, Ahorn Camp \u00e0 Speyer, commercialise avec succ\u00e8s des camping-cars et des fourgons au meilleur rapport qualit\u00e9-prix.","publisher":{"@id":"https:\/\/ahorn-camp.de\/#organization"},"potentialAction":[{"@type":"SearchAction","target":{"@type":"EntryPoint","urlTemplate":"https:\/\/ahorn-camp.de\/?s={search_term_string}"},"query-input":{"@type":"PropertyValueSpecification","valueRequired":true,"valueName":"search_term_string"}}],"inLanguage":"fr-FR"},{"@type":"Organization","@id":"https:\/\/ahorn-camp.de\/#organization","name":"Ahorn Camp GmbH &amp; Co. KG","url":"https:\/\/ahorn-camp.de\/","logo":{"@type":"ImageObject","inLanguage":"fr-FR","@id":"https:\/\/ahorn-camp.de\/#\/schema\/logo\/image\/","url":"https:\/\/ahorn-camp.de\/wp-content\/uploads\/2018\/12\/Ahorn_Logo.jpg","contentUrl":"https:\/\/ahorn-camp.de\/wp-content\/uploads\/2018\/12\/Ahorn_Logo.jpg","width":1437,"height":1000,"caption":"Ahorn Camp GmbH & Co. KG"},"image":{"@id":"https:\/\/ahorn-camp.de\/#\/schema\/logo\/image\/"},"sameAs":["https:\/\/www.facebook.com\/ahorn.wohnmobile\/","https:\/\/www.instagram.com\/ahorn.camp\/","https:\/\/www.youtube.com\/channel\/UCPFbPCts1JJ_A1k9vyH0yOQ"]}]}},"_links":{"self":[{"href":"https:\/\/ahorn-camp.de\/fr\/wp-json\/wp\/v2\/product\/22342","targetHints":{"allow":["GET"]}}],"collection":[{"href":"https:\/\/ahorn-camp.de\/fr\/wp-json\/wp\/v2\/product"}],"about":[{"href":"https:\/\/ahorn-camp.de\/fr\/wp-json\/wp\/v2\/types\/product"}],"wp:featuredmedia":[{"embeddable":true,"href":"https:\/\/ahorn-camp.de\/fr\/wp-json\/wp\/v2\/media\/22611"}],"wp:attachment":[{"href":"https:\/\/ahorn-camp.de\/fr\/wp-json\/wp\/v2\/media?parent=22342"}],"wp:term":[{"taxonomy":"product_brand","embeddable":true,"href":"https:\/\/ahorn-camp.de\/fr\/wp-json\/wp\/v2\/product_brand?post=22342"},{"taxonomy":"product_cat","embeddable":true,"href":"https:\/\/ahorn-camp.de\/fr\/wp-json\/wp\/v2\/product_cat?post=22342"},{"taxonomy":"product_tag","embeddable":true,"href":"https:\/\/ahorn-camp.de\/fr\/wp-json\/wp\/v2\/product_tag?post=22342"}],"curies":[{"name":"wp","href":"https:\/\/api.w.org\/{rel}","templated":true}]}}