{"id":19980,"date":"2023-09-15T11:35:39","date_gmt":"2023-09-15T09:35:39","guid":{"rendered":"https:\/\/ahorn-camp.de\/?post_type=product&#038;p=19980"},"modified":"2025-02-14T12:24:52","modified_gmt":"2025-02-14T11:24:52","slug":"ahoernchen-schluesselanhaenger","status":"publish","type":"product","link":"https:\/\/ahorn-camp.de\/fr\/product\/ahoernchen-schluesselanhaenger\/","title":{"rendered":"Porte-cl\u00e9s \u2013 Ahorn Camp petite corne"},"content":{"rendered":"<p>Kuschelweich, reiselustig und liebenswert! Seit neustem haben wir unser beliebtes Maskottchen, das Ah\u00f6rnchen auch im Schl\u00fcsselanh\u00e4ngerformat. Aus Ahorn und Eichh\u00f6rnchen wurde das Ah\u00f6rnchen. Das flauschige Eichh\u00f6rnchen liebt \u2013 genau wie wir \u2013 das Reisen und die Freiheit beim Reisen mit dem Wohnmobil. Diesen Anh\u00e4nger k\u00f6nnen Sie immer mit auf Ihre Reisen nehmen und ist sehr gerne Ihr Begleiter.<\/p>\n<p>Es ist mit Liebe von Hand gefertigt und uns war es wichtig, dass unser Maskottchen nachhaltig produziert wird, weshalb wir uns au\u00dferdem f\u00fcr einen klimaneutrale Produktion entscheiden haben.<\/p>\n<p>&nbsp;<\/p>","protected":false},"excerpt":{"rendered":"<p>Kuschelweich, reiselustig und liebenswert! Seit neustem haben wir unser beliebtes Maskottchen, das Ah\u00f6rnchen auch im Schl\u00fcsselanh\u00e4ngerformat. Aus Ahorn und Eichh\u00f6rnchen wurde das Ah\u00f6rnchen. Das flauschige Eichh\u00f6rnchen liebt \u2013 genau wie wir \u2013 das Reisen und die Freiheit beim Reisen mit dem Wohnmobil. Diesen Anh\u00e4nger k\u00f6nnen Sie immer mit auf Ihre Reisen nehmen und ist sehr gerne Ihr Begleiter.<\/p>\n<p>Es ist mit Liebe von Hand gefertigt und uns war es wichtig, dass unser Maskottchen nachhaltig produziert wird, weshalb wir uns au\u00dferdem f\u00fcr einen klimaneutrale Produktion entscheiden haben.<\/p>\n<p>&nbsp;<\/p>","protected":false},"featured_media":19982,"template":"","meta":{"content-type":""},"product_brand":[],"product_cat":[115,112],"product_tag":[],"class_list":{"0":"post-19980","1":"product","2":"type-product","3":"status-publish","4":"has-post-thumbnail","6":"product_cat-merchandise","7":"product_cat-uncategorized","8":"product_shipping_class-warenpost","10":"first","11":"onbackorder","12":"taxable","13":"shipping-taxable","14":"purchasable","15":"product-type-simple"},"yoast_head":"<!-- This site is optimized with the Yoast SEO plugin v27.5 - https:\/\/yoast.com\/product\/yoast-seo-wordpress\/ -->\n<title>Schl\u00fcsselanh\u00e4nger - Ahorn Camp Ah\u00f6rnchen - Ahorn Camp | Reisemobile und Kastenwagen<\/title>\n<meta name=\"description\" content=\"Kuschelweich, reiselustig und liebenswert: Das Ah\u00f6rnchen als Schl\u00fcsselanh\u00e4nger. Es ist mit Liebe von Hand gefertigt, nachhaltig und klimaneutral produziert.\" \/>\n<meta name=\"robots\" content=\"index, follow, max-snippet:-1, max-image-preview:large, max-video-preview:-1\" \/>\n<link rel=\"canonical\" href=\"https:\/\/ahorn-camp.de\/fr\/product\/ahoernchen-schluesselanhaenger\/\" \/>\n<meta property=\"og:locale\" content=\"fr_FR\" \/>\n<meta property=\"og:type\" content=\"article\" \/>\n<meta property=\"og:title\" content=\"Schl\u00fcsselanh\u00e4nger - Ahorn Camp Ah\u00f6rnchen - Ahorn Camp | Reisemobile und Kastenwagen\" \/>\n<meta property=\"og:description\" content=\"Kuschelweich, reiselustig und liebenswert: Das Ah\u00f6rnchen als Schl\u00fcsselanh\u00e4nger. Es ist mit Liebe von Hand gefertigt, nachhaltig und klimaneutral produziert.\" \/>\n<meta property=\"og:url\" content=\"https:\/\/ahorn-camp.de\/fr\/product\/ahoernchen-schluesselanhaenger\/\" \/>\n<meta property=\"og:site_name\" content=\"Ahorn Camp | Reisemobile und Kastenwagen\" \/>\n<meta property=\"article:publisher\" content=\"https:\/\/www.facebook.com\/ahorn.wohnmobile\/\" \/>\n<meta property=\"article:modified_time\" content=\"2025-02-14T11:24:52+00:00\" \/>\n<meta property=\"og:image\" content=\"https:\/\/ahorn-camp.de\/wp-content\/uploads\/2023\/09\/Ahoernchen_Schluesselanhaenger.png\" \/>\n\t<meta property=\"og:image:width\" content=\"1080\" \/>\n\t<meta property=\"og:image:height\" content=\"1080\" \/>\n\t<meta property=\"og:image:type\" content=\"image\/png\" \/>\n<meta name=\"twitter:card\" content=\"summary_large_image\" \/>\n<meta name=\"twitter:label1\" content=\"Dur\u00e9e de lecture estim\u00e9e\" \/>\n\t<meta name=\"twitter:data1\" content=\"1 minute\" \/>\n<script type=\"application\/ld+json\" class=\"yoast-schema-graph\">{\"@context\":\"https:\\\/\\\/schema.org\",\"@graph\":[{\"@type\":\"WebPage\",\"@id\":\"https:\\\/\\\/ahorn-camp.de\\\/product\\\/ahoernchen-schluesselanhaenger\\\/\",\"url\":\"https:\\\/\\\/ahorn-camp.de\\\/product\\\/ahoernchen-schluesselanhaenger\\\/\",\"name\":\"Schl\u00fcsselanh\u00e4nger - Ahorn Camp Ah\u00f6rnchen - Ahorn Camp | Reisemobile und Kastenwagen\",\"isPartOf\":{\"@id\":\"https:\\\/\\\/ahorn-camp.de\\\/#website\"},\"primaryImageOfPage\":{\"@id\":\"https:\\\/\\\/ahorn-camp.de\\\/product\\\/ahoernchen-schluesselanhaenger\\\/#primaryimage\"},\"image\":{\"@id\":\"https:\\\/\\\/ahorn-camp.de\\\/product\\\/ahoernchen-schluesselanhaenger\\\/#primaryimage\"},\"thumbnailUrl\":\"https:\\\/\\\/ahorn-camp.de\\\/wp-content\\\/uploads\\\/2023\\\/09\\\/Ahoernchen_Schluesselanhaenger.png\",\"datePublished\":\"2023-09-15T09:35:39+00:00\",\"dateModified\":\"2025-02-14T11:24:52+00:00\",\"description\":\"Kuschelweich, reiselustig und liebenswert: Das Ah\u00f6rnchen als Schl\u00fcsselanh\u00e4nger. Es ist mit Liebe von Hand gefertigt, nachhaltig und klimaneutral produziert.\",\"breadcrumb\":{\"@id\":\"https:\\\/\\\/ahorn-camp.de\\\/product\\\/ahoernchen-schluesselanhaenger\\\/#breadcrumb\"},\"inLanguage\":\"fr-FR\",\"potentialAction\":[{\"@type\":\"ReadAction\",\"target\":[\"https:\\\/\\\/ahorn-camp.de\\\/product\\\/ahoernchen-schluesselanhaenger\\\/\"]}]},{\"@type\":\"ImageObject\",\"inLanguage\":\"fr-FR\",\"@id\":\"https:\\\/\\\/ahorn-camp.de\\\/product\\\/ahoernchen-schluesselanhaenger\\\/#primaryimage\",\"url\":\"https:\\\/\\\/ahorn-camp.de\\\/wp-content\\\/uploads\\\/2023\\\/09\\\/Ahoernchen_Schluesselanhaenger.png\",\"contentUrl\":\"https:\\\/\\\/ahorn-camp.de\\\/wp-content\\\/uploads\\\/2023\\\/09\\\/Ahoernchen_Schluesselanhaenger.png\",\"width\":1080,\"height\":1080},{\"@type\":\"BreadcrumbList\",\"@id\":\"https:\\\/\\\/ahorn-camp.de\\\/product\\\/ahoernchen-schluesselanhaenger\\\/#breadcrumb\",\"itemListElement\":[{\"@type\":\"ListItem\",\"position\":1,\"name\":\"Startseite\",\"item\":\"https:\\\/\\\/ahorn-camp.de\\\/\"},{\"@type\":\"ListItem\",\"position\":2,\"name\":\"Merchandise-Shop\",\"item\":\"https:\\\/\\\/ahorn-camp.de\\\/merchandise-shop\\\/\"},{\"@type\":\"ListItem\",\"position\":3,\"name\":\"Schl\u00fcsselanh\u00e4nger &#8211; Ahorn Camp Ah\u00f6rnchen\"}]},{\"@type\":\"WebSite\",\"@id\":\"https:\\\/\\\/ahorn-camp.de\\\/#website\",\"url\":\"https:\\\/\\\/ahorn-camp.de\\\/\",\"name\":\"Ahorn Camp | Reisemobile und Kastenwagen\",\"description\":\"Seit \u00fcber 30 Jahren vermarktet das Familienunternehmen, Ahorn Camp in Speyer, erfolgreich Wohnmobile und Kastenwagen zum besten Preis-Leistungsverh\u00e4ltnis.\",\"publisher\":{\"@id\":\"https:\\\/\\\/ahorn-camp.de\\\/#organization\"},\"potentialAction\":[{\"@type\":\"SearchAction\",\"target\":{\"@type\":\"EntryPoint\",\"urlTemplate\":\"https:\\\/\\\/ahorn-camp.de\\\/?s={search_term_string}\"},\"query-input\":{\"@type\":\"PropertyValueSpecification\",\"valueRequired\":true,\"valueName\":\"search_term_string\"}}],\"inLanguage\":\"fr-FR\"},{\"@type\":\"Organization\",\"@id\":\"https:\\\/\\\/ahorn-camp.de\\\/#organization\",\"name\":\"Ahorn Camp GmbH & Co. KG\",\"url\":\"https:\\\/\\\/ahorn-camp.de\\\/\",\"logo\":{\"@type\":\"ImageObject\",\"inLanguage\":\"fr-FR\",\"@id\":\"https:\\\/\\\/ahorn-camp.de\\\/#\\\/schema\\\/logo\\\/image\\\/\",\"url\":\"https:\\\/\\\/ahorn-camp.de\\\/wp-content\\\/uploads\\\/2018\\\/12\\\/Ahorn_Logo.jpg\",\"contentUrl\":\"https:\\\/\\\/ahorn-camp.de\\\/wp-content\\\/uploads\\\/2018\\\/12\\\/Ahorn_Logo.jpg\",\"width\":1437,\"height\":1000,\"caption\":\"Ahorn Camp GmbH & Co. KG\"},\"image\":{\"@id\":\"https:\\\/\\\/ahorn-camp.de\\\/#\\\/schema\\\/logo\\\/image\\\/\"},\"sameAs\":[\"https:\\\/\\\/www.facebook.com\\\/ahorn.wohnmobile\\\/\",\"https:\\\/\\\/www.instagram.com\\\/ahorn.camp\\\/\",\"https:\\\/\\\/www.youtube.com\\\/channel\\\/UCPFbPCts1JJ_A1k9vyH0yOQ\"]}]}<\/script>\n<!-- \/ Yoast SEO plugin. -->","yoast_head_json":{"title":"Schl\u00fcsselanh\u00e4nger - Ahorn Camp Ah\u00f6rnchen - Ahorn Camp | Reisemobile und Kastenwagen","description":"Kuschelweich, reiselustig und liebenswert: Das Ah\u00f6rnchen als Schl\u00fcsselanh\u00e4nger. Es ist mit Liebe von Hand gefertigt, nachhaltig und klimaneutral produziert.","robots":{"index":"index","follow":"follow","max-snippet":"max-snippet:-1","max-image-preview":"max-image-preview:large","max-video-preview":"max-video-preview:-1"},"canonical":"https:\/\/ahorn-camp.de\/fr\/product\/ahoernchen-schluesselanhaenger\/","og_locale":"fr_FR","og_type":"article","og_title":"Schl\u00fcsselanh\u00e4nger - Ahorn Camp Ah\u00f6rnchen - Ahorn Camp | Reisemobile und Kastenwagen","og_description":"Kuschelweich, reiselustig und liebenswert: Das Ah\u00f6rnchen als Schl\u00fcsselanh\u00e4nger. Es ist mit Liebe von Hand gefertigt, nachhaltig und klimaneutral produziert.","og_url":"https:\/\/ahorn-camp.de\/fr\/product\/ahoernchen-schluesselanhaenger\/","og_site_name":"Ahorn Camp | Reisemobile und Kastenwagen","article_publisher":"https:\/\/www.facebook.com\/ahorn.wohnmobile\/","article_modified_time":"2025-02-14T11:24:52+00:00","og_image":[{"width":1080,"height":1080,"url":"https:\/\/ahorn-camp.de\/wp-content\/uploads\/2023\/09\/Ahoernchen_Schluesselanhaenger.png","type":"image\/png"}],"twitter_card":"summary_large_image","twitter_misc":{"Dur\u00e9e de lecture estim\u00e9e":"1 minute"},"schema":{"@context":"https:\/\/schema.org","@graph":[{"@type":"WebPage","@id":"https:\/\/ahorn-camp.de\/product\/ahoernchen-schluesselanhaenger\/","url":"https:\/\/ahorn-camp.de\/product\/ahoernchen-schluesselanhaenger\/","name":"Schl\u00fcsselanh\u00e4nger - Ahorn Camp Ah\u00f6rnchen - Ahorn Camp | Reisemobile und Kastenwagen","isPartOf":{"@id":"https:\/\/ahorn-camp.de\/#website"},"primaryImageOfPage":{"@id":"https:\/\/ahorn-camp.de\/product\/ahoernchen-schluesselanhaenger\/#primaryimage"},"image":{"@id":"https:\/\/ahorn-camp.de\/product\/ahoernchen-schluesselanhaenger\/#primaryimage"},"thumbnailUrl":"https:\/\/ahorn-camp.de\/wp-content\/uploads\/2023\/09\/Ahoernchen_Schluesselanhaenger.png","datePublished":"2023-09-15T09:35:39+00:00","dateModified":"2025-02-14T11:24:52+00:00","description":"Kuschelweich, reiselustig und liebenswert: Das Ah\u00f6rnchen als Schl\u00fcsselanh\u00e4nger. Es ist mit Liebe von Hand gefertigt, nachhaltig und klimaneutral produziert.","breadcrumb":{"@id":"https:\/\/ahorn-camp.de\/product\/ahoernchen-schluesselanhaenger\/#breadcrumb"},"inLanguage":"fr-FR","potentialAction":[{"@type":"ReadAction","target":["https:\/\/ahorn-camp.de\/product\/ahoernchen-schluesselanhaenger\/"]}]},{"@type":"ImageObject","inLanguage":"fr-FR","@id":"https:\/\/ahorn-camp.de\/product\/ahoernchen-schluesselanhaenger\/#primaryimage","url":"https:\/\/ahorn-camp.de\/wp-content\/uploads\/2023\/09\/Ahoernchen_Schluesselanhaenger.png","contentUrl":"https:\/\/ahorn-camp.de\/wp-content\/uploads\/2023\/09\/Ahoernchen_Schluesselanhaenger.png","width":1080,"height":1080},{"@type":"BreadcrumbList","@id":"https:\/\/ahorn-camp.de\/product\/ahoernchen-schluesselanhaenger\/#breadcrumb","itemListElement":[{"@type":"ListItem","position":1,"name":"Startseite","item":"https:\/\/ahorn-camp.de\/"},{"@type":"ListItem","position":2,"name":"Merchandise-Shop","item":"https:\/\/ahorn-camp.de\/merchandise-shop\/"},{"@type":"ListItem","position":3,"name":"Schl\u00fcsselanh\u00e4nger &#8211; Ahorn Camp Ah\u00f6rnchen"}]},{"@type":"WebSite","@id":"https:\/\/ahorn-camp.de\/#website","url":"https:\/\/ahorn-camp.de\/","name":"Ahorn Camp | Camping-cars et fourgons am\u00e9nag\u00e9s","description":"Depuis plus de 30 ans, l'entreprise familiale, Ahorn Camp \u00e0 Speyer, commercialise avec succ\u00e8s des camping-cars et des fourgons au meilleur rapport qualit\u00e9-prix.","publisher":{"@id":"https:\/\/ahorn-camp.de\/#organization"},"potentialAction":[{"@type":"SearchAction","target":{"@type":"EntryPoint","urlTemplate":"https:\/\/ahorn-camp.de\/?s={search_term_string}"},"query-input":{"@type":"PropertyValueSpecification","valueRequired":true,"valueName":"search_term_string"}}],"inLanguage":"fr-FR"},{"@type":"Organization","@id":"https:\/\/ahorn-camp.de\/#organization","name":"Ahorn Camp GmbH &amp; Co. KG","url":"https:\/\/ahorn-camp.de\/","logo":{"@type":"ImageObject","inLanguage":"fr-FR","@id":"https:\/\/ahorn-camp.de\/#\/schema\/logo\/image\/","url":"https:\/\/ahorn-camp.de\/wp-content\/uploads\/2018\/12\/Ahorn_Logo.jpg","contentUrl":"https:\/\/ahorn-camp.de\/wp-content\/uploads\/2018\/12\/Ahorn_Logo.jpg","width":1437,"height":1000,"caption":"Ahorn Camp GmbH & Co. KG"},"image":{"@id":"https:\/\/ahorn-camp.de\/#\/schema\/logo\/image\/"},"sameAs":["https:\/\/www.facebook.com\/ahorn.wohnmobile\/","https:\/\/www.instagram.com\/ahorn.camp\/","https:\/\/www.youtube.com\/channel\/UCPFbPCts1JJ_A1k9vyH0yOQ"]}]}},"_links":{"self":[{"href":"https:\/\/ahorn-camp.de\/fr\/wp-json\/wp\/v2\/product\/19980","targetHints":{"allow":["GET"]}}],"collection":[{"href":"https:\/\/ahorn-camp.de\/fr\/wp-json\/wp\/v2\/product"}],"about":[{"href":"https:\/\/ahorn-camp.de\/fr\/wp-json\/wp\/v2\/types\/product"}],"wp:featuredmedia":[{"embeddable":true,"href":"https:\/\/ahorn-camp.de\/fr\/wp-json\/wp\/v2\/media\/19982"}],"wp:attachment":[{"href":"https:\/\/ahorn-camp.de\/fr\/wp-json\/wp\/v2\/media?parent=19980"}],"wp:term":[{"taxonomy":"product_brand","embeddable":true,"href":"https:\/\/ahorn-camp.de\/fr\/wp-json\/wp\/v2\/product_brand?post=19980"},{"taxonomy":"product_cat","embeddable":true,"href":"https:\/\/ahorn-camp.de\/fr\/wp-json\/wp\/v2\/product_cat?post=19980"},{"taxonomy":"product_tag","embeddable":true,"href":"https:\/\/ahorn-camp.de\/fr\/wp-json\/wp\/v2\/product_tag?post=19980"}],"curies":[{"name":"wp","href":"https:\/\/api.w.org\/{rel}","templated":true}]}}