{"id":14357,"date":"2022-10-26T14:37:42","date_gmt":"2022-10-26T12:37:42","guid":{"rendered":"https:\/\/ahorn-camp.de\/?page_id=14357"},"modified":"2022-10-26T14:37:42","modified_gmt":"2022-10-26T12:37:42","slug":"hannover","status":"publish","type":"page","link":"https:\/\/ahorn-camp.de\/fr\/hannover\/","title":{"rendered":"Ahorn Camp Hannover"},"content":{"rendered":"<div class=\"wpb-content-wrapper\"><div class=\"vc_row wpb_row vc_row-fluid\"><div class=\"wpb_column vc_column_container vc_col-sm-12\"><div class=\"vc_column-inner\"><div class=\"wpb_wrapper\"><div class=\"vc_empty_space\"   style=\"height: 100px\"><span class=\"vc_empty_space_inner\"><\/span><\/div><h2 style=\"font-size: 28px;text-align: left\" class=\"vc_custom_heading vc_do_custom_heading\" >Willkommen bei CT-Reisemobile<\/h2><div class=\"vc_empty_space\"   style=\"height: 32px\"><span class=\"vc_empty_space_inner\"><\/span><\/div><h3 style=\"font-size: 28px;text-align: left\" class=\"vc_custom_heading vc_do_custom_heading\" >Verkauf und Service<\/h3>\n\t<div class=\"wpb_text_column wpb_content_element\" >\n\t\t<div class=\"wpb_wrapper\">\n\t\t\t<p>Herzlich willkommen bei\u00a0Weber\/Weber OHG CT-Reisemobile\u00a0in Garbsen bei Hannover. Als renommierter Servicepartner und Handelspartner f\u00fcr Ahorn Wohnmobile bieten wir unseren Kunden die verschiedensten Camper an. Lassen Sie sich von unseren Fachleuten ganz individuell beraten. Das\u00a0umfangreiche Angebot unserer Camper\u00a0reicht von teilintegrierten Wohnmobilen \u00fcber Alkoven Wohnmobile bis hin zu Wohnmobilen als Van oder Kastenwagen. Gerne k\u00f6nnen Sie die verschiedenen Modelle bei uns auch mieten. Unsere Camper zum Mieten bieten Platz f\u00fcr bis zu f\u00fcnf Personen. Sprechen Sie uns an und lassen Sie sich ein Angebot unterbreiten.<\/p>\n\n\t\t<\/div>\n\t<\/div>\n<style>.vc_btn3-style-gradient-custom.vc_btn-gradient-btn-6a006b7016599:hover{color: #ffffff;background-color: #054f91;border: none;background-position: 100% 0;}<\/style><style>.vc_btn3-style-gradient-custom.vc_btn-gradient-btn-6a006b7016599{color: #ffffff;border: none;background-color: #054f91;background-image: -webkit-linear-gradient(left, #054f91 0%, #054f91 50%,#054f91 100%);background-image: linear-gradient(to right, #054f91 0%, #054f91 50%,#054f91 100%);-webkit-transition: all .2s ease-in-out;transition: all .2s ease-in-out;background-size: 200% 100%;}<\/style><div class=\"vc_btn3-container vc_btn3-inline vc_do_btn\" ><a data-vc-gradient-1=\"#054f91\" data-vc-gradient-2=\"#054f91\" class=\"vc_general vc_btn3 vc_btn3-size-lg vc_btn3-shape-square vc_btn3-style-gradient-custom vc_btn-gradient-btn-6a006b7016599\" href=\"https:\/\/home.mobile.de\/HOLLWEDEL-ROLF#ses\" title=\"\">Aktuelle Angebote vor Ort<\/a><\/div><h3 style=\"font-size: 28px;text-align: left\" class=\"vc_custom_heading vc_do_custom_heading\" >Vermietung<\/h3>\n\t<div class=\"wpb_text_column wpb_content_element\" >\n\t\t<div class=\"wpb_wrapper\">\n\t\t\t<p><span data-contrast=\"none\">Reisemobilneuling? Noch unentschlossen welches Modell das Richtige ist? Oder einfach gerne jedes Mal was Neues?<\/span>\u00a0<span data-contrast=\"none\">Mit unseren Vermietfahrzeugen von Ahorn Camp sind Sie immer auf der sicheren Seite. Alle unsere Modelle werden nach hohen Sicherheitsstandards gepr\u00fcft und erm\u00f6glichen zuverl\u00e4ssiges und flexibles Reisen. Erleben Sie ein komfortables Campingabenteuer ohne Verpflichtungen und mieten Sie Ihr Traum-Wohnmobil. Bei uns profitieren Sie von einer pers\u00f6nlichen Beratung, unkomplizierter Buchung und gut ausgestatteten Reisemobilen.<\/span><\/p>\n\n\t\t<\/div>\n\t<\/div>\n<style>.vc_btn3-style-gradient-custom.vc_btn-gradient-btn-6a006b7016c2e:hover{color: #ffffff;background-color: #054f91;border: none;background-position: 100% 0;}<\/style><style>.vc_btn3-style-gradient-custom.vc_btn-gradient-btn-6a006b7016c2e{color: #ffffff;border: none;background-color: #054f91;background-image: -webkit-linear-gradient(left, #054f91 0%, #054f91 50%,#054f91 100%);background-image: linear-gradient(to right, #054f91 0%, #054f91 50%,#054f91 100%);-webkit-transition: all .2s ease-in-out;transition: all .2s ease-in-out;background-size: 200% 100%;}<\/style><div class=\"vc_btn3-container vc_btn3-inline vc_do_btn\" ><a data-vc-gradient-1=\"#054f91\" data-vc-gradient-2=\"#054f91\" class=\"vc_general vc_btn3 vc_btn3-size-lg vc_btn3-shape-square vc_btn3-style-gradient-custom vc_btn-gradient-btn-6a006b7016c2e\" href=\"https:\/\/ahorn-rent.de\/vermietstationen\/ct-reisemobile\/\" title=\"\" target=\"_blank\">Jetzt mieten<\/a><\/div>\n\t<div class=\"wpb_text_column wpb_content_element\" >\n\t\t<div class=\"wpb_wrapper\">\n\t\t\t\n\t\t<\/div>\n\t<\/div>\n<\/div><\/div><\/div><\/div><div data-vc-full-width=\"true\" data-vc-full-width-temp=\"true\" data-vc-full-width-init=\"false\" class=\"vc_row wpb_row vc_row-fluid vc_custom_1666786617225 vc_row-has-fill\"><div class=\"wpb_column vc_column_container vc_col-sm-12\"><div class=\"vc_column-inner\"><div class=\"wpb_wrapper\"><div class=\"vc_row wpb_row vc_inner vc_row-fluid\"><div class=\"wpb_column vc_column_container vc_col-sm-12\"><div class=\"vc_column-inner\"><div class=\"wpb_wrapper\"><h3 style=\"font-size: 29px;color: #ffffff;line-height: 1;text-align: center\" class=\"vc_custom_heading vc_do_custom_heading\" >Kontaktieren Sie jetzt unseren Handelspartner in Hannover<\/h3><div class=\"vc_empty_space\"   style=\"height: 20px\"><span class=\"vc_empty_space_inner\"><\/span><\/div><\/div><\/div><\/div><\/div><div class=\"vc_row wpb_row vc_inner vc_row-fluid\"><div class=\"wpb_column vc_column_container vc_col-sm-4\"><div class=\"vc_column-inner\"><div class=\"wpb_wrapper\"><div class=\"vc_icon_element vc_icon_element-outer vc_do_icon vc_icon_element-align-center\"><div class=\"vc_icon_element-inner vc_icon_element-color-custom vc_icon_element-size-lg vc_icon_element-style- vc_icon_element-background-color-grey\" ><span class=\"vc_icon_element-icon fas fa-map-marker-alt\" style=\"color:#ffffff !important\"><\/span><a class=\"vc_icon_element-link\" href=\"https:\/\/goo.gl\/maps\/cuzJGvBfmej65sfP8\"  title=\"\" target=\"_self\"><\/a><\/div><\/div><h5 style=\"color: #ffffff;text-align: center\" class=\"vc_custom_heading vc_do_custom_heading\" >CT-Reisemobile<\/h5>\n\t<div class=\"wpb_text_column wpb_content_element\" >\n\t\t<div class=\"wpb_wrapper\">\n\t\t\t<p style=\"text-align: center;\"><span style=\"color: #ffffff;\">Osterwalder Str. 24A<\/span><br \/>\n<span style=\"color: #ffffff;\">30827 Garbsen<\/span><\/p>\n\n\t\t<\/div>\n\t<\/div>\n<\/div><\/div><\/div><div class=\"wpb_column vc_column_container vc_col-sm-4\"><div class=\"vc_column-inner\"><div class=\"wpb_wrapper\"><div class=\"vc_icon_element vc_icon_element-outer vc_do_icon vc_icon_element-align-center\"><div class=\"vc_icon_element-inner vc_icon_element-color-custom vc_icon_element-size-lg vc_icon_element-style- vc_icon_element-background-color-grey\" ><span class=\"vc_icon_element-icon fas fa-phone-alt\" style=\"color:#ffffff !important\"><\/span><a class=\"vc_icon_element-link\" href=\"tel:051314848505\"  title=\"\" target=\"_self\"><\/a><\/div><\/div><h5 style=\"color: #ffffff;text-align: center\" class=\"vc_custom_heading vc_do_custom_heading\" >Telefon<\/h5>\n\t<div class=\"wpb_text_column wpb_content_element\" >\n\t\t<div class=\"wpb_wrapper\">\n\t\t\t<p style=\"text-align: center;\"><span style=\"color: #ffffff;\"><a style=\"color: #ffffff;\" href=\"tel:051314848505\">051314848505<\/a><\/span><\/p>\n\n\t\t<\/div>\n\t<\/div>\n<\/div><\/div><\/div><div class=\"wpb_column vc_column_container vc_col-sm-4\"><div class=\"vc_column-inner\"><div class=\"wpb_wrapper\"><div class=\"vc_icon_element vc_icon_element-outer vc_do_icon vc_icon_element-align-center\"><div class=\"vc_icon_element-inner vc_icon_element-color-custom vc_icon_element-size-lg vc_icon_element-style- vc_icon_element-background-color-grey\" ><span class=\"vc_icon_element-icon fas fa-envelope\" style=\"color:#ffffff !important\"><\/span><a class=\"vc_icon_element-link\" href=\"mailto:info@autohausrolf.de\"  title=\"\" target=\"_self\"><\/a><\/div><\/div><h5 style=\"color: #ffffff;text-align: center\" class=\"vc_custom_heading vc_do_custom_heading\" >E-Mail<\/h5>\n\t<div class=\"wpb_text_column wpb_content_element\" >\n\t\t<div class=\"wpb_wrapper\">\n\t\t\t<p style=\"text-align: center;\"><span style=\"color: #ffffff;\"><a class=\"escape email\" style=\"color: #ffffff;\" title=\"Schreiben Sie Weber\/Weber OHG CT-Reisemobile in 30827 Garbsen eine E-Mail.\" href=\"mailto:ct-reisemobile@t-online.de\" data-email=\"{&quot;name&quot;:&quot;ct-reisemobile&quot;,&quot;host&quot;:&quot;t-online.de&quot;}\">ct-reisemobile@t-online.de<\/a><\/span><\/p>\n\n\t\t<\/div>\n\t<\/div>\n<\/div><\/div><\/div><\/div><\/div><\/div><\/div><\/div><div class=\"vc_row-full-width vc_clearfix\"><\/div><div class=\"vc_row wpb_row vc_row-fluid\"><div class=\"wpb_column vc_column_container vc_col-sm-12\"><div class=\"vc_column-inner\"><div class=\"wpb_wrapper\"><div class=\"vc_empty_space\"   style=\"height: 32px\"><span class=\"vc_empty_space_inner\"><\/span><\/div><\/div><\/div><\/div><\/div><div data-vc-full-width=\"true\" data-vc-full-width-temp=\"true\" data-vc-full-width-init=\"false\" class=\"vc_row wpb_row vc_row-fluid vc_custom_1631262686007\"><div class=\"wpb_column vc_column_container vc_col-sm-12\"><div class=\"vc_column-inner\"><div class=\"wpb_wrapper\"><div class=\"vc_empty_space\"   style=\"height: 10px\"><span class=\"vc_empty_space_inner\"><\/span><\/div><div class=\"vc_row wpb_row vc_inner vc_row-fluid vc_row-o-equal-height vc_row-flex\"><div class=\"class-home-box wpb_column vc_column_container vc_col-sm-4 vc_col-has-fill\"><div class=\"vc_column-inner vc_custom_1589467950846\"><div class=\"wpb_wrapper\">\n\t<div class=\"wpb_text_column wpb_content_element vc_custom_1633606858346\" >\n\t\t<div class=\"wpb_wrapper\">\n\t\t\t<h4 style=\"text-align: center;\">ALKOVEN WOHNMOBILE<\/h4>\n<h6 style=\"text-align: center;\">Sehr ger\u00e4umig f\u00fcr ein gro\u00dfartiges Raumgef\u00fchl<\/h6>\n\n\t\t<\/div>\n\t<\/div>\n\n\t<div  class=\"wpb_single_image wpb_content_element vc_align_center wpb_content_element\">\n\t\t\n\t\t<figure class=\"wpb_wrapper vc_figure\">\n\t\t\t<a href=\"https:\/\/ahorn-camp.de\/ahorn-reisemobile\/alkoven-wohnmobile\/\" target=\"_self\" class=\"vc_single_image-wrapper   vc_box_border_grey\"><img fetchpriority=\"high\" decoding=\"async\" width=\"2000\" height=\"1333\" src=\"https:\/\/ahorn-camp.de\/wp-content\/uploads\/2020\/09\/ahorn-Canada-AE-2021-vorne-schr\u00e4g.png\" class=\"vc_single_image-img attachment-full\" alt=\"Das Canada AE Alkoven Wohnmobil von vorne.\" title=\"Ahorn Canada AE\" srcset=\"https:\/\/ahorn-camp.de\/wp-content\/uploads\/2020\/09\/ahorn-Canada-AE-2021-vorne-schr\u00e4g.png 2000w, https:\/\/ahorn-camp.de\/wp-content\/uploads\/2020\/09\/ahorn-Canada-AE-2021-vorne-schr\u00e4g-300x200.png 300w, https:\/\/ahorn-camp.de\/wp-content\/uploads\/2020\/09\/ahorn-Canada-AE-2021-vorne-schr\u00e4g-1024x682.png 1024w, https:\/\/ahorn-camp.de\/wp-content\/uploads\/2020\/09\/ahorn-Canada-AE-2021-vorne-schr\u00e4g-768x512.png 768w, https:\/\/ahorn-camp.de\/wp-content\/uploads\/2020\/09\/ahorn-Canada-AE-2021-vorne-schr\u00e4g-800x533.png 800w, https:\/\/ahorn-camp.de\/wp-content\/uploads\/2020\/09\/ahorn-Canada-AE-2021-vorne-schr\u00e4g-1536x1024.png 1536w\" sizes=\"(max-width: 2000px) 100vw, 2000px\" \/><\/a>\n\t\t<\/figure>\n\t<\/div>\n[button size=&#8220;lg&#8220; align=&#8220;center&#8220; href=&#8220;url:https%3A%2F%2Fwww.ahorn-camp.de%2Fahorn-reisemobile%2Falkoven-wohnmobile%2F&#8220;]Alle Alkoven Modelle[\/button]<div class=\"vc_empty_space\"   style=\"height: 32px\"><span class=\"vc_empty_space_inner\"><\/span><\/div><\/div><\/div><\/div><div class=\"class-home-box wpb_column vc_column_container vc_col-sm-4 vc_col-has-fill\"><div class=\"vc_column-inner vc_custom_1589467953480\"><div class=\"wpb_wrapper\">\n\t<div class=\"wpb_text_column wpb_content_element vc_custom_1615301540190\" >\n\t\t<div class=\"wpb_wrapper\">\n\t\t\t<h4 style=\"text-align: center;\">TEILINTEGRIERTE WOHNMOBILE<\/h4>\n<h6 style=\"text-align: center;\">Reisen im mobilen Luxushotel<\/h6>\n\n\t\t<\/div>\n\t<\/div>\n\n\t<div  class=\"wpb_single_image wpb_content_element vc_align_center wpb_content_element\">\n\t\t\n\t\t<figure class=\"wpb_wrapper vc_figure\">\n\t\t\t<a href=\"https:\/\/ahorn-camp.de\/ahorn-reisemobile\/teilintegrierte-wohnmobile\/\" target=\"_self\" class=\"vc_single_image-wrapper   vc_box_border_grey\"><img decoding=\"async\" width=\"1200\" height=\"800\" src=\"https:\/\/ahorn-camp.de\/wp-content\/uploads\/2020\/09\/ahorn-Canada-TQ-2021-vorne-schraeg_small.png\" class=\"vc_single_image-img attachment-full\" alt=\"Ahorn Camp Canada TQ Teilintegrierte Wohnmobile von vorne\" title=\"Ahorn Camp Canada TQ\" srcset=\"https:\/\/ahorn-camp.de\/wp-content\/uploads\/2020\/09\/ahorn-Canada-TQ-2021-vorne-schraeg_small.png 1200w, https:\/\/ahorn-camp.de\/wp-content\/uploads\/2020\/09\/ahorn-Canada-TQ-2021-vorne-schraeg_small-300x200.png 300w, https:\/\/ahorn-camp.de\/wp-content\/uploads\/2020\/09\/ahorn-Canada-TQ-2021-vorne-schraeg_small-1024x683.png 1024w, https:\/\/ahorn-camp.de\/wp-content\/uploads\/2020\/09\/ahorn-Canada-TQ-2021-vorne-schraeg_small-768x512.png 768w, https:\/\/ahorn-camp.de\/wp-content\/uploads\/2020\/09\/ahorn-Canada-TQ-2021-vorne-schraeg_small-800x533.png 800w\" sizes=\"(max-width: 1200px) 100vw, 1200px\" \/><\/a>\n\t\t<\/figure>\n\t<\/div>\n[button size=&#8220;lg&#8220; align=&#8220;center&#8220; href=&#8220;url:https%3A%2F%2Fwww.ahorn-camp.de%2Fahorn-reisemobile%2Fteilintegrierte-wohnmobile|title:Teilintegrierte%20Modelle&#8220;]Alle Teilintegrierten Modelle[\/button]<div class=\"vc_empty_space\"   style=\"height: 32px\"><span class=\"vc_empty_space_inner\"><\/span><\/div><\/div><\/div><\/div><div class=\"class-home-box wpb_column vc_column_container vc_col-sm-4 vc_col-has-fill\"><div class=\"vc_column-inner vc_custom_1589467956640\"><div class=\"wpb_wrapper\">\n\t<div class=\"wpb_text_column wpb_content_element vc_custom_1621592900724\" >\n\t\t<div class=\"wpb_wrapper\">\n\t\t\t<h4 class=\"font_0\" style=\"text-align: center;\">CAMPERVANS<\/h4>\n<h6 class=\"font_0\" style=\"text-align: center;\">F\u00fcr spontane und unkomplizierte Trips<\/h6>\n\n\t\t<\/div>\n\t<\/div>\n\n\t<div  class=\"wpb_single_image wpb_content_element vc_align_center wpb_content_element\">\n\t\t\n\t\t<figure class=\"wpb_wrapper vc_figure\">\n\t\t\t<a href=\"https:\/\/ahorn-camp.de\/ahorn-reisemobile\/campervans\/\" target=\"_self\" class=\"vc_single_image-wrapper   vc_box_border_grey\"><img decoding=\"async\" width=\"2000\" height=\"1333\" src=\"https:\/\/ahorn-camp.de\/wp-content\/uploads\/2020\/09\/ahorn-Van-550-2021-vorne-schr\u00e4g-grau.png\" class=\"vc_single_image-img attachment-full\" alt=\"Das Reisemobil von Ahorn Camp\" title=\"Ahorn Camp Van\" srcset=\"https:\/\/ahorn-camp.de\/wp-content\/uploads\/2020\/09\/ahorn-Van-550-2021-vorne-schr\u00e4g-grau.png 2000w, https:\/\/ahorn-camp.de\/wp-content\/uploads\/2020\/09\/ahorn-Van-550-2021-vorne-schr\u00e4g-grau-300x200.png 300w, https:\/\/ahorn-camp.de\/wp-content\/uploads\/2020\/09\/ahorn-Van-550-2021-vorne-schr\u00e4g-grau-1024x682.png 1024w, https:\/\/ahorn-camp.de\/wp-content\/uploads\/2020\/09\/ahorn-Van-550-2021-vorne-schr\u00e4g-grau-768x512.png 768w, https:\/\/ahorn-camp.de\/wp-content\/uploads\/2020\/09\/ahorn-Van-550-2021-vorne-schr\u00e4g-grau-800x533.png 800w, https:\/\/ahorn-camp.de\/wp-content\/uploads\/2020\/09\/ahorn-Van-550-2021-vorne-schr\u00e4g-grau-1536x1024.png 1536w\" sizes=\"(max-width: 2000px) 100vw, 2000px\" \/><\/a>\n\t\t<\/figure>\n\t<\/div>\n[button size=&#8220;lg&#8220; align=&#8220;center&#8220; href=&#8220;url:%20https%3A%2F%2Fwww.ahorn-camp.de%2Fahorn-reisemobile%2Fcampervans%2F|title:Van%20Kastenwagen&#8220;]Alle Van Modelle[\/button]<div class=\"vc_empty_space\"   style=\"height: 32px\"><span class=\"vc_empty_space_inner\"><\/span><\/div><\/div><\/div><\/div><\/div><div class=\"vc_empty_space\"   style=\"height: 50px\"><span class=\"vc_empty_space_inner\"><\/span><\/div><div class=\"vc_empty_space\"   style=\"height: 50px\"><span class=\"vc_empty_space_inner\"><\/span><\/div><div class=\"vc_empty_space\"   style=\"height: 50px\"><span class=\"vc_empty_space_inner\"><\/span><\/div><\/div><\/div><\/div><\/div><div class=\"vc_row-full-width vc_clearfix\"><\/div>\n<\/div>","protected":false},"excerpt":{"rendered":"Willkommen bei CT-ReisemobileVerkauf und Service Herzlich willkommen bei\u00a0Weber\/Weber OHG CT-Reisemobile\u00a0in Garbsen bei Hannover. Als renommierter Servicepartner und Handelspartner f\u00fcr Ahorn Wohnmobile bieten wir unseren Kunden die verschiedensten Camper an. Lassen Sie sich von unseren Fachleuten ganz individuell beraten. Das\u00a0umfangreiche Angebot unserer Camper\u00a0reicht von teilintegrierten Wohnmobilen \u00fcber Alkoven Wohnmobile bis hin zu Wohnmobilen als Van oder [...]","protected":false},"author":2,"featured_media":0,"parent":0,"menu_order":13,"comment_status":"closed","ping_status":"closed","template":"","meta":{"content-type":"","footnotes":""},"class_list":["post-14357","page","type-page","status-publish","hentry"],"yoast_head":"<!-- This site is optimized with the Yoast SEO plugin v27.5 - https:\/\/yoast.com\/product\/yoast-seo-wordpress\/ -->\n<title>Ahorn Camp Hannover - Ahorn Camp | Reisemobile und Kastenwagen<\/title>\n<meta name=\"robots\" content=\"noindex, nofollow\" \/>\n<meta property=\"og:locale\" content=\"fr_FR\" \/>\n<meta property=\"og:type\" content=\"article\" \/>\n<meta property=\"og:title\" content=\"Ahorn Camp Hannover - Ahorn Camp | Reisemobile und Kastenwagen\" \/>\n<meta property=\"og:url\" content=\"https:\/\/ahorn-camp.de\/fr\/hannover\/\" \/>\n<meta property=\"og:site_name\" content=\"Ahorn Camp | Reisemobile und Kastenwagen\" \/>\n<meta property=\"article:publisher\" content=\"https:\/\/www.facebook.com\/ahorn.wohnmobile\/\" \/>\n<meta name=\"twitter:card\" content=\"summary_large_image\" \/>\n<meta name=\"twitter:label1\" content=\"Dur\u00e9e de lecture estim\u00e9e\" \/>\n\t<meta name=\"twitter:data1\" content=\"3 minutes\" \/>\n<script type=\"application\/ld+json\" class=\"yoast-schema-graph\">{\"@context\":\"https:\\\/\\\/schema.org\",\"@graph\":[{\"@type\":\"WebPage\",\"@id\":\"https:\\\/\\\/ahorn-camp.de\\\/hannover\\\/\",\"url\":\"https:\\\/\\\/ahorn-camp.de\\\/hannover\\\/\",\"name\":\"Ahorn Camp Hannover - Ahorn Camp | Reisemobile und Kastenwagen\",\"isPartOf\":{\"@id\":\"https:\\\/\\\/ahorn-camp.de\\\/#website\"},\"datePublished\":\"2022-10-26T12:37:42+00:00\",\"breadcrumb\":{\"@id\":\"https:\\\/\\\/ahorn-camp.de\\\/hannover\\\/#breadcrumb\"},\"inLanguage\":\"fr-FR\",\"potentialAction\":[{\"@type\":\"ReadAction\",\"target\":[\"https:\\\/\\\/ahorn-camp.de\\\/hannover\\\/\"]}]},{\"@type\":\"BreadcrumbList\",\"@id\":\"https:\\\/\\\/ahorn-camp.de\\\/hannover\\\/#breadcrumb\",\"itemListElement\":[{\"@type\":\"ListItem\",\"position\":1,\"name\":\"Startseite\",\"item\":\"https:\\\/\\\/ahorn-camp.de\\\/\"},{\"@type\":\"ListItem\",\"position\":2,\"name\":\"Ahorn Camp Hannover\"}]},{\"@type\":\"WebSite\",\"@id\":\"https:\\\/\\\/ahorn-camp.de\\\/#website\",\"url\":\"https:\\\/\\\/ahorn-camp.de\\\/\",\"name\":\"Ahorn Camp | Reisemobile und Kastenwagen\",\"description\":\"Seit \u00fcber 30 Jahren vermarktet das Familienunternehmen, Ahorn Camp in Speyer, erfolgreich Wohnmobile und Kastenwagen zum besten Preis-Leistungsverh\u00e4ltnis.\",\"publisher\":{\"@id\":\"https:\\\/\\\/ahorn-camp.de\\\/#organization\"},\"potentialAction\":[{\"@type\":\"SearchAction\",\"target\":{\"@type\":\"EntryPoint\",\"urlTemplate\":\"https:\\\/\\\/ahorn-camp.de\\\/?s={search_term_string}\"},\"query-input\":{\"@type\":\"PropertyValueSpecification\",\"valueRequired\":true,\"valueName\":\"search_term_string\"}}],\"inLanguage\":\"fr-FR\"},{\"@type\":\"Organization\",\"@id\":\"https:\\\/\\\/ahorn-camp.de\\\/#organization\",\"name\":\"Ahorn Camp GmbH & Co. KG\",\"url\":\"https:\\\/\\\/ahorn-camp.de\\\/\",\"logo\":{\"@type\":\"ImageObject\",\"inLanguage\":\"fr-FR\",\"@id\":\"https:\\\/\\\/ahorn-camp.de\\\/#\\\/schema\\\/logo\\\/image\\\/\",\"url\":\"https:\\\/\\\/ahorn-camp.de\\\/wp-content\\\/uploads\\\/2018\\\/12\\\/Ahorn_Logo.jpg\",\"contentUrl\":\"https:\\\/\\\/ahorn-camp.de\\\/wp-content\\\/uploads\\\/2018\\\/12\\\/Ahorn_Logo.jpg\",\"width\":1437,\"height\":1000,\"caption\":\"Ahorn Camp GmbH & Co. KG\"},\"image\":{\"@id\":\"https:\\\/\\\/ahorn-camp.de\\\/#\\\/schema\\\/logo\\\/image\\\/\"},\"sameAs\":[\"https:\\\/\\\/www.facebook.com\\\/ahorn.wohnmobile\\\/\",\"https:\\\/\\\/www.instagram.com\\\/ahorn.camp\\\/\",\"https:\\\/\\\/www.youtube.com\\\/channel\\\/UCPFbPCts1JJ_A1k9vyH0yOQ\"]}]}<\/script>\n<!-- \/ Yoast SEO plugin. -->","yoast_head_json":{"title":"Ahorn Camp Hannover - Ahorn Camp | Reisemobile und Kastenwagen","robots":{"index":"noindex","follow":"nofollow"},"og_locale":"fr_FR","og_type":"article","og_title":"Ahorn Camp Hannover - Ahorn Camp | Reisemobile und Kastenwagen","og_url":"https:\/\/ahorn-camp.de\/fr\/hannover\/","og_site_name":"Ahorn Camp | Reisemobile und Kastenwagen","article_publisher":"https:\/\/www.facebook.com\/ahorn.wohnmobile\/","twitter_card":"summary_large_image","twitter_misc":{"Dur\u00e9e de lecture estim\u00e9e":"3 minutes"},"schema":{"@context":"https:\/\/schema.org","@graph":[{"@type":"WebPage","@id":"https:\/\/ahorn-camp.de\/hannover\/","url":"https:\/\/ahorn-camp.de\/hannover\/","name":"Ahorn Camp Hannover - Ahorn Camp | Reisemobile und Kastenwagen","isPartOf":{"@id":"https:\/\/ahorn-camp.de\/#website"},"datePublished":"2022-10-26T12:37:42+00:00","breadcrumb":{"@id":"https:\/\/ahorn-camp.de\/hannover\/#breadcrumb"},"inLanguage":"fr-FR","potentialAction":[{"@type":"ReadAction","target":["https:\/\/ahorn-camp.de\/hannover\/"]}]},{"@type":"BreadcrumbList","@id":"https:\/\/ahorn-camp.de\/hannover\/#breadcrumb","itemListElement":[{"@type":"ListItem","position":1,"name":"Startseite","item":"https:\/\/ahorn-camp.de\/"},{"@type":"ListItem","position":2,"name":"Ahorn Camp Hannover"}]},{"@type":"WebSite","@id":"https:\/\/ahorn-camp.de\/#website","url":"https:\/\/ahorn-camp.de\/","name":"Ahorn Camp | Camping-cars et fourgons am\u00e9nag\u00e9s","description":"Depuis plus de 30 ans, l'entreprise familiale, Ahorn Camp \u00e0 Speyer, commercialise avec succ\u00e8s des camping-cars et des fourgons au meilleur rapport qualit\u00e9-prix.","publisher":{"@id":"https:\/\/ahorn-camp.de\/#organization"},"potentialAction":[{"@type":"SearchAction","target":{"@type":"EntryPoint","urlTemplate":"https:\/\/ahorn-camp.de\/?s={search_term_string}"},"query-input":{"@type":"PropertyValueSpecification","valueRequired":true,"valueName":"search_term_string"}}],"inLanguage":"fr-FR"},{"@type":"Organization","@id":"https:\/\/ahorn-camp.de\/#organization","name":"Ahorn Camp GmbH &amp; Co. KG","url":"https:\/\/ahorn-camp.de\/","logo":{"@type":"ImageObject","inLanguage":"fr-FR","@id":"https:\/\/ahorn-camp.de\/#\/schema\/logo\/image\/","url":"https:\/\/ahorn-camp.de\/wp-content\/uploads\/2018\/12\/Ahorn_Logo.jpg","contentUrl":"https:\/\/ahorn-camp.de\/wp-content\/uploads\/2018\/12\/Ahorn_Logo.jpg","width":1437,"height":1000,"caption":"Ahorn Camp GmbH & Co. KG"},"image":{"@id":"https:\/\/ahorn-camp.de\/#\/schema\/logo\/image\/"},"sameAs":["https:\/\/www.facebook.com\/ahorn.wohnmobile\/","https:\/\/www.instagram.com\/ahorn.camp\/","https:\/\/www.youtube.com\/channel\/UCPFbPCts1JJ_A1k9vyH0yOQ"]}]}},"_links":{"self":[{"href":"https:\/\/ahorn-camp.de\/fr\/wp-json\/wp\/v2\/pages\/14357","targetHints":{"allow":["GET"]}}],"collection":[{"href":"https:\/\/ahorn-camp.de\/fr\/wp-json\/wp\/v2\/pages"}],"about":[{"href":"https:\/\/ahorn-camp.de\/fr\/wp-json\/wp\/v2\/types\/page"}],"author":[{"embeddable":true,"href":"https:\/\/ahorn-camp.de\/fr\/wp-json\/wp\/v2\/users\/2"}],"replies":[{"embeddable":true,"href":"https:\/\/ahorn-camp.de\/fr\/wp-json\/wp\/v2\/comments?post=14357"}],"version-history":[{"count":0,"href":"https:\/\/ahorn-camp.de\/fr\/wp-json\/wp\/v2\/pages\/14357\/revisions"}],"wp:attachment":[{"href":"https:\/\/ahorn-camp.de\/fr\/wp-json\/wp\/v2\/media?parent=14357"}],"curies":[{"name":"wp","href":"https:\/\/api.w.org\/{rel}","templated":true}]}}