{"id":4086,"date":"2020-02-24T10:19:07","date_gmt":"2020-02-24T09:19:07","guid":{"rendered":"https:\/\/ahorn-camp.de\/?post_type=product&#038;p=4086"},"modified":"2025-03-03T08:39:21","modified_gmt":"2025-03-03T07:39:21","slug":"gaestehandtuch","status":"publish","type":"product","link":"https:\/\/ahorn-camp.de\/es\/product\/gaestehandtuch\/","title":{"rendered":"Toalla de invitados 54 x 30 cm gris"},"content":{"rendered":"<p>Entdecken Sie unser hochwertiges G\u00e4stehandtuch in elegantem Grau (Bilder weichen hiervon ab) \u2013 die perfekte Erg\u00e4nzung f\u00fcr jedes Badezimmer. Mit den Ma\u00dfen 30 x 54 cm eignet es sich ideal zum Abtrocknen der H\u00e4nde oder des Gesichts. Die robuste Verarbeitung garantiert Langlebigkeit, w\u00e4hrend das zeitlose Design in Grau sich nahtlos in verschiedene Einrichtungsstile einf\u00fcgt. G\u00f6nnen Sie Ihren G\u00e4sten ein besonderes Wohlf\u00fchlerlebnis mit diesem stilvollen und praktischen G\u00e4stehandtuch.<\/p>\n<p>&nbsp;<\/p>\n<p>Die wei\u00dfen Handt\u00fccher in dieser Gr\u00f6\u00dfe sind ausverkauft.<\/p>","protected":false},"excerpt":{"rendered":"<p>G\u00e4stehandtuch<br \/>\n54 x 30 cm<br \/>\nN\u00famero de art\u00edculo: AC-GH-18011<\/p>","protected":false},"featured_media":7297,"template":"","meta":{"content-type":""},"product_brand":[],"product_cat":[112,114],"product_tag":[],"class_list":{"0":"post-4086","1":"product","2":"type-product","3":"status-publish","4":"has-post-thumbnail","6":"product_cat-uncategorized","7":"product_cat-textilien","8":"product_shipping_class-paket","10":"first","11":"instock","12":"taxable","13":"shipping-taxable","14":"purchasable","15":"product-type-simple"},"yoast_head":"<!-- This site is optimized with the Yoast SEO plugin v27.5 - https:\/\/yoast.com\/product\/yoast-seo-wordpress\/ -->\n<title>G\u00e4stehandtuch 54 x 30 cm grau - Ahorn Camp | Reisemobile und Kastenwagen<\/title>\n<meta name=\"description\" content=\"Kaufe dir im Online-Shop dein kuschelweiches G\u00e4stehandtuch f\u00fcr das Wohnmobil mit hochwertiger Bestickung. Werde jetzt ein Teil der Ahorn Familie!\" \/>\n<meta name=\"robots\" content=\"index, follow, max-snippet:-1, max-image-preview:large, max-video-preview:-1\" \/>\n<link rel=\"canonical\" href=\"https:\/\/ahorn-camp.de\/es\/product\/gaestehandtuch\/\" \/>\n<meta property=\"og:locale\" content=\"es_ES\" \/>\n<meta property=\"og:type\" content=\"article\" \/>\n<meta property=\"og:title\" content=\"G\u00e4stehandtuch 54 x 30 cm grau - Ahorn Camp | Reisemobile und Kastenwagen\" \/>\n<meta property=\"og:description\" content=\"Kaufe dir im Online-Shop dein kuschelweiches G\u00e4stehandtuch f\u00fcr das Wohnmobil mit hochwertiger Bestickung. Werde jetzt ein Teil der Ahorn Familie!\" \/>\n<meta property=\"og:url\" content=\"https:\/\/ahorn-camp.de\/es\/product\/gaestehandtuch\/\" \/>\n<meta property=\"og:site_name\" content=\"Ahorn Camp | Reisemobile und Kastenwagen\" \/>\n<meta property=\"article:publisher\" content=\"https:\/\/www.facebook.com\/ahorn.wohnmobile\/\" \/>\n<meta property=\"article:modified_time\" content=\"2025-03-03T07:39:21+00:00\" \/>\n<meta property=\"og:image\" content=\"https:\/\/ahorn-camp.de\/wp-content\/uploads\/2020\/02\/Gaestehandtuch-scaled.jpg\" \/>\n\t<meta property=\"og:image:width\" content=\"2560\" \/>\n\t<meta property=\"og:image:height\" content=\"1945\" \/>\n\t<meta property=\"og:image:type\" content=\"image\/jpeg\" \/>\n<meta name=\"twitter:card\" content=\"summary_large_image\" \/>\n<meta name=\"twitter:label1\" content=\"Tiempo de lectura\" \/>\n\t<meta name=\"twitter:data1\" content=\"1 minuto\" \/>\n<script type=\"application\/ld+json\" class=\"yoast-schema-graph\">{\"@context\":\"https:\\\/\\\/schema.org\",\"@graph\":[{\"@type\":\"WebPage\",\"@id\":\"https:\\\/\\\/ahorn-camp.de\\\/product\\\/gaestehandtuch\\\/\",\"url\":\"https:\\\/\\\/ahorn-camp.de\\\/product\\\/gaestehandtuch\\\/\",\"name\":\"G\u00e4stehandtuch 54 x 30 cm grau - Ahorn Camp | Reisemobile und Kastenwagen\",\"isPartOf\":{\"@id\":\"https:\\\/\\\/ahorn-camp.de\\\/#website\"},\"primaryImageOfPage\":{\"@id\":\"https:\\\/\\\/ahorn-camp.de\\\/product\\\/gaestehandtuch\\\/#primaryimage\"},\"image\":{\"@id\":\"https:\\\/\\\/ahorn-camp.de\\\/product\\\/gaestehandtuch\\\/#primaryimage\"},\"thumbnailUrl\":\"https:\\\/\\\/ahorn-camp.de\\\/wp-content\\\/uploads\\\/2020\\\/02\\\/Gaestehandtuch-scaled.jpg\",\"datePublished\":\"2020-02-24T09:19:07+00:00\",\"dateModified\":\"2025-03-03T07:39:21+00:00\",\"description\":\"Kaufe dir im Online-Shop dein kuschelweiches G\u00e4stehandtuch f\u00fcr das Wohnmobil mit hochwertiger Bestickung. Werde jetzt ein Teil der Ahorn Familie!\",\"breadcrumb\":{\"@id\":\"https:\\\/\\\/ahorn-camp.de\\\/product\\\/gaestehandtuch\\\/#breadcrumb\"},\"inLanguage\":\"es\",\"potentialAction\":[{\"@type\":\"ReadAction\",\"target\":[\"https:\\\/\\\/ahorn-camp.de\\\/product\\\/gaestehandtuch\\\/\"]}]},{\"@type\":\"ImageObject\",\"inLanguage\":\"es\",\"@id\":\"https:\\\/\\\/ahorn-camp.de\\\/product\\\/gaestehandtuch\\\/#primaryimage\",\"url\":\"https:\\\/\\\/ahorn-camp.de\\\/wp-content\\\/uploads\\\/2020\\\/02\\\/Gaestehandtuch-scaled.jpg\",\"contentUrl\":\"https:\\\/\\\/ahorn-camp.de\\\/wp-content\\\/uploads\\\/2020\\\/02\\\/Gaestehandtuch-scaled.jpg\",\"width\":2560,\"height\":1945,\"caption\":\"Gaestehandtuch\"},{\"@type\":\"BreadcrumbList\",\"@id\":\"https:\\\/\\\/ahorn-camp.de\\\/product\\\/gaestehandtuch\\\/#breadcrumb\",\"itemListElement\":[{\"@type\":\"ListItem\",\"position\":1,\"name\":\"Startseite\",\"item\":\"https:\\\/\\\/ahorn-camp.de\\\/\"},{\"@type\":\"ListItem\",\"position\":2,\"name\":\"Merchandise-Shop\",\"item\":\"https:\\\/\\\/ahorn-camp.de\\\/merchandise-shop\\\/\"},{\"@type\":\"ListItem\",\"position\":3,\"name\":\"G\u00e4stehandtuch 54 x 30 cm grau\"}]},{\"@type\":\"WebSite\",\"@id\":\"https:\\\/\\\/ahorn-camp.de\\\/#website\",\"url\":\"https:\\\/\\\/ahorn-camp.de\\\/\",\"name\":\"Ahorn Camp | Reisemobile und Kastenwagen\",\"description\":\"Seit \u00fcber 30 Jahren vermarktet das Familienunternehmen, Ahorn Camp in Speyer, erfolgreich Wohnmobile und Kastenwagen zum besten Preis-Leistungsverh\u00e4ltnis.\",\"publisher\":{\"@id\":\"https:\\\/\\\/ahorn-camp.de\\\/#organization\"},\"potentialAction\":[{\"@type\":\"SearchAction\",\"target\":{\"@type\":\"EntryPoint\",\"urlTemplate\":\"https:\\\/\\\/ahorn-camp.de\\\/?s={search_term_string}\"},\"query-input\":{\"@type\":\"PropertyValueSpecification\",\"valueRequired\":true,\"valueName\":\"search_term_string\"}}],\"inLanguage\":\"es\"},{\"@type\":\"Organization\",\"@id\":\"https:\\\/\\\/ahorn-camp.de\\\/#organization\",\"name\":\"Ahorn Camp GmbH & Co. KG\",\"url\":\"https:\\\/\\\/ahorn-camp.de\\\/\",\"logo\":{\"@type\":\"ImageObject\",\"inLanguage\":\"es\",\"@id\":\"https:\\\/\\\/ahorn-camp.de\\\/#\\\/schema\\\/logo\\\/image\\\/\",\"url\":\"https:\\\/\\\/ahorn-camp.de\\\/wp-content\\\/uploads\\\/2018\\\/12\\\/Ahorn_Logo.jpg\",\"contentUrl\":\"https:\\\/\\\/ahorn-camp.de\\\/wp-content\\\/uploads\\\/2018\\\/12\\\/Ahorn_Logo.jpg\",\"width\":1437,\"height\":1000,\"caption\":\"Ahorn Camp GmbH & Co. KG\"},\"image\":{\"@id\":\"https:\\\/\\\/ahorn-camp.de\\\/#\\\/schema\\\/logo\\\/image\\\/\"},\"sameAs\":[\"https:\\\/\\\/www.facebook.com\\\/ahorn.wohnmobile\\\/\",\"https:\\\/\\\/www.instagram.com\\\/ahorn.camp\\\/\",\"https:\\\/\\\/www.youtube.com\\\/channel\\\/UCPFbPCts1JJ_A1k9vyH0yOQ\"]}]}<\/script>\n<!-- \/ Yoast SEO plugin. -->","yoast_head_json":{"title":"G\u00e4stehandtuch 54 x 30 cm grau - Ahorn Camp | Reisemobile und Kastenwagen","description":"Kaufe dir im Online-Shop dein kuschelweiches G\u00e4stehandtuch f\u00fcr das Wohnmobil mit hochwertiger Bestickung. Werde jetzt ein Teil der Ahorn Familie!","robots":{"index":"index","follow":"follow","max-snippet":"max-snippet:-1","max-image-preview":"max-image-preview:large","max-video-preview":"max-video-preview:-1"},"canonical":"https:\/\/ahorn-camp.de\/es\/product\/gaestehandtuch\/","og_locale":"es_ES","og_type":"article","og_title":"G\u00e4stehandtuch 54 x 30 cm grau - Ahorn Camp | Reisemobile und Kastenwagen","og_description":"Kaufe dir im Online-Shop dein kuschelweiches G\u00e4stehandtuch f\u00fcr das Wohnmobil mit hochwertiger Bestickung. Werde jetzt ein Teil der Ahorn Familie!","og_url":"https:\/\/ahorn-camp.de\/es\/product\/gaestehandtuch\/","og_site_name":"Ahorn Camp | Reisemobile und Kastenwagen","article_publisher":"https:\/\/www.facebook.com\/ahorn.wohnmobile\/","article_modified_time":"2025-03-03T07:39:21+00:00","og_image":[{"width":2560,"height":1945,"url":"https:\/\/ahorn-camp.de\/wp-content\/uploads\/2020\/02\/Gaestehandtuch-scaled.jpg","type":"image\/jpeg"}],"twitter_card":"summary_large_image","twitter_misc":{"Tiempo de lectura":"1 minuto"},"schema":{"@context":"https:\/\/schema.org","@graph":[{"@type":"WebPage","@id":"https:\/\/ahorn-camp.de\/product\/gaestehandtuch\/","url":"https:\/\/ahorn-camp.de\/product\/gaestehandtuch\/","name":"G\u00e4stehandtuch 54 x 30 cm grau - Ahorn Camp | Reisemobile und Kastenwagen","isPartOf":{"@id":"https:\/\/ahorn-camp.de\/#website"},"primaryImageOfPage":{"@id":"https:\/\/ahorn-camp.de\/product\/gaestehandtuch\/#primaryimage"},"image":{"@id":"https:\/\/ahorn-camp.de\/product\/gaestehandtuch\/#primaryimage"},"thumbnailUrl":"https:\/\/ahorn-camp.de\/wp-content\/uploads\/2020\/02\/Gaestehandtuch-scaled.jpg","datePublished":"2020-02-24T09:19:07+00:00","dateModified":"2025-03-03T07:39:21+00:00","description":"Kaufe dir im Online-Shop dein kuschelweiches G\u00e4stehandtuch f\u00fcr das Wohnmobil mit hochwertiger Bestickung. Werde jetzt ein Teil der Ahorn Familie!","breadcrumb":{"@id":"https:\/\/ahorn-camp.de\/product\/gaestehandtuch\/#breadcrumb"},"inLanguage":"es","potentialAction":[{"@type":"ReadAction","target":["https:\/\/ahorn-camp.de\/product\/gaestehandtuch\/"]}]},{"@type":"ImageObject","inLanguage":"es","@id":"https:\/\/ahorn-camp.de\/product\/gaestehandtuch\/#primaryimage","url":"https:\/\/ahorn-camp.de\/wp-content\/uploads\/2020\/02\/Gaestehandtuch-scaled.jpg","contentUrl":"https:\/\/ahorn-camp.de\/wp-content\/uploads\/2020\/02\/Gaestehandtuch-scaled.jpg","width":2560,"height":1945,"caption":"Gaestehandtuch"},{"@type":"BreadcrumbList","@id":"https:\/\/ahorn-camp.de\/product\/gaestehandtuch\/#breadcrumb","itemListElement":[{"@type":"ListItem","position":1,"name":"Startseite","item":"https:\/\/ahorn-camp.de\/"},{"@type":"ListItem","position":2,"name":"Merchandise-Shop","item":"https:\/\/ahorn-camp.de\/merchandise-shop\/"},{"@type":"ListItem","position":3,"name":"G\u00e4stehandtuch 54 x 30 cm grau"}]},{"@type":"WebSite","@id":"https:\/\/ahorn-camp.de\/#website","url":"https:\/\/ahorn-camp.de\/","name":"Ahorn Camp | Autocaravanas y furgonetas camper","description":"Desde hace m\u00e1s de 30 a\u00f1os, la empresa familiar, Ahorn Camp en Speyer, comercializa con \u00e9xito caravanas y furgonetas camper a la mejor relaci\u00f3n calidad-precio.","publisher":{"@id":"https:\/\/ahorn-camp.de\/#organization"},"potentialAction":[{"@type":"SearchAction","target":{"@type":"EntryPoint","urlTemplate":"https:\/\/ahorn-camp.de\/?s={search_term_string}"},"query-input":{"@type":"PropertyValueSpecification","valueRequired":true,"valueName":"search_term_string"}}],"inLanguage":"es"},{"@type":"Organization","@id":"https:\/\/ahorn-camp.de\/#organization","name":"Ahorn Camp GmbH &amp; Co. KG","url":"https:\/\/ahorn-camp.de\/","logo":{"@type":"ImageObject","inLanguage":"es","@id":"https:\/\/ahorn-camp.de\/#\/schema\/logo\/image\/","url":"https:\/\/ahorn-camp.de\/wp-content\/uploads\/2018\/12\/Ahorn_Logo.jpg","contentUrl":"https:\/\/ahorn-camp.de\/wp-content\/uploads\/2018\/12\/Ahorn_Logo.jpg","width":1437,"height":1000,"caption":"Ahorn Camp GmbH & Co. KG"},"image":{"@id":"https:\/\/ahorn-camp.de\/#\/schema\/logo\/image\/"},"sameAs":["https:\/\/www.facebook.com\/ahorn.wohnmobile\/","https:\/\/www.instagram.com\/ahorn.camp\/","https:\/\/www.youtube.com\/channel\/UCPFbPCts1JJ_A1k9vyH0yOQ"]}]}},"_links":{"self":[{"href":"https:\/\/ahorn-camp.de\/es\/wp-json\/wp\/v2\/product\/4086","targetHints":{"allow":["GET"]}}],"collection":[{"href":"https:\/\/ahorn-camp.de\/es\/wp-json\/wp\/v2\/product"}],"about":[{"href":"https:\/\/ahorn-camp.de\/es\/wp-json\/wp\/v2\/types\/product"}],"wp:featuredmedia":[{"embeddable":true,"href":"https:\/\/ahorn-camp.de\/es\/wp-json\/wp\/v2\/media\/7297"}],"wp:attachment":[{"href":"https:\/\/ahorn-camp.de\/es\/wp-json\/wp\/v2\/media?parent=4086"}],"wp:term":[{"taxonomy":"product_brand","embeddable":true,"href":"https:\/\/ahorn-camp.de\/es\/wp-json\/wp\/v2\/product_brand?post=4086"},{"taxonomy":"product_cat","embeddable":true,"href":"https:\/\/ahorn-camp.de\/es\/wp-json\/wp\/v2\/product_cat?post=4086"},{"taxonomy":"product_tag","embeddable":true,"href":"https:\/\/ahorn-camp.de\/es\/wp-json\/wp\/v2\/product_tag?post=4086"}],"curies":[{"name":"wp","href":"https:\/\/api.w.org\/{rel}","templated":true}]}}