{"id":4069,"date":"2020-02-24T10:11:00","date_gmt":"2020-02-24T09:11:00","guid":{"rendered":"https:\/\/ahorn-camp.de\/?post_type=product&#038;p=4069"},"modified":"2024-12-04T10:24:22","modified_gmt":"2024-12-04T09:24:22","slug":"chaqueta-de-invierno-ac-para-hombre","status":"publish","type":"product","link":"https:\/\/ahorn-camp.de\/es\/product\/ac-winterjacke-herren\/","title":{"rendered":"Chaqueta de invierno para hombre AC"},"content":{"rendered":"<p>Este art\u00edculo no est\u00e1 en stock y se pedir\u00e1 tras la liquidaci\u00f3n de la factura.<\/p>","protected":false},"excerpt":{"rendered":"<p>Chaqueta de invierno AC<br \/>\nSe\u00f1or<br \/>\nN\u00famero de art\u00edculo: AC-WJ-1827<\/p>","protected":false},"featured_media":7426,"template":"","meta":{"content-type":""},"product_brand":[],"product_cat":[112,114],"product_tag":[],"class_list":{"0":"post-4069","1":"product","2":"type-product","3":"status-publish","4":"has-post-thumbnail","6":"product_cat-uncategorized","7":"product_cat-textilien","8":"product_shipping_class-paket","10":"first","11":"instock","12":"taxable","13":"shipping-taxable","14":"purchasable","15":"product-type-variable","16":"has-default-attributes"},"yoast_head":"<!-- This site is optimized with the Yoast SEO plugin v27.5 - https:\/\/yoast.com\/product\/yoast-seo-wordpress\/ -->\n<title>AC Winterjacke Herren - Ahorn Camp | Reisemobile und Kastenwagen<\/title>\n<meta name=\"description\" content=\"Entdecken Sie die hochwertige Winterjacke mit Ahorn Camp Logo Bestickung auf der R\u00fcckseite. Jetzt im Online-Shop erh\u00e4ltlich.\" \/>\n<meta name=\"robots\" content=\"index, follow, max-snippet:-1, max-image-preview:large, max-video-preview:-1\" \/>\n<link rel=\"canonical\" href=\"https:\/\/ahorn-camp.de\/es\/product\/chaqueta-de-invierno-ac-para-hombre\/\" \/>\n<meta property=\"og:locale\" content=\"es_ES\" \/>\n<meta property=\"og:type\" content=\"article\" \/>\n<meta property=\"og:title\" content=\"AC Winterjacke Herren - Ahorn Camp | Reisemobile und Kastenwagen\" \/>\n<meta property=\"og:description\" content=\"Entdecken Sie die hochwertige Winterjacke mit Ahorn Camp Logo Bestickung auf der R\u00fcckseite. Jetzt im Online-Shop erh\u00e4ltlich.\" \/>\n<meta property=\"og:url\" content=\"https:\/\/ahorn-camp.de\/es\/product\/chaqueta-de-invierno-ac-para-hombre\/\" \/>\n<meta property=\"og:site_name\" content=\"Ahorn Camp | Reisemobile und Kastenwagen\" \/>\n<meta property=\"article:publisher\" content=\"https:\/\/www.facebook.com\/ahorn.wohnmobile\/\" \/>\n<meta property=\"article:modified_time\" content=\"2024-12-04T09:24:22+00:00\" \/>\n<meta property=\"og:image\" content=\"https:\/\/ahorn-camp.de\/wp-content\/uploads\/2020\/02\/ahorn-camp-Winterjacke-Herren-scaled.jpg\" \/>\n\t<meta property=\"og:image:width\" content=\"1588\" \/>\n\t<meta property=\"og:image:height\" content=\"2560\" \/>\n\t<meta property=\"og:image:type\" content=\"image\/jpeg\" \/>\n<meta name=\"twitter:card\" content=\"summary_large_image\" \/>\n<meta name=\"twitter:label1\" content=\"Tiempo de lectura\" \/>\n\t<meta name=\"twitter:data1\" content=\"1 minuto\" \/>\n<script type=\"application\/ld+json\" class=\"yoast-schema-graph\">{\"@context\":\"https:\\\/\\\/schema.org\",\"@graph\":[{\"@type\":\"WebPage\",\"@id\":\"https:\\\/\\\/ahorn-camp.de\\\/product\\\/ac-winterjacke-herren\\\/\",\"url\":\"https:\\\/\\\/ahorn-camp.de\\\/product\\\/ac-winterjacke-herren\\\/\",\"name\":\"AC Winterjacke Herren - Ahorn Camp | Reisemobile und Kastenwagen\",\"isPartOf\":{\"@id\":\"https:\\\/\\\/ahorn-camp.de\\\/#website\"},\"primaryImageOfPage\":{\"@id\":\"https:\\\/\\\/ahorn-camp.de\\\/product\\\/ac-winterjacke-herren\\\/#primaryimage\"},\"image\":{\"@id\":\"https:\\\/\\\/ahorn-camp.de\\\/product\\\/ac-winterjacke-herren\\\/#primaryimage\"},\"thumbnailUrl\":\"https:\\\/\\\/ahorn-camp.de\\\/wp-content\\\/uploads\\\/2020\\\/02\\\/ahorn-camp-Winterjacke-Herren-scaled.jpg\",\"datePublished\":\"2020-02-24T09:11:00+00:00\",\"dateModified\":\"2024-12-04T09:24:22+00:00\",\"description\":\"Entdecken Sie die hochwertige Winterjacke mit Ahorn Camp Logo Bestickung auf der R\u00fcckseite. Jetzt im Online-Shop erh\u00e4ltlich.\",\"breadcrumb\":{\"@id\":\"https:\\\/\\\/ahorn-camp.de\\\/product\\\/ac-winterjacke-herren\\\/#breadcrumb\"},\"inLanguage\":\"es\",\"potentialAction\":[{\"@type\":\"ReadAction\",\"target\":[\"https:\\\/\\\/ahorn-camp.de\\\/product\\\/ac-winterjacke-herren\\\/\"]}]},{\"@type\":\"ImageObject\",\"inLanguage\":\"es\",\"@id\":\"https:\\\/\\\/ahorn-camp.de\\\/product\\\/ac-winterjacke-herren\\\/#primaryimage\",\"url\":\"https:\\\/\\\/ahorn-camp.de\\\/wp-content\\\/uploads\\\/2020\\\/02\\\/ahorn-camp-Winterjacke-Herren-scaled.jpg\",\"contentUrl\":\"https:\\\/\\\/ahorn-camp.de\\\/wp-content\\\/uploads\\\/2020\\\/02\\\/ahorn-camp-Winterjacke-Herren-scaled.jpg\",\"width\":1588,\"height\":2560,\"caption\":\"Winterjacke Ahorn Camp\"},{\"@type\":\"BreadcrumbList\",\"@id\":\"https:\\\/\\\/ahorn-camp.de\\\/product\\\/ac-winterjacke-herren\\\/#breadcrumb\",\"itemListElement\":[{\"@type\":\"ListItem\",\"position\":1,\"name\":\"Startseite\",\"item\":\"https:\\\/\\\/ahorn-camp.de\\\/\"},{\"@type\":\"ListItem\",\"position\":2,\"name\":\"Merchandise-Shop\",\"item\":\"https:\\\/\\\/ahorn-camp.de\\\/merchandise-shop\\\/\"},{\"@type\":\"ListItem\",\"position\":3,\"name\":\"AC Winterjacke Herren\"}]},{\"@type\":\"WebSite\",\"@id\":\"https:\\\/\\\/ahorn-camp.de\\\/#website\",\"url\":\"https:\\\/\\\/ahorn-camp.de\\\/\",\"name\":\"Ahorn Camp | Reisemobile und Kastenwagen\",\"description\":\"Seit \u00fcber 30 Jahren vermarktet das Familienunternehmen, Ahorn Camp in Speyer, erfolgreich Wohnmobile und Kastenwagen zum besten Preis-Leistungsverh\u00e4ltnis.\",\"publisher\":{\"@id\":\"https:\\\/\\\/ahorn-camp.de\\\/#organization\"},\"potentialAction\":[{\"@type\":\"SearchAction\",\"target\":{\"@type\":\"EntryPoint\",\"urlTemplate\":\"https:\\\/\\\/ahorn-camp.de\\\/?s={search_term_string}\"},\"query-input\":{\"@type\":\"PropertyValueSpecification\",\"valueRequired\":true,\"valueName\":\"search_term_string\"}}],\"inLanguage\":\"es\"},{\"@type\":\"Organization\",\"@id\":\"https:\\\/\\\/ahorn-camp.de\\\/#organization\",\"name\":\"Ahorn Camp GmbH & Co. KG\",\"url\":\"https:\\\/\\\/ahorn-camp.de\\\/\",\"logo\":{\"@type\":\"ImageObject\",\"inLanguage\":\"es\",\"@id\":\"https:\\\/\\\/ahorn-camp.de\\\/#\\\/schema\\\/logo\\\/image\\\/\",\"url\":\"https:\\\/\\\/ahorn-camp.de\\\/wp-content\\\/uploads\\\/2018\\\/12\\\/Ahorn_Logo.jpg\",\"contentUrl\":\"https:\\\/\\\/ahorn-camp.de\\\/wp-content\\\/uploads\\\/2018\\\/12\\\/Ahorn_Logo.jpg\",\"width\":1437,\"height\":1000,\"caption\":\"Ahorn Camp GmbH & Co. KG\"},\"image\":{\"@id\":\"https:\\\/\\\/ahorn-camp.de\\\/#\\\/schema\\\/logo\\\/image\\\/\"},\"sameAs\":[\"https:\\\/\\\/www.facebook.com\\\/ahorn.wohnmobile\\\/\",\"https:\\\/\\\/www.instagram.com\\\/ahorn.camp\\\/\",\"https:\\\/\\\/www.youtube.com\\\/channel\\\/UCPFbPCts1JJ_A1k9vyH0yOQ\"]}]}<\/script>\n<!-- \/ Yoast SEO plugin. -->","yoast_head_json":{"title":"AC Chaqueta de invierno para hombre - Ahorn Camp | Autocaravanas y furgonetas camper","description":"Descubre la chaqueta de invierno de alta calidad con bordado del logo Ahorn Camp en la espalda. Ya disponible en la tienda online.","robots":{"index":"index","follow":"follow","max-snippet":"max-snippet:-1","max-image-preview":"max-image-preview:large","max-video-preview":"max-video-preview:-1"},"canonical":"https:\/\/ahorn-camp.de\/es\/product\/chaqueta-de-invierno-ac-para-hombre\/","og_locale":"es_ES","og_type":"article","og_title":"AC Winterjacke Herren - Ahorn Camp | Reisemobile und Kastenwagen","og_description":"Entdecken Sie die hochwertige Winterjacke mit Ahorn Camp Logo Bestickung auf der R\u00fcckseite. Jetzt im Online-Shop erh\u00e4ltlich.","og_url":"https:\/\/ahorn-camp.de\/es\/product\/chaqueta-de-invierno-ac-para-hombre\/","og_site_name":"Ahorn Camp | Reisemobile und Kastenwagen","article_publisher":"https:\/\/www.facebook.com\/ahorn.wohnmobile\/","article_modified_time":"2024-12-04T09:24:22+00:00","og_image":[{"width":1588,"height":2560,"url":"https:\/\/ahorn-camp.de\/wp-content\/uploads\/2020\/02\/ahorn-camp-Winterjacke-Herren-scaled.jpg","type":"image\/jpeg"}],"twitter_card":"summary_large_image","twitter_misc":{"Tiempo de lectura":"1 minuto"},"schema":{"@context":"https:\/\/schema.org","@graph":[{"@type":"WebPage","@id":"https:\/\/ahorn-camp.de\/product\/ac-winterjacke-herren\/","url":"https:\/\/ahorn-camp.de\/product\/ac-winterjacke-herren\/","name":"AC Chaqueta de invierno para hombre - Ahorn Camp | Autocaravanas y furgonetas camper","isPartOf":{"@id":"https:\/\/ahorn-camp.de\/#website"},"primaryImageOfPage":{"@id":"https:\/\/ahorn-camp.de\/product\/ac-winterjacke-herren\/#primaryimage"},"image":{"@id":"https:\/\/ahorn-camp.de\/product\/ac-winterjacke-herren\/#primaryimage"},"thumbnailUrl":"https:\/\/ahorn-camp.de\/wp-content\/uploads\/2020\/02\/ahorn-camp-Winterjacke-Herren-scaled.jpg","datePublished":"2020-02-24T09:11:00+00:00","dateModified":"2024-12-04T09:24:22+00:00","description":"Descubre la chaqueta de invierno de alta calidad con bordado del logo Ahorn Camp en la espalda. Ya disponible en la tienda online.","breadcrumb":{"@id":"https:\/\/ahorn-camp.de\/product\/ac-winterjacke-herren\/#breadcrumb"},"inLanguage":"es","potentialAction":[{"@type":"ReadAction","target":["https:\/\/ahorn-camp.de\/product\/ac-winterjacke-herren\/"]}]},{"@type":"ImageObject","inLanguage":"es","@id":"https:\/\/ahorn-camp.de\/product\/ac-winterjacke-herren\/#primaryimage","url":"https:\/\/ahorn-camp.de\/wp-content\/uploads\/2020\/02\/ahorn-camp-Winterjacke-Herren-scaled.jpg","contentUrl":"https:\/\/ahorn-camp.de\/wp-content\/uploads\/2020\/02\/ahorn-camp-Winterjacke-Herren-scaled.jpg","width":1588,"height":2560,"caption":"Winterjacke Ahorn Camp"},{"@type":"BreadcrumbList","@id":"https:\/\/ahorn-camp.de\/product\/ac-winterjacke-herren\/#breadcrumb","itemListElement":[{"@type":"ListItem","position":1,"name":"Startseite","item":"https:\/\/ahorn-camp.de\/"},{"@type":"ListItem","position":2,"name":"Merchandise-Shop","item":"https:\/\/ahorn-camp.de\/merchandise-shop\/"},{"@type":"ListItem","position":3,"name":"AC Winterjacke Herren"}]},{"@type":"WebSite","@id":"https:\/\/ahorn-camp.de\/#website","url":"https:\/\/ahorn-camp.de\/","name":"Ahorn Camp | Autocaravanas y furgonetas camper","description":"Desde hace m\u00e1s de 30 a\u00f1os, la empresa familiar, Ahorn Camp en Speyer, comercializa con \u00e9xito caravanas y furgonetas camper a la mejor relaci\u00f3n calidad-precio.","publisher":{"@id":"https:\/\/ahorn-camp.de\/#organization"},"potentialAction":[{"@type":"SearchAction","target":{"@type":"EntryPoint","urlTemplate":"https:\/\/ahorn-camp.de\/?s={search_term_string}"},"query-input":{"@type":"PropertyValueSpecification","valueRequired":true,"valueName":"search_term_string"}}],"inLanguage":"es"},{"@type":"Organization","@id":"https:\/\/ahorn-camp.de\/#organization","name":"Ahorn Camp GmbH &amp; Co. KG","url":"https:\/\/ahorn-camp.de\/","logo":{"@type":"ImageObject","inLanguage":"es","@id":"https:\/\/ahorn-camp.de\/#\/schema\/logo\/image\/","url":"https:\/\/ahorn-camp.de\/wp-content\/uploads\/2018\/12\/Ahorn_Logo.jpg","contentUrl":"https:\/\/ahorn-camp.de\/wp-content\/uploads\/2018\/12\/Ahorn_Logo.jpg","width":1437,"height":1000,"caption":"Ahorn Camp GmbH & Co. KG"},"image":{"@id":"https:\/\/ahorn-camp.de\/#\/schema\/logo\/image\/"},"sameAs":["https:\/\/www.facebook.com\/ahorn.wohnmobile\/","https:\/\/www.instagram.com\/ahorn.camp\/","https:\/\/www.youtube.com\/channel\/UCPFbPCts1JJ_A1k9vyH0yOQ"]}]}},"_links":{"self":[{"href":"https:\/\/ahorn-camp.de\/es\/wp-json\/wp\/v2\/product\/4069","targetHints":{"allow":["GET"]}}],"collection":[{"href":"https:\/\/ahorn-camp.de\/es\/wp-json\/wp\/v2\/product"}],"about":[{"href":"https:\/\/ahorn-camp.de\/es\/wp-json\/wp\/v2\/types\/product"}],"wp:featuredmedia":[{"embeddable":true,"href":"https:\/\/ahorn-camp.de\/es\/wp-json\/wp\/v2\/media\/7426"}],"wp:attachment":[{"href":"https:\/\/ahorn-camp.de\/es\/wp-json\/wp\/v2\/media?parent=4069"}],"wp:term":[{"taxonomy":"product_brand","embeddable":true,"href":"https:\/\/ahorn-camp.de\/es\/wp-json\/wp\/v2\/product_brand?post=4069"},{"taxonomy":"product_cat","embeddable":true,"href":"https:\/\/ahorn-camp.de\/es\/wp-json\/wp\/v2\/product_cat?post=4069"},{"taxonomy":"product_tag","embeddable":true,"href":"https:\/\/ahorn-camp.de\/es\/wp-json\/wp\/v2\/product_tag?post=4069"}],"curies":[{"name":"wp","href":"https:\/\/api.w.org\/{rel}","templated":true}]}}