{"id":4005,"date":"2020-02-24T09:47:43","date_gmt":"2020-02-24T08:47:43","guid":{"rendered":"https:\/\/ahorn-camp.de\/?post_type=product&#038;p=4005"},"modified":"2024-12-04T10:27:20","modified_gmt":"2024-12-04T09:27:20","slug":"ac-polo-grau-langarm-herren","status":"publish","type":"product","link":"https:\/\/ahorn-camp.de\/es\/product\/ac-polo-grau-langarm-herren\/","title":{"rendered":"Polo AC grau (manga larga) para hombre"},"content":{"rendered":"<p>Este art\u00edculo no est\u00e1 en stock y se pedir\u00e1 tras la liquidaci\u00f3n de la factura.<\/p>","protected":false},"excerpt":{"rendered":"<p>AC Polo grau (langarm)<br \/>\nSe\u00f1or<br \/>\nN\u00famero de art\u00edculo: AC-HP-1829<\/p>","protected":false},"featured_media":7424,"template":"","meta":{"content-type":""},"product_brand":[],"product_cat":[112,114],"product_tag":[],"class_list":{"0":"post-4005","1":"product","2":"type-product","3":"status-publish","4":"has-post-thumbnail","6":"product_cat-uncategorized","7":"product_cat-textilien","8":"product_shipping_class-paket","10":"first","11":"onbackorder","12":"taxable","13":"shipping-taxable","14":"purchasable","15":"product-type-variable"},"yoast_head":"<!-- This site is optimized with the Yoast SEO plugin v27.5 - https:\/\/yoast.com\/product\/yoast-seo-wordpress\/ -->\n<title>AC Polo grau (langarm) Herren - Ahorn Camp | Reisemobile und Kastenwagen<\/title>\n<meta name=\"description\" content=\"Stilvolles Grau: Unser Langarm-Polohemd f\u00fcr Herren. Hochwertige Qualit\u00e4t mit subtilem Ahorn-Logo. Perfekt f\u00fcr einen l\u00e4ssigen Look.\" \/>\n<meta name=\"robots\" content=\"index, follow, max-snippet:-1, max-image-preview:large, max-video-preview:-1\" \/>\n<link rel=\"canonical\" href=\"https:\/\/ahorn-camp.de\/es\/product\/ac-polo-grau-langarm-herren\/\" \/>\n<meta property=\"og:locale\" content=\"es_ES\" \/>\n<meta property=\"og:type\" content=\"article\" \/>\n<meta property=\"og:title\" content=\"AC Polo grau (langarm) Herren - Ahorn Camp | Reisemobile und Kastenwagen\" \/>\n<meta property=\"og:description\" content=\"Stilvolles Grau: Unser Langarm-Polohemd f\u00fcr Herren. Hochwertige Qualit\u00e4t mit subtilem Ahorn-Logo. Perfekt f\u00fcr einen l\u00e4ssigen Look.\" \/>\n<meta property=\"og:url\" content=\"https:\/\/ahorn-camp.de\/es\/product\/ac-polo-grau-langarm-herren\/\" \/>\n<meta property=\"og:site_name\" content=\"Ahorn Camp | Reisemobile und Kastenwagen\" \/>\n<meta property=\"article:publisher\" content=\"https:\/\/www.facebook.com\/ahorn.wohnmobile\/\" \/>\n<meta property=\"article:modified_time\" content=\"2024-12-04T09:27:20+00:00\" \/>\n<meta property=\"og:image\" content=\"https:\/\/ahorn-camp.de\/wp-content\/uploads\/2020\/02\/ahorn-camp-Polo-grau-langarm-Herren-scaled.jpg\" \/>\n\t<meta property=\"og:image:width\" content=\"1807\" \/>\n\t<meta property=\"og:image:height\" content=\"2560\" \/>\n\t<meta property=\"og:image:type\" content=\"image\/jpeg\" \/>\n<meta name=\"twitter:card\" content=\"summary_large_image\" \/>\n<meta name=\"twitter:label1\" content=\"Tiempo de lectura\" \/>\n\t<meta name=\"twitter:data1\" content=\"1 minuto\" \/>\n<script type=\"application\/ld+json\" class=\"yoast-schema-graph\">{\"@context\":\"https:\\\/\\\/schema.org\",\"@graph\":[{\"@type\":\"WebPage\",\"@id\":\"https:\\\/\\\/ahorn-camp.de\\\/product\\\/ac-polo-grau-langarm-herren\\\/\",\"url\":\"https:\\\/\\\/ahorn-camp.de\\\/product\\\/ac-polo-grau-langarm-herren\\\/\",\"name\":\"AC Polo grau (langarm) Herren - Ahorn Camp | Reisemobile und Kastenwagen\",\"isPartOf\":{\"@id\":\"https:\\\/\\\/ahorn-camp.de\\\/#website\"},\"primaryImageOfPage\":{\"@id\":\"https:\\\/\\\/ahorn-camp.de\\\/product\\\/ac-polo-grau-langarm-herren\\\/#primaryimage\"},\"image\":{\"@id\":\"https:\\\/\\\/ahorn-camp.de\\\/product\\\/ac-polo-grau-langarm-herren\\\/#primaryimage\"},\"thumbnailUrl\":\"https:\\\/\\\/ahorn-camp.de\\\/wp-content\\\/uploads\\\/2020\\\/02\\\/ahorn-camp-Polo-grau-langarm-Herren-scaled.jpg\",\"datePublished\":\"2020-02-24T08:47:43+00:00\",\"dateModified\":\"2024-12-04T09:27:20+00:00\",\"description\":\"Stilvolles Grau: Unser Langarm-Polohemd f\u00fcr Herren. Hochwertige Qualit\u00e4t mit subtilem Ahorn-Logo. Perfekt f\u00fcr einen l\u00e4ssigen Look.\",\"breadcrumb\":{\"@id\":\"https:\\\/\\\/ahorn-camp.de\\\/product\\\/ac-polo-grau-langarm-herren\\\/#breadcrumb\"},\"inLanguage\":\"es\",\"potentialAction\":[{\"@type\":\"ReadAction\",\"target\":[\"https:\\\/\\\/ahorn-camp.de\\\/product\\\/ac-polo-grau-langarm-herren\\\/\"]}]},{\"@type\":\"ImageObject\",\"inLanguage\":\"es\",\"@id\":\"https:\\\/\\\/ahorn-camp.de\\\/product\\\/ac-polo-grau-langarm-herren\\\/#primaryimage\",\"url\":\"https:\\\/\\\/ahorn-camp.de\\\/wp-content\\\/uploads\\\/2020\\\/02\\\/ahorn-camp-Polo-grau-langarm-Herren-scaled.jpg\",\"contentUrl\":\"https:\\\/\\\/ahorn-camp.de\\\/wp-content\\\/uploads\\\/2020\\\/02\\\/ahorn-camp-Polo-grau-langarm-Herren-scaled.jpg\",\"width\":1807,\"height\":2560,\"caption\":\"Polo Langarm grau Herren\"},{\"@type\":\"BreadcrumbList\",\"@id\":\"https:\\\/\\\/ahorn-camp.de\\\/product\\\/ac-polo-grau-langarm-herren\\\/#breadcrumb\",\"itemListElement\":[{\"@type\":\"ListItem\",\"position\":1,\"name\":\"Startseite\",\"item\":\"https:\\\/\\\/ahorn-camp.de\\\/\"},{\"@type\":\"ListItem\",\"position\":2,\"name\":\"Merchandise-Shop\",\"item\":\"https:\\\/\\\/ahorn-camp.de\\\/merchandise-shop\\\/\"},{\"@type\":\"ListItem\",\"position\":3,\"name\":\"AC Polo grau (langarm) Herren\"}]},{\"@type\":\"WebSite\",\"@id\":\"https:\\\/\\\/ahorn-camp.de\\\/#website\",\"url\":\"https:\\\/\\\/ahorn-camp.de\\\/\",\"name\":\"Ahorn Camp | Reisemobile und Kastenwagen\",\"description\":\"Seit \u00fcber 30 Jahren vermarktet das Familienunternehmen, Ahorn Camp in Speyer, erfolgreich Wohnmobile und Kastenwagen zum besten Preis-Leistungsverh\u00e4ltnis.\",\"publisher\":{\"@id\":\"https:\\\/\\\/ahorn-camp.de\\\/#organization\"},\"potentialAction\":[{\"@type\":\"SearchAction\",\"target\":{\"@type\":\"EntryPoint\",\"urlTemplate\":\"https:\\\/\\\/ahorn-camp.de\\\/?s={search_term_string}\"},\"query-input\":{\"@type\":\"PropertyValueSpecification\",\"valueRequired\":true,\"valueName\":\"search_term_string\"}}],\"inLanguage\":\"es\"},{\"@type\":\"Organization\",\"@id\":\"https:\\\/\\\/ahorn-camp.de\\\/#organization\",\"name\":\"Ahorn Camp GmbH & Co. KG\",\"url\":\"https:\\\/\\\/ahorn-camp.de\\\/\",\"logo\":{\"@type\":\"ImageObject\",\"inLanguage\":\"es\",\"@id\":\"https:\\\/\\\/ahorn-camp.de\\\/#\\\/schema\\\/logo\\\/image\\\/\",\"url\":\"https:\\\/\\\/ahorn-camp.de\\\/wp-content\\\/uploads\\\/2018\\\/12\\\/Ahorn_Logo.jpg\",\"contentUrl\":\"https:\\\/\\\/ahorn-camp.de\\\/wp-content\\\/uploads\\\/2018\\\/12\\\/Ahorn_Logo.jpg\",\"width\":1437,\"height\":1000,\"caption\":\"Ahorn Camp GmbH & Co. KG\"},\"image\":{\"@id\":\"https:\\\/\\\/ahorn-camp.de\\\/#\\\/schema\\\/logo\\\/image\\\/\"},\"sameAs\":[\"https:\\\/\\\/www.facebook.com\\\/ahorn.wohnmobile\\\/\",\"https:\\\/\\\/www.instagram.com\\\/ahorn.camp\\\/\",\"https:\\\/\\\/www.youtube.com\\\/channel\\\/UCPFbPCts1JJ_A1k9vyH0yOQ\"]}]}<\/script>\n<!-- \/ Yoast SEO plugin. -->","yoast_head_json":{"title":"AC Polo grau (langarm) Herren - Ahorn Camp | Reisemobile und Kastenwagen","description":"Stilvolles Grau: Unser Langarm-Polohemd f\u00fcr Herren. Hochwertige Qualit\u00e4t mit subtilem Ahorn-Logo. Perfekt f\u00fcr einen l\u00e4ssigen Look.","robots":{"index":"index","follow":"follow","max-snippet":"max-snippet:-1","max-image-preview":"max-image-preview:large","max-video-preview":"max-video-preview:-1"},"canonical":"https:\/\/ahorn-camp.de\/es\/product\/ac-polo-grau-langarm-herren\/","og_locale":"es_ES","og_type":"article","og_title":"AC Polo grau (langarm) Herren - Ahorn Camp | Reisemobile und Kastenwagen","og_description":"Stilvolles Grau: Unser Langarm-Polohemd f\u00fcr Herren. Hochwertige Qualit\u00e4t mit subtilem Ahorn-Logo. Perfekt f\u00fcr einen l\u00e4ssigen Look.","og_url":"https:\/\/ahorn-camp.de\/es\/product\/ac-polo-grau-langarm-herren\/","og_site_name":"Ahorn Camp | Reisemobile und Kastenwagen","article_publisher":"https:\/\/www.facebook.com\/ahorn.wohnmobile\/","article_modified_time":"2024-12-04T09:27:20+00:00","og_image":[{"width":1807,"height":2560,"url":"https:\/\/ahorn-camp.de\/wp-content\/uploads\/2020\/02\/ahorn-camp-Polo-grau-langarm-Herren-scaled.jpg","type":"image\/jpeg"}],"twitter_card":"summary_large_image","twitter_misc":{"Tiempo de lectura":"1 minuto"},"schema":{"@context":"https:\/\/schema.org","@graph":[{"@type":"WebPage","@id":"https:\/\/ahorn-camp.de\/product\/ac-polo-grau-langarm-herren\/","url":"https:\/\/ahorn-camp.de\/product\/ac-polo-grau-langarm-herren\/","name":"AC Polo grau (langarm) Herren - Ahorn Camp | Reisemobile und Kastenwagen","isPartOf":{"@id":"https:\/\/ahorn-camp.de\/#website"},"primaryImageOfPage":{"@id":"https:\/\/ahorn-camp.de\/product\/ac-polo-grau-langarm-herren\/#primaryimage"},"image":{"@id":"https:\/\/ahorn-camp.de\/product\/ac-polo-grau-langarm-herren\/#primaryimage"},"thumbnailUrl":"https:\/\/ahorn-camp.de\/wp-content\/uploads\/2020\/02\/ahorn-camp-Polo-grau-langarm-Herren-scaled.jpg","datePublished":"2020-02-24T08:47:43+00:00","dateModified":"2024-12-04T09:27:20+00:00","description":"Stilvolles Grau: Unser Langarm-Polohemd f\u00fcr Herren. Hochwertige Qualit\u00e4t mit subtilem Ahorn-Logo. Perfekt f\u00fcr einen l\u00e4ssigen Look.","breadcrumb":{"@id":"https:\/\/ahorn-camp.de\/product\/ac-polo-grau-langarm-herren\/#breadcrumb"},"inLanguage":"es","potentialAction":[{"@type":"ReadAction","target":["https:\/\/ahorn-camp.de\/product\/ac-polo-grau-langarm-herren\/"]}]},{"@type":"ImageObject","inLanguage":"es","@id":"https:\/\/ahorn-camp.de\/product\/ac-polo-grau-langarm-herren\/#primaryimage","url":"https:\/\/ahorn-camp.de\/wp-content\/uploads\/2020\/02\/ahorn-camp-Polo-grau-langarm-Herren-scaled.jpg","contentUrl":"https:\/\/ahorn-camp.de\/wp-content\/uploads\/2020\/02\/ahorn-camp-Polo-grau-langarm-Herren-scaled.jpg","width":1807,"height":2560,"caption":"Polo Langarm grau Herren"},{"@type":"BreadcrumbList","@id":"https:\/\/ahorn-camp.de\/product\/ac-polo-grau-langarm-herren\/#breadcrumb","itemListElement":[{"@type":"ListItem","position":1,"name":"Startseite","item":"https:\/\/ahorn-camp.de\/"},{"@type":"ListItem","position":2,"name":"Merchandise-Shop","item":"https:\/\/ahorn-camp.de\/merchandise-shop\/"},{"@type":"ListItem","position":3,"name":"AC Polo grau (langarm) Herren"}]},{"@type":"WebSite","@id":"https:\/\/ahorn-camp.de\/#website","url":"https:\/\/ahorn-camp.de\/","name":"Ahorn Camp | Autocaravanas y furgonetas camper","description":"Desde hace m\u00e1s de 30 a\u00f1os, la empresa familiar, Ahorn Camp en Speyer, comercializa con \u00e9xito caravanas y furgonetas camper a la mejor relaci\u00f3n calidad-precio.","publisher":{"@id":"https:\/\/ahorn-camp.de\/#organization"},"potentialAction":[{"@type":"SearchAction","target":{"@type":"EntryPoint","urlTemplate":"https:\/\/ahorn-camp.de\/?s={search_term_string}"},"query-input":{"@type":"PropertyValueSpecification","valueRequired":true,"valueName":"search_term_string"}}],"inLanguage":"es"},{"@type":"Organization","@id":"https:\/\/ahorn-camp.de\/#organization","name":"Ahorn Camp GmbH &amp; Co. KG","url":"https:\/\/ahorn-camp.de\/","logo":{"@type":"ImageObject","inLanguage":"es","@id":"https:\/\/ahorn-camp.de\/#\/schema\/logo\/image\/","url":"https:\/\/ahorn-camp.de\/wp-content\/uploads\/2018\/12\/Ahorn_Logo.jpg","contentUrl":"https:\/\/ahorn-camp.de\/wp-content\/uploads\/2018\/12\/Ahorn_Logo.jpg","width":1437,"height":1000,"caption":"Ahorn Camp GmbH & Co. KG"},"image":{"@id":"https:\/\/ahorn-camp.de\/#\/schema\/logo\/image\/"},"sameAs":["https:\/\/www.facebook.com\/ahorn.wohnmobile\/","https:\/\/www.instagram.com\/ahorn.camp\/","https:\/\/www.youtube.com\/channel\/UCPFbPCts1JJ_A1k9vyH0yOQ"]}]}},"_links":{"self":[{"href":"https:\/\/ahorn-camp.de\/es\/wp-json\/wp\/v2\/product\/4005","targetHints":{"allow":["GET"]}}],"collection":[{"href":"https:\/\/ahorn-camp.de\/es\/wp-json\/wp\/v2\/product"}],"about":[{"href":"https:\/\/ahorn-camp.de\/es\/wp-json\/wp\/v2\/types\/product"}],"wp:featuredmedia":[{"embeddable":true,"href":"https:\/\/ahorn-camp.de\/es\/wp-json\/wp\/v2\/media\/7424"}],"wp:attachment":[{"href":"https:\/\/ahorn-camp.de\/es\/wp-json\/wp\/v2\/media?parent=4005"}],"wp:term":[{"taxonomy":"product_brand","embeddable":true,"href":"https:\/\/ahorn-camp.de\/es\/wp-json\/wp\/v2\/product_brand?post=4005"},{"taxonomy":"product_cat","embeddable":true,"href":"https:\/\/ahorn-camp.de\/es\/wp-json\/wp\/v2\/product_cat?post=4005"},{"taxonomy":"product_tag","embeddable":true,"href":"https:\/\/ahorn-camp.de\/es\/wp-json\/wp\/v2\/product_tag?post=4005"}],"curies":[{"name":"wp","href":"https:\/\/api.w.org\/{rel}","templated":true}]}}