{"id":30682,"date":"2025-04-28T15:58:16","date_gmt":"2025-04-28T13:58:16","guid":{"rendered":"https:\/\/ahorn-camp.de\/?post_type=product&#038;p=30682"},"modified":"2025-04-28T16:04:00","modified_gmt":"2025-04-28T14:04:00","slug":"gasflaschenoeffner","status":"publish","type":"product","link":"https:\/\/ahorn-camp.de\/es\/product\/gasflaschenoeffner\/","title":{"rendered":"Gasflaschen\u00f6ffner"},"content":{"rendered":"<p class=\"\" data-start=\"231\" data-end=\"287\"><strong data-start=\"231\" data-end=\"287\">Gasflaschen im Wohnmobil sicher und m\u00fchelos bedienen<\/strong><\/p>\n<p class=\"\" data-start=\"289\" data-end=\"501\">Mit dem kompakten <strong data-start=\"307\" data-end=\"328\">Gasflaschen\u00f6ffner<\/strong> \u00f6ffnest und schlie\u00dft du Gasflaschenventile im Wohnmobil schnell und ohne gro\u00dfen Kraftaufwand. Perfekt f\u00fcr unterwegs, wenn es auf Sicherheit und einfache Handhabung ankommt.<\/p>\n<p class=\"\" data-start=\"503\" data-end=\"632\"><strong data-start=\"506\" data-end=\"528\">Einfache Bedienung<\/strong><br data-start=\"528\" data-end=\"531\" \/>Ergonomische Form und stabile Ausf\u00fchrung sorgen f\u00fcr optimalen Halt \u2013 auch bei festsitzenden Ventilen.<\/p>\n<p class=\"\" data-start=\"634\" data-end=\"763\"><strong data-start=\"637\" data-end=\"657\">Ideal f\u00fcr Camper<\/strong><br data-start=\"657\" data-end=\"660\" \/>Speziell f\u00fcr den Einsatz im Wohnmobil entwickelt \u2013 leicht, handlich und immer griffbereit im Gaskasten.<\/p>\n<p class=\"\" data-start=\"765\" data-end=\"889\"><strong data-start=\"769\" data-end=\"798\">Mehr Sicherheit unterwegs<\/strong><br data-start=\"798\" data-end=\"801\" \/>Verhindert Abrutschen und erleichtert den kontrollierten Umgang mit Gasflaschenventilen.<\/p>","protected":false},"excerpt":{"rendered":"<p class=\"\" data-start=\"231\" data-end=\"287\"><strong data-start=\"231\" data-end=\"287\">Gasflaschen im Wohnmobil sicher und m\u00fchelos bedienen<\/strong><\/p>\n<p class=\"\" data-start=\"289\" data-end=\"501\">Mit dem kompakten <strong data-start=\"307\" data-end=\"328\">Gasflaschen\u00f6ffner<\/strong> \u00f6ffnest und schlie\u00dft du Gasflaschenventile im Wohnmobil schnell und ohne gro\u00dfen Kraftaufwand. Perfekt f\u00fcr unterwegs, wenn es auf Sicherheit und einfache Handhabung ankommt.<\/p>\n<p class=\"\" data-start=\"503\" data-end=\"632\"><strong data-start=\"506\" data-end=\"528\">Einfache Bedienung<\/strong><br data-start=\"528\" data-end=\"531\" \/>Ergonomische Form und stabile Ausf\u00fchrung sorgen f\u00fcr optimalen Halt \u2013 auch bei festsitzenden Ventilen.<\/p>\n<p class=\"\" data-start=\"634\" data-end=\"763\"><strong data-start=\"637\" data-end=\"657\">Ideal f\u00fcr Camper<\/strong><br data-start=\"657\" data-end=\"660\" \/>Speziell f\u00fcr den Einsatz im Wohnmobil entwickelt \u2013 leicht, handlich und immer griffbereit im Gaskasten.<\/p>\n<p class=\"\" data-start=\"765\" data-end=\"889\"><strong data-start=\"769\" data-end=\"798\">Mehr Sicherheit unterwegs<\/strong><br data-start=\"798\" data-end=\"801\" \/>Verhindert Abrutschen und erleichtert den kontrollierten Umgang mit Gasflaschenventilen.<\/p>","protected":false},"featured_media":30683,"template":"","meta":{"content-type":""},"product_brand":[],"product_cat":[602,605,608,604,612],"product_tag":[],"class_list":{"0":"post-30682","1":"product","2":"type-product","3":"status-publish","4":"has-post-thumbnail","6":"product_cat-zubehoer","7":"product_cat-zubehoer-van","8":"product_cat-zubehoer-van-teil","9":"product_cat-zubehoer-womo","10":"product_cat-zubehoer-womo-teil","11":"product_shipping_class-paket","13":"first","14":"instock","15":"taxable","16":"shipping-taxable","17":"purchasable","18":"product-type-simple"},"yoast_head":"<!-- This site is optimized with the Yoast SEO plugin v27.4 - https:\/\/yoast.com\/product\/yoast-seo-wordpress\/ -->\n<title>Gasflaschen\u00f6ffner - Ahorn Camp | Reisemobile und Kastenwagen<\/title>\n<meta name=\"description\" content=\"Gasflaschen\u00f6ffner f\u00fcrs Wohnmobil \u2013 Ventile sicher &amp; m\u00fchelos bedienen. Auch bei festsitzenden Ventilen! Jetzt bestellen &amp; Camping einfacher machen!\" \/>\n<meta name=\"robots\" content=\"index, follow, max-snippet:-1, max-image-preview:large, max-video-preview:-1\" \/>\n<link rel=\"canonical\" href=\"https:\/\/ahorn-camp.de\/es\/product\/gasflaschenoeffner\/\" \/>\n<meta property=\"og:locale\" content=\"es_ES\" \/>\n<meta property=\"og:type\" content=\"article\" \/>\n<meta property=\"og:title\" content=\"Gasflaschen\u00f6ffner - Ahorn Camp | Reisemobile und Kastenwagen\" \/>\n<meta property=\"og:description\" content=\"Gasflaschen\u00f6ffner f\u00fcrs Wohnmobil \u2013 Ventile sicher &amp; m\u00fchelos bedienen. Auch bei festsitzenden Ventilen! Jetzt bestellen &amp; Camping einfacher machen!\" \/>\n<meta property=\"og:url\" content=\"https:\/\/ahorn-camp.de\/es\/product\/gasflaschenoeffner\/\" \/>\n<meta property=\"og:site_name\" content=\"Ahorn Camp | Reisemobile und Kastenwagen\" \/>\n<meta property=\"article:publisher\" content=\"https:\/\/www.facebook.com\/ahorn.wohnmobile\/\" \/>\n<meta property=\"article:modified_time\" content=\"2025-04-28T14:04:00+00:00\" \/>\n<meta property=\"og:image\" content=\"https:\/\/ahorn-camp.de\/wp-content\/uploads\/2025\/04\/Gasschluessel-scaled.jpg\" \/>\n\t<meta property=\"og:image:width\" content=\"2560\" \/>\n\t<meta property=\"og:image:height\" content=\"2560\" \/>\n\t<meta property=\"og:image:type\" content=\"image\/jpeg\" \/>\n<meta name=\"twitter:card\" content=\"summary_large_image\" \/>\n<meta name=\"twitter:label1\" content=\"Tiempo de lectura\" \/>\n\t<meta name=\"twitter:data1\" content=\"1 minuto\" \/>\n<script type=\"application\/ld+json\" class=\"yoast-schema-graph\">{\"@context\":\"https:\\\/\\\/schema.org\",\"@graph\":[{\"@type\":\"WebPage\",\"@id\":\"https:\\\/\\\/ahorn-camp.de\\\/product\\\/gasflaschenoeffner\\\/\",\"url\":\"https:\\\/\\\/ahorn-camp.de\\\/product\\\/gasflaschenoeffner\\\/\",\"name\":\"Gasflaschen\u00f6ffner - Ahorn Camp | Reisemobile und Kastenwagen\",\"isPartOf\":{\"@id\":\"https:\\\/\\\/ahorn-camp.de\\\/#website\"},\"primaryImageOfPage\":{\"@id\":\"https:\\\/\\\/ahorn-camp.de\\\/product\\\/gasflaschenoeffner\\\/#primaryimage\"},\"image\":{\"@id\":\"https:\\\/\\\/ahorn-camp.de\\\/product\\\/gasflaschenoeffner\\\/#primaryimage\"},\"thumbnailUrl\":\"https:\\\/\\\/ahorn-camp.de\\\/wp-content\\\/uploads\\\/2025\\\/04\\\/Gasschluessel-scaled.jpg\",\"datePublished\":\"2025-04-28T13:58:16+00:00\",\"dateModified\":\"2025-04-28T14:04:00+00:00\",\"description\":\"Gasflaschen\u00f6ffner f\u00fcrs Wohnmobil \u2013 Ventile sicher & m\u00fchelos bedienen. Auch bei festsitzenden Ventilen! Jetzt bestellen & Camping einfacher machen!\",\"breadcrumb\":{\"@id\":\"https:\\\/\\\/ahorn-camp.de\\\/product\\\/gasflaschenoeffner\\\/#breadcrumb\"},\"inLanguage\":\"es\",\"potentialAction\":[{\"@type\":\"ReadAction\",\"target\":[\"https:\\\/\\\/ahorn-camp.de\\\/product\\\/gasflaschenoeffner\\\/\"]}]},{\"@type\":\"ImageObject\",\"inLanguage\":\"es\",\"@id\":\"https:\\\/\\\/ahorn-camp.de\\\/product\\\/gasflaschenoeffner\\\/#primaryimage\",\"url\":\"https:\\\/\\\/ahorn-camp.de\\\/wp-content\\\/uploads\\\/2025\\\/04\\\/Gasschluessel-scaled.jpg\",\"contentUrl\":\"https:\\\/\\\/ahorn-camp.de\\\/wp-content\\\/uploads\\\/2025\\\/04\\\/Gasschluessel-scaled.jpg\",\"width\":2560,\"height\":2560,\"caption\":\"Gasflaschen\u00f6ffner\"},{\"@type\":\"BreadcrumbList\",\"@id\":\"https:\\\/\\\/ahorn-camp.de\\\/product\\\/gasflaschenoeffner\\\/#breadcrumb\",\"itemListElement\":[{\"@type\":\"ListItem\",\"position\":1,\"name\":\"Startseite\",\"item\":\"https:\\\/\\\/ahorn-camp.de\\\/\"},{\"@type\":\"ListItem\",\"position\":2,\"name\":\"Merchandise-Shop\",\"item\":\"https:\\\/\\\/ahorn-camp.de\\\/merchandise-shop\\\/\"},{\"@type\":\"ListItem\",\"position\":3,\"name\":\"Gasflaschen\u00f6ffner\"}]},{\"@type\":\"WebSite\",\"@id\":\"https:\\\/\\\/ahorn-camp.de\\\/#website\",\"url\":\"https:\\\/\\\/ahorn-camp.de\\\/\",\"name\":\"Ahorn Camp | Reisemobile und Kastenwagen\",\"description\":\"Seit \u00fcber 30 Jahren vermarktet das Familienunternehmen, Ahorn Camp in Speyer, erfolgreich Wohnmobile und Kastenwagen zum besten Preis-Leistungsverh\u00e4ltnis.\",\"publisher\":{\"@id\":\"https:\\\/\\\/ahorn-camp.de\\\/#organization\"},\"potentialAction\":[{\"@type\":\"SearchAction\",\"target\":{\"@type\":\"EntryPoint\",\"urlTemplate\":\"https:\\\/\\\/ahorn-camp.de\\\/?s={search_term_string}\"},\"query-input\":{\"@type\":\"PropertyValueSpecification\",\"valueRequired\":true,\"valueName\":\"search_term_string\"}}],\"inLanguage\":\"es\"},{\"@type\":\"Organization\",\"@id\":\"https:\\\/\\\/ahorn-camp.de\\\/#organization\",\"name\":\"Ahorn Camp GmbH & Co. KG\",\"url\":\"https:\\\/\\\/ahorn-camp.de\\\/\",\"logo\":{\"@type\":\"ImageObject\",\"inLanguage\":\"es\",\"@id\":\"https:\\\/\\\/ahorn-camp.de\\\/#\\\/schema\\\/logo\\\/image\\\/\",\"url\":\"https:\\\/\\\/ahorn-camp.de\\\/wp-content\\\/uploads\\\/2018\\\/12\\\/Ahorn_Logo.jpg\",\"contentUrl\":\"https:\\\/\\\/ahorn-camp.de\\\/wp-content\\\/uploads\\\/2018\\\/12\\\/Ahorn_Logo.jpg\",\"width\":1437,\"height\":1000,\"caption\":\"Ahorn Camp GmbH & Co. KG\"},\"image\":{\"@id\":\"https:\\\/\\\/ahorn-camp.de\\\/#\\\/schema\\\/logo\\\/image\\\/\"},\"sameAs\":[\"https:\\\/\\\/www.facebook.com\\\/ahorn.wohnmobile\\\/\",\"https:\\\/\\\/www.instagram.com\\\/ahorn.camp\\\/\",\"https:\\\/\\\/www.youtube.com\\\/channel\\\/UCPFbPCts1JJ_A1k9vyH0yOQ\"]}]}<\/script>\n<!-- \/ Yoast SEO plugin. -->","yoast_head_json":{"title":"Gasflaschen\u00f6ffner - Ahorn Camp | Reisemobile und Kastenwagen","description":"Gasflaschen\u00f6ffner f\u00fcrs Wohnmobil \u2013 Ventile sicher & m\u00fchelos bedienen. Auch bei festsitzenden Ventilen! Jetzt bestellen & Camping einfacher machen!","robots":{"index":"index","follow":"follow","max-snippet":"max-snippet:-1","max-image-preview":"max-image-preview:large","max-video-preview":"max-video-preview:-1"},"canonical":"https:\/\/ahorn-camp.de\/es\/product\/gasflaschenoeffner\/","og_locale":"es_ES","og_type":"article","og_title":"Gasflaschen\u00f6ffner - Ahorn Camp | Reisemobile und Kastenwagen","og_description":"Gasflaschen\u00f6ffner f\u00fcrs Wohnmobil \u2013 Ventile sicher & m\u00fchelos bedienen. Auch bei festsitzenden Ventilen! Jetzt bestellen & Camping einfacher machen!","og_url":"https:\/\/ahorn-camp.de\/es\/product\/gasflaschenoeffner\/","og_site_name":"Ahorn Camp | Reisemobile und Kastenwagen","article_publisher":"https:\/\/www.facebook.com\/ahorn.wohnmobile\/","article_modified_time":"2025-04-28T14:04:00+00:00","og_image":[{"width":2560,"height":2560,"url":"https:\/\/ahorn-camp.de\/wp-content\/uploads\/2025\/04\/Gasschluessel-scaled.jpg","type":"image\/jpeg"}],"twitter_card":"summary_large_image","twitter_misc":{"Tiempo de lectura":"1 minuto"},"schema":{"@context":"https:\/\/schema.org","@graph":[{"@type":"WebPage","@id":"https:\/\/ahorn-camp.de\/product\/gasflaschenoeffner\/","url":"https:\/\/ahorn-camp.de\/product\/gasflaschenoeffner\/","name":"Gasflaschen\u00f6ffner - Ahorn Camp | Reisemobile und Kastenwagen","isPartOf":{"@id":"https:\/\/ahorn-camp.de\/#website"},"primaryImageOfPage":{"@id":"https:\/\/ahorn-camp.de\/product\/gasflaschenoeffner\/#primaryimage"},"image":{"@id":"https:\/\/ahorn-camp.de\/product\/gasflaschenoeffner\/#primaryimage"},"thumbnailUrl":"https:\/\/ahorn-camp.de\/wp-content\/uploads\/2025\/04\/Gasschluessel-scaled.jpg","datePublished":"2025-04-28T13:58:16+00:00","dateModified":"2025-04-28T14:04:00+00:00","description":"Gasflaschen\u00f6ffner f\u00fcrs Wohnmobil \u2013 Ventile sicher & m\u00fchelos bedienen. Auch bei festsitzenden Ventilen! Jetzt bestellen & Camping einfacher machen!","breadcrumb":{"@id":"https:\/\/ahorn-camp.de\/product\/gasflaschenoeffner\/#breadcrumb"},"inLanguage":"es","potentialAction":[{"@type":"ReadAction","target":["https:\/\/ahorn-camp.de\/product\/gasflaschenoeffner\/"]}]},{"@type":"ImageObject","inLanguage":"es","@id":"https:\/\/ahorn-camp.de\/product\/gasflaschenoeffner\/#primaryimage","url":"https:\/\/ahorn-camp.de\/wp-content\/uploads\/2025\/04\/Gasschluessel-scaled.jpg","contentUrl":"https:\/\/ahorn-camp.de\/wp-content\/uploads\/2025\/04\/Gasschluessel-scaled.jpg","width":2560,"height":2560,"caption":"Gasflaschen\u00f6ffner"},{"@type":"BreadcrumbList","@id":"https:\/\/ahorn-camp.de\/product\/gasflaschenoeffner\/#breadcrumb","itemListElement":[{"@type":"ListItem","position":1,"name":"Startseite","item":"https:\/\/ahorn-camp.de\/"},{"@type":"ListItem","position":2,"name":"Merchandise-Shop","item":"https:\/\/ahorn-camp.de\/merchandise-shop\/"},{"@type":"ListItem","position":3,"name":"Gasflaschen\u00f6ffner"}]},{"@type":"WebSite","@id":"https:\/\/ahorn-camp.de\/#website","url":"https:\/\/ahorn-camp.de\/","name":"Ahorn Camp | Autocaravanas y furgonetas camper","description":"Desde hace m\u00e1s de 30 a\u00f1os, la empresa familiar, Ahorn Camp en Speyer, comercializa con \u00e9xito caravanas y furgonetas camper a la mejor relaci\u00f3n calidad-precio.","publisher":{"@id":"https:\/\/ahorn-camp.de\/#organization"},"potentialAction":[{"@type":"SearchAction","target":{"@type":"EntryPoint","urlTemplate":"https:\/\/ahorn-camp.de\/?s={search_term_string}"},"query-input":{"@type":"PropertyValueSpecification","valueRequired":true,"valueName":"search_term_string"}}],"inLanguage":"es"},{"@type":"Organization","@id":"https:\/\/ahorn-camp.de\/#organization","name":"Ahorn Camp GmbH &amp; Co. KG","url":"https:\/\/ahorn-camp.de\/","logo":{"@type":"ImageObject","inLanguage":"es","@id":"https:\/\/ahorn-camp.de\/#\/schema\/logo\/image\/","url":"https:\/\/ahorn-camp.de\/wp-content\/uploads\/2018\/12\/Ahorn_Logo.jpg","contentUrl":"https:\/\/ahorn-camp.de\/wp-content\/uploads\/2018\/12\/Ahorn_Logo.jpg","width":1437,"height":1000,"caption":"Ahorn Camp GmbH & Co. KG"},"image":{"@id":"https:\/\/ahorn-camp.de\/#\/schema\/logo\/image\/"},"sameAs":["https:\/\/www.facebook.com\/ahorn.wohnmobile\/","https:\/\/www.instagram.com\/ahorn.camp\/","https:\/\/www.youtube.com\/channel\/UCPFbPCts1JJ_A1k9vyH0yOQ"]}]}},"_links":{"self":[{"href":"https:\/\/ahorn-camp.de\/es\/wp-json\/wp\/v2\/product\/30682","targetHints":{"allow":["GET"]}}],"collection":[{"href":"https:\/\/ahorn-camp.de\/es\/wp-json\/wp\/v2\/product"}],"about":[{"href":"https:\/\/ahorn-camp.de\/es\/wp-json\/wp\/v2\/types\/product"}],"wp:featuredmedia":[{"embeddable":true,"href":"https:\/\/ahorn-camp.de\/es\/wp-json\/wp\/v2\/media\/30683"}],"wp:attachment":[{"href":"https:\/\/ahorn-camp.de\/es\/wp-json\/wp\/v2\/media?parent=30682"}],"wp:term":[{"taxonomy":"product_brand","embeddable":true,"href":"https:\/\/ahorn-camp.de\/es\/wp-json\/wp\/v2\/product_brand?post=30682"},{"taxonomy":"product_cat","embeddable":true,"href":"https:\/\/ahorn-camp.de\/es\/wp-json\/wp\/v2\/product_cat?post=30682"},{"taxonomy":"product_tag","embeddable":true,"href":"https:\/\/ahorn-camp.de\/es\/wp-json\/wp\/v2\/product_tag?post=30682"}],"curies":[{"name":"wp","href":"https:\/\/api.w.org\/{rel}","templated":true}]}}