{"id":30600,"date":"2025-04-24T16:27:37","date_gmt":"2025-04-24T14:27:37","guid":{"rendered":"https:\/\/ahorn-camp.de\/?post_type=product&#038;p=30600"},"modified":"2025-04-24T16:32:10","modified_gmt":"2025-04-24T14:32:10","slug":"enchufe-gaswarner","status":"publish","type":"product","link":"https:\/\/ahorn-camp.de\/es\/product\/gaswarner-plug\/","title":{"rendered":"G.A.S.- Alarma de gas m\u00f3vil de 12V"},"content":{"rendered":"<p class=\"\" data-start=\"289\" data-end=\"389\"><strong data-start=\"289\" data-end=\"389\">Seguridad con solo presionar un bot\u00f3n: el detector de gas m\u00f3vil de 12 V protege de forma fiable contra gases peligrosos.<\/strong><\/p>\n<p class=\"\" data-start=\"391\" data-end=\"705\">Ya sea en una casa rodante, caravana o barco, el escape de gas puede ser mortal. Con el <strong data-start=\"481\" data-end=\"507\">Sirena de gas m\u00f3vil 12 V<\/strong> para el enchufe, est\u00e1s a salvo. El pr\u00e1ctico dispositivo detecta de forma fiable propano, butano y metano en el aire, y te avisa con antelaci\u00f3n con una alarma ac\u00fastica y \u00f3ptica.<\/p>\n<p class=\"\" data-start=\"707\" data-end=\"919\"><strong data-start=\"710\" data-end=\"734\">Listo para usar<\/strong><br data-start=\"734\" data-end=\"737\" \/>Simplemente con\u00e9ctalo a una toma de 12 V (por ejemplo, el mechero o una toma de corriente del veh\u00edculo) \u00a1y listo! El detector de gas se activa inmediatamente y te protege desde el primer momento de tu viaje.<\/p>\n<p class=\"\" data-start=\"921\" data-end=\"1126\"><strong data-start=\"924\" data-end=\"958\">Ideal para autocaravanas y furgonetas<\/strong><br data-start=\"958\" data-end=\"961\" \/>Compacto, ligero y port\u00e1til: perfecto para lugares de trabajo cambiantes o como copia de seguridad de seguridad. Tambi\u00e9n es ideal para veh\u00edculos peque\u00f1os con espacio limitado.<\/p>\n<p class=\"\" data-start=\"1349\" data-end=\"1521\"><strong data-start=\"1353\" data-end=\"1380\">Apto para muchos gases<\/strong><br data-start=\"1380\" data-end=\"1383\" \/>Detecta propano, butano (GLP), metano (gas natural) y, en parte, gases anest\u00e9sicos, ideal para proteger contra fugas de gas o intentos de allanamiento con gas incapacitante.<\/p>\n<hr class=\"\" data-start=\"1523\" data-end=\"1526\" \/>\n<p class=\"\" data-start=\"1528\" data-end=\"1547\"><strong data-start=\"1528\" data-end=\"1547\">Detalles del producto:<\/strong><\/p>\n<ul data-start=\"1549\" data-end=\"1842\">\n<li class=\"\" data-start=\"1549\" data-end=\"1588\">\n<p class=\"\" data-start=\"1551\" data-end=\"1588\">Detector de gas m\u00f3vil para sistema de a bordo de 12 V<\/p>\n<\/li>\n<li class=\"\" data-start=\"1589\" data-end=\"1647\">\n<p class=\"\" data-start=\"1591\" data-end=\"1647\">Detecta GLP (propano\/butano), gas natural y gases de asfixia (COV) parcialmente.<\/p>\n<\/li>\n<li class=\"\" data-start=\"1589\" data-end=\"1647\">\n<p class=\"\" data-start=\"1591\" data-end=\"1647\">Dimensiones compactas y peso ligero<\/p>\n<\/li>\n<li class=\"\" data-start=\"1589\" data-end=\"1647\">\n<p class=\"\" data-start=\"1591\" data-end=\"1647\">Bajo consumo de energ\u00eda<\/p>\n<\/li>\n<li data-start=\"1731\" data-end=\"1779\">Sin instalaci\u00f3n necesaria \u2013 \u00a1Plug &amp; Play!<\/li>\n<\/ul>","protected":false},"excerpt":{"rendered":"<p class=\"\" data-start=\"289\" data-end=\"389\"><strong data-start=\"289\" data-end=\"389\">Sicherheit auf Knopfdruck \u2013 der mobile 12\u202fV Gaswarner sch\u00fctzt zuverl\u00e4ssig vor gef\u00e4hrlichen Gasen<\/strong><\/p>\n<p class=\"\" data-start=\"391\" data-end=\"705\">Ob im Wohnmobil, Caravan oder Boot \u2013 austretendes Gas kann lebensgef\u00e4hrlich sein. Mit dem <strong data-start=\"481\" data-end=\"507\">mobilen 12\u202fV Gaswarner<\/strong> f\u00fcr die Steckdose bist du auf der sicheren Seite. Das handliche Ger\u00e4t erkennt zuverl\u00e4ssig Propan, Butan und Methan in der Luft \u2013 und warnt dich fr\u00fchzeitig mit einem akustischen und optischen Alarm.<\/p>\n<p class=\"\" data-start=\"707\" data-end=\"919\"><strong data-start=\"710\" data-end=\"734\">Sofort einsatzbereit<\/strong><br data-start=\"734\" data-end=\"737\" \/>Einfach in eine 12\u202fV-Steckdose (z.\u202fB. Zigarettenanz\u00fcnder oder Bordstromsteckdose) stecken \u2013 fertig! Der Gaswarner ist sofort aktiv und sch\u00fctzt dich ab dem ersten Moment deiner Reise.<\/p>\n<p class=\"\" data-start=\"921\" data-end=\"1126\"><strong data-start=\"924\" data-end=\"958\">Ideal f\u00fcr Wohnmobile &amp; Vans<\/strong><br data-start=\"958\" data-end=\"961\" \/>Kompakt, leicht und mobil \u2013 perfekt f\u00fcr wechselnde Einsatzorte oder als Sicherheits-Backup. Auch f\u00fcr kleine Fahrzeuge mit beschr\u00e4nktem Platzangebot bestens geeignet.<\/p>\n<p class=\"\" data-start=\"1349\" data-end=\"1521\"><strong data-start=\"1353\" data-end=\"1380\">F\u00fcr viele Gase geeignet<\/strong><br data-start=\"1380\" data-end=\"1383\" \/>Erkennt Propan, Butan (LPG), Methan [&#8230;]<\/p>\n","protected":false},"featured_media":30601,"template":"","meta":{"content-type":""},"product_brand":[],"product_cat":[602,606,610,605,608,604,612],"product_tag":[],"class_list":{"0":"post-30600","1":"product","2":"type-product","3":"status-publish","4":"has-post-thumbnail","6":"product_cat-zubehoer","7":"product_cat-zuebhoer-van-city","8":"product_cat-zubehoer-van-city-teil","9":"product_cat-zubehoer-van","10":"product_cat-zubehoer-van-teil","11":"product_cat-zubehoer-womo","12":"product_cat-zubehoer-womo-teil","13":"product_shipping_class-paket","15":"first","16":"instock","17":"taxable","18":"shipping-taxable","19":"purchasable","20":"product-type-simple"},"yoast_head":"<!-- This site is optimized with the Yoast SEO plugin v27.4 - https:\/\/yoast.com\/product\/yoast-seo-wordpress\/ -->\n<title>G.A.S.- Plug12V mobiler Gaswarner - Ahorn Camp | Reisemobile und Kastenwagen<\/title>\n<meta name=\"description\" content=\"Mobiler 12\u202fV Gaswarner f\u00fcr die Steckdose \u2013 warnt vor Propan, Butan &amp; Methan. Ideal f\u00fcr Camper &amp; Boote. Jetzt online kaufen &amp; sicher reisen!\" \/>\n<meta name=\"robots\" content=\"index, follow, max-snippet:-1, max-image-preview:large, max-video-preview:-1\" \/>\n<link rel=\"canonical\" href=\"https:\/\/ahorn-camp.de\/es\/product\/enchufe-gaswarner\/\" \/>\n<meta property=\"og:locale\" content=\"es_ES\" \/>\n<meta property=\"og:type\" content=\"article\" \/>\n<meta property=\"og:title\" content=\"G.A.S.- Plug12V mobiler Gaswarner - Ahorn Camp | Reisemobile und Kastenwagen\" \/>\n<meta property=\"og:description\" content=\"Mobiler 12\u202fV Gaswarner f\u00fcr die Steckdose \u2013 warnt vor Propan, Butan &amp; Methan. Ideal f\u00fcr Camper &amp; Boote. Jetzt online kaufen &amp; sicher reisen!\" \/>\n<meta property=\"og:url\" content=\"https:\/\/ahorn-camp.de\/es\/product\/enchufe-gaswarner\/\" \/>\n<meta property=\"og:site_name\" content=\"Ahorn Camp | Reisemobile und Kastenwagen\" \/>\n<meta property=\"article:publisher\" content=\"https:\/\/www.facebook.com\/ahorn.wohnmobile\/\" \/>\n<meta property=\"article:modified_time\" content=\"2025-04-24T14:32:10+00:00\" \/>\n<meta property=\"og:image\" content=\"https:\/\/ahorn-camp.de\/wp-content\/uploads\/2025\/04\/GasWarnerPlug-scaled.jpg\" \/>\n\t<meta property=\"og:image:width\" content=\"2560\" \/>\n\t<meta property=\"og:image:height\" content=\"2560\" \/>\n\t<meta property=\"og:image:type\" content=\"image\/jpeg\" \/>\n<meta name=\"twitter:card\" content=\"summary_large_image\" \/>\n<meta name=\"twitter:label1\" content=\"Tiempo de lectura\" \/>\n\t<meta name=\"twitter:data1\" content=\"2 minutos\" \/>\n<script type=\"application\/ld+json\" class=\"yoast-schema-graph\">{\"@context\":\"https:\\\/\\\/schema.org\",\"@graph\":[{\"@type\":\"WebPage\",\"@id\":\"https:\\\/\\\/ahorn-camp.de\\\/product\\\/gaswarner-plug\\\/\",\"url\":\"https:\\\/\\\/ahorn-camp.de\\\/product\\\/gaswarner-plug\\\/\",\"name\":\"G.A.S.- Plug12V mobiler Gaswarner - Ahorn Camp | Reisemobile und Kastenwagen\",\"isPartOf\":{\"@id\":\"https:\\\/\\\/ahorn-camp.de\\\/#website\"},\"primaryImageOfPage\":{\"@id\":\"https:\\\/\\\/ahorn-camp.de\\\/product\\\/gaswarner-plug\\\/#primaryimage\"},\"image\":{\"@id\":\"https:\\\/\\\/ahorn-camp.de\\\/product\\\/gaswarner-plug\\\/#primaryimage\"},\"thumbnailUrl\":\"https:\\\/\\\/ahorn-camp.de\\\/wp-content\\\/uploads\\\/2025\\\/04\\\/GasWarnerPlug-scaled.jpg\",\"datePublished\":\"2025-04-24T14:27:37+00:00\",\"dateModified\":\"2025-04-24T14:32:10+00:00\",\"description\":\"Mobiler 12\u202fV Gaswarner f\u00fcr die Steckdose \u2013 warnt vor Propan, Butan & Methan. Ideal f\u00fcr Camper & Boote. Jetzt online kaufen & sicher reisen!\",\"breadcrumb\":{\"@id\":\"https:\\\/\\\/ahorn-camp.de\\\/product\\\/gaswarner-plug\\\/#breadcrumb\"},\"inLanguage\":\"es\",\"potentialAction\":[{\"@type\":\"ReadAction\",\"target\":[\"https:\\\/\\\/ahorn-camp.de\\\/product\\\/gaswarner-plug\\\/\"]}]},{\"@type\":\"ImageObject\",\"inLanguage\":\"es\",\"@id\":\"https:\\\/\\\/ahorn-camp.de\\\/product\\\/gaswarner-plug\\\/#primaryimage\",\"url\":\"https:\\\/\\\/ahorn-camp.de\\\/wp-content\\\/uploads\\\/2025\\\/04\\\/GasWarnerPlug-scaled.jpg\",\"contentUrl\":\"https:\\\/\\\/ahorn-camp.de\\\/wp-content\\\/uploads\\\/2025\\\/04\\\/GasWarnerPlug-scaled.jpg\",\"width\":2560,\"height\":2560,\"caption\":\"Gaswarner 12V Steckdose\"},{\"@type\":\"BreadcrumbList\",\"@id\":\"https:\\\/\\\/ahorn-camp.de\\\/product\\\/gaswarner-plug\\\/#breadcrumb\",\"itemListElement\":[{\"@type\":\"ListItem\",\"position\":1,\"name\":\"Startseite\",\"item\":\"https:\\\/\\\/ahorn-camp.de\\\/\"},{\"@type\":\"ListItem\",\"position\":2,\"name\":\"Merchandise-Shop\",\"item\":\"https:\\\/\\\/ahorn-camp.de\\\/merchandise-shop\\\/\"},{\"@type\":\"ListItem\",\"position\":3,\"name\":\"G.A.S.- Plug12V mobiler Gaswarner\"}]},{\"@type\":\"WebSite\",\"@id\":\"https:\\\/\\\/ahorn-camp.de\\\/#website\",\"url\":\"https:\\\/\\\/ahorn-camp.de\\\/\",\"name\":\"Ahorn Camp | Reisemobile und Kastenwagen\",\"description\":\"Seit \u00fcber 30 Jahren vermarktet das Familienunternehmen, Ahorn Camp in Speyer, erfolgreich Wohnmobile und Kastenwagen zum besten Preis-Leistungsverh\u00e4ltnis.\",\"publisher\":{\"@id\":\"https:\\\/\\\/ahorn-camp.de\\\/#organization\"},\"potentialAction\":[{\"@type\":\"SearchAction\",\"target\":{\"@type\":\"EntryPoint\",\"urlTemplate\":\"https:\\\/\\\/ahorn-camp.de\\\/?s={search_term_string}\"},\"query-input\":{\"@type\":\"PropertyValueSpecification\",\"valueRequired\":true,\"valueName\":\"search_term_string\"}}],\"inLanguage\":\"es\"},{\"@type\":\"Organization\",\"@id\":\"https:\\\/\\\/ahorn-camp.de\\\/#organization\",\"name\":\"Ahorn Camp GmbH & Co. KG\",\"url\":\"https:\\\/\\\/ahorn-camp.de\\\/\",\"logo\":{\"@type\":\"ImageObject\",\"inLanguage\":\"es\",\"@id\":\"https:\\\/\\\/ahorn-camp.de\\\/#\\\/schema\\\/logo\\\/image\\\/\",\"url\":\"https:\\\/\\\/ahorn-camp.de\\\/wp-content\\\/uploads\\\/2018\\\/12\\\/Ahorn_Logo.jpg\",\"contentUrl\":\"https:\\\/\\\/ahorn-camp.de\\\/wp-content\\\/uploads\\\/2018\\\/12\\\/Ahorn_Logo.jpg\",\"width\":1437,\"height\":1000,\"caption\":\"Ahorn Camp GmbH & Co. KG\"},\"image\":{\"@id\":\"https:\\\/\\\/ahorn-camp.de\\\/#\\\/schema\\\/logo\\\/image\\\/\"},\"sameAs\":[\"https:\\\/\\\/www.facebook.com\\\/ahorn.wohnmobile\\\/\",\"https:\\\/\\\/www.instagram.com\\\/ahorn.camp\\\/\",\"https:\\\/\\\/www.youtube.com\\\/channel\\\/UCPFbPCts1JJ_A1k9vyH0yOQ\"]}]}<\/script>\n<!-- \/ Yoast SEO plugin. -->","yoast_head_json":{"title":"G.A.S.- Enchufe 12V Detector de Gas M\u00f3vil - Ahorn Camp | Autocaravanas y furgonetas camper","description":"Advertencia de gas Mobiler 12V para enchufe \u2013 Advierte sobre propano, butano y metano. Ideal para campistas y barcos. \u00a1Compra ahora online y viaja seguro!","robots":{"index":"index","follow":"follow","max-snippet":"max-snippet:-1","max-image-preview":"max-image-preview:large","max-video-preview":"max-video-preview:-1"},"canonical":"https:\/\/ahorn-camp.de\/es\/product\/enchufe-gaswarner\/","og_locale":"es_ES","og_type":"article","og_title":"G.A.S.- Plug12V mobiler Gaswarner - Ahorn Camp | Reisemobile und Kastenwagen","og_description":"Mobiler 12\u202fV Gaswarner f\u00fcr die Steckdose \u2013 warnt vor Propan, Butan & Methan. Ideal f\u00fcr Camper & Boote. Jetzt online kaufen & sicher reisen!","og_url":"https:\/\/ahorn-camp.de\/es\/product\/enchufe-gaswarner\/","og_site_name":"Ahorn Camp | Reisemobile und Kastenwagen","article_publisher":"https:\/\/www.facebook.com\/ahorn.wohnmobile\/","article_modified_time":"2025-04-24T14:32:10+00:00","og_image":[{"width":2560,"height":2560,"url":"https:\/\/ahorn-camp.de\/wp-content\/uploads\/2025\/04\/GasWarnerPlug-scaled.jpg","type":"image\/jpeg"}],"twitter_card":"summary_large_image","twitter_misc":{"Tiempo de lectura":"2 minutos"},"schema":{"@context":"https:\/\/schema.org","@graph":[{"@type":"WebPage","@id":"https:\/\/ahorn-camp.de\/product\/gaswarner-plug\/","url":"https:\/\/ahorn-camp.de\/product\/gaswarner-plug\/","name":"G.A.S.- Enchufe 12V Detector de Gas M\u00f3vil - Ahorn Camp | Autocaravanas y furgonetas camper","isPartOf":{"@id":"https:\/\/ahorn-camp.de\/#website"},"primaryImageOfPage":{"@id":"https:\/\/ahorn-camp.de\/product\/gaswarner-plug\/#primaryimage"},"image":{"@id":"https:\/\/ahorn-camp.de\/product\/gaswarner-plug\/#primaryimage"},"thumbnailUrl":"https:\/\/ahorn-camp.de\/wp-content\/uploads\/2025\/04\/GasWarnerPlug-scaled.jpg","datePublished":"2025-04-24T14:27:37+00:00","dateModified":"2025-04-24T14:32:10+00:00","description":"Advertencia de gas Mobiler 12V para enchufe \u2013 Advierte sobre propano, butano y metano. Ideal para campistas y barcos. \u00a1Compra ahora online y viaja seguro!","breadcrumb":{"@id":"https:\/\/ahorn-camp.de\/product\/gaswarner-plug\/#breadcrumb"},"inLanguage":"es","potentialAction":[{"@type":"ReadAction","target":["https:\/\/ahorn-camp.de\/product\/gaswarner-plug\/"]}]},{"@type":"ImageObject","inLanguage":"es","@id":"https:\/\/ahorn-camp.de\/product\/gaswarner-plug\/#primaryimage","url":"https:\/\/ahorn-camp.de\/wp-content\/uploads\/2025\/04\/GasWarnerPlug-scaled.jpg","contentUrl":"https:\/\/ahorn-camp.de\/wp-content\/uploads\/2025\/04\/GasWarnerPlug-scaled.jpg","width":2560,"height":2560,"caption":"Gaswarner 12V Steckdose"},{"@type":"BreadcrumbList","@id":"https:\/\/ahorn-camp.de\/product\/gaswarner-plug\/#breadcrumb","itemListElement":[{"@type":"ListItem","position":1,"name":"Startseite","item":"https:\/\/ahorn-camp.de\/"},{"@type":"ListItem","position":2,"name":"Merchandise-Shop","item":"https:\/\/ahorn-camp.de\/merchandise-shop\/"},{"@type":"ListItem","position":3,"name":"G.A.S.- Plug12V mobiler Gaswarner"}]},{"@type":"WebSite","@id":"https:\/\/ahorn-camp.de\/#website","url":"https:\/\/ahorn-camp.de\/","name":"Ahorn Camp | Autocaravanas y furgonetas camper","description":"Desde hace m\u00e1s de 30 a\u00f1os, la empresa familiar, Ahorn Camp en Speyer, comercializa con \u00e9xito caravanas y furgonetas camper a la mejor relaci\u00f3n calidad-precio.","publisher":{"@id":"https:\/\/ahorn-camp.de\/#organization"},"potentialAction":[{"@type":"SearchAction","target":{"@type":"EntryPoint","urlTemplate":"https:\/\/ahorn-camp.de\/?s={search_term_string}"},"query-input":{"@type":"PropertyValueSpecification","valueRequired":true,"valueName":"search_term_string"}}],"inLanguage":"es"},{"@type":"Organization","@id":"https:\/\/ahorn-camp.de\/#organization","name":"Ahorn Camp GmbH &amp; Co. KG","url":"https:\/\/ahorn-camp.de\/","logo":{"@type":"ImageObject","inLanguage":"es","@id":"https:\/\/ahorn-camp.de\/#\/schema\/logo\/image\/","url":"https:\/\/ahorn-camp.de\/wp-content\/uploads\/2018\/12\/Ahorn_Logo.jpg","contentUrl":"https:\/\/ahorn-camp.de\/wp-content\/uploads\/2018\/12\/Ahorn_Logo.jpg","width":1437,"height":1000,"caption":"Ahorn Camp GmbH & Co. KG"},"image":{"@id":"https:\/\/ahorn-camp.de\/#\/schema\/logo\/image\/"},"sameAs":["https:\/\/www.facebook.com\/ahorn.wohnmobile\/","https:\/\/www.instagram.com\/ahorn.camp\/","https:\/\/www.youtube.com\/channel\/UCPFbPCts1JJ_A1k9vyH0yOQ"]}]}},"_links":{"self":[{"href":"https:\/\/ahorn-camp.de\/es\/wp-json\/wp\/v2\/product\/30600","targetHints":{"allow":["GET"]}}],"collection":[{"href":"https:\/\/ahorn-camp.de\/es\/wp-json\/wp\/v2\/product"}],"about":[{"href":"https:\/\/ahorn-camp.de\/es\/wp-json\/wp\/v2\/types\/product"}],"wp:featuredmedia":[{"embeddable":true,"href":"https:\/\/ahorn-camp.de\/es\/wp-json\/wp\/v2\/media\/30601"}],"wp:attachment":[{"href":"https:\/\/ahorn-camp.de\/es\/wp-json\/wp\/v2\/media?parent=30600"}],"wp:term":[{"taxonomy":"product_brand","embeddable":true,"href":"https:\/\/ahorn-camp.de\/es\/wp-json\/wp\/v2\/product_brand?post=30600"},{"taxonomy":"product_cat","embeddable":true,"href":"https:\/\/ahorn-camp.de\/es\/wp-json\/wp\/v2\/product_cat?post=30600"},{"taxonomy":"product_tag","embeddable":true,"href":"https:\/\/ahorn-camp.de\/es\/wp-json\/wp\/v2\/product_tag?post=30600"}],"curies":[{"name":"wp","href":"https:\/\/api.w.org\/{rel}","templated":true}]}}