{"id":30585,"date":"2025-04-24T11:27:19","date_gmt":"2025-04-24T09:27:19","guid":{"rendered":"https:\/\/ahorn-camp.de\/?post_type=product&#038;p=30585"},"modified":"2025-04-24T11:34:14","modified_gmt":"2025-04-24T09:34:14","slug":"minisafe","status":"publish","type":"product","link":"https:\/\/ahorn-camp.de\/es\/product\/minisafe\/","title":{"rendered":"Minisafe Tresor"},"content":{"rendered":"<p class=\"\" data-start=\"296\" data-end=\"381\"><strong data-start=\"296\" data-end=\"381\">Seguro y protegido, relajado en el camino: tu caja fuerte m\u00f3vil para furgoneta, autocaravana y coche.<\/strong><\/p>\n<p class=\"\" data-start=\"383\" data-end=\"703\">Ya sea para un viaje por carretera, una escapada a la ciudad o el d\u00eda a d\u00eda: con esta caja fuerte m\u00f3vil y compacta, proteger\u00e1s tus objetos de valor contra robos de forma fiable, sin ocupar mucho espacio. Esta peque\u00f1a y robusta caja fuerte se puede instalar de forma flexible en el veh\u00edculo, ideal para tu cartera, smartphone, llaves o documentos de viaje.<\/p>\n<p class=\"\" data-start=\"383\" data-end=\"703\"><strong data-start=\"708\" data-end=\"727\">Robusto y seguro<\/strong><br data-start=\"727\" data-end=\"730\" \/>Fabricada en chapa de acero de alta calidad con recubrimiento en polvo, la caja fuerte ofrece una protecci\u00f3n fiable contra intentos de forzamiento. El mecanismo de cerradura de cilindro es f\u00e1cil de usar y, sin embargo, eficaz contra el acceso no autorizado.<\/p>\n<p class=\"\" data-start=\"961\" data-end=\"1234\"><strong data-start=\"964\" data-end=\"997\">Montaje compacto y flexible<\/strong><br data-start=\"997\" data-end=\"1000\" \/>Con sus dimensiones pr\u00e1cticas de 22\u00a0\u00d7\u00a013\u00a0\u00d7\u00a025 cm, la caja fuerte cabe debajo de muchos asientos, en la guantera o en los bolsillos laterales, perfecta para furgonetas, autocaravanas, barcos y coches. Incluye material de montaje para una fijaci\u00f3n segura en el veh\u00edculo.<\/p>\n<p class=\"\" data-start=\"1236\" data-end=\"1448\"><strong data-start=\"1240\" data-end=\"1283\">Manejo simple y acceso r\u00e1pido<\/strong><br data-start=\"1283\" data-end=\"1286\" \/>Gracias a la pr\u00e1ctica tapa abatible y al cierre f\u00e1cil de usar, tus objetos de valor son r\u00e1pidamente accesibles y est\u00e1n bien guardados mientras viajas.<\/p>\n<hr class=\"\" data-start=\"1450\" data-end=\"1453\" \/>\n<p class=\"\" data-start=\"1455\" data-end=\"1474\"><strong data-start=\"1455\" data-end=\"1474\">Detalles del producto:<\/strong><\/p>\n<ul data-start=\"1476\" data-end=\"1683\">\n<li class=\"\" data-start=\"1476\" data-end=\"1505\">\n<p class=\"\" data-start=\"1478\" data-end=\"1505\">Dimensiones exteriores: A: 22 \u00d7 Al: 13 \u00d7 Pr: 25 cm<\/p>\n<\/li>\n<li class=\"\" data-start=\"1506\" data-end=\"1550\">\n<p class=\"\" data-start=\"1508\" data-end=\"1550\">Material: Acero SM de 3 mm<\/p>\n<\/li>\n<li class=\"\" data-start=\"1551\" data-end=\"1574\">\n<p class=\"\" data-start=\"1553\" data-end=\"1574\">Peso: aprox. 6 kg<\/p>\n<\/li>\n<li class=\"\" data-start=\"1575\" data-end=\"1620\">\n<p class=\"\" data-start=\"1577\" data-end=\"1620\">Incluye material de montaje y 2 llaves<\/p>\n<\/li>\n<li class=\"\" data-start=\"1621\" data-end=\"1666\">\n<p class=\"\" data-start=\"1623\" data-end=\"1666\">Ideal para coches, caravanas, furgonetas y barcos<\/p>\n<\/li>\n<li class=\"\" data-start=\"1667\" data-end=\"1683\">\n<p class=\"\" data-start=\"1669\" data-end=\"1683\">Color: Negro<\/p>\n<\/li>\n<\/ul>","protected":false},"excerpt":{"rendered":"<p class=\"\" data-start=\"296\" data-end=\"381\"><strong data-start=\"296\" data-end=\"381\">Sicher verstaut, entspannt unterwegs \u2013 dein mobiler Safe f\u00fcr Van, Wohnmobil &amp; PKW<\/strong><\/p>\n<p class=\"\" data-start=\"383\" data-end=\"703\">Ob Roadtrip, St\u00e4dtetrip oder Alltag: Mit dem kompakten Mobil-Safe sch\u00fctzt du deine Wertsachen zuverl\u00e4ssig vor Diebstahl \u2013 ganz ohne viel Platz zu verbrauchen. Der kleine, robuste Tresor l\u00e4sst sich flexibel im Fahrzeug verbauen \u2013 ideal f\u00fcr Geldb\u00f6rse, Smartphone, Schl\u00fcssel oder Reisedokumente.<\/p>\n<p class=\"\" data-start=\"383\" data-end=\"703\"><strong data-start=\"708\" data-end=\"727\">Robust &amp; sicher<\/strong><br data-start=\"727\" data-end=\"730\" \/>Gefertigt aus hochwertigem, pulverbeschichtetem Stahlblech, bietet der Safe zuverl\u00e4ssigen Schutz gegen Aufbruchversuche. Der Zylinderschloss-Mechanismus ist einfach in der Handhabung und dennoch effektiv gegen unbefugten Zugriff.<\/p>\n<p class=\"\" data-start=\"961\" data-end=\"1234\"><strong data-start=\"964\" data-end=\"997\">Kompakt &amp; flexibel montierbar<\/strong><br data-start=\"997\" data-end=\"1000\" \/>Mit seinen handlichen Ma\u00dfen von 22\u202f\u00d7\u202f13\u202f\u00d7\u202f25 cm passt der Safe unter viele Sitze, ins Handschuhfach oder in Seitentaschen \u2013 perfekt f\u00fcr Vans, Campervans, Boote und PKW. Inklusive Montagematerial f\u00fcr die sichere Befestigung im Fahrzeug.<\/p>\n<p class=\"\" data-start=\"1236\" data-end=\"1448\"><strong data-start=\"1240\" data-end=\"1283\">Einfache Handhabung &amp; schneller Zugriff<\/strong><br data-start=\"1283\" data-end=\"1286\" \/>Dank [&#8230;]<\/p>\n","protected":false},"featured_media":30586,"template":"","meta":{"content-type":""},"product_brand":[],"product_cat":[602,606,609,610,605,607,608,604,611,612],"product_tag":[],"class_list":{"0":"post-30585","1":"product","2":"type-product","3":"status-publish","4":"has-post-thumbnail","6":"product_cat-zubehoer","7":"product_cat-zuebhoer-van-city","8":"product_cat-zubehoer-van-city-mtg","9":"product_cat-zubehoer-van-city-teil","10":"product_cat-zubehoer-van","11":"product_cat-zubehoer-van-mtg","12":"product_cat-zubehoer-van-teil","13":"product_cat-zubehoer-womo","14":"product_cat-zubehoer-womo-mtg","15":"product_cat-zubehoer-womo-teil","16":"product_shipping_class-paket","18":"first","19":"instock","20":"taxable","21":"shipping-taxable","22":"purchasable","23":"product-type-simple"},"yoast_head":"<!-- This site is optimized with the Yoast SEO plugin v27.4 - https:\/\/yoast.com\/product\/yoast-seo-wordpress\/ -->\n<title>Minisafe Tresor - Ahorn Camp | Reisemobile und Kastenwagen<\/title>\n<meta name=\"description\" content=\"Kompakter Mobil-Safe f\u00fcr Womo &amp; Van. Aus robustem Stahl, ideal f\u00fcr Wertsachen wie Smartphone &amp; Geldb\u00f6rse. Jetzt online kaufen &amp; sicher unterwegs sein!\" \/>\n<meta name=\"robots\" content=\"index, follow, max-snippet:-1, max-image-preview:large, max-video-preview:-1\" \/>\n<link rel=\"canonical\" href=\"https:\/\/ahorn-camp.de\/es\/product\/minisafe\/\" \/>\n<meta property=\"og:locale\" content=\"es_ES\" \/>\n<meta property=\"og:type\" content=\"article\" \/>\n<meta property=\"og:title\" content=\"Minisafe Tresor - Ahorn Camp | Reisemobile und Kastenwagen\" \/>\n<meta property=\"og:description\" content=\"Kompakter Mobil-Safe f\u00fcr Womo &amp; Van. Aus robustem Stahl, ideal f\u00fcr Wertsachen wie Smartphone &amp; Geldb\u00f6rse. Jetzt online kaufen &amp; sicher unterwegs sein!\" \/>\n<meta property=\"og:url\" content=\"https:\/\/ahorn-camp.de\/es\/product\/minisafe\/\" \/>\n<meta property=\"og:site_name\" content=\"Ahorn Camp | Reisemobile und Kastenwagen\" \/>\n<meta property=\"article:publisher\" content=\"https:\/\/www.facebook.com\/ahorn.wohnmobile\/\" \/>\n<meta property=\"article:modified_time\" content=\"2025-04-24T09:34:14+00:00\" \/>\n<meta property=\"og:image\" content=\"https:\/\/ahorn-camp.de\/wp-content\/uploads\/2025\/04\/Mobile-Tresor-min-scaled.jpg\" \/>\n\t<meta property=\"og:image:width\" content=\"2560\" \/>\n\t<meta property=\"og:image:height\" content=\"2560\" \/>\n\t<meta property=\"og:image:type\" content=\"image\/jpeg\" \/>\n<meta name=\"twitter:card\" content=\"summary_large_image\" \/>\n<meta name=\"twitter:label1\" content=\"Tiempo de lectura\" \/>\n\t<meta name=\"twitter:data1\" content=\"2 minutos\" \/>\n<script type=\"application\/ld+json\" class=\"yoast-schema-graph\">{\"@context\":\"https:\\\/\\\/schema.org\",\"@graph\":[{\"@type\":\"WebPage\",\"@id\":\"https:\\\/\\\/ahorn-camp.de\\\/product\\\/minisafe\\\/\",\"url\":\"https:\\\/\\\/ahorn-camp.de\\\/product\\\/minisafe\\\/\",\"name\":\"Minisafe Tresor - Ahorn Camp | Reisemobile und Kastenwagen\",\"isPartOf\":{\"@id\":\"https:\\\/\\\/ahorn-camp.de\\\/#website\"},\"primaryImageOfPage\":{\"@id\":\"https:\\\/\\\/ahorn-camp.de\\\/product\\\/minisafe\\\/#primaryimage\"},\"image\":{\"@id\":\"https:\\\/\\\/ahorn-camp.de\\\/product\\\/minisafe\\\/#primaryimage\"},\"thumbnailUrl\":\"https:\\\/\\\/ahorn-camp.de\\\/wp-content\\\/uploads\\\/2025\\\/04\\\/Mobile-Tresor-min-scaled.jpg\",\"datePublished\":\"2025-04-24T09:27:19+00:00\",\"dateModified\":\"2025-04-24T09:34:14+00:00\",\"description\":\"Kompakter Mobil-Safe f\u00fcr Womo & Van. Aus robustem Stahl, ideal f\u00fcr Wertsachen wie Smartphone & Geldb\u00f6rse. Jetzt online kaufen & sicher unterwegs sein!\",\"breadcrumb\":{\"@id\":\"https:\\\/\\\/ahorn-camp.de\\\/product\\\/minisafe\\\/#breadcrumb\"},\"inLanguage\":\"es\",\"potentialAction\":[{\"@type\":\"ReadAction\",\"target\":[\"https:\\\/\\\/ahorn-camp.de\\\/product\\\/minisafe\\\/\"]}]},{\"@type\":\"ImageObject\",\"inLanguage\":\"es\",\"@id\":\"https:\\\/\\\/ahorn-camp.de\\\/product\\\/minisafe\\\/#primaryimage\",\"url\":\"https:\\\/\\\/ahorn-camp.de\\\/wp-content\\\/uploads\\\/2025\\\/04\\\/Mobile-Tresor-min-scaled.jpg\",\"contentUrl\":\"https:\\\/\\\/ahorn-camp.de\\\/wp-content\\\/uploads\\\/2025\\\/04\\\/Mobile-Tresor-min-scaled.jpg\",\"width\":2560,\"height\":2560,\"caption\":\"Mini Safe\"},{\"@type\":\"BreadcrumbList\",\"@id\":\"https:\\\/\\\/ahorn-camp.de\\\/product\\\/minisafe\\\/#breadcrumb\",\"itemListElement\":[{\"@type\":\"ListItem\",\"position\":1,\"name\":\"Startseite\",\"item\":\"https:\\\/\\\/ahorn-camp.de\\\/\"},{\"@type\":\"ListItem\",\"position\":2,\"name\":\"Merchandise-Shop\",\"item\":\"https:\\\/\\\/ahorn-camp.de\\\/merchandise-shop\\\/\"},{\"@type\":\"ListItem\",\"position\":3,\"name\":\"Minisafe Tresor\"}]},{\"@type\":\"WebSite\",\"@id\":\"https:\\\/\\\/ahorn-camp.de\\\/#website\",\"url\":\"https:\\\/\\\/ahorn-camp.de\\\/\",\"name\":\"Ahorn Camp | Reisemobile und Kastenwagen\",\"description\":\"Seit \u00fcber 30 Jahren vermarktet das Familienunternehmen, Ahorn Camp in Speyer, erfolgreich Wohnmobile und Kastenwagen zum besten Preis-Leistungsverh\u00e4ltnis.\",\"publisher\":{\"@id\":\"https:\\\/\\\/ahorn-camp.de\\\/#organization\"},\"potentialAction\":[{\"@type\":\"SearchAction\",\"target\":{\"@type\":\"EntryPoint\",\"urlTemplate\":\"https:\\\/\\\/ahorn-camp.de\\\/?s={search_term_string}\"},\"query-input\":{\"@type\":\"PropertyValueSpecification\",\"valueRequired\":true,\"valueName\":\"search_term_string\"}}],\"inLanguage\":\"es\"},{\"@type\":\"Organization\",\"@id\":\"https:\\\/\\\/ahorn-camp.de\\\/#organization\",\"name\":\"Ahorn Camp GmbH & Co. KG\",\"url\":\"https:\\\/\\\/ahorn-camp.de\\\/\",\"logo\":{\"@type\":\"ImageObject\",\"inLanguage\":\"es\",\"@id\":\"https:\\\/\\\/ahorn-camp.de\\\/#\\\/schema\\\/logo\\\/image\\\/\",\"url\":\"https:\\\/\\\/ahorn-camp.de\\\/wp-content\\\/uploads\\\/2018\\\/12\\\/Ahorn_Logo.jpg\",\"contentUrl\":\"https:\\\/\\\/ahorn-camp.de\\\/wp-content\\\/uploads\\\/2018\\\/12\\\/Ahorn_Logo.jpg\",\"width\":1437,\"height\":1000,\"caption\":\"Ahorn Camp GmbH & Co. KG\"},\"image\":{\"@id\":\"https:\\\/\\\/ahorn-camp.de\\\/#\\\/schema\\\/logo\\\/image\\\/\"},\"sameAs\":[\"https:\\\/\\\/www.facebook.com\\\/ahorn.wohnmobile\\\/\",\"https:\\\/\\\/www.instagram.com\\\/ahorn.camp\\\/\",\"https:\\\/\\\/www.youtube.com\\\/channel\\\/UCPFbPCts1JJ_A1k9vyH0yOQ\"]}]}<\/script>\n<!-- \/ Yoast SEO plugin. -->","yoast_head_json":{"title":"Minisafe Tresor - Ahorn Camp | Autocaravanas y furgonetas<\/caption>","description":"Caja fuerte m\u00f3vil compacta para autocaravanas y furgonetas. De acero robusto, ideal para objetos de valor como tel\u00e9fonos inteligentes y carteras. \u00a1Compre ahora en l\u00ednea y viaje seguro!","robots":{"index":"index","follow":"follow","max-snippet":"max-snippet:-1","max-image-preview":"max-image-preview:large","max-video-preview":"max-video-preview:-1"},"canonical":"https:\/\/ahorn-camp.de\/es\/product\/minisafe\/","og_locale":"es_ES","og_type":"article","og_title":"Minisafe Tresor - Ahorn Camp | Reisemobile und Kastenwagen","og_description":"Kompakter Mobil-Safe f\u00fcr Womo & Van. Aus robustem Stahl, ideal f\u00fcr Wertsachen wie Smartphone & Geldb\u00f6rse. Jetzt online kaufen & sicher unterwegs sein!","og_url":"https:\/\/ahorn-camp.de\/es\/product\/minisafe\/","og_site_name":"Ahorn Camp | Reisemobile und Kastenwagen","article_publisher":"https:\/\/www.facebook.com\/ahorn.wohnmobile\/","article_modified_time":"2025-04-24T09:34:14+00:00","og_image":[{"width":2560,"height":2560,"url":"https:\/\/ahorn-camp.de\/wp-content\/uploads\/2025\/04\/Mobile-Tresor-min-scaled.jpg","type":"image\/jpeg"}],"twitter_card":"summary_large_image","twitter_misc":{"Tiempo de lectura":"2 minutos"},"schema":{"@context":"https:\/\/schema.org","@graph":[{"@type":"WebPage","@id":"https:\/\/ahorn-camp.de\/product\/minisafe\/","url":"https:\/\/ahorn-camp.de\/product\/minisafe\/","name":"Minisafe Tresor - Ahorn Camp | Autocaravanas y furgonetas<\/caption>","isPartOf":{"@id":"https:\/\/ahorn-camp.de\/#website"},"primaryImageOfPage":{"@id":"https:\/\/ahorn-camp.de\/product\/minisafe\/#primaryimage"},"image":{"@id":"https:\/\/ahorn-camp.de\/product\/minisafe\/#primaryimage"},"thumbnailUrl":"https:\/\/ahorn-camp.de\/wp-content\/uploads\/2025\/04\/Mobile-Tresor-min-scaled.jpg","datePublished":"2025-04-24T09:27:19+00:00","dateModified":"2025-04-24T09:34:14+00:00","description":"Caja fuerte m\u00f3vil compacta para autocaravanas y furgonetas. De acero robusto, ideal para objetos de valor como tel\u00e9fonos inteligentes y carteras. \u00a1Compre ahora en l\u00ednea y viaje seguro!","breadcrumb":{"@id":"https:\/\/ahorn-camp.de\/product\/minisafe\/#breadcrumb"},"inLanguage":"es","potentialAction":[{"@type":"ReadAction","target":["https:\/\/ahorn-camp.de\/product\/minisafe\/"]}]},{"@type":"ImageObject","inLanguage":"es","@id":"https:\/\/ahorn-camp.de\/product\/minisafe\/#primaryimage","url":"https:\/\/ahorn-camp.de\/wp-content\/uploads\/2025\/04\/Mobile-Tresor-min-scaled.jpg","contentUrl":"https:\/\/ahorn-camp.de\/wp-content\/uploads\/2025\/04\/Mobile-Tresor-min-scaled.jpg","width":2560,"height":2560,"caption":"Mini Safe"},{"@type":"BreadcrumbList","@id":"https:\/\/ahorn-camp.de\/product\/minisafe\/#breadcrumb","itemListElement":[{"@type":"ListItem","position":1,"name":"Startseite","item":"https:\/\/ahorn-camp.de\/"},{"@type":"ListItem","position":2,"name":"Merchandise-Shop","item":"https:\/\/ahorn-camp.de\/merchandise-shop\/"},{"@type":"ListItem","position":3,"name":"Minisafe Tresor"}]},{"@type":"WebSite","@id":"https:\/\/ahorn-camp.de\/#website","url":"https:\/\/ahorn-camp.de\/","name":"Ahorn Camp | Autocaravanas y furgonetas camper","description":"Desde hace m\u00e1s de 30 a\u00f1os, la empresa familiar, Ahorn Camp en Speyer, comercializa con \u00e9xito caravanas y furgonetas camper a la mejor relaci\u00f3n calidad-precio.","publisher":{"@id":"https:\/\/ahorn-camp.de\/#organization"},"potentialAction":[{"@type":"SearchAction","target":{"@type":"EntryPoint","urlTemplate":"https:\/\/ahorn-camp.de\/?s={search_term_string}"},"query-input":{"@type":"PropertyValueSpecification","valueRequired":true,"valueName":"search_term_string"}}],"inLanguage":"es"},{"@type":"Organization","@id":"https:\/\/ahorn-camp.de\/#organization","name":"Ahorn Camp GmbH &amp; Co. KG","url":"https:\/\/ahorn-camp.de\/","logo":{"@type":"ImageObject","inLanguage":"es","@id":"https:\/\/ahorn-camp.de\/#\/schema\/logo\/image\/","url":"https:\/\/ahorn-camp.de\/wp-content\/uploads\/2018\/12\/Ahorn_Logo.jpg","contentUrl":"https:\/\/ahorn-camp.de\/wp-content\/uploads\/2018\/12\/Ahorn_Logo.jpg","width":1437,"height":1000,"caption":"Ahorn Camp GmbH & Co. KG"},"image":{"@id":"https:\/\/ahorn-camp.de\/#\/schema\/logo\/image\/"},"sameAs":["https:\/\/www.facebook.com\/ahorn.wohnmobile\/","https:\/\/www.instagram.com\/ahorn.camp\/","https:\/\/www.youtube.com\/channel\/UCPFbPCts1JJ_A1k9vyH0yOQ"]}]}},"_links":{"self":[{"href":"https:\/\/ahorn-camp.de\/es\/wp-json\/wp\/v2\/product\/30585","targetHints":{"allow":["GET"]}}],"collection":[{"href":"https:\/\/ahorn-camp.de\/es\/wp-json\/wp\/v2\/product"}],"about":[{"href":"https:\/\/ahorn-camp.de\/es\/wp-json\/wp\/v2\/types\/product"}],"wp:featuredmedia":[{"embeddable":true,"href":"https:\/\/ahorn-camp.de\/es\/wp-json\/wp\/v2\/media\/30586"}],"wp:attachment":[{"href":"https:\/\/ahorn-camp.de\/es\/wp-json\/wp\/v2\/media?parent=30585"}],"wp:term":[{"taxonomy":"product_brand","embeddable":true,"href":"https:\/\/ahorn-camp.de\/es\/wp-json\/wp\/v2\/product_brand?post=30585"},{"taxonomy":"product_cat","embeddable":true,"href":"https:\/\/ahorn-camp.de\/es\/wp-json\/wp\/v2\/product_cat?post=30585"},{"taxonomy":"product_tag","embeddable":true,"href":"https:\/\/ahorn-camp.de\/es\/wp-json\/wp\/v2\/product_tag?post=30585"}],"curies":[{"name":"wp","href":"https:\/\/api.w.org\/{rel}","templated":true}]}}