{"id":30583,"date":"2025-04-24T11:21:29","date_gmt":"2025-04-24T09:21:29","guid":{"rendered":"https:\/\/ahorn-camp.de\/?post_type=product&#038;p=30583"},"modified":"2025-04-24T11:37:39","modified_gmt":"2025-04-24T09:37:39","slug":"kit-de-control-de-heladas-truma","status":"publish","type":"product","link":"https:\/\/ahorn-camp.de\/es\/product\/truma-frost-control-kit\/","title":{"rendered":"Truma Frostschutzw\u00e4chter Kit de Control de Heladas"},"content":{"rendered":"<p class=\"\" data-start=\"291\" data-end=\"588\">El Truma Frostschutzw\u00e4chter es un componente de seguridad indispensable para todos aquellos que no quieren renunciar a la comodidad de su autocaravana o caravana, incluso a bajas temperaturas. Esta v\u00e1lvula de drenaje autom\u00e1tica protege de manera fiable tu instalaci\u00f3n de agua contra da\u00f1os por heladas, \u00a1sin necesidad de electricidad!.<\/p>\n<p class=\"\" data-start=\"590\" data-end=\"887\"><strong data-start=\"593\" data-end=\"633\">Anticongelante en el que puedes confiar<\/strong><br data-start=\"633\" data-end=\"636\" \/>Si la temperatura del veh\u00edculo desciende por debajo de aproximadamente 3 \u00b0C, el guardacristales Truma abre autom\u00e1ticamente la v\u00e1lvula y deja salir el agua del calentador y de las tuber\u00edas. De este modo, se evitan eficazmente los da\u00f1os por heladas, incluso cuando usted no est\u00e1 presente.<\/p>\n<p class=\"\" data-start=\"889\" data-end=\"1064\"><strong data-start=\"892\" data-end=\"918\">Sin cables y confiable<\/strong><br data-start=\"918\" data-end=\"921\" \/>El guardamotor anticongelante funciona completamente independiente de la fuente de alimentaci\u00f3n. Ideal para acampar en invierno o durante largos periodos al aire libre.<\/p>\n<p class=\"\" data-start=\"1066\" data-end=\"1333\"><strong data-start=\"1069\" data-end=\"1112\">Cierre manual con bot\u00f3n de control<\/strong><br data-start=\"1112\" data-end=\"1115\" \/>Una vez que la temperatura ambiente supere aproximadamente los 7 \u00b0C, puede volver a cerrar la v\u00e1lvula manualmente. El indicador, claramente visible, le informa en todo momento del estado actual de la v\u00e1lvula: abierta o cerrada.<\/p>\n<hr class=\"\" data-start=\"1526\" data-end=\"1529\" \/>\n<p class=\"\" data-start=\"1531\" data-end=\"1550\"><strong data-start=\"1531\" data-end=\"1550\">Detalles del producto:<\/strong><\/p>\n<ul data-start=\"1552\" data-end=\"1794\">\n<li class=\"\" data-start=\"1552\" data-end=\"1598\">\n<p class=\"\" data-start=\"1554\" data-end=\"1598\">V\u00e1lvula de descarga autom\u00e1tica en caso de riesgo de heladas<\/p>\n<\/li>\n<li class=\"\" data-start=\"1599\" data-end=\"1631\">\n<p class=\"\" data-start=\"1601\" data-end=\"1631\">Temperatura de activaci\u00f3n: aprox. +3 \u00b0C<\/p>\n<\/li>\n<li class=\"\" data-start=\"1632\" data-end=\"1675\">\n<p class=\"\" data-start=\"1634\" data-end=\"1675\">Temperatura de cierre: a partir de aprox. +7 \u00b0C manual<\/p>\n<\/li>\n<li class=\"\" data-start=\"1676\" data-end=\"1713\">\n<p class=\"\" data-start=\"1678\" data-end=\"1713\">Funciona sin suministro de energ\u00eda<\/p>\n<\/li>\n<li class=\"\" data-start=\"1714\" data-end=\"1746\">\n<p class=\"\" data-start=\"1716\" data-end=\"1746\">Dimensiones (aprox.): 130 \u00d7 60 \u00d7 65 mm<\/p>\n<\/li>\n<li class=\"\" data-start=\"1747\" data-end=\"1769\">\n<p class=\"\" data-start=\"1749\" data-end=\"1769\">Peso: aprox. 200 g<\/p>\n<\/li>\n<li class=\"\" data-start=\"1770\" data-end=\"1794\">\n<p class=\"\" data-start=\"1772\" data-end=\"1794\">Accesorios originales Truma<\/p>\n<\/li>\n<\/ul>","protected":false},"excerpt":{"rendered":"<p class=\"\" data-start=\"291\" data-end=\"588\">Der Truma Frostschutzw\u00e4chter ist ein unverzichtbares Sicherheitsbauteil f\u00fcr alle, die auch bei niedrigen Temperaturen nicht auf den Komfort ihres Wohnmobils oder Caravans verzichten wollen. Dieses automatische Ablassventil sch\u00fctzt deine Wasseranlage zuverl\u00e4ssig vor Frostsch\u00e4den \u2013 ganz ohne Strom.<\/p>\n<p class=\"\" data-start=\"590\" data-end=\"887\"><strong data-start=\"593\" data-end=\"633\">Frostschutz, dem du vertrauen kannst<\/strong><br data-start=\"633\" data-end=\"636\" \/>Sinkt die Temperatur im Fahrzeug unter ca. 3\u202f\u00b0C, \u00f6ffnet der Truma Frostw\u00e4chter automatisch das Ventil und l\u00e4sst das Wasser aus dem Boiler und den Leitungen abflie\u00dfen. So werden Frostsch\u00e4den effektiv verhindert \u2013 auch wenn du einmal nicht vor Ort bist.<\/p>\n<p class=\"\" data-start=\"889\" data-end=\"1064\"><strong data-start=\"892\" data-end=\"918\">Stromlos &amp; zuverl\u00e4ssig<\/strong><br data-start=\"918\" data-end=\"921\" \/>Der Frostschutzw\u00e4chter funktioniert v\u00f6llig unabh\u00e4ngig von der Stromversorgung. Ideal f\u00fcr Wintercamping oder bei l\u00e4ngeren Standzeiten im Freien.<\/p>\n<p class=\"\" data-start=\"1066\" data-end=\"1333\"><strong data-start=\"1069\" data-end=\"1112\">Manuelle Verriegelung mit Kontrollknopf<\/strong><br data-start=\"1112\" data-end=\"1115\" \/>Sobald die Umgebungstemperatur \u00fcber ca. 7\u202f\u00b0C steigt, kannst du das Ventil wieder manuell schlie\u00dfen. Die gut sichtbare Anzeige gibt dir jederzeit Auskunft \u00fcber den aktuellen [&#8230;]<\/p>\n","protected":false},"featured_media":30584,"template":"","meta":{"content-type":""},"product_brand":[],"product_cat":[602,605,607,608,604,611,612],"product_tag":[],"class_list":{"0":"post-30583","1":"product","2":"type-product","3":"status-publish","4":"has-post-thumbnail","6":"product_cat-zubehoer","7":"product_cat-zubehoer-van","8":"product_cat-zubehoer-van-mtg","9":"product_cat-zubehoer-van-teil","10":"product_cat-zubehoer-womo","11":"product_cat-zubehoer-womo-mtg","12":"product_cat-zubehoer-womo-teil","13":"product_shipping_class-paket","15":"first","16":"instock","17":"taxable","18":"shipping-taxable","19":"purchasable","20":"product-type-simple"},"yoast_head":"<!-- This site is optimized with the Yoast SEO plugin v27.4 - https:\/\/yoast.com\/product\/yoast-seo-wordpress\/ -->\n<title>Truma Frostschutzw\u00e4chter Frost Control Kit - Ahorn Camp | Reisemobile und Kastenwagen<\/title>\n<meta name=\"description\" content=\"Truma Frostschutzw\u00e4chter f\u00fcr dein Wohnmobil oder Van \u2013 automatisch, stromlos, sicher. Jetzt online kaufen!\" \/>\n<meta name=\"robots\" content=\"index, follow, max-snippet:-1, max-image-preview:large, max-video-preview:-1\" \/>\n<link rel=\"canonical\" href=\"https:\/\/ahorn-camp.de\/es\/product\/kit-de-control-de-heladas-truma\/\" \/>\n<meta property=\"og:locale\" content=\"es_ES\" \/>\n<meta property=\"og:type\" content=\"article\" \/>\n<meta property=\"og:title\" content=\"Truma Frostschutzw\u00e4chter Frost Control Kit - Ahorn Camp | Reisemobile und Kastenwagen\" \/>\n<meta property=\"og:description\" content=\"Truma Frostschutzw\u00e4chter f\u00fcr dein Wohnmobil oder Van \u2013 automatisch, stromlos, sicher. Jetzt online kaufen!\" \/>\n<meta property=\"og:url\" content=\"https:\/\/ahorn-camp.de\/es\/product\/kit-de-control-de-heladas-truma\/\" \/>\n<meta property=\"og:site_name\" content=\"Ahorn Camp | Reisemobile und Kastenwagen\" \/>\n<meta property=\"article:publisher\" content=\"https:\/\/www.facebook.com\/ahorn.wohnmobile\/\" \/>\n<meta property=\"article:modified_time\" content=\"2025-04-24T09:37:39+00:00\" \/>\n<meta property=\"og:image\" content=\"https:\/\/ahorn-camp.de\/wp-content\/uploads\/2025\/04\/Frostschutzwaechter-scaled.jpg\" \/>\n\t<meta property=\"og:image:width\" content=\"2560\" \/>\n\t<meta property=\"og:image:height\" content=\"2560\" \/>\n\t<meta property=\"og:image:type\" content=\"image\/jpeg\" \/>\n<meta name=\"twitter:card\" content=\"summary_large_image\" \/>\n<meta name=\"twitter:label1\" content=\"Tiempo de lectura\" \/>\n\t<meta name=\"twitter:data1\" content=\"2 minutos\" \/>\n<script type=\"application\/ld+json\" class=\"yoast-schema-graph\">{\"@context\":\"https:\\\/\\\/schema.org\",\"@graph\":[{\"@type\":\"WebPage\",\"@id\":\"https:\\\/\\\/ahorn-camp.de\\\/product\\\/truma-frost-control-kit\\\/\",\"url\":\"https:\\\/\\\/ahorn-camp.de\\\/product\\\/truma-frost-control-kit\\\/\",\"name\":\"Truma Frostschutzw\u00e4chter Frost Control Kit - Ahorn Camp | Reisemobile und Kastenwagen\",\"isPartOf\":{\"@id\":\"https:\\\/\\\/ahorn-camp.de\\\/#website\"},\"primaryImageOfPage\":{\"@id\":\"https:\\\/\\\/ahorn-camp.de\\\/product\\\/truma-frost-control-kit\\\/#primaryimage\"},\"image\":{\"@id\":\"https:\\\/\\\/ahorn-camp.de\\\/product\\\/truma-frost-control-kit\\\/#primaryimage\"},\"thumbnailUrl\":\"https:\\\/\\\/ahorn-camp.de\\\/wp-content\\\/uploads\\\/2025\\\/04\\\/Frostschutzwaechter-scaled.jpg\",\"datePublished\":\"2025-04-24T09:21:29+00:00\",\"dateModified\":\"2025-04-24T09:37:39+00:00\",\"description\":\"Truma Frostschutzw\u00e4chter f\u00fcr dein Wohnmobil oder Van \u2013 automatisch, stromlos, sicher. Jetzt online kaufen!\",\"breadcrumb\":{\"@id\":\"https:\\\/\\\/ahorn-camp.de\\\/product\\\/truma-frost-control-kit\\\/#breadcrumb\"},\"inLanguage\":\"es\",\"potentialAction\":[{\"@type\":\"ReadAction\",\"target\":[\"https:\\\/\\\/ahorn-camp.de\\\/product\\\/truma-frost-control-kit\\\/\"]}]},{\"@type\":\"ImageObject\",\"inLanguage\":\"es\",\"@id\":\"https:\\\/\\\/ahorn-camp.de\\\/product\\\/truma-frost-control-kit\\\/#primaryimage\",\"url\":\"https:\\\/\\\/ahorn-camp.de\\\/wp-content\\\/uploads\\\/2025\\\/04\\\/Frostschutzwaechter-scaled.jpg\",\"contentUrl\":\"https:\\\/\\\/ahorn-camp.de\\\/wp-content\\\/uploads\\\/2025\\\/04\\\/Frostschutzwaechter-scaled.jpg\",\"width\":2560,\"height\":2560,\"caption\":\"Truma Frostschutzw\u00e4chter\"},{\"@type\":\"BreadcrumbList\",\"@id\":\"https:\\\/\\\/ahorn-camp.de\\\/product\\\/truma-frost-control-kit\\\/#breadcrumb\",\"itemListElement\":[{\"@type\":\"ListItem\",\"position\":1,\"name\":\"Startseite\",\"item\":\"https:\\\/\\\/ahorn-camp.de\\\/\"},{\"@type\":\"ListItem\",\"position\":2,\"name\":\"Merchandise-Shop\",\"item\":\"https:\\\/\\\/ahorn-camp.de\\\/merchandise-shop\\\/\"},{\"@type\":\"ListItem\",\"position\":3,\"name\":\"Truma Frostschutzw\u00e4chter Frost Control Kit\"}]},{\"@type\":\"WebSite\",\"@id\":\"https:\\\/\\\/ahorn-camp.de\\\/#website\",\"url\":\"https:\\\/\\\/ahorn-camp.de\\\/\",\"name\":\"Ahorn Camp | Reisemobile und Kastenwagen\",\"description\":\"Seit \u00fcber 30 Jahren vermarktet das Familienunternehmen, Ahorn Camp in Speyer, erfolgreich Wohnmobile und Kastenwagen zum besten Preis-Leistungsverh\u00e4ltnis.\",\"publisher\":{\"@id\":\"https:\\\/\\\/ahorn-camp.de\\\/#organization\"},\"potentialAction\":[{\"@type\":\"SearchAction\",\"target\":{\"@type\":\"EntryPoint\",\"urlTemplate\":\"https:\\\/\\\/ahorn-camp.de\\\/?s={search_term_string}\"},\"query-input\":{\"@type\":\"PropertyValueSpecification\",\"valueRequired\":true,\"valueName\":\"search_term_string\"}}],\"inLanguage\":\"es\"},{\"@type\":\"Organization\",\"@id\":\"https:\\\/\\\/ahorn-camp.de\\\/#organization\",\"name\":\"Ahorn Camp GmbH & Co. KG\",\"url\":\"https:\\\/\\\/ahorn-camp.de\\\/\",\"logo\":{\"@type\":\"ImageObject\",\"inLanguage\":\"es\",\"@id\":\"https:\\\/\\\/ahorn-camp.de\\\/#\\\/schema\\\/logo\\\/image\\\/\",\"url\":\"https:\\\/\\\/ahorn-camp.de\\\/wp-content\\\/uploads\\\/2018\\\/12\\\/Ahorn_Logo.jpg\",\"contentUrl\":\"https:\\\/\\\/ahorn-camp.de\\\/wp-content\\\/uploads\\\/2018\\\/12\\\/Ahorn_Logo.jpg\",\"width\":1437,\"height\":1000,\"caption\":\"Ahorn Camp GmbH & Co. KG\"},\"image\":{\"@id\":\"https:\\\/\\\/ahorn-camp.de\\\/#\\\/schema\\\/logo\\\/image\\\/\"},\"sameAs\":[\"https:\\\/\\\/www.facebook.com\\\/ahorn.wohnmobile\\\/\",\"https:\\\/\\\/www.instagram.com\\\/ahorn.camp\\\/\",\"https:\\\/\\\/www.youtube.com\\\/channel\\\/UCPFbPCts1JJ_A1k9vyH0yOQ\"]}]}<\/script>\n<!-- \/ Yoast SEO plugin. -->","yoast_head_json":{"title":"Truma Frostschutzw\u00e4chter Frost Control Kit - Ahorn Camp | Autocaravanas y furgonetas camper","description":"Truma Frostschutzw\u00e4chter para tu autocaravana o furgoneta, autom\u00e1tico, sin corriente, seguro. \u00a1Compra ahora online!","robots":{"index":"index","follow":"follow","max-snippet":"max-snippet:-1","max-image-preview":"max-image-preview:large","max-video-preview":"max-video-preview:-1"},"canonical":"https:\/\/ahorn-camp.de\/es\/product\/kit-de-control-de-heladas-truma\/","og_locale":"es_ES","og_type":"article","og_title":"Truma Frostschutzw\u00e4chter Frost Control Kit - Ahorn Camp | Reisemobile und Kastenwagen","og_description":"Truma Frostschutzw\u00e4chter f\u00fcr dein Wohnmobil oder Van \u2013 automatisch, stromlos, sicher. Jetzt online kaufen!","og_url":"https:\/\/ahorn-camp.de\/es\/product\/kit-de-control-de-heladas-truma\/","og_site_name":"Ahorn Camp | Reisemobile und Kastenwagen","article_publisher":"https:\/\/www.facebook.com\/ahorn.wohnmobile\/","article_modified_time":"2025-04-24T09:37:39+00:00","og_image":[{"width":2560,"height":2560,"url":"https:\/\/ahorn-camp.de\/wp-content\/uploads\/2025\/04\/Frostschutzwaechter-scaled.jpg","type":"image\/jpeg"}],"twitter_card":"summary_large_image","twitter_misc":{"Tiempo de lectura":"2 minutos"},"schema":{"@context":"https:\/\/schema.org","@graph":[{"@type":"WebPage","@id":"https:\/\/ahorn-camp.de\/product\/truma-frost-control-kit\/","url":"https:\/\/ahorn-camp.de\/product\/truma-frost-control-kit\/","name":"Truma Frostschutzw\u00e4chter Frost Control Kit - Ahorn Camp | Autocaravanas y furgonetas camper","isPartOf":{"@id":"https:\/\/ahorn-camp.de\/#website"},"primaryImageOfPage":{"@id":"https:\/\/ahorn-camp.de\/product\/truma-frost-control-kit\/#primaryimage"},"image":{"@id":"https:\/\/ahorn-camp.de\/product\/truma-frost-control-kit\/#primaryimage"},"thumbnailUrl":"https:\/\/ahorn-camp.de\/wp-content\/uploads\/2025\/04\/Frostschutzwaechter-scaled.jpg","datePublished":"2025-04-24T09:21:29+00:00","dateModified":"2025-04-24T09:37:39+00:00","description":"Truma Frostschutzw\u00e4chter para tu autocaravana o furgoneta, autom\u00e1tico, sin corriente, seguro. \u00a1Compra ahora online!","breadcrumb":{"@id":"https:\/\/ahorn-camp.de\/product\/truma-frost-control-kit\/#breadcrumb"},"inLanguage":"es","potentialAction":[{"@type":"ReadAction","target":["https:\/\/ahorn-camp.de\/product\/truma-frost-control-kit\/"]}]},{"@type":"ImageObject","inLanguage":"es","@id":"https:\/\/ahorn-camp.de\/product\/truma-frost-control-kit\/#primaryimage","url":"https:\/\/ahorn-camp.de\/wp-content\/uploads\/2025\/04\/Frostschutzwaechter-scaled.jpg","contentUrl":"https:\/\/ahorn-camp.de\/wp-content\/uploads\/2025\/04\/Frostschutzwaechter-scaled.jpg","width":2560,"height":2560,"caption":"Truma Frostschutzw\u00e4chter"},{"@type":"BreadcrumbList","@id":"https:\/\/ahorn-camp.de\/product\/truma-frost-control-kit\/#breadcrumb","itemListElement":[{"@type":"ListItem","position":1,"name":"Startseite","item":"https:\/\/ahorn-camp.de\/"},{"@type":"ListItem","position":2,"name":"Merchandise-Shop","item":"https:\/\/ahorn-camp.de\/merchandise-shop\/"},{"@type":"ListItem","position":3,"name":"Truma Frostschutzw\u00e4chter Frost Control Kit"}]},{"@type":"WebSite","@id":"https:\/\/ahorn-camp.de\/#website","url":"https:\/\/ahorn-camp.de\/","name":"Ahorn Camp | Autocaravanas y furgonetas camper","description":"Desde hace m\u00e1s de 30 a\u00f1os, la empresa familiar, Ahorn Camp en Speyer, comercializa con \u00e9xito caravanas y furgonetas camper a la mejor relaci\u00f3n calidad-precio.","publisher":{"@id":"https:\/\/ahorn-camp.de\/#organization"},"potentialAction":[{"@type":"SearchAction","target":{"@type":"EntryPoint","urlTemplate":"https:\/\/ahorn-camp.de\/?s={search_term_string}"},"query-input":{"@type":"PropertyValueSpecification","valueRequired":true,"valueName":"search_term_string"}}],"inLanguage":"es"},{"@type":"Organization","@id":"https:\/\/ahorn-camp.de\/#organization","name":"Ahorn Camp GmbH &amp; Co. KG","url":"https:\/\/ahorn-camp.de\/","logo":{"@type":"ImageObject","inLanguage":"es","@id":"https:\/\/ahorn-camp.de\/#\/schema\/logo\/image\/","url":"https:\/\/ahorn-camp.de\/wp-content\/uploads\/2018\/12\/Ahorn_Logo.jpg","contentUrl":"https:\/\/ahorn-camp.de\/wp-content\/uploads\/2018\/12\/Ahorn_Logo.jpg","width":1437,"height":1000,"caption":"Ahorn Camp GmbH & Co. KG"},"image":{"@id":"https:\/\/ahorn-camp.de\/#\/schema\/logo\/image\/"},"sameAs":["https:\/\/www.facebook.com\/ahorn.wohnmobile\/","https:\/\/www.instagram.com\/ahorn.camp\/","https:\/\/www.youtube.com\/channel\/UCPFbPCts1JJ_A1k9vyH0yOQ"]}]}},"_links":{"self":[{"href":"https:\/\/ahorn-camp.de\/es\/wp-json\/wp\/v2\/product\/30583","targetHints":{"allow":["GET"]}}],"collection":[{"href":"https:\/\/ahorn-camp.de\/es\/wp-json\/wp\/v2\/product"}],"about":[{"href":"https:\/\/ahorn-camp.de\/es\/wp-json\/wp\/v2\/types\/product"}],"wp:featuredmedia":[{"embeddable":true,"href":"https:\/\/ahorn-camp.de\/es\/wp-json\/wp\/v2\/media\/30584"}],"wp:attachment":[{"href":"https:\/\/ahorn-camp.de\/es\/wp-json\/wp\/v2\/media?parent=30583"}],"wp:term":[{"taxonomy":"product_brand","embeddable":true,"href":"https:\/\/ahorn-camp.de\/es\/wp-json\/wp\/v2\/product_brand?post=30583"},{"taxonomy":"product_cat","embeddable":true,"href":"https:\/\/ahorn-camp.de\/es\/wp-json\/wp\/v2\/product_cat?post=30583"},{"taxonomy":"product_tag","embeddable":true,"href":"https:\/\/ahorn-camp.de\/es\/wp-json\/wp\/v2\/product_tag?post=30583"}],"curies":[{"name":"wp","href":"https:\/\/api.w.org\/{rel}","templated":true}]}}