{"id":26274,"date":"2024-10-31T08:44:05","date_gmt":"2024-10-31T07:44:05","guid":{"rendered":"https:\/\/ahorn-camp.de\/?post_type=product&#038;p=26274"},"modified":"2024-11-04T15:04:35","modified_gmt":"2024-11-04T14:04:35","slug":"alpaca-buch","status":"publish","type":"product","link":"https:\/\/ahorn-camp.de\/es\/product\/alpaca-buch\/","title":{"rendered":"Libro de secretos de campamento de Alpaca"},"content":{"rendered":"<p>\u00bfPor qu\u00e9 debes tener este libro? Aqu\u00ed descubrir\u00e1s qu\u00e9 regiones son especialmente adecuadas para acampar y qu\u00e9 te espera all\u00ed: desde eventos y actividades hasta lo m\u00e1s destacado de la gastronom\u00eda. Tan pronto como hayas elegido una regi\u00f3n, te mostraremos los lugares m\u00e1s bellos para tu estancia. \u00bfY lo mejor? \u00a1Hay consejos exclusivos directamente de los anfitriones que solo encontrar\u00e1s en este libro!<\/p>\n<p>Ya sea entre vi\u00f1edos, en una granja hist\u00f3rica, directamente a orillas del lago o al borde del bosque: disfruta de la naturaleza como quieras. No importa si viajas solo, con amigos, en familia o con tu perro, si viajas en autocaravana, furgoneta, caravana o tienda de techo: nuestros secretos, de campistas para campistas, te permiten acampar a tu gusto: cerca de la naturaleza, flexible y lejos de las multitudes.<\/p>","protected":false},"excerpt":{"rendered":"<p>\u00bfPor qu\u00e9 debes tener este libro? Aqu\u00ed descubrir\u00e1s qu\u00e9 regiones son especialmente adecuadas para acampar y qu\u00e9 te espera all\u00ed: desde eventos y actividades hasta lo m\u00e1s destacado de la gastronom\u00eda. Tan pronto como hayas elegido una regi\u00f3n, te mostraremos los lugares m\u00e1s bellos para tu estancia. \u00bfY lo mejor? \u00a1Hay consejos exclusivos directamente de los anfitriones que solo encontrar\u00e1s en este libro!<\/p>\n<p>Ya sea entre vi\u00f1edos, en una granja hist\u00f3rica, directamente a orillas del lago o al borde del bosque: disfruta de la naturaleza como quieras. No importa si viajas solo, con amigos, en familia o con tu perro, si viajas en autocaravana, furgoneta, caravana o tienda de techo: nuestros secretos, de campistas para campistas, te permiten acampar a tu gusto: cerca de la naturaleza, flexible y lejos de las multitudes.<\/p>","protected":false},"featured_media":26275,"template":"","meta":{"content-type":""},"product_brand":[],"product_cat":[602,606,610,605,608,604,612],"product_tag":[],"class_list":{"0":"post-26274","1":"product","2":"type-product","3":"status-publish","4":"has-post-thumbnail","6":"product_cat-zubehoer","7":"product_cat-zuebhoer-van-city","8":"product_cat-zubehoer-van-city-teil","9":"product_cat-zubehoer-van","10":"product_cat-zubehoer-van-teil","11":"product_cat-zubehoer-womo","12":"product_cat-zubehoer-womo-teil","13":"product_shipping_class-paket","15":"first","16":"instock","17":"sale","18":"taxable","19":"shipping-taxable","20":"purchasable","21":"product-type-simple"},"yoast_head":"<!-- This site is optimized with the Yoast SEO plugin v27.5 - https:\/\/yoast.com\/product\/yoast-seo-wordpress\/ -->\n<title>Camping Geheimtipps Buch von Alpaca - Ahorn Camp | Reisemobile und Kastenwagen<\/title>\n<meta name=\"description\" content=\"Entdecke die besten Camping-Regionen mit exklusiven Geheimtipps: Finde traumhafte Pl\u00e4tze, Events und kulinarische Highlights f\u00fcr deinen perfekten Trip.\" \/>\n<meta name=\"robots\" content=\"index, follow, max-snippet:-1, max-image-preview:large, max-video-preview:-1\" \/>\n<link rel=\"canonical\" href=\"https:\/\/ahorn-camp.de\/es\/product\/alpaca-buch\/\" \/>\n<meta property=\"og:locale\" content=\"es_ES\" \/>\n<meta property=\"og:type\" content=\"article\" \/>\n<meta property=\"og:title\" content=\"Camping Geheimtipps Buch von Alpaca - Ahorn Camp | Reisemobile und Kastenwagen\" \/>\n<meta property=\"og:description\" content=\"Entdecke die besten Camping-Regionen mit exklusiven Geheimtipps: Finde traumhafte Pl\u00e4tze, Events und kulinarische Highlights f\u00fcr deinen perfekten Trip.\" \/>\n<meta property=\"og:url\" content=\"https:\/\/ahorn-camp.de\/es\/product\/alpaca-buch\/\" \/>\n<meta property=\"og:site_name\" content=\"Ahorn Camp | Reisemobile und Kastenwagen\" \/>\n<meta property=\"article:publisher\" content=\"https:\/\/www.facebook.com\/ahorn.wohnmobile\/\" \/>\n<meta property=\"article:modified_time\" content=\"2024-11-04T14:04:35+00:00\" \/>\n<meta property=\"og:image\" content=\"https:\/\/ahorn-camp.de\/wp-content\/uploads\/2024\/10\/Mockup_Alpacabuch_quadrat-scaled.jpg\" \/>\n\t<meta property=\"og:image:width\" content=\"2560\" \/>\n\t<meta property=\"og:image:height\" content=\"2560\" \/>\n\t<meta property=\"og:image:type\" content=\"image\/jpeg\" \/>\n<meta name=\"twitter:card\" content=\"summary_large_image\" \/>\n<meta name=\"twitter:label1\" content=\"Tiempo de lectura\" \/>\n\t<meta name=\"twitter:data1\" content=\"1 minuto\" \/>\n<script type=\"application\/ld+json\" class=\"yoast-schema-graph\">{\"@context\":\"https:\\\/\\\/schema.org\",\"@graph\":[{\"@type\":\"WebPage\",\"@id\":\"https:\\\/\\\/ahorn-camp.de\\\/product\\\/alpaca-buch\\\/\",\"url\":\"https:\\\/\\\/ahorn-camp.de\\\/product\\\/alpaca-buch\\\/\",\"name\":\"Camping Geheimtipps Buch von Alpaca - Ahorn Camp | Reisemobile und Kastenwagen\",\"isPartOf\":{\"@id\":\"https:\\\/\\\/ahorn-camp.de\\\/#website\"},\"primaryImageOfPage\":{\"@id\":\"https:\\\/\\\/ahorn-camp.de\\\/product\\\/alpaca-buch\\\/#primaryimage\"},\"image\":{\"@id\":\"https:\\\/\\\/ahorn-camp.de\\\/product\\\/alpaca-buch\\\/#primaryimage\"},\"thumbnailUrl\":\"https:\\\/\\\/ahorn-camp.de\\\/wp-content\\\/uploads\\\/2024\\\/10\\\/Mockup_Alpacabuch_quadrat-scaled.jpg\",\"datePublished\":\"2024-10-31T07:44:05+00:00\",\"dateModified\":\"2024-11-04T14:04:35+00:00\",\"description\":\"Entdecke die besten Camping-Regionen mit exklusiven Geheimtipps: Finde traumhafte Pl\u00e4tze, Events und kulinarische Highlights f\u00fcr deinen perfekten Trip.\",\"breadcrumb\":{\"@id\":\"https:\\\/\\\/ahorn-camp.de\\\/product\\\/alpaca-buch\\\/#breadcrumb\"},\"inLanguage\":\"es\",\"potentialAction\":[{\"@type\":\"ReadAction\",\"target\":[\"https:\\\/\\\/ahorn-camp.de\\\/product\\\/alpaca-buch\\\/\"]}]},{\"@type\":\"ImageObject\",\"inLanguage\":\"es\",\"@id\":\"https:\\\/\\\/ahorn-camp.de\\\/product\\\/alpaca-buch\\\/#primaryimage\",\"url\":\"https:\\\/\\\/ahorn-camp.de\\\/wp-content\\\/uploads\\\/2024\\\/10\\\/Mockup_Alpacabuch_quadrat-scaled.jpg\",\"contentUrl\":\"https:\\\/\\\/ahorn-camp.de\\\/wp-content\\\/uploads\\\/2024\\\/10\\\/Mockup_Alpacabuch_quadrat-scaled.jpg\",\"width\":2560,\"height\":2560,\"caption\":\"Camping Geheimtipps Alpaca\"},{\"@type\":\"BreadcrumbList\",\"@id\":\"https:\\\/\\\/ahorn-camp.de\\\/product\\\/alpaca-buch\\\/#breadcrumb\",\"itemListElement\":[{\"@type\":\"ListItem\",\"position\":1,\"name\":\"Startseite\",\"item\":\"https:\\\/\\\/ahorn-camp.de\\\/\"},{\"@type\":\"ListItem\",\"position\":2,\"name\":\"Merchandise-Shop\",\"item\":\"https:\\\/\\\/ahorn-camp.de\\\/merchandise-shop\\\/\"},{\"@type\":\"ListItem\",\"position\":3,\"name\":\"Camping Geheimtipps Buch von Alpaca\"}]},{\"@type\":\"WebSite\",\"@id\":\"https:\\\/\\\/ahorn-camp.de\\\/#website\",\"url\":\"https:\\\/\\\/ahorn-camp.de\\\/\",\"name\":\"Ahorn Camp | Reisemobile und Kastenwagen\",\"description\":\"Seit \u00fcber 30 Jahren vermarktet das Familienunternehmen, Ahorn Camp in Speyer, erfolgreich Wohnmobile und Kastenwagen zum besten Preis-Leistungsverh\u00e4ltnis.\",\"publisher\":{\"@id\":\"https:\\\/\\\/ahorn-camp.de\\\/#organization\"},\"potentialAction\":[{\"@type\":\"SearchAction\",\"target\":{\"@type\":\"EntryPoint\",\"urlTemplate\":\"https:\\\/\\\/ahorn-camp.de\\\/?s={search_term_string}\"},\"query-input\":{\"@type\":\"PropertyValueSpecification\",\"valueRequired\":true,\"valueName\":\"search_term_string\"}}],\"inLanguage\":\"es\"},{\"@type\":\"Organization\",\"@id\":\"https:\\\/\\\/ahorn-camp.de\\\/#organization\",\"name\":\"Ahorn Camp GmbH & Co. KG\",\"url\":\"https:\\\/\\\/ahorn-camp.de\\\/\",\"logo\":{\"@type\":\"ImageObject\",\"inLanguage\":\"es\",\"@id\":\"https:\\\/\\\/ahorn-camp.de\\\/#\\\/schema\\\/logo\\\/image\\\/\",\"url\":\"https:\\\/\\\/ahorn-camp.de\\\/wp-content\\\/uploads\\\/2018\\\/12\\\/Ahorn_Logo.jpg\",\"contentUrl\":\"https:\\\/\\\/ahorn-camp.de\\\/wp-content\\\/uploads\\\/2018\\\/12\\\/Ahorn_Logo.jpg\",\"width\":1437,\"height\":1000,\"caption\":\"Ahorn Camp GmbH & Co. KG\"},\"image\":{\"@id\":\"https:\\\/\\\/ahorn-camp.de\\\/#\\\/schema\\\/logo\\\/image\\\/\"},\"sameAs\":[\"https:\\\/\\\/www.facebook.com\\\/ahorn.wohnmobile\\\/\",\"https:\\\/\\\/www.instagram.com\\\/ahorn.camp\\\/\",\"https:\\\/\\\/www.youtube.com\\\/channel\\\/UCPFbPCts1JJ_A1k9vyH0yOQ\"]}]}<\/script>\n<!-- \/ Yoast SEO plugin. -->","yoast_head_json":{"title":"Camping Geheimtipps Buch von Alpaca - Ahorn Camp | Casas rodantes y furgonetas camper","description":"Descubre las mejores regiones de camping con consejos secretos exclusivos: encuentra lugares de ensue\u00f1o, eventos y aspectos culinarios destacados para tu viaje perfecto.","robots":{"index":"index","follow":"follow","max-snippet":"max-snippet:-1","max-image-preview":"max-image-preview:large","max-video-preview":"max-video-preview:-1"},"canonical":"https:\/\/ahorn-camp.de\/es\/product\/alpaca-buch\/","og_locale":"es_ES","og_type":"article","og_title":"Camping Geheimtipps Buch von Alpaca - Ahorn Camp | Reisemobile und Kastenwagen","og_description":"Entdecke die besten Camping-Regionen mit exklusiven Geheimtipps: Finde traumhafte Pl\u00e4tze, Events und kulinarische Highlights f\u00fcr deinen perfekten Trip.","og_url":"https:\/\/ahorn-camp.de\/es\/product\/alpaca-buch\/","og_site_name":"Ahorn Camp | Reisemobile und Kastenwagen","article_publisher":"https:\/\/www.facebook.com\/ahorn.wohnmobile\/","article_modified_time":"2024-11-04T14:04:35+00:00","og_image":[{"width":2560,"height":2560,"url":"https:\/\/ahorn-camp.de\/wp-content\/uploads\/2024\/10\/Mockup_Alpacabuch_quadrat-scaled.jpg","type":"image\/jpeg"}],"twitter_card":"summary_large_image","twitter_misc":{"Tiempo de lectura":"1 minuto"},"schema":{"@context":"https:\/\/schema.org","@graph":[{"@type":"WebPage","@id":"https:\/\/ahorn-camp.de\/product\/alpaca-buch\/","url":"https:\/\/ahorn-camp.de\/product\/alpaca-buch\/","name":"Camping Geheimtipps Buch von Alpaca - Ahorn Camp | Casas rodantes y furgonetas camper","isPartOf":{"@id":"https:\/\/ahorn-camp.de\/#website"},"primaryImageOfPage":{"@id":"https:\/\/ahorn-camp.de\/product\/alpaca-buch\/#primaryimage"},"image":{"@id":"https:\/\/ahorn-camp.de\/product\/alpaca-buch\/#primaryimage"},"thumbnailUrl":"https:\/\/ahorn-camp.de\/wp-content\/uploads\/2024\/10\/Mockup_Alpacabuch_quadrat-scaled.jpg","datePublished":"2024-10-31T07:44:05+00:00","dateModified":"2024-11-04T14:04:35+00:00","description":"Descubre las mejores regiones de camping con consejos secretos exclusivos: encuentra lugares de ensue\u00f1o, eventos y aspectos culinarios destacados para tu viaje perfecto.","breadcrumb":{"@id":"https:\/\/ahorn-camp.de\/product\/alpaca-buch\/#breadcrumb"},"inLanguage":"es","potentialAction":[{"@type":"ReadAction","target":["https:\/\/ahorn-camp.de\/product\/alpaca-buch\/"]}]},{"@type":"ImageObject","inLanguage":"es","@id":"https:\/\/ahorn-camp.de\/product\/alpaca-buch\/#primaryimage","url":"https:\/\/ahorn-camp.de\/wp-content\/uploads\/2024\/10\/Mockup_Alpacabuch_quadrat-scaled.jpg","contentUrl":"https:\/\/ahorn-camp.de\/wp-content\/uploads\/2024\/10\/Mockup_Alpacabuch_quadrat-scaled.jpg","width":2560,"height":2560,"caption":"Camping Geheimtipps Alpaca"},{"@type":"BreadcrumbList","@id":"https:\/\/ahorn-camp.de\/product\/alpaca-buch\/#breadcrumb","itemListElement":[{"@type":"ListItem","position":1,"name":"Startseite","item":"https:\/\/ahorn-camp.de\/"},{"@type":"ListItem","position":2,"name":"Merchandise-Shop","item":"https:\/\/ahorn-camp.de\/merchandise-shop\/"},{"@type":"ListItem","position":3,"name":"Camping Geheimtipps Buch von Alpaca"}]},{"@type":"WebSite","@id":"https:\/\/ahorn-camp.de\/#website","url":"https:\/\/ahorn-camp.de\/","name":"Ahorn Camp | Autocaravanas y furgonetas camper","description":"Desde hace m\u00e1s de 30 a\u00f1os, la empresa familiar, Ahorn Camp en Speyer, comercializa con \u00e9xito caravanas y furgonetas camper a la mejor relaci\u00f3n calidad-precio.","publisher":{"@id":"https:\/\/ahorn-camp.de\/#organization"},"potentialAction":[{"@type":"SearchAction","target":{"@type":"EntryPoint","urlTemplate":"https:\/\/ahorn-camp.de\/?s={search_term_string}"},"query-input":{"@type":"PropertyValueSpecification","valueRequired":true,"valueName":"search_term_string"}}],"inLanguage":"es"},{"@type":"Organization","@id":"https:\/\/ahorn-camp.de\/#organization","name":"Ahorn Camp GmbH &amp; Co. KG","url":"https:\/\/ahorn-camp.de\/","logo":{"@type":"ImageObject","inLanguage":"es","@id":"https:\/\/ahorn-camp.de\/#\/schema\/logo\/image\/","url":"https:\/\/ahorn-camp.de\/wp-content\/uploads\/2018\/12\/Ahorn_Logo.jpg","contentUrl":"https:\/\/ahorn-camp.de\/wp-content\/uploads\/2018\/12\/Ahorn_Logo.jpg","width":1437,"height":1000,"caption":"Ahorn Camp GmbH & Co. KG"},"image":{"@id":"https:\/\/ahorn-camp.de\/#\/schema\/logo\/image\/"},"sameAs":["https:\/\/www.facebook.com\/ahorn.wohnmobile\/","https:\/\/www.instagram.com\/ahorn.camp\/","https:\/\/www.youtube.com\/channel\/UCPFbPCts1JJ_A1k9vyH0yOQ"]}]}},"_links":{"self":[{"href":"https:\/\/ahorn-camp.de\/es\/wp-json\/wp\/v2\/product\/26274","targetHints":{"allow":["GET"]}}],"collection":[{"href":"https:\/\/ahorn-camp.de\/es\/wp-json\/wp\/v2\/product"}],"about":[{"href":"https:\/\/ahorn-camp.de\/es\/wp-json\/wp\/v2\/types\/product"}],"wp:featuredmedia":[{"embeddable":true,"href":"https:\/\/ahorn-camp.de\/es\/wp-json\/wp\/v2\/media\/26275"}],"wp:attachment":[{"href":"https:\/\/ahorn-camp.de\/es\/wp-json\/wp\/v2\/media?parent=26274"}],"wp:term":[{"taxonomy":"product_brand","embeddable":true,"href":"https:\/\/ahorn-camp.de\/es\/wp-json\/wp\/v2\/product_brand?post=26274"},{"taxonomy":"product_cat","embeddable":true,"href":"https:\/\/ahorn-camp.de\/es\/wp-json\/wp\/v2\/product_cat?post=26274"},{"taxonomy":"product_tag","embeddable":true,"href":"https:\/\/ahorn-camp.de\/es\/wp-json\/wp\/v2\/product_tag?post=26274"}],"curies":[{"name":"wp","href":"https:\/\/api.w.org\/{rel}","templated":true}]}}