{"id":22361,"date":"2024-02-27T16:51:17","date_gmt":"2024-02-27T15:51:17","guid":{"rendered":"https:\/\/ahorn-camp.de\/?post_type=product&#038;p=22361"},"modified":"2024-04-03T16:17:00","modified_gmt":"2024-04-03T14:17:00","slug":"gasschlauch","status":"publish","type":"product","link":"https:\/\/ahorn-camp.de\/es\/product\/gasschlauch\/","title":{"rendered":"Manguera de gas"},"content":{"rendered":"<p>Gasschlauch f\u00fcr Wohnmobile &#8211; Hochwertige Sicherheit f\u00fcr Ihre Gasversorgung<\/p>\n<p>Unser Gasschlauch f\u00fcr Wohnmobile ist Ihre verl\u00e4ssliche Verbindung zwischen Gasbeh\u00e4lter und Gasger\u00e4ten. Entwickelt mit h\u00f6chsten Sicherheitsstandards und aus robusten Materialien gefertigt, bietet er Ihnen eine sichere und stabile Gasversorgung, damit Sie Ihre Reisen sorglos genie\u00dfen k\u00f6nnen.<\/p>\n<p>Propiedades<\/p>\n<ul>\n<li>Zuverl\u00e4ssige Konstruktion: Hergestellt aus hochwertigem Material und mit einer robusten Bauweise f\u00fcr eine lange Lebensdauer (maximal 10 Jahre verwenden).<\/li>\n<li>Sichere Verbindung: Gew\u00e4hrleistet eine sichere Verbindung zwischen Gasbeh\u00e4lter und Gasger\u00e4ten, sodass Sie sich keine Sorgen um Undichtigkeiten machen m\u00fcssen.<\/li>\n<li>Einfache Installation: Mit seiner flexiblen Bauweise l\u00e4sst sich der Gasschlauch einfach anschrauben und ist sofort einsatzbereit.<\/li>\n<li>Optimale L\u00e4nge: Die ideale L\u00e4nge von 45cm erm\u00f6glicht eine bequeme Platzierung Ihrer Gasflasche im Gasfach.<\/li>\n<\/ul>\n<p>&nbsp;<\/p>","protected":false},"excerpt":{"rendered":"<p>Gasschlauch f\u00fcr Wohnmobile &#8211; Hochwertige Sicherheit f\u00fcr Ihre Gasversorgung<\/p>\n<p>Unser Gasschlauch f\u00fcr Wohnmobile ist Ihre verl\u00e4ssliche Verbindung zwischen Gasbeh\u00e4lter und Gasger\u00e4ten. Entwickelt mit h\u00f6chsten Sicherheitsstandards und aus robusten Materialien gefertigt, bietet er Ihnen eine sichere und stabile Gasversorgung, damit Sie Ihre Reisen sorglos genie\u00dfen k\u00f6nnen.<\/p>\n<p>Propiedades<\/p>\n<ul>\n<li>Zuverl\u00e4ssige Konstruktion: Hergestellt aus hochwertigem Material und mit einer robusten Bauweise f\u00fcr eine lange Lebensdauer (maximal 10 Jahre verwenden).<\/li>\n<li>Sichere Verbindung: Gew\u00e4hrleistet eine sichere Verbindung zwischen Gasbeh\u00e4lter und Gasger\u00e4ten, sodass Sie sich keine Sorgen um Undichtigkeiten machen m\u00fcssen.<\/li>\n<li>Einfache Installation: Mit seiner flexiblen Bauweise l\u00e4sst sich der Gasschlauch einfach anschrauben und ist sofort einsatzbereit.<\/li>\n<li>Optimale L\u00e4nge: Die ideale L\u00e4nge von 45cm erm\u00f6glicht eine bequeme Platzierung Ihrer Gasflasche im Gasfach.<\/li>\n<\/ul>\n<p>&nbsp;<\/p>","protected":false},"featured_media":22502,"template":"","meta":{"content-type":""},"product_brand":[],"product_cat":[602,605,608,604,612],"product_tag":[],"class_list":{"0":"post-22361","1":"product","2":"type-product","3":"status-publish","4":"has-post-thumbnail","6":"product_cat-zubehoer","7":"product_cat-zubehoer-van","8":"product_cat-zubehoer-van-teil","9":"product_cat-zubehoer-womo","10":"product_cat-zubehoer-womo-teil","11":"product_shipping_class-paket","13":"first","14":"instock","15":"taxable","16":"shipping-taxable","17":"purchasable","18":"product-type-simple"},"yoast_head":"<!-- This site is optimized with the Yoast SEO plugin v27.3 - https:\/\/yoast.com\/product\/yoast-seo-wordpress\/ -->\n<title>Gasschlauch - Ahorn Camp | Reisemobile und Kastenwagen<\/title>\n<meta name=\"description\" content=\"Entdecken Sie den Gasschlauch f\u00fcr Wohnmobile - Hochwertige Sicherheit f\u00fcr Ihre Gasversorgung. Jetzt in unserem Online-Shop erh\u00e4ltlich!\" \/>\n<meta name=\"robots\" content=\"index, follow, max-snippet:-1, max-image-preview:large, max-video-preview:-1\" \/>\n<link rel=\"canonical\" href=\"https:\/\/ahorn-camp.de\/es\/product\/gasschlauch\/\" \/>\n<meta property=\"og:locale\" content=\"es_ES\" \/>\n<meta property=\"og:type\" content=\"article\" \/>\n<meta property=\"og:title\" content=\"Gasschlauch - Ahorn Camp | Reisemobile und Kastenwagen\" \/>\n<meta property=\"og:description\" content=\"Entdecken Sie den Gasschlauch f\u00fcr Wohnmobile - Hochwertige Sicherheit f\u00fcr Ihre Gasversorgung. Jetzt in unserem Online-Shop erh\u00e4ltlich!\" \/>\n<meta property=\"og:url\" content=\"https:\/\/ahorn-camp.de\/es\/product\/gasschlauch\/\" \/>\n<meta property=\"og:site_name\" content=\"Ahorn Camp | Reisemobile und Kastenwagen\" \/>\n<meta property=\"article:publisher\" content=\"https:\/\/www.facebook.com\/ahorn.wohnmobile\/\" \/>\n<meta property=\"article:modified_time\" content=\"2024-04-03T14:17:00+00:00\" \/>\n<meta property=\"og:image\" content=\"https:\/\/ahorn-camp.de\/wp-content\/uploads\/2024\/02\/Gasschlauch.jpg\" \/>\n\t<meta property=\"og:image:width\" content=\"1000\" \/>\n\t<meta property=\"og:image:height\" content=\"1000\" \/>\n\t<meta property=\"og:image:type\" content=\"image\/jpeg\" \/>\n<meta name=\"twitter:card\" content=\"summary_large_image\" \/>\n<meta name=\"twitter:label1\" content=\"Tiempo de lectura\" \/>\n\t<meta name=\"twitter:data1\" content=\"1 minuto\" \/>\n<script type=\"application\/ld+json\" class=\"yoast-schema-graph\">{\"@context\":\"https:\\\/\\\/schema.org\",\"@graph\":[{\"@type\":\"WebPage\",\"@id\":\"https:\\\/\\\/ahorn-camp.de\\\/product\\\/gasschlauch\\\/\",\"url\":\"https:\\\/\\\/ahorn-camp.de\\\/product\\\/gasschlauch\\\/\",\"name\":\"Gasschlauch - Ahorn Camp | Reisemobile und Kastenwagen\",\"isPartOf\":{\"@id\":\"https:\\\/\\\/ahorn-camp.de\\\/#website\"},\"primaryImageOfPage\":{\"@id\":\"https:\\\/\\\/ahorn-camp.de\\\/product\\\/gasschlauch\\\/#primaryimage\"},\"image\":{\"@id\":\"https:\\\/\\\/ahorn-camp.de\\\/product\\\/gasschlauch\\\/#primaryimage\"},\"thumbnailUrl\":\"https:\\\/\\\/ahorn-camp.de\\\/wp-content\\\/uploads\\\/2024\\\/02\\\/Gasschlauch.jpg\",\"datePublished\":\"2024-02-27T15:51:17+00:00\",\"dateModified\":\"2024-04-03T14:17:00+00:00\",\"description\":\"Entdecken Sie den Gasschlauch f\u00fcr Wohnmobile - Hochwertige Sicherheit f\u00fcr Ihre Gasversorgung. Jetzt in unserem Online-Shop erh\u00e4ltlich!\",\"breadcrumb\":{\"@id\":\"https:\\\/\\\/ahorn-camp.de\\\/product\\\/gasschlauch\\\/#breadcrumb\"},\"inLanguage\":\"es\",\"potentialAction\":[{\"@type\":\"ReadAction\",\"target\":[\"https:\\\/\\\/ahorn-camp.de\\\/product\\\/gasschlauch\\\/\"]}]},{\"@type\":\"ImageObject\",\"inLanguage\":\"es\",\"@id\":\"https:\\\/\\\/ahorn-camp.de\\\/product\\\/gasschlauch\\\/#primaryimage\",\"url\":\"https:\\\/\\\/ahorn-camp.de\\\/wp-content\\\/uploads\\\/2024\\\/02\\\/Gasschlauch.jpg\",\"contentUrl\":\"https:\\\/\\\/ahorn-camp.de\\\/wp-content\\\/uploads\\\/2024\\\/02\\\/Gasschlauch.jpg\",\"width\":1000,\"height\":1000,\"caption\":\"Ersatzteil Gasschlauch mit Schlauchbruchsicherung\"},{\"@type\":\"BreadcrumbList\",\"@id\":\"https:\\\/\\\/ahorn-camp.de\\\/product\\\/gasschlauch\\\/#breadcrumb\",\"itemListElement\":[{\"@type\":\"ListItem\",\"position\":1,\"name\":\"Startseite\",\"item\":\"https:\\\/\\\/ahorn-camp.de\\\/\"},{\"@type\":\"ListItem\",\"position\":2,\"name\":\"Merchandise-Shop\",\"item\":\"https:\\\/\\\/ahorn-camp.de\\\/merchandise-shop\\\/\"},{\"@type\":\"ListItem\",\"position\":3,\"name\":\"Gasschlauch\"}]},{\"@type\":\"WebSite\",\"@id\":\"https:\\\/\\\/ahorn-camp.de\\\/#website\",\"url\":\"https:\\\/\\\/ahorn-camp.de\\\/\",\"name\":\"Ahorn Camp | Reisemobile und Kastenwagen\",\"description\":\"Seit \u00fcber 30 Jahren vermarktet das Familienunternehmen, Ahorn Camp in Speyer, erfolgreich Wohnmobile und Kastenwagen zum besten Preis-Leistungsverh\u00e4ltnis.\",\"publisher\":{\"@id\":\"https:\\\/\\\/ahorn-camp.de\\\/#organization\"},\"potentialAction\":[{\"@type\":\"SearchAction\",\"target\":{\"@type\":\"EntryPoint\",\"urlTemplate\":\"https:\\\/\\\/ahorn-camp.de\\\/?s={search_term_string}\"},\"query-input\":{\"@type\":\"PropertyValueSpecification\",\"valueRequired\":true,\"valueName\":\"search_term_string\"}}],\"inLanguage\":\"es\"},{\"@type\":\"Organization\",\"@id\":\"https:\\\/\\\/ahorn-camp.de\\\/#organization\",\"name\":\"Ahorn Camp GmbH & Co. KG\",\"url\":\"https:\\\/\\\/ahorn-camp.de\\\/\",\"logo\":{\"@type\":\"ImageObject\",\"inLanguage\":\"es\",\"@id\":\"https:\\\/\\\/ahorn-camp.de\\\/#\\\/schema\\\/logo\\\/image\\\/\",\"url\":\"https:\\\/\\\/ahorn-camp.de\\\/wp-content\\\/uploads\\\/2018\\\/12\\\/Ahorn_Logo.jpg\",\"contentUrl\":\"https:\\\/\\\/ahorn-camp.de\\\/wp-content\\\/uploads\\\/2018\\\/12\\\/Ahorn_Logo.jpg\",\"width\":1437,\"height\":1000,\"caption\":\"Ahorn Camp GmbH & Co. KG\"},\"image\":{\"@id\":\"https:\\\/\\\/ahorn-camp.de\\\/#\\\/schema\\\/logo\\\/image\\\/\"},\"sameAs\":[\"https:\\\/\\\/www.facebook.com\\\/ahorn.wohnmobile\\\/\",\"https:\\\/\\\/www.instagram.com\\\/ahorn.camp\\\/\",\"https:\\\/\\\/www.youtube.com\\\/channel\\\/UCPFbPCts1JJ_A1k9vyH0yOQ\"]}]}<\/script>\n<!-- \/ Yoast SEO plugin. -->","yoast_head_json":{"title":"Gasschlauch - Ahorn Camp | Reisemobile und Kastenwagen","description":"Entdecken Sie den Gasschlauch f\u00fcr Wohnmobile - Hochwertige Sicherheit f\u00fcr Ihre Gasversorgung. Jetzt in unserem Online-Shop erh\u00e4ltlich!","robots":{"index":"index","follow":"follow","max-snippet":"max-snippet:-1","max-image-preview":"max-image-preview:large","max-video-preview":"max-video-preview:-1"},"canonical":"https:\/\/ahorn-camp.de\/es\/product\/gasschlauch\/","og_locale":"es_ES","og_type":"article","og_title":"Gasschlauch - Ahorn Camp | Reisemobile und Kastenwagen","og_description":"Entdecken Sie den Gasschlauch f\u00fcr Wohnmobile - Hochwertige Sicherheit f\u00fcr Ihre Gasversorgung. Jetzt in unserem Online-Shop erh\u00e4ltlich!","og_url":"https:\/\/ahorn-camp.de\/es\/product\/gasschlauch\/","og_site_name":"Ahorn Camp | Reisemobile und Kastenwagen","article_publisher":"https:\/\/www.facebook.com\/ahorn.wohnmobile\/","article_modified_time":"2024-04-03T14:17:00+00:00","og_image":[{"width":1000,"height":1000,"url":"https:\/\/ahorn-camp.de\/wp-content\/uploads\/2024\/02\/Gasschlauch.jpg","type":"image\/jpeg"}],"twitter_card":"summary_large_image","twitter_misc":{"Tiempo de lectura":"1 minuto"},"schema":{"@context":"https:\/\/schema.org","@graph":[{"@type":"WebPage","@id":"https:\/\/ahorn-camp.de\/product\/gasschlauch\/","url":"https:\/\/ahorn-camp.de\/product\/gasschlauch\/","name":"Gasschlauch - Ahorn Camp | Reisemobile und Kastenwagen","isPartOf":{"@id":"https:\/\/ahorn-camp.de\/#website"},"primaryImageOfPage":{"@id":"https:\/\/ahorn-camp.de\/product\/gasschlauch\/#primaryimage"},"image":{"@id":"https:\/\/ahorn-camp.de\/product\/gasschlauch\/#primaryimage"},"thumbnailUrl":"https:\/\/ahorn-camp.de\/wp-content\/uploads\/2024\/02\/Gasschlauch.jpg","datePublished":"2024-02-27T15:51:17+00:00","dateModified":"2024-04-03T14:17:00+00:00","description":"Entdecken Sie den Gasschlauch f\u00fcr Wohnmobile - Hochwertige Sicherheit f\u00fcr Ihre Gasversorgung. Jetzt in unserem Online-Shop erh\u00e4ltlich!","breadcrumb":{"@id":"https:\/\/ahorn-camp.de\/product\/gasschlauch\/#breadcrumb"},"inLanguage":"es","potentialAction":[{"@type":"ReadAction","target":["https:\/\/ahorn-camp.de\/product\/gasschlauch\/"]}]},{"@type":"ImageObject","inLanguage":"es","@id":"https:\/\/ahorn-camp.de\/product\/gasschlauch\/#primaryimage","url":"https:\/\/ahorn-camp.de\/wp-content\/uploads\/2024\/02\/Gasschlauch.jpg","contentUrl":"https:\/\/ahorn-camp.de\/wp-content\/uploads\/2024\/02\/Gasschlauch.jpg","width":1000,"height":1000,"caption":"Ersatzteil Gasschlauch mit Schlauchbruchsicherung"},{"@type":"BreadcrumbList","@id":"https:\/\/ahorn-camp.de\/product\/gasschlauch\/#breadcrumb","itemListElement":[{"@type":"ListItem","position":1,"name":"Startseite","item":"https:\/\/ahorn-camp.de\/"},{"@type":"ListItem","position":2,"name":"Merchandise-Shop","item":"https:\/\/ahorn-camp.de\/merchandise-shop\/"},{"@type":"ListItem","position":3,"name":"Gasschlauch"}]},{"@type":"WebSite","@id":"https:\/\/ahorn-camp.de\/#website","url":"https:\/\/ahorn-camp.de\/","name":"Ahorn Camp | Autocaravanas y furgonetas camper","description":"Desde hace m\u00e1s de 30 a\u00f1os, la empresa familiar, Ahorn Camp en Speyer, comercializa con \u00e9xito caravanas y furgonetas camper a la mejor relaci\u00f3n calidad-precio.","publisher":{"@id":"https:\/\/ahorn-camp.de\/#organization"},"potentialAction":[{"@type":"SearchAction","target":{"@type":"EntryPoint","urlTemplate":"https:\/\/ahorn-camp.de\/?s={search_term_string}"},"query-input":{"@type":"PropertyValueSpecification","valueRequired":true,"valueName":"search_term_string"}}],"inLanguage":"es"},{"@type":"Organization","@id":"https:\/\/ahorn-camp.de\/#organization","name":"Ahorn Camp GmbH &amp; Co. KG","url":"https:\/\/ahorn-camp.de\/","logo":{"@type":"ImageObject","inLanguage":"es","@id":"https:\/\/ahorn-camp.de\/#\/schema\/logo\/image\/","url":"https:\/\/ahorn-camp.de\/wp-content\/uploads\/2018\/12\/Ahorn_Logo.jpg","contentUrl":"https:\/\/ahorn-camp.de\/wp-content\/uploads\/2018\/12\/Ahorn_Logo.jpg","width":1437,"height":1000,"caption":"Ahorn Camp GmbH & Co. KG"},"image":{"@id":"https:\/\/ahorn-camp.de\/#\/schema\/logo\/image\/"},"sameAs":["https:\/\/www.facebook.com\/ahorn.wohnmobile\/","https:\/\/www.instagram.com\/ahorn.camp\/","https:\/\/www.youtube.com\/channel\/UCPFbPCts1JJ_A1k9vyH0yOQ"]}]}},"_links":{"self":[{"href":"https:\/\/ahorn-camp.de\/es\/wp-json\/wp\/v2\/product\/22361","targetHints":{"allow":["GET"]}}],"collection":[{"href":"https:\/\/ahorn-camp.de\/es\/wp-json\/wp\/v2\/product"}],"about":[{"href":"https:\/\/ahorn-camp.de\/es\/wp-json\/wp\/v2\/types\/product"}],"wp:featuredmedia":[{"embeddable":true,"href":"https:\/\/ahorn-camp.de\/es\/wp-json\/wp\/v2\/media\/22502"}],"wp:attachment":[{"href":"https:\/\/ahorn-camp.de\/es\/wp-json\/wp\/v2\/media?parent=22361"}],"wp:term":[{"taxonomy":"product_brand","embeddable":true,"href":"https:\/\/ahorn-camp.de\/es\/wp-json\/wp\/v2\/product_brand?post=22361"},{"taxonomy":"product_cat","embeddable":true,"href":"https:\/\/ahorn-camp.de\/es\/wp-json\/wp\/v2\/product_cat?post=22361"},{"taxonomy":"product_tag","embeddable":true,"href":"https:\/\/ahorn-camp.de\/es\/wp-json\/wp\/v2\/product_tag?post=22361"}],"curies":[{"name":"wp","href":"https:\/\/api.w.org\/{rel}","templated":true}]}}