{"id":22345,"date":"2024-02-23T14:19:14","date_gmt":"2024-02-23T13:19:14","guid":{"rendered":"https:\/\/ahorn-camp.de\/?post_type=product&#038;p=22345"},"modified":"2025-06-23T08:39:24","modified_gmt":"2025-06-23T06:39:24","slug":"suspension-neumatica-de-piso-plano","status":"publish","type":"product","link":"https:\/\/ahorn-camp.de\/es\/product\/luftfederung-flachboden\/","title":{"rendered":"Suspensi\u00f3n neum\u00e1tica de piso plano"},"content":{"rendered":"<p>La suspensi\u00f3n neum\u00e1tica Goldschmitt para la Renault Master ofrece una soluci\u00f3n de primera clase para el confort y el control del veh\u00edculo. La variante de piso plano es para todos los modelos de las series Van, Camp y Canada.<\/p>\n<p>Aqu\u00ed est\u00e1n algunas caracter\u00edsticas y beneficios clave:<\/p>\n<ol>\n<li><strong>Aumento de carga<\/strong>Gracias a la instalaci\u00f3n del sistema de suspensi\u00f3n neum\u00e1tica, el chasis puede ser homologado a un peso total autorizado de 4.000 kg, permitiendo as\u00ed una mayor carga \u00fatil. Para ello, se requiere un certificado de homologaci\u00f3n de carga y una inspecci\u00f3n T\u00dcV, que se adquieren por separado. Estos no est\u00e1n incluidos en el precio del producto y deben solicitarse aparte.<\/li>\n<li><strong>Aumento de la carga en el eje trasero:<\/strong> Gracias a la suspensi\u00f3n neum\u00e1tica, la carga \u00fatil del eje trasero se puede aumentar a un m\u00e1ximo de 2.400 kg (siempre que las llantas y los neum\u00e1ticos sean adecuados para ello (Tama\u00f1o requerido: 235\/65 R 16, con un \u00edndice de carga m\u00ednimo de 115). Las llantas deben ser reemplazadas por las KBA 44544 o RE616013, seg\u00fan el informe de homologaci\u00f3n).<\/li>\n<li><strong>Altura ajustable<\/strong>Con la suspensi\u00f3n neum\u00e1tica, puede ajustar la altura del eje trasero seg\u00fan sea necesario. Esto es particularmente \u00fatil al transportar cargas pesadas o al circular por terrenos irregulares. Gracias al sistema de doble circuito de la suspensi\u00f3n neum\u00e1tica, tambi\u00e9n puede compensar una ligera inclinaci\u00f3n en un lugar de estacionamiento, ya que se puede lograr una diferencia de unos pocos cent\u00edmetros.<\/li>\n<li><strong>Estabilidad mejorada<\/strong>La suspensi\u00f3n neum\u00e1tica ayuda a mejorar la estabilidad del veh\u00edculo, especialmente en curvas o con viento lateral. Esto ayuda a que el veh\u00edculo sea m\u00e1s seguro y f\u00e1cil de manejar.<\/li>\n<\/ol>\n<p>En general, la suspensi\u00f3n neum\u00e1tica de Goldschmitt para la Renault Master ofrece una excelente manera de mejorar la comodidad de conducci\u00f3n, el control y la seguridad de su veh\u00edculo.<\/p>\n<p>&nbsp;<\/p>\n<p>Si selecciona el producto con montaje incluido, nos pondremos en contacto con usted despu\u00e9s de la confirmaci\u00f3n del pedido para proponerle una cita en nuestra sucursal de Speyer.<\/p>","protected":false},"excerpt":{"rendered":"<p>Die Luftfederung von Goldschmitt f\u00fcr den Renault Master bietet eine erstklassige L\u00f6sung f\u00fcr Komfort und Fahrzeugkontrolle. Die Variante Flachboden ist f\u00fcr alle Modelle der Van Serie, Camp und Canada Serie.<\/p>\n<p>Hier sind einige Schl\u00fcsselfunktionen und Vorteile:<\/p>\n<ol>\n<li><strong>Auflastung<\/strong>: Durch den Verbau der Luftfederung kann das Chassis auf ein zul\u00e4ssiges Gesamtgewicht von 4.000 Kg aufgelastet werden und so f\u00fcr mehr Zuladung sorgen. Hierf\u00fcr wird ein separat erh\u00e4ltliches Auflastungsgutachten und eine T\u00dcV Abnahme ben\u00f6tigt. Diese sind nicht im Produktpreis erhalten und m\u00fcssen separat angefragt werden.<\/li>\n<li><strong>Erh\u00f6hung der Hinterachslast:<\/strong> Durch die Luftfederung kann die Hinterachslast auf maximal 2.400 Kg erh\u00f6ht werden (sofern die Felgen und Reifen daf\u00fcr ausreichen (Ben\u00f6tigte Gr\u00f6\u00dfe: 235\/65 r 16, mit mindestens 115er Traglast. Die Felgen sollten mit der KBA 44544 oder RE616013, laut Gutachten, ersetzt werden.)<\/li>\n<li><strong>Einstellbare H\u00f6he<\/strong>: Mit der Luftfederung k\u00f6nnen Sie die H\u00f6he der Hinterachse nach Bedarf anpassen. Dies ist besonders n\u00fctzlich, wenn Sie schwere Lasten transportieren oder auf unebenem Gel\u00e4nde unterwegs [&#8230;]<\/li>\n<\/ol>\n","protected":false},"featured_media":22506,"template":"","meta":{"content-type":""},"product_brand":[],"product_cat":[602,605,607,608,604,611,612],"product_tag":[],"class_list":{"0":"post-22345","1":"product","2":"type-product","3":"status-publish","4":"has-post-thumbnail","6":"product_cat-zubehoer","7":"product_cat-zubehoer-van","8":"product_cat-zubehoer-van-mtg","9":"product_cat-zubehoer-van-teil","10":"product_cat-zubehoer-womo","11":"product_cat-zubehoer-womo-mtg","12":"product_cat-zubehoer-womo-teil","13":"product_shipping_class-paket","15":"first","16":"instock","17":"taxable","18":"shipping-taxable","19":"product-type-variable"},"yoast_head":"<!-- This site is optimized with the Yoast SEO plugin v27.4 - https:\/\/yoast.com\/product\/yoast-seo-wordpress\/ -->\n<title>Luftfederung Flachboden - Ahorn Camp | Reisemobile und Kastenwagen<\/title>\n<meta name=\"description\" content=\"Entdecken Sie jetzt die Luftfederung f\u00fcr den Renault Master. Verbesserte Fahrstabilit\u00e4t, mehr Zuladung und Komfort in einem!\" \/>\n<meta name=\"robots\" content=\"index, follow, max-snippet:-1, max-image-preview:large, max-video-preview:-1\" \/>\n<link rel=\"canonical\" href=\"https:\/\/ahorn-camp.de\/es\/product\/suspension-neumatica-de-piso-plano\/\" \/>\n<meta property=\"og:locale\" content=\"es_ES\" \/>\n<meta property=\"og:type\" content=\"article\" \/>\n<meta property=\"og:title\" content=\"Luftfederung Flachboden - Ahorn Camp | Reisemobile und Kastenwagen\" \/>\n<meta property=\"og:description\" content=\"Entdecken Sie jetzt die Luftfederung f\u00fcr den Renault Master. Verbesserte Fahrstabilit\u00e4t, mehr Zuladung und Komfort in einem!\" \/>\n<meta property=\"og:url\" content=\"https:\/\/ahorn-camp.de\/es\/product\/suspension-neumatica-de-piso-plano\/\" \/>\n<meta property=\"og:site_name\" content=\"Ahorn Camp | Reisemobile und Kastenwagen\" \/>\n<meta property=\"article:publisher\" content=\"https:\/\/www.facebook.com\/ahorn.wohnmobile\/\" \/>\n<meta property=\"article:modified_time\" content=\"2025-06-23T06:39:24+00:00\" \/>\n<meta property=\"og:image\" content=\"https:\/\/ahorn-camp.de\/wp-content\/uploads\/2024\/02\/Luftfedern.jpg\" \/>\n\t<meta property=\"og:image:width\" content=\"1000\" \/>\n\t<meta property=\"og:image:height\" content=\"1000\" \/>\n\t<meta property=\"og:image:type\" content=\"image\/jpeg\" \/>\n<meta name=\"twitter:card\" content=\"summary_large_image\" \/>\n<meta name=\"twitter:label1\" content=\"Tiempo de lectura\" \/>\n\t<meta name=\"twitter:data1\" content=\"2 minutos\" \/>\n<script type=\"application\/ld+json\" class=\"yoast-schema-graph\">{\"@context\":\"https:\\\/\\\/schema.org\",\"@graph\":[{\"@type\":\"WebPage\",\"@id\":\"https:\\\/\\\/ahorn-camp.de\\\/product\\\/luftfederung-flachboden\\\/\",\"url\":\"https:\\\/\\\/ahorn-camp.de\\\/product\\\/luftfederung-flachboden\\\/\",\"name\":\"Luftfederung Flachboden - Ahorn Camp | Reisemobile und Kastenwagen\",\"isPartOf\":{\"@id\":\"https:\\\/\\\/ahorn-camp.de\\\/#website\"},\"primaryImageOfPage\":{\"@id\":\"https:\\\/\\\/ahorn-camp.de\\\/product\\\/luftfederung-flachboden\\\/#primaryimage\"},\"image\":{\"@id\":\"https:\\\/\\\/ahorn-camp.de\\\/product\\\/luftfederung-flachboden\\\/#primaryimage\"},\"thumbnailUrl\":\"https:\\\/\\\/ahorn-camp.de\\\/wp-content\\\/uploads\\\/2024\\\/02\\\/Luftfedern.jpg\",\"datePublished\":\"2024-02-23T13:19:14+00:00\",\"dateModified\":\"2025-06-23T06:39:24+00:00\",\"description\":\"Entdecken Sie jetzt die Luftfederung f\u00fcr den Renault Master. Verbesserte Fahrstabilit\u00e4t, mehr Zuladung und Komfort in einem!\",\"breadcrumb\":{\"@id\":\"https:\\\/\\\/ahorn-camp.de\\\/product\\\/luftfederung-flachboden\\\/#breadcrumb\"},\"inLanguage\":\"es\",\"potentialAction\":[{\"@type\":\"ReadAction\",\"target\":[\"https:\\\/\\\/ahorn-camp.de\\\/product\\\/luftfederung-flachboden\\\/\"]}]},{\"@type\":\"ImageObject\",\"inLanguage\":\"es\",\"@id\":\"https:\\\/\\\/ahorn-camp.de\\\/product\\\/luftfederung-flachboden\\\/#primaryimage\",\"url\":\"https:\\\/\\\/ahorn-camp.de\\\/wp-content\\\/uploads\\\/2024\\\/02\\\/Luftfedern.jpg\",\"contentUrl\":\"https:\\\/\\\/ahorn-camp.de\\\/wp-content\\\/uploads\\\/2024\\\/02\\\/Luftfedern.jpg\",\"width\":1000,\"height\":1000,\"caption\":\"Luftfederung mit Kompressor f\u00fcr Renault Master\"},{\"@type\":\"BreadcrumbList\",\"@id\":\"https:\\\/\\\/ahorn-camp.de\\\/product\\\/luftfederung-flachboden\\\/#breadcrumb\",\"itemListElement\":[{\"@type\":\"ListItem\",\"position\":1,\"name\":\"Startseite\",\"item\":\"https:\\\/\\\/ahorn-camp.de\\\/\"},{\"@type\":\"ListItem\",\"position\":2,\"name\":\"Merchandise-Shop\",\"item\":\"https:\\\/\\\/ahorn-camp.de\\\/merchandise-shop\\\/\"},{\"@type\":\"ListItem\",\"position\":3,\"name\":\"Luftfederung Flachboden\"}]},{\"@type\":\"WebSite\",\"@id\":\"https:\\\/\\\/ahorn-camp.de\\\/#website\",\"url\":\"https:\\\/\\\/ahorn-camp.de\\\/\",\"name\":\"Ahorn Camp | Reisemobile und Kastenwagen\",\"description\":\"Seit \u00fcber 30 Jahren vermarktet das Familienunternehmen, Ahorn Camp in Speyer, erfolgreich Wohnmobile und Kastenwagen zum besten Preis-Leistungsverh\u00e4ltnis.\",\"publisher\":{\"@id\":\"https:\\\/\\\/ahorn-camp.de\\\/#organization\"},\"potentialAction\":[{\"@type\":\"SearchAction\",\"target\":{\"@type\":\"EntryPoint\",\"urlTemplate\":\"https:\\\/\\\/ahorn-camp.de\\\/?s={search_term_string}\"},\"query-input\":{\"@type\":\"PropertyValueSpecification\",\"valueRequired\":true,\"valueName\":\"search_term_string\"}}],\"inLanguage\":\"es\"},{\"@type\":\"Organization\",\"@id\":\"https:\\\/\\\/ahorn-camp.de\\\/#organization\",\"name\":\"Ahorn Camp GmbH & Co. KG\",\"url\":\"https:\\\/\\\/ahorn-camp.de\\\/\",\"logo\":{\"@type\":\"ImageObject\",\"inLanguage\":\"es\",\"@id\":\"https:\\\/\\\/ahorn-camp.de\\\/#\\\/schema\\\/logo\\\/image\\\/\",\"url\":\"https:\\\/\\\/ahorn-camp.de\\\/wp-content\\\/uploads\\\/2018\\\/12\\\/Ahorn_Logo.jpg\",\"contentUrl\":\"https:\\\/\\\/ahorn-camp.de\\\/wp-content\\\/uploads\\\/2018\\\/12\\\/Ahorn_Logo.jpg\",\"width\":1437,\"height\":1000,\"caption\":\"Ahorn Camp GmbH & Co. KG\"},\"image\":{\"@id\":\"https:\\\/\\\/ahorn-camp.de\\\/#\\\/schema\\\/logo\\\/image\\\/\"},\"sameAs\":[\"https:\\\/\\\/www.facebook.com\\\/ahorn.wohnmobile\\\/\",\"https:\\\/\\\/www.instagram.com\\\/ahorn.camp\\\/\",\"https:\\\/\\\/www.youtube.com\\\/channel\\\/UCPFbPCts1JJ_A1k9vyH0yOQ\"]}]}<\/script>\n<!-- \/ Yoast SEO plugin. -->","yoast_head_json":{"title":"Suspensi\u00f3n neum\u00e1tica de suelo plano - Ahorn Camp | Autocaravanas y furgonetas camper","description":"\u00a1Descubra ahora la suspensi\u00f3n neum\u00e1tica para el Renault Master! Mayor estabilidad de marcha, m\u00e1s carga \u00fatil y confort en uno.","robots":{"index":"index","follow":"follow","max-snippet":"max-snippet:-1","max-image-preview":"max-image-preview:large","max-video-preview":"max-video-preview:-1"},"canonical":"https:\/\/ahorn-camp.de\/es\/product\/suspension-neumatica-de-piso-plano\/","og_locale":"es_ES","og_type":"article","og_title":"Luftfederung Flachboden - Ahorn Camp | Reisemobile und Kastenwagen","og_description":"Entdecken Sie jetzt die Luftfederung f\u00fcr den Renault Master. Verbesserte Fahrstabilit\u00e4t, mehr Zuladung und Komfort in einem!","og_url":"https:\/\/ahorn-camp.de\/es\/product\/suspension-neumatica-de-piso-plano\/","og_site_name":"Ahorn Camp | Reisemobile und Kastenwagen","article_publisher":"https:\/\/www.facebook.com\/ahorn.wohnmobile\/","article_modified_time":"2025-06-23T06:39:24+00:00","og_image":[{"width":1000,"height":1000,"url":"https:\/\/ahorn-camp.de\/wp-content\/uploads\/2024\/02\/Luftfedern.jpg","type":"image\/jpeg"}],"twitter_card":"summary_large_image","twitter_misc":{"Tiempo de lectura":"2 minutos"},"schema":{"@context":"https:\/\/schema.org","@graph":[{"@type":"WebPage","@id":"https:\/\/ahorn-camp.de\/product\/luftfederung-flachboden\/","url":"https:\/\/ahorn-camp.de\/product\/luftfederung-flachboden\/","name":"Suspensi\u00f3n neum\u00e1tica de suelo plano - Ahorn Camp | Autocaravanas y furgonetas camper","isPartOf":{"@id":"https:\/\/ahorn-camp.de\/#website"},"primaryImageOfPage":{"@id":"https:\/\/ahorn-camp.de\/product\/luftfederung-flachboden\/#primaryimage"},"image":{"@id":"https:\/\/ahorn-camp.de\/product\/luftfederung-flachboden\/#primaryimage"},"thumbnailUrl":"https:\/\/ahorn-camp.de\/wp-content\/uploads\/2024\/02\/Luftfedern.jpg","datePublished":"2024-02-23T13:19:14+00:00","dateModified":"2025-06-23T06:39:24+00:00","description":"\u00a1Descubra ahora la suspensi\u00f3n neum\u00e1tica para el Renault Master! Mayor estabilidad de marcha, m\u00e1s carga \u00fatil y confort en uno.","breadcrumb":{"@id":"https:\/\/ahorn-camp.de\/product\/luftfederung-flachboden\/#breadcrumb"},"inLanguage":"es","potentialAction":[{"@type":"ReadAction","target":["https:\/\/ahorn-camp.de\/product\/luftfederung-flachboden\/"]}]},{"@type":"ImageObject","inLanguage":"es","@id":"https:\/\/ahorn-camp.de\/product\/luftfederung-flachboden\/#primaryimage","url":"https:\/\/ahorn-camp.de\/wp-content\/uploads\/2024\/02\/Luftfedern.jpg","contentUrl":"https:\/\/ahorn-camp.de\/wp-content\/uploads\/2024\/02\/Luftfedern.jpg","width":1000,"height":1000,"caption":"Luftfederung mit Kompressor f\u00fcr Renault Master"},{"@type":"BreadcrumbList","@id":"https:\/\/ahorn-camp.de\/product\/luftfederung-flachboden\/#breadcrumb","itemListElement":[{"@type":"ListItem","position":1,"name":"Startseite","item":"https:\/\/ahorn-camp.de\/"},{"@type":"ListItem","position":2,"name":"Merchandise-Shop","item":"https:\/\/ahorn-camp.de\/merchandise-shop\/"},{"@type":"ListItem","position":3,"name":"Luftfederung Flachboden"}]},{"@type":"WebSite","@id":"https:\/\/ahorn-camp.de\/#website","url":"https:\/\/ahorn-camp.de\/","name":"Ahorn Camp | Autocaravanas y furgonetas camper","description":"Desde hace m\u00e1s de 30 a\u00f1os, la empresa familiar, Ahorn Camp en Speyer, comercializa con \u00e9xito caravanas y furgonetas camper a la mejor relaci\u00f3n calidad-precio.","publisher":{"@id":"https:\/\/ahorn-camp.de\/#organization"},"potentialAction":[{"@type":"SearchAction","target":{"@type":"EntryPoint","urlTemplate":"https:\/\/ahorn-camp.de\/?s={search_term_string}"},"query-input":{"@type":"PropertyValueSpecification","valueRequired":true,"valueName":"search_term_string"}}],"inLanguage":"es"},{"@type":"Organization","@id":"https:\/\/ahorn-camp.de\/#organization","name":"Ahorn Camp GmbH &amp; Co. KG","url":"https:\/\/ahorn-camp.de\/","logo":{"@type":"ImageObject","inLanguage":"es","@id":"https:\/\/ahorn-camp.de\/#\/schema\/logo\/image\/","url":"https:\/\/ahorn-camp.de\/wp-content\/uploads\/2018\/12\/Ahorn_Logo.jpg","contentUrl":"https:\/\/ahorn-camp.de\/wp-content\/uploads\/2018\/12\/Ahorn_Logo.jpg","width":1437,"height":1000,"caption":"Ahorn Camp GmbH & Co. KG"},"image":{"@id":"https:\/\/ahorn-camp.de\/#\/schema\/logo\/image\/"},"sameAs":["https:\/\/www.facebook.com\/ahorn.wohnmobile\/","https:\/\/www.instagram.com\/ahorn.camp\/","https:\/\/www.youtube.com\/channel\/UCPFbPCts1JJ_A1k9vyH0yOQ"]}]}},"_links":{"self":[{"href":"https:\/\/ahorn-camp.de\/es\/wp-json\/wp\/v2\/product\/22345","targetHints":{"allow":["GET"]}}],"collection":[{"href":"https:\/\/ahorn-camp.de\/es\/wp-json\/wp\/v2\/product"}],"about":[{"href":"https:\/\/ahorn-camp.de\/es\/wp-json\/wp\/v2\/types\/product"}],"wp:featuredmedia":[{"embeddable":true,"href":"https:\/\/ahorn-camp.de\/es\/wp-json\/wp\/v2\/media\/22506"}],"wp:attachment":[{"href":"https:\/\/ahorn-camp.de\/es\/wp-json\/wp\/v2\/media?parent=22345"}],"wp:term":[{"taxonomy":"product_brand","embeddable":true,"href":"https:\/\/ahorn-camp.de\/es\/wp-json\/wp\/v2\/product_brand?post=22345"},{"taxonomy":"product_cat","embeddable":true,"href":"https:\/\/ahorn-camp.de\/es\/wp-json\/wp\/v2\/product_cat?post=22345"},{"taxonomy":"product_tag","embeddable":true,"href":"https:\/\/ahorn-camp.de\/es\/wp-json\/wp\/v2\/product_tag?post=22345"}],"curies":[{"name":"wp","href":"https:\/\/api.w.org\/{rel}","templated":true}]}}