{"id":22336,"date":"2024-02-23T13:02:34","date_gmt":"2024-02-23T12:02:34","guid":{"rendered":"https:\/\/ahorn-camp.de\/?post_type=product&#038;p=22336"},"modified":"2025-01-06T00:03:03","modified_gmt":"2025-01-05T23:03:03","slug":"lithiumbatterie-flybat-165-ah","status":"publish","type":"product","link":"https:\/\/ahorn-camp.de\/es\/product\/lithiumbatterie-flybat-165-ah\/","title":{"rendered":"Bater\u00eda de litio Flybat 165 Ah"},"content":{"rendered":"<p>Mit der 165 Ah Lithium Batterie von Flybat haben Sie in einer Batterie bereits extrem viel Leistung, da eine Lithiumbatterie fast zu 100% entladen werden kann, eine AGM Batterie hingegen nur zu ca. 60%. Das bedeutet, dass eine 165 Ah Lithium Batterie mehr, als zwei 80 Ah AGM Batterien leisten.<\/p>\n<p>Das integrierte BMS (Batterie Management System) sorgt f\u00fcr einen Schutz der Batterie bei Tiefentladung, Kurzschluss oder zu hohen Str\u00f6men. Au\u00dferdem verf\u00fcgt es \u00fcber eine Bluetooth Schnittstelle zum Handy, auf dem dank kostenloser App bequem der Ladezustand oder aktuelle Strom abgelesen werden kann.<\/p>\n<p>\u00bfPor qu\u00e9 comprar una bater\u00eda de litio? <a href=\"https:\/\/ahorn-camp.de\/wp-content\/uploads\/2024\/02\/P1.pdf\">Desc\u00fabrelo aqu\u00ed<\/a>.<\/p>\n<p>&nbsp;<\/p>\n<p>Si selecciona el producto con montaje incluido, nos pondremos en contacto con usted despu\u00e9s de la confirmaci\u00f3n del pedido para proponerle una cita en nuestra sucursal de Speyer.<\/p>","protected":false},"excerpt":{"rendered":"<p>Mit der 165 Ah Lithium Batterie von Flybat haben Sie in einer Batterie bereits extrem viel Leistung, da eine Lithiumbatterie fast zu 100% entladen werden kann, eine AGM Batterie hingegen nur zu ca. 60%. Das bedeutet, dass eine 165 Ah Lithium Batterie mehr, als zwei 80 Ah AGM Batterien leisten.<\/p>\n<p>Das integrierte BMS (Batterie Management System) sorgt f\u00fcr einen Schutz der Batterie bei Tiefentladung, Kurzschluss oder zu hohen Str\u00f6men. Au\u00dferdem verf\u00fcgt es \u00fcber eine Bluetooth Schnittstelle zum Handy, auf dem dank kostenloser App bequem der Ladezustand oder aktuelle Strom abgelesen werden kann.<\/p>\n<p>Wieso eine Lithiumbatterie kaufen? Erfahre es hier.<\/p>\n<p>&nbsp;<\/p>\n<p>Si selecciona el producto con montaje incluido, nos pondremos en contacto con usted despu\u00e9s de la confirmaci\u00f3n del pedido para proponerle una cita en nuestra sucursal de Speyer.<\/p>","protected":false},"featured_media":22507,"template":"","meta":{"content-type":""},"product_brand":[],"product_cat":[602,606,610,605,608,604,612],"product_tag":[],"class_list":{"0":"post-22336","1":"product","2":"type-product","3":"status-publish","4":"has-post-thumbnail","6":"product_cat-zubehoer","7":"product_cat-zuebhoer-van-city","8":"product_cat-zubehoer-van-city-teil","9":"product_cat-zubehoer-van","10":"product_cat-zubehoer-van-teil","11":"product_cat-zubehoer-womo","12":"product_cat-zubehoer-womo-teil","13":"product_shipping_class-paket","15":"first","16":"instock","17":"taxable","18":"shipping-taxable","19":"purchasable","20":"product-type-variable"},"yoast_head":"<!-- This site is optimized with the Yoast SEO plugin v27.4 - https:\/\/yoast.com\/product\/yoast-seo-wordpress\/ -->\n<title>Lithiumbatterie Flybat 165 Ah - Ahorn Camp | Reisemobile und Kastenwagen<\/title>\n<meta name=\"description\" content=\"Mit der 165 Ah Lithiumbatterie von Flybat sparen Sie Gewicht und holen das maximale daf\u00fcr raus! Mit smarter Steuerung \u00fcber das Handy!\" \/>\n<meta name=\"robots\" content=\"index, follow, max-snippet:-1, max-image-preview:large, max-video-preview:-1\" \/>\n<link rel=\"canonical\" href=\"https:\/\/ahorn-camp.de\/es\/product\/lithiumbatterie-flybat-165-ah\/\" \/>\n<meta property=\"og:locale\" content=\"es_ES\" \/>\n<meta property=\"og:type\" content=\"article\" \/>\n<meta property=\"og:title\" content=\"Lithiumbatterie Flybat 165 Ah - Ahorn Camp | Reisemobile und Kastenwagen\" \/>\n<meta property=\"og:description\" content=\"Mit der 165 Ah Lithiumbatterie von Flybat sparen Sie Gewicht und holen das maximale daf\u00fcr raus! Mit smarter Steuerung \u00fcber das Handy!\" \/>\n<meta property=\"og:url\" content=\"https:\/\/ahorn-camp.de\/es\/product\/lithiumbatterie-flybat-165-ah\/\" \/>\n<meta property=\"og:site_name\" content=\"Ahorn Camp | Reisemobile und Kastenwagen\" \/>\n<meta property=\"article:publisher\" content=\"https:\/\/www.facebook.com\/ahorn.wohnmobile\/\" \/>\n<meta property=\"article:modified_time\" content=\"2025-01-05T23:03:03+00:00\" \/>\n<meta property=\"og:image\" content=\"https:\/\/ahorn-camp.de\/wp-content\/uploads\/2024\/02\/Lithiumbatterie-165ah.jpg\" \/>\n\t<meta property=\"og:image:width\" content=\"1000\" \/>\n\t<meta property=\"og:image:height\" content=\"1000\" \/>\n\t<meta property=\"og:image:type\" content=\"image\/jpeg\" \/>\n<meta name=\"twitter:card\" content=\"summary_large_image\" \/>\n<meta name=\"twitter:label1\" content=\"Tiempo de lectura\" \/>\n\t<meta name=\"twitter:data1\" content=\"1 minuto\" \/>\n<script type=\"application\/ld+json\" class=\"yoast-schema-graph\">{\"@context\":\"https:\\\/\\\/schema.org\",\"@graph\":[{\"@type\":\"WebPage\",\"@id\":\"https:\\\/\\\/ahorn-camp.de\\\/product\\\/lithiumbatterie-flybat-165-ah\\\/\",\"url\":\"https:\\\/\\\/ahorn-camp.de\\\/product\\\/lithiumbatterie-flybat-165-ah\\\/\",\"name\":\"Lithiumbatterie Flybat 165 Ah - Ahorn Camp | Reisemobile und Kastenwagen\",\"isPartOf\":{\"@id\":\"https:\\\/\\\/ahorn-camp.de\\\/#website\"},\"primaryImageOfPage\":{\"@id\":\"https:\\\/\\\/ahorn-camp.de\\\/product\\\/lithiumbatterie-flybat-165-ah\\\/#primaryimage\"},\"image\":{\"@id\":\"https:\\\/\\\/ahorn-camp.de\\\/product\\\/lithiumbatterie-flybat-165-ah\\\/#primaryimage\"},\"thumbnailUrl\":\"https:\\\/\\\/ahorn-camp.de\\\/wp-content\\\/uploads\\\/2024\\\/02\\\/Lithiumbatterie-165ah.jpg\",\"datePublished\":\"2024-02-23T12:02:34+00:00\",\"dateModified\":\"2025-01-05T23:03:03+00:00\",\"description\":\"Mit der 165 Ah Lithiumbatterie von Flybat sparen Sie Gewicht und holen das maximale daf\u00fcr raus! Mit smarter Steuerung \u00fcber das Handy!\",\"breadcrumb\":{\"@id\":\"https:\\\/\\\/ahorn-camp.de\\\/product\\\/lithiumbatterie-flybat-165-ah\\\/#breadcrumb\"},\"inLanguage\":\"es\",\"potentialAction\":[{\"@type\":\"ReadAction\",\"target\":[\"https:\\\/\\\/ahorn-camp.de\\\/product\\\/lithiumbatterie-flybat-165-ah\\\/\"]}]},{\"@type\":\"ImageObject\",\"inLanguage\":\"es\",\"@id\":\"https:\\\/\\\/ahorn-camp.de\\\/product\\\/lithiumbatterie-flybat-165-ah\\\/#primaryimage\",\"url\":\"https:\\\/\\\/ahorn-camp.de\\\/wp-content\\\/uploads\\\/2024\\\/02\\\/Lithiumbatterie-165ah.jpg\",\"contentUrl\":\"https:\\\/\\\/ahorn-camp.de\\\/wp-content\\\/uploads\\\/2024\\\/02\\\/Lithiumbatterie-165ah.jpg\",\"width\":1000,\"height\":1000,\"caption\":\"165 Ah Lithiumbatterie von Flybat\"},{\"@type\":\"BreadcrumbList\",\"@id\":\"https:\\\/\\\/ahorn-camp.de\\\/product\\\/lithiumbatterie-flybat-165-ah\\\/#breadcrumb\",\"itemListElement\":[{\"@type\":\"ListItem\",\"position\":1,\"name\":\"Startseite\",\"item\":\"https:\\\/\\\/ahorn-camp.de\\\/\"},{\"@type\":\"ListItem\",\"position\":2,\"name\":\"Merchandise-Shop\",\"item\":\"https:\\\/\\\/ahorn-camp.de\\\/merchandise-shop\\\/\"},{\"@type\":\"ListItem\",\"position\":3,\"name\":\"Lithiumbatterie Flybat 165 Ah\"}]},{\"@type\":\"WebSite\",\"@id\":\"https:\\\/\\\/ahorn-camp.de\\\/#website\",\"url\":\"https:\\\/\\\/ahorn-camp.de\\\/\",\"name\":\"Ahorn Camp | Reisemobile und Kastenwagen\",\"description\":\"Seit \u00fcber 30 Jahren vermarktet das Familienunternehmen, Ahorn Camp in Speyer, erfolgreich Wohnmobile und Kastenwagen zum besten Preis-Leistungsverh\u00e4ltnis.\",\"publisher\":{\"@id\":\"https:\\\/\\\/ahorn-camp.de\\\/#organization\"},\"potentialAction\":[{\"@type\":\"SearchAction\",\"target\":{\"@type\":\"EntryPoint\",\"urlTemplate\":\"https:\\\/\\\/ahorn-camp.de\\\/?s={search_term_string}\"},\"query-input\":{\"@type\":\"PropertyValueSpecification\",\"valueRequired\":true,\"valueName\":\"search_term_string\"}}],\"inLanguage\":\"es\"},{\"@type\":\"Organization\",\"@id\":\"https:\\\/\\\/ahorn-camp.de\\\/#organization\",\"name\":\"Ahorn Camp GmbH & Co. KG\",\"url\":\"https:\\\/\\\/ahorn-camp.de\\\/\",\"logo\":{\"@type\":\"ImageObject\",\"inLanguage\":\"es\",\"@id\":\"https:\\\/\\\/ahorn-camp.de\\\/#\\\/schema\\\/logo\\\/image\\\/\",\"url\":\"https:\\\/\\\/ahorn-camp.de\\\/wp-content\\\/uploads\\\/2018\\\/12\\\/Ahorn_Logo.jpg\",\"contentUrl\":\"https:\\\/\\\/ahorn-camp.de\\\/wp-content\\\/uploads\\\/2018\\\/12\\\/Ahorn_Logo.jpg\",\"width\":1437,\"height\":1000,\"caption\":\"Ahorn Camp GmbH & Co. KG\"},\"image\":{\"@id\":\"https:\\\/\\\/ahorn-camp.de\\\/#\\\/schema\\\/logo\\\/image\\\/\"},\"sameAs\":[\"https:\\\/\\\/www.facebook.com\\\/ahorn.wohnmobile\\\/\",\"https:\\\/\\\/www.instagram.com\\\/ahorn.camp\\\/\",\"https:\\\/\\\/www.youtube.com\\\/channel\\\/UCPFbPCts1JJ_A1k9vyH0yOQ\"]}]}<\/script>\n<!-- \/ Yoast SEO plugin. -->","yoast_head_json":{"title":"Lithiumbatterie Flybat 165 Ah - Ahorn Camp | Reisemobile und Kastenwagen","description":"Mit der 165 Ah Lithiumbatterie von Flybat sparen Sie Gewicht und holen das maximale daf\u00fcr raus! Mit smarter Steuerung \u00fcber das Handy!","robots":{"index":"index","follow":"follow","max-snippet":"max-snippet:-1","max-image-preview":"max-image-preview:large","max-video-preview":"max-video-preview:-1"},"canonical":"https:\/\/ahorn-camp.de\/es\/product\/lithiumbatterie-flybat-165-ah\/","og_locale":"es_ES","og_type":"article","og_title":"Lithiumbatterie Flybat 165 Ah - Ahorn Camp | Reisemobile und Kastenwagen","og_description":"Mit der 165 Ah Lithiumbatterie von Flybat sparen Sie Gewicht und holen das maximale daf\u00fcr raus! Mit smarter Steuerung \u00fcber das Handy!","og_url":"https:\/\/ahorn-camp.de\/es\/product\/lithiumbatterie-flybat-165-ah\/","og_site_name":"Ahorn Camp | Reisemobile und Kastenwagen","article_publisher":"https:\/\/www.facebook.com\/ahorn.wohnmobile\/","article_modified_time":"2025-01-05T23:03:03+00:00","og_image":[{"width":1000,"height":1000,"url":"https:\/\/ahorn-camp.de\/wp-content\/uploads\/2024\/02\/Lithiumbatterie-165ah.jpg","type":"image\/jpeg"}],"twitter_card":"summary_large_image","twitter_misc":{"Tiempo de lectura":"1 minuto"},"schema":{"@context":"https:\/\/schema.org","@graph":[{"@type":"WebPage","@id":"https:\/\/ahorn-camp.de\/product\/lithiumbatterie-flybat-165-ah\/","url":"https:\/\/ahorn-camp.de\/product\/lithiumbatterie-flybat-165-ah\/","name":"Lithiumbatterie Flybat 165 Ah - Ahorn Camp | Reisemobile und Kastenwagen","isPartOf":{"@id":"https:\/\/ahorn-camp.de\/#website"},"primaryImageOfPage":{"@id":"https:\/\/ahorn-camp.de\/product\/lithiumbatterie-flybat-165-ah\/#primaryimage"},"image":{"@id":"https:\/\/ahorn-camp.de\/product\/lithiumbatterie-flybat-165-ah\/#primaryimage"},"thumbnailUrl":"https:\/\/ahorn-camp.de\/wp-content\/uploads\/2024\/02\/Lithiumbatterie-165ah.jpg","datePublished":"2024-02-23T12:02:34+00:00","dateModified":"2025-01-05T23:03:03+00:00","description":"Mit der 165 Ah Lithiumbatterie von Flybat sparen Sie Gewicht und holen das maximale daf\u00fcr raus! Mit smarter Steuerung \u00fcber das Handy!","breadcrumb":{"@id":"https:\/\/ahorn-camp.de\/product\/lithiumbatterie-flybat-165-ah\/#breadcrumb"},"inLanguage":"es","potentialAction":[{"@type":"ReadAction","target":["https:\/\/ahorn-camp.de\/product\/lithiumbatterie-flybat-165-ah\/"]}]},{"@type":"ImageObject","inLanguage":"es","@id":"https:\/\/ahorn-camp.de\/product\/lithiumbatterie-flybat-165-ah\/#primaryimage","url":"https:\/\/ahorn-camp.de\/wp-content\/uploads\/2024\/02\/Lithiumbatterie-165ah.jpg","contentUrl":"https:\/\/ahorn-camp.de\/wp-content\/uploads\/2024\/02\/Lithiumbatterie-165ah.jpg","width":1000,"height":1000,"caption":"165 Ah Lithiumbatterie von Flybat"},{"@type":"BreadcrumbList","@id":"https:\/\/ahorn-camp.de\/product\/lithiumbatterie-flybat-165-ah\/#breadcrumb","itemListElement":[{"@type":"ListItem","position":1,"name":"Startseite","item":"https:\/\/ahorn-camp.de\/"},{"@type":"ListItem","position":2,"name":"Merchandise-Shop","item":"https:\/\/ahorn-camp.de\/merchandise-shop\/"},{"@type":"ListItem","position":3,"name":"Lithiumbatterie Flybat 165 Ah"}]},{"@type":"WebSite","@id":"https:\/\/ahorn-camp.de\/#website","url":"https:\/\/ahorn-camp.de\/","name":"Ahorn Camp | Autocaravanas y furgonetas camper","description":"Desde hace m\u00e1s de 30 a\u00f1os, la empresa familiar, Ahorn Camp en Speyer, comercializa con \u00e9xito caravanas y furgonetas camper a la mejor relaci\u00f3n calidad-precio.","publisher":{"@id":"https:\/\/ahorn-camp.de\/#organization"},"potentialAction":[{"@type":"SearchAction","target":{"@type":"EntryPoint","urlTemplate":"https:\/\/ahorn-camp.de\/?s={search_term_string}"},"query-input":{"@type":"PropertyValueSpecification","valueRequired":true,"valueName":"search_term_string"}}],"inLanguage":"es"},{"@type":"Organization","@id":"https:\/\/ahorn-camp.de\/#organization","name":"Ahorn Camp GmbH &amp; Co. KG","url":"https:\/\/ahorn-camp.de\/","logo":{"@type":"ImageObject","inLanguage":"es","@id":"https:\/\/ahorn-camp.de\/#\/schema\/logo\/image\/","url":"https:\/\/ahorn-camp.de\/wp-content\/uploads\/2018\/12\/Ahorn_Logo.jpg","contentUrl":"https:\/\/ahorn-camp.de\/wp-content\/uploads\/2018\/12\/Ahorn_Logo.jpg","width":1437,"height":1000,"caption":"Ahorn Camp GmbH & Co. KG"},"image":{"@id":"https:\/\/ahorn-camp.de\/#\/schema\/logo\/image\/"},"sameAs":["https:\/\/www.facebook.com\/ahorn.wohnmobile\/","https:\/\/www.instagram.com\/ahorn.camp\/","https:\/\/www.youtube.com\/channel\/UCPFbPCts1JJ_A1k9vyH0yOQ"]}]}},"_links":{"self":[{"href":"https:\/\/ahorn-camp.de\/es\/wp-json\/wp\/v2\/product\/22336","targetHints":{"allow":["GET"]}}],"collection":[{"href":"https:\/\/ahorn-camp.de\/es\/wp-json\/wp\/v2\/product"}],"about":[{"href":"https:\/\/ahorn-camp.de\/es\/wp-json\/wp\/v2\/types\/product"}],"wp:featuredmedia":[{"embeddable":true,"href":"https:\/\/ahorn-camp.de\/es\/wp-json\/wp\/v2\/media\/22507"}],"wp:attachment":[{"href":"https:\/\/ahorn-camp.de\/es\/wp-json\/wp\/v2\/media?parent=22336"}],"wp:term":[{"taxonomy":"product_brand","embeddable":true,"href":"https:\/\/ahorn-camp.de\/es\/wp-json\/wp\/v2\/product_brand?post=22336"},{"taxonomy":"product_cat","embeddable":true,"href":"https:\/\/ahorn-camp.de\/es\/wp-json\/wp\/v2\/product_cat?post=22336"},{"taxonomy":"product_tag","embeddable":true,"href":"https:\/\/ahorn-camp.de\/es\/wp-json\/wp\/v2\/product_tag?post=22336"}],"curies":[{"name":"wp","href":"https:\/\/api.w.org\/{rel}","templated":true}]}}