{"id":6360,"date":"2020-05-26T14:26:44","date_gmt":"2020-05-26T12:26:44","guid":{"rendered":"https:\/\/ahorn-camp.de\/?page_id=6360"},"modified":"2020-06-25T07:27:57","modified_gmt":"2020-06-25T05:27:57","slug":"renault-y-ahorn-camp","status":"publish","type":"page","link":"https:\/\/ahorn-camp.de\/es\/renault-und-ahorn-camp\/","title":{"rendered":"Renault y Ahorn Camp"},"content":{"rendered":"<div class=\"wpb-content-wrapper\"><div class=\"vc_row wpb_row vc_row-fluid\"><div class=\"wpb_column vc_column_container vc_col-sm-12\"><div class=\"vc_column-inner\"><div class=\"wpb_wrapper\"><div class=\"vc_row wpb_row vc_inner vc_row-fluid\"><div class=\"wpb_column vc_column_container vc_col-sm-12\"><div class=\"vc_column-inner\"><div class=\"wpb_wrapper\">\n\t<div class=\"wpb_text_column wpb_content_element\" >\n\t\t<div class=\"wpb_wrapper\">\n\t\t\t<h2>Renault und Ahorn Camp<\/h2>\n<h5>Die Partnerschaft<\/h5>\n\n\t\t<\/div>\n\t<\/div>\n\n\t<div class=\"wpb_text_column wpb_content_element\" >\n\t\t<div class=\"wpb_wrapper\">\n\t\t\t<p>Ahorn Camp verwendet Renault Master Fahrgestelle seit 2013. 2014 wurde die strategische Entscheidung getroffen, ausschlie\u00dflich Renault Master Fahrgestelle als Basis f\u00fcr Ahorn Camp Reisemobile zu verwenden. Die Gr\u00fcnde hierf\u00fcr waren ganz klar die technischen Vorteile des Renault Masters gegen\u00fcber anderen Reisemobilfahrgestellen. Die Dieselmotoren von Renault sind mitunter die modernsten auf dem Markt und werden beispielsweise auch in vielen Mercedes Pkws verwendet. Da sich Ahorn Camp besonders im Reisemobilvermietmarkt bewegt, ist hier eine Zuverl\u00e4ssigkeit der Motoren und Fahrgestelle sehr wichtig. Der Renault Master hat nachweislich einer der niedrigsten Pannenstatistiken im Vergleich zu anderen Fahrgestellen. Auch im DEKRA Langzeittest gewann der Renault Master zwei Jahre in Folge. Da Ahorn Camp sich das Thema \u201ebestes Preis-Leistungs-Verh\u00e4ltnis\u201c auf die Fahne geschrieben hat, passt hier der Renault Master perfekt.<\/p>\n<p>\u00dcber die folgenden Jahre intensivierte sich die Partnerschaft zwischen Renault und Ahorn, was unter anderem dazu f\u00fchrte, dass Ahorn Camp eine exklusive Reisemobilmarke in Deutschland ist. Auch auf der wichtigsten Reisemobilmesse &#8211; auf dem Caravan Salon in D\u00fcsseldorf &#8211; werden seit 2017 Ahorn Reisemobile auf dem Renault Stand pr\u00e4sentiert. Seit dem Jahr 2017 werden Ahorn Reisemobile in exklusiver Partnerschaft \u00fcber ausgew\u00e4hlte Renault Autoh\u00e4user deutschlandweit vertrieben. Ahorn ist somit zum heutigen Stand Reisemobillieferant f\u00fcr ausgew\u00e4hlte Renault H\u00e4ndler. 2019 honorierte Renault die bestehende Partnerschaft unter anderem mit einem gro\u00dfen Event f\u00fcr Ahorn und seine angeschlossenen H\u00e4ndler im Renault Master Stammwerk in Batilly. Aktuell vertreiben 30 Renault Autoh\u00e4user deutschlandweit Reisemobile der Firma Ahorn Camp. Dieses Netzwerk w\u00e4chst stetig weiter.<\/p>\n\n\t\t<\/div>\n\t<\/div>\n<\/div><\/div><\/div><\/div><\/div><\/div><\/div><div class=\"wpb_column vc_column_container vc_col-sm-12\"><div class=\"vc_column-inner\"><div class=\"wpb_wrapper\"><div class=\"vc_row wpb_row vc_inner vc_row-fluid\"><div class=\"wpb_column vc_column_container vc_col-sm-12\"><div class=\"vc_column-inner\"><div class=\"wpb_wrapper\">\n\t<div class=\"wpb_text_column wpb_content_element\" >\n\t\t<div class=\"wpb_wrapper\">\n\t\t\t<h2>Der gemeinsame Weg<\/h2>\n\n\t\t<\/div>\n\t<\/div>\n<\/div><\/div><\/div><\/div><div class=\"vc_row wpb_row vc_inner vc_row-fluid\"><div class=\"wpb_column vc_column_container vc_col-sm-12\"><div class=\"vc_column-inner\"><div class=\"wpb_wrapper\">[mvc_timeline_father width=&#8220;2&#8243;][mvc_timeline_son date=&#8220;2020&#8243; icon=&#8220;fas fa-users&#8220; bgclr=&#8220;#878787&#8243; icon_size=&#8220;20&#8243; arrowclr=&#8220;#ffffff&#8220;]Aktuell 30 Renault Partner deutschlandweit \u2013 und wir wachsen weiter.<\/p>\n<p>[\/mvc_timeline_son][mvc_timeline_son date=&#8220;2019&#8243; icon=&#8220;fas fa-external-link-alt&#8220; bgclr=&#8220;#878787&#8243; icon_size=&#8220;20&#8243; arrowclr=&#8220;#ffffff&#8220;]Das j\u00e4hrliche H\u00e4ndler Event mit der Pr\u00e4sentation der neuen Modelle findet im Renault Master Werk in Batilly statt. Die Partnerschaft zwischen Renault Frankreich und Ahorn Camp erf\u00e4hrt eine neue Dimension.<br \/>\n<img fetchpriority=\"high\" decoding=\"async\" class=\"alignnone wp-image-6496\" src=\"https:\/\/ahorn-camp.de\/wp-content\/uploads\/2020\/05\/AhornCamp_Renault_Batilly_Werksbesichtigung-2.jpg\" alt=\"\" width=\"400\" height=\"266\" srcset=\"https:\/\/ahorn-camp.de\/wp-content\/uploads\/2020\/05\/AhornCamp_Renault_Batilly_Werksbesichtigung-2.jpg 1000w, https:\/\/ahorn-camp.de\/wp-content\/uploads\/2020\/05\/AhornCamp_Renault_Batilly_Werksbesichtigung-2-300x200.jpg 300w, https:\/\/ahorn-camp.de\/wp-content\/uploads\/2020\/05\/AhornCamp_Renault_Batilly_Werksbesichtigung-2-768x511.jpg 768w, https:\/\/ahorn-camp.de\/wp-content\/uploads\/2020\/05\/AhornCamp_Renault_Batilly_Werksbesichtigung-2-800x533.jpg 800w\" sizes=\"(max-width: 400px) 100vw, 400px\" \/><\/p>\n<p>[\/mvc_timeline_son][mvc_timeline_son date=&#8220;2018&#8243; icon=&#8220;fas fa-shuttle-van&#8220; bgclr=&#8220;#878787&#8243; icon_size=&#8220;20&#8243; arrowclr=&#8220;#ffffff&#8220;]Ahorn Camp stellt nun auch Van Kastenwagen \/ Campervans auf Renault Basis her. Somit wird die Modellpalette durch zwei Vans auf Basis von Master und Trafic erweitert. Die Partnerschaft zwischen Renault Frankreich und Ahorn Camp wird ausgebaut und immer intensiver.<\/p>\n<p>[\/mvc_timeline_son][mvc_timeline_son date=&#8220;2017&#8243; icon=&#8220;fas fa-hands-helping&#8220; bgclr=&#8220;#878787&#8243; icon_size=&#8220;20&#8243; arrowclr=&#8220;#ffffff&#8220;]Der Ahorn Camp 595 erh\u00e4lt einen Platz auf dem Renault Stand auf dem Caravan Salon in D\u00fcsseldorf. Die Pr\u00e4senz eines Ahorn Camp Modells auf dem Renault Stand wird somit Tradition.<\/p>\n<p><img decoding=\"async\" class=\"alignnone wp-image-6481\" src=\"https:\/\/ahorn-camp.de\/wp-content\/uploads\/2020\/05\/Renault-Messe.jpg\" alt=\"\" width=\"400\" height=\"349\" srcset=\"https:\/\/ahorn-camp.de\/wp-content\/uploads\/2020\/05\/Renault-Messe.jpg 1000w, https:\/\/ahorn-camp.de\/wp-content\/uploads\/2020\/05\/Renault-Messe-300x262.jpg 300w, https:\/\/ahorn-camp.de\/wp-content\/uploads\/2020\/05\/Renault-Messe-768x670.jpg 768w, https:\/\/ahorn-camp.de\/wp-content\/uploads\/2020\/05\/Renault-Messe-688x600.jpg 688w, https:\/\/ahorn-camp.de\/wp-content\/uploads\/2020\/05\/Renault-Messe-800x698.jpg 800w\" sizes=\"(max-width: 400px) 100vw, 400px\" \/><\/p>\n<p>[\/mvc_timeline_son][mvc_timeline_son date=&#8220;2016&#8243; icon=&#8220;fas fa-trophy&#8220; bgclr=&#8220;#878787&#8243; icon_size=&#8220;20&#8243; arrowclr=&#8220;#ffffff&#8220;]Ahorn Camp wird zum exklusiven Renault Wohnmobil Hersteller in Deutschland.<\/p>\n<p>[\/mvc_timeline_son][mvc_timeline_son date=&#8220;2014&#8243; icon=&#8220;fas fa-expand-arrows-alt&#8220; bgclr=&#8220;#878787&#8243; icon_size=&#8220;20&#8243; arrowclr=&#8220;#ffffff&#8220;]Das Direct-Dealer-Sales (kurz: DDS) System wird ins Leben gerufen. Hierbei werden die Reisemobile direkt \u00fcber Autoh\u00e4user in enger Kooperation mit der Ahorn Camp Zentrale vertrieben. Somit wird eine Symbiose zwischen Pkw und Reisemobilvertrieb geschaffen. Ahorn Camp startet mit den ersten Renault Partnern das Pilot Projekt, das in den n\u00e4chsten Jahren immer weiter ausgebaut wird.<\/p>\n<p>[\/mvc_timeline_son][mvc_timeline_son date=&#8220;2014&#8243; icon=&#8220;fas fa-glass-cheers&#8220; bgclr=&#8220;#878787&#8243; icon_size=&#8220;20&#8243; arrowclr=&#8220;#ffffff&#8220;]Beginn der Partnerschaft zwischen Renault und Ahorn Camp.<\/p>\n<p>[\/mvc_timeline_son][mvc_timeline_son date=&#8220;2013&#8243; icon=&#8220;fas fa-road&#8220; bgclr=&#8220;#878787&#8243; icon_size=&#8220;20&#8243; arrowclr=&#8220;#ffffff&#8220;]Ahorn Camp verwendet das erste Mal ein Renault Master Fahrgestell.<\/p>\n<p>[\/mvc_timeline_son][\/mvc_timeline_father]\n\t<div class=\"wpb_text_column wpb_content_element\" >\n\t\t<div class=\"wpb_wrapper\">\n\t\t\t<p>Sie sind Renault Partner und haben Interesse Ahorn Camp Partner zu werden? <a href=\"https:\/\/ahorn-camp.de\/kontaktformular\/\">Melden Sie sich einfach bei uns<\/a> und informieren Sie sich \u00fcber die M\u00f6glichkeiten.<\/p>\n\n\t\t<\/div>\n\t<\/div>\n<\/div><\/div><\/div><\/div><\/div><\/div><\/div><\/div>\n<\/div>","protected":false},"excerpt":{"rendered":"Renault und Ahorn Camp Die Partnerschaft Ahorn Camp verwendet Renault Master Fahrgestelle seit 2013. 2014 wurde die strategische Entscheidung getroffen, ausschlie\u00dflich Renault Master Fahrgestelle als Basis f\u00fcr Ahorn Camp Reisemobile zu verwenden. Die Gr\u00fcnde hierf\u00fcr waren ganz klar die technischen Vorteile des Renault Masters gegen\u00fcber anderen Reisemobilfahrgestellen. Die Dieselmotoren von Renault sind mitunter die modernsten [...]","protected":false},"author":2,"featured_media":0,"parent":0,"menu_order":132,"comment_status":"closed","ping_status":"closed","template":"","meta":{"content-type":"","footnotes":""},"class_list":["post-6360","page","type-page","status-publish","hentry"],"yoast_head":"<!-- This site is optimized with the Yoast SEO plugin v27.4 - https:\/\/yoast.com\/product\/yoast-seo-wordpress\/ -->\n<title>Renault und Ahorn Camp - Ahorn Camp | Reisemobile und Kastenwagen<\/title>\n<meta name=\"description\" content=\"Ahorn Camp verwendet Renault Master Fahrgestelle seit 2013. Die Gr\u00fcnde hierf\u00fcr waren ganz klar die technischen Vorteile des Renault Masters.\" \/>\n<meta name=\"robots\" content=\"index, follow, max-snippet:-1, max-image-preview:large, max-video-preview:-1\" \/>\n<link rel=\"canonical\" href=\"https:\/\/ahorn-camp.de\/es\/renault-y-ahorn-camp\/\" \/>\n<meta property=\"og:locale\" content=\"es_ES\" \/>\n<meta property=\"og:type\" content=\"article\" \/>\n<meta property=\"og:title\" content=\"Renault und Ahorn Camp - Ahorn Camp | Reisemobile und Kastenwagen\" \/>\n<meta property=\"og:description\" content=\"Ahorn Camp verwendet Renault Master Fahrgestelle seit 2013. Die Gr\u00fcnde hierf\u00fcr waren ganz klar die technischen Vorteile des Renault Masters.\" \/>\n<meta property=\"og:url\" content=\"https:\/\/ahorn-camp.de\/es\/renault-y-ahorn-camp\/\" \/>\n<meta property=\"og:site_name\" content=\"Ahorn Camp | Reisemobile und Kastenwagen\" \/>\n<meta property=\"article:publisher\" content=\"https:\/\/www.facebook.com\/ahorn.wohnmobile\/\" \/>\n<meta property=\"article:modified_time\" content=\"2020-06-25T05:27:57+00:00\" \/>\n<meta property=\"og:image\" content=\"https:\/\/ahorn-camp.de\/wp-content\/uploads\/2020\/05\/AhornCamp_Renault_Batilly_Werksbesichtigung-2.jpg\" \/>\n<meta name=\"twitter:card\" content=\"summary_large_image\" \/>\n<meta name=\"twitter:label1\" content=\"Tiempo de lectura\" \/>\n\t<meta name=\"twitter:data1\" content=\"4 minutos\" \/>\n<script type=\"application\/ld+json\" class=\"yoast-schema-graph\">{\"@context\":\"https:\\\/\\\/schema.org\",\"@graph\":[{\"@type\":\"WebPage\",\"@id\":\"https:\\\/\\\/ahorn-camp.de\\\/renault-und-ahorn-camp\\\/\",\"url\":\"https:\\\/\\\/ahorn-camp.de\\\/renault-und-ahorn-camp\\\/\",\"name\":\"Renault und Ahorn Camp - Ahorn Camp | Reisemobile und Kastenwagen\",\"isPartOf\":{\"@id\":\"https:\\\/\\\/ahorn-camp.de\\\/#website\"},\"primaryImageOfPage\":{\"@id\":\"https:\\\/\\\/ahorn-camp.de\\\/renault-und-ahorn-camp\\\/#primaryimage\"},\"image\":{\"@id\":\"https:\\\/\\\/ahorn-camp.de\\\/renault-und-ahorn-camp\\\/#primaryimage\"},\"thumbnailUrl\":\"https:\\\/\\\/ahorn-camp.de\\\/wp-content\\\/uploads\\\/2020\\\/05\\\/AhornCamp_Renault_Batilly_Werksbesichtigung-2.jpg\",\"datePublished\":\"2020-05-26T12:26:44+00:00\",\"dateModified\":\"2020-06-25T05:27:57+00:00\",\"description\":\"Ahorn Camp verwendet Renault Master Fahrgestelle seit 2013. Die Gr\u00fcnde hierf\u00fcr waren ganz klar die technischen Vorteile des Renault Masters.\",\"breadcrumb\":{\"@id\":\"https:\\\/\\\/ahorn-camp.de\\\/renault-und-ahorn-camp\\\/#breadcrumb\"},\"inLanguage\":\"es\",\"potentialAction\":[{\"@type\":\"ReadAction\",\"target\":[\"https:\\\/\\\/ahorn-camp.de\\\/renault-und-ahorn-camp\\\/\"]}]},{\"@type\":\"ImageObject\",\"inLanguage\":\"es\",\"@id\":\"https:\\\/\\\/ahorn-camp.de\\\/renault-und-ahorn-camp\\\/#primaryimage\",\"url\":\"https:\\\/\\\/ahorn-camp.de\\\/wp-content\\\/uploads\\\/2020\\\/05\\\/AhornCamp_Renault_Batilly_Werksbesichtigung-2.jpg\",\"contentUrl\":\"https:\\\/\\\/ahorn-camp.de\\\/wp-content\\\/uploads\\\/2020\\\/05\\\/AhornCamp_Renault_Batilly_Werksbesichtigung-2.jpg\"},{\"@type\":\"BreadcrumbList\",\"@id\":\"https:\\\/\\\/ahorn-camp.de\\\/renault-und-ahorn-camp\\\/#breadcrumb\",\"itemListElement\":[{\"@type\":\"ListItem\",\"position\":1,\"name\":\"Startseite\",\"item\":\"https:\\\/\\\/ahorn-camp.de\\\/\"},{\"@type\":\"ListItem\",\"position\":2,\"name\":\"Renault und Ahorn Camp\"}]},{\"@type\":\"WebSite\",\"@id\":\"https:\\\/\\\/ahorn-camp.de\\\/#website\",\"url\":\"https:\\\/\\\/ahorn-camp.de\\\/\",\"name\":\"Ahorn Camp | Reisemobile und Kastenwagen\",\"description\":\"Seit \u00fcber 30 Jahren vermarktet das Familienunternehmen, Ahorn Camp in Speyer, erfolgreich Wohnmobile und Kastenwagen zum besten Preis-Leistungsverh\u00e4ltnis.\",\"publisher\":{\"@id\":\"https:\\\/\\\/ahorn-camp.de\\\/#organization\"},\"potentialAction\":[{\"@type\":\"SearchAction\",\"target\":{\"@type\":\"EntryPoint\",\"urlTemplate\":\"https:\\\/\\\/ahorn-camp.de\\\/?s={search_term_string}\"},\"query-input\":{\"@type\":\"PropertyValueSpecification\",\"valueRequired\":true,\"valueName\":\"search_term_string\"}}],\"inLanguage\":\"es\"},{\"@type\":\"Organization\",\"@id\":\"https:\\\/\\\/ahorn-camp.de\\\/#organization\",\"name\":\"Ahorn Camp GmbH & Co. KG\",\"url\":\"https:\\\/\\\/ahorn-camp.de\\\/\",\"logo\":{\"@type\":\"ImageObject\",\"inLanguage\":\"es\",\"@id\":\"https:\\\/\\\/ahorn-camp.de\\\/#\\\/schema\\\/logo\\\/image\\\/\",\"url\":\"https:\\\/\\\/ahorn-camp.de\\\/wp-content\\\/uploads\\\/2018\\\/12\\\/Ahorn_Logo.jpg\",\"contentUrl\":\"https:\\\/\\\/ahorn-camp.de\\\/wp-content\\\/uploads\\\/2018\\\/12\\\/Ahorn_Logo.jpg\",\"width\":1437,\"height\":1000,\"caption\":\"Ahorn Camp GmbH & Co. KG\"},\"image\":{\"@id\":\"https:\\\/\\\/ahorn-camp.de\\\/#\\\/schema\\\/logo\\\/image\\\/\"},\"sameAs\":[\"https:\\\/\\\/www.facebook.com\\\/ahorn.wohnmobile\\\/\",\"https:\\\/\\\/www.instagram.com\\\/ahorn.camp\\\/\",\"https:\\\/\\\/www.youtube.com\\\/channel\\\/UCPFbPCts1JJ_A1k9vyH0yOQ\"]}]}<\/script>\n<!-- \/ Yoast SEO plugin. -->","yoast_head_json":{"title":"Renault y Ahorn Camp - Ahorn Camp | Autocaravanas y furgonetas camper","description":"Ahorn Camp utiliza chasis Renault Master desde 2013. Las razones para esto fueron claramente las ventajas t\u00e9cnicas del Renault Master.","robots":{"index":"index","follow":"follow","max-snippet":"max-snippet:-1","max-image-preview":"max-image-preview:large","max-video-preview":"max-video-preview:-1"},"canonical":"https:\/\/ahorn-camp.de\/es\/renault-y-ahorn-camp\/","og_locale":"es_ES","og_type":"article","og_title":"Renault und Ahorn Camp - Ahorn Camp | Reisemobile und Kastenwagen","og_description":"Ahorn Camp verwendet Renault Master Fahrgestelle seit 2013. Die Gr\u00fcnde hierf\u00fcr waren ganz klar die technischen Vorteile des Renault Masters.","og_url":"https:\/\/ahorn-camp.de\/es\/renault-y-ahorn-camp\/","og_site_name":"Ahorn Camp | Reisemobile und Kastenwagen","article_publisher":"https:\/\/www.facebook.com\/ahorn.wohnmobile\/","article_modified_time":"2020-06-25T05:27:57+00:00","og_image":[{"url":"https:\/\/ahorn-camp.de\/wp-content\/uploads\/2020\/05\/AhornCamp_Renault_Batilly_Werksbesichtigung-2.jpg","type":"","width":"","height":""}],"twitter_card":"summary_large_image","twitter_misc":{"Tiempo de lectura":"4 minutos"},"schema":{"@context":"https:\/\/schema.org","@graph":[{"@type":"WebPage","@id":"https:\/\/ahorn-camp.de\/renault-und-ahorn-camp\/","url":"https:\/\/ahorn-camp.de\/renault-und-ahorn-camp\/","name":"Renault y Ahorn Camp - Ahorn Camp | Autocaravanas y furgonetas camper","isPartOf":{"@id":"https:\/\/ahorn-camp.de\/#website"},"primaryImageOfPage":{"@id":"https:\/\/ahorn-camp.de\/renault-und-ahorn-camp\/#primaryimage"},"image":{"@id":"https:\/\/ahorn-camp.de\/renault-und-ahorn-camp\/#primaryimage"},"thumbnailUrl":"https:\/\/ahorn-camp.de\/wp-content\/uploads\/2020\/05\/AhornCamp_Renault_Batilly_Werksbesichtigung-2.jpg","datePublished":"2020-05-26T12:26:44+00:00","dateModified":"2020-06-25T05:27:57+00:00","description":"Ahorn Camp utiliza chasis Renault Master desde 2013. Las razones para esto fueron claramente las ventajas t\u00e9cnicas del Renault Master.","breadcrumb":{"@id":"https:\/\/ahorn-camp.de\/renault-und-ahorn-camp\/#breadcrumb"},"inLanguage":"es","potentialAction":[{"@type":"ReadAction","target":["https:\/\/ahorn-camp.de\/renault-und-ahorn-camp\/"]}]},{"@type":"ImageObject","inLanguage":"es","@id":"https:\/\/ahorn-camp.de\/renault-und-ahorn-camp\/#primaryimage","url":"https:\/\/ahorn-camp.de\/wp-content\/uploads\/2020\/05\/AhornCamp_Renault_Batilly_Werksbesichtigung-2.jpg","contentUrl":"https:\/\/ahorn-camp.de\/wp-content\/uploads\/2020\/05\/AhornCamp_Renault_Batilly_Werksbesichtigung-2.jpg"},{"@type":"BreadcrumbList","@id":"https:\/\/ahorn-camp.de\/renault-und-ahorn-camp\/#breadcrumb","itemListElement":[{"@type":"ListItem","position":1,"name":"Startseite","item":"https:\/\/ahorn-camp.de\/"},{"@type":"ListItem","position":2,"name":"Renault und Ahorn Camp"}]},{"@type":"WebSite","@id":"https:\/\/ahorn-camp.de\/#website","url":"https:\/\/ahorn-camp.de\/","name":"Ahorn Camp | Autocaravanas y furgonetas camper","description":"Desde hace m\u00e1s de 30 a\u00f1os, la empresa familiar, Ahorn Camp en Speyer, comercializa con \u00e9xito caravanas y furgonetas camper a la mejor relaci\u00f3n calidad-precio.","publisher":{"@id":"https:\/\/ahorn-camp.de\/#organization"},"potentialAction":[{"@type":"SearchAction","target":{"@type":"EntryPoint","urlTemplate":"https:\/\/ahorn-camp.de\/?s={search_term_string}"},"query-input":{"@type":"PropertyValueSpecification","valueRequired":true,"valueName":"search_term_string"}}],"inLanguage":"es"},{"@type":"Organization","@id":"https:\/\/ahorn-camp.de\/#organization","name":"Ahorn Camp GmbH &amp; Co. KG","url":"https:\/\/ahorn-camp.de\/","logo":{"@type":"ImageObject","inLanguage":"es","@id":"https:\/\/ahorn-camp.de\/#\/schema\/logo\/image\/","url":"https:\/\/ahorn-camp.de\/wp-content\/uploads\/2018\/12\/Ahorn_Logo.jpg","contentUrl":"https:\/\/ahorn-camp.de\/wp-content\/uploads\/2018\/12\/Ahorn_Logo.jpg","width":1437,"height":1000,"caption":"Ahorn Camp GmbH & Co. KG"},"image":{"@id":"https:\/\/ahorn-camp.de\/#\/schema\/logo\/image\/"},"sameAs":["https:\/\/www.facebook.com\/ahorn.wohnmobile\/","https:\/\/www.instagram.com\/ahorn.camp\/","https:\/\/www.youtube.com\/channel\/UCPFbPCts1JJ_A1k9vyH0yOQ"]}]}},"_links":{"self":[{"href":"https:\/\/ahorn-camp.de\/es\/wp-json\/wp\/v2\/pages\/6360","targetHints":{"allow":["GET"]}}],"collection":[{"href":"https:\/\/ahorn-camp.de\/es\/wp-json\/wp\/v2\/pages"}],"about":[{"href":"https:\/\/ahorn-camp.de\/es\/wp-json\/wp\/v2\/types\/page"}],"author":[{"embeddable":true,"href":"https:\/\/ahorn-camp.de\/es\/wp-json\/wp\/v2\/users\/2"}],"replies":[{"embeddable":true,"href":"https:\/\/ahorn-camp.de\/es\/wp-json\/wp\/v2\/comments?post=6360"}],"version-history":[{"count":0,"href":"https:\/\/ahorn-camp.de\/es\/wp-json\/wp\/v2\/pages\/6360\/revisions"}],"wp:attachment":[{"href":"https:\/\/ahorn-camp.de\/es\/wp-json\/wp\/v2\/media?parent=6360"}],"curies":[{"name":"wp","href":"https:\/\/api.w.org\/{rel}","templated":true}]}}