{"id":2350,"date":"2019-08-22T15:12:14","date_gmt":"2019-08-22T13:12:14","guid":{"rendered":"https:\/\/ahorn-camp.de\/?page_id=2350"},"modified":"2023-11-02T14:04:35","modified_gmt":"2023-11-02T13:04:35","slug":"imprimir","status":"publish","type":"page","link":"https:\/\/ahorn-camp.de\/es\/impressum\/","title":{"rendered":"Aviso legal"},"content":{"rendered":"<div class=\"wpb-content-wrapper\"><div class=\"vc_row wpb_row vc_row-fluid\"><div class=\"wpb_column vc_column_container vc_col-sm-12\"><div class=\"vc_column-inner\"><div class=\"wpb_wrapper\"><div class=\"vc_row wpb_row vc_inner vc_row-fluid\"><div class=\"wpb_column vc_column_container vc_col-sm-12\"><div class=\"vc_column-inner\"><div class=\"wpb_wrapper\">\n\t<div class=\"wpb_text_column wpb_content_element\" >\n\t\t<div class=\"wpb_wrapper\">\n\t\t\t<h1>Aviso legal<\/h1>\n<h2>Informaci\u00f3n general seg\u00fan \u00a7 5 Ley de Medios Electr\u00f3nicos<\/h2>\n\n\t\t<\/div>\n\t<\/div>\n<\/div><\/div><\/div><\/div><\/div><\/div><\/div><\/div><div data-vc-full-width=\"true\" data-vc-full-width-temp=\"true\" data-vc-full-width-init=\"false\" class=\"vc_row wpb_row vc_row-fluid\"><div class=\"wpb_column vc_column_container vc_col-sm-12\"><div class=\"vc_column-inner\"><div class=\"wpb_wrapper\"><div class=\"vc_row wpb_row vc_inner vc_row-fluid\"><div class=\"wpb_column vc_column_container vc_col-sm-4\"><div class=\"vc_column-inner\"><div class=\"wpb_wrapper\">\n\t<div class=\"wpb_text_column wpb_content_element\" >\n\t\t<div class=\"wpb_wrapper\">\n\t\t\t<p><strong>Direcci\u00f3n<\/strong><\/p>\n<p>Ahorn Camp GmbH<br \/>\nFranz-Kirrmeier-Stra\u00dfe 8<br \/>\n67346 Espira<\/p>\n<p>Directores Gerentes: Alexander Reichmann, Franziska Reichmann<br \/>\n\u200b<br \/>\nKontakt: Ahorn Camp GmbH<br \/>\nTel\u00e9fono: 06232 10028 0<br \/>\nCorreo electr\u00f3nico: info@ahorn-camp.de<br \/>\n\u200b<br \/>\nEntrada en el registro mercantil.<br \/>\nRegistro: Tribunal de Ludwigshafen\/Rin<br \/>\nN\u00famero de registro: HRB <span class=\"fontstyle0\">67928<\/span><br \/>\nN\u00famero de identificaci\u00f3n a efectos del IVA<br \/>\nseg\u00fan el \u00a727 a de la ley del impuesto sobre el valor a\u00f1adido: DE 183263857<br \/>\n\u200b<br \/>\nAviso de resoluci\u00f3n de litigios de la UE<br \/>\nLa Comisi\u00f3n Europea ofrece una plataforma de resoluci\u00f3n de litigios en l\u00ednea (RLL): <a href=\"http:\/\/ec.europa.eu\/consumers\/odr\">http:\/\/ec.europa.eu\/consumers\/odr<\/a><\/p>\n\n\t\t<\/div>\n\t<\/div>\n\n\t<div class=\"wpb_text_column wpb_content_element\" >\n\t\t<div class=\"wpb_wrapper\">\n\t\t\t<p><strong>Mantenimiento y cuidado t\u00e9cnico<\/strong><\/p>\n<p><a href=\"https:\/\/www.webdesign-helden.de\"><img decoding=\"async\" class=\"alignnone wp-image-304 size-medium\" src=\"https:\/\/ahorn-camp.de\/wp-content\/uploads\/2022\/11\/cropped-Logo-Webdesign-Helden-Neu.png\" alt=\"\" width=\"300\" height=\"68\" \/><\/a><\/p>\n<p>Dise\u00f1o web H\u00e9roes<br \/>\nChausseestr. 86<br \/>\n10115 Berl\u00edn<\/p>\n<p>Tel.: 030 286 961 30<br \/>\nCorreo electr\u00f3nico: service@webdesign-helden.de<br \/>\nInternet <a href=\"https:\/\/www.webdesign-helden.de\/wordpress-wartungsvertrag\/\" target=\"_blank\" rel=\"noopener noreferrer\">webdesign-helden.de<\/a><\/p>\n\n\t\t<\/div>\n\t<\/div>\n<\/div><\/div><\/div><div class=\"wpb_column vc_column_container vc_col-sm-8\"><div class=\"vc_column-inner\"><div class=\"wpb_wrapper\">\n\t<div class=\"wpb_text_column wpb_content_element\" >\n\t\t<div class=\"wpb_wrapper\">\n\t\t\t<p><strong>Aviso legal:<\/strong><\/p>\n<p><strong>1. Contenido de la oferta en l\u00ednea<\/strong><\/p>\n<p>El autor no garantiza la actualidad, correcci\u00f3n, exhaustividad o calidad de la informaci\u00f3n proporcionada. Se excluyen fundamentalmente las reclamaciones de responsabilidad contra el autor relacionadas con da\u00f1os materiales o inmateriales que se hayan producido por el uso o no uso de la informaci\u00f3n presentada, o por el uso de informaci\u00f3n err\u00f3nea o incompleta, a menos que haya existido culpa intencionada o negligencia grave demostrable por parte del autor. Todas las ofertas son sin compromiso y no vinculantes. El autor se reserva expresamente el derecho de modificar, complementar o eliminar partes de las p\u00e1ginas o la oferta completa sin previo aviso, o de suspender la publicaci\u00f3n temporal o permanentemente.<\/p>\n<p><strong>2. Referencias y enlaces<\/strong><\/p>\n<p>En el caso de referencias directas o indirectas a p\u00e1ginas web externas (\u201cenlaces\u201d) que se encuentren fuera del \u00e1mbito de responsabilidad del autor, s\u00f3lo entrar\u00eda en vigor una obligaci\u00f3n de responsabilidad si el autor tuviera conocimiento de los contenidos y le fuera t\u00e9cnicamente posible y razonable impedir el uso en caso de contenidos ilegales. Por ello, el autor declara expresamente que las p\u00e1ginas enlazadas estaban libres de contenidos ilegales en el momento en que se crearon los enlaces. El autor no tiene ning\u00fan tipo de influencia sobre el dise\u00f1o y los contenidos actuales y futuros de las p\u00e1ginas enlazadas. Por ello, el autor se distancia expresamente de todos los contenidos de todas las p\u00e1ginas enlazadas que hayan sido modificados despu\u00e9s de la creaci\u00f3n del enlace. Esta declaraci\u00f3n se aplica a todos los enlaces y referencias establecidos dentro de la propia p\u00e1gina web del autor, as\u00ed como a las entradas de terceros en libros de visitas, foros de discusi\u00f3n y listas de correo creados por el autor. La responsabilidad por contenidos ilegales, incorrectos o incompletos y, en particular, por los da\u00f1os derivados del uso o no uso de dicha informaci\u00f3n recae exclusivamente en el proveedor de la p\u00e1gina a la que se hace referencia, no en la persona que simplemente remite a la publicaci\u00f3n respectiva a trav\u00e9s de enlaces.<\/p>\n<p><strong>3. Derechos de autor y de marca<\/strong><\/p>\n<p>El autor se esfuerza por respetar los derechos de autor de los gr\u00e1ficos, documentos sonoros, secuencias de v\u00eddeo y textos utilizados en todas las publicaciones, por utilizar gr\u00e1ficos, documentos sonoros, secuencias de v\u00eddeo y textos creados por \u00e9l mismo o por hacer uso de gr\u00e1ficos, documentos sonoros, secuencias de v\u00eddeo y textos libres de licencia. Todas las marcas y marcas comerciales mencionadas en el sitio web y eventualmente protegidas por terceros est\u00e1n sujetas sin restricciones a las disposiciones del derecho de marcas aplicable y a los derechos de propiedad de los respectivos propietarios registrados. La mera menci\u00f3n de una marca no implica que no est\u00e9 protegida por derechos de terceros. Los derechos de autor de los objetos publicados y creados por el propio autor pertenecen exclusivamente al autor de las p\u00e1ginas. Queda prohibida la reproducci\u00f3n o utilizaci\u00f3n de objetos como diagramas, sonidos o textos en otras publicaciones electr\u00f3nicas o impresas sin el consentimiento del autor.<\/p>\n<p><strong>Eficacia jur\u00eddica de esta exoneraci\u00f3n de responsabilidad<\/strong><\/p>\n<p>Este descargo de responsabilidad debe considerarse como parte de la oferta de Internet desde la que se enlaz\u00f3 a esta p\u00e1gina. Siempre que partes o formulaciones individuales de este texto no se ajusten, ya no se ajusten o no se ajusten completamente a la situaci\u00f3n legal actual, el resto del documento no se ver\u00e1 afectado en cuanto a su contenido y validez.<\/p>\n\n\t\t<\/div>\n\t<\/div>\n<\/div><\/div><\/div><\/div><\/div><\/div><\/div><\/div><div class=\"vc_row-full-width vc_clearfix\"><\/div><div class=\"vc_row wpb_row vc_row-fluid\"><div class=\"wpb_column vc_column_container vc_col-sm-12\"><div class=\"vc_column-inner\"><div class=\"wpb_wrapper\">\n\t<div class=\"wpb_text_column wpb_content_element\" >\n\t\t<div class=\"wpb_wrapper\">\n\t\t\t<div class=\"woocommerce woocommerce-gzd woocommerce-gzd-complaints-shortcode\">\n\t\t\t<h3>Alternative Dispute Resolution in accordance with Art. 14 (1) ODR-VO and \u00a7 36 VSBG:<\/h3>\n\t\nNo estamos obligados ni dispuestos a participar en un procedimiento de resoluci\u00f3n de disputas ante un organismo de conciliaci\u00f3n de consumidores.<\/div>\n\n\t\t<\/div>\n\t<\/div>\n<\/div><\/div><\/div><\/div>\n<\/div>","protected":false},"excerpt":{"rendered":"Impressum Allgemeine Informationen nach \u00a7 5 Telemediengesetz Anschrift Ahorn Camp GmbH Franz-Kirrmeier-Stra\u00dfe 8 67346 Speyer Gesch\u00e4ftsf\u00fchrer: Alexander Reichmann, Franziska Reichmann \u200b Kontakt: Ahorn Camp GmbH Telefon: 06232 10028 0 E-Mail: info@ahorn-camp.de \u200b Registereintrag: Eintragung im Handelsregister. Registergericht: AG.Ludwigshafen\/Rhein Registernummer: HRB 67928 Umsatzsteuer-Identifikationsnummer gem\u00e4\u00df \u00a727 a Umsatzsteuergesetz: DE 183263857 \u200b Hinweis auf EU-Streitschlichtung Die Europ\u00e4ische Kommission [...]","protected":false},"author":2,"featured_media":0,"parent":0,"menu_order":70,"comment_status":"closed","ping_status":"closed","template":"","meta":{"content-type":"","footnotes":""},"class_list":["post-2350","page","type-page","status-publish","hentry"],"yoast_head":"<!-- This site is optimized with the Yoast SEO plugin v27.5 - https:\/\/yoast.com\/product\/yoast-seo-wordpress\/ -->\n<title>Impressum - Ahorn Camp | Reisemobile und Kastenwagen<\/title>\n<meta name=\"robots\" content=\"noindex, nofollow\" \/>\n<meta property=\"og:locale\" content=\"es_ES\" \/>\n<meta property=\"og:type\" content=\"article\" \/>\n<meta property=\"og:title\" content=\"Impressum - Ahorn Camp | Reisemobile und Kastenwagen\" \/>\n<meta property=\"og:url\" content=\"https:\/\/ahorn-camp.de\/es\/imprimir\/\" \/>\n<meta property=\"og:site_name\" content=\"Ahorn Camp | Reisemobile und Kastenwagen\" \/>\n<meta property=\"article:publisher\" content=\"https:\/\/www.facebook.com\/ahorn.wohnmobile\/\" \/>\n<meta property=\"article:modified_time\" content=\"2023-11-02T13:04:35+00:00\" \/>\n<meta property=\"og:image\" content=\"https:\/\/ahorn-camp.de\/wp-content\/uploads\/2022\/11\/cropped-Logo-Webdesign-Helden-Neu.png\" \/>\n<meta name=\"twitter:card\" content=\"summary_large_image\" \/>\n<meta name=\"twitter:label1\" content=\"Tiempo de lectura\" \/>\n\t<meta name=\"twitter:data1\" content=\"4 minutos\" \/>\n<script type=\"application\/ld+json\" class=\"yoast-schema-graph\">{\"@context\":\"https:\\\/\\\/schema.org\",\"@graph\":[{\"@type\":\"WebPage\",\"@id\":\"https:\\\/\\\/ahorn-camp.de\\\/impressum\\\/\",\"url\":\"https:\\\/\\\/ahorn-camp.de\\\/impressum\\\/\",\"name\":\"Impressum - Ahorn Camp | Reisemobile und Kastenwagen\",\"isPartOf\":{\"@id\":\"https:\\\/\\\/ahorn-camp.de\\\/#website\"},\"primaryImageOfPage\":{\"@id\":\"https:\\\/\\\/ahorn-camp.de\\\/impressum\\\/#primaryimage\"},\"image\":{\"@id\":\"https:\\\/\\\/ahorn-camp.de\\\/impressum\\\/#primaryimage\"},\"thumbnailUrl\":\"https:\\\/\\\/ahorn-camp.de\\\/wp-content\\\/uploads\\\/2022\\\/11\\\/cropped-Logo-Webdesign-Helden-Neu.png\",\"datePublished\":\"2019-08-22T13:12:14+00:00\",\"dateModified\":\"2023-11-02T13:04:35+00:00\",\"breadcrumb\":{\"@id\":\"https:\\\/\\\/ahorn-camp.de\\\/impressum\\\/#breadcrumb\"},\"inLanguage\":\"es\",\"potentialAction\":[{\"@type\":\"ReadAction\",\"target\":[\"https:\\\/\\\/ahorn-camp.de\\\/impressum\\\/\"]}]},{\"@type\":\"ImageObject\",\"inLanguage\":\"es\",\"@id\":\"https:\\\/\\\/ahorn-camp.de\\\/impressum\\\/#primaryimage\",\"url\":\"https:\\\/\\\/ahorn-camp.de\\\/wp-content\\\/uploads\\\/2022\\\/11\\\/cropped-Logo-Webdesign-Helden-Neu.png\",\"contentUrl\":\"https:\\\/\\\/ahorn-camp.de\\\/wp-content\\\/uploads\\\/2022\\\/11\\\/cropped-Logo-Webdesign-Helden-Neu.png\"},{\"@type\":\"BreadcrumbList\",\"@id\":\"https:\\\/\\\/ahorn-camp.de\\\/impressum\\\/#breadcrumb\",\"itemListElement\":[{\"@type\":\"ListItem\",\"position\":1,\"name\":\"Startseite\",\"item\":\"https:\\\/\\\/ahorn-camp.de\\\/\"},{\"@type\":\"ListItem\",\"position\":2,\"name\":\"Impressum\"}]},{\"@type\":\"WebSite\",\"@id\":\"https:\\\/\\\/ahorn-camp.de\\\/#website\",\"url\":\"https:\\\/\\\/ahorn-camp.de\\\/\",\"name\":\"Ahorn Camp | Reisemobile und Kastenwagen\",\"description\":\"Seit \u00fcber 30 Jahren vermarktet das Familienunternehmen, Ahorn Camp in Speyer, erfolgreich Wohnmobile und Kastenwagen zum besten Preis-Leistungsverh\u00e4ltnis.\",\"publisher\":{\"@id\":\"https:\\\/\\\/ahorn-camp.de\\\/#organization\"},\"potentialAction\":[{\"@type\":\"SearchAction\",\"target\":{\"@type\":\"EntryPoint\",\"urlTemplate\":\"https:\\\/\\\/ahorn-camp.de\\\/?s={search_term_string}\"},\"query-input\":{\"@type\":\"PropertyValueSpecification\",\"valueRequired\":true,\"valueName\":\"search_term_string\"}}],\"inLanguage\":\"es\"},{\"@type\":\"Organization\",\"@id\":\"https:\\\/\\\/ahorn-camp.de\\\/#organization\",\"name\":\"Ahorn Camp GmbH & Co. KG\",\"url\":\"https:\\\/\\\/ahorn-camp.de\\\/\",\"logo\":{\"@type\":\"ImageObject\",\"inLanguage\":\"es\",\"@id\":\"https:\\\/\\\/ahorn-camp.de\\\/#\\\/schema\\\/logo\\\/image\\\/\",\"url\":\"https:\\\/\\\/ahorn-camp.de\\\/wp-content\\\/uploads\\\/2018\\\/12\\\/Ahorn_Logo.jpg\",\"contentUrl\":\"https:\\\/\\\/ahorn-camp.de\\\/wp-content\\\/uploads\\\/2018\\\/12\\\/Ahorn_Logo.jpg\",\"width\":1437,\"height\":1000,\"caption\":\"Ahorn Camp GmbH & Co. KG\"},\"image\":{\"@id\":\"https:\\\/\\\/ahorn-camp.de\\\/#\\\/schema\\\/logo\\\/image\\\/\"},\"sameAs\":[\"https:\\\/\\\/www.facebook.com\\\/ahorn.wohnmobile\\\/\",\"https:\\\/\\\/www.instagram.com\\\/ahorn.camp\\\/\",\"https:\\\/\\\/www.youtube.com\\\/channel\\\/UCPFbPCts1JJ_A1k9vyH0yOQ\"]}]}<\/script>\n<!-- \/ Yoast SEO plugin. -->","yoast_head_json":{"title":"Impresi\u00f3n - Ahorn Camp | Autocaravanas y furgonetas camper","robots":{"index":"noindex","follow":"nofollow"},"og_locale":"es_ES","og_type":"article","og_title":"Impressum - Ahorn Camp | Reisemobile und Kastenwagen","og_url":"https:\/\/ahorn-camp.de\/es\/imprimir\/","og_site_name":"Ahorn Camp | Reisemobile und Kastenwagen","article_publisher":"https:\/\/www.facebook.com\/ahorn.wohnmobile\/","article_modified_time":"2023-11-02T13:04:35+00:00","og_image":[{"url":"https:\/\/ahorn-camp.de\/wp-content\/uploads\/2022\/11\/cropped-Logo-Webdesign-Helden-Neu.png","type":"","width":"","height":""}],"twitter_card":"summary_large_image","twitter_misc":{"Tiempo de lectura":"4 minutos"},"schema":{"@context":"https:\/\/schema.org","@graph":[{"@type":"WebPage","@id":"https:\/\/ahorn-camp.de\/impressum\/","url":"https:\/\/ahorn-camp.de\/impressum\/","name":"Impresi\u00f3n - Ahorn Camp | Autocaravanas y furgonetas camper","isPartOf":{"@id":"https:\/\/ahorn-camp.de\/#website"},"primaryImageOfPage":{"@id":"https:\/\/ahorn-camp.de\/impressum\/#primaryimage"},"image":{"@id":"https:\/\/ahorn-camp.de\/impressum\/#primaryimage"},"thumbnailUrl":"https:\/\/ahorn-camp.de\/wp-content\/uploads\/2022\/11\/cropped-Logo-Webdesign-Helden-Neu.png","datePublished":"2019-08-22T13:12:14+00:00","dateModified":"2023-11-02T13:04:35+00:00","breadcrumb":{"@id":"https:\/\/ahorn-camp.de\/impressum\/#breadcrumb"},"inLanguage":"es","potentialAction":[{"@type":"ReadAction","target":["https:\/\/ahorn-camp.de\/impressum\/"]}]},{"@type":"ImageObject","inLanguage":"es","@id":"https:\/\/ahorn-camp.de\/impressum\/#primaryimage","url":"https:\/\/ahorn-camp.de\/wp-content\/uploads\/2022\/11\/cropped-Logo-Webdesign-Helden-Neu.png","contentUrl":"https:\/\/ahorn-camp.de\/wp-content\/uploads\/2022\/11\/cropped-Logo-Webdesign-Helden-Neu.png"},{"@type":"BreadcrumbList","@id":"https:\/\/ahorn-camp.de\/impressum\/#breadcrumb","itemListElement":[{"@type":"ListItem","position":1,"name":"Startseite","item":"https:\/\/ahorn-camp.de\/"},{"@type":"ListItem","position":2,"name":"Impressum"}]},{"@type":"WebSite","@id":"https:\/\/ahorn-camp.de\/#website","url":"https:\/\/ahorn-camp.de\/","name":"Ahorn Camp | Autocaravanas y furgonetas camper","description":"Desde hace m\u00e1s de 30 a\u00f1os, la empresa familiar, Ahorn Camp en Speyer, comercializa con \u00e9xito caravanas y furgonetas camper a la mejor relaci\u00f3n calidad-precio.","publisher":{"@id":"https:\/\/ahorn-camp.de\/#organization"},"potentialAction":[{"@type":"SearchAction","target":{"@type":"EntryPoint","urlTemplate":"https:\/\/ahorn-camp.de\/?s={search_term_string}"},"query-input":{"@type":"PropertyValueSpecification","valueRequired":true,"valueName":"search_term_string"}}],"inLanguage":"es"},{"@type":"Organization","@id":"https:\/\/ahorn-camp.de\/#organization","name":"Ahorn Camp GmbH &amp; Co. KG","url":"https:\/\/ahorn-camp.de\/","logo":{"@type":"ImageObject","inLanguage":"es","@id":"https:\/\/ahorn-camp.de\/#\/schema\/logo\/image\/","url":"https:\/\/ahorn-camp.de\/wp-content\/uploads\/2018\/12\/Ahorn_Logo.jpg","contentUrl":"https:\/\/ahorn-camp.de\/wp-content\/uploads\/2018\/12\/Ahorn_Logo.jpg","width":1437,"height":1000,"caption":"Ahorn Camp GmbH & Co. KG"},"image":{"@id":"https:\/\/ahorn-camp.de\/#\/schema\/logo\/image\/"},"sameAs":["https:\/\/www.facebook.com\/ahorn.wohnmobile\/","https:\/\/www.instagram.com\/ahorn.camp\/","https:\/\/www.youtube.com\/channel\/UCPFbPCts1JJ_A1k9vyH0yOQ"]}]}},"_links":{"self":[{"href":"https:\/\/ahorn-camp.de\/es\/wp-json\/wp\/v2\/pages\/2350","targetHints":{"allow":["GET"]}}],"collection":[{"href":"https:\/\/ahorn-camp.de\/es\/wp-json\/wp\/v2\/pages"}],"about":[{"href":"https:\/\/ahorn-camp.de\/es\/wp-json\/wp\/v2\/types\/page"}],"author":[{"embeddable":true,"href":"https:\/\/ahorn-camp.de\/es\/wp-json\/wp\/v2\/users\/2"}],"replies":[{"embeddable":true,"href":"https:\/\/ahorn-camp.de\/es\/wp-json\/wp\/v2\/comments?post=2350"}],"version-history":[{"count":0,"href":"https:\/\/ahorn-camp.de\/es\/wp-json\/wp\/v2\/pages\/2350\/revisions"}],"wp:attachment":[{"href":"https:\/\/ahorn-camp.de\/es\/wp-json\/wp\/v2\/media?parent=2350"}],"curies":[{"name":"wp","href":"https:\/\/api.w.org\/{rel}","templated":true}]}}