{"id":10624,"date":"2021-01-27T17:14:47","date_gmt":"2021-01-27T16:14:47","guid":{"rendered":"https:\/\/ahorn-camp.de\/?page_id=10624"},"modified":"2024-02-23T09:14:28","modified_gmt":"2024-02-23T08:14:28","slug":"recomendar","status":"publish","type":"page","link":"https:\/\/ahorn-camp.de\/es\/empfehlen\/","title":{"rendered":"Amigos del arce en busca de patrocinadores"},"content":{"rendered":"<div class=\"wpb-content-wrapper\"><div class=\"vc_row wpb_row vc_row-fluid\"><div class=\"wpb_column vc_column_container vc_col-sm-6\"><div class=\"vc_column-inner\"><div class=\"wpb_wrapper\">\n\t<div class=\"wpb_text_column wpb_content_element\" >\n\t\t<div class=\"wpb_wrapper\">\n\t\t\t<h4>Freunde werben und 300\u20ac Service-Gutschein sichern!<\/h4>\n<p>Sie sind zufrieden mit uns und Ihrem Ahorn Camp Reisemobil? Das freut uns!<\/p>\n<p>Dann empfehlen Sie uns doch gerne weiter. An Freunde, Familie oder Bekannte.<\/p>\n<p>Vielleicht sucht ja gerade jemand in Ihrem Umkreis nach einem neuen Reisemobil oder m\u00f6chte auf eine nachhaltigere Alternative wie das Campen mit dem Wohnmobil umsteigen. Empfehlen Sie uns weiter und profitieren Sie doppelt. Denn weiterempfehlen lohnt sich bei Ahorn Camp f\u00fcr beide Seiten. Garantiert!<\/p>\n<p>Als Dankesch\u00f6n erhalten nicht nur Sie einen Service-Gutschein \u00fcber 300\u20ac sondern auch der Neukunde geht nicht leer aus. Dieser wird bei der Auslieferung mit einem exklusiven Geschenk honoriert. Eine Win-Win Situation sozusagen.<\/p>\n<p>Weiterempfehlen: Wie geht das? Ganz einfach.<\/p>\n\n\t\t<\/div>\n\t<\/div>\n<\/div><\/div><\/div><div class=\"wpb_column vc_column_container vc_col-sm-6\"><div class=\"vc_column-inner\"><div class=\"wpb_wrapper\">\n\t<div  class=\"wpb_single_image wpb_content_element vc_align_left wpb_content_element\">\n\t\t\n\t\t<figure class=\"wpb_wrapper vc_figure\">\n\t\t\t<div class=\"vc_single_image-wrapper   vc_box_border_grey\"><img fetchpriority=\"high\" decoding=\"async\" width=\"1024\" height=\"683\" src=\"https:\/\/ahorn-camp.de\/wp-content\/uploads\/2021\/03\/AhornCamp_VanCity99-1024x683.jpg\" class=\"vc_single_image-img attachment-large\" alt=\"Freunden Ahorn Camp empfehlen\" title=\"AhornCamp_VanCity99\" srcset=\"https:\/\/ahorn-camp.de\/wp-content\/uploads\/2021\/03\/AhornCamp_VanCity99-1024x683.jpg 1024w, https:\/\/ahorn-camp.de\/wp-content\/uploads\/2021\/03\/AhornCamp_VanCity99-300x200.jpg 300w, https:\/\/ahorn-camp.de\/wp-content\/uploads\/2021\/03\/AhornCamp_VanCity99-768x512.jpg 768w, https:\/\/ahorn-camp.de\/wp-content\/uploads\/2021\/03\/AhornCamp_VanCity99-800x534.jpg 800w, https:\/\/ahorn-camp.de\/wp-content\/uploads\/2021\/03\/AhornCamp_VanCity99-1536x1024.jpg 1536w, https:\/\/ahorn-camp.de\/wp-content\/uploads\/2021\/03\/AhornCamp_VanCity99-2048x1366.jpg 2048w\" sizes=\"(max-width: 1024px) 100vw, 1024px\" \/><\/div>\n\t\t<\/figure>\n\t<\/div>\n<\/div><\/div><\/div><\/div><div class=\"vc_row wpb_row vc_row-fluid\"><div class=\"wpb_column vc_column_container vc_col-sm-12\"><div class=\"vc_column-inner\"><div class=\"wpb_wrapper\">\n\t<div  class=\"wpb_single_image wpb_content_element vc_align_left wpb_content_element\">\n\t\t\n\t\t<figure class=\"wpb_wrapper vc_figure\">\n\t\t\t<div class=\"vc_single_image-wrapper   vc_box_border_grey\"><img decoding=\"async\" width=\"792\" height=\"372\" src=\"https:\/\/ahorn-camp.de\/wp-content\/uploads\/2021\/03\/formular_51594992-2-e1616670273595.png\" class=\"vc_single_image-img attachment-large\" alt=\"\" title=\"formular_51594992-2\" srcset=\"https:\/\/ahorn-camp.de\/wp-content\/uploads\/2021\/03\/formular_51594992-2-e1616670273595.png 792w, https:\/\/ahorn-camp.de\/wp-content\/uploads\/2021\/03\/formular_51594992-2-e1616670273595-300x141.png 300w, https:\/\/ahorn-camp.de\/wp-content\/uploads\/2021\/03\/formular_51594992-2-e1616670273595-768x361.png 768w\" sizes=\"(max-width: 792px) 100vw, 792px\" \/><\/div>\n\t\t<\/figure>\n\t<\/div>\n<\/div><\/div><\/div><\/div><div class=\"vc_row wpb_row vc_row-fluid\"><div class=\"wpb_column vc_column_container vc_col-sm-12\"><div class=\"vc_column-inner\"><div class=\"wpb_wrapper\">\n\t<div class=\"wpb_text_column wpb_content_element\" >\n\t\t<div class=\"wpb_wrapper\">\n\t\t\t<h2>Schritt 1<\/h2>\n\n\t\t<\/div>\n\t<\/div>\n<div class=\"wpforms-container wpforms-container-full\" id=\"wpforms-10295\"><form id=\"wpforms-form-10295\" class=\"wpforms-validate wpforms-form\" data-formid=\"10295\" method=\"post\" enctype=\"multipart\/form-data\" action=\"\/es\/wp-json\/wp\/v2\/pages\/10624\" data-token=\"2e787ce34f0408145aeacce14ab6650e\" data-token-time=\"1777431356\"><noscript class=\"wpforms-error-noscript\">Por favor, activa JavaScript en tu navegador para completar este formulario.<\/noscript><div class=\"wpforms-field-container\"><div id=\"wpforms-10295-field_0-container\" class=\"wpforms-field wpforms-field-name\" data-field-id=\"0\"><label class=\"wpforms-field-label\">Ihr Name <span class=\"wpforms-required-label\">*<\/span><\/label><div class=\"wpforms-field-row wpforms-field-medium\"><div class=\"wpforms-field-row-block wpforms-first wpforms-one-half\"><input type=\"text\" id=\"wpforms-10295-field_0\" class=\"wpforms-field-name-first wpforms-field-required\" name=\"wpforms[fields][0][first]\" required><label for=\"wpforms-10295-field_0\" class=\"wpforms-field-sublabel after\">Nombre<\/label><\/div><div class=\"wpforms-field-row-block wpforms-one-half\"><input type=\"text\" id=\"wpforms-10295-field_0-last\" class=\"wpforms-field-name-last wpforms-field-required\" name=\"wpforms[fields][0][last]\" required><label for=\"wpforms-10295-field_0-last\" class=\"wpforms-field-sublabel after\">Apellidos<\/label><\/div><\/div><\/div><div id=\"wpforms-10295-field_1-container\" class=\"wpforms-field wpforms-field-email\" data-field-id=\"1\"><label class=\"wpforms-field-label\" for=\"wpforms-10295-field_1\">Ihre E-Mail Adresse <span class=\"wpforms-required-label\">*<\/span><\/label><input type=\"email\" id=\"wpforms-10295-field_1\" class=\"wpforms-field-medium wpforms-field-required\" name=\"wpforms[fields][1]\" spellcheck=\"false\" required><\/div><div id=\"wpforms-10295-field_5-container\" class=\"wpforms-field wpforms-field-number\" data-field-id=\"5\"><label class=\"wpforms-field-label\" for=\"wpforms-10295-field_5\">Ihre Vertragsnummer <span class=\"wpforms-required-label\">*<\/span><\/label><input type=\"number\" id=\"wpforms-10295-field_5\" class=\"wpforms-field-medium wpforms-field-required\" name=\"wpforms[fields][5]\" step=\"any\" required><\/div><div id=\"wpforms-10295-field_14-container\" class=\"wpforms-field wpforms-field-phone\" data-field-id=\"14\"><label class=\"wpforms-field-label\" for=\"wpforms-10295-field_14\">Ihre Telefonnummer <span class=\"wpforms-required-label\">*<\/span><\/label><input type=\"tel\" id=\"wpforms-10295-field_14\" class=\"wpforms-field-medium wpforms-field-required\" data-rule-int-phone-field=\"true\" name=\"wpforms[fields][14]\" aria-label=\"Ihre Telefonnummer\" required><\/div><div id=\"wpforms-10295-field_12-container\" class=\"wpforms-field wpforms-field-name\" data-field-id=\"12\"><label class=\"wpforms-field-label\">Angeworbene Person <span class=\"wpforms-required-label\">*<\/span><\/label><div class=\"wpforms-field-row wpforms-field-medium\"><div class=\"wpforms-field-row-block wpforms-first wpforms-one-half\"><input type=\"text\" id=\"wpforms-10295-field_12\" class=\"wpforms-field-name-first wpforms-field-required\" name=\"wpforms[fields][12][first]\" required><label for=\"wpforms-10295-field_12\" class=\"wpforms-field-sublabel after\">Nombre<\/label><\/div><div class=\"wpforms-field-row-block wpforms-one-half\"><input type=\"text\" id=\"wpforms-10295-field_12-last\" class=\"wpforms-field-name-last wpforms-field-required\" name=\"wpforms[fields][12][last]\" required><label for=\"wpforms-10295-field_12-last\" class=\"wpforms-field-sublabel after\">Apellidos<\/label><\/div><\/div><\/div><div id=\"wpforms-10295-field_6-container\" class=\"wpforms-field wpforms-field-textarea\" data-field-id=\"6\"><label class=\"wpforms-field-label\" for=\"wpforms-10295-field_6\">Nachricht<\/label><textarea id=\"wpforms-10295-field_6\" class=\"wpforms-field-small\" name=\"wpforms[fields][6]\" ><\/textarea><\/div><div id=\"wpforms-10295-field_13-container\" class=\"wpforms-field wpforms-field-payment-checkbox\" data-field-id=\"13\"><ul id=\"wpforms-10295-field_13\" class=\"wpforms-field-required\"><li class=\"choice-1\"><input type=\"checkbox\" id=\"wpforms-10295-field_13_1\" class=\"wpforms-payment-price\" data-amount=\"10.00\" name=\"wpforms[fields][13][]\" value=\"1\" required ><label class=\"wpforms-field-label-inline\" for=\"wpforms-10295-field_13_1\">Ich habe davon Kenntnis genommen, dass die Aktion \"Freunde werben\" nur mit dem Absenden des Formulars g\u00fcltig ist. Der Code, der von Ahorn Camp ausgestellt wird, muss bereits vor Vertragsabschluss der angeworbenen Person vorliegen und kann nicht nachtr\u00e4glich eingereicht werden.<\/label><\/li><li class=\"choice-4\"><input type=\"checkbox\" id=\"wpforms-10295-field_13_4\" class=\"wpforms-payment-price\" data-amount=\"0.00\" name=\"wpforms[fields][13][]\" value=\"4\" required ><label class=\"wpforms-field-label-inline\" for=\"wpforms-10295-field_13_4\">Ja, ich habe die Datenschutzbestimmungen der Webseite gelesen und bin damit einverstanden, dass meine \u00fcbermittelten Daten zum Zwecke der Beantwortung und Bearbeitung meiner Anfrage entsprechend der Datenschutzerkl\u00e4rung dieser Webseite gespeichert werden.<\/label><\/li><\/ul><\/div><\/div><!-- .wpforms-field-container --><div class=\"wpforms-recaptcha-container wpforms-is-recaptcha wpforms-is-recaptcha-type-v3\" ><input type=\"hidden\" name=\"wpforms[recaptcha]\" value=\"\"><\/div><div class=\"wpforms-submit-container\" ><input type=\"hidden\" name=\"wpforms[id]\" value=\"10295\"><input type=\"hidden\" name=\"page_title\" value=\"\"><input type=\"hidden\" name=\"page_url\" value=\"https:\/\/ahorn-camp.de\/es\/wp-json\/wp\/v2\/pages\/10624\"><input type=\"hidden\" name=\"url_referer\" value=\"\"><button type=\"submit\" name=\"wpforms[submit]\" id=\"wpforms-submit-10295\" class=\"wpforms-submit\" data-alt-text=\"Senden...\" data-submit-text=\"Absenden\" aria-live=\"assertive\" value=\"wpforms-submit\">Absenden<\/button><\/div><\/form><\/div>  <!-- .wpforms-container --><\/div><\/div><\/div><\/div>\n<\/div>","protected":false},"excerpt":{"rendered":"Freunde werben und 300\u20ac Service-Gutschein sichern! Sie sind zufrieden mit uns und Ihrem Ahorn Camp Reisemobil? Das freut uns! Dann empfehlen Sie uns doch gerne weiter. An Freunde, Familie oder Bekannte. Vielleicht sucht ja gerade jemand in Ihrem Umkreis nach einem neuen Reisemobil oder m\u00f6chte auf eine nachhaltigere Alternative wie das Campen mit dem Wohnmobil [...]","protected":false},"author":2,"featured_media":0,"parent":0,"menu_order":31,"comment_status":"closed","ping_status":"closed","template":"","meta":{"content-type":"","footnotes":""},"class_list":["post-10624","page","type-page","status-publish","hentry"],"yoast_head":"<!-- This site is optimized with the Yoast SEO plugin v27.4 - https:\/\/yoast.com\/product\/yoast-seo-wordpress\/ -->\n<title>Ahorn Freunde werben - Ahorn Camp | Reisemobile und Kastenwagen<\/title>\n<meta name=\"description\" content=\"Empfehlen Sie unsere Reisemobile weiter und erhalten Sie daf\u00fcr einen 300\u20ac Service Gutschein. Einfach hier daf\u00fcr eintragen!\" \/>\n<meta name=\"robots\" content=\"index, follow, max-snippet:-1, max-image-preview:large, max-video-preview:-1\" \/>\n<link rel=\"canonical\" href=\"https:\/\/ahorn-camp.de\/es\/recomendar\/\" \/>\n<meta property=\"og:locale\" content=\"es_ES\" \/>\n<meta property=\"og:type\" content=\"article\" \/>\n<meta property=\"og:title\" content=\"Ahorn Freunde werben - Ahorn Camp | Reisemobile und Kastenwagen\" \/>\n<meta property=\"og:description\" content=\"Empfehlen Sie unsere Reisemobile weiter und erhalten Sie daf\u00fcr einen 300\u20ac Service Gutschein. Einfach hier daf\u00fcr eintragen!\" \/>\n<meta property=\"og:url\" content=\"https:\/\/ahorn-camp.de\/es\/recomendar\/\" \/>\n<meta property=\"og:site_name\" content=\"Ahorn Camp | Reisemobile und Kastenwagen\" \/>\n<meta property=\"article:publisher\" content=\"https:\/\/www.facebook.com\/ahorn.wohnmobile\/\" \/>\n<meta property=\"article:modified_time\" content=\"2024-02-23T08:14:28+00:00\" \/>\n<meta name=\"twitter:card\" content=\"summary_large_image\" \/>\n<meta name=\"twitter:label1\" content=\"Tiempo de lectura\" \/>\n\t<meta name=\"twitter:data1\" content=\"1 minuto\" \/>\n<script type=\"application\/ld+json\" class=\"yoast-schema-graph\">{\"@context\":\"https:\\\/\\\/schema.org\",\"@graph\":[{\"@type\":\"WebPage\",\"@id\":\"https:\\\/\\\/ahorn-camp.de\\\/empfehlen\\\/\",\"url\":\"https:\\\/\\\/ahorn-camp.de\\\/empfehlen\\\/\",\"name\":\"Ahorn Freunde werben - Ahorn Camp | Reisemobile und Kastenwagen\",\"isPartOf\":{\"@id\":\"https:\\\/\\\/ahorn-camp.de\\\/#website\"},\"datePublished\":\"2021-01-27T16:14:47+00:00\",\"dateModified\":\"2024-02-23T08:14:28+00:00\",\"description\":\"Empfehlen Sie unsere Reisemobile weiter und erhalten Sie daf\u00fcr einen 300\u20ac Service Gutschein. Einfach hier daf\u00fcr eintragen!\",\"breadcrumb\":{\"@id\":\"https:\\\/\\\/ahorn-camp.de\\\/empfehlen\\\/#breadcrumb\"},\"inLanguage\":\"es\",\"potentialAction\":[{\"@type\":\"ReadAction\",\"target\":[\"https:\\\/\\\/ahorn-camp.de\\\/empfehlen\\\/\"]}]},{\"@type\":\"BreadcrumbList\",\"@id\":\"https:\\\/\\\/ahorn-camp.de\\\/empfehlen\\\/#breadcrumb\",\"itemListElement\":[{\"@type\":\"ListItem\",\"position\":1,\"name\":\"Startseite\",\"item\":\"https:\\\/\\\/ahorn-camp.de\\\/\"},{\"@type\":\"ListItem\",\"position\":2,\"name\":\"Ahorn Freunde werben\"}]},{\"@type\":\"WebSite\",\"@id\":\"https:\\\/\\\/ahorn-camp.de\\\/#website\",\"url\":\"https:\\\/\\\/ahorn-camp.de\\\/\",\"name\":\"Ahorn Camp | Reisemobile und Kastenwagen\",\"description\":\"Seit \u00fcber 30 Jahren vermarktet das Familienunternehmen, Ahorn Camp in Speyer, erfolgreich Wohnmobile und Kastenwagen zum besten Preis-Leistungsverh\u00e4ltnis.\",\"publisher\":{\"@id\":\"https:\\\/\\\/ahorn-camp.de\\\/#organization\"},\"potentialAction\":[{\"@type\":\"SearchAction\",\"target\":{\"@type\":\"EntryPoint\",\"urlTemplate\":\"https:\\\/\\\/ahorn-camp.de\\\/?s={search_term_string}\"},\"query-input\":{\"@type\":\"PropertyValueSpecification\",\"valueRequired\":true,\"valueName\":\"search_term_string\"}}],\"inLanguage\":\"es\"},{\"@type\":\"Organization\",\"@id\":\"https:\\\/\\\/ahorn-camp.de\\\/#organization\",\"name\":\"Ahorn Camp GmbH & Co. KG\",\"url\":\"https:\\\/\\\/ahorn-camp.de\\\/\",\"logo\":{\"@type\":\"ImageObject\",\"inLanguage\":\"es\",\"@id\":\"https:\\\/\\\/ahorn-camp.de\\\/#\\\/schema\\\/logo\\\/image\\\/\",\"url\":\"https:\\\/\\\/ahorn-camp.de\\\/wp-content\\\/uploads\\\/2018\\\/12\\\/Ahorn_Logo.jpg\",\"contentUrl\":\"https:\\\/\\\/ahorn-camp.de\\\/wp-content\\\/uploads\\\/2018\\\/12\\\/Ahorn_Logo.jpg\",\"width\":1437,\"height\":1000,\"caption\":\"Ahorn Camp GmbH & Co. KG\"},\"image\":{\"@id\":\"https:\\\/\\\/ahorn-camp.de\\\/#\\\/schema\\\/logo\\\/image\\\/\"},\"sameAs\":[\"https:\\\/\\\/www.facebook.com\\\/ahorn.wohnmobile\\\/\",\"https:\\\/\\\/www.instagram.com\\\/ahorn.camp\\\/\",\"https:\\\/\\\/www.youtube.com\\\/channel\\\/UCPFbPCts1JJ_A1k9vyH0yOQ\"]}]}<\/script>\n<!-- \/ Yoast SEO plugin. -->","yoast_head_json":{"title":"Amigos de Ahorn reclutan - Ahorn Camp | Autocaravanas y furgonetas camper","description":"Recomiende nuestras autocaravanas y reciba un vale de servicio de 300\u20ac. \u00a1Inscr\u00edbase aqu\u00ed!","robots":{"index":"index","follow":"follow","max-snippet":"max-snippet:-1","max-image-preview":"max-image-preview:large","max-video-preview":"max-video-preview:-1"},"canonical":"https:\/\/ahorn-camp.de\/es\/recomendar\/","og_locale":"es_ES","og_type":"article","og_title":"Ahorn Freunde werben - Ahorn Camp | Reisemobile und Kastenwagen","og_description":"Empfehlen Sie unsere Reisemobile weiter und erhalten Sie daf\u00fcr einen 300\u20ac Service Gutschein. Einfach hier daf\u00fcr eintragen!","og_url":"https:\/\/ahorn-camp.de\/es\/recomendar\/","og_site_name":"Ahorn Camp | Reisemobile und Kastenwagen","article_publisher":"https:\/\/www.facebook.com\/ahorn.wohnmobile\/","article_modified_time":"2024-02-23T08:14:28+00:00","twitter_card":"summary_large_image","twitter_misc":{"Tiempo de lectura":"1 minuto"},"schema":{"@context":"https:\/\/schema.org","@graph":[{"@type":"WebPage","@id":"https:\/\/ahorn-camp.de\/empfehlen\/","url":"https:\/\/ahorn-camp.de\/empfehlen\/","name":"Amigos de Ahorn reclutan - Ahorn Camp | Autocaravanas y furgonetas camper","isPartOf":{"@id":"https:\/\/ahorn-camp.de\/#website"},"datePublished":"2021-01-27T16:14:47+00:00","dateModified":"2024-02-23T08:14:28+00:00","description":"Recomiende nuestras autocaravanas y reciba un vale de servicio de 300\u20ac. \u00a1Inscr\u00edbase aqu\u00ed!","breadcrumb":{"@id":"https:\/\/ahorn-camp.de\/empfehlen\/#breadcrumb"},"inLanguage":"es","potentialAction":[{"@type":"ReadAction","target":["https:\/\/ahorn-camp.de\/empfehlen\/"]}]},{"@type":"BreadcrumbList","@id":"https:\/\/ahorn-camp.de\/empfehlen\/#breadcrumb","itemListElement":[{"@type":"ListItem","position":1,"name":"Startseite","item":"https:\/\/ahorn-camp.de\/"},{"@type":"ListItem","position":2,"name":"Ahorn Freunde werben"}]},{"@type":"WebSite","@id":"https:\/\/ahorn-camp.de\/#website","url":"https:\/\/ahorn-camp.de\/","name":"Ahorn Camp | Autocaravanas y furgonetas camper","description":"Desde hace m\u00e1s de 30 a\u00f1os, la empresa familiar, Ahorn Camp en Speyer, comercializa con \u00e9xito caravanas y furgonetas camper a la mejor relaci\u00f3n calidad-precio.","publisher":{"@id":"https:\/\/ahorn-camp.de\/#organization"},"potentialAction":[{"@type":"SearchAction","target":{"@type":"EntryPoint","urlTemplate":"https:\/\/ahorn-camp.de\/?s={search_term_string}"},"query-input":{"@type":"PropertyValueSpecification","valueRequired":true,"valueName":"search_term_string"}}],"inLanguage":"es"},{"@type":"Organization","@id":"https:\/\/ahorn-camp.de\/#organization","name":"Ahorn Camp GmbH &amp; Co. KG","url":"https:\/\/ahorn-camp.de\/","logo":{"@type":"ImageObject","inLanguage":"es","@id":"https:\/\/ahorn-camp.de\/#\/schema\/logo\/image\/","url":"https:\/\/ahorn-camp.de\/wp-content\/uploads\/2018\/12\/Ahorn_Logo.jpg","contentUrl":"https:\/\/ahorn-camp.de\/wp-content\/uploads\/2018\/12\/Ahorn_Logo.jpg","width":1437,"height":1000,"caption":"Ahorn Camp GmbH & Co. KG"},"image":{"@id":"https:\/\/ahorn-camp.de\/#\/schema\/logo\/image\/"},"sameAs":["https:\/\/www.facebook.com\/ahorn.wohnmobile\/","https:\/\/www.instagram.com\/ahorn.camp\/","https:\/\/www.youtube.com\/channel\/UCPFbPCts1JJ_A1k9vyH0yOQ"]}]}},"_links":{"self":[{"href":"https:\/\/ahorn-camp.de\/es\/wp-json\/wp\/v2\/pages\/10624","targetHints":{"allow":["GET"]}}],"collection":[{"href":"https:\/\/ahorn-camp.de\/es\/wp-json\/wp\/v2\/pages"}],"about":[{"href":"https:\/\/ahorn-camp.de\/es\/wp-json\/wp\/v2\/types\/page"}],"author":[{"embeddable":true,"href":"https:\/\/ahorn-camp.de\/es\/wp-json\/wp\/v2\/users\/2"}],"replies":[{"embeddable":true,"href":"https:\/\/ahorn-camp.de\/es\/wp-json\/wp\/v2\/comments?post=10624"}],"version-history":[{"count":0,"href":"https:\/\/ahorn-camp.de\/es\/wp-json\/wp\/v2\/pages\/10624\/revisions"}],"wp:attachment":[{"href":"https:\/\/ahorn-camp.de\/es\/wp-json\/wp\/v2\/media?parent=10624"}],"curies":[{"name":"wp","href":"https:\/\/api.w.org\/{rel}","templated":true}]}}