{"id":30865,"date":"2025-05-28T15:44:35","date_gmt":"2025-05-28T13:44:35","guid":{"rendered":"https:\/\/ahorn-camp.de\/?post_type=product&#038;p=30865"},"modified":"2025-06-18T09:30:09","modified_gmt":"2025-06-18T07:30:09","slug":"eintracht-van","status":"publish","type":"product","link":"https:\/\/ahorn-camp.de\/en\/product\/eintracht-van\/","title":{"rendered":"Eintracht van auction"},"content":{"rendered":"<p><strong>Ahorn Camp and Eintracht Frankfurt auction off exclusive van - 50 % of the proceeds for a good cause<\/strong><\/p>\n<p>&nbsp;<\/p>\n<p>A real highlight for all Eintracht fans and vanlife enthusiasts is going under the hammer: In cooperation with Eintracht Frankfurt, we are auctioning off an exclusive collector's item - the unique Eintracht Frankfurt van realized as part of the partnership.<\/p>\n<p>&nbsp;<\/p>\n<p>Now fans have the chance to call this fully branded one-off their own: From July 16 to July 1, 2025, the iconic Van 620 - equipped with iconic Eintracht design and extensive fan merchandise - can be purchased at auction here. The starting price is 30,000 euros, the new price of the van is 74,298 euros including VAT.<\/p>\n<p>&nbsp;<\/p>\n<p>And the best part: <strong>50 % of the final auction amount will go to the children's aid organization MainKind e.V.<\/strong> <strong>\u2013 <\/strong>a Frankfurt-based initiative dedicated to the fight against child poverty. It provides targeted help where it is needed - whether music lessons, sports club fees or tutoring. In this way, MainKind enables disadvantaged children and young people to participate in society, receive an education and have fair opportunities.<\/p>\n<p>&nbsp;<\/p>\n<p>Under the motto \"<strong>Unity at heart - adventure in sight<\/strong>\", the van combines emotion, comfort and functionality at the highest level - ideal for away trips, weekend getaways and vacations with friends or family. Bid now and experience club love on four wheels.<\/p>\n<h3><\/h3>\n<p>If you have any questions or problems, please contact us at: marketing@ahorn-camp.de<\/p>\n<p>&nbsp;<\/p>\n<h3>1st organizer<\/h3>\n<p>The auction is organized by:<br \/>\n<strong>Ahorn Camp GmbH\u00a0<\/strong><br \/>\nFranz-Kirrmeier Stra\u00dfe 8, 67346 Speyer<br \/>\n(hereinafter referred to as \"organizer\")<\/p>\n<p>&nbsp;<\/p>\n<h3>2. auction item<\/h3>\n<p>Up for auction is a used maple Camp Van - model<strong> Van 620<\/strong> - fully foiled in <strong>Eintracht Frankfurt<\/strong> Design and equipped with fan merchandise. It is a one-off (unique piece) that was created as part of an official cooperation between Ahorn Camp and Eintracht Frankfurt. The van is <strong>Used<\/strong>but in very good condition and with a new price of <strong>74,298 \u20ac incl. VAT.<\/strong> and including stickers.<\/p>\n<p>&nbsp;<\/p>\n<p><strong>Starting price of the auction:<\/strong> 30,000 \u20ac (incl. VAT)<\/p>\n<p>&nbsp;<\/p>\n<h3>3. auction period<\/h3>\n<p>The online auction will take place from <strong>June 16, 2025, 10:00 a.m.<\/strong> until 1<strong>. July 2025, 18:00 CEST<\/strong> <a id=\"menur37n\" class=\"fui-Link ___1q1shib f2hkw1w f3rmtva f1ewtqcl fyind8e f1k6fduh f1w7gpdv fk6fouc fjoy568 figsok6 f1s184ao f1mk8lai fnbmjn9 f1o700av f13mvf36 f1cmlufx f9n3di6 f1ids18y f1tx3yz7 f1deo86v f1eh06m1 f1iescvh fhgqx19 f1olyrje f1p93eir f1nev41a f1h8hb77 f1lqvz6u f10aw75t fsle3fq f17ae5zn\" title=\"https:\/\/ahorn-camp.de\/eintracht-frankfurt\" href=\"https:\/\/ahorn-camp.de\/en\/eintracht-frankfurt\/\" target=\"_blank\" rel=\"noreferrer noopener\" aria-label=\"Link https:\/\/ahorn-camp.de\/eintracht-frankfurt\"><\/a> takes place.<\/p>\n<p>&nbsp;<\/p>\n<h3>4. eligibility to participate<\/h3>\n<p>Eligible to participate are all <strong>natural persons of legal age with unlimited legal capacity<\/strong> as well as legal entities with residence or registered office in the <strong>European Union<\/strong>. Employees of the organizer or their relatives are excluded from participation.<\/p>\n<p>&nbsp;<\/p>\n<h3>5. course of the auction<\/h3>\n<ul>\n<li>Bids can only be submitted via the online form integrated on the auction page.<\/li>\n<li>Each bid is <strong>binding<\/strong>.<\/li>\n<li>The amount of the next bid is based on the current highest bid plus the minimum bid amount specified by the system.<\/li>\n<li>The bidder with the <strong>highest bid at the end of the auction<\/strong> is awarded the contract.<\/li>\n<\/ul>\n<h3>6 Conclusion of the purchase contract<\/h3>\n<p>At the end of the auction, a <strong>Binding purchase contract<\/strong> between the highest bidder and the organizer. The organizer will notify the winner by email within 48 hours.<\/p>\n<p>&nbsp;<\/p>\n<h3>7 Payment and transfer of ownership<\/h3>\n<ul>\n<li>The auction winner undertakes to pay the amount bid <strong>within 7 working days<\/strong> after receipt of the payment request to the specified account of the organizer.<\/li>\n<li>The amount is <strong>gross incl. statutory sales tax<\/strong>.<\/li>\n<li>After receipt of payment the <strong>Handover of the vehicle<\/strong> according to individual agreement. Ownership is also transferred upon handover.<\/li>\n<\/ul>\n<h3>8. intended use of the proceeds<\/h3>\n<p><strong>50 % of the auction amount realized<\/strong> will be donated by Ahorn Camp to the children's aid organization <strong>MainKind e.V.<\/strong> based in Frankfurt am Main.<\/p>\n<p>&nbsp;<\/p>\n<h3>9. warranty<\/h3>\n<p>As this is a <strong>Auction according to \u00a7 156 BGB<\/strong> the sale takes place under <strong>Exclusion of any warranty<\/strong>unless there is a legally compelling case (e.g. malice or intent).<\/p>\n<p>The van can be viewed by prior arrangement.<\/p>\n<p>&nbsp;<\/p>\n<h3>10. data protection<\/h3>\n<p>Participants' personal data will be processed exclusively for the purpose of conducting the auction. The general data protection regulations of the organizer apply.<\/p>\n<p>&nbsp;<\/p>\n<h3>11. final provisions<\/h3>\n<ul>\n<li>Legal recourse is excluded.<\/li>\n<li>German law applies.<\/li>\n<li>Should individual provisions of these conditions of participation be or become invalid in whole or in part, the validity of the remaining provisions shall remain unaffected.<\/li>\n<\/ul>","protected":false},"excerpt":{"rendered":"<p><strong>Ahorn Camp und Eintracht Frankfurt versteigern exklusiven Van \u2013 50 % des Erl\u00f6ses f\u00fcr den guten Zweck<\/strong><\/p>\n<p>&nbsp;<\/p>\n<p>Ein echtes Highlight f\u00fcr alle Eintracht-Fans und Vanlife-Enthusiasten kommt unter den Hammer: In Kooperation mit Eintracht Frankfurt versteigern wir ein exklusives Sammlerst\u00fcck\u2013 den im Rahmen der Partnerschaft realisierten, einzigartigen Eintracht Frankfurt Van.<\/p>\n<p>&nbsp;<\/p>\n<p>Jetzt haben Fans die Chance, dieses voll gebrandete Unikat ihr Eigen zu nennen: Vom 16. bis zum 1. Julii 2025 kann der kultige Van 620 \u2013 ausgestattet mit ikonischem Eintracht-Design und umfangreichem Fan-Merchandise \u2013 hier ersteigert werden. Der Startpreis liegt bei 30.000 Euro, der Neupreis des Vans betr\u00e4gt 74.298 Euro inkl. MwSt.<\/p>\n<p>&nbsp;<\/p>\n<p>Und das Beste: <strong>50 % des finalen Auktionsbetrags gehen an die Kinderhilfsorganisation MainKind e.V.<\/strong> <strong>&#8211; <\/strong>eine Frankfurter Initiative, die sich dem Kampf gegen Kinderarmut verschrieben hat. Sie vermittelt gezielt Hilfe dort, wo sie gebraucht wird \u2013 ob Musikunterricht, Sportvereinsbeitr\u00e4ge oder Nachhilfe. So erm\u00f6glicht MainKind benachteiligten Kindern und Jugendlichen gesellschaftliche Teilhabe, Bildung [&#8230;]<\/p>\n","protected":false},"featured_media":30970,"template":"..\/public\/views\/revslider-page-template.php","meta":{"content-type":""},"product_brand":[],"product_cat":[112],"product_tag":[],"class_list":{"0":"post-30865","1":"product","2":"type-product","3":"status-publish","4":"has-post-thumbnail","6":"product_cat-uncategorized","8":"first","9":"instock","10":"taxable","11":"shipping-taxable","12":"purchasable","13":"product-type-simple"},"yoast_head":"<!-- This site is optimized with the Yoast SEO plugin v27.3 - https:\/\/yoast.com\/product\/yoast-seo-wordpress\/ -->\n<title>Eintracht Van Versteigerung - Ahorn Camp | Reisemobile und Kastenwagen<\/title>\n<meta name=\"robots\" content=\"index, follow, max-snippet:-1, max-image-preview:large, max-video-preview:-1\" \/>\n<link rel=\"canonical\" href=\"https:\/\/ahorn-camp.de\/en\/product-2\/eintracht-van\/\" \/>\n<meta property=\"og:locale\" content=\"en_US\" \/>\n<meta property=\"og:type\" content=\"article\" \/>\n<meta property=\"og:title\" content=\"Eintracht Van Versteigerung - Ahorn Camp | Reisemobile und Kastenwagen\" \/>\n<meta property=\"og:description\" content=\"Ahorn Camp und Eintracht Frankfurt versteigern exklusiven Van \u2013 50 % des Erl\u00f6ses f\u00fcr den guten Zweck &nbsp; Ein echtes Highlight f\u00fcr alle Eintracht-Fans und Vanlife-Enthusiasten kommt unter den Hammer: In Kooperation mit Eintracht Frankfurt versteigern wir ein exklusives Sammlerst\u00fcck\u2013 den im Rahmen der Partnerschaft realisierten, einzigartigen Eintracht Frankfurt Van. &nbsp; Jetzt haben Fans die Chance, dieses voll gebrandete Unikat ihr Eigen zu nennen: Vom 16. bis zum 1. Julii 2025 kann der kultige Van 620 \u2013 ausgestattet mit ikonischem Eintracht-Design und umfangreichem Fan-Merchandise \u2013 hier ersteigert werden. Der Startpreis liegt bei 30.000 Euro, der Neupreis des Vans betr\u00e4gt 74.298 Euro inkl. MwSt. &nbsp; Und das Beste: 50 % des finalen Auktionsbetrags gehen an die Kinderhilfsorganisation MainKind e.V. &#8211; eine Frankfurter Initiative, die sich dem Kampf gegen Kinderarmut verschrieben hat. Sie vermittelt gezielt Hilfe dort, wo sie gebraucht wird \u2013 ob Musikunterricht, Sportvereinsbeitr\u00e4ge oder Nachhilfe. So erm\u00f6glicht MainKind benachteiligten Kindern und Jugendlichen gesellschaftliche Teilhabe, Bildung [...]\" \/>\n<meta property=\"og:url\" content=\"https:\/\/ahorn-camp.de\/en\/product-2\/eintracht-van\/\" \/>\n<meta property=\"og:site_name\" content=\"Ahorn Camp | Reisemobile und Kastenwagen\" \/>\n<meta property=\"article:publisher\" content=\"https:\/\/www.facebook.com\/ahorn.wohnmobile\/\" \/>\n<meta property=\"article:modified_time\" content=\"2025-06-18T07:30:09+00:00\" \/>\n<meta property=\"og:image\" content=\"https:\/\/ahorn-camp.de\/wp-content\/uploads\/2025\/05\/JSK_5734-e1748328893648.jpg\" \/>\n\t<meta property=\"og:image:width\" content=\"580\" \/>\n\t<meta property=\"og:image:height\" content=\"580\" \/>\n\t<meta property=\"og:image:type\" content=\"image\/jpeg\" \/>\n<meta name=\"twitter:card\" content=\"summary_large_image\" \/>\n<meta name=\"twitter:label1\" content=\"Est. reading time\" \/>\n\t<meta name=\"twitter:data1\" content=\"4 minutes\" \/>\n<script type=\"application\/ld+json\" class=\"yoast-schema-graph\">{\"@context\":\"https:\\\/\\\/schema.org\",\"@graph\":[{\"@type\":\"WebPage\",\"@id\":\"https:\\\/\\\/ahorn-camp.de\\\/product\\\/eintracht-van\\\/\",\"url\":\"https:\\\/\\\/ahorn-camp.de\\\/product\\\/eintracht-van\\\/\",\"name\":\"Eintracht Van Versteigerung - Ahorn Camp | Reisemobile und Kastenwagen\",\"isPartOf\":{\"@id\":\"https:\\\/\\\/ahorn-camp.de\\\/#website\"},\"primaryImageOfPage\":{\"@id\":\"https:\\\/\\\/ahorn-camp.de\\\/product\\\/eintracht-van\\\/#primaryimage\"},\"image\":{\"@id\":\"https:\\\/\\\/ahorn-camp.de\\\/product\\\/eintracht-van\\\/#primaryimage\"},\"thumbnailUrl\":\"https:\\\/\\\/ahorn-camp.de\\\/wp-content\\\/uploads\\\/2025\\\/05\\\/JSK_5734-e1748328893648.jpg\",\"datePublished\":\"2025-05-28T13:44:35+00:00\",\"dateModified\":\"2025-06-18T07:30:09+00:00\",\"breadcrumb\":{\"@id\":\"https:\\\/\\\/ahorn-camp.de\\\/product\\\/eintracht-van\\\/#breadcrumb\"},\"inLanguage\":\"en-US\",\"potentialAction\":[{\"@type\":\"ReadAction\",\"target\":[\"https:\\\/\\\/ahorn-camp.de\\\/product\\\/eintracht-van\\\/\"]}]},{\"@type\":\"ImageObject\",\"inLanguage\":\"en-US\",\"@id\":\"https:\\\/\\\/ahorn-camp.de\\\/product\\\/eintracht-van\\\/#primaryimage\",\"url\":\"https:\\\/\\\/ahorn-camp.de\\\/wp-content\\\/uploads\\\/2025\\\/05\\\/JSK_5734-e1748328893648.jpg\",\"contentUrl\":\"https:\\\/\\\/ahorn-camp.de\\\/wp-content\\\/uploads\\\/2025\\\/05\\\/JSK_5734-e1748328893648.jpg\",\"width\":580,\"height\":580,\"caption\":\"Eintracht Frankfurt Van\"},{\"@type\":\"BreadcrumbList\",\"@id\":\"https:\\\/\\\/ahorn-camp.de\\\/product\\\/eintracht-van\\\/#breadcrumb\",\"itemListElement\":[{\"@type\":\"ListItem\",\"position\":1,\"name\":\"Startseite\",\"item\":\"https:\\\/\\\/ahorn-camp.de\\\/\"},{\"@type\":\"ListItem\",\"position\":2,\"name\":\"Merchandise-Shop\",\"item\":\"https:\\\/\\\/ahorn-camp.de\\\/merchandise-shop\\\/\"},{\"@type\":\"ListItem\",\"position\":3,\"name\":\"Eintracht Van Versteigerung\"}]},{\"@type\":\"WebSite\",\"@id\":\"https:\\\/\\\/ahorn-camp.de\\\/#website\",\"url\":\"https:\\\/\\\/ahorn-camp.de\\\/\",\"name\":\"Ahorn Camp | Reisemobile und Kastenwagen\",\"description\":\"Seit \u00fcber 30 Jahren vermarktet das Familienunternehmen, Ahorn Camp in Speyer, erfolgreich Wohnmobile und Kastenwagen zum besten Preis-Leistungsverh\u00e4ltnis.\",\"publisher\":{\"@id\":\"https:\\\/\\\/ahorn-camp.de\\\/#organization\"},\"potentialAction\":[{\"@type\":\"SearchAction\",\"target\":{\"@type\":\"EntryPoint\",\"urlTemplate\":\"https:\\\/\\\/ahorn-camp.de\\\/?s={search_term_string}\"},\"query-input\":{\"@type\":\"PropertyValueSpecification\",\"valueRequired\":true,\"valueName\":\"search_term_string\"}}],\"inLanguage\":\"en-US\"},{\"@type\":\"Organization\",\"@id\":\"https:\\\/\\\/ahorn-camp.de\\\/#organization\",\"name\":\"Ahorn Camp GmbH & Co. KG\",\"url\":\"https:\\\/\\\/ahorn-camp.de\\\/\",\"logo\":{\"@type\":\"ImageObject\",\"inLanguage\":\"en-US\",\"@id\":\"https:\\\/\\\/ahorn-camp.de\\\/#\\\/schema\\\/logo\\\/image\\\/\",\"url\":\"https:\\\/\\\/ahorn-camp.de\\\/wp-content\\\/uploads\\\/2018\\\/12\\\/Ahorn_Logo.jpg\",\"contentUrl\":\"https:\\\/\\\/ahorn-camp.de\\\/wp-content\\\/uploads\\\/2018\\\/12\\\/Ahorn_Logo.jpg\",\"width\":1437,\"height\":1000,\"caption\":\"Ahorn Camp GmbH & Co. KG\"},\"image\":{\"@id\":\"https:\\\/\\\/ahorn-camp.de\\\/#\\\/schema\\\/logo\\\/image\\\/\"},\"sameAs\":[\"https:\\\/\\\/www.facebook.com\\\/ahorn.wohnmobile\\\/\",\"https:\\\/\\\/www.instagram.com\\\/ahorn.camp\\\/\",\"https:\\\/\\\/www.youtube.com\\\/channel\\\/UCPFbPCts1JJ_A1k9vyH0yOQ\"]}]}<\/script>\n<!-- \/ Yoast SEO plugin. -->","yoast_head_json":{"title":"Eintracht Van Auction - Ahorn Camp | Motorhomes and camper vans","robots":{"index":"index","follow":"follow","max-snippet":"max-snippet:-1","max-image-preview":"max-image-preview:large","max-video-preview":"max-video-preview:-1"},"canonical":"https:\/\/ahorn-camp.de\/en\/product-2\/eintracht-van\/","og_locale":"en_US","og_type":"article","og_title":"Eintracht Van Versteigerung - Ahorn Camp | Reisemobile und Kastenwagen","og_description":"Ahorn Camp und Eintracht Frankfurt versteigern exklusiven Van \u2013 50 % des Erl\u00f6ses f\u00fcr den guten Zweck &nbsp; Ein echtes Highlight f\u00fcr alle Eintracht-Fans und Vanlife-Enthusiasten kommt unter den Hammer: In Kooperation mit Eintracht Frankfurt versteigern wir ein exklusives Sammlerst\u00fcck\u2013 den im Rahmen der Partnerschaft realisierten, einzigartigen Eintracht Frankfurt Van. &nbsp; Jetzt haben Fans die Chance, dieses voll gebrandete Unikat ihr Eigen zu nennen: Vom 16. bis zum 1. Julii 2025 kann der kultige Van 620 \u2013 ausgestattet mit ikonischem Eintracht-Design und umfangreichem Fan-Merchandise \u2013 hier ersteigert werden. Der Startpreis liegt bei 30.000 Euro, der Neupreis des Vans betr\u00e4gt 74.298 Euro inkl. MwSt. &nbsp; Und das Beste: 50 % des finalen Auktionsbetrags gehen an die Kinderhilfsorganisation MainKind e.V. &#8211; eine Frankfurter Initiative, die sich dem Kampf gegen Kinderarmut verschrieben hat. Sie vermittelt gezielt Hilfe dort, wo sie gebraucht wird \u2013 ob Musikunterricht, Sportvereinsbeitr\u00e4ge oder Nachhilfe. So erm\u00f6glicht MainKind benachteiligten Kindern und Jugendlichen gesellschaftliche Teilhabe, Bildung [...]","og_url":"https:\/\/ahorn-camp.de\/en\/product-2\/eintracht-van\/","og_site_name":"Ahorn Camp | Reisemobile und Kastenwagen","article_publisher":"https:\/\/www.facebook.com\/ahorn.wohnmobile\/","article_modified_time":"2025-06-18T07:30:09+00:00","og_image":[{"width":580,"height":580,"url":"https:\/\/ahorn-camp.de\/wp-content\/uploads\/2025\/05\/JSK_5734-e1748328893648.jpg","type":"image\/jpeg"}],"twitter_card":"summary_large_image","twitter_misc":{"Est. reading time":"4 minutes"},"schema":{"@context":"https:\/\/schema.org","@graph":[{"@type":"WebPage","@id":"https:\/\/ahorn-camp.de\/product\/eintracht-van\/","url":"https:\/\/ahorn-camp.de\/product\/eintracht-van\/","name":"Eintracht Van Auction - Ahorn Camp | Motorhomes and camper vans","isPartOf":{"@id":"https:\/\/ahorn-camp.de\/#website"},"primaryImageOfPage":{"@id":"https:\/\/ahorn-camp.de\/product\/eintracht-van\/#primaryimage"},"image":{"@id":"https:\/\/ahorn-camp.de\/product\/eintracht-van\/#primaryimage"},"thumbnailUrl":"https:\/\/ahorn-camp.de\/wp-content\/uploads\/2025\/05\/JSK_5734-e1748328893648.jpg","datePublished":"2025-05-28T13:44:35+00:00","dateModified":"2025-06-18T07:30:09+00:00","breadcrumb":{"@id":"https:\/\/ahorn-camp.de\/product\/eintracht-van\/#breadcrumb"},"inLanguage":"en-US","potentialAction":[{"@type":"ReadAction","target":["https:\/\/ahorn-camp.de\/product\/eintracht-van\/"]}]},{"@type":"ImageObject","inLanguage":"en-US","@id":"https:\/\/ahorn-camp.de\/product\/eintracht-van\/#primaryimage","url":"https:\/\/ahorn-camp.de\/wp-content\/uploads\/2025\/05\/JSK_5734-e1748328893648.jpg","contentUrl":"https:\/\/ahorn-camp.de\/wp-content\/uploads\/2025\/05\/JSK_5734-e1748328893648.jpg","width":580,"height":580,"caption":"Eintracht Frankfurt Van"},{"@type":"BreadcrumbList","@id":"https:\/\/ahorn-camp.de\/product\/eintracht-van\/#breadcrumb","itemListElement":[{"@type":"ListItem","position":1,"name":"Startseite","item":"https:\/\/ahorn-camp.de\/"},{"@type":"ListItem","position":2,"name":"Merchandise-Shop","item":"https:\/\/ahorn-camp.de\/merchandise-shop\/"},{"@type":"ListItem","position":3,"name":"Eintracht Van Versteigerung"}]},{"@type":"WebSite","@id":"https:\/\/ahorn-camp.de\/#website","url":"https:\/\/ahorn-camp.de\/","name":"Ahorn Camp | Motorhomes and camper vans","description":"For over 30 years, the family business, Ahorn Camp in Speyer, has successfully marketed motorhomes and camper vans at the best price-performance ratio.","publisher":{"@id":"https:\/\/ahorn-camp.de\/#organization"},"potentialAction":[{"@type":"SearchAction","target":{"@type":"EntryPoint","urlTemplate":"https:\/\/ahorn-camp.de\/?s={search_term_string}"},"query-input":{"@type":"PropertyValueSpecification","valueRequired":true,"valueName":"search_term_string"}}],"inLanguage":"en-US"},{"@type":"Organization","@id":"https:\/\/ahorn-camp.de\/#organization","name":"Ahorn Camp GmbH &amp; Co. KG","url":"https:\/\/ahorn-camp.de\/","logo":{"@type":"ImageObject","inLanguage":"en-US","@id":"https:\/\/ahorn-camp.de\/#\/schema\/logo\/image\/","url":"https:\/\/ahorn-camp.de\/wp-content\/uploads\/2018\/12\/Ahorn_Logo.jpg","contentUrl":"https:\/\/ahorn-camp.de\/wp-content\/uploads\/2018\/12\/Ahorn_Logo.jpg","width":1437,"height":1000,"caption":"Ahorn Camp GmbH & Co. KG"},"image":{"@id":"https:\/\/ahorn-camp.de\/#\/schema\/logo\/image\/"},"sameAs":["https:\/\/www.facebook.com\/ahorn.wohnmobile\/","https:\/\/www.instagram.com\/ahorn.camp\/","https:\/\/www.youtube.com\/channel\/UCPFbPCts1JJ_A1k9vyH0yOQ"]}]}},"_links":{"self":[{"href":"https:\/\/ahorn-camp.de\/en\/wp-json\/wp\/v2\/product\/30865","targetHints":{"allow":["GET"]}}],"collection":[{"href":"https:\/\/ahorn-camp.de\/en\/wp-json\/wp\/v2\/product"}],"about":[{"href":"https:\/\/ahorn-camp.de\/en\/wp-json\/wp\/v2\/types\/product"}],"wp:featuredmedia":[{"embeddable":true,"href":"https:\/\/ahorn-camp.de\/en\/wp-json\/wp\/v2\/media\/30970"}],"wp:attachment":[{"href":"https:\/\/ahorn-camp.de\/en\/wp-json\/wp\/v2\/media?parent=30865"}],"wp:term":[{"taxonomy":"product_brand","embeddable":true,"href":"https:\/\/ahorn-camp.de\/en\/wp-json\/wp\/v2\/product_brand?post=30865"},{"taxonomy":"product_cat","embeddable":true,"href":"https:\/\/ahorn-camp.de\/en\/wp-json\/wp\/v2\/product_cat?post=30865"},{"taxonomy":"product_tag","embeddable":true,"href":"https:\/\/ahorn-camp.de\/en\/wp-json\/wp\/v2\/product_tag?post=30865"}],"curies":[{"name":"wp","href":"https:\/\/api.w.org\/{rel}","templated":true}]}}