{"id":30688,"date":"2025-04-28T16:14:16","date_gmt":"2025-04-28T14:14:16","guid":{"rendered":"https:\/\/ahorn-camp.de\/?post_type=product&#038;p=30688"},"modified":"2025-04-28T16:17:16","modified_gmt":"2025-04-28T14:17:16","slug":"angles-morts","status":"publish","type":"product","link":"https:\/\/ahorn-camp.de\/en\/product\/angles-morts\/","title":{"rendered":"Blind spot sticker Angles Morts"},"content":{"rendered":"<p class=\"\" data-start=\"309\" data-end=\"386\"><strong data-start=\"309\" data-end=\"386\">Mandatory &amp; safe on the road - Angles Morts stickers for France<\/strong><\/p>\n<p class=\"\" data-start=\"388\" data-end=\"667\">Since 2021 in France <strong data-start=\"417\" data-end=\"467\">Warning stickers for blind spots (\"Angles Morts\")<\/strong> Mandatory for all vehicles over 3.5 t - including motorhomes! With our high-quality <strong data-start=\"554\" data-end=\"581\">Angles Morts stickers<\/strong> you are on the road in compliance with the law and protect other road users at the same time.<\/p>\n<p class=\"\" data-start=\"669\" data-end=\"880\"><strong data-start=\"672\" data-end=\"709\">Compulsory for motorhomes over 3.5 t<\/strong><br data-start=\"709\" data-end=\"712\" \/>All vehicles over 3.5 tons gross vehicle weight must display the prescribed warning signs when driving in France - failure to do so can result in fines!<\/p>\n<p class=\"\" data-start=\"882\" data-end=\"1054\"><strong data-start=\"886\" data-end=\"925\">High-quality, weatherproof material<\/strong><br data-start=\"925\" data-end=\"928\" \/>Our stickers are made of robust, UV and weather-resistant material - perfect for permanent use on motorhomes.<\/p>\n<p class=\"\" data-start=\"1056\" data-end=\"1212\"><strong data-start=\"1059\" data-end=\"1082\">Simple attachment<\/strong><br data-start=\"1082\" data-end=\"1085\" \/>Quick and easy to attach: one sticker each at the front right, rear and left of the vehicle at a height of approx. 90-150 cm.<\/p>\n<p class=\"\" data-start=\"1214\" data-end=\"1345\"><strong data-start=\"1217\" data-end=\"1248\">Standardized size &amp; design<\/strong><br data-start=\"1248\" data-end=\"1251\" \/>Complies with French legal requirements in terms of design, size and placement.<\/p>","protected":false},"excerpt":{"rendered":"<p class=\"\" data-start=\"309\" data-end=\"386\"><strong data-start=\"309\" data-end=\"386\">Vorgeschrieben &amp; sicher unterwegs \u2013 Angles Morts Aufkleber f\u00fcr Frankreich<\/strong><\/p>\n<p class=\"\" data-start=\"388\" data-end=\"667\">Seit 2021 sind in Frankreich <strong data-start=\"417\" data-end=\"467\">Warnaufkleber f\u00fcr tote Winkel (&#8222;Angles Morts&#8220;)<\/strong> Pflicht f\u00fcr alle Fahrzeuge \u00fcber 3,5\u202ft \u2013 auch f\u00fcr Wohnmobile! Mit unseren hochwertigen <strong data-start=\"554\" data-end=\"581\">Angles Morts Aufklebern<\/strong> bist du gesetzeskonform unterwegs und sch\u00fctzt gleichzeitig andere Verkehrsteilnehmer.<\/p>\n<p class=\"\" data-start=\"669\" data-end=\"880\"><strong data-start=\"672\" data-end=\"709\">Pflicht f\u00fcr Wohnmobile \u00fcber 3,5\u202ft<\/strong><br data-start=\"709\" data-end=\"712\" \/>Alle Fahrzeuge \u00fcber 3,5 Tonnen zul\u00e4ssigem Gesamtgewicht m\u00fcssen bei Fahrten in Frankreich die vorgeschriebenen Warnhinweise anbringen \u2013 bei Missachtung drohen Bu\u00dfgelder!<\/p>\n<p class=\"\" data-start=\"882\" data-end=\"1054\"><strong data-start=\"886\" data-end=\"925\">Hochwertiges, wetterfestes Material<\/strong><br data-start=\"925\" data-end=\"928\" \/>Unsere Aufkleber bestehen aus robustem, UV- und wetterbest\u00e4ndigem Material \u2013 perfekt f\u00fcr den dauerhaften Einsatz am Wohnmobil.<\/p>\n<p class=\"\" data-start=\"1056\" data-end=\"1212\"><strong data-start=\"1059\" data-end=\"1082\">Einfache Anbringung<\/strong><br data-start=\"1082\" data-end=\"1085\" \/>Schnell und unkompliziert anzubringen: jeweils ein Aufkleber vorne rechts, hinten und links am Fahrzeug auf ca. 90\u2013150 cm H\u00f6he.<\/p>\n<p class=\"\" data-start=\"1214\" data-end=\"1345\"><strong data-start=\"1217\" data-end=\"1248\">Normgerechte Gr\u00f6\u00dfe &amp; Design<\/strong><br [...]<\/p>\n","protected":false},"featured_media":30689,"template":"","meta":{"content-type":""},"product_brand":[],"product_cat":[602,605,608,604,612],"product_tag":[],"class_list":{"0":"post-30688","1":"product","2":"type-product","3":"status-publish","4":"has-post-thumbnail","6":"product_cat-zubehoer","7":"product_cat-zubehoer-van","8":"product_cat-zubehoer-van-teil","9":"product_cat-zubehoer-womo","10":"product_cat-zubehoer-womo-teil","11":"product_shipping_class-paket","13":"first","14":"instock","15":"taxable","16":"shipping-taxable","17":"purchasable","18":"product-type-simple"},"yoast_head":"<!-- This site is optimized with the Yoast SEO plugin v27.4 - https:\/\/yoast.com\/product\/yoast-seo-wordpress\/ -->\n<title>Totwinkel Aufkleber Angles Morts - Ahorn Camp | Reisemobile und Kastenwagen<\/title>\n<meta name=\"description\" content=\"Angles Morts Aufkleber Set f\u00fcr Frankreich: gesetzeskonforme Warnhinweise f\u00fcr Wohnmobile \u00fcber 3,5\u202ft. Wetterfest &amp; normgerecht. Jetzt im Shop entdecken!\" \/>\n<meta name=\"robots\" content=\"index, follow, max-snippet:-1, max-image-preview:large, max-video-preview:-1\" \/>\n<link rel=\"canonical\" href=\"https:\/\/ahorn-camp.de\/en\/product-2\/angles-morts\/\" \/>\n<meta property=\"og:locale\" content=\"en_US\" \/>\n<meta property=\"og:type\" content=\"article\" \/>\n<meta property=\"og:title\" content=\"Totwinkel Aufkleber Angles Morts - Ahorn Camp | Reisemobile und Kastenwagen\" \/>\n<meta property=\"og:description\" content=\"Angles Morts Aufkleber Set f\u00fcr Frankreich: gesetzeskonforme Warnhinweise f\u00fcr Wohnmobile \u00fcber 3,5\u202ft. Wetterfest &amp; normgerecht. Jetzt im Shop entdecken!\" \/>\n<meta property=\"og:url\" content=\"https:\/\/ahorn-camp.de\/en\/product-2\/angles-morts\/\" \/>\n<meta property=\"og:site_name\" content=\"Ahorn Camp | Reisemobile und Kastenwagen\" \/>\n<meta property=\"article:publisher\" content=\"https:\/\/www.facebook.com\/ahorn.wohnmobile\/\" \/>\n<meta property=\"article:modified_time\" content=\"2025-04-28T14:17:16+00:00\" \/>\n<meta property=\"og:image\" content=\"https:\/\/ahorn-camp.de\/wp-content\/uploads\/2025\/04\/Angles-Morts-min-scaled.jpg\" \/>\n\t<meta property=\"og:image:width\" content=\"2560\" \/>\n\t<meta property=\"og:image:height\" content=\"2560\" \/>\n\t<meta property=\"og:image:type\" content=\"image\/jpeg\" \/>\n<meta name=\"twitter:card\" content=\"summary_large_image\" \/>\n<meta name=\"twitter:label1\" content=\"Est. reading time\" \/>\n\t<meta name=\"twitter:data1\" content=\"1 minute\" \/>\n<script type=\"application\/ld+json\" class=\"yoast-schema-graph\">{\"@context\":\"https:\\\/\\\/schema.org\",\"@graph\":[{\"@type\":\"WebPage\",\"@id\":\"https:\\\/\\\/ahorn-camp.de\\\/product\\\/angles-morts\\\/\",\"url\":\"https:\\\/\\\/ahorn-camp.de\\\/product\\\/angles-morts\\\/\",\"name\":\"Totwinkel Aufkleber Angles Morts - Ahorn Camp | Reisemobile und Kastenwagen\",\"isPartOf\":{\"@id\":\"https:\\\/\\\/ahorn-camp.de\\\/#website\"},\"primaryImageOfPage\":{\"@id\":\"https:\\\/\\\/ahorn-camp.de\\\/product\\\/angles-morts\\\/#primaryimage\"},\"image\":{\"@id\":\"https:\\\/\\\/ahorn-camp.de\\\/product\\\/angles-morts\\\/#primaryimage\"},\"thumbnailUrl\":\"https:\\\/\\\/ahorn-camp.de\\\/wp-content\\\/uploads\\\/2025\\\/04\\\/Angles-Morts-min-scaled.jpg\",\"datePublished\":\"2025-04-28T14:14:16+00:00\",\"dateModified\":\"2025-04-28T14:17:16+00:00\",\"description\":\"Angles Morts Aufkleber Set f\u00fcr Frankreich: gesetzeskonforme Warnhinweise f\u00fcr Wohnmobile \u00fcber 3,5\u202ft. Wetterfest & normgerecht. Jetzt im Shop entdecken!\",\"breadcrumb\":{\"@id\":\"https:\\\/\\\/ahorn-camp.de\\\/product\\\/angles-morts\\\/#breadcrumb\"},\"inLanguage\":\"en-US\",\"potentialAction\":[{\"@type\":\"ReadAction\",\"target\":[\"https:\\\/\\\/ahorn-camp.de\\\/product\\\/angles-morts\\\/\"]}]},{\"@type\":\"ImageObject\",\"inLanguage\":\"en-US\",\"@id\":\"https:\\\/\\\/ahorn-camp.de\\\/product\\\/angles-morts\\\/#primaryimage\",\"url\":\"https:\\\/\\\/ahorn-camp.de\\\/wp-content\\\/uploads\\\/2025\\\/04\\\/Angles-Morts-min-scaled.jpg\",\"contentUrl\":\"https:\\\/\\\/ahorn-camp.de\\\/wp-content\\\/uploads\\\/2025\\\/04\\\/Angles-Morts-min-scaled.jpg\",\"width\":2560,\"height\":2560,\"caption\":\"Warnaufkleber Angles Morts\"},{\"@type\":\"BreadcrumbList\",\"@id\":\"https:\\\/\\\/ahorn-camp.de\\\/product\\\/angles-morts\\\/#breadcrumb\",\"itemListElement\":[{\"@type\":\"ListItem\",\"position\":1,\"name\":\"Startseite\",\"item\":\"https:\\\/\\\/ahorn-camp.de\\\/\"},{\"@type\":\"ListItem\",\"position\":2,\"name\":\"Merchandise-Shop\",\"item\":\"https:\\\/\\\/ahorn-camp.de\\\/merchandise-shop\\\/\"},{\"@type\":\"ListItem\",\"position\":3,\"name\":\"Totwinkel Aufkleber Angles Morts\"}]},{\"@type\":\"WebSite\",\"@id\":\"https:\\\/\\\/ahorn-camp.de\\\/#website\",\"url\":\"https:\\\/\\\/ahorn-camp.de\\\/\",\"name\":\"Ahorn Camp | Reisemobile und Kastenwagen\",\"description\":\"Seit \u00fcber 30 Jahren vermarktet das Familienunternehmen, Ahorn Camp in Speyer, erfolgreich Wohnmobile und Kastenwagen zum besten Preis-Leistungsverh\u00e4ltnis.\",\"publisher\":{\"@id\":\"https:\\\/\\\/ahorn-camp.de\\\/#organization\"},\"potentialAction\":[{\"@type\":\"SearchAction\",\"target\":{\"@type\":\"EntryPoint\",\"urlTemplate\":\"https:\\\/\\\/ahorn-camp.de\\\/?s={search_term_string}\"},\"query-input\":{\"@type\":\"PropertyValueSpecification\",\"valueRequired\":true,\"valueName\":\"search_term_string\"}}],\"inLanguage\":\"en-US\"},{\"@type\":\"Organization\",\"@id\":\"https:\\\/\\\/ahorn-camp.de\\\/#organization\",\"name\":\"Ahorn Camp GmbH & Co. KG\",\"url\":\"https:\\\/\\\/ahorn-camp.de\\\/\",\"logo\":{\"@type\":\"ImageObject\",\"inLanguage\":\"en-US\",\"@id\":\"https:\\\/\\\/ahorn-camp.de\\\/#\\\/schema\\\/logo\\\/image\\\/\",\"url\":\"https:\\\/\\\/ahorn-camp.de\\\/wp-content\\\/uploads\\\/2018\\\/12\\\/Ahorn_Logo.jpg\",\"contentUrl\":\"https:\\\/\\\/ahorn-camp.de\\\/wp-content\\\/uploads\\\/2018\\\/12\\\/Ahorn_Logo.jpg\",\"width\":1437,\"height\":1000,\"caption\":\"Ahorn Camp GmbH & Co. KG\"},\"image\":{\"@id\":\"https:\\\/\\\/ahorn-camp.de\\\/#\\\/schema\\\/logo\\\/image\\\/\"},\"sameAs\":[\"https:\\\/\\\/www.facebook.com\\\/ahorn.wohnmobile\\\/\",\"https:\\\/\\\/www.instagram.com\\\/ahorn.camp\\\/\",\"https:\\\/\\\/www.youtube.com\\\/channel\\\/UCPFbPCts1JJ_A1k9vyH0yOQ\"]}]}<\/script>\n<!-- \/ Yoast SEO plugin. -->","yoast_head_json":{"title":"Blind spot sticker Angles Morts - Ahorn Camp | motorhomes and camper vans","description":"Angles Morts sticker set for France: legally compliant warning signs for motorhomes over 3.5 t. Weatherproof &amp; standard-compliant. Discover now in the store!","robots":{"index":"index","follow":"follow","max-snippet":"max-snippet:-1","max-image-preview":"max-image-preview:large","max-video-preview":"max-video-preview:-1"},"canonical":"https:\/\/ahorn-camp.de\/en\/product-2\/angles-morts\/","og_locale":"en_US","og_type":"article","og_title":"Totwinkel Aufkleber Angles Morts - Ahorn Camp | Reisemobile und Kastenwagen","og_description":"Angles Morts Aufkleber Set f\u00fcr Frankreich: gesetzeskonforme Warnhinweise f\u00fcr Wohnmobile \u00fcber 3,5\u202ft. Wetterfest & normgerecht. Jetzt im Shop entdecken!","og_url":"https:\/\/ahorn-camp.de\/en\/product-2\/angles-morts\/","og_site_name":"Ahorn Camp | Reisemobile und Kastenwagen","article_publisher":"https:\/\/www.facebook.com\/ahorn.wohnmobile\/","article_modified_time":"2025-04-28T14:17:16+00:00","og_image":[{"width":2560,"height":2560,"url":"https:\/\/ahorn-camp.de\/wp-content\/uploads\/2025\/04\/Angles-Morts-min-scaled.jpg","type":"image\/jpeg"}],"twitter_card":"summary_large_image","twitter_misc":{"Est. reading time":"1 minute"},"schema":{"@context":"https:\/\/schema.org","@graph":[{"@type":"WebPage","@id":"https:\/\/ahorn-camp.de\/product\/angles-morts\/","url":"https:\/\/ahorn-camp.de\/product\/angles-morts\/","name":"Blind spot sticker Angles Morts - Ahorn Camp | motorhomes and camper vans","isPartOf":{"@id":"https:\/\/ahorn-camp.de\/#website"},"primaryImageOfPage":{"@id":"https:\/\/ahorn-camp.de\/product\/angles-morts\/#primaryimage"},"image":{"@id":"https:\/\/ahorn-camp.de\/product\/angles-morts\/#primaryimage"},"thumbnailUrl":"https:\/\/ahorn-camp.de\/wp-content\/uploads\/2025\/04\/Angles-Morts-min-scaled.jpg","datePublished":"2025-04-28T14:14:16+00:00","dateModified":"2025-04-28T14:17:16+00:00","description":"Angles Morts sticker set for France: legally compliant warning signs for motorhomes over 3.5 t. Weatherproof &amp; standard-compliant. Discover now in the store!","breadcrumb":{"@id":"https:\/\/ahorn-camp.de\/product\/angles-morts\/#breadcrumb"},"inLanguage":"en-US","potentialAction":[{"@type":"ReadAction","target":["https:\/\/ahorn-camp.de\/product\/angles-morts\/"]}]},{"@type":"ImageObject","inLanguage":"en-US","@id":"https:\/\/ahorn-camp.de\/product\/angles-morts\/#primaryimage","url":"https:\/\/ahorn-camp.de\/wp-content\/uploads\/2025\/04\/Angles-Morts-min-scaled.jpg","contentUrl":"https:\/\/ahorn-camp.de\/wp-content\/uploads\/2025\/04\/Angles-Morts-min-scaled.jpg","width":2560,"height":2560,"caption":"Warnaufkleber Angles Morts"},{"@type":"BreadcrumbList","@id":"https:\/\/ahorn-camp.de\/product\/angles-morts\/#breadcrumb","itemListElement":[{"@type":"ListItem","position":1,"name":"Startseite","item":"https:\/\/ahorn-camp.de\/"},{"@type":"ListItem","position":2,"name":"Merchandise-Shop","item":"https:\/\/ahorn-camp.de\/merchandise-shop\/"},{"@type":"ListItem","position":3,"name":"Totwinkel Aufkleber Angles Morts"}]},{"@type":"WebSite","@id":"https:\/\/ahorn-camp.de\/#website","url":"https:\/\/ahorn-camp.de\/","name":"Ahorn Camp | Motorhomes and camper vans","description":"For over 30 years, the family business, Ahorn Camp in Speyer, has successfully marketed motorhomes and camper vans at the best price-performance ratio.","publisher":{"@id":"https:\/\/ahorn-camp.de\/#organization"},"potentialAction":[{"@type":"SearchAction","target":{"@type":"EntryPoint","urlTemplate":"https:\/\/ahorn-camp.de\/?s={search_term_string}"},"query-input":{"@type":"PropertyValueSpecification","valueRequired":true,"valueName":"search_term_string"}}],"inLanguage":"en-US"},{"@type":"Organization","@id":"https:\/\/ahorn-camp.de\/#organization","name":"Ahorn Camp GmbH &amp; Co. KG","url":"https:\/\/ahorn-camp.de\/","logo":{"@type":"ImageObject","inLanguage":"en-US","@id":"https:\/\/ahorn-camp.de\/#\/schema\/logo\/image\/","url":"https:\/\/ahorn-camp.de\/wp-content\/uploads\/2018\/12\/Ahorn_Logo.jpg","contentUrl":"https:\/\/ahorn-camp.de\/wp-content\/uploads\/2018\/12\/Ahorn_Logo.jpg","width":1437,"height":1000,"caption":"Ahorn Camp GmbH & Co. KG"},"image":{"@id":"https:\/\/ahorn-camp.de\/#\/schema\/logo\/image\/"},"sameAs":["https:\/\/www.facebook.com\/ahorn.wohnmobile\/","https:\/\/www.instagram.com\/ahorn.camp\/","https:\/\/www.youtube.com\/channel\/UCPFbPCts1JJ_A1k9vyH0yOQ"]}]}},"_links":{"self":[{"href":"https:\/\/ahorn-camp.de\/en\/wp-json\/wp\/v2\/product\/30688","targetHints":{"allow":["GET"]}}],"collection":[{"href":"https:\/\/ahorn-camp.de\/en\/wp-json\/wp\/v2\/product"}],"about":[{"href":"https:\/\/ahorn-camp.de\/en\/wp-json\/wp\/v2\/types\/product"}],"wp:featuredmedia":[{"embeddable":true,"href":"https:\/\/ahorn-camp.de\/en\/wp-json\/wp\/v2\/media\/30689"}],"wp:attachment":[{"href":"https:\/\/ahorn-camp.de\/en\/wp-json\/wp\/v2\/media?parent=30688"}],"wp:term":[{"taxonomy":"product_brand","embeddable":true,"href":"https:\/\/ahorn-camp.de\/en\/wp-json\/wp\/v2\/product_brand?post=30688"},{"taxonomy":"product_cat","embeddable":true,"href":"https:\/\/ahorn-camp.de\/en\/wp-json\/wp\/v2\/product_cat?post=30688"},{"taxonomy":"product_tag","embeddable":true,"href":"https:\/\/ahorn-camp.de\/en\/wp-json\/wp\/v2\/product_tag?post=30688"}],"curies":[{"name":"wp","href":"https:\/\/api.w.org\/{rel}","templated":true}]}}