{"id":22384,"date":"2024-02-28T09:33:37","date_gmt":"2024-02-28T08:33:37","guid":{"rendered":"https:\/\/ahorn-camp.de\/?post_type=product&#038;p=22384"},"modified":"2025-02-24T12:32:15","modified_gmt":"2025-02-24T11:32:15","slug":"door-holder","status":"publish","type":"product","link":"https:\/\/ahorn-camp.de\/en\/product\/tuerfeststeller\/","title":{"rendered":"Magnetic door holder"},"content":{"rendered":"<p>Nothing is more annoying in everyday camping life than an entrance door that slams shut at the slightest breeze or the slightest tilt. Our magnetic door holder provides a remedy.<\/p>\n<p>The door holder can be attached to the wall and door using 4 screws so that the magnets meet and reliably hold the door open. The magnets are mounted on rotating bearings so that the angle at which the door meets the wall can be compensated.<\/p>","protected":false},"excerpt":{"rendered":"<p>Nothing is more annoying in everyday camping life than an entrance door that slams shut at the slightest breeze or the slightest tilt. Our magnetic door holder provides a remedy.<\/p>\n<p>The door holder can be attached to the wall and door using 4 screws so that the magnets meet and reliably hold the door open. The magnets are mounted on rotating bearings so that the angle at which the door meets the wall can be compensated.<\/p>","protected":false},"featured_media":22496,"template":"","meta":{"content-type":""},"product_brand":[],"product_cat":[602,604,612],"product_tag":[],"class_list":{"0":"post-22384","1":"product","2":"type-product","3":"status-publish","4":"has-post-thumbnail","6":"product_cat-zubehoer","7":"product_cat-zubehoer-womo","8":"product_cat-zubehoer-womo-teil","9":"product_shipping_class-paket","11":"first","12":"onbackorder","13":"taxable","14":"shipping-taxable","15":"purchasable","16":"product-type-simple"},"yoast_head":"<!-- This site is optimized with the Yoast SEO plugin v27.5 - https:\/\/yoast.com\/product\/yoast-seo-wordpress\/ -->\n<title>Magnetischer T\u00fcrfeststeller - Ahorn Camp | Reisemobile und Kastenwagen<\/title>\n<meta name=\"description\" content=\"Entdecken Sie den magnetischen T\u00fcrfeststeller f\u00fcr die Wohnmobile! H\u00e4lt sicher die T\u00fcr magnetisch auf, sodass kein Windhauch diese schlie\u00dfen kann!\" \/>\n<meta name=\"robots\" content=\"index, follow, max-snippet:-1, max-image-preview:large, max-video-preview:-1\" \/>\n<link rel=\"canonical\" href=\"https:\/\/ahorn-camp.de\/en\/product-2\/door-holder\/\" \/>\n<meta property=\"og:locale\" content=\"en_US\" \/>\n<meta property=\"og:type\" content=\"article\" \/>\n<meta property=\"og:title\" content=\"Magnetischer T\u00fcrfeststeller - Ahorn Camp | Reisemobile und Kastenwagen\" \/>\n<meta property=\"og:description\" content=\"Entdecken Sie den magnetischen T\u00fcrfeststeller f\u00fcr die Wohnmobile! H\u00e4lt sicher die T\u00fcr magnetisch auf, sodass kein Windhauch diese schlie\u00dfen kann!\" \/>\n<meta property=\"og:url\" content=\"https:\/\/ahorn-camp.de\/en\/product-2\/door-holder\/\" \/>\n<meta property=\"og:site_name\" content=\"Ahorn Camp | Reisemobile und Kastenwagen\" \/>\n<meta property=\"article:publisher\" content=\"https:\/\/www.facebook.com\/ahorn.wohnmobile\/\" \/>\n<meta property=\"article:modified_time\" content=\"2025-02-24T11:32:15+00:00\" \/>\n<meta property=\"og:image\" content=\"https:\/\/ahorn-camp.de\/wp-content\/uploads\/2024\/02\/Tuerfeststeller.jpg\" \/>\n\t<meta property=\"og:image:width\" content=\"1000\" \/>\n\t<meta property=\"og:image:height\" content=\"1000\" \/>\n\t<meta property=\"og:image:type\" content=\"image\/jpeg\" \/>\n<meta name=\"twitter:card\" content=\"summary_large_image\" \/>\n<meta name=\"twitter:label1\" content=\"Est. reading time\" \/>\n\t<meta name=\"twitter:data1\" content=\"1 minute\" \/>\n<script type=\"application\/ld+json\" class=\"yoast-schema-graph\">{\"@context\":\"https:\\\/\\\/schema.org\",\"@graph\":[{\"@type\":\"WebPage\",\"@id\":\"https:\\\/\\\/ahorn-camp.de\\\/product\\\/tuerfeststeller\\\/\",\"url\":\"https:\\\/\\\/ahorn-camp.de\\\/product\\\/tuerfeststeller\\\/\",\"name\":\"Magnetischer T\u00fcrfeststeller - Ahorn Camp | Reisemobile und Kastenwagen\",\"isPartOf\":{\"@id\":\"https:\\\/\\\/ahorn-camp.de\\\/#website\"},\"primaryImageOfPage\":{\"@id\":\"https:\\\/\\\/ahorn-camp.de\\\/product\\\/tuerfeststeller\\\/#primaryimage\"},\"image\":{\"@id\":\"https:\\\/\\\/ahorn-camp.de\\\/product\\\/tuerfeststeller\\\/#primaryimage\"},\"thumbnailUrl\":\"https:\\\/\\\/ahorn-camp.de\\\/wp-content\\\/uploads\\\/2024\\\/02\\\/Tuerfeststeller.jpg\",\"datePublished\":\"2024-02-28T08:33:37+00:00\",\"dateModified\":\"2025-02-24T11:32:15+00:00\",\"description\":\"Entdecken Sie den magnetischen T\u00fcrfeststeller f\u00fcr die Wohnmobile! H\u00e4lt sicher die T\u00fcr magnetisch auf, sodass kein Windhauch diese schlie\u00dfen kann!\",\"breadcrumb\":{\"@id\":\"https:\\\/\\\/ahorn-camp.de\\\/product\\\/tuerfeststeller\\\/#breadcrumb\"},\"inLanguage\":\"en-US\",\"potentialAction\":[{\"@type\":\"ReadAction\",\"target\":[\"https:\\\/\\\/ahorn-camp.de\\\/product\\\/tuerfeststeller\\\/\"]}]},{\"@type\":\"ImageObject\",\"inLanguage\":\"en-US\",\"@id\":\"https:\\\/\\\/ahorn-camp.de\\\/product\\\/tuerfeststeller\\\/#primaryimage\",\"url\":\"https:\\\/\\\/ahorn-camp.de\\\/wp-content\\\/uploads\\\/2024\\\/02\\\/Tuerfeststeller.jpg\",\"contentUrl\":\"https:\\\/\\\/ahorn-camp.de\\\/wp-content\\\/uploads\\\/2024\\\/02\\\/Tuerfeststeller.jpg\",\"width\":1000,\"height\":1000,\"caption\":\"Magnetischer T\u00fcrfeststeller Ersatzteil\"},{\"@type\":\"BreadcrumbList\",\"@id\":\"https:\\\/\\\/ahorn-camp.de\\\/product\\\/tuerfeststeller\\\/#breadcrumb\",\"itemListElement\":[{\"@type\":\"ListItem\",\"position\":1,\"name\":\"Startseite\",\"item\":\"https:\\\/\\\/ahorn-camp.de\\\/\"},{\"@type\":\"ListItem\",\"position\":2,\"name\":\"Merchandise-Shop\",\"item\":\"https:\\\/\\\/ahorn-camp.de\\\/merchandise-shop\\\/\"},{\"@type\":\"ListItem\",\"position\":3,\"name\":\"Magnetischer T\u00fcrfeststeller\"}]},{\"@type\":\"WebSite\",\"@id\":\"https:\\\/\\\/ahorn-camp.de\\\/#website\",\"url\":\"https:\\\/\\\/ahorn-camp.de\\\/\",\"name\":\"Ahorn Camp | Reisemobile und Kastenwagen\",\"description\":\"Seit \u00fcber 30 Jahren vermarktet das Familienunternehmen, Ahorn Camp in Speyer, erfolgreich Wohnmobile und Kastenwagen zum besten Preis-Leistungsverh\u00e4ltnis.\",\"publisher\":{\"@id\":\"https:\\\/\\\/ahorn-camp.de\\\/#organization\"},\"potentialAction\":[{\"@type\":\"SearchAction\",\"target\":{\"@type\":\"EntryPoint\",\"urlTemplate\":\"https:\\\/\\\/ahorn-camp.de\\\/?s={search_term_string}\"},\"query-input\":{\"@type\":\"PropertyValueSpecification\",\"valueRequired\":true,\"valueName\":\"search_term_string\"}}],\"inLanguage\":\"en-US\"},{\"@type\":\"Organization\",\"@id\":\"https:\\\/\\\/ahorn-camp.de\\\/#organization\",\"name\":\"Ahorn Camp GmbH & Co. KG\",\"url\":\"https:\\\/\\\/ahorn-camp.de\\\/\",\"logo\":{\"@type\":\"ImageObject\",\"inLanguage\":\"en-US\",\"@id\":\"https:\\\/\\\/ahorn-camp.de\\\/#\\\/schema\\\/logo\\\/image\\\/\",\"url\":\"https:\\\/\\\/ahorn-camp.de\\\/wp-content\\\/uploads\\\/2018\\\/12\\\/Ahorn_Logo.jpg\",\"contentUrl\":\"https:\\\/\\\/ahorn-camp.de\\\/wp-content\\\/uploads\\\/2018\\\/12\\\/Ahorn_Logo.jpg\",\"width\":1437,\"height\":1000,\"caption\":\"Ahorn Camp GmbH & Co. KG\"},\"image\":{\"@id\":\"https:\\\/\\\/ahorn-camp.de\\\/#\\\/schema\\\/logo\\\/image\\\/\"},\"sameAs\":[\"https:\\\/\\\/www.facebook.com\\\/ahorn.wohnmobile\\\/\",\"https:\\\/\\\/www.instagram.com\\\/ahorn.camp\\\/\",\"https:\\\/\\\/www.youtube.com\\\/channel\\\/UCPFbPCts1JJ_A1k9vyH0yOQ\"]}]}<\/script>\n<!-- \/ Yoast SEO plugin. -->","yoast_head_json":{"title":"Magnetic door holder - Ahorn Camp | motorhomes and camper vans","description":"Discover the magnetic door holder for motorhomes! Holds the door open magnetically so that no breeze can close it!","robots":{"index":"index","follow":"follow","max-snippet":"max-snippet:-1","max-image-preview":"max-image-preview:large","max-video-preview":"max-video-preview:-1"},"canonical":"https:\/\/ahorn-camp.de\/en\/product-2\/door-holder\/","og_locale":"en_US","og_type":"article","og_title":"Magnetischer T\u00fcrfeststeller - Ahorn Camp | Reisemobile und Kastenwagen","og_description":"Entdecken Sie den magnetischen T\u00fcrfeststeller f\u00fcr die Wohnmobile! H\u00e4lt sicher die T\u00fcr magnetisch auf, sodass kein Windhauch diese schlie\u00dfen kann!","og_url":"https:\/\/ahorn-camp.de\/en\/product-2\/door-holder\/","og_site_name":"Ahorn Camp | Reisemobile und Kastenwagen","article_publisher":"https:\/\/www.facebook.com\/ahorn.wohnmobile\/","article_modified_time":"2025-02-24T11:32:15+00:00","og_image":[{"width":1000,"height":1000,"url":"https:\/\/ahorn-camp.de\/wp-content\/uploads\/2024\/02\/Tuerfeststeller.jpg","type":"image\/jpeg"}],"twitter_card":"summary_large_image","twitter_misc":{"Est. reading time":"1 minute"},"schema":{"@context":"https:\/\/schema.org","@graph":[{"@type":"WebPage","@id":"https:\/\/ahorn-camp.de\/product\/tuerfeststeller\/","url":"https:\/\/ahorn-camp.de\/product\/tuerfeststeller\/","name":"Magnetic door holder - Ahorn Camp | motorhomes and camper vans","isPartOf":{"@id":"https:\/\/ahorn-camp.de\/#website"},"primaryImageOfPage":{"@id":"https:\/\/ahorn-camp.de\/product\/tuerfeststeller\/#primaryimage"},"image":{"@id":"https:\/\/ahorn-camp.de\/product\/tuerfeststeller\/#primaryimage"},"thumbnailUrl":"https:\/\/ahorn-camp.de\/wp-content\/uploads\/2024\/02\/Tuerfeststeller.jpg","datePublished":"2024-02-28T08:33:37+00:00","dateModified":"2025-02-24T11:32:15+00:00","description":"Discover the magnetic door holder for motorhomes! Holds the door open magnetically so that no breeze can close it!","breadcrumb":{"@id":"https:\/\/ahorn-camp.de\/product\/tuerfeststeller\/#breadcrumb"},"inLanguage":"en-US","potentialAction":[{"@type":"ReadAction","target":["https:\/\/ahorn-camp.de\/product\/tuerfeststeller\/"]}]},{"@type":"ImageObject","inLanguage":"en-US","@id":"https:\/\/ahorn-camp.de\/product\/tuerfeststeller\/#primaryimage","url":"https:\/\/ahorn-camp.de\/wp-content\/uploads\/2024\/02\/Tuerfeststeller.jpg","contentUrl":"https:\/\/ahorn-camp.de\/wp-content\/uploads\/2024\/02\/Tuerfeststeller.jpg","width":1000,"height":1000,"caption":"Magnetischer T\u00fcrfeststeller Ersatzteil"},{"@type":"BreadcrumbList","@id":"https:\/\/ahorn-camp.de\/product\/tuerfeststeller\/#breadcrumb","itemListElement":[{"@type":"ListItem","position":1,"name":"Startseite","item":"https:\/\/ahorn-camp.de\/"},{"@type":"ListItem","position":2,"name":"Merchandise-Shop","item":"https:\/\/ahorn-camp.de\/merchandise-shop\/"},{"@type":"ListItem","position":3,"name":"Magnetischer T\u00fcrfeststeller"}]},{"@type":"WebSite","@id":"https:\/\/ahorn-camp.de\/#website","url":"https:\/\/ahorn-camp.de\/","name":"Ahorn Camp | Motorhomes and camper vans","description":"For over 30 years, the family business, Ahorn Camp in Speyer, has successfully marketed motorhomes and camper vans at the best price-performance ratio.","publisher":{"@id":"https:\/\/ahorn-camp.de\/#organization"},"potentialAction":[{"@type":"SearchAction","target":{"@type":"EntryPoint","urlTemplate":"https:\/\/ahorn-camp.de\/?s={search_term_string}"},"query-input":{"@type":"PropertyValueSpecification","valueRequired":true,"valueName":"search_term_string"}}],"inLanguage":"en-US"},{"@type":"Organization","@id":"https:\/\/ahorn-camp.de\/#organization","name":"Ahorn Camp GmbH &amp; Co. KG","url":"https:\/\/ahorn-camp.de\/","logo":{"@type":"ImageObject","inLanguage":"en-US","@id":"https:\/\/ahorn-camp.de\/#\/schema\/logo\/image\/","url":"https:\/\/ahorn-camp.de\/wp-content\/uploads\/2018\/12\/Ahorn_Logo.jpg","contentUrl":"https:\/\/ahorn-camp.de\/wp-content\/uploads\/2018\/12\/Ahorn_Logo.jpg","width":1437,"height":1000,"caption":"Ahorn Camp GmbH & Co. KG"},"image":{"@id":"https:\/\/ahorn-camp.de\/#\/schema\/logo\/image\/"},"sameAs":["https:\/\/www.facebook.com\/ahorn.wohnmobile\/","https:\/\/www.instagram.com\/ahorn.camp\/","https:\/\/www.youtube.com\/channel\/UCPFbPCts1JJ_A1k9vyH0yOQ"]}]}},"_links":{"self":[{"href":"https:\/\/ahorn-camp.de\/en\/wp-json\/wp\/v2\/product\/22384","targetHints":{"allow":["GET"]}}],"collection":[{"href":"https:\/\/ahorn-camp.de\/en\/wp-json\/wp\/v2\/product"}],"about":[{"href":"https:\/\/ahorn-camp.de\/en\/wp-json\/wp\/v2\/types\/product"}],"wp:featuredmedia":[{"embeddable":true,"href":"https:\/\/ahorn-camp.de\/en\/wp-json\/wp\/v2\/media\/22496"}],"wp:attachment":[{"href":"https:\/\/ahorn-camp.de\/en\/wp-json\/wp\/v2\/media?parent=22384"}],"wp:term":[{"taxonomy":"product_brand","embeddable":true,"href":"https:\/\/ahorn-camp.de\/en\/wp-json\/wp\/v2\/product_brand?post=22384"},{"taxonomy":"product_cat","embeddable":true,"href":"https:\/\/ahorn-camp.de\/en\/wp-json\/wp\/v2\/product_cat?post=22384"},{"taxonomy":"product_tag","embeddable":true,"href":"https:\/\/ahorn-camp.de\/en\/wp-json\/wp\/v2\/product_tag?post=22384"}],"curies":[{"name":"wp","href":"https:\/\/api.w.org\/{rel}","templated":true}]}}