{"id":22379,"date":"2024-02-28T09:25:31","date_gmt":"2024-02-28T08:25:31","guid":{"rendered":"https:\/\/ahorn-camp.de\/?post_type=product&#038;p=22379"},"modified":"2024-03-14T11:27:06","modified_gmt":"2024-03-14T10:27:06","slug":"winter-cover","status":"publish","type":"product","link":"https:\/\/ahorn-camp.de\/en\/product\/winterabdeckung\/","title":{"rendered":"Winter cover fridge small &amp; large"},"content":{"rendered":"<p>In winter, it is advisable to fit the ventilation grilles of the refrigerator with the winter cover so that not too much cold air gets into the vehicle interior and the heat stays inside better. The refrigerator has enough air to cool down through the small openings in the winter cover.<\/p>\n<p>Our winter covers are suitable for the Thetford refrigerators in our vehicles.<\/p>\n<p>Dimensions of the associated ventilation grilles:<\/p>\n<ul>\n<li>Small: WxH approx. 48 x 18 cm<\/li>\n<li>Large: WxH approx. 43 x 25.5 cm<\/li>\n<\/ul>","protected":false},"excerpt":{"rendered":"<p>In winter, it is advisable to fit the ventilation grilles of the refrigerator with the winter cover so that not too much cold air gets into the vehicle interior and the heat stays inside better. The refrigerator has enough air to cool down through the small openings in the winter cover.<\/p>\n<p>Our winter covers are suitable for the Thetford refrigerators in our vehicles.<\/p>\n<p>Dimensions of the associated ventilation grilles:<\/p>\n<ul>\n<li>Small: WxH approx. 48 x 18 cm<\/li>\n<li>Large: WxH approx. 43 x 25.5 cm<\/li>\n<\/ul>","protected":false},"featured_media":22609,"template":"","meta":{"content-type":""},"product_brand":[],"product_cat":[602,604,612],"product_tag":[],"class_list":{"0":"post-22379","1":"product","2":"type-product","3":"status-publish","4":"has-post-thumbnail","6":"product_cat-zubehoer","7":"product_cat-zubehoer-womo","8":"product_cat-zubehoer-womo-teil","9":"product_shipping_class-paket","11":"first","12":"instock","13":"taxable","14":"shipping-taxable","15":"product-type-variable"},"yoast_head":"<!-- This site is optimized with the Yoast SEO plugin v27.4 - https:\/\/yoast.com\/product\/yoast-seo-wordpress\/ -->\n<title>Winterabdeckung K\u00fchlschrank klein &amp; gro\u00df - Ahorn Camp | Reisemobile und Kastenwagen<\/title>\n<meta name=\"description\" content=\"Entdecken Sie hier die Winterabdeckung f\u00fcr Thetford K\u00fchlschranke in klein und gro\u00df. Ideal, um die K\u00e4lte im Winter drau\u00dfen zu lassen!\" \/>\n<meta name=\"robots\" content=\"index, follow, max-snippet:-1, max-image-preview:large, max-video-preview:-1\" \/>\n<link rel=\"canonical\" href=\"https:\/\/ahorn-camp.de\/en\/product-2\/winter-cover\/\" \/>\n<meta property=\"og:locale\" content=\"en_US\" \/>\n<meta property=\"og:type\" content=\"article\" \/>\n<meta property=\"og:title\" content=\"Winterabdeckung K\u00fchlschrank klein &amp; gro\u00df - Ahorn Camp | Reisemobile und Kastenwagen\" \/>\n<meta property=\"og:description\" content=\"Entdecken Sie hier die Winterabdeckung f\u00fcr Thetford K\u00fchlschranke in klein und gro\u00df. Ideal, um die K\u00e4lte im Winter drau\u00dfen zu lassen!\" \/>\n<meta property=\"og:url\" content=\"https:\/\/ahorn-camp.de\/en\/product-2\/winter-cover\/\" \/>\n<meta property=\"og:site_name\" content=\"Ahorn Camp | Reisemobile und Kastenwagen\" \/>\n<meta property=\"article:publisher\" content=\"https:\/\/www.facebook.com\/ahorn.wohnmobile\/\" \/>\n<meta property=\"article:modified_time\" content=\"2024-03-14T10:27:06+00:00\" \/>\n<meta property=\"og:image\" content=\"https:\/\/ahorn-camp.de\/wp-content\/uploads\/2024\/02\/Winterabdeckung-1.jpg\" \/>\n\t<meta property=\"og:image:width\" content=\"1000\" \/>\n\t<meta property=\"og:image:height\" content=\"1000\" \/>\n\t<meta property=\"og:image:type\" content=\"image\/jpeg\" \/>\n<meta name=\"twitter:card\" content=\"summary_large_image\" \/>\n<meta name=\"twitter:label1\" content=\"Est. reading time\" \/>\n\t<meta name=\"twitter:data1\" content=\"1 minute\" \/>\n<script type=\"application\/ld+json\" class=\"yoast-schema-graph\">{\"@context\":\"https:\\\/\\\/schema.org\",\"@graph\":[{\"@type\":\"WebPage\",\"@id\":\"https:\\\/\\\/ahorn-camp.de\\\/product\\\/winterabdeckung\\\/\",\"url\":\"https:\\\/\\\/ahorn-camp.de\\\/product\\\/winterabdeckung\\\/\",\"name\":\"Winterabdeckung K\u00fchlschrank klein & gro\u00df - Ahorn Camp | Reisemobile und Kastenwagen\",\"isPartOf\":{\"@id\":\"https:\\\/\\\/ahorn-camp.de\\\/#website\"},\"primaryImageOfPage\":{\"@id\":\"https:\\\/\\\/ahorn-camp.de\\\/product\\\/winterabdeckung\\\/#primaryimage\"},\"image\":{\"@id\":\"https:\\\/\\\/ahorn-camp.de\\\/product\\\/winterabdeckung\\\/#primaryimage\"},\"thumbnailUrl\":\"https:\\\/\\\/ahorn-camp.de\\\/wp-content\\\/uploads\\\/2024\\\/02\\\/Winterabdeckung-1.jpg\",\"datePublished\":\"2024-02-28T08:25:31+00:00\",\"dateModified\":\"2024-03-14T10:27:06+00:00\",\"description\":\"Entdecken Sie hier die Winterabdeckung f\u00fcr Thetford K\u00fchlschranke in klein und gro\u00df. Ideal, um die K\u00e4lte im Winter drau\u00dfen zu lassen!\",\"breadcrumb\":{\"@id\":\"https:\\\/\\\/ahorn-camp.de\\\/product\\\/winterabdeckung\\\/#breadcrumb\"},\"inLanguage\":\"en-US\",\"potentialAction\":[{\"@type\":\"ReadAction\",\"target\":[\"https:\\\/\\\/ahorn-camp.de\\\/product\\\/winterabdeckung\\\/\"]}]},{\"@type\":\"ImageObject\",\"inLanguage\":\"en-US\",\"@id\":\"https:\\\/\\\/ahorn-camp.de\\\/product\\\/winterabdeckung\\\/#primaryimage\",\"url\":\"https:\\\/\\\/ahorn-camp.de\\\/wp-content\\\/uploads\\\/2024\\\/02\\\/Winterabdeckung-1.jpg\",\"contentUrl\":\"https:\\\/\\\/ahorn-camp.de\\\/wp-content\\\/uploads\\\/2024\\\/02\\\/Winterabdeckung-1.jpg\",\"width\":1000,\"height\":1000,\"caption\":\"Winterabdeckung gro\u00df wei\u00df\"},{\"@type\":\"BreadcrumbList\",\"@id\":\"https:\\\/\\\/ahorn-camp.de\\\/product\\\/winterabdeckung\\\/#breadcrumb\",\"itemListElement\":[{\"@type\":\"ListItem\",\"position\":1,\"name\":\"Startseite\",\"item\":\"https:\\\/\\\/ahorn-camp.de\\\/\"},{\"@type\":\"ListItem\",\"position\":2,\"name\":\"Merchandise-Shop\",\"item\":\"https:\\\/\\\/ahorn-camp.de\\\/merchandise-shop\\\/\"},{\"@type\":\"ListItem\",\"position\":3,\"name\":\"Winterabdeckung K\u00fchlschrank klein &#038; gro\u00df\"}]},{\"@type\":\"WebSite\",\"@id\":\"https:\\\/\\\/ahorn-camp.de\\\/#website\",\"url\":\"https:\\\/\\\/ahorn-camp.de\\\/\",\"name\":\"Ahorn Camp | Reisemobile und Kastenwagen\",\"description\":\"Seit \u00fcber 30 Jahren vermarktet das Familienunternehmen, Ahorn Camp in Speyer, erfolgreich Wohnmobile und Kastenwagen zum besten Preis-Leistungsverh\u00e4ltnis.\",\"publisher\":{\"@id\":\"https:\\\/\\\/ahorn-camp.de\\\/#organization\"},\"potentialAction\":[{\"@type\":\"SearchAction\",\"target\":{\"@type\":\"EntryPoint\",\"urlTemplate\":\"https:\\\/\\\/ahorn-camp.de\\\/?s={search_term_string}\"},\"query-input\":{\"@type\":\"PropertyValueSpecification\",\"valueRequired\":true,\"valueName\":\"search_term_string\"}}],\"inLanguage\":\"en-US\"},{\"@type\":\"Organization\",\"@id\":\"https:\\\/\\\/ahorn-camp.de\\\/#organization\",\"name\":\"Ahorn Camp GmbH & Co. KG\",\"url\":\"https:\\\/\\\/ahorn-camp.de\\\/\",\"logo\":{\"@type\":\"ImageObject\",\"inLanguage\":\"en-US\",\"@id\":\"https:\\\/\\\/ahorn-camp.de\\\/#\\\/schema\\\/logo\\\/image\\\/\",\"url\":\"https:\\\/\\\/ahorn-camp.de\\\/wp-content\\\/uploads\\\/2018\\\/12\\\/Ahorn_Logo.jpg\",\"contentUrl\":\"https:\\\/\\\/ahorn-camp.de\\\/wp-content\\\/uploads\\\/2018\\\/12\\\/Ahorn_Logo.jpg\",\"width\":1437,\"height\":1000,\"caption\":\"Ahorn Camp GmbH & Co. KG\"},\"image\":{\"@id\":\"https:\\\/\\\/ahorn-camp.de\\\/#\\\/schema\\\/logo\\\/image\\\/\"},\"sameAs\":[\"https:\\\/\\\/www.facebook.com\\\/ahorn.wohnmobile\\\/\",\"https:\\\/\\\/www.instagram.com\\\/ahorn.camp\\\/\",\"https:\\\/\\\/www.youtube.com\\\/channel\\\/UCPFbPCts1JJ_A1k9vyH0yOQ\"]}]}<\/script>\n<!-- \/ Yoast SEO plugin. -->","yoast_head_json":{"title":"Winter cover fridge small &amp; large - Ahorn Camp | motorhomes and camper vans","description":"Discover the winter cover for small and large Thetford refrigerators here. Ideal for keeping out the cold in winter!","robots":{"index":"index","follow":"follow","max-snippet":"max-snippet:-1","max-image-preview":"max-image-preview:large","max-video-preview":"max-video-preview:-1"},"canonical":"https:\/\/ahorn-camp.de\/en\/product-2\/winter-cover\/","og_locale":"en_US","og_type":"article","og_title":"Winterabdeckung K\u00fchlschrank klein & gro\u00df - Ahorn Camp | Reisemobile und Kastenwagen","og_description":"Entdecken Sie hier die Winterabdeckung f\u00fcr Thetford K\u00fchlschranke in klein und gro\u00df. Ideal, um die K\u00e4lte im Winter drau\u00dfen zu lassen!","og_url":"https:\/\/ahorn-camp.de\/en\/product-2\/winter-cover\/","og_site_name":"Ahorn Camp | Reisemobile und Kastenwagen","article_publisher":"https:\/\/www.facebook.com\/ahorn.wohnmobile\/","article_modified_time":"2024-03-14T10:27:06+00:00","og_image":[{"width":1000,"height":1000,"url":"https:\/\/ahorn-camp.de\/wp-content\/uploads\/2024\/02\/Winterabdeckung-1.jpg","type":"image\/jpeg"}],"twitter_card":"summary_large_image","twitter_misc":{"Est. reading time":"1 minute"},"schema":{"@context":"https:\/\/schema.org","@graph":[{"@type":"WebPage","@id":"https:\/\/ahorn-camp.de\/product\/winterabdeckung\/","url":"https:\/\/ahorn-camp.de\/product\/winterabdeckung\/","name":"Winter cover fridge small &amp; large - Ahorn Camp | motorhomes and camper vans","isPartOf":{"@id":"https:\/\/ahorn-camp.de\/#website"},"primaryImageOfPage":{"@id":"https:\/\/ahorn-camp.de\/product\/winterabdeckung\/#primaryimage"},"image":{"@id":"https:\/\/ahorn-camp.de\/product\/winterabdeckung\/#primaryimage"},"thumbnailUrl":"https:\/\/ahorn-camp.de\/wp-content\/uploads\/2024\/02\/Winterabdeckung-1.jpg","datePublished":"2024-02-28T08:25:31+00:00","dateModified":"2024-03-14T10:27:06+00:00","description":"Discover the winter cover for small and large Thetford refrigerators here. Ideal for keeping out the cold in winter!","breadcrumb":{"@id":"https:\/\/ahorn-camp.de\/product\/winterabdeckung\/#breadcrumb"},"inLanguage":"en-US","potentialAction":[{"@type":"ReadAction","target":["https:\/\/ahorn-camp.de\/product\/winterabdeckung\/"]}]},{"@type":"ImageObject","inLanguage":"en-US","@id":"https:\/\/ahorn-camp.de\/product\/winterabdeckung\/#primaryimage","url":"https:\/\/ahorn-camp.de\/wp-content\/uploads\/2024\/02\/Winterabdeckung-1.jpg","contentUrl":"https:\/\/ahorn-camp.de\/wp-content\/uploads\/2024\/02\/Winterabdeckung-1.jpg","width":1000,"height":1000,"caption":"Winterabdeckung gro\u00df wei\u00df"},{"@type":"BreadcrumbList","@id":"https:\/\/ahorn-camp.de\/product\/winterabdeckung\/#breadcrumb","itemListElement":[{"@type":"ListItem","position":1,"name":"Startseite","item":"https:\/\/ahorn-camp.de\/"},{"@type":"ListItem","position":2,"name":"Merchandise-Shop","item":"https:\/\/ahorn-camp.de\/merchandise-shop\/"},{"@type":"ListItem","position":3,"name":"Winterabdeckung K\u00fchlschrank klein &#038; gro\u00df"}]},{"@type":"WebSite","@id":"https:\/\/ahorn-camp.de\/#website","url":"https:\/\/ahorn-camp.de\/","name":"Ahorn Camp | Motorhomes and camper vans","description":"For over 30 years, the family business, Ahorn Camp in Speyer, has successfully marketed motorhomes and camper vans at the best price-performance ratio.","publisher":{"@id":"https:\/\/ahorn-camp.de\/#organization"},"potentialAction":[{"@type":"SearchAction","target":{"@type":"EntryPoint","urlTemplate":"https:\/\/ahorn-camp.de\/?s={search_term_string}"},"query-input":{"@type":"PropertyValueSpecification","valueRequired":true,"valueName":"search_term_string"}}],"inLanguage":"en-US"},{"@type":"Organization","@id":"https:\/\/ahorn-camp.de\/#organization","name":"Ahorn Camp GmbH &amp; Co. KG","url":"https:\/\/ahorn-camp.de\/","logo":{"@type":"ImageObject","inLanguage":"en-US","@id":"https:\/\/ahorn-camp.de\/#\/schema\/logo\/image\/","url":"https:\/\/ahorn-camp.de\/wp-content\/uploads\/2018\/12\/Ahorn_Logo.jpg","contentUrl":"https:\/\/ahorn-camp.de\/wp-content\/uploads\/2018\/12\/Ahorn_Logo.jpg","width":1437,"height":1000,"caption":"Ahorn Camp GmbH & Co. KG"},"image":{"@id":"https:\/\/ahorn-camp.de\/#\/schema\/logo\/image\/"},"sameAs":["https:\/\/www.facebook.com\/ahorn.wohnmobile\/","https:\/\/www.instagram.com\/ahorn.camp\/","https:\/\/www.youtube.com\/channel\/UCPFbPCts1JJ_A1k9vyH0yOQ"]}]}},"_links":{"self":[{"href":"https:\/\/ahorn-camp.de\/en\/wp-json\/wp\/v2\/product\/22379","targetHints":{"allow":["GET"]}}],"collection":[{"href":"https:\/\/ahorn-camp.de\/en\/wp-json\/wp\/v2\/product"}],"about":[{"href":"https:\/\/ahorn-camp.de\/en\/wp-json\/wp\/v2\/types\/product"}],"wp:featuredmedia":[{"embeddable":true,"href":"https:\/\/ahorn-camp.de\/en\/wp-json\/wp\/v2\/media\/22609"}],"wp:attachment":[{"href":"https:\/\/ahorn-camp.de\/en\/wp-json\/wp\/v2\/media?parent=22379"}],"wp:term":[{"taxonomy":"product_brand","embeddable":true,"href":"https:\/\/ahorn-camp.de\/en\/wp-json\/wp\/v2\/product_brand?post=22379"},{"taxonomy":"product_cat","embeddable":true,"href":"https:\/\/ahorn-camp.de\/en\/wp-json\/wp\/v2\/product_cat?post=22379"},{"taxonomy":"product_tag","embeddable":true,"href":"https:\/\/ahorn-camp.de\/en\/wp-json\/wp\/v2\/product_tag?post=22379"}],"curies":[{"name":"wp","href":"https:\/\/api.w.org\/{rel}","templated":true}]}}