{"id":20270,"date":"2023-10-18T17:03:03","date_gmt":"2023-10-18T15:03:03","guid":{"rendered":"https:\/\/ahorn-camp.de\/?post_type=product&#038;p=20270"},"modified":"2025-02-04T11:14:19","modified_gmt":"2025-02-04T10:14:19","slug":"maple-camp-cab-bed","status":"publish","type":"product","link":"https:\/\/ahorn-camp.de\/en\/product\/ahorn-camp-fahrerhausbett\/","title":{"rendered":"Maple Camp cab bed"},"content":{"rendered":"<p>The comfortable additional bed for motorhomes and vans can be set up in the cab in seconds and is suitable for the Camp, Canada, Alaska and Van 620\/550 model series. Suitable for all campers with Renault Master as the base vehicle. With dimensions of 160x73cm, the bed is ideal for smaller travelers. It comes with a high-quality, gray fabric cover with maple embroidery. Weighing less than 8 kg and with a pack size of 80 x 66 x 21 cm, the bed can be used flexibly at any time and can of course be stored in the cellar when not in use, as no parts need to be permanently installed. The cab bed can bear loads of up to 100 kg and can be attached to the belt holder with the supplied tensioning straps for optimum stability.<\/p>","protected":false},"excerpt":{"rendered":"<p>The comfortable additional bed for motorhomes and vans can be set up in the cab in seconds and is suitable for the Camp, Canada, Alaska and Van 620\/550 model series. Suitable for all campers with Renault Master as the base vehicle. With dimensions of 160x73cm, the bed is ideal for smaller travelers. It comes with a high-quality, gray fabric cover with maple embroidery. Weighing less than 8 kg and with a pack size of 80 x 66 x 21 cm, the bed can be used flexibly at any time and can of course be stored in the cellar when not in use, as no parts need to be permanently installed. The cab bed can bear loads of up to 100 kg and can be attached to the belt holder with the supplied tensioning straps for optimum stability.<\/p>","protected":false},"featured_media":27294,"template":"","meta":{"content-type":""},"product_brand":[],"product_cat":[602,605,608,604,612],"product_tag":[],"class_list":{"0":"post-20270","1":"product","2":"type-product","3":"status-publish","4":"has-post-thumbnail","6":"product_cat-zubehoer","7":"product_cat-zubehoer-van","8":"product_cat-zubehoer-van-teil","9":"product_cat-zubehoer-womo","10":"product_cat-zubehoer-womo-teil","11":"product_shipping_class-sperrgut","13":"first","14":"instock","15":"sale","16":"taxable","17":"shipping-taxable","18":"purchasable","19":"product-type-simple"},"yoast_head":"<!-- This site is optimized with the Yoast SEO plugin v27.4 - https:\/\/yoast.com\/product\/yoast-seo-wordpress\/ -->\n<title>Ahorn Camp Fahrerhausbett - Ahorn Camp | Reisemobile und Kastenwagen<\/title>\n<meta name=\"description\" content=\"Das praktische Fahrerhausbett f\u00fcr den Renault Master mit den Ma\u00dfen 160 x 73cm Liegefl\u00e4che f\u00fcr alle Wohnmobile und Vans von Ahorn.\" \/>\n<meta name=\"robots\" content=\"index, follow, max-snippet:-1, max-image-preview:large, max-video-preview:-1\" \/>\n<link rel=\"canonical\" href=\"https:\/\/ahorn-camp.de\/en\/product-2\/maple-camp-cab-bed\/\" \/>\n<meta property=\"og:locale\" content=\"en_US\" \/>\n<meta property=\"og:type\" content=\"article\" \/>\n<meta property=\"og:title\" content=\"Ahorn Camp Fahrerhausbett - Ahorn Camp | Reisemobile und Kastenwagen\" \/>\n<meta property=\"og:description\" content=\"Das praktische Fahrerhausbett f\u00fcr den Renault Master mit den Ma\u00dfen 160 x 73cm Liegefl\u00e4che f\u00fcr alle Wohnmobile und Vans von Ahorn.\" \/>\n<meta property=\"og:url\" content=\"https:\/\/ahorn-camp.de\/en\/product-2\/maple-camp-cab-bed\/\" \/>\n<meta property=\"og:site_name\" content=\"Ahorn Camp | Reisemobile und Kastenwagen\" \/>\n<meta property=\"article:publisher\" content=\"https:\/\/www.facebook.com\/ahorn.wohnmobile\/\" \/>\n<meta property=\"article:modified_time\" content=\"2025-02-04T10:14:19+00:00\" \/>\n<meta property=\"og:image\" content=\"https:\/\/ahorn-camp.de\/wp-content\/uploads\/2023\/10\/Fahrerhausbett-4-Kind.jpg\" \/>\n\t<meta property=\"og:image:width\" content=\"1080\" \/>\n\t<meta property=\"og:image:height\" content=\"1080\" \/>\n\t<meta property=\"og:image:type\" content=\"image\/jpeg\" \/>\n<meta name=\"twitter:card\" content=\"summary_large_image\" \/>\n<meta name=\"twitter:label1\" content=\"Est. reading time\" \/>\n\t<meta name=\"twitter:data1\" content=\"1 minute\" \/>\n<script type=\"application\/ld+json\" class=\"yoast-schema-graph\">{\"@context\":\"https:\\\/\\\/schema.org\",\"@graph\":[{\"@type\":\"WebPage\",\"@id\":\"https:\\\/\\\/ahorn-camp.de\\\/product\\\/ahorn-camp-fahrerhausbett\\\/\",\"url\":\"https:\\\/\\\/ahorn-camp.de\\\/product\\\/ahorn-camp-fahrerhausbett\\\/\",\"name\":\"Ahorn Camp Fahrerhausbett - Ahorn Camp | Reisemobile und Kastenwagen\",\"isPartOf\":{\"@id\":\"https:\\\/\\\/ahorn-camp.de\\\/#website\"},\"primaryImageOfPage\":{\"@id\":\"https:\\\/\\\/ahorn-camp.de\\\/product\\\/ahorn-camp-fahrerhausbett\\\/#primaryimage\"},\"image\":{\"@id\":\"https:\\\/\\\/ahorn-camp.de\\\/product\\\/ahorn-camp-fahrerhausbett\\\/#primaryimage\"},\"thumbnailUrl\":\"https:\\\/\\\/ahorn-camp.de\\\/wp-content\\\/uploads\\\/2023\\\/10\\\/Fahrerhausbett-4-Kind.jpg\",\"datePublished\":\"2023-10-18T15:03:03+00:00\",\"dateModified\":\"2025-02-04T10:14:19+00:00\",\"description\":\"Das praktische Fahrerhausbett f\u00fcr den Renault Master mit den Ma\u00dfen 160 x 73cm Liegefl\u00e4che f\u00fcr alle Wohnmobile und Vans von Ahorn.\",\"breadcrumb\":{\"@id\":\"https:\\\/\\\/ahorn-camp.de\\\/product\\\/ahorn-camp-fahrerhausbett\\\/#breadcrumb\"},\"inLanguage\":\"en-US\",\"potentialAction\":[{\"@type\":\"ReadAction\",\"target\":[\"https:\\\/\\\/ahorn-camp.de\\\/product\\\/ahorn-camp-fahrerhausbett\\\/\"]}]},{\"@type\":\"ImageObject\",\"inLanguage\":\"en-US\",\"@id\":\"https:\\\/\\\/ahorn-camp.de\\\/product\\\/ahorn-camp-fahrerhausbett\\\/#primaryimage\",\"url\":\"https:\\\/\\\/ahorn-camp.de\\\/wp-content\\\/uploads\\\/2023\\\/10\\\/Fahrerhausbett-4-Kind.jpg\",\"contentUrl\":\"https:\\\/\\\/ahorn-camp.de\\\/wp-content\\\/uploads\\\/2023\\\/10\\\/Fahrerhausbett-4-Kind.jpg\",\"width\":1080,\"height\":1080,\"caption\":\"Kind im Fahrerhausbett\"},{\"@type\":\"BreadcrumbList\",\"@id\":\"https:\\\/\\\/ahorn-camp.de\\\/product\\\/ahorn-camp-fahrerhausbett\\\/#breadcrumb\",\"itemListElement\":[{\"@type\":\"ListItem\",\"position\":1,\"name\":\"Startseite\",\"item\":\"https:\\\/\\\/ahorn-camp.de\\\/\"},{\"@type\":\"ListItem\",\"position\":2,\"name\":\"Merchandise-Shop\",\"item\":\"https:\\\/\\\/ahorn-camp.de\\\/merchandise-shop\\\/\"},{\"@type\":\"ListItem\",\"position\":3,\"name\":\"Ahorn Camp Fahrerhausbett\"}]},{\"@type\":\"WebSite\",\"@id\":\"https:\\\/\\\/ahorn-camp.de\\\/#website\",\"url\":\"https:\\\/\\\/ahorn-camp.de\\\/\",\"name\":\"Ahorn Camp | Reisemobile und Kastenwagen\",\"description\":\"Seit \u00fcber 30 Jahren vermarktet das Familienunternehmen, Ahorn Camp in Speyer, erfolgreich Wohnmobile und Kastenwagen zum besten Preis-Leistungsverh\u00e4ltnis.\",\"publisher\":{\"@id\":\"https:\\\/\\\/ahorn-camp.de\\\/#organization\"},\"potentialAction\":[{\"@type\":\"SearchAction\",\"target\":{\"@type\":\"EntryPoint\",\"urlTemplate\":\"https:\\\/\\\/ahorn-camp.de\\\/?s={search_term_string}\"},\"query-input\":{\"@type\":\"PropertyValueSpecification\",\"valueRequired\":true,\"valueName\":\"search_term_string\"}}],\"inLanguage\":\"en-US\"},{\"@type\":\"Organization\",\"@id\":\"https:\\\/\\\/ahorn-camp.de\\\/#organization\",\"name\":\"Ahorn Camp GmbH & Co. KG\",\"url\":\"https:\\\/\\\/ahorn-camp.de\\\/\",\"logo\":{\"@type\":\"ImageObject\",\"inLanguage\":\"en-US\",\"@id\":\"https:\\\/\\\/ahorn-camp.de\\\/#\\\/schema\\\/logo\\\/image\\\/\",\"url\":\"https:\\\/\\\/ahorn-camp.de\\\/wp-content\\\/uploads\\\/2018\\\/12\\\/Ahorn_Logo.jpg\",\"contentUrl\":\"https:\\\/\\\/ahorn-camp.de\\\/wp-content\\\/uploads\\\/2018\\\/12\\\/Ahorn_Logo.jpg\",\"width\":1437,\"height\":1000,\"caption\":\"Ahorn Camp GmbH & Co. KG\"},\"image\":{\"@id\":\"https:\\\/\\\/ahorn-camp.de\\\/#\\\/schema\\\/logo\\\/image\\\/\"},\"sameAs\":[\"https:\\\/\\\/www.facebook.com\\\/ahorn.wohnmobile\\\/\",\"https:\\\/\\\/www.instagram.com\\\/ahorn.camp\\\/\",\"https:\\\/\\\/www.youtube.com\\\/channel\\\/UCPFbPCts1JJ_A1k9vyH0yOQ\"]}]}<\/script>\n<!-- \/ Yoast SEO plugin. -->","yoast_head_json":{"title":"Ahorn Camp cab bed - Ahorn Camp | motorhomes and camper vans","description":"The practical cab bed for the Renault Master with a 160 x 73 cm lying surface for all motorhomes and vans from Ahorn.","robots":{"index":"index","follow":"follow","max-snippet":"max-snippet:-1","max-image-preview":"max-image-preview:large","max-video-preview":"max-video-preview:-1"},"canonical":"https:\/\/ahorn-camp.de\/en\/product-2\/maple-camp-cab-bed\/","og_locale":"en_US","og_type":"article","og_title":"Ahorn Camp Fahrerhausbett - Ahorn Camp | Reisemobile und Kastenwagen","og_description":"Das praktische Fahrerhausbett f\u00fcr den Renault Master mit den Ma\u00dfen 160 x 73cm Liegefl\u00e4che f\u00fcr alle Wohnmobile und Vans von Ahorn.","og_url":"https:\/\/ahorn-camp.de\/en\/product-2\/maple-camp-cab-bed\/","og_site_name":"Ahorn Camp | Reisemobile und Kastenwagen","article_publisher":"https:\/\/www.facebook.com\/ahorn.wohnmobile\/","article_modified_time":"2025-02-04T10:14:19+00:00","og_image":[{"width":1080,"height":1080,"url":"https:\/\/ahorn-camp.de\/wp-content\/uploads\/2023\/10\/Fahrerhausbett-4-Kind.jpg","type":"image\/jpeg"}],"twitter_card":"summary_large_image","twitter_misc":{"Est. reading time":"1 minute"},"schema":{"@context":"https:\/\/schema.org","@graph":[{"@type":"WebPage","@id":"https:\/\/ahorn-camp.de\/product\/ahorn-camp-fahrerhausbett\/","url":"https:\/\/ahorn-camp.de\/product\/ahorn-camp-fahrerhausbett\/","name":"Ahorn Camp cab bed - Ahorn Camp | motorhomes and camper vans","isPartOf":{"@id":"https:\/\/ahorn-camp.de\/#website"},"primaryImageOfPage":{"@id":"https:\/\/ahorn-camp.de\/product\/ahorn-camp-fahrerhausbett\/#primaryimage"},"image":{"@id":"https:\/\/ahorn-camp.de\/product\/ahorn-camp-fahrerhausbett\/#primaryimage"},"thumbnailUrl":"https:\/\/ahorn-camp.de\/wp-content\/uploads\/2023\/10\/Fahrerhausbett-4-Kind.jpg","datePublished":"2023-10-18T15:03:03+00:00","dateModified":"2025-02-04T10:14:19+00:00","description":"The practical cab bed for the Renault Master with a 160 x 73 cm lying surface for all motorhomes and vans from Ahorn.","breadcrumb":{"@id":"https:\/\/ahorn-camp.de\/product\/ahorn-camp-fahrerhausbett\/#breadcrumb"},"inLanguage":"en-US","potentialAction":[{"@type":"ReadAction","target":["https:\/\/ahorn-camp.de\/product\/ahorn-camp-fahrerhausbett\/"]}]},{"@type":"ImageObject","inLanguage":"en-US","@id":"https:\/\/ahorn-camp.de\/product\/ahorn-camp-fahrerhausbett\/#primaryimage","url":"https:\/\/ahorn-camp.de\/wp-content\/uploads\/2023\/10\/Fahrerhausbett-4-Kind.jpg","contentUrl":"https:\/\/ahorn-camp.de\/wp-content\/uploads\/2023\/10\/Fahrerhausbett-4-Kind.jpg","width":1080,"height":1080,"caption":"Kind im Fahrerhausbett"},{"@type":"BreadcrumbList","@id":"https:\/\/ahorn-camp.de\/product\/ahorn-camp-fahrerhausbett\/#breadcrumb","itemListElement":[{"@type":"ListItem","position":1,"name":"Startseite","item":"https:\/\/ahorn-camp.de\/"},{"@type":"ListItem","position":2,"name":"Merchandise-Shop","item":"https:\/\/ahorn-camp.de\/merchandise-shop\/"},{"@type":"ListItem","position":3,"name":"Ahorn Camp Fahrerhausbett"}]},{"@type":"WebSite","@id":"https:\/\/ahorn-camp.de\/#website","url":"https:\/\/ahorn-camp.de\/","name":"Ahorn Camp | Motorhomes and camper vans","description":"For over 30 years, the family business, Ahorn Camp in Speyer, has successfully marketed motorhomes and camper vans at the best price-performance ratio.","publisher":{"@id":"https:\/\/ahorn-camp.de\/#organization"},"potentialAction":[{"@type":"SearchAction","target":{"@type":"EntryPoint","urlTemplate":"https:\/\/ahorn-camp.de\/?s={search_term_string}"},"query-input":{"@type":"PropertyValueSpecification","valueRequired":true,"valueName":"search_term_string"}}],"inLanguage":"en-US"},{"@type":"Organization","@id":"https:\/\/ahorn-camp.de\/#organization","name":"Ahorn Camp GmbH &amp; Co. KG","url":"https:\/\/ahorn-camp.de\/","logo":{"@type":"ImageObject","inLanguage":"en-US","@id":"https:\/\/ahorn-camp.de\/#\/schema\/logo\/image\/","url":"https:\/\/ahorn-camp.de\/wp-content\/uploads\/2018\/12\/Ahorn_Logo.jpg","contentUrl":"https:\/\/ahorn-camp.de\/wp-content\/uploads\/2018\/12\/Ahorn_Logo.jpg","width":1437,"height":1000,"caption":"Ahorn Camp GmbH & Co. KG"},"image":{"@id":"https:\/\/ahorn-camp.de\/#\/schema\/logo\/image\/"},"sameAs":["https:\/\/www.facebook.com\/ahorn.wohnmobile\/","https:\/\/www.instagram.com\/ahorn.camp\/","https:\/\/www.youtube.com\/channel\/UCPFbPCts1JJ_A1k9vyH0yOQ"]}]}},"_links":{"self":[{"href":"https:\/\/ahorn-camp.de\/en\/wp-json\/wp\/v2\/product\/20270","targetHints":{"allow":["GET"]}}],"collection":[{"href":"https:\/\/ahorn-camp.de\/en\/wp-json\/wp\/v2\/product"}],"about":[{"href":"https:\/\/ahorn-camp.de\/en\/wp-json\/wp\/v2\/types\/product"}],"wp:featuredmedia":[{"embeddable":true,"href":"https:\/\/ahorn-camp.de\/en\/wp-json\/wp\/v2\/media\/27294"}],"wp:attachment":[{"href":"https:\/\/ahorn-camp.de\/en\/wp-json\/wp\/v2\/media?parent=20270"}],"wp:term":[{"taxonomy":"product_brand","embeddable":true,"href":"https:\/\/ahorn-camp.de\/en\/wp-json\/wp\/v2\/product_brand?post=20270"},{"taxonomy":"product_cat","embeddable":true,"href":"https:\/\/ahorn-camp.de\/en\/wp-json\/wp\/v2\/product_cat?post=20270"},{"taxonomy":"product_tag","embeddable":true,"href":"https:\/\/ahorn-camp.de\/en\/wp-json\/wp\/v2\/product_tag?post=20270"}],"curies":[{"name":"wp","href":"https:\/\/api.w.org\/{rel}","templated":true}]}}