{"id":9652,"date":"2020-11-11T14:41:44","date_gmt":"2020-11-11T13:41:44","guid":{"rendered":"https:\/\/ahorn-camp.de\/?page_id=9652"},"modified":"2024-04-04T11:40:23","modified_gmt":"2024-04-04T09:40:23","slug":"insurance","status":"publish","type":"page","link":"https:\/\/ahorn-camp.de\/en\/versicherung\/","title":{"rendered":"Insurance"},"content":{"rendered":"<div class=\"wpb-content-wrapper\"><div class=\"vc_row wpb_row vc_row-fluid\"><div class=\"wpb_column vc_column_container vc_col-sm-12\"><div class=\"vc_column-inner\"><div class=\"wpb_wrapper\"><div class=\"wpforms-container wpforms-container-full\" id=\"wpforms-9656\"><form id=\"wpforms-form-9656\" class=\"wpforms-validate wpforms-form\" data-formid=\"9656\" method=\"post\" enctype=\"multipart\/form-data\" action=\"\/en\/wp-json\/wp\/v2\/pages\/9652\" data-token=\"7581a53bfba4f94a5ea1e35a0bffe071\" data-token-time=\"1776470544\"><noscript class=\"wpforms-error-noscript\">Please enable JavaScript in your browser to complete this form.<\/noscript><div class=\"wpforms-page-indicator progress\" data-indicator=\"progress\" data-indicator-color=\"#72b239\" data-scroll=\"1\"><span class=\"wpforms-page-indicator-page-title\" ><\/span><span class=\"wpforms-page-indicator-page-title-sep\" style=\"display:none;\"> - <\/span><span class=\"wpforms-page-indicator-steps\">Step <span class=\"wpforms-page-indicator-steps-current\">1<\/span> of 2<\/span><div class=\"wpforms-page-indicator-page-progress-wrap\"><div class=\"wpforms-page-indicator-page-progress\" style=\"width:50%;background-color:#72b239\"><\/div><\/div><\/div><div class=\"wpforms-field-container\"><div class=\"wpforms-page wpforms-page-1 \" data-page=\"1\"><div id=\"wpforms-9656-field_30-container\" class=\"wpforms-field wpforms-field-pagebreak\" data-field-id=\"30\"><\/div><div id=\"wpforms-9656-field_0-container\" class=\"wpforms-field wpforms-field-name\" data-field-id=\"0\"><label class=\"wpforms-field-label\">Name <span class=\"wpforms-required-label\">*<\/span><\/label><div class=\"wpforms-field-row wpforms-field-medium\"><div class=\"wpforms-field-row-block wpforms-first wpforms-one-half\"><input type=\"text\" id=\"wpforms-9656-field_0\" class=\"wpforms-field-name-first wpforms-field-required\" name=\"wpforms[fields][0][first]\" required><label for=\"wpforms-9656-field_0\" class=\"wpforms-field-sublabel after\">First<\/label><\/div><div class=\"wpforms-field-row-block wpforms-one-half\"><input type=\"text\" id=\"wpforms-9656-field_0-last\" class=\"wpforms-field-name-last wpforms-field-required\" name=\"wpforms[fields][0][last]\" required><label for=\"wpforms-9656-field_0-last\" class=\"wpforms-field-sublabel after\">Last<\/label><\/div><\/div><\/div><div id=\"wpforms-9656-field_1-container\" class=\"wpforms-field wpforms-field-email\" data-field-id=\"1\"><label class=\"wpforms-field-label\" for=\"wpforms-9656-field_1\">E-Mail <span class=\"wpforms-required-label\">*<\/span><\/label><input type=\"email\" id=\"wpforms-9656-field_1\" class=\"wpforms-field-medium wpforms-field-required\" name=\"wpforms[fields][1]\" spellcheck=\"false\" required><\/div><div id=\"wpforms-9656-field_32-container\" class=\"wpforms-field wpforms-field-phone\" data-field-id=\"32\"><label class=\"wpforms-field-label\" for=\"wpforms-9656-field_32\">Telefon <span class=\"wpforms-required-label\">*<\/span><\/label><input type=\"tel\" id=\"wpforms-9656-field_32\" class=\"wpforms-field-medium wpforms-field-required wpforms-smart-phone-field\" data-rule-smart-phone-field=\"true\" name=\"wpforms[fields][32]\" aria-label=\"Telefon\" required><\/div><div id=\"wpforms-9656-field_35-container\" class=\"wpforms-field wpforms-field-text\" data-field-id=\"35\"><label class=\"wpforms-field-label\" for=\"wpforms-9656-field_35\">Werktags erreichbar bis... <span class=\"wpforms-required-label\">*<\/span><\/label><input type=\"text\" id=\"wpforms-9656-field_35\" class=\"wpforms-field-small wpforms-field-required\" name=\"wpforms[fields][35]\" placeholder=\"Uhrzeit \" required><\/div><div id=\"wpforms-9656-field_22-container\" class=\"wpforms-field wpforms-field-address\" data-field-id=\"22\"><label class=\"wpforms-field-label\">Address <span class=\"wpforms-required-label\">*<\/span><\/label><div class=\"wpforms-field-row wpforms-field-medium\"><div ><input type=\"text\" id=\"wpforms-9656-field_22\" class=\"wpforms-field-address-address1 wpforms-field-required\" name=\"wpforms[fields][22][address1]\" required><label for=\"wpforms-9656-field_22\" class=\"wpforms-field-sublabel after\">Address Line 1<\/label><\/div><\/div><div class=\"wpforms-field-row wpforms-field-medium\"><div class=\"wpforms-field-row-block wpforms-one-half wpforms-first\"><input type=\"text\" id=\"wpforms-9656-field_22-city\" class=\"wpforms-field-address-city wpforms-field-required\" name=\"wpforms[fields][22][city]\" required><label for=\"wpforms-9656-field_22-city\" class=\"wpforms-field-sublabel after\">City<\/label><\/div><div class=\"wpforms-field-row-block wpforms-one-half\"><input type=\"text\" id=\"wpforms-9656-field_22-state\" class=\"wpforms-field-address-state wpforms-field-required\" name=\"wpforms[fields][22][state]\" placeholder=\"Deutschland \" required><label for=\"wpforms-9656-field_22-state\" class=\"wpforms-field-sublabel after\">State \/ Province \/ Region<\/label><\/div><\/div><div class=\"wpforms-field-row wpforms-field-medium\"><div class=\"wpforms-field-row-block wpforms-one-half wpforms-first\"><input type=\"text\" id=\"wpforms-9656-field_22-postal\" class=\"wpforms-field-address-postal wpforms-field-required\" name=\"wpforms[fields][22][postal]\" required><label for=\"wpforms-9656-field_22-postal\" class=\"wpforms-field-sublabel after\">Postal Code<\/label><\/div><\/div><\/div><div id=\"wpforms-9656-field_25-container\" class=\"wpforms-field wpforms-field-text\" data-field-id=\"25\"><label class=\"wpforms-field-label\" for=\"wpforms-9656-field_25\">Geburtsdatum (tt.mm.jjjj) <span class=\"wpforms-required-label\">*<\/span><\/label><input type=\"text\" id=\"wpforms-9656-field_25\" class=\"wpforms-field-medium wpforms-field-required\" name=\"wpforms[fields][25]\" required><\/div><div id=\"wpforms-9656-field_26-container\" class=\"wpforms-field wpforms-field-text\" data-field-id=\"26\"><label class=\"wpforms-field-label\" for=\"wpforms-9656-field_26\">Ihr Ahorn Camp Fahrzeugmodell <span class=\"wpforms-required-label\">*<\/span><\/label><input type=\"text\" id=\"wpforms-9656-field_26\" class=\"wpforms-field-medium wpforms-field-required\" name=\"wpforms[fields][26]\" required><\/div><div id=\"wpforms-9656-field_27-container\" class=\"wpforms-field wpforms-field-text\" data-field-id=\"27\"><label class=\"wpforms-field-label\" for=\"wpforms-9656-field_27\">Neuwert des Fahrzeugs inkl. fest verbundenem Zubeh\u00f6r (Listenpreis ohne Rabatte) <span class=\"wpforms-required-label\">*<\/span><\/label><input type=\"text\" id=\"wpforms-9656-field_27\" class=\"wpforms-field-medium wpforms-field-required\" name=\"wpforms[fields][27]\" required><\/div><div id=\"wpforms-9656-field_29-container\" class=\"wpforms-field wpforms-field-pagebreak\" data-field-id=\"29\"><div class=\"wpforms-clear wpforms-pagebreak-left\"><button class=\"wpforms-page-button wpforms-page-next\" data-action=\"next\" data-page=\"1\" data-formid=\"9656\" disabled>Weiter<\/button><\/div><\/div><\/div><div class=\"wpforms-page wpforms-page-2 last \" data-page=\"2\" style=\"display:none;\"><div id=\"wpforms-9656-field_23-container\" class=\"wpforms-field wpforms-field-radio\" data-field-id=\"23\"><label class=\"wpforms-field-label\">GFK Dach (Glasfaser-Kunststoffdach) oder Kastenwagen. ( (20 % Rabatt auf GFK-D\u00e4cher einschl. Alkoven oder Kastenwagen, gilt auch f\u00fcr Durabed-, Waru- und andere T\u00dcV-Zertifizierte Hagelschutzd\u00e4cher)  <span class=\"wpforms-required-label\">*<\/span><\/label><ul id=\"wpforms-9656-field_23\" class=\"wpforms-field-required\"><li class=\"choice-1 depth-1\"><input type=\"radio\" id=\"wpforms-9656-field_23_1\" name=\"wpforms[fields][23]\" value=\"Ja\" required ><label class=\"wpforms-field-label-inline\" for=\"wpforms-9656-field_23_1\">Ja<\/label><\/li><li class=\"choice-2 depth-1 wpforms-selected\"><input type=\"radio\" id=\"wpforms-9656-field_23_2\" name=\"wpforms[fields][23]\" value=\"Nein \" required  checked='checked'><label class=\"wpforms-field-label-inline\" for=\"wpforms-9656-field_23_2\">Nein<\/label><\/li><\/ul><\/div><div id=\"wpforms-9656-field_10-container\" class=\"wpforms-field wpforms-field-radio\" data-field-id=\"10\"><label class=\"wpforms-field-label\">Tarifart <span class=\"wpforms-required-label\">*<\/span><\/label><ul id=\"wpforms-9656-field_10\" class=\"wpforms-field-required\"><li class=\"choice-1 depth-1 wpforms-selected\"><input type=\"radio\" id=\"wpforms-9656-field_10_1\" name=\"wpforms[fields][10]\" value=\"Normaltarif\" required  checked='checked'><label class=\"wpforms-field-label-inline\" for=\"wpforms-9656-field_10_1\">Normaltarif<\/label><\/li><li class=\"choice-2 depth-1\"><input type=\"radio\" id=\"wpforms-9656-field_10_2\" name=\"wpforms[fields][10]\" value=\"\u00f6ffentl. Dienst \" required ><label class=\"wpforms-field-label-inline\" for=\"wpforms-9656-field_10_2\">\u00f6ffentl. Dienst<\/label><\/li><\/ul><\/div><div id=\"wpforms-9656-field_11-container\" class=\"wpforms-field wpforms-field-radio\" data-field-id=\"11\"><label class=\"wpforms-field-label\">Haftpflicht  <span class=\"wpforms-required-label\">*<\/span><\/label><ul id=\"wpforms-9656-field_11\" class=\"wpforms-field-required\"><li class=\"choice-1 depth-1 wpforms-selected\"><input type=\"radio\" id=\"wpforms-9656-field_11_1\" name=\"wpforms[fields][11]\" value=\"100 Mio. Deckung \" required  checked='checked'><label class=\"wpforms-field-label-inline\" for=\"wpforms-9656-field_11_1\">100 Mio. Deckung<\/label><\/li><\/ul><\/div><div id=\"wpforms-9656-field_12-container\" class=\"wpforms-field wpforms-field-radio\" data-field-id=\"12\"><label class=\"wpforms-field-label\">Versicherungsart <span class=\"wpforms-required-label\">*<\/span><\/label><ul id=\"wpforms-9656-field_12\" class=\"wpforms-field-required\"><li class=\"choice-1 depth-1\"><input type=\"radio\" id=\"wpforms-9656-field_12_1\" name=\"wpforms[fields][12]\" value=\"Vollkasko mit 300 Euro SB einschl. TK 150 Euro SB \" required ><label class=\"wpforms-field-label-inline\" for=\"wpforms-9656-field_12_1\">Vollkasko mit 300 Euro SB einschl. TK 150 Euro SB<\/label><\/li><li class=\"choice-4 depth-1 wpforms-selected\"><input type=\"radio\" id=\"wpforms-9656-field_12_4\" name=\"wpforms[fields][12]\" value=\"Vollkasko mit 500 SB einschl. TK 150 SB\" required  checked='checked'><label class=\"wpforms-field-label-inline\" for=\"wpforms-9656-field_12_4\">Vollkasko mit 500 SB einschl. TK 150 SB<\/label><\/li><li class=\"choice-5 depth-1\"><input type=\"radio\" id=\"wpforms-9656-field_12_5\" name=\"wpforms[fields][12]\" value=\"Vollkasko mit 1000 Euro SB einschl. TK 150 Euro SB\" required ><label class=\"wpforms-field-label-inline\" for=\"wpforms-9656-field_12_5\">Vollkasko mit 1000 Euro SB einschl. TK 150 Euro SB<\/label><\/li><li class=\"choice-6 depth-1\"><input type=\"radio\" id=\"wpforms-9656-field_12_6\" name=\"wpforms[fields][12]\" value=\"Vollkasko mit 150 Euro SB\" required ><label class=\"wpforms-field-label-inline\" for=\"wpforms-9656-field_12_6\">Vollkasko mit 150 Euro SB<\/label><\/li><li class=\"choice-7 depth-1\"><input type=\"radio\" id=\"wpforms-9656-field_12_7\" name=\"wpforms[fields][12]\" value=\"nur Haftpflicht \" required ><label class=\"wpforms-field-label-inline\" for=\"wpforms-9656-field_12_7\">nur Haftpflicht<\/label><\/li><\/ul><\/div><div id=\"wpforms-9656-field_13-container\" class=\"wpforms-field wpforms-field-radio\" data-field-id=\"13\"><label class=\"wpforms-field-label\">Saisonkennzeichen <span class=\"wpforms-required-label\">*<\/span><\/label><ul id=\"wpforms-9656-field_13\" class=\"wpforms-field-required\"><li class=\"choice-1 depth-1\"><input type=\"radio\" id=\"wpforms-9656-field_13_1\" name=\"wpforms[fields][13]\" value=\"Ja\" required ><label class=\"wpforms-field-label-inline\" for=\"wpforms-9656-field_13_1\">Ja<\/label><\/li><li class=\"choice-4 depth-1 wpforms-selected\"><input type=\"radio\" id=\"wpforms-9656-field_13_4\" name=\"wpforms[fields][13]\" value=\"Nein \" required  checked='checked'><label class=\"wpforms-field-label-inline\" for=\"wpforms-9656-field_13_4\">Nein<\/label><\/li><\/ul><\/div><div id=\"wpforms-9656-field_14-container\" class=\"wpforms-field wpforms-field-radio\" data-field-id=\"14\"><label class=\"wpforms-field-label\">M\u00f6chten Sie das Fahrzeug oder den Versicherer wechseln?  <span class=\"wpforms-required-label\">*<\/span><\/label><ul id=\"wpforms-9656-field_14\" class=\"wpforms-field-required\"><li class=\"choice-1 depth-1\"><input type=\"radio\" id=\"wpforms-9656-field_14_1\" name=\"wpforms[fields][14]\" value=\"Ja\" required ><label class=\"wpforms-field-label-inline\" for=\"wpforms-9656-field_14_1\">Ja<\/label><\/li><li class=\"choice-4 depth-1 wpforms-selected\"><input type=\"radio\" id=\"wpforms-9656-field_14_4\" name=\"wpforms[fields][14]\" value=\"Nein \" required  checked='checked'><label class=\"wpforms-field-label-inline\" for=\"wpforms-9656-field_14_4\">Nein<\/label><\/li><\/ul><\/div><div id=\"wpforms-9656-field_20-container\" class=\"wpforms-field wpforms-field-radio\" data-field-id=\"20\"><label class=\"wpforms-field-label\">Zusatzversicherungen (Infos zu den Zusatzversicherungen finden Sie unter dem Antragsformular)  <span class=\"wpforms-required-label\">*<\/span><\/label><ul id=\"wpforms-9656-field_20\" class=\"wpforms-field-required\"><li class=\"choice-1 depth-1\"><input type=\"radio\" id=\"wpforms-9656-field_20_1\" name=\"wpforms[fields][20]\" value=\"Inhaltsversicherung  (f\u00fcr alles was Ihre Hausrat nicht abdeckt)\" required ><label class=\"wpforms-field-label-inline\" for=\"wpforms-9656-field_20_1\">Inhaltsversicherung  (f\u00fcr alles was Ihre Hausrat nicht abdeckt)<\/label><\/li><li class=\"choice-2 depth-1\"><input type=\"radio\" id=\"wpforms-9656-field_20_2\" name=\"wpforms[fields][20]\" value=\"Spezial-Reisemobil-Schutzbrief\" required ><label class=\"wpforms-field-label-inline\" for=\"wpforms-9656-field_20_2\">Spezial-Reisemobil-Schutzbrief<\/label><\/li><li class=\"choice-3 depth-1\"><input type=\"radio\" id=\"wpforms-9656-field_20_3\" name=\"wpforms[fields][20]\" value=\"Fahrerschutz \" required ><label class=\"wpforms-field-label-inline\" for=\"wpforms-9656-field_20_3\">Fahrerschutz<\/label><\/li><li class=\"choice-4 depth-1\"><input type=\"radio\" id=\"wpforms-9656-field_20_4\" name=\"wpforms[fields][20]\" value=\"Keine \" required ><label class=\"wpforms-field-label-inline\" for=\"wpforms-9656-field_20_4\">Keine<\/label><\/li><\/ul><\/div><div id=\"wpforms-9656-field_28-container\" class=\"wpforms-field wpforms-field-radio\" data-field-id=\"28\"><label class=\"wpforms-field-label\">10% Wechselrabatt (f\u00fcr Neueinsteiger und Versichererwechsel)<\/label><ul id=\"wpforms-9656-field_28\"><li class=\"choice-1 depth-1 wpforms-selected\"><input type=\"radio\" id=\"wpforms-9656-field_28_1\" name=\"wpforms[fields][28]\" value=\"10% Wechselrabatt\"   checked='checked'><label class=\"wpforms-field-label-inline\" for=\"wpforms-9656-field_28_1\">10% Wechselrabatt<\/label><\/li><\/ul><\/div><div id=\"wpforms-9656-field_6-container\" class=\"wpforms-field wpforms-field-textarea\" data-field-id=\"6\"><label class=\"wpforms-field-label\" for=\"wpforms-9656-field_6\">Kommentar oder Nachricht<\/label><textarea id=\"wpforms-9656-field_6\" class=\"wpforms-field-small\" name=\"wpforms[fields][6]\" ><\/textarea><\/div><div id=\"wpforms-9656-field_31-container\" class=\"wpforms-field wpforms-field-pagebreak\" data-field-id=\"31\"><div class=\"wpforms-clear wpforms-pagebreak-left\"><\/div><\/div><\/div><\/div><!-- .wpforms-field-container --><div class=\"wpforms-recaptcha-container wpforms-is-recaptcha wpforms-is-recaptcha-type-v3\" style=\"display:none;\"><input type=\"hidden\" name=\"wpforms[recaptcha]\" value=\"\"><\/div><div class=\"wpforms-submit-container\" style=\"display:none;\"><input type=\"hidden\" name=\"wpforms[id]\" value=\"9656\"><input type=\"hidden\" name=\"page_title\" value=\"\"><input type=\"hidden\" name=\"page_url\" value=\"https:\/\/ahorn-camp.de\/en\/wp-json\/wp\/v2\/pages\/9652\"><input type=\"hidden\" name=\"url_referer\" value=\"\"><button type=\"submit\" name=\"wpforms[submit]\" id=\"wpforms-submit-9656\" class=\"wpforms-submit\" data-alt-text=\"Senden...\" data-submit-text=\"Absenden und Angebot anfordern\" aria-live=\"assertive\" value=\"wpforms-submit\">Absenden und Angebot anfordern<\/button><\/div><\/form><\/div>  <!-- .wpforms-container --><\/div><\/div><\/div><\/div>\n<\/div>","protected":false},"excerpt":{"rendered":"Please enable JavaScript in your browser to complete this form. - Step 1 of 2Name *FirstLastE-Mail *Telefon *Werktags erreichbar bis... *Address *Address Line 1CityState \/ Province \/ RegionPostal CodeGeburtsdatum (tt.mm.jjjj) *Ihr Ahorn Camp Fahrzeugmodell *Neuwert des Fahrzeugs inkl. fest verbundenem Zubeh\u00f6r (Listenpreis ohne Rabatte) *WeiterGFK Dach (Glasfaser-Kunststoffdach) oder Kastenwagen. ( (20 % Rabatt auf GFK-D\u00e4cher [...]","protected":false},"author":2,"featured_media":0,"parent":0,"menu_order":56,"comment_status":"closed","ping_status":"closed","template":"","meta":{"content-type":"","footnotes":""},"class_list":["post-9652","page","type-page","status-publish","hentry"],"yoast_head":"<!-- This site is optimized with the Yoast SEO plugin v27.3 - https:\/\/yoast.com\/product\/yoast-seo-wordpress\/ -->\n<title>Versicherung - Ahorn Camp | Reisemobile und Kastenwagen<\/title>\n<meta name=\"description\" content=\"Die Reisemobilversicherung in einer Schritt f\u00fcr Schritt Erkl\u00e4rung von Ahorn Camp. Jetzt hier schlau machen!\" \/>\n<meta name=\"robots\" content=\"index, nofollow, max-snippet:-1, max-image-preview:large, max-video-preview:-1\" \/>\n<link rel=\"canonical\" href=\"https:\/\/ahorn-camp.de\/en\/insurance\/\" \/>\n<meta property=\"og:locale\" content=\"en_US\" \/>\n<meta property=\"og:type\" content=\"article\" \/>\n<meta property=\"og:title\" content=\"Versicherung - Ahorn Camp | Reisemobile und Kastenwagen\" \/>\n<meta property=\"og:description\" content=\"Die Reisemobilversicherung in einer Schritt f\u00fcr Schritt Erkl\u00e4rung von Ahorn Camp. Jetzt hier schlau machen!\" \/>\n<meta property=\"og:url\" content=\"https:\/\/ahorn-camp.de\/en\/insurance\/\" \/>\n<meta property=\"og:site_name\" content=\"Ahorn Camp | Reisemobile und Kastenwagen\" \/>\n<meta property=\"article:publisher\" content=\"https:\/\/www.facebook.com\/ahorn.wohnmobile\/\" \/>\n<meta property=\"article:modified_time\" content=\"2024-04-04T09:40:23+00:00\" \/>\n<meta name=\"twitter:card\" content=\"summary_large_image\" \/>\n<meta name=\"twitter:label1\" content=\"Est. reading time\" \/>\n\t<meta name=\"twitter:data1\" content=\"1 minute\" \/>\n<script type=\"application\/ld+json\" class=\"yoast-schema-graph\">{\"@context\":\"https:\\\/\\\/schema.org\",\"@graph\":[{\"@type\":\"WebPage\",\"@id\":\"https:\\\/\\\/ahorn-camp.de\\\/versicherung\\\/\",\"url\":\"https:\\\/\\\/ahorn-camp.de\\\/versicherung\\\/\",\"name\":\"Versicherung - Ahorn Camp | Reisemobile und Kastenwagen\",\"isPartOf\":{\"@id\":\"https:\\\/\\\/ahorn-camp.de\\\/#website\"},\"datePublished\":\"2020-11-11T13:41:44+00:00\",\"dateModified\":\"2024-04-04T09:40:23+00:00\",\"description\":\"Die Reisemobilversicherung in einer Schritt f\u00fcr Schritt Erkl\u00e4rung von Ahorn Camp. Jetzt hier schlau machen!\",\"breadcrumb\":{\"@id\":\"https:\\\/\\\/ahorn-camp.de\\\/versicherung\\\/#breadcrumb\"},\"inLanguage\":\"en-US\",\"potentialAction\":[{\"@type\":\"ReadAction\",\"target\":[\"https:\\\/\\\/ahorn-camp.de\\\/versicherung\\\/\"]}]},{\"@type\":\"BreadcrumbList\",\"@id\":\"https:\\\/\\\/ahorn-camp.de\\\/versicherung\\\/#breadcrumb\",\"itemListElement\":[{\"@type\":\"ListItem\",\"position\":1,\"name\":\"Startseite\",\"item\":\"https:\\\/\\\/ahorn-camp.de\\\/\"},{\"@type\":\"ListItem\",\"position\":2,\"name\":\"Versicherung\"}]},{\"@type\":\"WebSite\",\"@id\":\"https:\\\/\\\/ahorn-camp.de\\\/#website\",\"url\":\"https:\\\/\\\/ahorn-camp.de\\\/\",\"name\":\"Ahorn Camp | Reisemobile und Kastenwagen\",\"description\":\"Seit \u00fcber 30 Jahren vermarktet das Familienunternehmen, Ahorn Camp in Speyer, erfolgreich Wohnmobile und Kastenwagen zum besten Preis-Leistungsverh\u00e4ltnis.\",\"publisher\":{\"@id\":\"https:\\\/\\\/ahorn-camp.de\\\/#organization\"},\"potentialAction\":[{\"@type\":\"SearchAction\",\"target\":{\"@type\":\"EntryPoint\",\"urlTemplate\":\"https:\\\/\\\/ahorn-camp.de\\\/?s={search_term_string}\"},\"query-input\":{\"@type\":\"PropertyValueSpecification\",\"valueRequired\":true,\"valueName\":\"search_term_string\"}}],\"inLanguage\":\"en-US\"},{\"@type\":\"Organization\",\"@id\":\"https:\\\/\\\/ahorn-camp.de\\\/#organization\",\"name\":\"Ahorn Camp GmbH & Co. KG\",\"url\":\"https:\\\/\\\/ahorn-camp.de\\\/\",\"logo\":{\"@type\":\"ImageObject\",\"inLanguage\":\"en-US\",\"@id\":\"https:\\\/\\\/ahorn-camp.de\\\/#\\\/schema\\\/logo\\\/image\\\/\",\"url\":\"https:\\\/\\\/ahorn-camp.de\\\/wp-content\\\/uploads\\\/2018\\\/12\\\/Ahorn_Logo.jpg\",\"contentUrl\":\"https:\\\/\\\/ahorn-camp.de\\\/wp-content\\\/uploads\\\/2018\\\/12\\\/Ahorn_Logo.jpg\",\"width\":1437,\"height\":1000,\"caption\":\"Ahorn Camp GmbH & Co. KG\"},\"image\":{\"@id\":\"https:\\\/\\\/ahorn-camp.de\\\/#\\\/schema\\\/logo\\\/image\\\/\"},\"sameAs\":[\"https:\\\/\\\/www.facebook.com\\\/ahorn.wohnmobile\\\/\",\"https:\\\/\\\/www.instagram.com\\\/ahorn.camp\\\/\",\"https:\\\/\\\/www.youtube.com\\\/channel\\\/UCPFbPCts1JJ_A1k9vyH0yOQ\"]}]}<\/script>\n<!-- \/ Yoast SEO plugin. -->","yoast_head_json":{"title":"Insurance - Ahorn Camp | Motorhomes and camper vans","description":"Motorhome insurance in a step-by-step explanation from Ahorn Camp. Find out more here!","robots":{"index":"index","follow":"nofollow","max-snippet":"max-snippet:-1","max-image-preview":"max-image-preview:large","max-video-preview":"max-video-preview:-1"},"canonical":"https:\/\/ahorn-camp.de\/en\/insurance\/","og_locale":"en_US","og_type":"article","og_title":"Versicherung - Ahorn Camp | Reisemobile und Kastenwagen","og_description":"Die Reisemobilversicherung in einer Schritt f\u00fcr Schritt Erkl\u00e4rung von Ahorn Camp. Jetzt hier schlau machen!","og_url":"https:\/\/ahorn-camp.de\/en\/insurance\/","og_site_name":"Ahorn Camp | Reisemobile und Kastenwagen","article_publisher":"https:\/\/www.facebook.com\/ahorn.wohnmobile\/","article_modified_time":"2024-04-04T09:40:23+00:00","twitter_card":"summary_large_image","twitter_misc":{"Est. reading time":"1 minute"},"schema":{"@context":"https:\/\/schema.org","@graph":[{"@type":"WebPage","@id":"https:\/\/ahorn-camp.de\/versicherung\/","url":"https:\/\/ahorn-camp.de\/versicherung\/","name":"Insurance - Ahorn Camp | Motorhomes and camper vans","isPartOf":{"@id":"https:\/\/ahorn-camp.de\/#website"},"datePublished":"2020-11-11T13:41:44+00:00","dateModified":"2024-04-04T09:40:23+00:00","description":"Motorhome insurance in a step-by-step explanation from Ahorn Camp. Find out more here!","breadcrumb":{"@id":"https:\/\/ahorn-camp.de\/versicherung\/#breadcrumb"},"inLanguage":"en-US","potentialAction":[{"@type":"ReadAction","target":["https:\/\/ahorn-camp.de\/versicherung\/"]}]},{"@type":"BreadcrumbList","@id":"https:\/\/ahorn-camp.de\/versicherung\/#breadcrumb","itemListElement":[{"@type":"ListItem","position":1,"name":"Startseite","item":"https:\/\/ahorn-camp.de\/"},{"@type":"ListItem","position":2,"name":"Versicherung"}]},{"@type":"WebSite","@id":"https:\/\/ahorn-camp.de\/#website","url":"https:\/\/ahorn-camp.de\/","name":"Ahorn Camp | Motorhomes and camper vans","description":"For over 30 years, the family business, Ahorn Camp in Speyer, has successfully marketed motorhomes and camper vans at the best price-performance ratio.","publisher":{"@id":"https:\/\/ahorn-camp.de\/#organization"},"potentialAction":[{"@type":"SearchAction","target":{"@type":"EntryPoint","urlTemplate":"https:\/\/ahorn-camp.de\/?s={search_term_string}"},"query-input":{"@type":"PropertyValueSpecification","valueRequired":true,"valueName":"search_term_string"}}],"inLanguage":"en-US"},{"@type":"Organization","@id":"https:\/\/ahorn-camp.de\/#organization","name":"Ahorn Camp GmbH &amp; Co. KG","url":"https:\/\/ahorn-camp.de\/","logo":{"@type":"ImageObject","inLanguage":"en-US","@id":"https:\/\/ahorn-camp.de\/#\/schema\/logo\/image\/","url":"https:\/\/ahorn-camp.de\/wp-content\/uploads\/2018\/12\/Ahorn_Logo.jpg","contentUrl":"https:\/\/ahorn-camp.de\/wp-content\/uploads\/2018\/12\/Ahorn_Logo.jpg","width":1437,"height":1000,"caption":"Ahorn Camp GmbH & Co. KG"},"image":{"@id":"https:\/\/ahorn-camp.de\/#\/schema\/logo\/image\/"},"sameAs":["https:\/\/www.facebook.com\/ahorn.wohnmobile\/","https:\/\/www.instagram.com\/ahorn.camp\/","https:\/\/www.youtube.com\/channel\/UCPFbPCts1JJ_A1k9vyH0yOQ"]}]}},"_links":{"self":[{"href":"https:\/\/ahorn-camp.de\/en\/wp-json\/wp\/v2\/pages\/9652","targetHints":{"allow":["GET"]}}],"collection":[{"href":"https:\/\/ahorn-camp.de\/en\/wp-json\/wp\/v2\/pages"}],"about":[{"href":"https:\/\/ahorn-camp.de\/en\/wp-json\/wp\/v2\/types\/page"}],"author":[{"embeddable":true,"href":"https:\/\/ahorn-camp.de\/en\/wp-json\/wp\/v2\/users\/2"}],"replies":[{"embeddable":true,"href":"https:\/\/ahorn-camp.de\/en\/wp-json\/wp\/v2\/comments?post=9652"}],"version-history":[{"count":0,"href":"https:\/\/ahorn-camp.de\/en\/wp-json\/wp\/v2\/pages\/9652\/revisions"}],"wp:attachment":[{"href":"https:\/\/ahorn-camp.de\/en\/wp-json\/wp\/v2\/media?parent=9652"}],"curies":[{"name":"wp","href":"https:\/\/api.w.org\/{rel}","templated":true}]}}